{"id":78867,"date":"2025-10-30T11:30:31","date_gmt":"2025-10-30T14:30:31","guid":{"rendered":"https:\/\/www.gameplayscassi.com.br\/ofertas\/?post_type=product&#038;p=78867"},"modified":"2026-05-11T20:44:43","modified_gmt":"2026-05-11T23:44:43","slug":"arc-raiders","status":"publish","type":"product","link":"https:\/\/www.gameplayscassi.com.br\/ofertas\/produtos\/jogos\/arc-raiders\/","title":{"rendered":"ARC Raiders"},"content":{"rendered":"<div class=\"game_page_autocollapse_ctn expanded\">\n<div id=\"aboutThisGame\" class=\"game_page_autocollapse\" data-panel=\"{&quot;type&quot;:&quot;PanelGroup&quot;}\">\n<div id=\"game_area_description\" class=\"game_area_description\">\n<h2 class=\"bb_tag\">VASCULHE, SOBREVIVA, PROSPERE<\/h2>\n<p class=\"bb_paragraph\">Em ARC Raiders, a experi\u00eancia de jogo alterna entre a superf\u00edcie dominada por m\u00e1quinas letais e a vibrante sociedade subterr\u00e2nea de Speranza. Fabrique, conserte ou aprimore os equipamentos em seguran\u00e7a, na sua pr\u00f3pria oficina, antes de se aventurar na superf\u00edcie, vasculhando os restos de um mundo devastado, mas ainda belo. Jogue solo ou em grupos de at\u00e9 tr\u00eas jogadores, enfrentando a amea\u00e7a constante das m\u00e1quinas da ARC e as decis\u00f5es imprevis\u00edveis de outros sobreviventes. No fim, \u00e9 voc\u00ea quem decide que tipo de Combatente ser\u00e1 e at\u00e9 onde vai para vencer.<\/p>\n<h2 class=\"bb_tag\">EXPLORE UM MUNDO IMERSIVO<\/h2>\n<p class=\"bb_paragraph\">Explore quatro mapas diferentes no lan\u00e7amento, com mais a serem revelados conforme a sociedade subterr\u00e2nea evolui e amplia sua influ\u00eancia. Cada destino carrega o peso de um mundo que foi destru\u00eddo duas vezes e as cicatrizes de conflitos antigos e recentes. Vasculhe os destro\u00e7os em busca de itens valiosos e reconstrua o passado enquanto tudo \u00e9 lentamente tomado pela natureza. Com condi\u00e7\u00f5es de mapa din\u00e2micas, nenhuma incurs\u00e3o ser\u00e1 igual \u00e0 outra: clima, inimigos e mec\u00e2nicas variam a cada partida, adicionando imprevisibilidade e perigo.<\/p>\n<h2 class=\"bb_tag\">CONQUISTE O SEU LUGAR<\/h2>\n<p class=\"bb_paragraph\">Nessa sociedade constru\u00edda sobre ousadia e bravura, cabe a voc\u00ea conquistar seu lugar como Combatente. Os saques encontrados podem ser vendidos por moedas ou transformados em novos equipamentos, permitindo que voc\u00ea enfrente perigos cada vez maiores de frente. Entre vit\u00f3rias e derrotas, voc\u00ea ganhar\u00e1 experi\u00eancia, desbloqueando habilidades variadas que possibilitam novos estilos de jogo. Al\u00e9m disso, voc\u00ea concluir\u00e1 miss\u00f5es para Comerciantes com objetivos e motiva\u00e7\u00f5es pr\u00f3prias, descobrindo tanto as tens\u00f5es quanto a camaradagem de uma comunidade sob constante amea\u00e7a de colapso.<\/p>\n<h2 class=\"bb_tag\">CUIDADO COM AS M\u00c1QUINAS<\/h2>\n<p class=\"bb_paragraph\">M\u00e1quinas letais conhecidas como ARC dominam a superf\u00edcie, desde enxames implac\u00e1veis de drones at\u00e9 gigantes mec\u00e2nicos que destroem tudo pela frente. A origem dessas m\u00e1quinas continua um mist\u00e9rio, mas o perigo constante imposto por elas \u00e9 sentido a cada passo. Cada uma tem pontos fortes e t\u00e1ticas exclusivas, obrigando voc\u00ea a descobrir os pontos fracos e pensar r\u00e1pido a todo momento. Lembre-se: o barulho das batalhas se espalha. Outros Combatentes podem estar ouvindo e prontos para roubar o que voc\u00ea deixou para tr\u00e1s.<\/p>\n<h2 class=\"bb_tag\">TRACE SEU PR\u00d3PRIO CAMINHO<\/h2>\n<p class=\"bb_paragraph\">Os Combatentes sobrevivem improvisando com materiais saqueados, usando tecnologias antigas e pe\u00e7as ARC para fabricar armas, acess\u00f3rios e equipamentos. Aprimore as esta\u00e7\u00f5es da oficina e aprenda esquemas para fabricar itens cada vez mais avan\u00e7ados, ou fa\u00e7a improvisos r\u00e1pidos em campo para sair de enrascadas. \u00c0 medida que seu nome cresce, encare Desafios para medir sua habilidade contra outros Combatentes e suba no placar de l\u00edderes para obter recompensas valiosas.<\/p>\n<h2 class=\"bb_tag\">MISS\u00d5ES<\/h2>\n<p class=\"bb_paragraph\">Em Speranza, todos t\u00eam seus interesses, e os Comerciantes n\u00e3o s\u00e3o diferentes. Eles v\u00e3o enviar voc\u00ea \u00e0 superf\u00edcie para miss\u00f5es em troca de recompensas, revelando aos poucos quem s\u00e3o e o que querem para o futuro do local. Conclua miss\u00f5es para obter equipamentos, materiais de fabrica\u00e7\u00e3o e EXP para evoluir o n\u00edvel do Combatente e desbloquear novos pontos de habilidade.<\/p>\n<h2 class=\"bb_tag\">\u00c1RVORE DE HABILIDADE<\/h2>\n<p class=\"bb_paragraph\">A \u00e1rvore de habilidades de ARC Raiders se divide em tr\u00eas caminhos: Sobreviv\u00eancia, Mobilidade e Condicionamento. Invista pontos para moldar o estilo de jogo. Saqueie mais r\u00e1pido e mova-se de forma mais silenciosa com as habilidades de Sobreviv\u00eancia. Supere os oponentes e deixe amea\u00e7as para tr\u00e1s com Mobilidade. Tamb\u00e9m aumente a for\u00e7a e o vigor com Condicionamento. Determine como progredir e o que seu Combatente coloca em campo.<\/p>\n<h2 class=\"bb_tag\">CONSTRUA SEU ARSENAL<\/h2>\n<p class=\"bb_paragraph\">Vai se preparar para destruir inimigos ARC ou enfrentar outros Combatentes? H\u00e1 armas para todos os tipos de luta. Adapte seu jeito de jogar com armas de fogo variadas, como SMTs, fuzis e escopetas, al\u00e9m de op\u00e7\u00f5es avan\u00e7adas como canh\u00e3o eletromagn\u00e9tico e armas de energia. Granadas, armadilhas, tirolesas e itens utiliz\u00e1veis trazem a profundidade t\u00e1tica para voc\u00ea superar os inimigos, enquanto aperfei\u00e7oamentos permitem personalizar o armamento, liberando espa\u00e7os dedicados no invent\u00e1rio e vantagens extras de jogabilidade.<\/p>\n<\/div>\n<\/div>\n<\/div>\n<div class=\"game_page_autocollapse_ctn\">\n<div class=\"game_page_autocollapse\">\n<div id=\"game_area_content_descriptors\" class=\"game_area_description\"><\/div>\n<\/div>\n<\/div>\n","protected":false},"excerpt":{"rendered":"<p>Confira o menor pre\u00e7o para comprar <strong>ARC Raiders<\/strong> no PC. Selecionamos apenas as nossas lojas digitais de confian\u00e7a para a compara\u00e7\u00e3o de pre\u00e7os. Voc\u00ea pode comprar a chave do jogo na loja em que estiver com a melhor oferta. Ap\u00f3s realizar a compra, voc\u00ea precisa utilizar o cliente indicado pela loja para ativar e baixar o seu jogo.<\/p>\n","protected":false},"featured_media":78869,"template":"","meta":[],"store":[],"product_brand":[],"product_cat":[25],"product_tag":[119,405,1311,1326,404,165,163,1322,1327,124,1323,1324,122,1325,26,31],"class_list":{"0":"post-78867","1":"product","2":"type-product","3":"status-publish","4":"has-post-thumbnail","6":"product_cat-jogos","7":"product_tag-acao","8":"product_tag-compartilhamento-em-familia","9":"product_tag-compat-total-com-controle","10":"product_tag-compras-em-aplicativo","11":"product_tag-conquistas-steam","12":"product_tag-cooperativo","13":"product_tag-cooperativo-on-line","14":"product_tag-embark-studios","15":"product_tag-estatisticas","16":"product_tag-geforce-now","17":"product_tag-jxj","18":"product_tag-jxj-on-line","19":"product_tag-multijogador","20":"product_tag-multijogador-multiplataforma","21":"product_tag-pc","22":"product_tag-steam","24":"first","25":"instock","26":"sale","27":"purchasable","28":"product-type-simple"},"yoast_head":"<!-- This site is optimized with the Yoast SEO plugin v27.2 - https:\/\/yoast.com\/product\/yoast-seo-wordpress\/ -->\n<title>ARC Raiders em promo\u00e7\u00e3o para PC<\/title>\n<meta name=\"description\" content=\"Confira o menor pre\u00e7o para comprar ARC Raiders no PC. Selecionamos apenas as nossas lojas digitais de confian\u00e7a para a compara\u00e7\u00e3o de pre\u00e7os. Voc\u00ea pode comprar a chave do jogo na loja em que estiver com a melhor oferta. Ap\u00f3s realizar a compra, voc\u00ea precisa utilizar o cliente indicado pela loja para ativar e baixar o seu jogo.\" \/>\n<meta name=\"robots\" content=\"index, follow, max-snippet:-1, max-image-preview:large, max-video-preview:-1\" \/>\n<link rel=\"canonical\" href=\"https:\/\/www.gameplayscassi.com.br\/ofertas\/produtos\/jogos\/arc-raiders\/\" \/>\n<meta property=\"og:locale\" content=\"pt_BR\" \/>\n<meta property=\"og:type\" content=\"article\" \/>\n<meta property=\"og:title\" content=\"ARC Raiders em promo\u00e7\u00e3o para PC\" \/>\n<meta property=\"og:description\" content=\"Confira o menor pre\u00e7o para comprar ARC Raiders no PC. Selecionamos apenas as nossas lojas digitais de confian\u00e7a para a compara\u00e7\u00e3o de pre\u00e7os. Voc\u00ea pode comprar a chave do jogo na loja em que estiver com a melhor oferta. Ap\u00f3s realizar a compra, voc\u00ea precisa utilizar o cliente indicado pela loja para ativar e baixar o seu jogo.\" \/>\n<meta property=\"og:url\" content=\"https:\/\/www.gameplayscassi.com.br\/ofertas\/produtos\/jogos\/arc-raiders\/\" \/>\n<meta property=\"og:site_name\" content=\"Gameplayscassi - Ofertas\" \/>\n<meta property=\"article:publisher\" content=\"https:\/\/www.facebook.com\/GamePlaysCassi\/\" \/>\n<meta property=\"article:modified_time\" content=\"2026-05-11T23:44:43+00:00\" \/>\n<meta property=\"og:image\" content=\"https:\/\/www.gameplayscassi.com.br\/ofertas\/wp-content\/uploads\/2025\/10\/ARC-Raiders.jpg\" \/>\n\t<meta property=\"og:image:width\" content=\"1200\" \/>\n\t<meta property=\"og:image:height\" content=\"675\" \/>\n\t<meta property=\"og:image:type\" content=\"image\/jpeg\" \/>\n<meta name=\"twitter:card\" content=\"summary_large_image\" \/>\n<meta name=\"twitter:site\" content=\"@Gameplayscassi\" \/>\n<meta name=\"twitter:label1\" content=\"Est. tempo de leitura\" \/>\n\t<meta name=\"twitter:data1\" content=\"4 minutos\" \/>\n<script type=\"application\/ld+json\" class=\"yoast-schema-graph\">{\"@context\":\"https:\/\/schema.org\",\"@graph\":[{\"@type\":\"WebPage\",\"@id\":\"https:\/\/www.gameplayscassi.com.br\/ofertas\/produtos\/jogos\/arc-raiders\/\",\"url\":\"https:\/\/www.gameplayscassi.com.br\/ofertas\/produtos\/jogos\/arc-raiders\/\",\"name\":\"ARC Raiders em promo\u00e7\u00e3o para PC\",\"isPartOf\":{\"@id\":\"https:\/\/www.gameplayscassi.com.br\/ofertas\/#website\"},\"primaryImageOfPage\":{\"@id\":\"https:\/\/www.gameplayscassi.com.br\/ofertas\/produtos\/jogos\/arc-raiders\/#primaryimage\"},\"image\":{\"@id\":\"https:\/\/www.gameplayscassi.com.br\/ofertas\/produtos\/jogos\/arc-raiders\/#primaryimage\"},\"thumbnailUrl\":\"https:\/\/www.gameplayscassi.com.br\/ofertas\/wp-content\/uploads\/2025\/10\/ARC-Raiders.jpg\",\"datePublished\":\"2025-10-30T14:30:31+00:00\",\"dateModified\":\"2026-05-11T23:44:43+00:00\",\"description\":\"Confira o menor pre\u00e7o para comprar ARC Raiders no PC. Selecionamos apenas as nossas lojas digitais de confian\u00e7a para a compara\u00e7\u00e3o de pre\u00e7os. Voc\u00ea pode comprar a chave do jogo na loja em que estiver com a melhor oferta. Ap\u00f3s realizar a compra, voc\u00ea precisa utilizar o cliente indicado pela loja para ativar e baixar o seu jogo.\",\"breadcrumb\":{\"@id\":\"https:\/\/www.gameplayscassi.com.br\/ofertas\/produtos\/jogos\/arc-raiders\/#breadcrumb\"},\"inLanguage\":\"pt-BR\",\"potentialAction\":[{\"@type\":\"ReadAction\",\"target\":[\"https:\/\/www.gameplayscassi.com.br\/ofertas\/produtos\/jogos\/arc-raiders\/\"]}]},{\"@type\":\"ImageObject\",\"inLanguage\":\"pt-BR\",\"@id\":\"https:\/\/www.gameplayscassi.com.br\/ofertas\/produtos\/jogos\/arc-raiders\/#primaryimage\",\"url\":\"https:\/\/www.gameplayscassi.com.br\/ofertas\/wp-content\/uploads\/2025\/10\/ARC-Raiders.jpg\",\"contentUrl\":\"https:\/\/www.gameplayscassi.com.br\/ofertas\/wp-content\/uploads\/2025\/10\/ARC-Raiders.jpg\",\"width\":1200,\"height\":675},{\"@type\":\"BreadcrumbList\",\"@id\":\"https:\/\/www.gameplayscassi.com.br\/ofertas\/produtos\/jogos\/arc-raiders\/#breadcrumb\",\"itemListElement\":[{\"@type\":\"ListItem\",\"position\":1,\"name\":\"In\u00edcio\",\"item\":\"https:\/\/www.gameplayscassi.com.br\/ofertas\/\"},{\"@type\":\"ListItem\",\"position\":2,\"name\":\"Produtos\",\"item\":\"https:\/\/www.gameplayscassi.com.br\/ofertas\/\"},{\"@type\":\"ListItem\",\"position\":3,\"name\":\"ARC Raiders\"}]},{\"@type\":\"WebSite\",\"@id\":\"https:\/\/www.gameplayscassi.com.br\/ofertas\/#website\",\"url\":\"https:\/\/www.gameplayscassi.com.br\/ofertas\/\",\"name\":\"Gameplayscassi - Ofertas\",\"description\":\"As melhores ofertas para voc\u00ea\",\"publisher\":{\"@id\":\"https:\/\/www.gameplayscassi.com.br\/ofertas\/#organization\"},\"potentialAction\":[{\"@type\":\"SearchAction\",\"target\":{\"@type\":\"EntryPoint\",\"urlTemplate\":\"https:\/\/www.gameplayscassi.com.br\/ofertas\/?s={search_term_string}\"},\"query-input\":{\"@type\":\"PropertyValueSpecification\",\"valueRequired\":true,\"valueName\":\"search_term_string\"}}],\"inLanguage\":\"pt-BR\"},{\"@type\":\"Organization\",\"@id\":\"https:\/\/www.gameplayscassi.com.br\/ofertas\/#organization\",\"name\":\"Gameplayscassi - Ofertas\",\"url\":\"https:\/\/www.gameplayscassi.com.br\/ofertas\/\",\"logo\":{\"@type\":\"ImageObject\",\"inLanguage\":\"pt-BR\",\"@id\":\"https:\/\/www.gameplayscassi.com.br\/ofertas\/#\/schema\/logo\/image\/\",\"url\":\"https:\/\/www.gameplayscassi.com.br\/ofertas\/wp-content\/uploads\/2024\/06\/Gameplayscassi.png\",\"contentUrl\":\"https:\/\/www.gameplayscassi.com.br\/ofertas\/wp-content\/uploads\/2024\/06\/Gameplayscassi.png\",\"width\":544,\"height\":180,\"caption\":\"Gameplayscassi - Ofertas\"},\"image\":{\"@id\":\"https:\/\/www.gameplayscassi.com.br\/ofertas\/#\/schema\/logo\/image\/\"},\"sameAs\":[\"https:\/\/www.facebook.com\/GamePlaysCassi\/\",\"https:\/\/x.com\/Gameplayscassi\",\"https:\/\/www.youtube.com\/gameplayscassi\",\"https:\/\/www.instagram.com\/gameplayscassii\/\",\"https:\/\/store.steampowered.com\/curator\/31464556\/\",\"https:\/\/discord.com\/servers\/gameplayscassi-598567071298617354\"]}]}<\/script>\n<!-- \/ Yoast SEO plugin. -->","yoast_head_json":{"title":"ARC Raiders em promo\u00e7\u00e3o para PC","description":"Confira o menor pre\u00e7o para comprar ARC Raiders no PC. Selecionamos apenas as nossas lojas digitais de confian\u00e7a para a compara\u00e7\u00e3o de pre\u00e7os. Voc\u00ea pode comprar a chave do jogo na loja em que estiver com a melhor oferta. Ap\u00f3s realizar a compra, voc\u00ea precisa utilizar o cliente indicado pela loja para ativar e baixar o seu jogo.","robots":{"index":"index","follow":"follow","max-snippet":"max-snippet:-1","max-image-preview":"max-image-preview:large","max-video-preview":"max-video-preview:-1"},"canonical":"https:\/\/www.gameplayscassi.com.br\/ofertas\/produtos\/jogos\/arc-raiders\/","og_locale":"pt_BR","og_type":"article","og_title":"ARC Raiders em promo\u00e7\u00e3o para PC","og_description":"Confira o menor pre\u00e7o para comprar ARC Raiders no PC. Selecionamos apenas as nossas lojas digitais de confian\u00e7a para a compara\u00e7\u00e3o de pre\u00e7os. Voc\u00ea pode comprar a chave do jogo na loja em que estiver com a melhor oferta. Ap\u00f3s realizar a compra, voc\u00ea precisa utilizar o cliente indicado pela loja para ativar e baixar o seu jogo.","og_url":"https:\/\/www.gameplayscassi.com.br\/ofertas\/produtos\/jogos\/arc-raiders\/","og_site_name":"Gameplayscassi - Ofertas","article_publisher":"https:\/\/www.facebook.com\/GamePlaysCassi\/","article_modified_time":"2026-05-11T23:44:43+00:00","og_image":[{"width":1200,"height":675,"url":"https:\/\/www.gameplayscassi.com.br\/ofertas\/wp-content\/uploads\/2025\/10\/ARC-Raiders.jpg","type":"image\/jpeg"}],"twitter_card":"summary_large_image","twitter_site":"@Gameplayscassi","twitter_misc":{"Est. tempo de leitura":"4 minutos"},"schema":{"@context":"https:\/\/schema.org","@graph":[{"@type":"WebPage","@id":"https:\/\/www.gameplayscassi.com.br\/ofertas\/produtos\/jogos\/arc-raiders\/","url":"https:\/\/www.gameplayscassi.com.br\/ofertas\/produtos\/jogos\/arc-raiders\/","name":"ARC Raiders em promo\u00e7\u00e3o para PC","isPartOf":{"@id":"https:\/\/www.gameplayscassi.com.br\/ofertas\/#website"},"primaryImageOfPage":{"@id":"https:\/\/www.gameplayscassi.com.br\/ofertas\/produtos\/jogos\/arc-raiders\/#primaryimage"},"image":{"@id":"https:\/\/www.gameplayscassi.com.br\/ofertas\/produtos\/jogos\/arc-raiders\/#primaryimage"},"thumbnailUrl":"https:\/\/www.gameplayscassi.com.br\/ofertas\/wp-content\/uploads\/2025\/10\/ARC-Raiders.jpg","datePublished":"2025-10-30T14:30:31+00:00","dateModified":"2026-05-11T23:44:43+00:00","description":"Confira o menor pre\u00e7o para comprar ARC Raiders no PC. Selecionamos apenas as nossas lojas digitais de confian\u00e7a para a compara\u00e7\u00e3o de pre\u00e7os. Voc\u00ea pode comprar a chave do jogo na loja em que estiver com a melhor oferta. Ap\u00f3s realizar a compra, voc\u00ea precisa utilizar o cliente indicado pela loja para ativar e baixar o seu jogo.","breadcrumb":{"@id":"https:\/\/www.gameplayscassi.com.br\/ofertas\/produtos\/jogos\/arc-raiders\/#breadcrumb"},"inLanguage":"pt-BR","potentialAction":[{"@type":"ReadAction","target":["https:\/\/www.gameplayscassi.com.br\/ofertas\/produtos\/jogos\/arc-raiders\/"]}]},{"@type":"ImageObject","inLanguage":"pt-BR","@id":"https:\/\/www.gameplayscassi.com.br\/ofertas\/produtos\/jogos\/arc-raiders\/#primaryimage","url":"https:\/\/www.gameplayscassi.com.br\/ofertas\/wp-content\/uploads\/2025\/10\/ARC-Raiders.jpg","contentUrl":"https:\/\/www.gameplayscassi.com.br\/ofertas\/wp-content\/uploads\/2025\/10\/ARC-Raiders.jpg","width":1200,"height":675},{"@type":"BreadcrumbList","@id":"https:\/\/www.gameplayscassi.com.br\/ofertas\/produtos\/jogos\/arc-raiders\/#breadcrumb","itemListElement":[{"@type":"ListItem","position":1,"name":"In\u00edcio","item":"https:\/\/www.gameplayscassi.com.br\/ofertas\/"},{"@type":"ListItem","position":2,"name":"Produtos","item":"https:\/\/www.gameplayscassi.com.br\/ofertas\/"},{"@type":"ListItem","position":3,"name":"ARC Raiders"}]},{"@type":"WebSite","@id":"https:\/\/www.gameplayscassi.com.br\/ofertas\/#website","url":"https:\/\/www.gameplayscassi.com.br\/ofertas\/","name":"Gameplayscassi - Ofertas","description":"As melhores ofertas para voc\u00ea","publisher":{"@id":"https:\/\/www.gameplayscassi.com.br\/ofertas\/#organization"},"potentialAction":[{"@type":"SearchAction","target":{"@type":"EntryPoint","urlTemplate":"https:\/\/www.gameplayscassi.com.br\/ofertas\/?s={search_term_string}"},"query-input":{"@type":"PropertyValueSpecification","valueRequired":true,"valueName":"search_term_string"}}],"inLanguage":"pt-BR"},{"@type":"Organization","@id":"https:\/\/www.gameplayscassi.com.br\/ofertas\/#organization","name":"Gameplayscassi - Ofertas","url":"https:\/\/www.gameplayscassi.com.br\/ofertas\/","logo":{"@type":"ImageObject","inLanguage":"pt-BR","@id":"https:\/\/www.gameplayscassi.com.br\/ofertas\/#\/schema\/logo\/image\/","url":"https:\/\/www.gameplayscassi.com.br\/ofertas\/wp-content\/uploads\/2024\/06\/Gameplayscassi.png","contentUrl":"https:\/\/www.gameplayscassi.com.br\/ofertas\/wp-content\/uploads\/2024\/06\/Gameplayscassi.png","width":544,"height":180,"caption":"Gameplayscassi - Ofertas"},"image":{"@id":"https:\/\/www.gameplayscassi.com.br\/ofertas\/#\/schema\/logo\/image\/"},"sameAs":["https:\/\/www.facebook.com\/GamePlaysCassi\/","https:\/\/x.com\/Gameplayscassi","https:\/\/www.youtube.com\/gameplayscassi","https:\/\/www.instagram.com\/gameplayscassii\/","https:\/\/store.steampowered.com\/curator\/31464556\/","https:\/\/discord.com\/servers\/gameplayscassi-598567071298617354"]}]}},"jetpack_sharing_enabled":true,"_links":{"self":[{"href":"https:\/\/www.gameplayscassi.com.br\/ofertas\/wp-json\/wp\/v2\/product\/78867","targetHints":{"allow":["GET"]}}],"collection":[{"href":"https:\/\/www.gameplayscassi.com.br\/ofertas\/wp-json\/wp\/v2\/product"}],"about":[{"href":"https:\/\/www.gameplayscassi.com.br\/ofertas\/wp-json\/wp\/v2\/types\/product"}],"version-history":[{"count":0,"href":"https:\/\/www.gameplayscassi.com.br\/ofertas\/wp-json\/wp\/v2\/product\/78867\/revisions"}],"wp:featuredmedia":[{"embeddable":true,"href":"https:\/\/www.gameplayscassi.com.br\/ofertas\/wp-json\/wp\/v2\/media\/78869"}],"wp:attachment":[{"href":"https:\/\/www.gameplayscassi.com.br\/ofertas\/wp-json\/wp\/v2\/media?parent=78867"}],"wp:term":[{"taxonomy":"store","embeddable":true,"href":"https:\/\/www.gameplayscassi.com.br\/ofertas\/wp-json\/wp\/v2\/store?post=78867"},{"taxonomy":"product_brand","embeddable":true,"href":"https:\/\/www.gameplayscassi.com.br\/ofertas\/wp-json\/wp\/v2\/product_brand?post=78867"},{"taxonomy":"product_cat","embeddable":true,"href":"https:\/\/www.gameplayscassi.com.br\/ofertas\/wp-json\/wp\/v2\/product_cat?post=78867"},{"taxonomy":"product_tag","embeddable":true,"href":"https:\/\/www.gameplayscassi.com.br\/ofertas\/wp-json\/wp\/v2\/product_tag?post=78867"}],"curies":[{"name":"wp","href":"https:\/\/api.w.org\/{rel}","templated":true}]}}