{"id":77822,"date":"2025-10-07T20:38:16","date_gmt":"2025-10-07T23:38:16","guid":{"rendered":"https:\/\/www.gameplayscassi.com.br\/ofertas\/?post_type=product&#038;p=77822"},"modified":"2026-04-24T16:04:28","modified_gmt":"2026-04-24T19:04:28","slug":"sonic-racing-crossworlds","status":"publish","type":"product","link":"https:\/\/www.gameplayscassi.com.br\/ofertas\/produtos\/jogos\/sonic-racing-crossworlds\/","title":{"rendered":"Sonic Racing: CrossWorlds"},"content":{"rendered":"<div class=\"bb_img_icons\">\n<div class=\"bb_img_play_pause playing\" role=\"button\" data-panel=\"{&quot;focusable&quot;:true,&quot;clickOnActivate&quot;:true}\" data-tooltip=\"O seu navegador tem uma configura\u00e7\u00e3o ativada para reduzir o movimento na tela, ent\u00e3o essa imagem animada \u00e9 pausada por padr\u00e3o.\" data-tooltip-visible=\"false\">Percorra terra, mar, c\u00e9u e espa\u00e7o em Sonic Racing: CrossWorlds! Teletransporte-se pelos Rings de Travessia para ir a outras dimens\u00f5es, cheias de surpresas.<\/div>\n<\/div>\n<p>Jogue solo ou em equipe e encare outros jogadores. Construa o melhor ve\u00edculo para o seu estilo, desbloqueie dispositivos para sair na frente e abuse dos itens Especiais!<\/p>\n<p><span class=\"bb_img_ctn\"><video class=\"bb_img\" poster=\"https:\/\/shared.akamai.steamstatic.com\/store_item_assets\/steam\/apps\/2486820\/extras\/973b737120f8e312f94f6803a3949ac2.poster.avif?t=1759968153\" autoplay=\"autoplay\" loop=\"loop\" muted=\"\" width=\"600\" height=\"172\" data-mce-fragment=\"1\"><\/video><\/span><\/p>\n<div class=\"bb_img_icons\">\n<div class=\"bb_img_play_pause playing\" role=\"button\" data-panel=\"{&quot;focusable&quot;:true,&quot;clickOnActivate&quot;:true}\" data-tooltip=\"O seu navegador tem uma configura\u00e7\u00e3o ativada para reduzir o movimento na tela, ent\u00e3o essa imagem animada \u00e9 pausada por padr\u00e3o.\" data-tooltip-visible=\"false\"><\/div>\n<\/div>\n<p><strong>Preparar, engatar, teletransportar!<\/strong><br \/>\nAcelere por 24 pistas e teletransporte-se para 15 CrossWorlds com os Rings de Travessia, uma mec\u00e2nica sem igual que transporta os personagens dos universos Sonic e SEGA para novas dimens\u00f5es. Tire vantagem da imprevisibilidade para mudar o cen\u00e1rio da corrida!<\/p>\n<p><span class=\"bb_img_ctn\"><video class=\"bb_img\" poster=\"https:\/\/shared.akamai.steamstatic.com\/store_item_assets\/steam\/apps\/2486820\/extras\/c3992f1bbe60f8d405ba7fca2c2fe011.poster.avif?t=1759968153\" autoplay=\"autoplay\" loop=\"loop\" muted=\"\" width=\"600\" height=\"172\" data-mce-fragment=\"1\"><\/video><\/span><\/p>\n<div class=\"bb_img_icons\">\n<div class=\"bb_img_play_pause playing\" role=\"button\" data-panel=\"{&quot;focusable&quot;:true,&quot;clickOnActivate&quot;:true}\" data-tooltip=\"O seu navegador tem uma configura\u00e7\u00e3o ativada para reduzir o movimento na tela, ent\u00e3o essa imagem animada \u00e9 pausada por padr\u00e3o.\" data-tooltip-visible=\"false\"><\/div>\n<\/div>\n<p><strong>Dispute com os melhores!<\/strong><br \/>\nCom 23 personagens emblem\u00e1ticos para escolher, este \u00e9 o maior elenco de qualquer jogo de corrida do Sonic!<\/p>\n<p><span class=\"bb_img_ctn\"><video class=\"bb_img\" poster=\"https:\/\/shared.akamai.steamstatic.com\/store_item_assets\/steam\/apps\/2486820\/extras\/d8a878ca74a5ac69dbc88652049ac066.poster.avif?t=1759968153\" autoplay=\"autoplay\" loop=\"loop\" muted=\"\" width=\"600\" height=\"172\" data-mce-fragment=\"1\"><\/video><\/span><\/p>\n<div class=\"bb_img_icons\">\n<div class=\"bb_img_play_pause playing\" role=\"button\" data-panel=\"{&quot;focusable&quot;:true,&quot;clickOnActivate&quot;:true}\" data-tooltip=\"O seu navegador tem uma configura\u00e7\u00e3o ativada para reduzir o movimento na tela, ent\u00e3o essa imagem animada \u00e9 pausada por padr\u00e3o.\" data-tooltip-visible=\"false\"><\/div>\n<\/div>\n<p><strong>Deixe a sua marca<\/strong><br \/>\nCombine 45 ve\u00edculos originais \u00fanicos com 70 dispositivos diferentes para customizar seu carro, subir o n\u00edvel do seu kart e criar a m\u00e1quina definitiva para seu estilo de corrida.<\/p>\n<p><span class=\"bb_img_ctn\"><video class=\"bb_img\" poster=\"https:\/\/shared.akamai.steamstatic.com\/store_item_assets\/steam\/apps\/2486820\/extras\/632c8452db501982699fb4c9bc7d5eac.poster.avif?t=1759968153\" autoplay=\"autoplay\" loop=\"loop\" muted=\"\" width=\"600\" height=\"172\" data-mce-fragment=\"1\"><\/video><\/span><\/p>\n<div class=\"bb_img_icons\">\n<div class=\"bb_img_play_pause playing\" role=\"button\" data-panel=\"{&quot;focusable&quot;:true,&quot;clickOnActivate&quot;:true}\" data-tooltip=\"O seu navegador tem uma configura\u00e7\u00e3o ativada para reduzir o movimento na tela, ent\u00e3o essa imagem animada \u00e9 pausada por padr\u00e3o.\" data-tooltip-visible=\"false\"><\/div>\n<\/div>\n<p><strong>Ganhe a vantagem com itens cheios de Pot\u00eancia!<\/strong><br \/>\nDomine os rivais com 23 itens diferentes, incluindo antigos favoritos e outros in\u00e9ditos, como o Caminh\u00e3o Monstro!<\/p>\n<p><span class=\"bb_img_ctn\"><video class=\"bb_img\" poster=\"https:\/\/shared.akamai.steamstatic.com\/store_item_assets\/steam\/apps\/2486820\/extras\/edbd8bd28d95d97a0ddd80e79af5fbff.poster.avif?t=1759968153\" autoplay=\"autoplay\" loop=\"loop\" muted=\"\" width=\"600\" height=\"172\" data-mce-fragment=\"1\"><\/video><\/span><\/p>\n<div class=\"bb_img_icons\">\n<div class=\"bb_img_play_pause playing\" role=\"button\" data-panel=\"{&quot;focusable&quot;:true,&quot;clickOnActivate&quot;:true}\" data-tooltip=\"O seu navegador tem uma configura\u00e7\u00e3o ativada para reduzir o movimento na tela, ent\u00e3o essa imagem animada \u00e9 pausada por padr\u00e3o.\" data-tooltip-visible=\"false\"><\/div>\n<\/div>\n<p><strong>Diversas maneiras de jogar<\/strong><br \/>\nRe\u00fana-se com os amigos para jogar localmente e com tela dividida no Grand Prix e no novo modo Parque de Corrida, desafie jogadores do mundo inteiro no Partida Mundial, com at\u00e9 12 pessoas online, ou teste suas habilidades de corrida nas Provas de Tempo.<\/p>\n","protected":false},"excerpt":{"rendered":"<p>Confira o menor pre\u00e7o para comprar <strong>Sonic Racing: CrossWorlds<\/strong> no PC. Selecionamos apenas as nossas lojas digitais de confian\u00e7a para a compara\u00e7\u00e3o de pre\u00e7os. Voc\u00ea pode comprar a chave do jogo na loja em que estiver com a melhor oferta. Ap\u00f3s realizar a compra, voc\u00ea precisa utilizar o cliente indicado pela loja para ativar e baixar o seu jogo.<\/p>\n","protected":false},"featured_media":77903,"template":"","meta":[],"store":[],"product_brand":[],"product_cat":[25],"product_tag":[119,179,125,1188,403,405,404,165,716,1012,122,222,406,229,26,1238,1239,31,191,147],"class_list":{"0":"post-77822","1":"product","2":"type-product","3":"status-publish","4":"has-post-thumbnail","6":"product_cat-jogos","7":"product_tag-acao","8":"product_tag-acao-aventura","9":"product_tag-aventura","10":"product_tag-boosteroid","11":"product_tag-cartas-colecionaveis-steam","12":"product_tag-compartilhamento-em-familia","13":"product_tag-conquistas-steam","14":"product_tag-cooperativo","15":"product_tag-corrida","16":"product_tag-corrida-com-combate","17":"product_tag-multijogador","18":"product_tag-multijogador-local","19":"product_tag-nuvem-steam","20":"product_tag-para-toda-a-familia","21":"product_tag-pc","22":"product_tag-sega","23":"product_tag-sonic-team","24":"product_tag-steam","25":"product_tag-steam-deck","26":"product_tag-um-jogador","28":"first","29":"instock","30":"sale","31":"purchasable","32":"product-type-simple"},"yoast_head":"<!-- This site is optimized with the Yoast SEO plugin v27.2 - https:\/\/yoast.com\/product\/yoast-seo-wordpress\/ -->\n<title>Sonic Racing: CrossWorlds em promo\u00e7\u00e3o para PC<\/title>\n<meta name=\"description\" content=\"Confira o menor pre\u00e7o para comprar Sonic Racing: CrossWorlds no PC. Selecionamos apenas as nossas lojas digitais de confian\u00e7a para a compara\u00e7\u00e3o de pre\u00e7os. Voc\u00ea pode comprar a chave do jogo na loja em que estiver com a melhor oferta. Ap\u00f3s realizar a compra, voc\u00ea precisa utilizar o cliente indicado pela loja para ativar e baixar o seu jogo.\" \/>\n<meta name=\"robots\" content=\"index, follow, max-snippet:-1, max-image-preview:large, max-video-preview:-1\" \/>\n<link rel=\"canonical\" href=\"https:\/\/www.gameplayscassi.com.br\/ofertas\/produtos\/jogos\/sonic-racing-crossworlds\/\" \/>\n<meta property=\"og:locale\" content=\"pt_BR\" \/>\n<meta property=\"og:type\" content=\"article\" \/>\n<meta property=\"og:title\" content=\"Sonic Racing: CrossWorlds em promo\u00e7\u00e3o para PC\" \/>\n<meta property=\"og:description\" content=\"Confira o menor pre\u00e7o para comprar Sonic Racing: CrossWorlds no PC. Selecionamos apenas as nossas lojas digitais de confian\u00e7a para a compara\u00e7\u00e3o de pre\u00e7os. Voc\u00ea pode comprar a chave do jogo na loja em que estiver com a melhor oferta. Ap\u00f3s realizar a compra, voc\u00ea precisa utilizar o cliente indicado pela loja para ativar e baixar o seu jogo.\" \/>\n<meta property=\"og:url\" content=\"https:\/\/www.gameplayscassi.com.br\/ofertas\/produtos\/jogos\/sonic-racing-crossworlds\/\" \/>\n<meta property=\"og:site_name\" content=\"Gameplayscassi - Ofertas\" \/>\n<meta property=\"article:publisher\" content=\"https:\/\/www.facebook.com\/GamePlaysCassi\/\" \/>\n<meta property=\"article:modified_time\" content=\"2026-04-24T19:04:28+00:00\" \/>\n<meta property=\"og:image\" content=\"https:\/\/www.gameplayscassi.com.br\/ofertas\/wp-content\/uploads\/2025\/10\/Sonic-Racing-CrossWorlds.jpg\" \/>\n\t<meta property=\"og:image:width\" content=\"1600\" \/>\n\t<meta property=\"og:image:height\" content=\"740\" \/>\n\t<meta property=\"og:image:type\" content=\"image\/jpeg\" \/>\n<meta name=\"twitter:card\" content=\"summary_large_image\" \/>\n<meta name=\"twitter:site\" content=\"@Gameplayscassi\" \/>\n<meta name=\"twitter:label1\" content=\"Est. tempo de leitura\" \/>\n\t<meta name=\"twitter:data1\" content=\"2 minutos\" \/>\n<script type=\"application\/ld+json\" class=\"yoast-schema-graph\">{\"@context\":\"https:\/\/schema.org\",\"@graph\":[{\"@type\":\"WebPage\",\"@id\":\"https:\/\/www.gameplayscassi.com.br\/ofertas\/produtos\/jogos\/sonic-racing-crossworlds\/\",\"url\":\"https:\/\/www.gameplayscassi.com.br\/ofertas\/produtos\/jogos\/sonic-racing-crossworlds\/\",\"name\":\"Sonic Racing: CrossWorlds em promo\u00e7\u00e3o para PC\",\"isPartOf\":{\"@id\":\"https:\/\/www.gameplayscassi.com.br\/ofertas\/#website\"},\"primaryImageOfPage\":{\"@id\":\"https:\/\/www.gameplayscassi.com.br\/ofertas\/produtos\/jogos\/sonic-racing-crossworlds\/#primaryimage\"},\"image\":{\"@id\":\"https:\/\/www.gameplayscassi.com.br\/ofertas\/produtos\/jogos\/sonic-racing-crossworlds\/#primaryimage\"},\"thumbnailUrl\":\"https:\/\/www.gameplayscassi.com.br\/ofertas\/wp-content\/uploads\/2025\/10\/Sonic-Racing-CrossWorlds.jpg\",\"datePublished\":\"2025-10-07T23:38:16+00:00\",\"dateModified\":\"2026-04-24T19:04:28+00:00\",\"description\":\"Confira o menor pre\u00e7o para comprar Sonic Racing: CrossWorlds no PC. Selecionamos apenas as nossas lojas digitais de confian\u00e7a para a compara\u00e7\u00e3o de pre\u00e7os. Voc\u00ea pode comprar a chave do jogo na loja em que estiver com a melhor oferta. Ap\u00f3s realizar a compra, voc\u00ea precisa utilizar o cliente indicado pela loja para ativar e baixar o seu jogo.\",\"breadcrumb\":{\"@id\":\"https:\/\/www.gameplayscassi.com.br\/ofertas\/produtos\/jogos\/sonic-racing-crossworlds\/#breadcrumb\"},\"inLanguage\":\"pt-BR\",\"potentialAction\":[{\"@type\":\"ReadAction\",\"target\":[\"https:\/\/www.gameplayscassi.com.br\/ofertas\/produtos\/jogos\/sonic-racing-crossworlds\/\"]}]},{\"@type\":\"ImageObject\",\"inLanguage\":\"pt-BR\",\"@id\":\"https:\/\/www.gameplayscassi.com.br\/ofertas\/produtos\/jogos\/sonic-racing-crossworlds\/#primaryimage\",\"url\":\"https:\/\/www.gameplayscassi.com.br\/ofertas\/wp-content\/uploads\/2025\/10\/Sonic-Racing-CrossWorlds.jpg\",\"contentUrl\":\"https:\/\/www.gameplayscassi.com.br\/ofertas\/wp-content\/uploads\/2025\/10\/Sonic-Racing-CrossWorlds.jpg\",\"width\":1600,\"height\":740},{\"@type\":\"BreadcrumbList\",\"@id\":\"https:\/\/www.gameplayscassi.com.br\/ofertas\/produtos\/jogos\/sonic-racing-crossworlds\/#breadcrumb\",\"itemListElement\":[{\"@type\":\"ListItem\",\"position\":1,\"name\":\"In\u00edcio\",\"item\":\"https:\/\/www.gameplayscassi.com.br\/ofertas\/\"},{\"@type\":\"ListItem\",\"position\":2,\"name\":\"Produtos\",\"item\":\"https:\/\/www.gameplayscassi.com.br\/ofertas\/\"},{\"@type\":\"ListItem\",\"position\":3,\"name\":\"Sonic Racing: CrossWorlds\"}]},{\"@type\":\"WebSite\",\"@id\":\"https:\/\/www.gameplayscassi.com.br\/ofertas\/#website\",\"url\":\"https:\/\/www.gameplayscassi.com.br\/ofertas\/\",\"name\":\"Gameplayscassi - Ofertas\",\"description\":\"As melhores ofertas para voc\u00ea\",\"publisher\":{\"@id\":\"https:\/\/www.gameplayscassi.com.br\/ofertas\/#organization\"},\"potentialAction\":[{\"@type\":\"SearchAction\",\"target\":{\"@type\":\"EntryPoint\",\"urlTemplate\":\"https:\/\/www.gameplayscassi.com.br\/ofertas\/?s={search_term_string}\"},\"query-input\":{\"@type\":\"PropertyValueSpecification\",\"valueRequired\":true,\"valueName\":\"search_term_string\"}}],\"inLanguage\":\"pt-BR\"},{\"@type\":\"Organization\",\"@id\":\"https:\/\/www.gameplayscassi.com.br\/ofertas\/#organization\",\"name\":\"Gameplayscassi - Ofertas\",\"url\":\"https:\/\/www.gameplayscassi.com.br\/ofertas\/\",\"logo\":{\"@type\":\"ImageObject\",\"inLanguage\":\"pt-BR\",\"@id\":\"https:\/\/www.gameplayscassi.com.br\/ofertas\/#\/schema\/logo\/image\/\",\"url\":\"https:\/\/www.gameplayscassi.com.br\/ofertas\/wp-content\/uploads\/2024\/06\/Gameplayscassi.png\",\"contentUrl\":\"https:\/\/www.gameplayscassi.com.br\/ofertas\/wp-content\/uploads\/2024\/06\/Gameplayscassi.png\",\"width\":544,\"height\":180,\"caption\":\"Gameplayscassi - Ofertas\"},\"image\":{\"@id\":\"https:\/\/www.gameplayscassi.com.br\/ofertas\/#\/schema\/logo\/image\/\"},\"sameAs\":[\"https:\/\/www.facebook.com\/GamePlaysCassi\/\",\"https:\/\/x.com\/Gameplayscassi\",\"https:\/\/www.youtube.com\/gameplayscassi\",\"https:\/\/www.instagram.com\/gameplayscassii\/\",\"https:\/\/store.steampowered.com\/curator\/31464556\/\",\"https:\/\/discord.com\/servers\/gameplayscassi-598567071298617354\"]}]}<\/script>\n<!-- \/ Yoast SEO plugin. -->","yoast_head_json":{"title":"Sonic Racing: CrossWorlds em promo\u00e7\u00e3o para PC","description":"Confira o menor pre\u00e7o para comprar Sonic Racing: CrossWorlds no PC. Selecionamos apenas as nossas lojas digitais de confian\u00e7a para a compara\u00e7\u00e3o de pre\u00e7os. Voc\u00ea pode comprar a chave do jogo na loja em que estiver com a melhor oferta. Ap\u00f3s realizar a compra, voc\u00ea precisa utilizar o cliente indicado pela loja para ativar e baixar o seu jogo.","robots":{"index":"index","follow":"follow","max-snippet":"max-snippet:-1","max-image-preview":"max-image-preview:large","max-video-preview":"max-video-preview:-1"},"canonical":"https:\/\/www.gameplayscassi.com.br\/ofertas\/produtos\/jogos\/sonic-racing-crossworlds\/","og_locale":"pt_BR","og_type":"article","og_title":"Sonic Racing: CrossWorlds em promo\u00e7\u00e3o para PC","og_description":"Confira o menor pre\u00e7o para comprar Sonic Racing: CrossWorlds no PC. Selecionamos apenas as nossas lojas digitais de confian\u00e7a para a compara\u00e7\u00e3o de pre\u00e7os. Voc\u00ea pode comprar a chave do jogo na loja em que estiver com a melhor oferta. Ap\u00f3s realizar a compra, voc\u00ea precisa utilizar o cliente indicado pela loja para ativar e baixar o seu jogo.","og_url":"https:\/\/www.gameplayscassi.com.br\/ofertas\/produtos\/jogos\/sonic-racing-crossworlds\/","og_site_name":"Gameplayscassi - Ofertas","article_publisher":"https:\/\/www.facebook.com\/GamePlaysCassi\/","article_modified_time":"2026-04-24T19:04:28+00:00","og_image":[{"width":1600,"height":740,"url":"https:\/\/www.gameplayscassi.com.br\/ofertas\/wp-content\/uploads\/2025\/10\/Sonic-Racing-CrossWorlds.jpg","type":"image\/jpeg"}],"twitter_card":"summary_large_image","twitter_site":"@Gameplayscassi","twitter_misc":{"Est. tempo de leitura":"2 minutos"},"schema":{"@context":"https:\/\/schema.org","@graph":[{"@type":"WebPage","@id":"https:\/\/www.gameplayscassi.com.br\/ofertas\/produtos\/jogos\/sonic-racing-crossworlds\/","url":"https:\/\/www.gameplayscassi.com.br\/ofertas\/produtos\/jogos\/sonic-racing-crossworlds\/","name":"Sonic Racing: CrossWorlds em promo\u00e7\u00e3o para PC","isPartOf":{"@id":"https:\/\/www.gameplayscassi.com.br\/ofertas\/#website"},"primaryImageOfPage":{"@id":"https:\/\/www.gameplayscassi.com.br\/ofertas\/produtos\/jogos\/sonic-racing-crossworlds\/#primaryimage"},"image":{"@id":"https:\/\/www.gameplayscassi.com.br\/ofertas\/produtos\/jogos\/sonic-racing-crossworlds\/#primaryimage"},"thumbnailUrl":"https:\/\/www.gameplayscassi.com.br\/ofertas\/wp-content\/uploads\/2025\/10\/Sonic-Racing-CrossWorlds.jpg","datePublished":"2025-10-07T23:38:16+00:00","dateModified":"2026-04-24T19:04:28+00:00","description":"Confira o menor pre\u00e7o para comprar Sonic Racing: CrossWorlds no PC. Selecionamos apenas as nossas lojas digitais de confian\u00e7a para a compara\u00e7\u00e3o de pre\u00e7os. Voc\u00ea pode comprar a chave do jogo na loja em que estiver com a melhor oferta. Ap\u00f3s realizar a compra, voc\u00ea precisa utilizar o cliente indicado pela loja para ativar e baixar o seu jogo.","breadcrumb":{"@id":"https:\/\/www.gameplayscassi.com.br\/ofertas\/produtos\/jogos\/sonic-racing-crossworlds\/#breadcrumb"},"inLanguage":"pt-BR","potentialAction":[{"@type":"ReadAction","target":["https:\/\/www.gameplayscassi.com.br\/ofertas\/produtos\/jogos\/sonic-racing-crossworlds\/"]}]},{"@type":"ImageObject","inLanguage":"pt-BR","@id":"https:\/\/www.gameplayscassi.com.br\/ofertas\/produtos\/jogos\/sonic-racing-crossworlds\/#primaryimage","url":"https:\/\/www.gameplayscassi.com.br\/ofertas\/wp-content\/uploads\/2025\/10\/Sonic-Racing-CrossWorlds.jpg","contentUrl":"https:\/\/www.gameplayscassi.com.br\/ofertas\/wp-content\/uploads\/2025\/10\/Sonic-Racing-CrossWorlds.jpg","width":1600,"height":740},{"@type":"BreadcrumbList","@id":"https:\/\/www.gameplayscassi.com.br\/ofertas\/produtos\/jogos\/sonic-racing-crossworlds\/#breadcrumb","itemListElement":[{"@type":"ListItem","position":1,"name":"In\u00edcio","item":"https:\/\/www.gameplayscassi.com.br\/ofertas\/"},{"@type":"ListItem","position":2,"name":"Produtos","item":"https:\/\/www.gameplayscassi.com.br\/ofertas\/"},{"@type":"ListItem","position":3,"name":"Sonic Racing: CrossWorlds"}]},{"@type":"WebSite","@id":"https:\/\/www.gameplayscassi.com.br\/ofertas\/#website","url":"https:\/\/www.gameplayscassi.com.br\/ofertas\/","name":"Gameplayscassi - Ofertas","description":"As melhores ofertas para voc\u00ea","publisher":{"@id":"https:\/\/www.gameplayscassi.com.br\/ofertas\/#organization"},"potentialAction":[{"@type":"SearchAction","target":{"@type":"EntryPoint","urlTemplate":"https:\/\/www.gameplayscassi.com.br\/ofertas\/?s={search_term_string}"},"query-input":{"@type":"PropertyValueSpecification","valueRequired":true,"valueName":"search_term_string"}}],"inLanguage":"pt-BR"},{"@type":"Organization","@id":"https:\/\/www.gameplayscassi.com.br\/ofertas\/#organization","name":"Gameplayscassi - Ofertas","url":"https:\/\/www.gameplayscassi.com.br\/ofertas\/","logo":{"@type":"ImageObject","inLanguage":"pt-BR","@id":"https:\/\/www.gameplayscassi.com.br\/ofertas\/#\/schema\/logo\/image\/","url":"https:\/\/www.gameplayscassi.com.br\/ofertas\/wp-content\/uploads\/2024\/06\/Gameplayscassi.png","contentUrl":"https:\/\/www.gameplayscassi.com.br\/ofertas\/wp-content\/uploads\/2024\/06\/Gameplayscassi.png","width":544,"height":180,"caption":"Gameplayscassi - Ofertas"},"image":{"@id":"https:\/\/www.gameplayscassi.com.br\/ofertas\/#\/schema\/logo\/image\/"},"sameAs":["https:\/\/www.facebook.com\/GamePlaysCassi\/","https:\/\/x.com\/Gameplayscassi","https:\/\/www.youtube.com\/gameplayscassi","https:\/\/www.instagram.com\/gameplayscassii\/","https:\/\/store.steampowered.com\/curator\/31464556\/","https:\/\/discord.com\/servers\/gameplayscassi-598567071298617354"]}]}},"jetpack_sharing_enabled":true,"_links":{"self":[{"href":"https:\/\/www.gameplayscassi.com.br\/ofertas\/wp-json\/wp\/v2\/product\/77822","targetHints":{"allow":["GET"]}}],"collection":[{"href":"https:\/\/www.gameplayscassi.com.br\/ofertas\/wp-json\/wp\/v2\/product"}],"about":[{"href":"https:\/\/www.gameplayscassi.com.br\/ofertas\/wp-json\/wp\/v2\/types\/product"}],"version-history":[{"count":0,"href":"https:\/\/www.gameplayscassi.com.br\/ofertas\/wp-json\/wp\/v2\/product\/77822\/revisions"}],"wp:featuredmedia":[{"embeddable":true,"href":"https:\/\/www.gameplayscassi.com.br\/ofertas\/wp-json\/wp\/v2\/media\/77903"}],"wp:attachment":[{"href":"https:\/\/www.gameplayscassi.com.br\/ofertas\/wp-json\/wp\/v2\/media?parent=77822"}],"wp:term":[{"taxonomy":"store","embeddable":true,"href":"https:\/\/www.gameplayscassi.com.br\/ofertas\/wp-json\/wp\/v2\/store?post=77822"},{"taxonomy":"product_brand","embeddable":true,"href":"https:\/\/www.gameplayscassi.com.br\/ofertas\/wp-json\/wp\/v2\/product_brand?post=77822"},{"taxonomy":"product_cat","embeddable":true,"href":"https:\/\/www.gameplayscassi.com.br\/ofertas\/wp-json\/wp\/v2\/product_cat?post=77822"},{"taxonomy":"product_tag","embeddable":true,"href":"https:\/\/www.gameplayscassi.com.br\/ofertas\/wp-json\/wp\/v2\/product_tag?post=77822"}],"curies":[{"name":"wp","href":"https:\/\/api.w.org\/{rel}","templated":true}]}}