{"id":76531,"date":"2025-05-24T14:48:22","date_gmt":"2025-05-24T17:48:22","guid":{"rendered":"https:\/\/www.gameplayscassi.com.br\/ofertas\/?post_type=product&#038;p=76531"},"modified":"2026-04-24T15:45:23","modified_gmt":"2026-04-24T18:45:23","slug":"stellar-blade","status":"publish","type":"product","link":"https:\/\/www.gameplayscassi.com.br\/ofertas\/produtos\/jogos\/stellar-blade\/","title":{"rendered":"Stellar Blade"},"content":{"rendered":"<div class=\"bb_wide_img_ctn\"><img decoding=\"async\" class=\"bb_img\" src=\"https:\/\/shared.fastly.steamstatic.com\/store_item_assets\/steam\/apps\/3489700\/extras\/sb_steam_pt_br-h1.png?t=1747910709\" \/><\/div>\n<p class=\"bb_paragraph\">Experimente Stellar Blade\u2122, sucesso da desenvolvedora coreana SHIFT UP para PlayStation\u00ae5, agora otimizado para PC.<\/p>\n<div class=\"bb_wide_img_ctn\"><img decoding=\"async\" class=\"bb_img\" src=\"https:\/\/shared.fastly.steamstatic.com\/store_item_assets\/steam\/apps\/3489700\/extras\/sb_steam_pt_br-h2.png?t=1747910709\" \/><\/div>\n<div class=\"bb_wide_img_ctn\"><img decoding=\"async\" class=\"bb_img\" src=\"https:\/\/shared.fastly.steamstatic.com\/store_item_assets\/steam\/apps\/3489700\/extras\/SB_GIF_for_Steam_Masked_01.gif?t=1747910709\" \/><\/div>\n<p class=\"bb_paragraph\">O futuro da humanidade est\u00e1 no fio de uma l\u00e2mina. A Terra foi devastada por criaturas estranhas poderosas e os sobreviventes da ra\u00e7a humana fugiram para uma col\u00f4nia no espa\u00e7o sideral.<\/p>\n<p class=\"bb_paragraph\">Ap\u00f3s deixar a Col\u00f4nia, EVE chega \u00e0s ru\u00ednas desoladas do nosso planeta com uma miss\u00e3o muito clara: reconquistar a Terra para salvar a humanidade dos Naytibas, a for\u00e7a malevolente respons\u00e1vel por sua devasta\u00e7\u00e3o.<\/p>\n<p class=\"bb_paragraph\">Mas conforme a EVE confronta os Naytibas um a um e desvenda os mist\u00e9rios do passado escondidos nas ru\u00ednas da civiliza\u00e7\u00e3o humana, ela percebe que essa miss\u00e3o \u00e9 muito mais complicada. Na verdade, quase nada \u00e9 o que parece&#8230;<\/p>\n<div class=\"bb_wide_img_ctn\"><img decoding=\"async\" class=\"bb_img\" src=\"https:\/\/shared.fastly.steamstatic.com\/store_item_assets\/steam\/apps\/3489700\/extras\/sb_steam_pt_br-h3.png?t=1747910709\" \/><\/div>\n<div class=\"bb_wide_img_ctn\"><img decoding=\"async\" class=\"bb_img\" src=\"https:\/\/shared.fastly.steamstatic.com\/store_item_assets\/steam\/apps\/3489700\/extras\/SB_GIF_for_Steam_Masked_02.gif?t=1747910709\" \/><\/div>\n<p class=\"bb_paragraph\">Enfrente combates fren\u00e9ticos enquanto abre caminho pelas ru\u00ednas da Terra. Execute sequ\u00eancias de ataque graciosas, mas brutais, desbloqueie novos golpes e melhorias de armas e enfrente chefes \u00e9picos que v\u00e3o desafiar sua for\u00e7a e intelig\u00eancia.<\/p>\n<div class=\"bb_wide_img_ctn\"><img decoding=\"async\" class=\"bb_img\" src=\"https:\/\/shared.fastly.steamstatic.com\/store_item_assets\/steam\/apps\/3489700\/extras\/sb_steam_pt_br-h4.png?t=1747910709\" \/><\/div>\n<div class=\"bb_wide_img_ctn\"><img decoding=\"async\" class=\"bb_img\" src=\"https:\/\/shared.fastly.steamstatic.com\/store_item_assets\/steam\/apps\/3489700\/extras\/SB_GIF_for_Steam_Masked_03.gif?t=1747910709\" \/><\/div>\n<p class=\"bb_paragraph\">Entre em um mundo p\u00f3s-apocal\u00edptico extremamente bem detalhado que mistura beleza e terror de maneira impressionante.<\/p>\n<div class=\"bb_wide_img_ctn\"><img decoding=\"async\" class=\"bb_img\" src=\"https:\/\/shared.fastly.steamstatic.com\/store_item_assets\/steam\/apps\/3489700\/extras\/sb_steam_pt_br-h5.png?t=1747910709\" \/><\/div>\n<div class=\"bb_wide_img_ctn\"><img decoding=\"async\" class=\"bb_img\" src=\"https:\/\/shared.fastly.steamstatic.com\/store_item_assets\/steam\/apps\/3489700\/extras\/SB_GIF_for_Steam_Masked_04.gif?t=1747910709\" \/><\/div>\n<p class=\"bb_paragraph\">Desvende uma hist\u00f3ria sobre o destino humano, com temas maduros, uma narrativa intrigante e revela\u00e7\u00f5es emocionantes do come\u00e7o ao fim.<\/p>\n<h2 class=\"bb_tag\"><strong>Novo conte\u00fado<\/strong><\/h2>\n<p>&nbsp;<\/p>\n<ul class=\"bb_ul\">\n<li>\n<p class=\"bb_paragraph\">Teste sua for\u00e7a e habilidade contra o temido guerreiro Mann, L\u00edder das Sentinelas no Modo Desafio do Chefe.<\/p>\n<\/li>\n<li>\n<p class=\"bb_paragraph\">Suporte para dublagem chinesa e japonesa, com sincroniza\u00e7\u00e3o labial.<\/p>\n<\/li>\n<li>\n<p class=\"bb_paragraph\">25 trajes, tr\u00eas \u00f3culos e seis pares de brincos.<\/p>\n<\/li>\n<\/ul>\n<h2 class=\"bb_tag\"><strong>Caracter\u00edsticas da vers\u00e3o para PC<\/strong><\/h2>\n<p class=\"bb_paragraph\"><strong>Suporte para monitor ultrawide<\/strong><\/p>\n<ul class=\"bb_ul\">\n<li>\n<p class=\"bb_paragraph\">Viaje atrav\u00e9s de ambientes de fic\u00e7\u00e3o cient\u00edfica deslumbrantes agora com suporte para telas ultrawide, incluindo taxa de propor\u00e7\u00e3o 21:9 e 32:9.<\/p>\n<\/li>\n<\/ul>\n<p class=\"bb_paragraph\"><strong>Visual otimizado para PC<\/strong><\/p>\n<ul class=\"bb_ul\">\n<li>\n<p class=\"bb_paragraph\">Veja esse mundo impressionante ganhar vida com o suporte a tecnologias de aprimoramento de desempenho: NVIDIA DLSS 4 e sua gera\u00e7\u00e3o de gr\u00e1ficos com IA, NVIDIA DLAA e seu aprimoramento da qualidade da imagem, NVIDIA Reflex e sua redu\u00e7\u00e3o de lat\u00eancia de sistema e as tecnologias de upscaling AMD FSR 3.<\/p>\n<\/li>\n<\/ul>\n<p class=\"bb_paragraph\"><strong>Taxas de quadros desbloqueadas<\/strong><\/p>\n<ul class=\"bb_ul\">\n<li>\n<p class=\"bb_paragraph\">Use todo o potencial do seu hardware para liberar a f\u00faria total do estilo de luta de EVE com o suporte para taxas de quadros elevadas e fluidez visual aprimorada.<\/p>\n<\/li>\n<\/ul>\n<p class=\"bb_paragraph\"><strong>Suporte para pacote de texturas<\/strong><\/p>\n<ul class=\"bb_ul\">\n<li>\n<p class=\"bb_paragraph\">Amplie seu universo de Stellar Blade e melhore a fidelidade visual baixando um pacote oficial de texturas para plano de fundo em alta resolu\u00e7\u00e3o tendo o hardware apropriado.<\/p>\n<\/li>\n<\/ul>\n<p class=\"bb_paragraph\"><strong>Suporte para controle e teclado<\/strong><\/p>\n<ul class=\"bb_ul\">\n<li>\n<p class=\"bb_paragraph\">Mergulhe na aventura com um controle PlayStation DualSense\u00ae conectado via USB ou com o suporte total para mouse e teclado.<\/p>\n<\/li>\n<\/ul>\n<p class=\"bb_paragraph\"><u>Resposta t\u00e1til<\/u><\/p>\n<ul class=\"bb_ul\">\n<li>\n<p class=\"bb_paragraph\">Sinta a emo\u00e7\u00e3o do combate enquanto sua l\u00e2mina corta o caminho rumo \u00e0 vit\u00f3ria com uma experi\u00eancia aprimorada pelas vibra\u00e7\u00f5es responsivas do controle DualSense\u00ae.<\/p>\n<\/li>\n<\/ul>\n<p class=\"bb_paragraph\"><u>Gatilhos Adapt\u00e1veis<\/u><\/p>\n<ul class=\"bb_ul\">\n<li>\n<p class=\"bb_paragraph\">Realize movimentos acrob\u00e1ticos devastadores e ao mesmo tempo graciosos e interaja com a tecnologia remanescente de uma Terra abandonada usando os gatilhos adapt\u00e1veis do controle DualSense.<\/p>\n<\/li>\n<\/ul>\n","protected":false},"excerpt":{"rendered":"<p>Confira o menor pre\u00e7o para comprar <strong>Stellar Blade<\/strong> no PC. Selecionamos apenas as nossas lojas digitais de confian\u00e7a para a compara\u00e7\u00e3o de pre\u00e7os. Voc\u00ea pode comprar a chave do jogo na loja em que estiver com a melhor oferta. Ap\u00f3s realizar a compra, voc\u00ea precisa utilizar o cliente indicado pela loja para ativar e baixar o seu jogo.<\/p>\n","protected":false},"featured_media":76558,"template":"","meta":[],"store":[],"product_brand":[],"product_cat":[25],"product_tag":[119,179,125,405,404,534,211,406,26,437,460,178,1205,631,31,191],"class_list":{"0":"post-76531","1":"product","2":"type-product","3":"status-publish","4":"has-post-thumbnail","6":"product_cat-jogos","7":"product_tag-acao","8":"product_tag-acao-aventura","9":"product_tag-aventura","10":"product_tag-compartilhamento-em-familia","11":"product_tag-conquistas-steam","12":"product_tag-conteudo-sexual","13":"product_tag-hack-and-slash","14":"product_tag-nuvem-steam","15":"product_tag-pc","16":"product_tag-playstation-pc-llc","17":"product_tag-protagonista-mulher","18":"product_tag-rpg-de-acao","19":"product_tag-shift-up-corporation","20":"product_tag-soulslike","21":"product_tag-steam","22":"product_tag-steam-deck","24":"first","25":"instock","26":"sale","27":"purchasable","28":"product-type-simple"},"yoast_head":"<!-- This site is optimized with the Yoast SEO plugin v27.2 - https:\/\/yoast.com\/product\/yoast-seo-wordpress\/ -->\n<title>Stellar Blade em promo\u00e7\u00e3o para PC<\/title>\n<meta name=\"description\" content=\"Confira o menor pre\u00e7o para comprar Stellar Blade no PC. Selecionamos apenas as nossas lojas digitais de confian\u00e7a para a compara\u00e7\u00e3o de pre\u00e7os. Voc\u00ea pode comprar a chave do jogo na loja em que estiver com a melhor oferta. Ap\u00f3s realizar a compra, voc\u00ea precisa utilizar o cliente indicado pela loja para ativar e baixar o seu jogo.\" \/>\n<meta name=\"robots\" content=\"index, follow, max-snippet:-1, max-image-preview:large, max-video-preview:-1\" \/>\n<link rel=\"canonical\" href=\"https:\/\/www.gameplayscassi.com.br\/ofertas\/produtos\/jogos\/stellar-blade\/\" \/>\n<meta property=\"og:locale\" content=\"pt_BR\" \/>\n<meta property=\"og:type\" content=\"article\" \/>\n<meta property=\"og:title\" content=\"Stellar Blade em promo\u00e7\u00e3o para PC\" \/>\n<meta property=\"og:description\" content=\"Confira o menor pre\u00e7o para comprar Stellar Blade no PC. Selecionamos apenas as nossas lojas digitais de confian\u00e7a para a compara\u00e7\u00e3o de pre\u00e7os. Voc\u00ea pode comprar a chave do jogo na loja em que estiver com a melhor oferta. Ap\u00f3s realizar a compra, voc\u00ea precisa utilizar o cliente indicado pela loja para ativar e baixar o seu jogo.\" \/>\n<meta property=\"og:url\" content=\"https:\/\/www.gameplayscassi.com.br\/ofertas\/produtos\/jogos\/stellar-blade\/\" \/>\n<meta property=\"og:site_name\" content=\"Gameplayscassi - Ofertas\" \/>\n<meta property=\"article:publisher\" content=\"https:\/\/www.facebook.com\/GamePlaysCassi\/\" \/>\n<meta property=\"article:modified_time\" content=\"2026-04-24T18:45:23+00:00\" \/>\n<meta property=\"og:image\" content=\"https:\/\/www.gameplayscassi.com.br\/ofertas\/wp-content\/uploads\/2025\/05\/Stellar-Blade.jpeg\" \/>\n\t<meta property=\"og:image:width\" content=\"1600\" \/>\n\t<meta property=\"og:image:height\" content=\"740\" \/>\n\t<meta property=\"og:image:type\" content=\"image\/jpeg\" \/>\n<meta name=\"twitter:card\" content=\"summary_large_image\" \/>\n<meta name=\"twitter:site\" content=\"@Gameplayscassi\" \/>\n<meta name=\"twitter:label1\" content=\"Est. tempo de leitura\" \/>\n\t<meta name=\"twitter:data1\" content=\"5 minutos\" \/>\n<script type=\"application\/ld+json\" class=\"yoast-schema-graph\">{\"@context\":\"https:\/\/schema.org\",\"@graph\":[{\"@type\":\"WebPage\",\"@id\":\"https:\/\/www.gameplayscassi.com.br\/ofertas\/produtos\/jogos\/stellar-blade\/\",\"url\":\"https:\/\/www.gameplayscassi.com.br\/ofertas\/produtos\/jogos\/stellar-blade\/\",\"name\":\"Stellar Blade em promo\u00e7\u00e3o para PC\",\"isPartOf\":{\"@id\":\"https:\/\/www.gameplayscassi.com.br\/ofertas\/#website\"},\"primaryImageOfPage\":{\"@id\":\"https:\/\/www.gameplayscassi.com.br\/ofertas\/produtos\/jogos\/stellar-blade\/#primaryimage\"},\"image\":{\"@id\":\"https:\/\/www.gameplayscassi.com.br\/ofertas\/produtos\/jogos\/stellar-blade\/#primaryimage\"},\"thumbnailUrl\":\"https:\/\/www.gameplayscassi.com.br\/ofertas\/wp-content\/uploads\/2025\/05\/Stellar-Blade.jpeg\",\"datePublished\":\"2025-05-24T17:48:22+00:00\",\"dateModified\":\"2026-04-24T18:45:23+00:00\",\"description\":\"Confira o menor pre\u00e7o para comprar Stellar Blade no PC. Selecionamos apenas as nossas lojas digitais de confian\u00e7a para a compara\u00e7\u00e3o de pre\u00e7os. Voc\u00ea pode comprar a chave do jogo na loja em que estiver com a melhor oferta. Ap\u00f3s realizar a compra, voc\u00ea precisa utilizar o cliente indicado pela loja para ativar e baixar o seu jogo.\",\"breadcrumb\":{\"@id\":\"https:\/\/www.gameplayscassi.com.br\/ofertas\/produtos\/jogos\/stellar-blade\/#breadcrumb\"},\"inLanguage\":\"pt-BR\",\"potentialAction\":[{\"@type\":\"ReadAction\",\"target\":[\"https:\/\/www.gameplayscassi.com.br\/ofertas\/produtos\/jogos\/stellar-blade\/\"]}]},{\"@type\":\"ImageObject\",\"inLanguage\":\"pt-BR\",\"@id\":\"https:\/\/www.gameplayscassi.com.br\/ofertas\/produtos\/jogos\/stellar-blade\/#primaryimage\",\"url\":\"https:\/\/www.gameplayscassi.com.br\/ofertas\/wp-content\/uploads\/2025\/05\/Stellar-Blade.jpeg\",\"contentUrl\":\"https:\/\/www.gameplayscassi.com.br\/ofertas\/wp-content\/uploads\/2025\/05\/Stellar-Blade.jpeg\",\"width\":1600,\"height\":740},{\"@type\":\"BreadcrumbList\",\"@id\":\"https:\/\/www.gameplayscassi.com.br\/ofertas\/produtos\/jogos\/stellar-blade\/#breadcrumb\",\"itemListElement\":[{\"@type\":\"ListItem\",\"position\":1,\"name\":\"In\u00edcio\",\"item\":\"https:\/\/www.gameplayscassi.com.br\/ofertas\/\"},{\"@type\":\"ListItem\",\"position\":2,\"name\":\"Produtos\",\"item\":\"https:\/\/www.gameplayscassi.com.br\/ofertas\/\"},{\"@type\":\"ListItem\",\"position\":3,\"name\":\"Stellar Blade\"}]},{\"@type\":\"WebSite\",\"@id\":\"https:\/\/www.gameplayscassi.com.br\/ofertas\/#website\",\"url\":\"https:\/\/www.gameplayscassi.com.br\/ofertas\/\",\"name\":\"Gameplayscassi - Ofertas\",\"description\":\"As melhores ofertas para voc\u00ea\",\"publisher\":{\"@id\":\"https:\/\/www.gameplayscassi.com.br\/ofertas\/#organization\"},\"potentialAction\":[{\"@type\":\"SearchAction\",\"target\":{\"@type\":\"EntryPoint\",\"urlTemplate\":\"https:\/\/www.gameplayscassi.com.br\/ofertas\/?s={search_term_string}\"},\"query-input\":{\"@type\":\"PropertyValueSpecification\",\"valueRequired\":true,\"valueName\":\"search_term_string\"}}],\"inLanguage\":\"pt-BR\"},{\"@type\":\"Organization\",\"@id\":\"https:\/\/www.gameplayscassi.com.br\/ofertas\/#organization\",\"name\":\"Gameplayscassi - Ofertas\",\"url\":\"https:\/\/www.gameplayscassi.com.br\/ofertas\/\",\"logo\":{\"@type\":\"ImageObject\",\"inLanguage\":\"pt-BR\",\"@id\":\"https:\/\/www.gameplayscassi.com.br\/ofertas\/#\/schema\/logo\/image\/\",\"url\":\"https:\/\/www.gameplayscassi.com.br\/ofertas\/wp-content\/uploads\/2024\/06\/Gameplayscassi.png\",\"contentUrl\":\"https:\/\/www.gameplayscassi.com.br\/ofertas\/wp-content\/uploads\/2024\/06\/Gameplayscassi.png\",\"width\":544,\"height\":180,\"caption\":\"Gameplayscassi - Ofertas\"},\"image\":{\"@id\":\"https:\/\/www.gameplayscassi.com.br\/ofertas\/#\/schema\/logo\/image\/\"},\"sameAs\":[\"https:\/\/www.facebook.com\/GamePlaysCassi\/\",\"https:\/\/x.com\/Gameplayscassi\",\"https:\/\/www.youtube.com\/gameplayscassi\",\"https:\/\/www.instagram.com\/gameplayscassii\/\",\"https:\/\/store.steampowered.com\/curator\/31464556\/\",\"https:\/\/discord.com\/servers\/gameplayscassi-598567071298617354\"]}]}<\/script>\n<!-- \/ Yoast SEO plugin. -->","yoast_head_json":{"title":"Stellar Blade em promo\u00e7\u00e3o para PC","description":"Confira o menor pre\u00e7o para comprar Stellar Blade no PC. Selecionamos apenas as nossas lojas digitais de confian\u00e7a para a compara\u00e7\u00e3o de pre\u00e7os. Voc\u00ea pode comprar a chave do jogo na loja em que estiver com a melhor oferta. Ap\u00f3s realizar a compra, voc\u00ea precisa utilizar o cliente indicado pela loja para ativar e baixar o seu jogo.","robots":{"index":"index","follow":"follow","max-snippet":"max-snippet:-1","max-image-preview":"max-image-preview:large","max-video-preview":"max-video-preview:-1"},"canonical":"https:\/\/www.gameplayscassi.com.br\/ofertas\/produtos\/jogos\/stellar-blade\/","og_locale":"pt_BR","og_type":"article","og_title":"Stellar Blade em promo\u00e7\u00e3o para PC","og_description":"Confira o menor pre\u00e7o para comprar Stellar Blade no PC. Selecionamos apenas as nossas lojas digitais de confian\u00e7a para a compara\u00e7\u00e3o de pre\u00e7os. Voc\u00ea pode comprar a chave do jogo na loja em que estiver com a melhor oferta. Ap\u00f3s realizar a compra, voc\u00ea precisa utilizar o cliente indicado pela loja para ativar e baixar o seu jogo.","og_url":"https:\/\/www.gameplayscassi.com.br\/ofertas\/produtos\/jogos\/stellar-blade\/","og_site_name":"Gameplayscassi - Ofertas","article_publisher":"https:\/\/www.facebook.com\/GamePlaysCassi\/","article_modified_time":"2026-04-24T18:45:23+00:00","og_image":[{"width":1600,"height":740,"url":"https:\/\/www.gameplayscassi.com.br\/ofertas\/wp-content\/uploads\/2025\/05\/Stellar-Blade.jpeg","type":"image\/jpeg"}],"twitter_card":"summary_large_image","twitter_site":"@Gameplayscassi","twitter_misc":{"Est. tempo de leitura":"5 minutos"},"schema":{"@context":"https:\/\/schema.org","@graph":[{"@type":"WebPage","@id":"https:\/\/www.gameplayscassi.com.br\/ofertas\/produtos\/jogos\/stellar-blade\/","url":"https:\/\/www.gameplayscassi.com.br\/ofertas\/produtos\/jogos\/stellar-blade\/","name":"Stellar Blade em promo\u00e7\u00e3o para PC","isPartOf":{"@id":"https:\/\/www.gameplayscassi.com.br\/ofertas\/#website"},"primaryImageOfPage":{"@id":"https:\/\/www.gameplayscassi.com.br\/ofertas\/produtos\/jogos\/stellar-blade\/#primaryimage"},"image":{"@id":"https:\/\/www.gameplayscassi.com.br\/ofertas\/produtos\/jogos\/stellar-blade\/#primaryimage"},"thumbnailUrl":"https:\/\/www.gameplayscassi.com.br\/ofertas\/wp-content\/uploads\/2025\/05\/Stellar-Blade.jpeg","datePublished":"2025-05-24T17:48:22+00:00","dateModified":"2026-04-24T18:45:23+00:00","description":"Confira o menor pre\u00e7o para comprar Stellar Blade no PC. Selecionamos apenas as nossas lojas digitais de confian\u00e7a para a compara\u00e7\u00e3o de pre\u00e7os. Voc\u00ea pode comprar a chave do jogo na loja em que estiver com a melhor oferta. Ap\u00f3s realizar a compra, voc\u00ea precisa utilizar o cliente indicado pela loja para ativar e baixar o seu jogo.","breadcrumb":{"@id":"https:\/\/www.gameplayscassi.com.br\/ofertas\/produtos\/jogos\/stellar-blade\/#breadcrumb"},"inLanguage":"pt-BR","potentialAction":[{"@type":"ReadAction","target":["https:\/\/www.gameplayscassi.com.br\/ofertas\/produtos\/jogos\/stellar-blade\/"]}]},{"@type":"ImageObject","inLanguage":"pt-BR","@id":"https:\/\/www.gameplayscassi.com.br\/ofertas\/produtos\/jogos\/stellar-blade\/#primaryimage","url":"https:\/\/www.gameplayscassi.com.br\/ofertas\/wp-content\/uploads\/2025\/05\/Stellar-Blade.jpeg","contentUrl":"https:\/\/www.gameplayscassi.com.br\/ofertas\/wp-content\/uploads\/2025\/05\/Stellar-Blade.jpeg","width":1600,"height":740},{"@type":"BreadcrumbList","@id":"https:\/\/www.gameplayscassi.com.br\/ofertas\/produtos\/jogos\/stellar-blade\/#breadcrumb","itemListElement":[{"@type":"ListItem","position":1,"name":"In\u00edcio","item":"https:\/\/www.gameplayscassi.com.br\/ofertas\/"},{"@type":"ListItem","position":2,"name":"Produtos","item":"https:\/\/www.gameplayscassi.com.br\/ofertas\/"},{"@type":"ListItem","position":3,"name":"Stellar Blade"}]},{"@type":"WebSite","@id":"https:\/\/www.gameplayscassi.com.br\/ofertas\/#website","url":"https:\/\/www.gameplayscassi.com.br\/ofertas\/","name":"Gameplayscassi - Ofertas","description":"As melhores ofertas para voc\u00ea","publisher":{"@id":"https:\/\/www.gameplayscassi.com.br\/ofertas\/#organization"},"potentialAction":[{"@type":"SearchAction","target":{"@type":"EntryPoint","urlTemplate":"https:\/\/www.gameplayscassi.com.br\/ofertas\/?s={search_term_string}"},"query-input":{"@type":"PropertyValueSpecification","valueRequired":true,"valueName":"search_term_string"}}],"inLanguage":"pt-BR"},{"@type":"Organization","@id":"https:\/\/www.gameplayscassi.com.br\/ofertas\/#organization","name":"Gameplayscassi - Ofertas","url":"https:\/\/www.gameplayscassi.com.br\/ofertas\/","logo":{"@type":"ImageObject","inLanguage":"pt-BR","@id":"https:\/\/www.gameplayscassi.com.br\/ofertas\/#\/schema\/logo\/image\/","url":"https:\/\/www.gameplayscassi.com.br\/ofertas\/wp-content\/uploads\/2024\/06\/Gameplayscassi.png","contentUrl":"https:\/\/www.gameplayscassi.com.br\/ofertas\/wp-content\/uploads\/2024\/06\/Gameplayscassi.png","width":544,"height":180,"caption":"Gameplayscassi - Ofertas"},"image":{"@id":"https:\/\/www.gameplayscassi.com.br\/ofertas\/#\/schema\/logo\/image\/"},"sameAs":["https:\/\/www.facebook.com\/GamePlaysCassi\/","https:\/\/x.com\/Gameplayscassi","https:\/\/www.youtube.com\/gameplayscassi","https:\/\/www.instagram.com\/gameplayscassii\/","https:\/\/store.steampowered.com\/curator\/31464556\/","https:\/\/discord.com\/servers\/gameplayscassi-598567071298617354"]}]}},"jetpack_sharing_enabled":true,"_links":{"self":[{"href":"https:\/\/www.gameplayscassi.com.br\/ofertas\/wp-json\/wp\/v2\/product\/76531","targetHints":{"allow":["GET"]}}],"collection":[{"href":"https:\/\/www.gameplayscassi.com.br\/ofertas\/wp-json\/wp\/v2\/product"}],"about":[{"href":"https:\/\/www.gameplayscassi.com.br\/ofertas\/wp-json\/wp\/v2\/types\/product"}],"version-history":[{"count":0,"href":"https:\/\/www.gameplayscassi.com.br\/ofertas\/wp-json\/wp\/v2\/product\/76531\/revisions"}],"wp:featuredmedia":[{"embeddable":true,"href":"https:\/\/www.gameplayscassi.com.br\/ofertas\/wp-json\/wp\/v2\/media\/76558"}],"wp:attachment":[{"href":"https:\/\/www.gameplayscassi.com.br\/ofertas\/wp-json\/wp\/v2\/media?parent=76531"}],"wp:term":[{"taxonomy":"store","embeddable":true,"href":"https:\/\/www.gameplayscassi.com.br\/ofertas\/wp-json\/wp\/v2\/store?post=76531"},{"taxonomy":"product_brand","embeddable":true,"href":"https:\/\/www.gameplayscassi.com.br\/ofertas\/wp-json\/wp\/v2\/product_brand?post=76531"},{"taxonomy":"product_cat","embeddable":true,"href":"https:\/\/www.gameplayscassi.com.br\/ofertas\/wp-json\/wp\/v2\/product_cat?post=76531"},{"taxonomy":"product_tag","embeddable":true,"href":"https:\/\/www.gameplayscassi.com.br\/ofertas\/wp-json\/wp\/v2\/product_tag?post=76531"}],"curies":[{"name":"wp","href":"https:\/\/api.w.org\/{rel}","templated":true}]}}