{"id":76529,"date":"2025-05-24T14:48:22","date_gmt":"2025-05-24T17:48:22","guid":{"rendered":"https:\/\/www.gameplayscassi.com.br\/ofertas\/?post_type=product&#038;p=76529"},"modified":"2026-04-24T16:14:24","modified_gmt":"2026-04-24T19:14:24","slug":"jdm-japanese-drift-master","status":"publish","type":"product","link":"https:\/\/www.gameplayscassi.com.br\/ofertas\/produtos\/jogos\/jdm-japanese-drift-master\/","title":{"rendered":"JDM: Japanese Drift Master"},"content":{"rendered":"<h2 class=\"bb_tag\">Explore o local de nascimento do drift e mergulhe na ic\u00f4nica cultura automobil\u00edstica do Jap\u00e3o!<\/h2>\n<p class=\"bb_paragraph\"><strong>O JDM: Japanese Drift Master\u00a0<\/strong>combina f\u00edsica realista e cuidadosamente ajustada em uma experi\u00eancia de simula\u00e7\u00e3o que \u00e9 t\u00e3o suave em um controle quanto em um hardware de corrida simulada. Enfrente centenas de quil\u00f4metros de estradas de mundo aberto e descubra eventos e miss\u00f5es baseados em hist\u00f3rias ao longo do caminho. Aprimore suas habilidades de drifting, aperfei\u00e7oe as corridas de ader\u00eancia, enfrente desafios e sinta a emo\u00e7\u00e3o das aut\u00eanticas corridas de rua japonesas.<\/p>\n<p class=\"bb_paragraph\"><strong>Conhe\u00e7a a cultura automotiva do Jap\u00e3o e descubra as estradas onde nasceu o drifting.<\/strong><\/p>\n<div class=\"bb_wide_img_ctn\"><img decoding=\"async\" class=\"bb_img\" src=\"https:\/\/shared.fastly.steamstatic.com\/store_item_assets\/steam\/apps\/1153410\/extras\/Lets_Drift_v3.png?t=1748094877\" \/><\/div>\n<ul class=\"bb_ul\">\n<li>\n<p class=\"bb_paragraph\"><strong>Mundo aberto com centenas de quil\u00f4metros de conte\u00fado<\/strong><\/p>\n<\/li>\n<\/ul>\n<p class=\"bb_paragraph\">Mergulhe na atmosfera do Jap\u00e3o com a prov\u00edncia fict\u00edcia de Guntama, inspirada na regi\u00e3o de Honshu. Com mais de 250 km de estradas principais visualmente impressionantes, voc\u00ea explorar\u00e1 diversas paisagens com tr\u00e1fego, clima din\u00e2mico e sistemas de ciclo dia-noite. Desafie suas habilidades em passagens sinuosas nas montanhas ou passeie pelas ruas movimentadas da cidade.<\/p>\n<div class=\"bb_wide_img_ctn\"><img decoding=\"async\" class=\"bb_img\" src=\"https:\/\/shared.fastly.steamstatic.com\/store_item_assets\/steam\/apps\/1153410\/extras\/1.png?t=1748094877\" \/><\/div>\n<ul class=\"bb_ul\">\n<li>\n<p class=\"bb_paragraph\"><strong>Personalize carros licenciados<\/strong><\/p>\n<\/li>\n<\/ul>\n<p class=\"bb_paragraph\">O mundo do JDM n\u00e3o estaria completo sem uma oficina de pintura, onde voc\u00ea pode personalizar seu carro em um estilo verdadeiramente japon\u00eas. V\u00e1 at\u00e9 a loja de tuning para liberar todo o potencial dos carros que voc\u00ea adquiriu na concession\u00e1ria. Escolha entre ve\u00edculos licenciados, incluindo marcas ic\u00f4nicas como Mazda, Nissan e Subaru.<\/p>\n<div class=\"bb_wide_img_ctn\"><img decoding=\"async\" class=\"bb_img\" src=\"https:\/\/shared.fastly.steamstatic.com\/store_item_assets\/steam\/apps\/1153410\/extras\/2.png?t=1748094877\" \/><\/div>\n<ul class=\"bb_ul\">\n<li>\n<p class=\"bb_paragraph\"><strong>Deslize da maneira mais satisfat\u00f3ria poss\u00edvel<\/strong><\/p>\n<\/li>\n<\/ul>\n<p class=\"bb_paragraph\">N\u00e3o importa qual seja o seu dispositivo de dire\u00e7\u00e3o favorito &#8211; gamepad, volante ou teclado &#8211; a f\u00edsica de dire\u00e7\u00e3o da Simcade garante uma experi\u00eancia agrad\u00e1vel. Aprimore suas habilidades e domine uma variedade de eventos e subquests, incluindo corridas de drift, grip e drag, al\u00e9m de batalhas de drift e muito mais<\/p>\n<div class=\"bb_wide_img_ctn\"><img decoding=\"async\" class=\"bb_img\" src=\"https:\/\/shared.fastly.steamstatic.com\/store_item_assets\/steam\/apps\/1153410\/extras\/3.png?t=1748094877\" \/><\/div>\n<ul class=\"bb_ul\">\n<li>\n<p class=\"bb_paragraph\"><strong>Conhe\u00e7a a hist\u00f3ria<\/strong><\/p>\n<\/li>\n<\/ul>\n<p class=\"bb_paragraph\">Entre na pele de um estrangeiro determinado a deixar sua marca no cen\u00e1rio japon\u00eas de drifting. Participe de mais de 40 eventos narrativos e miss\u00f5es secund\u00e1rias adicionais contra os melhores drifters da regi\u00e3o. Vivencie essa jornada por meio de p\u00e1ginas de mang\u00e1 desenhadas \u00e0 m\u00e3o, que d\u00e3o um toque \u00fanico e art\u00edstico ao jogo.<\/p>\n<div class=\"bb_wide_img_ctn\"><img decoding=\"async\" class=\"bb_img\" src=\"https:\/\/shared.fastly.steamstatic.com\/store_item_assets\/steam\/apps\/1153410\/extras\/4.png?t=1748094877\" \/><\/div>\n<ul class=\"bb_ul\">\n<li>\n<p class=\"bb_paragraph\"><strong>Ou\u00e7a o zumbido do motor<\/strong><\/p>\n<\/li>\n<\/ul>\n<p class=\"bb_paragraph\">Experimente sons aut\u00eanticos de carros, capturados por meio de grava\u00e7\u00f5es originais e trazidos \u00e0 vida com aten\u00e7\u00e3o aos detalhes, fazendo com que voc\u00ea se sinta realmente ao volante. Passeie por estradas pitorescas enquanto sintoniza esta\u00e7\u00f5es de r\u00e1dio com temas de g\u00eanero e escolhe a trilha sonora perfeita para a sua viagem.<\/p>\n<div class=\"bb_wide_img_ctn\"><img decoding=\"async\" class=\"bb_img\" src=\"https:\/\/shared.fastly.steamstatic.com\/store_item_assets\/steam\/apps\/1153410\/extras\/5.png?t=1748094877\" \/><\/div>\n","protected":false},"excerpt":{"rendered":"<p>Confira o menor pre\u00e7o para comprar <strong>JDM: Japanese Drift Master<\/strong> no PC. Selecionamos apenas as nossas lojas digitais de confian\u00e7a para a compara\u00e7\u00e3o de pre\u00e7os. Voc\u00ea pode comprar a chave do jogo na loja em que estiver com a melhor oferta. Ap\u00f3s realizar a compra, voc\u00ea precisa utilizar o cliente indicado pela loja para ativar e baixar o seu jogo.<\/p>\n","protected":false},"featured_media":76548,"template":"","meta":[],"store":[],"product_brand":[],"product_cat":[25],"product_tag":[1203,405,404,156,716,256,717,1006,1202,126,26,527,654,31],"class_list":{"0":"post-76529","1":"product","2":"type-product","3":"status-publish","4":"has-post-thumbnail","6":"product_cat-jogos","7":"product_tag-4divinity","8":"product_tag-compartilhamento-em-familia","9":"product_tag-conquistas-steam","10":"product_tag-controle","11":"product_tag-corrida","12":"product_tag-direcao","13":"product_tag-esportes","14":"product_tag-fisica","15":"product_tag-gaming-factory","16":"product_tag-mundo-aberto","17":"product_tag-pc","18":"product_tag-simulacao","19":"product_tag-simulador-automobilistico","20":"product_tag-steam","22":"first","23":"instock","24":"sale","25":"purchasable","26":"product-type-simple"},"yoast_head":"<!-- This site is optimized with the Yoast SEO plugin v27.2 - https:\/\/yoast.com\/product\/yoast-seo-wordpress\/ -->\n<title>JDM: Japanese Drift Master em promo\u00e7\u00e3o para PC<\/title>\n<meta name=\"description\" content=\"Confira o menor pre\u00e7o para comprar JDM: Japanese Drift Master no PC. Selecionamos apenas as nossas lojas digitais de confian\u00e7a para a compara\u00e7\u00e3o de pre\u00e7os. Voc\u00ea pode comprar a chave do jogo na loja em que estiver com a melhor oferta. Ap\u00f3s realizar a compra, voc\u00ea precisa utilizar o cliente indicado pela loja para ativar e baixar o seu jogo.\" \/>\n<meta name=\"robots\" content=\"index, follow, max-snippet:-1, max-image-preview:large, max-video-preview:-1\" \/>\n<link rel=\"canonical\" href=\"https:\/\/www.gameplayscassi.com.br\/ofertas\/produtos\/jogos\/jdm-japanese-drift-master\/\" \/>\n<meta property=\"og:locale\" content=\"pt_BR\" \/>\n<meta property=\"og:type\" content=\"article\" \/>\n<meta property=\"og:title\" content=\"JDM: Japanese Drift Master em promo\u00e7\u00e3o para PC\" \/>\n<meta property=\"og:description\" content=\"Confira o menor pre\u00e7o para comprar JDM: Japanese Drift Master no PC. Selecionamos apenas as nossas lojas digitais de confian\u00e7a para a compara\u00e7\u00e3o de pre\u00e7os. Voc\u00ea pode comprar a chave do jogo na loja em que estiver com a melhor oferta. Ap\u00f3s realizar a compra, voc\u00ea precisa utilizar o cliente indicado pela loja para ativar e baixar o seu jogo.\" \/>\n<meta property=\"og:url\" content=\"https:\/\/www.gameplayscassi.com.br\/ofertas\/produtos\/jogos\/jdm-japanese-drift-master\/\" \/>\n<meta property=\"og:site_name\" content=\"Gameplayscassi - Ofertas\" \/>\n<meta property=\"article:publisher\" content=\"https:\/\/www.facebook.com\/GamePlaysCassi\/\" \/>\n<meta property=\"article:modified_time\" content=\"2026-04-24T19:14:24+00:00\" \/>\n<meta property=\"og:image\" content=\"https:\/\/www.gameplayscassi.com.br\/ofertas\/wp-content\/uploads\/2025\/05\/JDM-Japanese-Drift-Master.jpg\" \/>\n\t<meta property=\"og:image:width\" content=\"1600\" \/>\n\t<meta property=\"og:image:height\" content=\"740\" \/>\n\t<meta property=\"og:image:type\" content=\"image\/jpeg\" \/>\n<meta name=\"twitter:card\" content=\"summary_large_image\" \/>\n<meta name=\"twitter:site\" content=\"@Gameplayscassi\" \/>\n<meta name=\"twitter:label1\" content=\"Est. tempo de leitura\" \/>\n\t<meta name=\"twitter:data1\" content=\"4 minutos\" \/>\n<script type=\"application\/ld+json\" class=\"yoast-schema-graph\">{\"@context\":\"https:\/\/schema.org\",\"@graph\":[{\"@type\":\"WebPage\",\"@id\":\"https:\/\/www.gameplayscassi.com.br\/ofertas\/produtos\/jogos\/jdm-japanese-drift-master\/\",\"url\":\"https:\/\/www.gameplayscassi.com.br\/ofertas\/produtos\/jogos\/jdm-japanese-drift-master\/\",\"name\":\"JDM: Japanese Drift Master em promo\u00e7\u00e3o para PC\",\"isPartOf\":{\"@id\":\"https:\/\/www.gameplayscassi.com.br\/ofertas\/#website\"},\"primaryImageOfPage\":{\"@id\":\"https:\/\/www.gameplayscassi.com.br\/ofertas\/produtos\/jogos\/jdm-japanese-drift-master\/#primaryimage\"},\"image\":{\"@id\":\"https:\/\/www.gameplayscassi.com.br\/ofertas\/produtos\/jogos\/jdm-japanese-drift-master\/#primaryimage\"},\"thumbnailUrl\":\"https:\/\/www.gameplayscassi.com.br\/ofertas\/wp-content\/uploads\/2025\/05\/JDM-Japanese-Drift-Master.jpg\",\"datePublished\":\"2025-05-24T17:48:22+00:00\",\"dateModified\":\"2026-04-24T19:14:24+00:00\",\"description\":\"Confira o menor pre\u00e7o para comprar JDM: Japanese Drift Master no PC. Selecionamos apenas as nossas lojas digitais de confian\u00e7a para a compara\u00e7\u00e3o de pre\u00e7os. Voc\u00ea pode comprar a chave do jogo na loja em que estiver com a melhor oferta. Ap\u00f3s realizar a compra, voc\u00ea precisa utilizar o cliente indicado pela loja para ativar e baixar o seu jogo.\",\"breadcrumb\":{\"@id\":\"https:\/\/www.gameplayscassi.com.br\/ofertas\/produtos\/jogos\/jdm-japanese-drift-master\/#breadcrumb\"},\"inLanguage\":\"pt-BR\",\"potentialAction\":[{\"@type\":\"ReadAction\",\"target\":[\"https:\/\/www.gameplayscassi.com.br\/ofertas\/produtos\/jogos\/jdm-japanese-drift-master\/\"]}]},{\"@type\":\"ImageObject\",\"inLanguage\":\"pt-BR\",\"@id\":\"https:\/\/www.gameplayscassi.com.br\/ofertas\/produtos\/jogos\/jdm-japanese-drift-master\/#primaryimage\",\"url\":\"https:\/\/www.gameplayscassi.com.br\/ofertas\/wp-content\/uploads\/2025\/05\/JDM-Japanese-Drift-Master.jpg\",\"contentUrl\":\"https:\/\/www.gameplayscassi.com.br\/ofertas\/wp-content\/uploads\/2025\/05\/JDM-Japanese-Drift-Master.jpg\",\"width\":1600,\"height\":740},{\"@type\":\"BreadcrumbList\",\"@id\":\"https:\/\/www.gameplayscassi.com.br\/ofertas\/produtos\/jogos\/jdm-japanese-drift-master\/#breadcrumb\",\"itemListElement\":[{\"@type\":\"ListItem\",\"position\":1,\"name\":\"In\u00edcio\",\"item\":\"https:\/\/www.gameplayscassi.com.br\/ofertas\/\"},{\"@type\":\"ListItem\",\"position\":2,\"name\":\"Produtos\",\"item\":\"https:\/\/www.gameplayscassi.com.br\/ofertas\/\"},{\"@type\":\"ListItem\",\"position\":3,\"name\":\"JDM: Japanese Drift Master\"}]},{\"@type\":\"WebSite\",\"@id\":\"https:\/\/www.gameplayscassi.com.br\/ofertas\/#website\",\"url\":\"https:\/\/www.gameplayscassi.com.br\/ofertas\/\",\"name\":\"Gameplayscassi - Ofertas\",\"description\":\"As melhores ofertas para voc\u00ea\",\"publisher\":{\"@id\":\"https:\/\/www.gameplayscassi.com.br\/ofertas\/#organization\"},\"potentialAction\":[{\"@type\":\"SearchAction\",\"target\":{\"@type\":\"EntryPoint\",\"urlTemplate\":\"https:\/\/www.gameplayscassi.com.br\/ofertas\/?s={search_term_string}\"},\"query-input\":{\"@type\":\"PropertyValueSpecification\",\"valueRequired\":true,\"valueName\":\"search_term_string\"}}],\"inLanguage\":\"pt-BR\"},{\"@type\":\"Organization\",\"@id\":\"https:\/\/www.gameplayscassi.com.br\/ofertas\/#organization\",\"name\":\"Gameplayscassi - Ofertas\",\"url\":\"https:\/\/www.gameplayscassi.com.br\/ofertas\/\",\"logo\":{\"@type\":\"ImageObject\",\"inLanguage\":\"pt-BR\",\"@id\":\"https:\/\/www.gameplayscassi.com.br\/ofertas\/#\/schema\/logo\/image\/\",\"url\":\"https:\/\/www.gameplayscassi.com.br\/ofertas\/wp-content\/uploads\/2024\/06\/Gameplayscassi.png\",\"contentUrl\":\"https:\/\/www.gameplayscassi.com.br\/ofertas\/wp-content\/uploads\/2024\/06\/Gameplayscassi.png\",\"width\":544,\"height\":180,\"caption\":\"Gameplayscassi - Ofertas\"},\"image\":{\"@id\":\"https:\/\/www.gameplayscassi.com.br\/ofertas\/#\/schema\/logo\/image\/\"},\"sameAs\":[\"https:\/\/www.facebook.com\/GamePlaysCassi\/\",\"https:\/\/x.com\/Gameplayscassi\",\"https:\/\/www.youtube.com\/gameplayscassi\",\"https:\/\/www.instagram.com\/gameplayscassii\/\",\"https:\/\/store.steampowered.com\/curator\/31464556\/\",\"https:\/\/discord.com\/servers\/gameplayscassi-598567071298617354\"]}]}<\/script>\n<!-- \/ Yoast SEO plugin. -->","yoast_head_json":{"title":"JDM: Japanese Drift Master em promo\u00e7\u00e3o para PC","description":"Confira o menor pre\u00e7o para comprar JDM: Japanese Drift Master no PC. Selecionamos apenas as nossas lojas digitais de confian\u00e7a para a compara\u00e7\u00e3o de pre\u00e7os. Voc\u00ea pode comprar a chave do jogo na loja em que estiver com a melhor oferta. Ap\u00f3s realizar a compra, voc\u00ea precisa utilizar o cliente indicado pela loja para ativar e baixar o seu jogo.","robots":{"index":"index","follow":"follow","max-snippet":"max-snippet:-1","max-image-preview":"max-image-preview:large","max-video-preview":"max-video-preview:-1"},"canonical":"https:\/\/www.gameplayscassi.com.br\/ofertas\/produtos\/jogos\/jdm-japanese-drift-master\/","og_locale":"pt_BR","og_type":"article","og_title":"JDM: Japanese Drift Master em promo\u00e7\u00e3o para PC","og_description":"Confira o menor pre\u00e7o para comprar JDM: Japanese Drift Master no PC. Selecionamos apenas as nossas lojas digitais de confian\u00e7a para a compara\u00e7\u00e3o de pre\u00e7os. Voc\u00ea pode comprar a chave do jogo na loja em que estiver com a melhor oferta. Ap\u00f3s realizar a compra, voc\u00ea precisa utilizar o cliente indicado pela loja para ativar e baixar o seu jogo.","og_url":"https:\/\/www.gameplayscassi.com.br\/ofertas\/produtos\/jogos\/jdm-japanese-drift-master\/","og_site_name":"Gameplayscassi - Ofertas","article_publisher":"https:\/\/www.facebook.com\/GamePlaysCassi\/","article_modified_time":"2026-04-24T19:14:24+00:00","og_image":[{"width":1600,"height":740,"url":"https:\/\/www.gameplayscassi.com.br\/ofertas\/wp-content\/uploads\/2025\/05\/JDM-Japanese-Drift-Master.jpg","type":"image\/jpeg"}],"twitter_card":"summary_large_image","twitter_site":"@Gameplayscassi","twitter_misc":{"Est. tempo de leitura":"4 minutos"},"schema":{"@context":"https:\/\/schema.org","@graph":[{"@type":"WebPage","@id":"https:\/\/www.gameplayscassi.com.br\/ofertas\/produtos\/jogos\/jdm-japanese-drift-master\/","url":"https:\/\/www.gameplayscassi.com.br\/ofertas\/produtos\/jogos\/jdm-japanese-drift-master\/","name":"JDM: Japanese Drift Master em promo\u00e7\u00e3o para PC","isPartOf":{"@id":"https:\/\/www.gameplayscassi.com.br\/ofertas\/#website"},"primaryImageOfPage":{"@id":"https:\/\/www.gameplayscassi.com.br\/ofertas\/produtos\/jogos\/jdm-japanese-drift-master\/#primaryimage"},"image":{"@id":"https:\/\/www.gameplayscassi.com.br\/ofertas\/produtos\/jogos\/jdm-japanese-drift-master\/#primaryimage"},"thumbnailUrl":"https:\/\/www.gameplayscassi.com.br\/ofertas\/wp-content\/uploads\/2025\/05\/JDM-Japanese-Drift-Master.jpg","datePublished":"2025-05-24T17:48:22+00:00","dateModified":"2026-04-24T19:14:24+00:00","description":"Confira o menor pre\u00e7o para comprar JDM: Japanese Drift Master no PC. Selecionamos apenas as nossas lojas digitais de confian\u00e7a para a compara\u00e7\u00e3o de pre\u00e7os. Voc\u00ea pode comprar a chave do jogo na loja em que estiver com a melhor oferta. Ap\u00f3s realizar a compra, voc\u00ea precisa utilizar o cliente indicado pela loja para ativar e baixar o seu jogo.","breadcrumb":{"@id":"https:\/\/www.gameplayscassi.com.br\/ofertas\/produtos\/jogos\/jdm-japanese-drift-master\/#breadcrumb"},"inLanguage":"pt-BR","potentialAction":[{"@type":"ReadAction","target":["https:\/\/www.gameplayscassi.com.br\/ofertas\/produtos\/jogos\/jdm-japanese-drift-master\/"]}]},{"@type":"ImageObject","inLanguage":"pt-BR","@id":"https:\/\/www.gameplayscassi.com.br\/ofertas\/produtos\/jogos\/jdm-japanese-drift-master\/#primaryimage","url":"https:\/\/www.gameplayscassi.com.br\/ofertas\/wp-content\/uploads\/2025\/05\/JDM-Japanese-Drift-Master.jpg","contentUrl":"https:\/\/www.gameplayscassi.com.br\/ofertas\/wp-content\/uploads\/2025\/05\/JDM-Japanese-Drift-Master.jpg","width":1600,"height":740},{"@type":"BreadcrumbList","@id":"https:\/\/www.gameplayscassi.com.br\/ofertas\/produtos\/jogos\/jdm-japanese-drift-master\/#breadcrumb","itemListElement":[{"@type":"ListItem","position":1,"name":"In\u00edcio","item":"https:\/\/www.gameplayscassi.com.br\/ofertas\/"},{"@type":"ListItem","position":2,"name":"Produtos","item":"https:\/\/www.gameplayscassi.com.br\/ofertas\/"},{"@type":"ListItem","position":3,"name":"JDM: Japanese Drift Master"}]},{"@type":"WebSite","@id":"https:\/\/www.gameplayscassi.com.br\/ofertas\/#website","url":"https:\/\/www.gameplayscassi.com.br\/ofertas\/","name":"Gameplayscassi - Ofertas","description":"As melhores ofertas para voc\u00ea","publisher":{"@id":"https:\/\/www.gameplayscassi.com.br\/ofertas\/#organization"},"potentialAction":[{"@type":"SearchAction","target":{"@type":"EntryPoint","urlTemplate":"https:\/\/www.gameplayscassi.com.br\/ofertas\/?s={search_term_string}"},"query-input":{"@type":"PropertyValueSpecification","valueRequired":true,"valueName":"search_term_string"}}],"inLanguage":"pt-BR"},{"@type":"Organization","@id":"https:\/\/www.gameplayscassi.com.br\/ofertas\/#organization","name":"Gameplayscassi - Ofertas","url":"https:\/\/www.gameplayscassi.com.br\/ofertas\/","logo":{"@type":"ImageObject","inLanguage":"pt-BR","@id":"https:\/\/www.gameplayscassi.com.br\/ofertas\/#\/schema\/logo\/image\/","url":"https:\/\/www.gameplayscassi.com.br\/ofertas\/wp-content\/uploads\/2024\/06\/Gameplayscassi.png","contentUrl":"https:\/\/www.gameplayscassi.com.br\/ofertas\/wp-content\/uploads\/2024\/06\/Gameplayscassi.png","width":544,"height":180,"caption":"Gameplayscassi - Ofertas"},"image":{"@id":"https:\/\/www.gameplayscassi.com.br\/ofertas\/#\/schema\/logo\/image\/"},"sameAs":["https:\/\/www.facebook.com\/GamePlaysCassi\/","https:\/\/x.com\/Gameplayscassi","https:\/\/www.youtube.com\/gameplayscassi","https:\/\/www.instagram.com\/gameplayscassii\/","https:\/\/store.steampowered.com\/curator\/31464556\/","https:\/\/discord.com\/servers\/gameplayscassi-598567071298617354"]}]}},"jetpack_sharing_enabled":true,"_links":{"self":[{"href":"https:\/\/www.gameplayscassi.com.br\/ofertas\/wp-json\/wp\/v2\/product\/76529","targetHints":{"allow":["GET"]}}],"collection":[{"href":"https:\/\/www.gameplayscassi.com.br\/ofertas\/wp-json\/wp\/v2\/product"}],"about":[{"href":"https:\/\/www.gameplayscassi.com.br\/ofertas\/wp-json\/wp\/v2\/types\/product"}],"version-history":[{"count":0,"href":"https:\/\/www.gameplayscassi.com.br\/ofertas\/wp-json\/wp\/v2\/product\/76529\/revisions"}],"wp:featuredmedia":[{"embeddable":true,"href":"https:\/\/www.gameplayscassi.com.br\/ofertas\/wp-json\/wp\/v2\/media\/76548"}],"wp:attachment":[{"href":"https:\/\/www.gameplayscassi.com.br\/ofertas\/wp-json\/wp\/v2\/media?parent=76529"}],"wp:term":[{"taxonomy":"store","embeddable":true,"href":"https:\/\/www.gameplayscassi.com.br\/ofertas\/wp-json\/wp\/v2\/store?post=76529"},{"taxonomy":"product_brand","embeddable":true,"href":"https:\/\/www.gameplayscassi.com.br\/ofertas\/wp-json\/wp\/v2\/product_brand?post=76529"},{"taxonomy":"product_cat","embeddable":true,"href":"https:\/\/www.gameplayscassi.com.br\/ofertas\/wp-json\/wp\/v2\/product_cat?post=76529"},{"taxonomy":"product_tag","embeddable":true,"href":"https:\/\/www.gameplayscassi.com.br\/ofertas\/wp-json\/wp\/v2\/product_tag?post=76529"}],"curies":[{"name":"wp","href":"https:\/\/api.w.org\/{rel}","templated":true}]}}