{"id":76527,"date":"2025-05-24T14:48:22","date_gmt":"2025-05-24T17:48:22","guid":{"rendered":"https:\/\/www.gameplayscassi.com.br\/ofertas\/?post_type=product&#038;p=76527"},"modified":"2026-04-24T15:56:16","modified_gmt":"2026-04-24T18:56:16","slug":"clair-obscur-expedition-33","status":"publish","type":"product","link":"https:\/\/www.gameplayscassi.com.br\/ofertas\/produtos\/jogos\/clair-obscur-expedition-33\/","title":{"rendered":"Clair Obscur: Expedition 33"},"content":{"rendered":"<div class=\"bb_wide_img_ctn\"><img decoding=\"async\" class=\"bb_img\" src=\"https:\/\/shared.fastly.steamstatic.com\/store_item_assets\/steam\/apps\/1903340\/extras\/Yearbyyearsheerasesus_v02.gif?t=1747672081\" \/><\/div>\n<p>&nbsp;<\/p>\n<div class=\"bb_wide_img_ctn\"><img decoding=\"async\" class=\"bb_img\" src=\"https:\/\/shared.fastly.steamstatic.com\/store_item_assets\/steam\/apps\/1903340\/extras\/ptbr-h1.png?t=1747672081\" \/><\/div>\n<p>Uma vez por ano, a Art\u00edfice desperta e pinta no mon\u00f3lito dela. Pinta o n\u00famero amaldi\u00e7oado. E todos com essa idade viram fuma\u00e7a e desaparecem. Ano ap\u00f3s ano, um n\u00famero menor \u00e9 pintado e mais de n\u00f3s somos apagados. Amanh\u00e3, ela despertar\u00e1 e pintar\u00e1 &#8220;33&#8221;. E amanh\u00e3, partiremos em nossa miss\u00e3o final: destruir a Art\u00edfice, para que ela nunca mais possa pintar a morte.<\/p>\n<p>Somos a Expedi\u00e7\u00e3o 33.<\/p>\n<p>Clair Obscur: Expedition 33 \u00e9 um RPG em turnos inovador com mec\u00e2nicas em tempo real singulares, que tornam as batalhas mais envolventes e viciantes do que nunca. Explore um mundo fant\u00e1stico, inspirado na Belle \u00c9poque da Fran\u00e7a, e enfrente os mais terr\u00edveis inimigos.<\/p>\n<div class=\"bb_wide_img_ctn\"><img decoding=\"async\" class=\"bb_img\" src=\"https:\/\/shared.fastly.steamstatic.com\/store_item_assets\/steam\/apps\/1903340\/extras\/ReactiveTurnBased_v05.gif?t=1747672081\" \/><\/div>\n<p>&nbsp;<\/p>\n<div class=\"bb_wide_img_ctn\"><img decoding=\"async\" class=\"bb_img\" src=\"https:\/\/shared.fastly.steamstatic.com\/store_item_assets\/steam\/apps\/1903340\/extras\/ptbr-h2.png?t=1747672081\" \/><\/div>\n<p>Nesta evolu\u00e7\u00e3o dos JRPGs, as a\u00e7\u00f5es em tempo real aprimoram o combate em turnos. Crie equipamentos exclusivos para os seus Expedicion\u00e1rios que se ajustam ao seu estilo de jogo, aos atributos, \u00e0s habilidades e \u00e0s sinergias entre personagens. Abra uma dimens\u00e3o durante o combate! Esquive, apare e contra-ataque em tempo real, aprenda os ritmos de ataque para encadear combos e use o sistema de mira livre para atingir os pontos fracos do inimigo.<\/p>\n<div class=\"bb_wide_img_ctn\"><img decoding=\"async\" class=\"bb_img\" src=\"https:\/\/shared.fastly.steamstatic.com\/store_item_assets\/steam\/apps\/1903340\/extras\/TomorrowComes_v02.gif?t=1747672081\" \/><\/div>\n<p>&nbsp;<\/p>\n<div class=\"bb_wide_img_ctn\"><img decoding=\"async\" class=\"bb_img\" src=\"https:\/\/shared.fastly.steamstatic.com\/store_item_assets\/steam\/apps\/1903340\/extras\/ptbr-h3.png?t=1747672081\" \/><\/div>\n<p>Com apenas um ano restante de vida, acompanhe Gustave, Maelle e os demais colegas Expedicion\u00e1rios em uma jornada desesperada para quebrar o ciclo de morte da Art\u00edfice. Siga o rastro das expedi\u00e7\u00f5es anteriores e descubra o destino delas. Conhe\u00e7a melhor os membros da Expedi\u00e7\u00e3o 33 e o que far\u00e3o juntos contra todas as probabilidades.<\/p>\n<div class=\"bb_wide_img_ctn\"><img decoding=\"async\" class=\"bb_img\" src=\"https:\/\/shared.fastly.steamstatic.com\/store_item_assets\/steam\/apps\/1903340\/extras\/A_Hauntingly_beautiful_World_v01.gif?t=1747672081\" \/><\/div>\n<p>&nbsp;<\/p>\n<div class=\"bb_wide_img_ctn\"><img decoding=\"async\" class=\"bb_img\" src=\"https:\/\/shared.fastly.steamstatic.com\/store_item_assets\/steam\/apps\/1903340\/extras\/ptbr-h4.png?t=1747672081\" \/><\/div>\n<p>Explore um mundo encantador, habitado por advers\u00e1rios surreais. Vagueie por paisagens de tirar o f\u00f4lego, desde a Ilha de Visages at\u00e9 o Campo de Batalha Esquecido, descobrindo segredos e miss\u00f5es ocultas pelo caminho. Encontre aliados fortuitos em criaturas lend\u00e1rias e recrute companhias especiais, tenha acesso a novos meios para viajar e revele \u00e1reas secretas no Mapa.<\/p>\n<p>Aventure-se no jogo de estreia da Sandfall Interactive, totalmente desenvolvido na Unreal Engine 5, com gr\u00e1ficos deslumbrantes e uma trilha sonora comovente.<\/p>\n","protected":false},"excerpt":{"rendered":"<p>Confira o menor pre\u00e7o para comprar <strong>Clair Obscur: Expedition 33<\/strong> no PC. Selecionamos apenas as nossas lojas digitais de confian\u00e7a para a compara\u00e7\u00e3o de pre\u00e7os. Voc\u00ea pode comprar a chave do jogo na loja em que estiver com a melhor oferta. Ap\u00f3s realizar a compra, voc\u00ea precisa utilizar o cliente indicado pela loja para ativar e baixar o seu jogo.<\/p>\n","protected":false},"featured_media":76545,"template":"","meta":[],"store":[],"product_brand":[],"product_cat":[25],"product_tag":[125,151,1188,611,405,404,615,243,218,124,492,1197,406,26,118,127,1198,31,191],"class_list":{"0":"post-76527","1":"product","2":"type-product","3":"status-publish","4":"has-post-thumbnail","6":"product_cat-jogos","7":"product_tag-aventura","8":"product_tag-boa-trama","9":"product_tag-boosteroid","10":"product_tag-combate-em-turnos","11":"product_tag-compartilhamento-em-familia","12":"product_tag-conquistas-steam","13":"product_tag-enredo-rico","14":"product_tag-exploracao","15":"product_tag-fantasia","16":"product_tag-geforce-now","17":"product_tag-jrpg","18":"product_tag-kepler-interactive","19":"product_tag-nuvem-steam","20":"product_tag-pc","21":"product_tag-pc-game-pass","22":"product_tag-rpg","23":"product_tag-sandfall-interactive","24":"product_tag-steam","25":"product_tag-steam-deck","27":"first","28":"instock","29":"sale","30":"purchasable","31":"product-type-simple"},"yoast_head":"<!-- This site is optimized with the Yoast SEO plugin v27.2 - https:\/\/yoast.com\/product\/yoast-seo-wordpress\/ -->\n<title>Clair Obscur: Expedition 33 em promo\u00e7\u00e3o para PC<\/title>\n<meta name=\"description\" content=\"Confira o menor pre\u00e7o para comprar Clair Obscur: Expedition 33 no PC. Selecionamos apenas as nossas lojas digitais de confian\u00e7a para a compara\u00e7\u00e3o de pre\u00e7os. Voc\u00ea pode comprar a chave do jogo na loja em que estiver com a melhor oferta. Ap\u00f3s realizar a compra, voc\u00ea precisa utilizar o cliente indicado pela loja para ativar e baixar o seu jogo.\" \/>\n<meta name=\"robots\" content=\"index, follow, max-snippet:-1, max-image-preview:large, max-video-preview:-1\" \/>\n<link rel=\"canonical\" href=\"https:\/\/www.gameplayscassi.com.br\/ofertas\/produtos\/jogos\/clair-obscur-expedition-33\/\" \/>\n<meta property=\"og:locale\" content=\"pt_BR\" \/>\n<meta property=\"og:type\" content=\"article\" \/>\n<meta property=\"og:title\" content=\"Clair Obscur: Expedition 33 em promo\u00e7\u00e3o para PC\" \/>\n<meta property=\"og:description\" content=\"Confira o menor pre\u00e7o para comprar Clair Obscur: Expedition 33 no PC. Selecionamos apenas as nossas lojas digitais de confian\u00e7a para a compara\u00e7\u00e3o de pre\u00e7os. Voc\u00ea pode comprar a chave do jogo na loja em que estiver com a melhor oferta. Ap\u00f3s realizar a compra, voc\u00ea precisa utilizar o cliente indicado pela loja para ativar e baixar o seu jogo.\" \/>\n<meta property=\"og:url\" content=\"https:\/\/www.gameplayscassi.com.br\/ofertas\/produtos\/jogos\/clair-obscur-expedition-33\/\" \/>\n<meta property=\"og:site_name\" content=\"Gameplayscassi - Ofertas\" \/>\n<meta property=\"article:publisher\" content=\"https:\/\/www.facebook.com\/GamePlaysCassi\/\" \/>\n<meta property=\"article:modified_time\" content=\"2026-04-24T18:56:16+00:00\" \/>\n<meta property=\"og:image\" content=\"https:\/\/www.gameplayscassi.com.br\/ofertas\/wp-content\/uploads\/2025\/05\/Clair-Obscur-Expedition-33.jpg\" \/>\n\t<meta property=\"og:image:width\" content=\"1600\" \/>\n\t<meta property=\"og:image:height\" content=\"740\" \/>\n\t<meta property=\"og:image:type\" content=\"image\/jpeg\" \/>\n<meta name=\"twitter:card\" content=\"summary_large_image\" \/>\n<meta name=\"twitter:site\" content=\"@Gameplayscassi\" \/>\n<meta name=\"twitter:label1\" content=\"Est. tempo de leitura\" \/>\n\t<meta name=\"twitter:data1\" content=\"4 minutos\" \/>\n<script type=\"application\/ld+json\" class=\"yoast-schema-graph\">{\"@context\":\"https:\/\/schema.org\",\"@graph\":[{\"@type\":\"WebPage\",\"@id\":\"https:\/\/www.gameplayscassi.com.br\/ofertas\/produtos\/jogos\/clair-obscur-expedition-33\/\",\"url\":\"https:\/\/www.gameplayscassi.com.br\/ofertas\/produtos\/jogos\/clair-obscur-expedition-33\/\",\"name\":\"Clair Obscur: Expedition 33 em promo\u00e7\u00e3o para PC\",\"isPartOf\":{\"@id\":\"https:\/\/www.gameplayscassi.com.br\/ofertas\/#website\"},\"primaryImageOfPage\":{\"@id\":\"https:\/\/www.gameplayscassi.com.br\/ofertas\/produtos\/jogos\/clair-obscur-expedition-33\/#primaryimage\"},\"image\":{\"@id\":\"https:\/\/www.gameplayscassi.com.br\/ofertas\/produtos\/jogos\/clair-obscur-expedition-33\/#primaryimage\"},\"thumbnailUrl\":\"https:\/\/www.gameplayscassi.com.br\/ofertas\/wp-content\/uploads\/2025\/05\/Clair-Obscur-Expedition-33.jpg\",\"datePublished\":\"2025-05-24T17:48:22+00:00\",\"dateModified\":\"2026-04-24T18:56:16+00:00\",\"description\":\"Confira o menor pre\u00e7o para comprar Clair Obscur: Expedition 33 no PC. Selecionamos apenas as nossas lojas digitais de confian\u00e7a para a compara\u00e7\u00e3o de pre\u00e7os. Voc\u00ea pode comprar a chave do jogo na loja em que estiver com a melhor oferta. Ap\u00f3s realizar a compra, voc\u00ea precisa utilizar o cliente indicado pela loja para ativar e baixar o seu jogo.\",\"breadcrumb\":{\"@id\":\"https:\/\/www.gameplayscassi.com.br\/ofertas\/produtos\/jogos\/clair-obscur-expedition-33\/#breadcrumb\"},\"inLanguage\":\"pt-BR\",\"potentialAction\":[{\"@type\":\"ReadAction\",\"target\":[\"https:\/\/www.gameplayscassi.com.br\/ofertas\/produtos\/jogos\/clair-obscur-expedition-33\/\"]}]},{\"@type\":\"ImageObject\",\"inLanguage\":\"pt-BR\",\"@id\":\"https:\/\/www.gameplayscassi.com.br\/ofertas\/produtos\/jogos\/clair-obscur-expedition-33\/#primaryimage\",\"url\":\"https:\/\/www.gameplayscassi.com.br\/ofertas\/wp-content\/uploads\/2025\/05\/Clair-Obscur-Expedition-33.jpg\",\"contentUrl\":\"https:\/\/www.gameplayscassi.com.br\/ofertas\/wp-content\/uploads\/2025\/05\/Clair-Obscur-Expedition-33.jpg\",\"width\":1600,\"height\":740},{\"@type\":\"BreadcrumbList\",\"@id\":\"https:\/\/www.gameplayscassi.com.br\/ofertas\/produtos\/jogos\/clair-obscur-expedition-33\/#breadcrumb\",\"itemListElement\":[{\"@type\":\"ListItem\",\"position\":1,\"name\":\"In\u00edcio\",\"item\":\"https:\/\/www.gameplayscassi.com.br\/ofertas\/\"},{\"@type\":\"ListItem\",\"position\":2,\"name\":\"Produtos\",\"item\":\"https:\/\/www.gameplayscassi.com.br\/ofertas\/\"},{\"@type\":\"ListItem\",\"position\":3,\"name\":\"Clair Obscur: Expedition 33\"}]},{\"@type\":\"WebSite\",\"@id\":\"https:\/\/www.gameplayscassi.com.br\/ofertas\/#website\",\"url\":\"https:\/\/www.gameplayscassi.com.br\/ofertas\/\",\"name\":\"Gameplayscassi - Ofertas\",\"description\":\"As melhores ofertas para voc\u00ea\",\"publisher\":{\"@id\":\"https:\/\/www.gameplayscassi.com.br\/ofertas\/#organization\"},\"potentialAction\":[{\"@type\":\"SearchAction\",\"target\":{\"@type\":\"EntryPoint\",\"urlTemplate\":\"https:\/\/www.gameplayscassi.com.br\/ofertas\/?s={search_term_string}\"},\"query-input\":{\"@type\":\"PropertyValueSpecification\",\"valueRequired\":true,\"valueName\":\"search_term_string\"}}],\"inLanguage\":\"pt-BR\"},{\"@type\":\"Organization\",\"@id\":\"https:\/\/www.gameplayscassi.com.br\/ofertas\/#organization\",\"name\":\"Gameplayscassi - Ofertas\",\"url\":\"https:\/\/www.gameplayscassi.com.br\/ofertas\/\",\"logo\":{\"@type\":\"ImageObject\",\"inLanguage\":\"pt-BR\",\"@id\":\"https:\/\/www.gameplayscassi.com.br\/ofertas\/#\/schema\/logo\/image\/\",\"url\":\"https:\/\/www.gameplayscassi.com.br\/ofertas\/wp-content\/uploads\/2024\/06\/Gameplayscassi.png\",\"contentUrl\":\"https:\/\/www.gameplayscassi.com.br\/ofertas\/wp-content\/uploads\/2024\/06\/Gameplayscassi.png\",\"width\":544,\"height\":180,\"caption\":\"Gameplayscassi - Ofertas\"},\"image\":{\"@id\":\"https:\/\/www.gameplayscassi.com.br\/ofertas\/#\/schema\/logo\/image\/\"},\"sameAs\":[\"https:\/\/www.facebook.com\/GamePlaysCassi\/\",\"https:\/\/x.com\/Gameplayscassi\",\"https:\/\/www.youtube.com\/gameplayscassi\",\"https:\/\/www.instagram.com\/gameplayscassii\/\",\"https:\/\/store.steampowered.com\/curator\/31464556\/\",\"https:\/\/discord.com\/servers\/gameplayscassi-598567071298617354\"]}]}<\/script>\n<!-- \/ Yoast SEO plugin. -->","yoast_head_json":{"title":"Clair Obscur: Expedition 33 em promo\u00e7\u00e3o para PC","description":"Confira o menor pre\u00e7o para comprar Clair Obscur: Expedition 33 no PC. Selecionamos apenas as nossas lojas digitais de confian\u00e7a para a compara\u00e7\u00e3o de pre\u00e7os. Voc\u00ea pode comprar a chave do jogo na loja em que estiver com a melhor oferta. Ap\u00f3s realizar a compra, voc\u00ea precisa utilizar o cliente indicado pela loja para ativar e baixar o seu jogo.","robots":{"index":"index","follow":"follow","max-snippet":"max-snippet:-1","max-image-preview":"max-image-preview:large","max-video-preview":"max-video-preview:-1"},"canonical":"https:\/\/www.gameplayscassi.com.br\/ofertas\/produtos\/jogos\/clair-obscur-expedition-33\/","og_locale":"pt_BR","og_type":"article","og_title":"Clair Obscur: Expedition 33 em promo\u00e7\u00e3o para PC","og_description":"Confira o menor pre\u00e7o para comprar Clair Obscur: Expedition 33 no PC. Selecionamos apenas as nossas lojas digitais de confian\u00e7a para a compara\u00e7\u00e3o de pre\u00e7os. Voc\u00ea pode comprar a chave do jogo na loja em que estiver com a melhor oferta. Ap\u00f3s realizar a compra, voc\u00ea precisa utilizar o cliente indicado pela loja para ativar e baixar o seu jogo.","og_url":"https:\/\/www.gameplayscassi.com.br\/ofertas\/produtos\/jogos\/clair-obscur-expedition-33\/","og_site_name":"Gameplayscassi - Ofertas","article_publisher":"https:\/\/www.facebook.com\/GamePlaysCassi\/","article_modified_time":"2026-04-24T18:56:16+00:00","og_image":[{"width":1600,"height":740,"url":"https:\/\/www.gameplayscassi.com.br\/ofertas\/wp-content\/uploads\/2025\/05\/Clair-Obscur-Expedition-33.jpg","type":"image\/jpeg"}],"twitter_card":"summary_large_image","twitter_site":"@Gameplayscassi","twitter_misc":{"Est. tempo de leitura":"4 minutos"},"schema":{"@context":"https:\/\/schema.org","@graph":[{"@type":"WebPage","@id":"https:\/\/www.gameplayscassi.com.br\/ofertas\/produtos\/jogos\/clair-obscur-expedition-33\/","url":"https:\/\/www.gameplayscassi.com.br\/ofertas\/produtos\/jogos\/clair-obscur-expedition-33\/","name":"Clair Obscur: Expedition 33 em promo\u00e7\u00e3o para PC","isPartOf":{"@id":"https:\/\/www.gameplayscassi.com.br\/ofertas\/#website"},"primaryImageOfPage":{"@id":"https:\/\/www.gameplayscassi.com.br\/ofertas\/produtos\/jogos\/clair-obscur-expedition-33\/#primaryimage"},"image":{"@id":"https:\/\/www.gameplayscassi.com.br\/ofertas\/produtos\/jogos\/clair-obscur-expedition-33\/#primaryimage"},"thumbnailUrl":"https:\/\/www.gameplayscassi.com.br\/ofertas\/wp-content\/uploads\/2025\/05\/Clair-Obscur-Expedition-33.jpg","datePublished":"2025-05-24T17:48:22+00:00","dateModified":"2026-04-24T18:56:16+00:00","description":"Confira o menor pre\u00e7o para comprar Clair Obscur: Expedition 33 no PC. Selecionamos apenas as nossas lojas digitais de confian\u00e7a para a compara\u00e7\u00e3o de pre\u00e7os. Voc\u00ea pode comprar a chave do jogo na loja em que estiver com a melhor oferta. Ap\u00f3s realizar a compra, voc\u00ea precisa utilizar o cliente indicado pela loja para ativar e baixar o seu jogo.","breadcrumb":{"@id":"https:\/\/www.gameplayscassi.com.br\/ofertas\/produtos\/jogos\/clair-obscur-expedition-33\/#breadcrumb"},"inLanguage":"pt-BR","potentialAction":[{"@type":"ReadAction","target":["https:\/\/www.gameplayscassi.com.br\/ofertas\/produtos\/jogos\/clair-obscur-expedition-33\/"]}]},{"@type":"ImageObject","inLanguage":"pt-BR","@id":"https:\/\/www.gameplayscassi.com.br\/ofertas\/produtos\/jogos\/clair-obscur-expedition-33\/#primaryimage","url":"https:\/\/www.gameplayscassi.com.br\/ofertas\/wp-content\/uploads\/2025\/05\/Clair-Obscur-Expedition-33.jpg","contentUrl":"https:\/\/www.gameplayscassi.com.br\/ofertas\/wp-content\/uploads\/2025\/05\/Clair-Obscur-Expedition-33.jpg","width":1600,"height":740},{"@type":"BreadcrumbList","@id":"https:\/\/www.gameplayscassi.com.br\/ofertas\/produtos\/jogos\/clair-obscur-expedition-33\/#breadcrumb","itemListElement":[{"@type":"ListItem","position":1,"name":"In\u00edcio","item":"https:\/\/www.gameplayscassi.com.br\/ofertas\/"},{"@type":"ListItem","position":2,"name":"Produtos","item":"https:\/\/www.gameplayscassi.com.br\/ofertas\/"},{"@type":"ListItem","position":3,"name":"Clair Obscur: Expedition 33"}]},{"@type":"WebSite","@id":"https:\/\/www.gameplayscassi.com.br\/ofertas\/#website","url":"https:\/\/www.gameplayscassi.com.br\/ofertas\/","name":"Gameplayscassi - Ofertas","description":"As melhores ofertas para voc\u00ea","publisher":{"@id":"https:\/\/www.gameplayscassi.com.br\/ofertas\/#organization"},"potentialAction":[{"@type":"SearchAction","target":{"@type":"EntryPoint","urlTemplate":"https:\/\/www.gameplayscassi.com.br\/ofertas\/?s={search_term_string}"},"query-input":{"@type":"PropertyValueSpecification","valueRequired":true,"valueName":"search_term_string"}}],"inLanguage":"pt-BR"},{"@type":"Organization","@id":"https:\/\/www.gameplayscassi.com.br\/ofertas\/#organization","name":"Gameplayscassi - Ofertas","url":"https:\/\/www.gameplayscassi.com.br\/ofertas\/","logo":{"@type":"ImageObject","inLanguage":"pt-BR","@id":"https:\/\/www.gameplayscassi.com.br\/ofertas\/#\/schema\/logo\/image\/","url":"https:\/\/www.gameplayscassi.com.br\/ofertas\/wp-content\/uploads\/2024\/06\/Gameplayscassi.png","contentUrl":"https:\/\/www.gameplayscassi.com.br\/ofertas\/wp-content\/uploads\/2024\/06\/Gameplayscassi.png","width":544,"height":180,"caption":"Gameplayscassi - Ofertas"},"image":{"@id":"https:\/\/www.gameplayscassi.com.br\/ofertas\/#\/schema\/logo\/image\/"},"sameAs":["https:\/\/www.facebook.com\/GamePlaysCassi\/","https:\/\/x.com\/Gameplayscassi","https:\/\/www.youtube.com\/gameplayscassi","https:\/\/www.instagram.com\/gameplayscassii\/","https:\/\/store.steampowered.com\/curator\/31464556\/","https:\/\/discord.com\/servers\/gameplayscassi-598567071298617354"]}]}},"jetpack_sharing_enabled":true,"_links":{"self":[{"href":"https:\/\/www.gameplayscassi.com.br\/ofertas\/wp-json\/wp\/v2\/product\/76527","targetHints":{"allow":["GET"]}}],"collection":[{"href":"https:\/\/www.gameplayscassi.com.br\/ofertas\/wp-json\/wp\/v2\/product"}],"about":[{"href":"https:\/\/www.gameplayscassi.com.br\/ofertas\/wp-json\/wp\/v2\/types\/product"}],"version-history":[{"count":0,"href":"https:\/\/www.gameplayscassi.com.br\/ofertas\/wp-json\/wp\/v2\/product\/76527\/revisions"}],"wp:featuredmedia":[{"embeddable":true,"href":"https:\/\/www.gameplayscassi.com.br\/ofertas\/wp-json\/wp\/v2\/media\/76545"}],"wp:attachment":[{"href":"https:\/\/www.gameplayscassi.com.br\/ofertas\/wp-json\/wp\/v2\/media?parent=76527"}],"wp:term":[{"taxonomy":"store","embeddable":true,"href":"https:\/\/www.gameplayscassi.com.br\/ofertas\/wp-json\/wp\/v2\/store?post=76527"},{"taxonomy":"product_brand","embeddable":true,"href":"https:\/\/www.gameplayscassi.com.br\/ofertas\/wp-json\/wp\/v2\/product_brand?post=76527"},{"taxonomy":"product_cat","embeddable":true,"href":"https:\/\/www.gameplayscassi.com.br\/ofertas\/wp-json\/wp\/v2\/product_cat?post=76527"},{"taxonomy":"product_tag","embeddable":true,"href":"https:\/\/www.gameplayscassi.com.br\/ofertas\/wp-json\/wp\/v2\/product_tag?post=76527"}],"curies":[{"name":"wp","href":"https:\/\/api.w.org\/{rel}","templated":true}]}}