{"id":75965,"date":"2025-02-06T18:12:07","date_gmt":"2025-02-06T21:12:07","guid":{"rendered":"https:\/\/www.gameplayscassi.com.br\/ofertas\/?post_type=product&#038;p=75965"},"modified":"2026-05-01T15:14:27","modified_gmt":"2026-05-01T18:14:27","slug":"kingdom-come-deliverance","status":"publish","type":"product","link":"https:\/\/www.gameplayscassi.com.br\/ofertas\/produtos\/jogos\/kingdom-come-deliverance\/","title":{"rendered":"Kingdom Come: Deliverance"},"content":{"rendered":"<h2 class=\"bb_tag\">Jogo:<\/h2>\n<p>Voc\u00ea \u00e9 Henry, o filho de um ferreiro. Arrastado para o meio de uma guerra civil, voc\u00ea observou impotente quando invasores atacaram seu vilarejo e mataram sua fam\u00edlia e amigos. Ap\u00f3s escapar por pouco do ataque brutal, voc\u00ea decidiu empunhar sua espada e reagir. Chegou a hora de vingar a morte de seus pais e ajudar a expulsar as for\u00e7as invasoras!<\/p>\n<h2 class=\"bb_tag\">Hist\u00f3ria:<\/h2>\n<p>Bo\u00eamia: Localizada no cora\u00e7\u00e3o da Europa, esta \u00e9 uma regi\u00e3o rica em cultura, prata e castelos imensos. Com a morte de seu adorado regente, o Imperador Carlos IV, o reino mergulhou em um per\u00edodo sombrio. Guerra, corrup\u00e7\u00e3o e disc\u00f3rdia amea\u00e7am destruir a joia do Sacro Imp\u00e9rio Romano-Germ\u00e2nico.<br \/>\nUm dos filhos de Carlos IV, Venceslau, herdou a coroa. Ao contr\u00e1rio do pai, Venceslau \u00e9 um monarca ing\u00eanuo, autoindulgente e pouco ambicioso.<br \/>\nSeu meio-irm\u00e3o e rei da Hungria, Sigismundo, conhecido como &#8220;Raposa Vermelha&#8221;, v\u00ea fraqueza em seu irm\u00e3o. Dissimulando boas inten\u00e7\u00f5es, ele viaja at\u00e9 a Bo\u00eamia e sequestra Venceslau. Sem um rei, Sigismundo est\u00e1 livre para saquear o pa\u00eds e se apropriar de suas riquezas.<br \/>\nNo meio desse caos, voc\u00ea \u00e9 Henry, filho de um ferreiro. Sua vida tranquila vira de cabe\u00e7a para baixo quando uma incurs\u00e3o de mercen\u00e1rios enviada pelo pr\u00f3prio Rei Sigismundo incendeia seu humilde vilarejo. Por obra do destino, voc\u00ea \u00e9 um dos poucos sobreviventes do massacre.<br \/>\nSem casa, fam\u00edlia ou futuro, voc\u00ea decide se juntar ao servi\u00e7o de Lorde Radzig Kobyla, um nobre que est\u00e1 ajudando a formar a resist\u00eancia contra a invas\u00e3o. O destino o levou a um conflito sangrento e a uma impiedosa guerra civil, e cabe a voc\u00ea ajudar na luta pelo futuro da Bo\u00eamia.<\/p>\n<h2 class=\"bb_tag\">Caracter\u00edsticas:<\/h2>\n<p>&nbsp;<\/p>\n<ul class=\"bb_ul\">\n<li><strong>Viaje por um mundo aberto de propor\u00e7\u00f5es gigantescas:\u00a0<\/strong>Castelos majestosos e campos vastos cheios de detalhes de tirar o f\u00f4lego, tudo gerado com gr\u00e1ficos de \u00faltima gera\u00e7\u00e3o.<\/li>\n<li><strong>Hist\u00f3ria n\u00e3o linear:\u00a0<\/strong>Conclua suas miss\u00f5es de diferentes maneiras e lide com as consequ\u00eancias de suas decis\u00f5es.<\/li>\n<li><strong>Combate desafiador:<\/strong>\u00a0Ataque \u00e0 dist\u00e2ncia, cruze espadas ou seja sorrateiro. Escolha suas armas e execute dezenas de golpes e combina\u00e7\u00f5es em batalhas igualmente empolgantes e letais.<\/li>\n<li><strong>Modifique o personagem:<\/strong>\u00a0Adquira novos atributos e aprimore os que voc\u00ea j\u00e1 possui. Aprenda a forjar seu equipamento e o deixe mais poderoso.<\/li>\n<li><strong>Mundo din\u00e2mico:<\/strong>\u00a0Suas a\u00e7\u00f5es influenciam a atitude e rea\u00e7\u00e3o das pessoas \u00e0 sua volta. Lute, furte, seduza, ameace, conven\u00e7a ou suborne. A escolha \u00e9 sua.<\/li>\n<li><strong>Realismo hist\u00f3rico:<\/strong>\u00a0Encontre personalidades reais da hist\u00f3ria e vivencie uma genu\u00edna e aut\u00eantica recria\u00e7\u00e3o da Bo\u00eamia medieval.<\/li>\n<\/ul>\n","protected":false},"excerpt":{"rendered":"<p>Confira o menor pre\u00e7o para comprar <strong>Kingdom Come: Deliverance<\/strong> no PC. Selecionamos apenas as nossas lojas digitais de confian\u00e7a para a compara\u00e7\u00e3o de pre\u00e7os. Voc\u00ea pode comprar a chave do jogo na loja em que estiver com a melhor oferta. Ap\u00f3s realizar a compra, voc\u00ea precisa utilizar o cliente indicado pela loja para ativar e baixar o seu jogo.<\/p>\n","protected":false},"featured_media":75969,"template":"","meta":[],"store":[],"product_brand":[],"product_cat":[25],"product_tag":[151,1188,403,405,404,124,626,1189,126,406,26,1187,471,668,127,31,147,1186],"class_list":{"0":"post-75965","1":"product","2":"type-product","3":"status-publish","4":"has-post-thumbnail","6":"product_cat-jogos","7":"product_tag-boa-trama","8":"product_tag-boosteroid","9":"product_tag-cartas-colecionaveis-steam","10":"product_tag-compartilhamento-em-familia","11":"product_tag-conquistas-steam","12":"product_tag-geforce-now","13":"product_tag-historico","14":"product_tag-medieval","15":"product_tag-mundo-aberto","16":"product_tag-nuvem-steam","17":"product_tag-pc","18":"product_tag-prime-matter","19":"product_tag-primeira-pessoa","20":"product_tag-realistico","21":"product_tag-rpg","22":"product_tag-steam","23":"product_tag-um-jogador","24":"product_tag-warhorse-studios","26":"first","27":"instock","28":"sale","29":"purchasable","30":"product-type-simple"},"yoast_head":"<!-- This site is optimized with the Yoast SEO plugin v27.2 - https:\/\/yoast.com\/product\/yoast-seo-wordpress\/ -->\n<title>Kingdom Come: Deliverance em promo\u00e7\u00e3o para PC<\/title>\n<meta name=\"description\" content=\"Confira o menor pre\u00e7o para comprar Kingdom Come: Deliverance no PC. Selecionamos apenas as nossas lojas digitais de confian\u00e7a para a compara\u00e7\u00e3o de pre\u00e7os. Voc\u00ea pode comprar a chave do jogo na loja em que estiver com a melhor oferta. Ap\u00f3s realizar a compra, voc\u00ea precisa utilizar o cliente indicado pela loja para ativar e baixar o seu jogo.\" \/>\n<meta name=\"robots\" content=\"index, follow, max-snippet:-1, max-image-preview:large, max-video-preview:-1\" \/>\n<link rel=\"canonical\" href=\"https:\/\/www.gameplayscassi.com.br\/ofertas\/produtos\/jogos\/kingdom-come-deliverance\/\" \/>\n<meta property=\"og:locale\" content=\"pt_BR\" \/>\n<meta property=\"og:type\" content=\"article\" \/>\n<meta property=\"og:title\" content=\"Kingdom Come: Deliverance em promo\u00e7\u00e3o para PC\" \/>\n<meta property=\"og:description\" content=\"Confira o menor pre\u00e7o para comprar Kingdom Come: Deliverance no PC. Selecionamos apenas as nossas lojas digitais de confian\u00e7a para a compara\u00e7\u00e3o de pre\u00e7os. Voc\u00ea pode comprar a chave do jogo na loja em que estiver com a melhor oferta. Ap\u00f3s realizar a compra, voc\u00ea precisa utilizar o cliente indicado pela loja para ativar e baixar o seu jogo.\" \/>\n<meta property=\"og:url\" content=\"https:\/\/www.gameplayscassi.com.br\/ofertas\/produtos\/jogos\/kingdom-come-deliverance\/\" \/>\n<meta property=\"og:site_name\" content=\"Gameplayscassi - Ofertas\" \/>\n<meta property=\"article:publisher\" content=\"https:\/\/www.facebook.com\/GamePlaysCassi\/\" \/>\n<meta property=\"article:modified_time\" content=\"2026-05-01T18:14:27+00:00\" \/>\n<meta property=\"og:image\" content=\"https:\/\/www.gameplayscassi.com.br\/ofertas\/wp-content\/uploads\/2025\/02\/Kingdom-Come-Deliverance.jpg\" \/>\n\t<meta property=\"og:image:width\" content=\"1600\" \/>\n\t<meta property=\"og:image:height\" content=\"740\" \/>\n\t<meta property=\"og:image:type\" content=\"image\/jpeg\" \/>\n<meta name=\"twitter:card\" content=\"summary_large_image\" \/>\n<meta name=\"twitter:site\" content=\"@Gameplayscassi\" \/>\n<meta name=\"twitter:label1\" content=\"Est. tempo de leitura\" \/>\n\t<meta name=\"twitter:data1\" content=\"3 minutos\" \/>\n<script type=\"application\/ld+json\" class=\"yoast-schema-graph\">{\"@context\":\"https:\/\/schema.org\",\"@graph\":[{\"@type\":\"WebPage\",\"@id\":\"https:\/\/www.gameplayscassi.com.br\/ofertas\/produtos\/jogos\/kingdom-come-deliverance\/\",\"url\":\"https:\/\/www.gameplayscassi.com.br\/ofertas\/produtos\/jogos\/kingdom-come-deliverance\/\",\"name\":\"Kingdom Come: Deliverance em promo\u00e7\u00e3o para PC\",\"isPartOf\":{\"@id\":\"https:\/\/www.gameplayscassi.com.br\/ofertas\/#website\"},\"primaryImageOfPage\":{\"@id\":\"https:\/\/www.gameplayscassi.com.br\/ofertas\/produtos\/jogos\/kingdom-come-deliverance\/#primaryimage\"},\"image\":{\"@id\":\"https:\/\/www.gameplayscassi.com.br\/ofertas\/produtos\/jogos\/kingdom-come-deliverance\/#primaryimage\"},\"thumbnailUrl\":\"https:\/\/www.gameplayscassi.com.br\/ofertas\/wp-content\/uploads\/2025\/02\/Kingdom-Come-Deliverance.jpg\",\"datePublished\":\"2025-02-06T21:12:07+00:00\",\"dateModified\":\"2026-05-01T18:14:27+00:00\",\"description\":\"Confira o menor pre\u00e7o para comprar Kingdom Come: Deliverance no PC. Selecionamos apenas as nossas lojas digitais de confian\u00e7a para a compara\u00e7\u00e3o de pre\u00e7os. Voc\u00ea pode comprar a chave do jogo na loja em que estiver com a melhor oferta. Ap\u00f3s realizar a compra, voc\u00ea precisa utilizar o cliente indicado pela loja para ativar e baixar o seu jogo.\",\"breadcrumb\":{\"@id\":\"https:\/\/www.gameplayscassi.com.br\/ofertas\/produtos\/jogos\/kingdom-come-deliverance\/#breadcrumb\"},\"inLanguage\":\"pt-BR\",\"potentialAction\":[{\"@type\":\"ReadAction\",\"target\":[\"https:\/\/www.gameplayscassi.com.br\/ofertas\/produtos\/jogos\/kingdom-come-deliverance\/\"]}]},{\"@type\":\"ImageObject\",\"inLanguage\":\"pt-BR\",\"@id\":\"https:\/\/www.gameplayscassi.com.br\/ofertas\/produtos\/jogos\/kingdom-come-deliverance\/#primaryimage\",\"url\":\"https:\/\/www.gameplayscassi.com.br\/ofertas\/wp-content\/uploads\/2025\/02\/Kingdom-Come-Deliverance.jpg\",\"contentUrl\":\"https:\/\/www.gameplayscassi.com.br\/ofertas\/wp-content\/uploads\/2025\/02\/Kingdom-Come-Deliverance.jpg\",\"width\":1600,\"height\":740},{\"@type\":\"BreadcrumbList\",\"@id\":\"https:\/\/www.gameplayscassi.com.br\/ofertas\/produtos\/jogos\/kingdom-come-deliverance\/#breadcrumb\",\"itemListElement\":[{\"@type\":\"ListItem\",\"position\":1,\"name\":\"In\u00edcio\",\"item\":\"https:\/\/www.gameplayscassi.com.br\/ofertas\/\"},{\"@type\":\"ListItem\",\"position\":2,\"name\":\"Produtos\",\"item\":\"https:\/\/www.gameplayscassi.com.br\/ofertas\/\"},{\"@type\":\"ListItem\",\"position\":3,\"name\":\"Kingdom Come: Deliverance\"}]},{\"@type\":\"WebSite\",\"@id\":\"https:\/\/www.gameplayscassi.com.br\/ofertas\/#website\",\"url\":\"https:\/\/www.gameplayscassi.com.br\/ofertas\/\",\"name\":\"Gameplayscassi - Ofertas\",\"description\":\"As melhores ofertas para voc\u00ea\",\"publisher\":{\"@id\":\"https:\/\/www.gameplayscassi.com.br\/ofertas\/#organization\"},\"potentialAction\":[{\"@type\":\"SearchAction\",\"target\":{\"@type\":\"EntryPoint\",\"urlTemplate\":\"https:\/\/www.gameplayscassi.com.br\/ofertas\/?s={search_term_string}\"},\"query-input\":{\"@type\":\"PropertyValueSpecification\",\"valueRequired\":true,\"valueName\":\"search_term_string\"}}],\"inLanguage\":\"pt-BR\"},{\"@type\":\"Organization\",\"@id\":\"https:\/\/www.gameplayscassi.com.br\/ofertas\/#organization\",\"name\":\"Gameplayscassi - Ofertas\",\"url\":\"https:\/\/www.gameplayscassi.com.br\/ofertas\/\",\"logo\":{\"@type\":\"ImageObject\",\"inLanguage\":\"pt-BR\",\"@id\":\"https:\/\/www.gameplayscassi.com.br\/ofertas\/#\/schema\/logo\/image\/\",\"url\":\"https:\/\/www.gameplayscassi.com.br\/ofertas\/wp-content\/uploads\/2024\/06\/Gameplayscassi.png\",\"contentUrl\":\"https:\/\/www.gameplayscassi.com.br\/ofertas\/wp-content\/uploads\/2024\/06\/Gameplayscassi.png\",\"width\":544,\"height\":180,\"caption\":\"Gameplayscassi - Ofertas\"},\"image\":{\"@id\":\"https:\/\/www.gameplayscassi.com.br\/ofertas\/#\/schema\/logo\/image\/\"},\"sameAs\":[\"https:\/\/www.facebook.com\/GamePlaysCassi\/\",\"https:\/\/x.com\/Gameplayscassi\",\"https:\/\/www.youtube.com\/gameplayscassi\",\"https:\/\/www.instagram.com\/gameplayscassii\/\",\"https:\/\/store.steampowered.com\/curator\/31464556\/\",\"https:\/\/discord.com\/servers\/gameplayscassi-598567071298617354\"]}]}<\/script>\n<!-- \/ Yoast SEO plugin. -->","yoast_head_json":{"title":"Kingdom Come: Deliverance em promo\u00e7\u00e3o para PC","description":"Confira o menor pre\u00e7o para comprar Kingdom Come: Deliverance no PC. Selecionamos apenas as nossas lojas digitais de confian\u00e7a para a compara\u00e7\u00e3o de pre\u00e7os. Voc\u00ea pode comprar a chave do jogo na loja em que estiver com a melhor oferta. Ap\u00f3s realizar a compra, voc\u00ea precisa utilizar o cliente indicado pela loja para ativar e baixar o seu jogo.","robots":{"index":"index","follow":"follow","max-snippet":"max-snippet:-1","max-image-preview":"max-image-preview:large","max-video-preview":"max-video-preview:-1"},"canonical":"https:\/\/www.gameplayscassi.com.br\/ofertas\/produtos\/jogos\/kingdom-come-deliverance\/","og_locale":"pt_BR","og_type":"article","og_title":"Kingdom Come: Deliverance em promo\u00e7\u00e3o para PC","og_description":"Confira o menor pre\u00e7o para comprar Kingdom Come: Deliverance no PC. Selecionamos apenas as nossas lojas digitais de confian\u00e7a para a compara\u00e7\u00e3o de pre\u00e7os. Voc\u00ea pode comprar a chave do jogo na loja em que estiver com a melhor oferta. Ap\u00f3s realizar a compra, voc\u00ea precisa utilizar o cliente indicado pela loja para ativar e baixar o seu jogo.","og_url":"https:\/\/www.gameplayscassi.com.br\/ofertas\/produtos\/jogos\/kingdom-come-deliverance\/","og_site_name":"Gameplayscassi - Ofertas","article_publisher":"https:\/\/www.facebook.com\/GamePlaysCassi\/","article_modified_time":"2026-05-01T18:14:27+00:00","og_image":[{"width":1600,"height":740,"url":"https:\/\/www.gameplayscassi.com.br\/ofertas\/wp-content\/uploads\/2025\/02\/Kingdom-Come-Deliverance.jpg","type":"image\/jpeg"}],"twitter_card":"summary_large_image","twitter_site":"@Gameplayscassi","twitter_misc":{"Est. tempo de leitura":"3 minutos"},"schema":{"@context":"https:\/\/schema.org","@graph":[{"@type":"WebPage","@id":"https:\/\/www.gameplayscassi.com.br\/ofertas\/produtos\/jogos\/kingdom-come-deliverance\/","url":"https:\/\/www.gameplayscassi.com.br\/ofertas\/produtos\/jogos\/kingdom-come-deliverance\/","name":"Kingdom Come: Deliverance em promo\u00e7\u00e3o para PC","isPartOf":{"@id":"https:\/\/www.gameplayscassi.com.br\/ofertas\/#website"},"primaryImageOfPage":{"@id":"https:\/\/www.gameplayscassi.com.br\/ofertas\/produtos\/jogos\/kingdom-come-deliverance\/#primaryimage"},"image":{"@id":"https:\/\/www.gameplayscassi.com.br\/ofertas\/produtos\/jogos\/kingdom-come-deliverance\/#primaryimage"},"thumbnailUrl":"https:\/\/www.gameplayscassi.com.br\/ofertas\/wp-content\/uploads\/2025\/02\/Kingdom-Come-Deliverance.jpg","datePublished":"2025-02-06T21:12:07+00:00","dateModified":"2026-05-01T18:14:27+00:00","description":"Confira o menor pre\u00e7o para comprar Kingdom Come: Deliverance no PC. Selecionamos apenas as nossas lojas digitais de confian\u00e7a para a compara\u00e7\u00e3o de pre\u00e7os. Voc\u00ea pode comprar a chave do jogo na loja em que estiver com a melhor oferta. Ap\u00f3s realizar a compra, voc\u00ea precisa utilizar o cliente indicado pela loja para ativar e baixar o seu jogo.","breadcrumb":{"@id":"https:\/\/www.gameplayscassi.com.br\/ofertas\/produtos\/jogos\/kingdom-come-deliverance\/#breadcrumb"},"inLanguage":"pt-BR","potentialAction":[{"@type":"ReadAction","target":["https:\/\/www.gameplayscassi.com.br\/ofertas\/produtos\/jogos\/kingdom-come-deliverance\/"]}]},{"@type":"ImageObject","inLanguage":"pt-BR","@id":"https:\/\/www.gameplayscassi.com.br\/ofertas\/produtos\/jogos\/kingdom-come-deliverance\/#primaryimage","url":"https:\/\/www.gameplayscassi.com.br\/ofertas\/wp-content\/uploads\/2025\/02\/Kingdom-Come-Deliverance.jpg","contentUrl":"https:\/\/www.gameplayscassi.com.br\/ofertas\/wp-content\/uploads\/2025\/02\/Kingdom-Come-Deliverance.jpg","width":1600,"height":740},{"@type":"BreadcrumbList","@id":"https:\/\/www.gameplayscassi.com.br\/ofertas\/produtos\/jogos\/kingdom-come-deliverance\/#breadcrumb","itemListElement":[{"@type":"ListItem","position":1,"name":"In\u00edcio","item":"https:\/\/www.gameplayscassi.com.br\/ofertas\/"},{"@type":"ListItem","position":2,"name":"Produtos","item":"https:\/\/www.gameplayscassi.com.br\/ofertas\/"},{"@type":"ListItem","position":3,"name":"Kingdom Come: Deliverance"}]},{"@type":"WebSite","@id":"https:\/\/www.gameplayscassi.com.br\/ofertas\/#website","url":"https:\/\/www.gameplayscassi.com.br\/ofertas\/","name":"Gameplayscassi - Ofertas","description":"As melhores ofertas para voc\u00ea","publisher":{"@id":"https:\/\/www.gameplayscassi.com.br\/ofertas\/#organization"},"potentialAction":[{"@type":"SearchAction","target":{"@type":"EntryPoint","urlTemplate":"https:\/\/www.gameplayscassi.com.br\/ofertas\/?s={search_term_string}"},"query-input":{"@type":"PropertyValueSpecification","valueRequired":true,"valueName":"search_term_string"}}],"inLanguage":"pt-BR"},{"@type":"Organization","@id":"https:\/\/www.gameplayscassi.com.br\/ofertas\/#organization","name":"Gameplayscassi - Ofertas","url":"https:\/\/www.gameplayscassi.com.br\/ofertas\/","logo":{"@type":"ImageObject","inLanguage":"pt-BR","@id":"https:\/\/www.gameplayscassi.com.br\/ofertas\/#\/schema\/logo\/image\/","url":"https:\/\/www.gameplayscassi.com.br\/ofertas\/wp-content\/uploads\/2024\/06\/Gameplayscassi.png","contentUrl":"https:\/\/www.gameplayscassi.com.br\/ofertas\/wp-content\/uploads\/2024\/06\/Gameplayscassi.png","width":544,"height":180,"caption":"Gameplayscassi - Ofertas"},"image":{"@id":"https:\/\/www.gameplayscassi.com.br\/ofertas\/#\/schema\/logo\/image\/"},"sameAs":["https:\/\/www.facebook.com\/GamePlaysCassi\/","https:\/\/x.com\/Gameplayscassi","https:\/\/www.youtube.com\/gameplayscassi","https:\/\/www.instagram.com\/gameplayscassii\/","https:\/\/store.steampowered.com\/curator\/31464556\/","https:\/\/discord.com\/servers\/gameplayscassi-598567071298617354"]}]}},"jetpack_sharing_enabled":true,"_links":{"self":[{"href":"https:\/\/www.gameplayscassi.com.br\/ofertas\/wp-json\/wp\/v2\/product\/75965","targetHints":{"allow":["GET"]}}],"collection":[{"href":"https:\/\/www.gameplayscassi.com.br\/ofertas\/wp-json\/wp\/v2\/product"}],"about":[{"href":"https:\/\/www.gameplayscassi.com.br\/ofertas\/wp-json\/wp\/v2\/types\/product"}],"version-history":[{"count":0,"href":"https:\/\/www.gameplayscassi.com.br\/ofertas\/wp-json\/wp\/v2\/product\/75965\/revisions"}],"wp:featuredmedia":[{"embeddable":true,"href":"https:\/\/www.gameplayscassi.com.br\/ofertas\/wp-json\/wp\/v2\/media\/75969"}],"wp:attachment":[{"href":"https:\/\/www.gameplayscassi.com.br\/ofertas\/wp-json\/wp\/v2\/media?parent=75965"}],"wp:term":[{"taxonomy":"store","embeddable":true,"href":"https:\/\/www.gameplayscassi.com.br\/ofertas\/wp-json\/wp\/v2\/store?post=75965"},{"taxonomy":"product_brand","embeddable":true,"href":"https:\/\/www.gameplayscassi.com.br\/ofertas\/wp-json\/wp\/v2\/product_brand?post=75965"},{"taxonomy":"product_cat","embeddable":true,"href":"https:\/\/www.gameplayscassi.com.br\/ofertas\/wp-json\/wp\/v2\/product_cat?post=75965"},{"taxonomy":"product_tag","embeddable":true,"href":"https:\/\/www.gameplayscassi.com.br\/ofertas\/wp-json\/wp\/v2\/product_tag?post=75965"}],"curies":[{"name":"wp","href":"https:\/\/api.w.org\/{rel}","templated":true}]}}