{"id":75856,"date":"2025-01-30T13:36:24","date_gmt":"2025-01-30T16:36:24","guid":{"rendered":"https:\/\/www.gameplayscassi.com.br\/ofertas\/?post_type=product&#038;p=75856"},"modified":"2026-04-15T16:54:22","modified_gmt":"2026-04-15T19:54:22","slug":"marvels-spider-man-2","status":"publish","type":"product","link":"https:\/\/www.gameplayscassi.com.br\/ofertas\/produtos\/jogos\/marvels-spider-man-2\/","title":{"rendered":"Marvel&#8217;s Spider-Man 2"},"content":{"rendered":"<p class=\"bb_paragraph\">A edi\u00e7\u00e3o inclui:<\/p>\n<ul class=\"bb_ul\">\n<li>\n<p class=\"bb_paragraph\"><i>Marvel&#8217;s Spider-Man 2<\/i><\/p>\n<\/li>\n<\/ul>\n<h2 class=\"bb_tag\">O Sentido Aranha est\u00e1 tinindo\u2026<\/h2>\n<p class=\"bb_paragraph\">Coloque a m\u00e1scara e pendure-se na teia em aventuras eletrizantes com a chegada de\u00a0<i>Marvel&#8217;s Spider-Man 2<\/i>\u00a0ao PC.<\/p>\n<p class=\"bb_paragraph\">Desenvolvido pela Insomniac Games em colabora\u00e7\u00e3o com a Marvel e otimizado para PC pela Nixxes Software.<\/p>\n<p class=\"bb_paragraph\"><strong>Uma cidade sitiada!<\/strong><\/p>\n<p class=\"bb_paragraph\">Os Spiders Peter Parker e Miles Morales encaram a maior prova de for\u00e7a com e sem suas m\u00e1scaras enquanto lutam para salvar a cidade, um ao outro e as pessoas que amam do monstruoso Venom e da nova e perigosa amea\u00e7a: os simbiontes.<\/p>\n<p class=\"bb_paragraph\"><strong>Explore uma vers\u00e3o expandida da Nova York da Marvel<\/strong><\/p>\n<p class=\"bb_paragraph\">Explore uma Nova York da Marvel maior do que nunca, apresentando dois novos bairros, Brooklyn e Queens, al\u00e9m de lugares como Coney Island e muitos outros.<\/p>\n<p class=\"bb_paragraph\">Pendure-se, pule e plane com as novas Asas de Teia para percorrer a cidade. Alterne entre Peter Parker e Miles Morales para explorar um mundo aberto, jogar hist\u00f3rias diferentes e usar novos poderes \u00e9picos.<\/p>\n<p class=\"bb_paragraph\"><strong>Viva a experi\u00eancia de poder jogar com dois Spiders<\/strong><\/p>\n<p class=\"bb_paragraph\">Use as novas habilidades de simbionte do Peter e os Poderes Venom bioel\u00e9tricos explosivos do Miles. Descubra equipamentos avan\u00e7ados e aprimor\u00e1veis que melhoram a experi\u00eancia de combate para uma jogabilidade mais profunda e variada.<\/p>\n<p class=\"bb_paragraph\"><strong>Enfrente supervil\u00f5es ic\u00f4nicos da Marvel<\/strong><\/p>\n<p class=\"bb_paragraph\">Lute contra v\u00e1rios vil\u00f5es novos e cl\u00e1ssicos, incluindo uma vers\u00e3o original do monstruoso Venom, o implac\u00e1vel Kraven the Hunter, o imprevis\u00edvel Lizard e muitos outros!<\/p>\n<p class=\"bb_paragraph\"><strong>Uma experi\u00eancia mais acess\u00edvel no jogo do Spider-Man<\/strong><\/p>\n<p class=\"bb_paragraph\">O suporte a uma s\u00e9rie de recursos de acessibilidade busca criar uma experi\u00eancia em Marvel&#8217;s Spider-Man sem barreiras, para que mais jogadores com diferentes n\u00edveis de habilidade possam aproveitar.<\/p>\n<h2 class=\"bb_tag\">Destaques do PC<\/h2>\n<p class=\"bb_paragraph\"><strong>Visual otimizado para PC<\/strong><\/p>\n<p class=\"bb_paragraph\">Salve o dia em grande estilo com as op\u00e7\u00f5es de qualidade gr\u00e1fica dispon\u00edveis e o desbloqueio das taxas de quadros para obter o m\u00e1ximo de fluidez nas a\u00e7\u00f5es \u00e9picas dos her\u00f3is. Conte com o suporte de tecnologias de aprimoramento de desempenho, incluindo upscaling e gera\u00e7\u00e3o de quadros com NVIDIA DLSS 3 e AMD FSR 3.1\u00b9. Tamb\u00e9m h\u00e1 suporte para upscaling com Intel XeSS.\u00b9<\/p>\n<p class=\"bb_paragraph\"><strong>Ray tracing aprimorado\u00b9<\/strong><\/p>\n<p class=\"bb_paragraph\">Reflexos, sombras e oclus\u00e3o de ambiente com ray tracing d\u00e3o vida \u00e0s paisagens da Nova York da Marvel ao seu redor. Escolha entre diversos modos de qualidade e aprecie as paisagens do alto de tirar o f\u00f4lego. Para quem usa uma GPU NVIDIA GeForce RTX, o DLSS Ray Reconstruction j\u00e1 est\u00e1 dispon\u00edvel. Essa t\u00e9cnica usa uma rede de IA treinada por um supercomputador da NVIDIA para gerar pixels de maior qualidade entre os raios da imagem, resultando em um visual com contornos de ilumina\u00e7\u00e3o mais n\u00edtidos e precisos.<\/p>\n<p class=\"bb_paragraph\"><strong>Compatibilidade com tela ultra-wide\u00b2<\/strong><\/p>\n<p class=\"bb_paragraph\">Tenha uma qualidade de imagem excelente com suporte a v\u00e1rias configura\u00e7\u00f5es de tela, incluindo as resolu\u00e7\u00f5es 16:9, 16:10, 21:9, 32:9 e 48:9 com configura\u00e7\u00f5es de tr\u00eas monitores usando o NVIDIA Surround ou o AMD Eyefinity.<\/p>\n<p class=\"bb_paragraph\"><strong>Sobreposi\u00e7\u00e3o e trof\u00e9us PlayStation\u00ae.<\/strong><\/p>\n<p class=\"bb_paragraph\">A sobreposi\u00e7\u00e3o PlayStation permite que jogadores de PC com Windows ganhem trof\u00e9us PlayStation e acessem listas de amigos, configura\u00e7\u00f5es e o perfil de jogador.<\/p>\n<p class=\"bb_paragraph\">Use o atalho Shift+F1 no teclado ou acesse o menu do jogo para abrir a sobreposi\u00e7\u00e3o.<\/p>\n<p class=\"bb_paragraph\"><strong>Controles e personaliza\u00e7\u00e3o<\/strong><\/p>\n<p class=\"bb_paragraph\">Sinta o verdadeiro poder do Spider-Man com o controle DualSense\u00ae do PlayStation em uma conex\u00e3o USB com fio ou com o suporte completo para mouse e teclado.<\/p>\n<p class=\"bb_paragraph\"><u>Resposta t\u00e1til do DualSense\u00b3<\/u><\/p>\n<p class=\"bb_paragraph\">As vibra\u00e7\u00f5es adapt\u00e1veis do controle DualSense colocam as habilidades de simbionte do Peter Parker e a bioeletricidade do Miles Morales na ponta dos seus dedos.<\/p>\n<p class=\"bb_paragraph\"><u>Gatilhos adapt\u00e1veis do DualSense\u00b3<\/u><\/p>\n<p class=\"bb_paragraph\">Domine movimentos acrob\u00e1ticos, execute combos eletrizantes e vivencie toda a empolga\u00e7\u00e3o estonteante de se balan\u00e7ar com as teias por meio dos gatilhos adapt\u00e1veis do controle DualSense.<\/p>\n<p class=\"bb_paragraph\">\u00b9 Requer PC compat\u00edvel.<\/p>\n<p class=\"bb_paragraph\">\u00b2 Requer dispositivo de v\u00eddeo e PC compat\u00edveis.<\/p>\n<p class=\"bb_paragraph\">\u00b3 Requer conex\u00e3o com fio para oferecer todos os recursos do controle no jogo.<\/p>\n","protected":false},"excerpt":{"rendered":"<p>Confira o menor pre\u00e7o para comprar <strong>Marvel&#8217;s Spider-Man 2<\/strong> no PC. Selecionamos apenas as nossas lojas digitais de confian\u00e7a para a compara\u00e7\u00e3o de pre\u00e7os. Voc\u00ea pode comprar a chave do jogo na loja em que estiver com a melhor oferta. Ap\u00f3s realizar a compra, voc\u00ea precisa utilizar o cliente indicado pela loja para ativar e baixar o seu jogo.<\/p>\n","protected":false},"featured_media":75858,"template":"","meta":[],"store":[],"product_brand":[],"product_cat":[25],"product_tag":[119,179,125,151,405,404,462,126,686,406,26,437,31,177,146,147],"class_list":{"0":"post-75856","1":"product","2":"type-product","3":"status-publish","4":"has-post-thumbnail","6":"product_cat-jogos","7":"product_tag-acao","8":"product_tag-acao-aventura","9":"product_tag-aventura","10":"product_tag-boa-trama","11":"product_tag-compartilhamento-em-familia","12":"product_tag-conquistas-steam","13":"product_tag-insomniac-games","14":"product_tag-mundo-aberto","15":"product_tag-nixxes-software","16":"product_tag-nuvem-steam","17":"product_tag-pc","18":"product_tag-playstation-pc-llc","19":"product_tag-steam","20":"product_tag-super-herois","21":"product_tag-terceira-pessoa","22":"product_tag-um-jogador","24":"first","25":"instock","26":"sale","27":"purchasable","28":"product-type-simple"},"yoast_head":"<!-- This site is optimized with the Yoast SEO plugin v27.2 - https:\/\/yoast.com\/product\/yoast-seo-wordpress\/ -->\n<title>Marvel&#039;s Spider-Man 2 em promo\u00e7\u00e3o para PC<\/title>\n<meta name=\"description\" content=\"Confira o menor pre\u00e7o para comprar Marvel&#039;s Spider-Man 2 no PC. Selecionamos apenas as nossas lojas digitais de confian\u00e7a para a compara\u00e7\u00e3o de pre\u00e7os. Voc\u00ea pode comprar a chave do jogo na loja em que estiver com a melhor oferta. Ap\u00f3s realizar a compra, voc\u00ea precisa utilizar o cliente indicado pela loja para ativar e baixar o seu jogo.\" \/>\n<meta name=\"robots\" content=\"index, follow, max-snippet:-1, max-image-preview:large, max-video-preview:-1\" \/>\n<link rel=\"canonical\" href=\"https:\/\/www.gameplayscassi.com.br\/ofertas\/produtos\/jogos\/marvels-spider-man-2\/\" \/>\n<meta property=\"og:locale\" content=\"pt_BR\" \/>\n<meta property=\"og:type\" content=\"article\" \/>\n<meta property=\"og:title\" content=\"Marvel&#039;s Spider-Man 2 em promo\u00e7\u00e3o para PC\" \/>\n<meta property=\"og:description\" content=\"Confira o menor pre\u00e7o para comprar Marvel&#039;s Spider-Man 2 no PC. Selecionamos apenas as nossas lojas digitais de confian\u00e7a para a compara\u00e7\u00e3o de pre\u00e7os. Voc\u00ea pode comprar a chave do jogo na loja em que estiver com a melhor oferta. Ap\u00f3s realizar a compra, voc\u00ea precisa utilizar o cliente indicado pela loja para ativar e baixar o seu jogo.\" \/>\n<meta property=\"og:url\" content=\"https:\/\/www.gameplayscassi.com.br\/ofertas\/produtos\/jogos\/marvels-spider-man-2\/\" \/>\n<meta property=\"og:site_name\" content=\"Gameplayscassi - Ofertas\" \/>\n<meta property=\"article:publisher\" content=\"https:\/\/www.facebook.com\/GamePlaysCassi\/\" \/>\n<meta property=\"article:modified_time\" content=\"2026-04-15T19:54:22+00:00\" \/>\n<meta property=\"og:image\" content=\"https:\/\/www.gameplayscassi.com.br\/ofertas\/wp-content\/uploads\/2025\/01\/Marvels-Spider-Man-2.jpg\" \/>\n\t<meta property=\"og:image:width\" content=\"1600\" \/>\n\t<meta property=\"og:image:height\" content=\"740\" \/>\n\t<meta property=\"og:image:type\" content=\"image\/jpeg\" \/>\n<meta name=\"twitter:card\" content=\"summary_large_image\" \/>\n<meta name=\"twitter:site\" content=\"@Gameplayscassi\" \/>\n<meta name=\"twitter:label1\" content=\"Est. tempo de leitura\" \/>\n\t<meta name=\"twitter:data1\" content=\"4 minutos\" \/>\n<script type=\"application\/ld+json\" class=\"yoast-schema-graph\">{\"@context\":\"https:\/\/schema.org\",\"@graph\":[{\"@type\":\"WebPage\",\"@id\":\"https:\/\/www.gameplayscassi.com.br\/ofertas\/produtos\/jogos\/marvels-spider-man-2\/\",\"url\":\"https:\/\/www.gameplayscassi.com.br\/ofertas\/produtos\/jogos\/marvels-spider-man-2\/\",\"name\":\"Marvel's Spider-Man 2 em promo\u00e7\u00e3o para PC\",\"isPartOf\":{\"@id\":\"https:\/\/www.gameplayscassi.com.br\/ofertas\/#website\"},\"primaryImageOfPage\":{\"@id\":\"https:\/\/www.gameplayscassi.com.br\/ofertas\/produtos\/jogos\/marvels-spider-man-2\/#primaryimage\"},\"image\":{\"@id\":\"https:\/\/www.gameplayscassi.com.br\/ofertas\/produtos\/jogos\/marvels-spider-man-2\/#primaryimage\"},\"thumbnailUrl\":\"https:\/\/www.gameplayscassi.com.br\/ofertas\/wp-content\/uploads\/2025\/01\/Marvels-Spider-Man-2.jpg\",\"datePublished\":\"2025-01-30T16:36:24+00:00\",\"dateModified\":\"2026-04-15T19:54:22+00:00\",\"description\":\"Confira o menor pre\u00e7o para comprar Marvel's Spider-Man 2 no PC. Selecionamos apenas as nossas lojas digitais de confian\u00e7a para a compara\u00e7\u00e3o de pre\u00e7os. Voc\u00ea pode comprar a chave do jogo na loja em que estiver com a melhor oferta. Ap\u00f3s realizar a compra, voc\u00ea precisa utilizar o cliente indicado pela loja para ativar e baixar o seu jogo.\",\"breadcrumb\":{\"@id\":\"https:\/\/www.gameplayscassi.com.br\/ofertas\/produtos\/jogos\/marvels-spider-man-2\/#breadcrumb\"},\"inLanguage\":\"pt-BR\",\"potentialAction\":[{\"@type\":\"ReadAction\",\"target\":[\"https:\/\/www.gameplayscassi.com.br\/ofertas\/produtos\/jogos\/marvels-spider-man-2\/\"]}]},{\"@type\":\"ImageObject\",\"inLanguage\":\"pt-BR\",\"@id\":\"https:\/\/www.gameplayscassi.com.br\/ofertas\/produtos\/jogos\/marvels-spider-man-2\/#primaryimage\",\"url\":\"https:\/\/www.gameplayscassi.com.br\/ofertas\/wp-content\/uploads\/2025\/01\/Marvels-Spider-Man-2.jpg\",\"contentUrl\":\"https:\/\/www.gameplayscassi.com.br\/ofertas\/wp-content\/uploads\/2025\/01\/Marvels-Spider-Man-2.jpg\",\"width\":1600,\"height\":740},{\"@type\":\"BreadcrumbList\",\"@id\":\"https:\/\/www.gameplayscassi.com.br\/ofertas\/produtos\/jogos\/marvels-spider-man-2\/#breadcrumb\",\"itemListElement\":[{\"@type\":\"ListItem\",\"position\":1,\"name\":\"In\u00edcio\",\"item\":\"https:\/\/www.gameplayscassi.com.br\/ofertas\/\"},{\"@type\":\"ListItem\",\"position\":2,\"name\":\"Produtos\",\"item\":\"https:\/\/www.gameplayscassi.com.br\/ofertas\/\"},{\"@type\":\"ListItem\",\"position\":3,\"name\":\"Marvel&#8217;s Spider-Man 2\"}]},{\"@type\":\"WebSite\",\"@id\":\"https:\/\/www.gameplayscassi.com.br\/ofertas\/#website\",\"url\":\"https:\/\/www.gameplayscassi.com.br\/ofertas\/\",\"name\":\"Gameplayscassi - Ofertas\",\"description\":\"As melhores ofertas para voc\u00ea\",\"publisher\":{\"@id\":\"https:\/\/www.gameplayscassi.com.br\/ofertas\/#organization\"},\"potentialAction\":[{\"@type\":\"SearchAction\",\"target\":{\"@type\":\"EntryPoint\",\"urlTemplate\":\"https:\/\/www.gameplayscassi.com.br\/ofertas\/?s={search_term_string}\"},\"query-input\":{\"@type\":\"PropertyValueSpecification\",\"valueRequired\":true,\"valueName\":\"search_term_string\"}}],\"inLanguage\":\"pt-BR\"},{\"@type\":\"Organization\",\"@id\":\"https:\/\/www.gameplayscassi.com.br\/ofertas\/#organization\",\"name\":\"Gameplayscassi - Ofertas\",\"url\":\"https:\/\/www.gameplayscassi.com.br\/ofertas\/\",\"logo\":{\"@type\":\"ImageObject\",\"inLanguage\":\"pt-BR\",\"@id\":\"https:\/\/www.gameplayscassi.com.br\/ofertas\/#\/schema\/logo\/image\/\",\"url\":\"https:\/\/www.gameplayscassi.com.br\/ofertas\/wp-content\/uploads\/2024\/06\/Gameplayscassi.png\",\"contentUrl\":\"https:\/\/www.gameplayscassi.com.br\/ofertas\/wp-content\/uploads\/2024\/06\/Gameplayscassi.png\",\"width\":544,\"height\":180,\"caption\":\"Gameplayscassi - Ofertas\"},\"image\":{\"@id\":\"https:\/\/www.gameplayscassi.com.br\/ofertas\/#\/schema\/logo\/image\/\"},\"sameAs\":[\"https:\/\/www.facebook.com\/GamePlaysCassi\/\",\"https:\/\/x.com\/Gameplayscassi\",\"https:\/\/www.youtube.com\/gameplayscassi\",\"https:\/\/www.instagram.com\/gameplayscassii\/\",\"https:\/\/store.steampowered.com\/curator\/31464556\/\",\"https:\/\/discord.com\/servers\/gameplayscassi-598567071298617354\"]}]}<\/script>\n<!-- \/ Yoast SEO plugin. -->","yoast_head_json":{"title":"Marvel's Spider-Man 2 em promo\u00e7\u00e3o para PC","description":"Confira o menor pre\u00e7o para comprar Marvel's Spider-Man 2 no PC. Selecionamos apenas as nossas lojas digitais de confian\u00e7a para a compara\u00e7\u00e3o de pre\u00e7os. Voc\u00ea pode comprar a chave do jogo na loja em que estiver com a melhor oferta. Ap\u00f3s realizar a compra, voc\u00ea precisa utilizar o cliente indicado pela loja para ativar e baixar o seu jogo.","robots":{"index":"index","follow":"follow","max-snippet":"max-snippet:-1","max-image-preview":"max-image-preview:large","max-video-preview":"max-video-preview:-1"},"canonical":"https:\/\/www.gameplayscassi.com.br\/ofertas\/produtos\/jogos\/marvels-spider-man-2\/","og_locale":"pt_BR","og_type":"article","og_title":"Marvel's Spider-Man 2 em promo\u00e7\u00e3o para PC","og_description":"Confira o menor pre\u00e7o para comprar Marvel's Spider-Man 2 no PC. Selecionamos apenas as nossas lojas digitais de confian\u00e7a para a compara\u00e7\u00e3o de pre\u00e7os. Voc\u00ea pode comprar a chave do jogo na loja em que estiver com a melhor oferta. Ap\u00f3s realizar a compra, voc\u00ea precisa utilizar o cliente indicado pela loja para ativar e baixar o seu jogo.","og_url":"https:\/\/www.gameplayscassi.com.br\/ofertas\/produtos\/jogos\/marvels-spider-man-2\/","og_site_name":"Gameplayscassi - Ofertas","article_publisher":"https:\/\/www.facebook.com\/GamePlaysCassi\/","article_modified_time":"2026-04-15T19:54:22+00:00","og_image":[{"width":1600,"height":740,"url":"https:\/\/www.gameplayscassi.com.br\/ofertas\/wp-content\/uploads\/2025\/01\/Marvels-Spider-Man-2.jpg","type":"image\/jpeg"}],"twitter_card":"summary_large_image","twitter_site":"@Gameplayscassi","twitter_misc":{"Est. tempo de leitura":"4 minutos"},"schema":{"@context":"https:\/\/schema.org","@graph":[{"@type":"WebPage","@id":"https:\/\/www.gameplayscassi.com.br\/ofertas\/produtos\/jogos\/marvels-spider-man-2\/","url":"https:\/\/www.gameplayscassi.com.br\/ofertas\/produtos\/jogos\/marvels-spider-man-2\/","name":"Marvel's Spider-Man 2 em promo\u00e7\u00e3o para PC","isPartOf":{"@id":"https:\/\/www.gameplayscassi.com.br\/ofertas\/#website"},"primaryImageOfPage":{"@id":"https:\/\/www.gameplayscassi.com.br\/ofertas\/produtos\/jogos\/marvels-spider-man-2\/#primaryimage"},"image":{"@id":"https:\/\/www.gameplayscassi.com.br\/ofertas\/produtos\/jogos\/marvels-spider-man-2\/#primaryimage"},"thumbnailUrl":"https:\/\/www.gameplayscassi.com.br\/ofertas\/wp-content\/uploads\/2025\/01\/Marvels-Spider-Man-2.jpg","datePublished":"2025-01-30T16:36:24+00:00","dateModified":"2026-04-15T19:54:22+00:00","description":"Confira o menor pre\u00e7o para comprar Marvel's Spider-Man 2 no PC. Selecionamos apenas as nossas lojas digitais de confian\u00e7a para a compara\u00e7\u00e3o de pre\u00e7os. Voc\u00ea pode comprar a chave do jogo na loja em que estiver com a melhor oferta. Ap\u00f3s realizar a compra, voc\u00ea precisa utilizar o cliente indicado pela loja para ativar e baixar o seu jogo.","breadcrumb":{"@id":"https:\/\/www.gameplayscassi.com.br\/ofertas\/produtos\/jogos\/marvels-spider-man-2\/#breadcrumb"},"inLanguage":"pt-BR","potentialAction":[{"@type":"ReadAction","target":["https:\/\/www.gameplayscassi.com.br\/ofertas\/produtos\/jogos\/marvels-spider-man-2\/"]}]},{"@type":"ImageObject","inLanguage":"pt-BR","@id":"https:\/\/www.gameplayscassi.com.br\/ofertas\/produtos\/jogos\/marvels-spider-man-2\/#primaryimage","url":"https:\/\/www.gameplayscassi.com.br\/ofertas\/wp-content\/uploads\/2025\/01\/Marvels-Spider-Man-2.jpg","contentUrl":"https:\/\/www.gameplayscassi.com.br\/ofertas\/wp-content\/uploads\/2025\/01\/Marvels-Spider-Man-2.jpg","width":1600,"height":740},{"@type":"BreadcrumbList","@id":"https:\/\/www.gameplayscassi.com.br\/ofertas\/produtos\/jogos\/marvels-spider-man-2\/#breadcrumb","itemListElement":[{"@type":"ListItem","position":1,"name":"In\u00edcio","item":"https:\/\/www.gameplayscassi.com.br\/ofertas\/"},{"@type":"ListItem","position":2,"name":"Produtos","item":"https:\/\/www.gameplayscassi.com.br\/ofertas\/"},{"@type":"ListItem","position":3,"name":"Marvel&#8217;s Spider-Man 2"}]},{"@type":"WebSite","@id":"https:\/\/www.gameplayscassi.com.br\/ofertas\/#website","url":"https:\/\/www.gameplayscassi.com.br\/ofertas\/","name":"Gameplayscassi - Ofertas","description":"As melhores ofertas para voc\u00ea","publisher":{"@id":"https:\/\/www.gameplayscassi.com.br\/ofertas\/#organization"},"potentialAction":[{"@type":"SearchAction","target":{"@type":"EntryPoint","urlTemplate":"https:\/\/www.gameplayscassi.com.br\/ofertas\/?s={search_term_string}"},"query-input":{"@type":"PropertyValueSpecification","valueRequired":true,"valueName":"search_term_string"}}],"inLanguage":"pt-BR"},{"@type":"Organization","@id":"https:\/\/www.gameplayscassi.com.br\/ofertas\/#organization","name":"Gameplayscassi - Ofertas","url":"https:\/\/www.gameplayscassi.com.br\/ofertas\/","logo":{"@type":"ImageObject","inLanguage":"pt-BR","@id":"https:\/\/www.gameplayscassi.com.br\/ofertas\/#\/schema\/logo\/image\/","url":"https:\/\/www.gameplayscassi.com.br\/ofertas\/wp-content\/uploads\/2024\/06\/Gameplayscassi.png","contentUrl":"https:\/\/www.gameplayscassi.com.br\/ofertas\/wp-content\/uploads\/2024\/06\/Gameplayscassi.png","width":544,"height":180,"caption":"Gameplayscassi - Ofertas"},"image":{"@id":"https:\/\/www.gameplayscassi.com.br\/ofertas\/#\/schema\/logo\/image\/"},"sameAs":["https:\/\/www.facebook.com\/GamePlaysCassi\/","https:\/\/x.com\/Gameplayscassi","https:\/\/www.youtube.com\/gameplayscassi","https:\/\/www.instagram.com\/gameplayscassii\/","https:\/\/store.steampowered.com\/curator\/31464556\/","https:\/\/discord.com\/servers\/gameplayscassi-598567071298617354"]}]}},"jetpack_sharing_enabled":true,"_links":{"self":[{"href":"https:\/\/www.gameplayscassi.com.br\/ofertas\/wp-json\/wp\/v2\/product\/75856","targetHints":{"allow":["GET"]}}],"collection":[{"href":"https:\/\/www.gameplayscassi.com.br\/ofertas\/wp-json\/wp\/v2\/product"}],"about":[{"href":"https:\/\/www.gameplayscassi.com.br\/ofertas\/wp-json\/wp\/v2\/types\/product"}],"version-history":[{"count":0,"href":"https:\/\/www.gameplayscassi.com.br\/ofertas\/wp-json\/wp\/v2\/product\/75856\/revisions"}],"wp:featuredmedia":[{"embeddable":true,"href":"https:\/\/www.gameplayscassi.com.br\/ofertas\/wp-json\/wp\/v2\/media\/75858"}],"wp:attachment":[{"href":"https:\/\/www.gameplayscassi.com.br\/ofertas\/wp-json\/wp\/v2\/media?parent=75856"}],"wp:term":[{"taxonomy":"store","embeddable":true,"href":"https:\/\/www.gameplayscassi.com.br\/ofertas\/wp-json\/wp\/v2\/store?post=75856"},{"taxonomy":"product_brand","embeddable":true,"href":"https:\/\/www.gameplayscassi.com.br\/ofertas\/wp-json\/wp\/v2\/product_brand?post=75856"},{"taxonomy":"product_cat","embeddable":true,"href":"https:\/\/www.gameplayscassi.com.br\/ofertas\/wp-json\/wp\/v2\/product_cat?post=75856"},{"taxonomy":"product_tag","embeddable":true,"href":"https:\/\/www.gameplayscassi.com.br\/ofertas\/wp-json\/wp\/v2\/product_tag?post=75856"}],"curies":[{"name":"wp","href":"https:\/\/api.w.org\/{rel}","templated":true}]}}