{"id":75644,"date":"2025-01-22T18:45:15","date_gmt":"2025-01-22T21:45:15","guid":{"rendered":"https:\/\/www.gameplayscassi.com.br\/ofertas\/?post_type=product&#038;p=75644"},"modified":"2026-04-23T20:54:47","modified_gmt":"2026-04-23T23:54:47","slug":"fallout-76","status":"publish","type":"product","link":"https:\/\/www.gameplayscassi.com.br\/ofertas\/produtos\/jogos\/fallout-76\/","title":{"rendered":"Fallout 76"},"content":{"rendered":"<p class=\"bb_paragraph\">A Bethesda Game Studios, premiada criadora de Skyrim e Fallout 4, apresenta o Fallout 76. Vinte e cinco anos ap\u00f3s as bombas ca\u00edrem, voc\u00ea e seus colegas habitantes do Ref\u00fagio \u2014 escolhidos dentre os melhores e mais brilhantes da na\u00e7\u00e3o \u2014 emergem nos Estados Unidos p\u00f3s-nuclear no Dia da Retomada, em 2102. Jogue sozinho ou junte-se a outros enquanto explora, faz miss\u00f5es, constr\u00f3i e triunfa frente \u00e0s maiores amea\u00e7as dos Ermos. Explore os ermos devastados pela guerra nuclear neste suplemento multijogador de mundo aberto da hist\u00f3ria de Fallout. Voc\u00ea viver\u00e1 no maior e mais din\u00e2mico mundo j\u00e1 criado no lend\u00e1rio universo de Fallout.<\/p>\n<p class=\"bb_paragraph\">Curta Fallout 76 como nunca, transforme seu personagem em Necr\u00f3tico e desbloqueie v\u00e1rios cart\u00f5es de vantagens. Aproveite o dano por radia\u00e7\u00e3o para aumentar o medidor de Brilho e recuperar sa\u00fade e depois use o Brilho em habilidades novas. Consuma narcos para controlar o medidor de Ferocidade ou torne-se um guerreiro de combate corpo a corpo violento. Use disfarces para manter boas rela\u00e7\u00f5es com a Irmandade do A\u00e7o e outros habitantes.<\/p>\n<h2 class=\"bb_tag\">Linhas de Miss\u00f5es Imersivas e Personagens Envolventes<\/h2>\n<p class=\"bb_paragraph\">Desvende os segredos da Virg\u00ednia Ocidental jogando uma miss\u00e3o principal totalmente nova que come\u00e7a assim que voc\u00ea deixa o Ref\u00fagio 76. Fa\u00e7a amizade ou traia os novos vizinhos que vieram reconstruir suas vidas e veja os Apalaches pelos olhos de seus residentes.<\/p>\n<h2 class=\"bb_tag\">Bandeja De Score Sazonal<\/h2>\n<p class=\"bb_paragraph\">Progrida em uma temporada com um conjunto de recompensas totalmente gratuito, com consum\u00edveis, itens de CAMP e mais concluindo desafios por tempo limitado.<\/p>\n<h2 class=\"bb_tag\">Rpg Multijogador<\/h2>\n<p class=\"bb_paragraph\">Crie seu personagem com o sistema S.P.E.C.I.A.L. e forme seu caminho e sua reputa\u00e7\u00e3o com novos ermos selvagens com centenas de locais. Jogando seja sozinho ou com amigos, uma aventura nova e \u00fanica de Fallout te espera.<\/p>\n<h2 class=\"bb_tag\">Montanhas Esplendorosas<\/h2>\n<p class=\"bb_paragraph\">A hist\u00f3ria se passa no mundo de Fallout 76, que traz seis regi\u00f5es distintas da Virg\u00ednia Ocidental. Das florestas dos Apalaches \u00e0s \u00e1reas avermelhadas e nocivas do Brejo Cranberry, cada local oferece seus pr\u00f3prios riscos e recompensas.<\/p>\n<h2 class=\"bb_tag\">Um Novo Sonho Americano<\/h2>\n<p class=\"bb_paragraph\">Use o nov\u00edssimo Centro de Assist\u00eancia M\u00f3vel de Produ\u00e7\u00e3o (C.A.M.P.) para construir e montar em qualquer lugar do mundo. Seu C.A.M.P. fornecer\u00e1 abrigo, suprimentos e seguran\u00e7a t\u00e3o necess\u00e1rios. Voc\u00ea inclusive pode abrir uma loja para negociar produtos com outros sobreviventes.<\/p>\n<h2 class=\"bb_tag\">Mundos Fallout<\/h2>\n<p class=\"bb_paragraph\">Jogue em aventuras \u00fanicas nos Apalaches com Mundos Fallout, que traz um incr\u00edvel conjunto de recursos que d\u00e1 aos jogadores a capacidade de jogar Fallout 76 de modos \u00fanicos, com configura\u00e7\u00f5es personaliz\u00e1veis.<\/p>\n","protected":false},"excerpt":{"rendered":"<p>Confira o menor pre\u00e7o para comprar <strong>Fallout 76<\/strong> no PC. Selecionamos apenas as nossas lojas digitais de confian\u00e7a para a compara\u00e7\u00e3o de pre\u00e7os. Voc\u00ea pode comprar a chave do jogo na loja em que estiver com a melhor oferta. Ap\u00f3s realizar a compra, voc\u00ea precisa utilizar o cliente indicado pela loja para ativar e baixar o seu jogo.<\/p>\n","protected":false},"featured_media":77925,"template":"","meta":[],"store":[],"product_brand":[],"product_cat":[25],"product_tag":[1120,1119,1134,404,529,124,1133,122,126,26,118,255,127,257,31],"class_list":{"0":"post-75644","1":"product","2":"type-product","3":"status-publish","4":"has-post-thumbnail","6":"product_cat-jogos","7":"product_tag-bethesda-game-studios","8":"product_tag-bethesda-softworks","9":"product_tag-capitalismo","10":"product_tag-conquistas-steam","11":"product_tag-construcao-de-bases","12":"product_tag-geforce-now","13":"product_tag-humor-pesado","14":"product_tag-multijogador","15":"product_tag-mundo-aberto","16":"product_tag-pc","17":"product_tag-pc-game-pass","18":"product_tag-pos-apocaliptico","19":"product_tag-rpg","20":"product_tag-sobrevivencia","21":"product_tag-steam","23":"first","24":"instock","25":"sale","26":"purchasable","27":"product-type-simple"},"yoast_head":"<!-- This site is optimized with the Yoast SEO plugin v27.2 - https:\/\/yoast.com\/product\/yoast-seo-wordpress\/ -->\n<title>Fallout 76 em promo\u00e7\u00e3o para PC<\/title>\n<meta name=\"description\" content=\"Confira o menor pre\u00e7o para comprar Fallout 76 no PC. Selecionamos apenas as nossas lojas digitais de confian\u00e7a para a compara\u00e7\u00e3o de pre\u00e7os. Voc\u00ea pode comprar a chave do jogo na loja em que estiver com a melhor oferta. Ap\u00f3s realizar a compra, voc\u00ea precisa utilizar o cliente indicado pela loja para ativar e baixar o seu jogo.\" \/>\n<meta name=\"robots\" content=\"index, follow, max-snippet:-1, max-image-preview:large, max-video-preview:-1\" \/>\n<link rel=\"canonical\" href=\"https:\/\/www.gameplayscassi.com.br\/ofertas\/produtos\/jogos\/fallout-76\/\" \/>\n<meta property=\"og:locale\" content=\"pt_BR\" \/>\n<meta property=\"og:type\" content=\"article\" \/>\n<meta property=\"og:title\" content=\"Fallout 76 em promo\u00e7\u00e3o para PC\" \/>\n<meta property=\"og:description\" content=\"Confira o menor pre\u00e7o para comprar Fallout 76 no PC. Selecionamos apenas as nossas lojas digitais de confian\u00e7a para a compara\u00e7\u00e3o de pre\u00e7os. Voc\u00ea pode comprar a chave do jogo na loja em que estiver com a melhor oferta. Ap\u00f3s realizar a compra, voc\u00ea precisa utilizar o cliente indicado pela loja para ativar e baixar o seu jogo.\" \/>\n<meta property=\"og:url\" content=\"https:\/\/www.gameplayscassi.com.br\/ofertas\/produtos\/jogos\/fallout-76\/\" \/>\n<meta property=\"og:site_name\" content=\"Gameplayscassi - Ofertas\" \/>\n<meta property=\"article:publisher\" content=\"https:\/\/www.facebook.com\/GamePlaysCassi\/\" \/>\n<meta property=\"article:modified_time\" content=\"2026-04-23T23:54:47+00:00\" \/>\n<meta property=\"og:image\" content=\"https:\/\/www.gameplayscassi.com.br\/ofertas\/wp-content\/uploads\/2025\/01\/Fallout-76.jpg\" \/>\n\t<meta property=\"og:image:width\" content=\"1600\" \/>\n\t<meta property=\"og:image:height\" content=\"740\" \/>\n\t<meta property=\"og:image:type\" content=\"image\/jpeg\" \/>\n<meta name=\"twitter:card\" content=\"summary_large_image\" \/>\n<meta name=\"twitter:site\" content=\"@Gameplayscassi\" \/>\n<meta name=\"twitter:label1\" content=\"Est. tempo de leitura\" \/>\n\t<meta name=\"twitter:data1\" content=\"3 minutos\" \/>\n<script type=\"application\/ld+json\" class=\"yoast-schema-graph\">{\"@context\":\"https:\/\/schema.org\",\"@graph\":[{\"@type\":\"WebPage\",\"@id\":\"https:\/\/www.gameplayscassi.com.br\/ofertas\/produtos\/jogos\/fallout-76\/\",\"url\":\"https:\/\/www.gameplayscassi.com.br\/ofertas\/produtos\/jogos\/fallout-76\/\",\"name\":\"Fallout 76 em promo\u00e7\u00e3o para PC\",\"isPartOf\":{\"@id\":\"https:\/\/www.gameplayscassi.com.br\/ofertas\/#website\"},\"primaryImageOfPage\":{\"@id\":\"https:\/\/www.gameplayscassi.com.br\/ofertas\/produtos\/jogos\/fallout-76\/#primaryimage\"},\"image\":{\"@id\":\"https:\/\/www.gameplayscassi.com.br\/ofertas\/produtos\/jogos\/fallout-76\/#primaryimage\"},\"thumbnailUrl\":\"https:\/\/www.gameplayscassi.com.br\/ofertas\/wp-content\/uploads\/2025\/01\/Fallout-76.jpg\",\"datePublished\":\"2025-01-22T21:45:15+00:00\",\"dateModified\":\"2026-04-23T23:54:47+00:00\",\"description\":\"Confira o menor pre\u00e7o para comprar Fallout 76 no PC. Selecionamos apenas as nossas lojas digitais de confian\u00e7a para a compara\u00e7\u00e3o de pre\u00e7os. Voc\u00ea pode comprar a chave do jogo na loja em que estiver com a melhor oferta. Ap\u00f3s realizar a compra, voc\u00ea precisa utilizar o cliente indicado pela loja para ativar e baixar o seu jogo.\",\"breadcrumb\":{\"@id\":\"https:\/\/www.gameplayscassi.com.br\/ofertas\/produtos\/jogos\/fallout-76\/#breadcrumb\"},\"inLanguage\":\"pt-BR\",\"potentialAction\":[{\"@type\":\"ReadAction\",\"target\":[\"https:\/\/www.gameplayscassi.com.br\/ofertas\/produtos\/jogos\/fallout-76\/\"]}]},{\"@type\":\"ImageObject\",\"inLanguage\":\"pt-BR\",\"@id\":\"https:\/\/www.gameplayscassi.com.br\/ofertas\/produtos\/jogos\/fallout-76\/#primaryimage\",\"url\":\"https:\/\/www.gameplayscassi.com.br\/ofertas\/wp-content\/uploads\/2025\/01\/Fallout-76.jpg\",\"contentUrl\":\"https:\/\/www.gameplayscassi.com.br\/ofertas\/wp-content\/uploads\/2025\/01\/Fallout-76.jpg\",\"width\":1600,\"height\":740},{\"@type\":\"BreadcrumbList\",\"@id\":\"https:\/\/www.gameplayscassi.com.br\/ofertas\/produtos\/jogos\/fallout-76\/#breadcrumb\",\"itemListElement\":[{\"@type\":\"ListItem\",\"position\":1,\"name\":\"In\u00edcio\",\"item\":\"https:\/\/www.gameplayscassi.com.br\/ofertas\/\"},{\"@type\":\"ListItem\",\"position\":2,\"name\":\"Produtos\",\"item\":\"https:\/\/www.gameplayscassi.com.br\/ofertas\/\"},{\"@type\":\"ListItem\",\"position\":3,\"name\":\"Fallout 76\"}]},{\"@type\":\"WebSite\",\"@id\":\"https:\/\/www.gameplayscassi.com.br\/ofertas\/#website\",\"url\":\"https:\/\/www.gameplayscassi.com.br\/ofertas\/\",\"name\":\"Gameplayscassi - Ofertas\",\"description\":\"As melhores ofertas para voc\u00ea\",\"publisher\":{\"@id\":\"https:\/\/www.gameplayscassi.com.br\/ofertas\/#organization\"},\"potentialAction\":[{\"@type\":\"SearchAction\",\"target\":{\"@type\":\"EntryPoint\",\"urlTemplate\":\"https:\/\/www.gameplayscassi.com.br\/ofertas\/?s={search_term_string}\"},\"query-input\":{\"@type\":\"PropertyValueSpecification\",\"valueRequired\":true,\"valueName\":\"search_term_string\"}}],\"inLanguage\":\"pt-BR\"},{\"@type\":\"Organization\",\"@id\":\"https:\/\/www.gameplayscassi.com.br\/ofertas\/#organization\",\"name\":\"Gameplayscassi - Ofertas\",\"url\":\"https:\/\/www.gameplayscassi.com.br\/ofertas\/\",\"logo\":{\"@type\":\"ImageObject\",\"inLanguage\":\"pt-BR\",\"@id\":\"https:\/\/www.gameplayscassi.com.br\/ofertas\/#\/schema\/logo\/image\/\",\"url\":\"https:\/\/www.gameplayscassi.com.br\/ofertas\/wp-content\/uploads\/2024\/06\/Gameplayscassi.png\",\"contentUrl\":\"https:\/\/www.gameplayscassi.com.br\/ofertas\/wp-content\/uploads\/2024\/06\/Gameplayscassi.png\",\"width\":544,\"height\":180,\"caption\":\"Gameplayscassi - Ofertas\"},\"image\":{\"@id\":\"https:\/\/www.gameplayscassi.com.br\/ofertas\/#\/schema\/logo\/image\/\"},\"sameAs\":[\"https:\/\/www.facebook.com\/GamePlaysCassi\/\",\"https:\/\/x.com\/Gameplayscassi\",\"https:\/\/www.youtube.com\/gameplayscassi\",\"https:\/\/www.instagram.com\/gameplayscassii\/\",\"https:\/\/store.steampowered.com\/curator\/31464556\/\",\"https:\/\/discord.com\/servers\/gameplayscassi-598567071298617354\"]}]}<\/script>\n<!-- \/ Yoast SEO plugin. -->","yoast_head_json":{"title":"Fallout 76 em promo\u00e7\u00e3o para PC","description":"Confira o menor pre\u00e7o para comprar Fallout 76 no PC. Selecionamos apenas as nossas lojas digitais de confian\u00e7a para a compara\u00e7\u00e3o de pre\u00e7os. Voc\u00ea pode comprar a chave do jogo na loja em que estiver com a melhor oferta. Ap\u00f3s realizar a compra, voc\u00ea precisa utilizar o cliente indicado pela loja para ativar e baixar o seu jogo.","robots":{"index":"index","follow":"follow","max-snippet":"max-snippet:-1","max-image-preview":"max-image-preview:large","max-video-preview":"max-video-preview:-1"},"canonical":"https:\/\/www.gameplayscassi.com.br\/ofertas\/produtos\/jogos\/fallout-76\/","og_locale":"pt_BR","og_type":"article","og_title":"Fallout 76 em promo\u00e7\u00e3o para PC","og_description":"Confira o menor pre\u00e7o para comprar Fallout 76 no PC. Selecionamos apenas as nossas lojas digitais de confian\u00e7a para a compara\u00e7\u00e3o de pre\u00e7os. Voc\u00ea pode comprar a chave do jogo na loja em que estiver com a melhor oferta. Ap\u00f3s realizar a compra, voc\u00ea precisa utilizar o cliente indicado pela loja para ativar e baixar o seu jogo.","og_url":"https:\/\/www.gameplayscassi.com.br\/ofertas\/produtos\/jogos\/fallout-76\/","og_site_name":"Gameplayscassi - Ofertas","article_publisher":"https:\/\/www.facebook.com\/GamePlaysCassi\/","article_modified_time":"2026-04-23T23:54:47+00:00","og_image":[{"width":1600,"height":740,"url":"https:\/\/www.gameplayscassi.com.br\/ofertas\/wp-content\/uploads\/2025\/01\/Fallout-76.jpg","type":"image\/jpeg"}],"twitter_card":"summary_large_image","twitter_site":"@Gameplayscassi","twitter_misc":{"Est. tempo de leitura":"3 minutos"},"schema":{"@context":"https:\/\/schema.org","@graph":[{"@type":"WebPage","@id":"https:\/\/www.gameplayscassi.com.br\/ofertas\/produtos\/jogos\/fallout-76\/","url":"https:\/\/www.gameplayscassi.com.br\/ofertas\/produtos\/jogos\/fallout-76\/","name":"Fallout 76 em promo\u00e7\u00e3o para PC","isPartOf":{"@id":"https:\/\/www.gameplayscassi.com.br\/ofertas\/#website"},"primaryImageOfPage":{"@id":"https:\/\/www.gameplayscassi.com.br\/ofertas\/produtos\/jogos\/fallout-76\/#primaryimage"},"image":{"@id":"https:\/\/www.gameplayscassi.com.br\/ofertas\/produtos\/jogos\/fallout-76\/#primaryimage"},"thumbnailUrl":"https:\/\/www.gameplayscassi.com.br\/ofertas\/wp-content\/uploads\/2025\/01\/Fallout-76.jpg","datePublished":"2025-01-22T21:45:15+00:00","dateModified":"2026-04-23T23:54:47+00:00","description":"Confira o menor pre\u00e7o para comprar Fallout 76 no PC. Selecionamos apenas as nossas lojas digitais de confian\u00e7a para a compara\u00e7\u00e3o de pre\u00e7os. Voc\u00ea pode comprar a chave do jogo na loja em que estiver com a melhor oferta. Ap\u00f3s realizar a compra, voc\u00ea precisa utilizar o cliente indicado pela loja para ativar e baixar o seu jogo.","breadcrumb":{"@id":"https:\/\/www.gameplayscassi.com.br\/ofertas\/produtos\/jogos\/fallout-76\/#breadcrumb"},"inLanguage":"pt-BR","potentialAction":[{"@type":"ReadAction","target":["https:\/\/www.gameplayscassi.com.br\/ofertas\/produtos\/jogos\/fallout-76\/"]}]},{"@type":"ImageObject","inLanguage":"pt-BR","@id":"https:\/\/www.gameplayscassi.com.br\/ofertas\/produtos\/jogos\/fallout-76\/#primaryimage","url":"https:\/\/www.gameplayscassi.com.br\/ofertas\/wp-content\/uploads\/2025\/01\/Fallout-76.jpg","contentUrl":"https:\/\/www.gameplayscassi.com.br\/ofertas\/wp-content\/uploads\/2025\/01\/Fallout-76.jpg","width":1600,"height":740},{"@type":"BreadcrumbList","@id":"https:\/\/www.gameplayscassi.com.br\/ofertas\/produtos\/jogos\/fallout-76\/#breadcrumb","itemListElement":[{"@type":"ListItem","position":1,"name":"In\u00edcio","item":"https:\/\/www.gameplayscassi.com.br\/ofertas\/"},{"@type":"ListItem","position":2,"name":"Produtos","item":"https:\/\/www.gameplayscassi.com.br\/ofertas\/"},{"@type":"ListItem","position":3,"name":"Fallout 76"}]},{"@type":"WebSite","@id":"https:\/\/www.gameplayscassi.com.br\/ofertas\/#website","url":"https:\/\/www.gameplayscassi.com.br\/ofertas\/","name":"Gameplayscassi - Ofertas","description":"As melhores ofertas para voc\u00ea","publisher":{"@id":"https:\/\/www.gameplayscassi.com.br\/ofertas\/#organization"},"potentialAction":[{"@type":"SearchAction","target":{"@type":"EntryPoint","urlTemplate":"https:\/\/www.gameplayscassi.com.br\/ofertas\/?s={search_term_string}"},"query-input":{"@type":"PropertyValueSpecification","valueRequired":true,"valueName":"search_term_string"}}],"inLanguage":"pt-BR"},{"@type":"Organization","@id":"https:\/\/www.gameplayscassi.com.br\/ofertas\/#organization","name":"Gameplayscassi - Ofertas","url":"https:\/\/www.gameplayscassi.com.br\/ofertas\/","logo":{"@type":"ImageObject","inLanguage":"pt-BR","@id":"https:\/\/www.gameplayscassi.com.br\/ofertas\/#\/schema\/logo\/image\/","url":"https:\/\/www.gameplayscassi.com.br\/ofertas\/wp-content\/uploads\/2024\/06\/Gameplayscassi.png","contentUrl":"https:\/\/www.gameplayscassi.com.br\/ofertas\/wp-content\/uploads\/2024\/06\/Gameplayscassi.png","width":544,"height":180,"caption":"Gameplayscassi - Ofertas"},"image":{"@id":"https:\/\/www.gameplayscassi.com.br\/ofertas\/#\/schema\/logo\/image\/"},"sameAs":["https:\/\/www.facebook.com\/GamePlaysCassi\/","https:\/\/x.com\/Gameplayscassi","https:\/\/www.youtube.com\/gameplayscassi","https:\/\/www.instagram.com\/gameplayscassii\/","https:\/\/store.steampowered.com\/curator\/31464556\/","https:\/\/discord.com\/servers\/gameplayscassi-598567071298617354"]}]}},"jetpack_sharing_enabled":true,"_links":{"self":[{"href":"https:\/\/www.gameplayscassi.com.br\/ofertas\/wp-json\/wp\/v2\/product\/75644","targetHints":{"allow":["GET"]}}],"collection":[{"href":"https:\/\/www.gameplayscassi.com.br\/ofertas\/wp-json\/wp\/v2\/product"}],"about":[{"href":"https:\/\/www.gameplayscassi.com.br\/ofertas\/wp-json\/wp\/v2\/types\/product"}],"version-history":[{"count":0,"href":"https:\/\/www.gameplayscassi.com.br\/ofertas\/wp-json\/wp\/v2\/product\/75644\/revisions"}],"wp:featuredmedia":[{"embeddable":true,"href":"https:\/\/www.gameplayscassi.com.br\/ofertas\/wp-json\/wp\/v2\/media\/77925"}],"wp:attachment":[{"href":"https:\/\/www.gameplayscassi.com.br\/ofertas\/wp-json\/wp\/v2\/media?parent=75644"}],"wp:term":[{"taxonomy":"store","embeddable":true,"href":"https:\/\/www.gameplayscassi.com.br\/ofertas\/wp-json\/wp\/v2\/store?post=75644"},{"taxonomy":"product_brand","embeddable":true,"href":"https:\/\/www.gameplayscassi.com.br\/ofertas\/wp-json\/wp\/v2\/product_brand?post=75644"},{"taxonomy":"product_cat","embeddable":true,"href":"https:\/\/www.gameplayscassi.com.br\/ofertas\/wp-json\/wp\/v2\/product_cat?post=75644"},{"taxonomy":"product_tag","embeddable":true,"href":"https:\/\/www.gameplayscassi.com.br\/ofertas\/wp-json\/wp\/v2\/product_tag?post=75644"}],"curies":[{"name":"wp","href":"https:\/\/api.w.org\/{rel}","templated":true}]}}