{"id":75624,"date":"2025-01-22T18:45:15","date_gmt":"2025-01-22T21:45:15","guid":{"rendered":"https:\/\/www.gameplayscassi.com.br\/ofertas\/?post_type=product&#038;p=75624"},"modified":"2026-04-24T16:04:28","modified_gmt":"2026-04-24T19:04:28","slug":"dishonored-death-of-the-outsider","status":"publish","type":"product","link":"https:\/\/www.gameplayscassi.com.br\/ofertas\/produtos\/jogos\/dishonored-death-of-the-outsider\/","title":{"rendered":"Dishonored: Death of the Outsider"},"content":{"rendered":"<h2 class=\"bb_tag\">DESCRI\u00c7\u00c3O DO JOGO<\/h2>\n<p>Dos aclamados desenvolvedores da Arkane\u00ae Studios, chega agora Dishonored\u00ae: A Morte do Estranho, a pr\u00f3xima aventura independente da premiada s\u00e9rie Dishonored\u00ae. Seja uma assassina sobrenatural no papel da not\u00f3ria Billie Lurk, que se reunir\u00e1 com seu mentor Daud para juntos realizarem o maior assassinato j\u00e1 concebido. Estruturado na inconfund\u00edvel jogabilidade e estilo art\u00edstico de Dishonored\u00ae 2, A Morte do Estranho possui todas as caracter\u00edsticas marcantes da s\u00e9rie, incluindo sistemas de combate brutais, design \u00fanico de est\u00e1gios e uma narrativa envolvente que reage a todas as suas escolhas. Com personagens convincentes e a\u00e7\u00e3o de tirar o f\u00f4lego, A Morte do Estranho \u00e9 o ponto de entrada perfeito para aqueles que n\u00e3o conhecem a s\u00e9rie Dishonored\u00ae, tamb\u00e9m proporcionando uma expans\u00e3o significativa do mundo e da jogabilidade que os f\u00e3s de longa data conhecem.<\/p>\n<h2 class=\"bb_tag\">HIST\u00d3RIA:<\/h2>\n<p>Assuma o papel de Billie Lurk (tamb\u00e9m conhecida como Meagan Foster), uma das mais afamadas assassinas de aluguel que Dunwall j\u00e1 teve. Ap\u00f3s se reunir com seu antigo mentor, Daud, voc\u00ea executar\u00e1 o maior assassinato j\u00e1 concebido: matar o Estranho, uma figura divina que Billie e Daud creem ter sido crucial para alguns dos momentos mais desonrosos do imp\u00e9rio. \u00c0 medida em que se aventurar pelos becos mais encardidos de Karnaca para desvendar o mist\u00e9rio do Estranho e das suas origens, voc\u00ea enfrentar\u00e1 uma oposi\u00e7\u00e3o mortal, poderes antigos e dif\u00edceis decis\u00f5es que mudar\u00e3o para sempre o mundo ao seu redor.<\/p>\n<h2 class=\"bb_tag\">RECURSOS PRINCIPAIS:<\/h2>\n<p>&nbsp;<\/p>\n<ul class=\"bb_ul\">\n<li>\n<h2 class=\"bb_tag\">A assassina sobrenatural suprema<\/h2>\n<p>Esconda-se nas sombras ou revele-se \u00e0 luz do dia para enfrentar qualquer inimigo \u2013 a op\u00e7\u00e3o \u00e9 sua. Com acesso a um conjunto \u00fanico de habilidades sobrenaturais, aparatos e armas, voc\u00ea poder\u00e1 abordar cada situa\u00e7\u00e3o \u00e0 pr\u00f3pria maneira. Use suas t\u00e9cnicas e habilidades para prosseguir sem chamar a aten\u00e7\u00e3o ou para eliminar com brutalidade qualquer obst\u00e1culo \u00e0 sua frente.<\/li>\n<li>\n<h2 class=\"bb_tag\">O maior dos assassinatos<\/h2>\n<p>Eliminar o Estranho n\u00e3o ser\u00e1 f\u00e1cil. Voc\u00ea ter\u00e1 que fazer uma jornada pelos podres obscuros de Karnaca, onde ir\u00e1 desvendar alguns dos segredos perdidos da cidade. No caminho, voc\u00ea ter\u00e1 que se infiltrar em clubes de luta do submundo e cultos de magia negra e apanhar antigos artefatos em um emocionante roubo a banco que ir\u00e1 preparar o palco para sua maior miss\u00e3o.<\/li>\n<li>\n<h2 class=\"bb_tag\">Os alvos definitivos<\/h2>\n<p>Durante sua ca\u00e7ada ao Estranho, voc\u00ea ir\u00e1 encontrar e enfrentar um novo elenco de inimigos. Voc\u00ea precisar\u00e1 de suas armas, aparatos e habilidades para derrotar advers\u00e1rios mort\u00edferos como os imortais Visionados, as implac\u00e1veis Irm\u00e3s da Ordem Oracular e os novos soldados aut\u00f4matos. Suba a aposta com contratos opcionais para localizar e eliminar alvos adicionais durante sua miss\u00e3o.<\/li>\n<li>\n<h2 class=\"bb_tag\">Jogue novamente como quiser<\/h2>\n<p>Aumente ainda mais o potencial para o caos criativo jogando de novo com alguns dos famosos poderes de Dishonored\u00ae 2 no modo Jogo Original Extra (JO+).<\/li>\n<\/ul>\n","protected":false},"excerpt":{"rendered":"<p>Confira o menor pre\u00e7o para comprar <strong>Dishonored: Death of the Outsider<\/strong> no PC. Selecionamos apenas as nossas lojas digitais de confian\u00e7a para a compara\u00e7\u00e3o de pre\u00e7os. Voc\u00ea pode comprar a chave do jogo na loja em que estiver com a melhor oferta. Ap\u00f3s realizar a compra, voc\u00ea precisa utilizar o cliente indicado pela loja para ativar e baixar o seu jogo.<\/p>\n","protected":false},"featured_media":77549,"template":"","meta":[],"store":[],"product_brand":[],"product_cat":[25],"product_tag":[119,1128,680,182,1119,405,404,144,124,406,26,118,471,460,31,191,972,147],"class_list":{"0":"post-75624","1":"product","2":"type-product","3":"status-publish","4":"has-post-thumbnail","6":"product_cat-jogos","7":"product_tag-acao","8":"product_tag-arkane-studios","9":"product_tag-assassino","10":"product_tag-atmosferico","11":"product_tag-bethesda-softworks","12":"product_tag-compartilhamento-em-familia","13":"product_tag-conquistas-steam","14":"product_tag-furtivo","15":"product_tag-geforce-now","16":"product_tag-nuvem-steam","17":"product_tag-pc","18":"product_tag-pc-game-pass","19":"product_tag-primeira-pessoa","20":"product_tag-protagonista-mulher","21":"product_tag-steam","22":"product_tag-steam-deck","23":"product_tag-steampunk","24":"product_tag-um-jogador","26":"first","27":"instock","28":"sale","29":"purchasable","30":"product-type-simple"},"yoast_head":"<!-- This site is optimized with the Yoast SEO plugin v27.2 - https:\/\/yoast.com\/product\/yoast-seo-wordpress\/ -->\n<title>Dishonored: Death of the Outsider em promo\u00e7\u00e3o para PC<\/title>\n<meta name=\"description\" content=\"Confira o menor pre\u00e7o para comprar Dishonored: Death of the Outsider no PC. Selecionamos apenas as nossas lojas digitais de confian\u00e7a para a compara\u00e7\u00e3o de pre\u00e7os. Voc\u00ea pode comprar a chave do jogo na loja em que estiver com a melhor oferta. Ap\u00f3s realizar a compra, voc\u00ea precisa utilizar o cliente indicado pela loja para ativar e baixar o seu jogo.\" \/>\n<meta name=\"robots\" content=\"index, follow, max-snippet:-1, max-image-preview:large, max-video-preview:-1\" \/>\n<link rel=\"canonical\" href=\"https:\/\/www.gameplayscassi.com.br\/ofertas\/produtos\/jogos\/dishonored-death-of-the-outsider\/\" \/>\n<meta property=\"og:locale\" content=\"pt_BR\" \/>\n<meta property=\"og:type\" content=\"article\" \/>\n<meta property=\"og:title\" content=\"Dishonored: Death of the Outsider em promo\u00e7\u00e3o para PC\" \/>\n<meta property=\"og:description\" content=\"Confira o menor pre\u00e7o para comprar Dishonored: Death of the Outsider no PC. Selecionamos apenas as nossas lojas digitais de confian\u00e7a para a compara\u00e7\u00e3o de pre\u00e7os. Voc\u00ea pode comprar a chave do jogo na loja em que estiver com a melhor oferta. Ap\u00f3s realizar a compra, voc\u00ea precisa utilizar o cliente indicado pela loja para ativar e baixar o seu jogo.\" \/>\n<meta property=\"og:url\" content=\"https:\/\/www.gameplayscassi.com.br\/ofertas\/produtos\/jogos\/dishonored-death-of-the-outsider\/\" \/>\n<meta property=\"og:site_name\" content=\"Gameplayscassi - Ofertas\" \/>\n<meta property=\"article:publisher\" content=\"https:\/\/www.facebook.com\/GamePlaysCassi\/\" \/>\n<meta property=\"article:modified_time\" content=\"2026-04-24T19:04:28+00:00\" \/>\n<meta property=\"og:image\" content=\"https:\/\/www.gameplayscassi.com.br\/ofertas\/wp-content\/uploads\/2025\/01\/Dishonored-Death-of-the-Outsider.jpg\" \/>\n\t<meta property=\"og:image:width\" content=\"1600\" \/>\n\t<meta property=\"og:image:height\" content=\"740\" \/>\n\t<meta property=\"og:image:type\" content=\"image\/jpeg\" \/>\n<meta name=\"twitter:card\" content=\"summary_large_image\" \/>\n<meta name=\"twitter:site\" content=\"@Gameplayscassi\" \/>\n<meta name=\"twitter:label1\" content=\"Est. tempo de leitura\" \/>\n\t<meta name=\"twitter:data1\" content=\"3 minutos\" \/>\n<script type=\"application\/ld+json\" class=\"yoast-schema-graph\">{\"@context\":\"https:\/\/schema.org\",\"@graph\":[{\"@type\":\"WebPage\",\"@id\":\"https:\/\/www.gameplayscassi.com.br\/ofertas\/produtos\/jogos\/dishonored-death-of-the-outsider\/\",\"url\":\"https:\/\/www.gameplayscassi.com.br\/ofertas\/produtos\/jogos\/dishonored-death-of-the-outsider\/\",\"name\":\"Dishonored: Death of the Outsider em promo\u00e7\u00e3o para PC\",\"isPartOf\":{\"@id\":\"https:\/\/www.gameplayscassi.com.br\/ofertas\/#website\"},\"primaryImageOfPage\":{\"@id\":\"https:\/\/www.gameplayscassi.com.br\/ofertas\/produtos\/jogos\/dishonored-death-of-the-outsider\/#primaryimage\"},\"image\":{\"@id\":\"https:\/\/www.gameplayscassi.com.br\/ofertas\/produtos\/jogos\/dishonored-death-of-the-outsider\/#primaryimage\"},\"thumbnailUrl\":\"https:\/\/www.gameplayscassi.com.br\/ofertas\/wp-content\/uploads\/2025\/01\/Dishonored-Death-of-the-Outsider.jpg\",\"datePublished\":\"2025-01-22T21:45:15+00:00\",\"dateModified\":\"2026-04-24T19:04:28+00:00\",\"description\":\"Confira o menor pre\u00e7o para comprar Dishonored: Death of the Outsider no PC. Selecionamos apenas as nossas lojas digitais de confian\u00e7a para a compara\u00e7\u00e3o de pre\u00e7os. Voc\u00ea pode comprar a chave do jogo na loja em que estiver com a melhor oferta. Ap\u00f3s realizar a compra, voc\u00ea precisa utilizar o cliente indicado pela loja para ativar e baixar o seu jogo.\",\"breadcrumb\":{\"@id\":\"https:\/\/www.gameplayscassi.com.br\/ofertas\/produtos\/jogos\/dishonored-death-of-the-outsider\/#breadcrumb\"},\"inLanguage\":\"pt-BR\",\"potentialAction\":[{\"@type\":\"ReadAction\",\"target\":[\"https:\/\/www.gameplayscassi.com.br\/ofertas\/produtos\/jogos\/dishonored-death-of-the-outsider\/\"]}]},{\"@type\":\"ImageObject\",\"inLanguage\":\"pt-BR\",\"@id\":\"https:\/\/www.gameplayscassi.com.br\/ofertas\/produtos\/jogos\/dishonored-death-of-the-outsider\/#primaryimage\",\"url\":\"https:\/\/www.gameplayscassi.com.br\/ofertas\/wp-content\/uploads\/2025\/01\/Dishonored-Death-of-the-Outsider.jpg\",\"contentUrl\":\"https:\/\/www.gameplayscassi.com.br\/ofertas\/wp-content\/uploads\/2025\/01\/Dishonored-Death-of-the-Outsider.jpg\",\"width\":1600,\"height\":740},{\"@type\":\"BreadcrumbList\",\"@id\":\"https:\/\/www.gameplayscassi.com.br\/ofertas\/produtos\/jogos\/dishonored-death-of-the-outsider\/#breadcrumb\",\"itemListElement\":[{\"@type\":\"ListItem\",\"position\":1,\"name\":\"In\u00edcio\",\"item\":\"https:\/\/www.gameplayscassi.com.br\/ofertas\/\"},{\"@type\":\"ListItem\",\"position\":2,\"name\":\"Produtos\",\"item\":\"https:\/\/www.gameplayscassi.com.br\/ofertas\/\"},{\"@type\":\"ListItem\",\"position\":3,\"name\":\"Dishonored: Death of the Outsider\"}]},{\"@type\":\"WebSite\",\"@id\":\"https:\/\/www.gameplayscassi.com.br\/ofertas\/#website\",\"url\":\"https:\/\/www.gameplayscassi.com.br\/ofertas\/\",\"name\":\"Gameplayscassi - Ofertas\",\"description\":\"As melhores ofertas para voc\u00ea\",\"publisher\":{\"@id\":\"https:\/\/www.gameplayscassi.com.br\/ofertas\/#organization\"},\"potentialAction\":[{\"@type\":\"SearchAction\",\"target\":{\"@type\":\"EntryPoint\",\"urlTemplate\":\"https:\/\/www.gameplayscassi.com.br\/ofertas\/?s={search_term_string}\"},\"query-input\":{\"@type\":\"PropertyValueSpecification\",\"valueRequired\":true,\"valueName\":\"search_term_string\"}}],\"inLanguage\":\"pt-BR\"},{\"@type\":\"Organization\",\"@id\":\"https:\/\/www.gameplayscassi.com.br\/ofertas\/#organization\",\"name\":\"Gameplayscassi - Ofertas\",\"url\":\"https:\/\/www.gameplayscassi.com.br\/ofertas\/\",\"logo\":{\"@type\":\"ImageObject\",\"inLanguage\":\"pt-BR\",\"@id\":\"https:\/\/www.gameplayscassi.com.br\/ofertas\/#\/schema\/logo\/image\/\",\"url\":\"https:\/\/www.gameplayscassi.com.br\/ofertas\/wp-content\/uploads\/2024\/06\/Gameplayscassi.png\",\"contentUrl\":\"https:\/\/www.gameplayscassi.com.br\/ofertas\/wp-content\/uploads\/2024\/06\/Gameplayscassi.png\",\"width\":544,\"height\":180,\"caption\":\"Gameplayscassi - Ofertas\"},\"image\":{\"@id\":\"https:\/\/www.gameplayscassi.com.br\/ofertas\/#\/schema\/logo\/image\/\"},\"sameAs\":[\"https:\/\/www.facebook.com\/GamePlaysCassi\/\",\"https:\/\/x.com\/Gameplayscassi\",\"https:\/\/www.youtube.com\/gameplayscassi\",\"https:\/\/www.instagram.com\/gameplayscassii\/\",\"https:\/\/store.steampowered.com\/curator\/31464556\/\",\"https:\/\/discord.com\/servers\/gameplayscassi-598567071298617354\"]}]}<\/script>\n<!-- \/ Yoast SEO plugin. -->","yoast_head_json":{"title":"Dishonored: Death of the Outsider em promo\u00e7\u00e3o para PC","description":"Confira o menor pre\u00e7o para comprar Dishonored: Death of the Outsider no PC. Selecionamos apenas as nossas lojas digitais de confian\u00e7a para a compara\u00e7\u00e3o de pre\u00e7os. Voc\u00ea pode comprar a chave do jogo na loja em que estiver com a melhor oferta. Ap\u00f3s realizar a compra, voc\u00ea precisa utilizar o cliente indicado pela loja para ativar e baixar o seu jogo.","robots":{"index":"index","follow":"follow","max-snippet":"max-snippet:-1","max-image-preview":"max-image-preview:large","max-video-preview":"max-video-preview:-1"},"canonical":"https:\/\/www.gameplayscassi.com.br\/ofertas\/produtos\/jogos\/dishonored-death-of-the-outsider\/","og_locale":"pt_BR","og_type":"article","og_title":"Dishonored: Death of the Outsider em promo\u00e7\u00e3o para PC","og_description":"Confira o menor pre\u00e7o para comprar Dishonored: Death of the Outsider no PC. Selecionamos apenas as nossas lojas digitais de confian\u00e7a para a compara\u00e7\u00e3o de pre\u00e7os. Voc\u00ea pode comprar a chave do jogo na loja em que estiver com a melhor oferta. Ap\u00f3s realizar a compra, voc\u00ea precisa utilizar o cliente indicado pela loja para ativar e baixar o seu jogo.","og_url":"https:\/\/www.gameplayscassi.com.br\/ofertas\/produtos\/jogos\/dishonored-death-of-the-outsider\/","og_site_name":"Gameplayscassi - Ofertas","article_publisher":"https:\/\/www.facebook.com\/GamePlaysCassi\/","article_modified_time":"2026-04-24T19:04:28+00:00","og_image":[{"width":1600,"height":740,"url":"https:\/\/www.gameplayscassi.com.br\/ofertas\/wp-content\/uploads\/2025\/01\/Dishonored-Death-of-the-Outsider.jpg","type":"image\/jpeg"}],"twitter_card":"summary_large_image","twitter_site":"@Gameplayscassi","twitter_misc":{"Est. tempo de leitura":"3 minutos"},"schema":{"@context":"https:\/\/schema.org","@graph":[{"@type":"WebPage","@id":"https:\/\/www.gameplayscassi.com.br\/ofertas\/produtos\/jogos\/dishonored-death-of-the-outsider\/","url":"https:\/\/www.gameplayscassi.com.br\/ofertas\/produtos\/jogos\/dishonored-death-of-the-outsider\/","name":"Dishonored: Death of the Outsider em promo\u00e7\u00e3o para PC","isPartOf":{"@id":"https:\/\/www.gameplayscassi.com.br\/ofertas\/#website"},"primaryImageOfPage":{"@id":"https:\/\/www.gameplayscassi.com.br\/ofertas\/produtos\/jogos\/dishonored-death-of-the-outsider\/#primaryimage"},"image":{"@id":"https:\/\/www.gameplayscassi.com.br\/ofertas\/produtos\/jogos\/dishonored-death-of-the-outsider\/#primaryimage"},"thumbnailUrl":"https:\/\/www.gameplayscassi.com.br\/ofertas\/wp-content\/uploads\/2025\/01\/Dishonored-Death-of-the-Outsider.jpg","datePublished":"2025-01-22T21:45:15+00:00","dateModified":"2026-04-24T19:04:28+00:00","description":"Confira o menor pre\u00e7o para comprar Dishonored: Death of the Outsider no PC. Selecionamos apenas as nossas lojas digitais de confian\u00e7a para a compara\u00e7\u00e3o de pre\u00e7os. Voc\u00ea pode comprar a chave do jogo na loja em que estiver com a melhor oferta. Ap\u00f3s realizar a compra, voc\u00ea precisa utilizar o cliente indicado pela loja para ativar e baixar o seu jogo.","breadcrumb":{"@id":"https:\/\/www.gameplayscassi.com.br\/ofertas\/produtos\/jogos\/dishonored-death-of-the-outsider\/#breadcrumb"},"inLanguage":"pt-BR","potentialAction":[{"@type":"ReadAction","target":["https:\/\/www.gameplayscassi.com.br\/ofertas\/produtos\/jogos\/dishonored-death-of-the-outsider\/"]}]},{"@type":"ImageObject","inLanguage":"pt-BR","@id":"https:\/\/www.gameplayscassi.com.br\/ofertas\/produtos\/jogos\/dishonored-death-of-the-outsider\/#primaryimage","url":"https:\/\/www.gameplayscassi.com.br\/ofertas\/wp-content\/uploads\/2025\/01\/Dishonored-Death-of-the-Outsider.jpg","contentUrl":"https:\/\/www.gameplayscassi.com.br\/ofertas\/wp-content\/uploads\/2025\/01\/Dishonored-Death-of-the-Outsider.jpg","width":1600,"height":740},{"@type":"BreadcrumbList","@id":"https:\/\/www.gameplayscassi.com.br\/ofertas\/produtos\/jogos\/dishonored-death-of-the-outsider\/#breadcrumb","itemListElement":[{"@type":"ListItem","position":1,"name":"In\u00edcio","item":"https:\/\/www.gameplayscassi.com.br\/ofertas\/"},{"@type":"ListItem","position":2,"name":"Produtos","item":"https:\/\/www.gameplayscassi.com.br\/ofertas\/"},{"@type":"ListItem","position":3,"name":"Dishonored: Death of the Outsider"}]},{"@type":"WebSite","@id":"https:\/\/www.gameplayscassi.com.br\/ofertas\/#website","url":"https:\/\/www.gameplayscassi.com.br\/ofertas\/","name":"Gameplayscassi - Ofertas","description":"As melhores ofertas para voc\u00ea","publisher":{"@id":"https:\/\/www.gameplayscassi.com.br\/ofertas\/#organization"},"potentialAction":[{"@type":"SearchAction","target":{"@type":"EntryPoint","urlTemplate":"https:\/\/www.gameplayscassi.com.br\/ofertas\/?s={search_term_string}"},"query-input":{"@type":"PropertyValueSpecification","valueRequired":true,"valueName":"search_term_string"}}],"inLanguage":"pt-BR"},{"@type":"Organization","@id":"https:\/\/www.gameplayscassi.com.br\/ofertas\/#organization","name":"Gameplayscassi - Ofertas","url":"https:\/\/www.gameplayscassi.com.br\/ofertas\/","logo":{"@type":"ImageObject","inLanguage":"pt-BR","@id":"https:\/\/www.gameplayscassi.com.br\/ofertas\/#\/schema\/logo\/image\/","url":"https:\/\/www.gameplayscassi.com.br\/ofertas\/wp-content\/uploads\/2024\/06\/Gameplayscassi.png","contentUrl":"https:\/\/www.gameplayscassi.com.br\/ofertas\/wp-content\/uploads\/2024\/06\/Gameplayscassi.png","width":544,"height":180,"caption":"Gameplayscassi - Ofertas"},"image":{"@id":"https:\/\/www.gameplayscassi.com.br\/ofertas\/#\/schema\/logo\/image\/"},"sameAs":["https:\/\/www.facebook.com\/GamePlaysCassi\/","https:\/\/x.com\/Gameplayscassi","https:\/\/www.youtube.com\/gameplayscassi","https:\/\/www.instagram.com\/gameplayscassii\/","https:\/\/store.steampowered.com\/curator\/31464556\/","https:\/\/discord.com\/servers\/gameplayscassi-598567071298617354"]}]}},"jetpack_sharing_enabled":true,"_links":{"self":[{"href":"https:\/\/www.gameplayscassi.com.br\/ofertas\/wp-json\/wp\/v2\/product\/75624","targetHints":{"allow":["GET"]}}],"collection":[{"href":"https:\/\/www.gameplayscassi.com.br\/ofertas\/wp-json\/wp\/v2\/product"}],"about":[{"href":"https:\/\/www.gameplayscassi.com.br\/ofertas\/wp-json\/wp\/v2\/types\/product"}],"version-history":[{"count":0,"href":"https:\/\/www.gameplayscassi.com.br\/ofertas\/wp-json\/wp\/v2\/product\/75624\/revisions"}],"wp:featuredmedia":[{"embeddable":true,"href":"https:\/\/www.gameplayscassi.com.br\/ofertas\/wp-json\/wp\/v2\/media\/77549"}],"wp:attachment":[{"href":"https:\/\/www.gameplayscassi.com.br\/ofertas\/wp-json\/wp\/v2\/media?parent=75624"}],"wp:term":[{"taxonomy":"store","embeddable":true,"href":"https:\/\/www.gameplayscassi.com.br\/ofertas\/wp-json\/wp\/v2\/store?post=75624"},{"taxonomy":"product_brand","embeddable":true,"href":"https:\/\/www.gameplayscassi.com.br\/ofertas\/wp-json\/wp\/v2\/product_brand?post=75624"},{"taxonomy":"product_cat","embeddable":true,"href":"https:\/\/www.gameplayscassi.com.br\/ofertas\/wp-json\/wp\/v2\/product_cat?post=75624"},{"taxonomy":"product_tag","embeddable":true,"href":"https:\/\/www.gameplayscassi.com.br\/ofertas\/wp-json\/wp\/v2\/product_tag?post=75624"}],"curies":[{"name":"wp","href":"https:\/\/api.w.org\/{rel}","templated":true}]}}