{"id":75618,"date":"2025-01-22T18:45:15","date_gmt":"2025-01-22T21:45:15","guid":{"rendered":"https:\/\/www.gameplayscassi.com.br\/ofertas\/?post_type=product&#038;p=75618"},"modified":"2026-04-29T09:24:38","modified_gmt":"2026-04-29T12:24:38","slug":"deathloop","status":"publish","type":"product","link":"https:\/\/www.gameplayscassi.com.br\/ofertas\/produtos\/jogos\/deathloop\/","title":{"rendered":"DEATHLOOP"},"content":{"rendered":"<div class=\"bb_wide_img_ctn\"><img decoding=\"async\" class=\"bb_img\" src=\"https:\/\/shared.cloudflare.steamstatic.com\/store_item_assets\/steam\/apps\/1252330\/extras\/Deathloop_Action_01.gif?t=1705940190\" \/><\/div>\n<p>DEATHLOOP \u00e9 um jogo de tiro em primeira pessoa da nova gera\u00e7\u00e3o da Arkane Lyon, a desenvolvedora premiada por tr\u00e1s da s\u00e9rie Dishonored. Em DEATHLOOP, dois assassinos rivais est\u00e3o presos em uma misteriosa distor\u00e7\u00e3o temporal na ilha de Blackreef, condenados a repetir o mesmo dia por toda a eternidade. No papel de Colt, a \u00fanica chance de escapar \u00e9 fechar o ciclo assassinando oito alvos essenciais antes que o dia reinicie. Aprenda com cada ciclo: experimente novos caminhos, colete informa\u00e7\u00f5es e encontre novas armas e habilidades. Fa\u00e7a o que for preciso para quebrar o ciclo.<\/p>\n<h2 class=\"bb_tag\">SE N\u00c3O CONSEGUIR DE PRIMEIRA&#8230; MORRA, E MORRA DE NOVO<\/h2>\n<p>Cada novo ciclo \u00e9 uma oportunidade de mudar as coisas. Aplique o conhecimento adquirido a cada tentativa para ajustar seu estilo de jogo, seja navegando de maneira furtiva pelos ambientes ou chegando atirando nos confrontos. Em cada ciclo, voc\u00ea vai descobrir novos segredos, coletar informa\u00e7\u00f5es sobre seus alvos e a ilha de Blackreef, e expandir seu arsenal. Com v\u00e1rias habilidades sobrenaturais e armas poderosas \u00e0 sua disposi\u00e7\u00e3o, voc\u00ea vai utilizar todas as ferramentas que possui para executar abates t\u00e3o impressionantes quanto mortais. Pense em uma estrat\u00e9gia ao personalizar sua combina\u00e7\u00e3o de poderes e armas para sobreviver neste jogo letal de gato e rato.<\/p>\n<div class=\"bb_wide_img_ctn\"><img decoding=\"async\" class=\"bb_img\" src=\"https:\/\/shared.cloudflare.steamstatic.com\/store_item_assets\/steam\/apps\/1252330\/extras\/Deathloop_Action_02.gif?t=1705940190\" \/><\/div>\n<h2 class=\"bb_tag\">JOGABILIDADE PARA UM JOGADOR COM UM MULTIJOGADOR MORT\u00cdFERO<\/h2>\n<p>Voc\u00ea \u00e9 o her\u00f3i ou o vil\u00e3o? Em DEATHLOOP, voc\u00ea vai vivenciar a hist\u00f3ria principal como Colt, ca\u00e7ando alvos na ilha de Blackreef para quebrar o ciclo e conquistar sua liberdade. Ao mesmo tempo, sua rival Julianna vai estar \u00e0 sua ca\u00e7a, e ela pode ser controlada por outro jogador. Ent\u00e3o, se quiser dificultar a vida de algu\u00e9m, voc\u00ea tamb\u00e9m pode assumir o papel da Julianna e invadir a campanha de outro jogador para matar o Colt. A experi\u00eancia multijogador \u00e9 totalmente opcional; os jogadores podem escolher ter a Julianna controlada pela IA na sua campanha.<\/p>\n<div class=\"bb_wide_img_ctn\"><img decoding=\"async\" class=\"bb_img\" src=\"https:\/\/shared.cloudflare.steamstatic.com\/store_item_assets\/steam\/apps\/1252330\/extras\/Deathloop_Julianna.gif?t=1705940190\" \/><\/div>\n<h2 class=\"bb_tag\">A Ilha De Blackreef\u00a0\u2013 Para\u00edso Ou Pris\u00e3o<\/h2>\n<p>A Arkane \u00e9 famosa por seus mundos magnificamente art\u00edsticos, com diversas rotas e uma jogabilidade emergente. DEATHLOOP apresenta um ambiente deslumbrante retrofuturista inspirado na d\u00e9cada de 1960, que acaba sendo quase um personagem do jogo por si s\u00f3. Embora Blackreef possa parecer um para\u00edso elegante, para Colt, \u00e9 uma pris\u00e3o: um mundo dominado pela decad\u00eancia, onde a morte perdeu o significado e delinquentes participam de uma festa eterna enquanto o mant\u00eam aprisionado.<\/p>\n<div class=\"bb_wide_img_ctn\"><img decoding=\"async\" class=\"bb_img\" src=\"https:\/\/shared.cloudflare.steamstatic.com\/store_item_assets\/steam\/apps\/1252330\/extras\/Deathloop_Enviro.gif?t=1705940190\" \/><\/div>\n","protected":false},"excerpt":{"rendered":"<p>Confira o menor pre\u00e7o para comprar <strong>DEATHLOOP<\/strong> no PC. Selecionamos apenas as nossas lojas digitais de confian\u00e7a para a compara\u00e7\u00e3o de pre\u00e7os. Voc\u00ea pode comprar a chave do jogo na loja em que estiver com a melhor oferta. Ap\u00f3s realizar a compra, voc\u00ea precisa utilizar o cliente indicado pela loja para ativar e baixar o seu jogo.<\/p>\n","protected":false},"featured_media":77544,"template":"","meta":[],"store":[],"product_brand":[],"product_cat":[25],"product_tag":[119,1128,1119,403,405,404,144,124,122,406,26,118,471,643,31,191,202,199,147],"class_list":{"0":"post-75618","1":"product","2":"type-product","3":"status-publish","4":"has-post-thumbnail","6":"product_cat-jogos","7":"product_tag-acao","8":"product_tag-arkane-studios","9":"product_tag-bethesda-softworks","10":"product_tag-cartas-colecionaveis-steam","11":"product_tag-compartilhamento-em-familia","12":"product_tag-conquistas-steam","13":"product_tag-furtivo","14":"product_tag-geforce-now","15":"product_tag-multijogador","16":"product_tag-nuvem-steam","17":"product_tag-pc","18":"product_tag-pc-game-pass","19":"product_tag-primeira-pessoa","20":"product_tag-simulador-imersivo","21":"product_tag-steam","22":"product_tag-steam-deck","23":"product_tag-tiro","24":"product_tag-tiro-em-primeira-pessoa-fps","25":"product_tag-um-jogador","27":"first","28":"instock","29":"sale","30":"purchasable","31":"product-type-simple"},"yoast_head":"<!-- This site is optimized with the Yoast SEO plugin v27.2 - https:\/\/yoast.com\/product\/yoast-seo-wordpress\/ -->\n<title>DEATHLOOP em promo\u00e7\u00e3o para PC<\/title>\n<meta name=\"description\" content=\"Confira o menor pre\u00e7o para comprar DEATHLOOP no PC. Selecionamos apenas as nossas lojas digitais de confian\u00e7a para a compara\u00e7\u00e3o de pre\u00e7os. Voc\u00ea pode comprar a chave do jogo na loja em que estiver com a melhor oferta. Ap\u00f3s realizar a compra, voc\u00ea precisa utilizar o cliente indicado pela loja para ativar e baixar o seu jogo.\" \/>\n<meta name=\"robots\" content=\"index, follow, max-snippet:-1, max-image-preview:large, max-video-preview:-1\" \/>\n<link rel=\"canonical\" href=\"https:\/\/www.gameplayscassi.com.br\/ofertas\/produtos\/jogos\/deathloop\/\" \/>\n<meta property=\"og:locale\" content=\"pt_BR\" \/>\n<meta property=\"og:type\" content=\"article\" \/>\n<meta property=\"og:title\" content=\"DEATHLOOP em promo\u00e7\u00e3o para PC\" \/>\n<meta property=\"og:description\" content=\"Confira o menor pre\u00e7o para comprar DEATHLOOP no PC. Selecionamos apenas as nossas lojas digitais de confian\u00e7a para a compara\u00e7\u00e3o de pre\u00e7os. Voc\u00ea pode comprar a chave do jogo na loja em que estiver com a melhor oferta. Ap\u00f3s realizar a compra, voc\u00ea precisa utilizar o cliente indicado pela loja para ativar e baixar o seu jogo.\" \/>\n<meta property=\"og:url\" content=\"https:\/\/www.gameplayscassi.com.br\/ofertas\/produtos\/jogos\/deathloop\/\" \/>\n<meta property=\"og:site_name\" content=\"Gameplayscassi - Ofertas\" \/>\n<meta property=\"article:publisher\" content=\"https:\/\/www.facebook.com\/GamePlaysCassi\/\" \/>\n<meta property=\"article:modified_time\" content=\"2026-04-29T12:24:38+00:00\" \/>\n<meta property=\"og:image\" content=\"https:\/\/www.gameplayscassi.com.br\/ofertas\/wp-content\/uploads\/2025\/01\/DEATHLOOP.jpg\" \/>\n\t<meta property=\"og:image:width\" content=\"1600\" \/>\n\t<meta property=\"og:image:height\" content=\"740\" \/>\n\t<meta property=\"og:image:type\" content=\"image\/jpeg\" \/>\n<meta name=\"twitter:card\" content=\"summary_large_image\" \/>\n<meta name=\"twitter:site\" content=\"@Gameplayscassi\" \/>\n<meta name=\"twitter:label1\" content=\"Est. tempo de leitura\" \/>\n\t<meta name=\"twitter:data1\" content=\"4 minutos\" \/>\n<script type=\"application\/ld+json\" class=\"yoast-schema-graph\">{\"@context\":\"https:\/\/schema.org\",\"@graph\":[{\"@type\":\"WebPage\",\"@id\":\"https:\/\/www.gameplayscassi.com.br\/ofertas\/produtos\/jogos\/deathloop\/\",\"url\":\"https:\/\/www.gameplayscassi.com.br\/ofertas\/produtos\/jogos\/deathloop\/\",\"name\":\"DEATHLOOP em promo\u00e7\u00e3o para PC\",\"isPartOf\":{\"@id\":\"https:\/\/www.gameplayscassi.com.br\/ofertas\/#website\"},\"primaryImageOfPage\":{\"@id\":\"https:\/\/www.gameplayscassi.com.br\/ofertas\/produtos\/jogos\/deathloop\/#primaryimage\"},\"image\":{\"@id\":\"https:\/\/www.gameplayscassi.com.br\/ofertas\/produtos\/jogos\/deathloop\/#primaryimage\"},\"thumbnailUrl\":\"https:\/\/www.gameplayscassi.com.br\/ofertas\/wp-content\/uploads\/2025\/01\/DEATHLOOP.jpg\",\"datePublished\":\"2025-01-22T21:45:15+00:00\",\"dateModified\":\"2026-04-29T12:24:38+00:00\",\"description\":\"Confira o menor pre\u00e7o para comprar DEATHLOOP no PC. Selecionamos apenas as nossas lojas digitais de confian\u00e7a para a compara\u00e7\u00e3o de pre\u00e7os. Voc\u00ea pode comprar a chave do jogo na loja em que estiver com a melhor oferta. Ap\u00f3s realizar a compra, voc\u00ea precisa utilizar o cliente indicado pela loja para ativar e baixar o seu jogo.\",\"breadcrumb\":{\"@id\":\"https:\/\/www.gameplayscassi.com.br\/ofertas\/produtos\/jogos\/deathloop\/#breadcrumb\"},\"inLanguage\":\"pt-BR\",\"potentialAction\":[{\"@type\":\"ReadAction\",\"target\":[\"https:\/\/www.gameplayscassi.com.br\/ofertas\/produtos\/jogos\/deathloop\/\"]}]},{\"@type\":\"ImageObject\",\"inLanguage\":\"pt-BR\",\"@id\":\"https:\/\/www.gameplayscassi.com.br\/ofertas\/produtos\/jogos\/deathloop\/#primaryimage\",\"url\":\"https:\/\/www.gameplayscassi.com.br\/ofertas\/wp-content\/uploads\/2025\/01\/DEATHLOOP.jpg\",\"contentUrl\":\"https:\/\/www.gameplayscassi.com.br\/ofertas\/wp-content\/uploads\/2025\/01\/DEATHLOOP.jpg\",\"width\":1600,\"height\":740,\"caption\":\"DEATHLOOP\"},{\"@type\":\"BreadcrumbList\",\"@id\":\"https:\/\/www.gameplayscassi.com.br\/ofertas\/produtos\/jogos\/deathloop\/#breadcrumb\",\"itemListElement\":[{\"@type\":\"ListItem\",\"position\":1,\"name\":\"In\u00edcio\",\"item\":\"https:\/\/www.gameplayscassi.com.br\/ofertas\/\"},{\"@type\":\"ListItem\",\"position\":2,\"name\":\"Produtos\",\"item\":\"https:\/\/www.gameplayscassi.com.br\/ofertas\/\"},{\"@type\":\"ListItem\",\"position\":3,\"name\":\"DEATHLOOP\"}]},{\"@type\":\"WebSite\",\"@id\":\"https:\/\/www.gameplayscassi.com.br\/ofertas\/#website\",\"url\":\"https:\/\/www.gameplayscassi.com.br\/ofertas\/\",\"name\":\"Gameplayscassi - Ofertas\",\"description\":\"As melhores ofertas para voc\u00ea\",\"publisher\":{\"@id\":\"https:\/\/www.gameplayscassi.com.br\/ofertas\/#organization\"},\"potentialAction\":[{\"@type\":\"SearchAction\",\"target\":{\"@type\":\"EntryPoint\",\"urlTemplate\":\"https:\/\/www.gameplayscassi.com.br\/ofertas\/?s={search_term_string}\"},\"query-input\":{\"@type\":\"PropertyValueSpecification\",\"valueRequired\":true,\"valueName\":\"search_term_string\"}}],\"inLanguage\":\"pt-BR\"},{\"@type\":\"Organization\",\"@id\":\"https:\/\/www.gameplayscassi.com.br\/ofertas\/#organization\",\"name\":\"Gameplayscassi - Ofertas\",\"url\":\"https:\/\/www.gameplayscassi.com.br\/ofertas\/\",\"logo\":{\"@type\":\"ImageObject\",\"inLanguage\":\"pt-BR\",\"@id\":\"https:\/\/www.gameplayscassi.com.br\/ofertas\/#\/schema\/logo\/image\/\",\"url\":\"https:\/\/www.gameplayscassi.com.br\/ofertas\/wp-content\/uploads\/2024\/06\/Gameplayscassi.png\",\"contentUrl\":\"https:\/\/www.gameplayscassi.com.br\/ofertas\/wp-content\/uploads\/2024\/06\/Gameplayscassi.png\",\"width\":544,\"height\":180,\"caption\":\"Gameplayscassi - Ofertas\"},\"image\":{\"@id\":\"https:\/\/www.gameplayscassi.com.br\/ofertas\/#\/schema\/logo\/image\/\"},\"sameAs\":[\"https:\/\/www.facebook.com\/GamePlaysCassi\/\",\"https:\/\/x.com\/Gameplayscassi\",\"https:\/\/www.youtube.com\/gameplayscassi\",\"https:\/\/www.instagram.com\/gameplayscassii\/\",\"https:\/\/store.steampowered.com\/curator\/31464556\/\",\"https:\/\/discord.com\/servers\/gameplayscassi-598567071298617354\"]}]}<\/script>\n<!-- \/ Yoast SEO plugin. -->","yoast_head_json":{"title":"DEATHLOOP em promo\u00e7\u00e3o para PC","description":"Confira o menor pre\u00e7o para comprar DEATHLOOP no PC. Selecionamos apenas as nossas lojas digitais de confian\u00e7a para a compara\u00e7\u00e3o de pre\u00e7os. Voc\u00ea pode comprar a chave do jogo na loja em que estiver com a melhor oferta. Ap\u00f3s realizar a compra, voc\u00ea precisa utilizar o cliente indicado pela loja para ativar e baixar o seu jogo.","robots":{"index":"index","follow":"follow","max-snippet":"max-snippet:-1","max-image-preview":"max-image-preview:large","max-video-preview":"max-video-preview:-1"},"canonical":"https:\/\/www.gameplayscassi.com.br\/ofertas\/produtos\/jogos\/deathloop\/","og_locale":"pt_BR","og_type":"article","og_title":"DEATHLOOP em promo\u00e7\u00e3o para PC","og_description":"Confira o menor pre\u00e7o para comprar DEATHLOOP no PC. Selecionamos apenas as nossas lojas digitais de confian\u00e7a para a compara\u00e7\u00e3o de pre\u00e7os. Voc\u00ea pode comprar a chave do jogo na loja em que estiver com a melhor oferta. Ap\u00f3s realizar a compra, voc\u00ea precisa utilizar o cliente indicado pela loja para ativar e baixar o seu jogo.","og_url":"https:\/\/www.gameplayscassi.com.br\/ofertas\/produtos\/jogos\/deathloop\/","og_site_name":"Gameplayscassi - Ofertas","article_publisher":"https:\/\/www.facebook.com\/GamePlaysCassi\/","article_modified_time":"2026-04-29T12:24:38+00:00","og_image":[{"width":1600,"height":740,"url":"https:\/\/www.gameplayscassi.com.br\/ofertas\/wp-content\/uploads\/2025\/01\/DEATHLOOP.jpg","type":"image\/jpeg"}],"twitter_card":"summary_large_image","twitter_site":"@Gameplayscassi","twitter_misc":{"Est. tempo de leitura":"4 minutos"},"schema":{"@context":"https:\/\/schema.org","@graph":[{"@type":"WebPage","@id":"https:\/\/www.gameplayscassi.com.br\/ofertas\/produtos\/jogos\/deathloop\/","url":"https:\/\/www.gameplayscassi.com.br\/ofertas\/produtos\/jogos\/deathloop\/","name":"DEATHLOOP em promo\u00e7\u00e3o para PC","isPartOf":{"@id":"https:\/\/www.gameplayscassi.com.br\/ofertas\/#website"},"primaryImageOfPage":{"@id":"https:\/\/www.gameplayscassi.com.br\/ofertas\/produtos\/jogos\/deathloop\/#primaryimage"},"image":{"@id":"https:\/\/www.gameplayscassi.com.br\/ofertas\/produtos\/jogos\/deathloop\/#primaryimage"},"thumbnailUrl":"https:\/\/www.gameplayscassi.com.br\/ofertas\/wp-content\/uploads\/2025\/01\/DEATHLOOP.jpg","datePublished":"2025-01-22T21:45:15+00:00","dateModified":"2026-04-29T12:24:38+00:00","description":"Confira o menor pre\u00e7o para comprar DEATHLOOP no PC. Selecionamos apenas as nossas lojas digitais de confian\u00e7a para a compara\u00e7\u00e3o de pre\u00e7os. Voc\u00ea pode comprar a chave do jogo na loja em que estiver com a melhor oferta. Ap\u00f3s realizar a compra, voc\u00ea precisa utilizar o cliente indicado pela loja para ativar e baixar o seu jogo.","breadcrumb":{"@id":"https:\/\/www.gameplayscassi.com.br\/ofertas\/produtos\/jogos\/deathloop\/#breadcrumb"},"inLanguage":"pt-BR","potentialAction":[{"@type":"ReadAction","target":["https:\/\/www.gameplayscassi.com.br\/ofertas\/produtos\/jogos\/deathloop\/"]}]},{"@type":"ImageObject","inLanguage":"pt-BR","@id":"https:\/\/www.gameplayscassi.com.br\/ofertas\/produtos\/jogos\/deathloop\/#primaryimage","url":"https:\/\/www.gameplayscassi.com.br\/ofertas\/wp-content\/uploads\/2025\/01\/DEATHLOOP.jpg","contentUrl":"https:\/\/www.gameplayscassi.com.br\/ofertas\/wp-content\/uploads\/2025\/01\/DEATHLOOP.jpg","width":1600,"height":740,"caption":"DEATHLOOP"},{"@type":"BreadcrumbList","@id":"https:\/\/www.gameplayscassi.com.br\/ofertas\/produtos\/jogos\/deathloop\/#breadcrumb","itemListElement":[{"@type":"ListItem","position":1,"name":"In\u00edcio","item":"https:\/\/www.gameplayscassi.com.br\/ofertas\/"},{"@type":"ListItem","position":2,"name":"Produtos","item":"https:\/\/www.gameplayscassi.com.br\/ofertas\/"},{"@type":"ListItem","position":3,"name":"DEATHLOOP"}]},{"@type":"WebSite","@id":"https:\/\/www.gameplayscassi.com.br\/ofertas\/#website","url":"https:\/\/www.gameplayscassi.com.br\/ofertas\/","name":"Gameplayscassi - Ofertas","description":"As melhores ofertas para voc\u00ea","publisher":{"@id":"https:\/\/www.gameplayscassi.com.br\/ofertas\/#organization"},"potentialAction":[{"@type":"SearchAction","target":{"@type":"EntryPoint","urlTemplate":"https:\/\/www.gameplayscassi.com.br\/ofertas\/?s={search_term_string}"},"query-input":{"@type":"PropertyValueSpecification","valueRequired":true,"valueName":"search_term_string"}}],"inLanguage":"pt-BR"},{"@type":"Organization","@id":"https:\/\/www.gameplayscassi.com.br\/ofertas\/#organization","name":"Gameplayscassi - Ofertas","url":"https:\/\/www.gameplayscassi.com.br\/ofertas\/","logo":{"@type":"ImageObject","inLanguage":"pt-BR","@id":"https:\/\/www.gameplayscassi.com.br\/ofertas\/#\/schema\/logo\/image\/","url":"https:\/\/www.gameplayscassi.com.br\/ofertas\/wp-content\/uploads\/2024\/06\/Gameplayscassi.png","contentUrl":"https:\/\/www.gameplayscassi.com.br\/ofertas\/wp-content\/uploads\/2024\/06\/Gameplayscassi.png","width":544,"height":180,"caption":"Gameplayscassi - Ofertas"},"image":{"@id":"https:\/\/www.gameplayscassi.com.br\/ofertas\/#\/schema\/logo\/image\/"},"sameAs":["https:\/\/www.facebook.com\/GamePlaysCassi\/","https:\/\/x.com\/Gameplayscassi","https:\/\/www.youtube.com\/gameplayscassi","https:\/\/www.instagram.com\/gameplayscassii\/","https:\/\/store.steampowered.com\/curator\/31464556\/","https:\/\/discord.com\/servers\/gameplayscassi-598567071298617354"]}]}},"jetpack_sharing_enabled":true,"_links":{"self":[{"href":"https:\/\/www.gameplayscassi.com.br\/ofertas\/wp-json\/wp\/v2\/product\/75618","targetHints":{"allow":["GET"]}}],"collection":[{"href":"https:\/\/www.gameplayscassi.com.br\/ofertas\/wp-json\/wp\/v2\/product"}],"about":[{"href":"https:\/\/www.gameplayscassi.com.br\/ofertas\/wp-json\/wp\/v2\/types\/product"}],"version-history":[{"count":0,"href":"https:\/\/www.gameplayscassi.com.br\/ofertas\/wp-json\/wp\/v2\/product\/75618\/revisions"}],"wp:featuredmedia":[{"embeddable":true,"href":"https:\/\/www.gameplayscassi.com.br\/ofertas\/wp-json\/wp\/v2\/media\/77544"}],"wp:attachment":[{"href":"https:\/\/www.gameplayscassi.com.br\/ofertas\/wp-json\/wp\/v2\/media?parent=75618"}],"wp:term":[{"taxonomy":"store","embeddable":true,"href":"https:\/\/www.gameplayscassi.com.br\/ofertas\/wp-json\/wp\/v2\/store?post=75618"},{"taxonomy":"product_brand","embeddable":true,"href":"https:\/\/www.gameplayscassi.com.br\/ofertas\/wp-json\/wp\/v2\/product_brand?post=75618"},{"taxonomy":"product_cat","embeddable":true,"href":"https:\/\/www.gameplayscassi.com.br\/ofertas\/wp-json\/wp\/v2\/product_cat?post=75618"},{"taxonomy":"product_tag","embeddable":true,"href":"https:\/\/www.gameplayscassi.com.br\/ofertas\/wp-json\/wp\/v2\/product_tag?post=75618"}],"curies":[{"name":"wp","href":"https:\/\/api.w.org\/{rel}","templated":true}]}}