{"id":75554,"date":"2025-01-21T17:42:47","date_gmt":"2025-01-21T20:42:47","guid":{"rendered":"https:\/\/www.gameplayscassi.com.br\/ofertas\/?post_type=product&#038;p=75554"},"modified":"2026-05-02T03:54:25","modified_gmt":"2026-05-02T06:54:25","slug":"the-last-of-us-part-ii-remastered","status":"publish","type":"product","link":"https:\/\/www.gameplayscassi.com.br\/ofertas\/produtos\/jogos\/the-last-of-us-part-ii-remastered\/","title":{"rendered":"The Last of Us Part II Remastered"},"content":{"rendered":"<div class=\"game_page_autocollapse_ctn\">\n<div class=\"game_page_autocollapse\">\n<div class=\"game_area_description\">\n<h2>Oferta de pr\u00e9-venda<\/h2>\n<p>&nbsp;<\/p>\n<p class=\"bb_paragraph\">Compre na pr\u00e9-venda para receber antecipadamente\u00b9:<\/p>\n<ul class=\"bb_ul\">\n<li>\n<p class=\"bb_paragraph\">Melhoria da capacidade de muni\u00e7\u00e3o<\/p>\n<\/li>\n<li>\n<p class=\"bb_paragraph\">Manual de treinamento de fabrica\u00e7\u00e3o<\/p>\n<\/li>\n<\/ul>\n<p class=\"bb_paragraph\">\u00b9 S\u00e3o necess\u00e1rios suplementos para desbloquear receitas, habilidades e atualiza\u00e7\u00f5es<\/p>\n<p>&nbsp;<\/p>\n<\/div>\n<\/div>\n<\/div>\n<div id=\"contentForThisGame_ctn\"><\/div>\n<div class=\"game_page_autocollapse_ctn expanded\">\n<div id=\"aboutThisGame\" class=\"game_page_autocollapse\" data-panel=\"{&quot;type&quot;:&quot;PanelGroup&quot;}\">\n<div id=\"game_area_description\" class=\"game_area_description\">\n<h2>Sobre este jogo<\/h2>\n<p class=\"bb_paragraph\">A edi\u00e7\u00e3o inclui:<\/p>\n<ul class=\"bb_ul\">\n<li>\n<p class=\"bb_paragraph\">The Last of Us Parte II Remastered\u00b9<\/p>\n<\/li>\n<\/ul>\n<h2 class=\"bb_tag\">A JORNADA DE ELLIE E ABBY AGORA NO PC<\/h2>\n<p class=\"bb_paragraph\"><img decoding=\"async\" class=\"bb_img\" src=\"https:\/\/shared.fastly.steamstatic.com\/store_item_assets\/steam\/apps\/2531310\/extras\/T2R-PC_Announce-trlr_HQ_GIF_003.gif?t=1737061379\" \/><\/p>\n<p class=\"bb_paragraph\">Viva a experi\u00eancia vencedora de mais de 300 pr\u00eamios de Jogo do Ano, agora com uma s\u00e9rie de melhorias t\u00e9cnicas que tornam The Last of Us Parte II Remastered a forma definitiva de jogar a hist\u00f3ria de Ellie e Abby aclamada pela cr\u00edtica.<\/p>\n<p class=\"bb_paragraph\"><img decoding=\"async\" class=\"bb_img\" src=\"https:\/\/shared.fastly.steamstatic.com\/store_item_assets\/steam\/apps\/2531310\/extras\/T2R-PC_Announce-trlr_HQ_GIF_006.gif?t=1737061379\" \/><\/p>\n<p class=\"bb_paragraph\">Cinco anos depois de uma jornada perigosa pelos Estados Unidos num cen\u00e1rio p\u00f3s-pand\u00eamico, Ellie e Joel se acomodaram em Jackson, Wyoming. Viver em uma comunidade pr\u00f3spera de sobreviventes deu a eles paz e estabilidade, mesmo diante da amea\u00e7a constante dos infectados e outros sobreviventes, ainda mais desesperados. Quando um evento violento interrompe a paz, Ellie parte numa jornada incans\u00e1vel para fazer justi\u00e7a e virar a p\u00e1gina.<br \/>\n<img decoding=\"async\" class=\"bb_img\" src=\"https:\/\/shared.fastly.steamstatic.com\/store_item_assets\/steam\/apps\/2531310\/extras\/T2R-PC_AnnounceTrailer_ScreenShots_001.png?t=1737061379\" \/><\/p>\n<p class=\"bb_paragraph\"><strong>Recursos adicionados<\/strong><br \/>\n<img decoding=\"async\" class=\"bb_img\" src=\"https:\/\/shared.fastly.steamstatic.com\/store_item_assets\/steam\/apps\/2531310\/extras\/T2R-PC_Announce-trlr_HQ_GIF_005.gif?t=1737061379\" \/><\/p>\n<p class=\"bb_paragraph\">The Last of Us Parte II Remasterizado melhora o jogo original de formas que antes n\u00e3o eram poss\u00edveis, inclusive:<\/p>\n<ul class=\"bb_ul\">\n<li>\n<p class=\"bb_paragraph\">Uma s\u00e9rie de melhorias gr\u00e1ficas para dar vida a um mundo maravilhoso, mas repleto de perigos.<\/p>\n<\/li>\n<li>\n<p class=\"bb_paragraph\">Integra\u00e7\u00e3o total com controle DualSense do PlayStation\u00ae\u00b2.<\/p>\n<\/li>\n<\/ul>\n<p class=\"bb_paragraph\"><strong>Sem Volta \u2013 Modo de Sobreviv\u00eancia Roguelike<\/strong><\/p>\n<p class=\"bb_paragraph\"><img decoding=\"async\" class=\"bb_img\" src=\"https:\/\/shared.fastly.steamstatic.com\/store_item_assets\/steam\/apps\/2531310\/extras\/T2R-PC_AnnounceTrailer_ScreenShots_012.png?t=1737061379\" \/>Explore o combate intrincado de The Last of Us Parte II de uma forma inteiramente nova! Sobreviva o m\u00e1ximo poss\u00edvel em cada sess\u00e3o escolhendo os caminhos a tomar em uma s\u00e9rie de confrontos aleat\u00f3rios. Jogue com diversos personagens desbloque\u00e1veis, cada qual com caracter\u00edsticas \u00fanicas. Os numerosos desafios contam com diferentes inimigos e locais memor\u00e1veis da Parte II, sempre culminando em batalhas acirradas contra chefes.<\/p>\n<p><strong>Novas formas de jogar<\/strong><\/p>\n<p class=\"bb_paragraph\"><img decoding=\"async\" class=\"bb_img\" src=\"https:\/\/shared.fastly.steamstatic.com\/store_item_assets\/steam\/apps\/2531310\/extras\/T2R-PC_Announce-trlr_HQ_GIF_002.gif?t=1737061379\" \/><\/p>\n<ul class=\"bb_ul\">\n<li>\n<p class=\"bb_paragraph\">Mergulhe mais fundo nesta aventura aclamada e saiba como o jogo original foi criado.<\/p>\n<\/li>\n<li>\n<p class=\"bb_paragraph\">N\u00edveis abandonados permitem explorar vers\u00f5es iniciais de tr\u00eas novos n\u00edveis que n\u00e3o apareceram no original.<\/p>\n<\/li>\n<li>\n<p class=\"bb_paragraph\">Ou\u00e7a horas de coment\u00e1rios para conhecer as ideias por tr\u00e1s do desenvolvimento da Parte II enquanto joga.<\/p>\n<\/li>\n<li>\n<p class=\"bb_paragraph\">Mostre toda a sua musicalidade com o viol\u00e3o, inclusive desbloqueando outros instrumentos, ou encare o novo Modo de Speedrun\u00b3 e compartilhe seus melhores tempos.<br \/>\nRecursos de \u00e1udio descritivo\u2074 e vibra\u00e7\u00f5es em falas\u00b2 tamb\u00e9m foram adicionados aos recursos de acessibilidade da Parte II.<\/p>\n<\/li>\n<li>\n<p class=\"bb_paragraph\">The Last of Us Parte II Remastered tamb\u00e9m traz novos visuais de personagens e de armas desbloque\u00e1veis para os jogadores usarem com Ellie e Abby.<\/p>\n<\/li>\n<\/ul>\n<p class=\"bb_paragraph\">\u00b9 \u00c9 preciso ter uma conta da PlayStation\u2122Network.<\/p>\n<p class=\"bb_paragraph\">\u00b2 Uma conex\u00e3o com fio \u00e9 necess\u00e1ria para aproveitar a experi\u00eancia completa dos recursos do controle DualSense no jogo.<\/p>\n<p class=\"bb_paragraph\">\u00b3 \u00c9 preciso avan\u00e7ar no jogo para desbloquear.<\/p>\n<p class=\"bb_paragraph\">\u2074\u00a0Dispon\u00edvel apenas para \u00e1udio de idiomas compat\u00edveis.<\/p>\n<\/div>\n<\/div>\n<\/div>\n<div class=\"game_page_autocollapse_ctn\">\n<div class=\"game_page_autocollapse\">\n<div id=\"game_area_content_descriptors\" class=\"game_area_description\"><\/div>\n<\/div>\n<\/div>\n","protected":false},"excerpt":{"rendered":"<p>Confira o menor pre\u00e7o para comprar <strong>The Last of Us Part II Remastered<\/strong> no PC. Selecionamos apenas as nossas lojas digitais de confian\u00e7a para a compara\u00e7\u00e3o de pre\u00e7os. Voc\u00ea pode comprar a chave do jogo na loja em que estiver com a melhor oferta. Ap\u00f3s realizar a compra, voc\u00ea precisa utilizar o cliente indicado pela loja para ativar e baixar o seu jogo.<\/p>\n","protected":false},"featured_media":75556,"template":"","meta":[],"store":[],"product_brand":[],"product_cat":[25],"product_tag":[119,179,151,404,1116,622,484,686,406,26,437,255,31,146,195,277],"class_list":{"0":"post-75554","1":"product","2":"type-product","3":"status-publish","4":"has-post-thumbnail","6":"product_cat-jogos","7":"product_tag-acao","8":"product_tag-acao-aventura","9":"product_tag-boa-trama","10":"product_tag-conquistas-steam","11":"product_tag-iron-galaxy-studios","12":"product_tag-lgbtqia","13":"product_tag-naughty-dog-llc","14":"product_tag-nixxes-software","15":"product_tag-nuvem-steam","16":"product_tag-pc","17":"product_tag-playstation-pc-llc","18":"product_tag-pos-apocaliptico","19":"product_tag-steam","20":"product_tag-terceira-pessoa","21":"product_tag-terror","22":"product_tag-tiro-em-terceira-pessoa","24":"first","25":"instock","26":"sale","27":"purchasable","28":"product-type-simple"},"yoast_head":"<!-- This site is optimized with the Yoast SEO plugin v27.2 - https:\/\/yoast.com\/product\/yoast-seo-wordpress\/ -->\n<title>The Last of Us Part II Remastered em promo\u00e7\u00e3o para PC<\/title>\n<meta name=\"description\" content=\"Confira o menor pre\u00e7o para comprar The Last of Us Part II Remastered no PC. Selecionamos apenas as nossas lojas digitais de confian\u00e7a para a compara\u00e7\u00e3o de pre\u00e7os. Voc\u00ea pode comprar a chave do jogo na loja em que estiver com a melhor oferta. Ap\u00f3s realizar a compra, voc\u00ea precisa utilizar o cliente indicado pela loja para ativar e baixar o seu jogo.\" \/>\n<meta name=\"robots\" content=\"index, follow, max-snippet:-1, max-image-preview:large, max-video-preview:-1\" \/>\n<link rel=\"canonical\" href=\"https:\/\/www.gameplayscassi.com.br\/ofertas\/produtos\/jogos\/the-last-of-us-part-ii-remastered\/\" \/>\n<meta property=\"og:locale\" content=\"pt_BR\" \/>\n<meta property=\"og:type\" content=\"article\" \/>\n<meta property=\"og:title\" content=\"The Last of Us Part II Remastered em promo\u00e7\u00e3o para PC\" \/>\n<meta property=\"og:description\" content=\"Confira o menor pre\u00e7o para comprar The Last of Us Part II Remastered no PC. Selecionamos apenas as nossas lojas digitais de confian\u00e7a para a compara\u00e7\u00e3o de pre\u00e7os. Voc\u00ea pode comprar a chave do jogo na loja em que estiver com a melhor oferta. Ap\u00f3s realizar a compra, voc\u00ea precisa utilizar o cliente indicado pela loja para ativar e baixar o seu jogo.\" \/>\n<meta property=\"og:url\" content=\"https:\/\/www.gameplayscassi.com.br\/ofertas\/produtos\/jogos\/the-last-of-us-part-ii-remastered\/\" \/>\n<meta property=\"og:site_name\" content=\"Gameplayscassi - Ofertas\" \/>\n<meta property=\"article:publisher\" content=\"https:\/\/www.facebook.com\/GamePlaysCassi\/\" \/>\n<meta property=\"article:modified_time\" content=\"2026-05-02T06:54:25+00:00\" \/>\n<meta property=\"og:image\" content=\"https:\/\/www.gameplayscassi.com.br\/ofertas\/wp-content\/uploads\/2025\/01\/The-Last-of-Us-Part-II-Remastered.jpg\" \/>\n\t<meta property=\"og:image:width\" content=\"1600\" \/>\n\t<meta property=\"og:image:height\" content=\"740\" \/>\n\t<meta property=\"og:image:type\" content=\"image\/jpeg\" \/>\n<meta name=\"twitter:card\" content=\"summary_large_image\" \/>\n<meta name=\"twitter:site\" content=\"@Gameplayscassi\" \/>\n<meta name=\"twitter:label1\" content=\"Est. tempo de leitura\" \/>\n\t<meta name=\"twitter:data1\" content=\"4 minutos\" \/>\n<script type=\"application\/ld+json\" class=\"yoast-schema-graph\">{\"@context\":\"https:\/\/schema.org\",\"@graph\":[{\"@type\":\"WebPage\",\"@id\":\"https:\/\/www.gameplayscassi.com.br\/ofertas\/produtos\/jogos\/the-last-of-us-part-ii-remastered\/\",\"url\":\"https:\/\/www.gameplayscassi.com.br\/ofertas\/produtos\/jogos\/the-last-of-us-part-ii-remastered\/\",\"name\":\"The Last of Us Part II Remastered em promo\u00e7\u00e3o para PC\",\"isPartOf\":{\"@id\":\"https:\/\/www.gameplayscassi.com.br\/ofertas\/#website\"},\"primaryImageOfPage\":{\"@id\":\"https:\/\/www.gameplayscassi.com.br\/ofertas\/produtos\/jogos\/the-last-of-us-part-ii-remastered\/#primaryimage\"},\"image\":{\"@id\":\"https:\/\/www.gameplayscassi.com.br\/ofertas\/produtos\/jogos\/the-last-of-us-part-ii-remastered\/#primaryimage\"},\"thumbnailUrl\":\"https:\/\/www.gameplayscassi.com.br\/ofertas\/wp-content\/uploads\/2025\/01\/The-Last-of-Us-Part-II-Remastered.jpg\",\"datePublished\":\"2025-01-21T20:42:47+00:00\",\"dateModified\":\"2026-05-02T06:54:25+00:00\",\"description\":\"Confira o menor pre\u00e7o para comprar The Last of Us Part II Remastered no PC. Selecionamos apenas as nossas lojas digitais de confian\u00e7a para a compara\u00e7\u00e3o de pre\u00e7os. Voc\u00ea pode comprar a chave do jogo na loja em que estiver com a melhor oferta. Ap\u00f3s realizar a compra, voc\u00ea precisa utilizar o cliente indicado pela loja para ativar e baixar o seu jogo.\",\"breadcrumb\":{\"@id\":\"https:\/\/www.gameplayscassi.com.br\/ofertas\/produtos\/jogos\/the-last-of-us-part-ii-remastered\/#breadcrumb\"},\"inLanguage\":\"pt-BR\",\"potentialAction\":[{\"@type\":\"ReadAction\",\"target\":[\"https:\/\/www.gameplayscassi.com.br\/ofertas\/produtos\/jogos\/the-last-of-us-part-ii-remastered\/\"]}]},{\"@type\":\"ImageObject\",\"inLanguage\":\"pt-BR\",\"@id\":\"https:\/\/www.gameplayscassi.com.br\/ofertas\/produtos\/jogos\/the-last-of-us-part-ii-remastered\/#primaryimage\",\"url\":\"https:\/\/www.gameplayscassi.com.br\/ofertas\/wp-content\/uploads\/2025\/01\/The-Last-of-Us-Part-II-Remastered.jpg\",\"contentUrl\":\"https:\/\/www.gameplayscassi.com.br\/ofertas\/wp-content\/uploads\/2025\/01\/The-Last-of-Us-Part-II-Remastered.jpg\",\"width\":1600,\"height\":740,\"caption\":\"The Last of Us Part II Remastered\"},{\"@type\":\"BreadcrumbList\",\"@id\":\"https:\/\/www.gameplayscassi.com.br\/ofertas\/produtos\/jogos\/the-last-of-us-part-ii-remastered\/#breadcrumb\",\"itemListElement\":[{\"@type\":\"ListItem\",\"position\":1,\"name\":\"In\u00edcio\",\"item\":\"https:\/\/www.gameplayscassi.com.br\/ofertas\/\"},{\"@type\":\"ListItem\",\"position\":2,\"name\":\"Produtos\",\"item\":\"https:\/\/www.gameplayscassi.com.br\/ofertas\/\"},{\"@type\":\"ListItem\",\"position\":3,\"name\":\"The Last of Us Part II Remastered\"}]},{\"@type\":\"WebSite\",\"@id\":\"https:\/\/www.gameplayscassi.com.br\/ofertas\/#website\",\"url\":\"https:\/\/www.gameplayscassi.com.br\/ofertas\/\",\"name\":\"Gameplayscassi - Ofertas\",\"description\":\"As melhores ofertas para voc\u00ea\",\"publisher\":{\"@id\":\"https:\/\/www.gameplayscassi.com.br\/ofertas\/#organization\"},\"potentialAction\":[{\"@type\":\"SearchAction\",\"target\":{\"@type\":\"EntryPoint\",\"urlTemplate\":\"https:\/\/www.gameplayscassi.com.br\/ofertas\/?s={search_term_string}\"},\"query-input\":{\"@type\":\"PropertyValueSpecification\",\"valueRequired\":true,\"valueName\":\"search_term_string\"}}],\"inLanguage\":\"pt-BR\"},{\"@type\":\"Organization\",\"@id\":\"https:\/\/www.gameplayscassi.com.br\/ofertas\/#organization\",\"name\":\"Gameplayscassi - Ofertas\",\"url\":\"https:\/\/www.gameplayscassi.com.br\/ofertas\/\",\"logo\":{\"@type\":\"ImageObject\",\"inLanguage\":\"pt-BR\",\"@id\":\"https:\/\/www.gameplayscassi.com.br\/ofertas\/#\/schema\/logo\/image\/\",\"url\":\"https:\/\/www.gameplayscassi.com.br\/ofertas\/wp-content\/uploads\/2024\/06\/Gameplayscassi.png\",\"contentUrl\":\"https:\/\/www.gameplayscassi.com.br\/ofertas\/wp-content\/uploads\/2024\/06\/Gameplayscassi.png\",\"width\":544,\"height\":180,\"caption\":\"Gameplayscassi - Ofertas\"},\"image\":{\"@id\":\"https:\/\/www.gameplayscassi.com.br\/ofertas\/#\/schema\/logo\/image\/\"},\"sameAs\":[\"https:\/\/www.facebook.com\/GamePlaysCassi\/\",\"https:\/\/x.com\/Gameplayscassi\",\"https:\/\/www.youtube.com\/gameplayscassi\",\"https:\/\/www.instagram.com\/gameplayscassii\/\",\"https:\/\/store.steampowered.com\/curator\/31464556\/\",\"https:\/\/discord.com\/servers\/gameplayscassi-598567071298617354\"]}]}<\/script>\n<!-- \/ Yoast SEO plugin. -->","yoast_head_json":{"title":"The Last of Us Part II Remastered em promo\u00e7\u00e3o para PC","description":"Confira o menor pre\u00e7o para comprar The Last of Us Part II Remastered no PC. Selecionamos apenas as nossas lojas digitais de confian\u00e7a para a compara\u00e7\u00e3o de pre\u00e7os. Voc\u00ea pode comprar a chave do jogo na loja em que estiver com a melhor oferta. Ap\u00f3s realizar a compra, voc\u00ea precisa utilizar o cliente indicado pela loja para ativar e baixar o seu jogo.","robots":{"index":"index","follow":"follow","max-snippet":"max-snippet:-1","max-image-preview":"max-image-preview:large","max-video-preview":"max-video-preview:-1"},"canonical":"https:\/\/www.gameplayscassi.com.br\/ofertas\/produtos\/jogos\/the-last-of-us-part-ii-remastered\/","og_locale":"pt_BR","og_type":"article","og_title":"The Last of Us Part II Remastered em promo\u00e7\u00e3o para PC","og_description":"Confira o menor pre\u00e7o para comprar The Last of Us Part II Remastered no PC. Selecionamos apenas as nossas lojas digitais de confian\u00e7a para a compara\u00e7\u00e3o de pre\u00e7os. Voc\u00ea pode comprar a chave do jogo na loja em que estiver com a melhor oferta. Ap\u00f3s realizar a compra, voc\u00ea precisa utilizar o cliente indicado pela loja para ativar e baixar o seu jogo.","og_url":"https:\/\/www.gameplayscassi.com.br\/ofertas\/produtos\/jogos\/the-last-of-us-part-ii-remastered\/","og_site_name":"Gameplayscassi - Ofertas","article_publisher":"https:\/\/www.facebook.com\/GamePlaysCassi\/","article_modified_time":"2026-05-02T06:54:25+00:00","og_image":[{"width":1600,"height":740,"url":"https:\/\/www.gameplayscassi.com.br\/ofertas\/wp-content\/uploads\/2025\/01\/The-Last-of-Us-Part-II-Remastered.jpg","type":"image\/jpeg"}],"twitter_card":"summary_large_image","twitter_site":"@Gameplayscassi","twitter_misc":{"Est. tempo de leitura":"4 minutos"},"schema":{"@context":"https:\/\/schema.org","@graph":[{"@type":"WebPage","@id":"https:\/\/www.gameplayscassi.com.br\/ofertas\/produtos\/jogos\/the-last-of-us-part-ii-remastered\/","url":"https:\/\/www.gameplayscassi.com.br\/ofertas\/produtos\/jogos\/the-last-of-us-part-ii-remastered\/","name":"The Last of Us Part II Remastered em promo\u00e7\u00e3o para PC","isPartOf":{"@id":"https:\/\/www.gameplayscassi.com.br\/ofertas\/#website"},"primaryImageOfPage":{"@id":"https:\/\/www.gameplayscassi.com.br\/ofertas\/produtos\/jogos\/the-last-of-us-part-ii-remastered\/#primaryimage"},"image":{"@id":"https:\/\/www.gameplayscassi.com.br\/ofertas\/produtos\/jogos\/the-last-of-us-part-ii-remastered\/#primaryimage"},"thumbnailUrl":"https:\/\/www.gameplayscassi.com.br\/ofertas\/wp-content\/uploads\/2025\/01\/The-Last-of-Us-Part-II-Remastered.jpg","datePublished":"2025-01-21T20:42:47+00:00","dateModified":"2026-05-02T06:54:25+00:00","description":"Confira o menor pre\u00e7o para comprar The Last of Us Part II Remastered no PC. Selecionamos apenas as nossas lojas digitais de confian\u00e7a para a compara\u00e7\u00e3o de pre\u00e7os. Voc\u00ea pode comprar a chave do jogo na loja em que estiver com a melhor oferta. Ap\u00f3s realizar a compra, voc\u00ea precisa utilizar o cliente indicado pela loja para ativar e baixar o seu jogo.","breadcrumb":{"@id":"https:\/\/www.gameplayscassi.com.br\/ofertas\/produtos\/jogos\/the-last-of-us-part-ii-remastered\/#breadcrumb"},"inLanguage":"pt-BR","potentialAction":[{"@type":"ReadAction","target":["https:\/\/www.gameplayscassi.com.br\/ofertas\/produtos\/jogos\/the-last-of-us-part-ii-remastered\/"]}]},{"@type":"ImageObject","inLanguage":"pt-BR","@id":"https:\/\/www.gameplayscassi.com.br\/ofertas\/produtos\/jogos\/the-last-of-us-part-ii-remastered\/#primaryimage","url":"https:\/\/www.gameplayscassi.com.br\/ofertas\/wp-content\/uploads\/2025\/01\/The-Last-of-Us-Part-II-Remastered.jpg","contentUrl":"https:\/\/www.gameplayscassi.com.br\/ofertas\/wp-content\/uploads\/2025\/01\/The-Last-of-Us-Part-II-Remastered.jpg","width":1600,"height":740,"caption":"The Last of Us Part II Remastered"},{"@type":"BreadcrumbList","@id":"https:\/\/www.gameplayscassi.com.br\/ofertas\/produtos\/jogos\/the-last-of-us-part-ii-remastered\/#breadcrumb","itemListElement":[{"@type":"ListItem","position":1,"name":"In\u00edcio","item":"https:\/\/www.gameplayscassi.com.br\/ofertas\/"},{"@type":"ListItem","position":2,"name":"Produtos","item":"https:\/\/www.gameplayscassi.com.br\/ofertas\/"},{"@type":"ListItem","position":3,"name":"The Last of Us Part II Remastered"}]},{"@type":"WebSite","@id":"https:\/\/www.gameplayscassi.com.br\/ofertas\/#website","url":"https:\/\/www.gameplayscassi.com.br\/ofertas\/","name":"Gameplayscassi - Ofertas","description":"As melhores ofertas para voc\u00ea","publisher":{"@id":"https:\/\/www.gameplayscassi.com.br\/ofertas\/#organization"},"potentialAction":[{"@type":"SearchAction","target":{"@type":"EntryPoint","urlTemplate":"https:\/\/www.gameplayscassi.com.br\/ofertas\/?s={search_term_string}"},"query-input":{"@type":"PropertyValueSpecification","valueRequired":true,"valueName":"search_term_string"}}],"inLanguage":"pt-BR"},{"@type":"Organization","@id":"https:\/\/www.gameplayscassi.com.br\/ofertas\/#organization","name":"Gameplayscassi - Ofertas","url":"https:\/\/www.gameplayscassi.com.br\/ofertas\/","logo":{"@type":"ImageObject","inLanguage":"pt-BR","@id":"https:\/\/www.gameplayscassi.com.br\/ofertas\/#\/schema\/logo\/image\/","url":"https:\/\/www.gameplayscassi.com.br\/ofertas\/wp-content\/uploads\/2024\/06\/Gameplayscassi.png","contentUrl":"https:\/\/www.gameplayscassi.com.br\/ofertas\/wp-content\/uploads\/2024\/06\/Gameplayscassi.png","width":544,"height":180,"caption":"Gameplayscassi - Ofertas"},"image":{"@id":"https:\/\/www.gameplayscassi.com.br\/ofertas\/#\/schema\/logo\/image\/"},"sameAs":["https:\/\/www.facebook.com\/GamePlaysCassi\/","https:\/\/x.com\/Gameplayscassi","https:\/\/www.youtube.com\/gameplayscassi","https:\/\/www.instagram.com\/gameplayscassii\/","https:\/\/store.steampowered.com\/curator\/31464556\/","https:\/\/discord.com\/servers\/gameplayscassi-598567071298617354"]}]}},"jetpack_sharing_enabled":true,"_links":{"self":[{"href":"https:\/\/www.gameplayscassi.com.br\/ofertas\/wp-json\/wp\/v2\/product\/75554","targetHints":{"allow":["GET"]}}],"collection":[{"href":"https:\/\/www.gameplayscassi.com.br\/ofertas\/wp-json\/wp\/v2\/product"}],"about":[{"href":"https:\/\/www.gameplayscassi.com.br\/ofertas\/wp-json\/wp\/v2\/types\/product"}],"version-history":[{"count":0,"href":"https:\/\/www.gameplayscassi.com.br\/ofertas\/wp-json\/wp\/v2\/product\/75554\/revisions"}],"wp:featuredmedia":[{"embeddable":true,"href":"https:\/\/www.gameplayscassi.com.br\/ofertas\/wp-json\/wp\/v2\/media\/75556"}],"wp:attachment":[{"href":"https:\/\/www.gameplayscassi.com.br\/ofertas\/wp-json\/wp\/v2\/media?parent=75554"}],"wp:term":[{"taxonomy":"store","embeddable":true,"href":"https:\/\/www.gameplayscassi.com.br\/ofertas\/wp-json\/wp\/v2\/store?post=75554"},{"taxonomy":"product_brand","embeddable":true,"href":"https:\/\/www.gameplayscassi.com.br\/ofertas\/wp-json\/wp\/v2\/product_brand?post=75554"},{"taxonomy":"product_cat","embeddable":true,"href":"https:\/\/www.gameplayscassi.com.br\/ofertas\/wp-json\/wp\/v2\/product_cat?post=75554"},{"taxonomy":"product_tag","embeddable":true,"href":"https:\/\/www.gameplayscassi.com.br\/ofertas\/wp-json\/wp\/v2\/product_tag?post=75554"}],"curies":[{"name":"wp","href":"https:\/\/api.w.org\/{rel}","templated":true}]}}