{"id":75365,"date":"2024-11-19T20:52:38","date_gmt":"2024-11-19T23:52:38","guid":{"rendered":"https:\/\/www.gameplayscassi.com.br\/ofertas\/?post_type=product&#038;p=75365"},"modified":"2026-05-01T16:34:30","modified_gmt":"2026-05-01T19:34:30","slug":"topspin-2k25","status":"publish","type":"product","link":"https:\/\/www.gameplayscassi.com.br\/ofertas\/produtos\/jogos\/topspin-2k25\/","title":{"rendered":"TopSpin 2K25"},"content":{"rendered":"<h2 class=\"bb_tag\">JOGABILIDADE AUT\u00caNTICA<\/h2>\n<p>Com mec\u00e2nicas avan\u00e7adas, f\u00edsica realista e visuais imersivos, TopSpin 2K25 proporciona uma experi\u00eancia completa. V\u00e1rios profissionais jog\u00e1veis contam com anima\u00e7\u00f5es exclusivas de forehand, backhand e saque, ajustadas para replicar seus movimentos no mundo real. Ao deslizar na quadra de saibro, voc\u00ea ver\u00e1 a poeira subir e deixar marcas no ch\u00e3o, enquanto na grama, o desgaste da quadra se torna mais vis\u00edvel \u00e0 medida que voc\u00ea avan\u00e7a no torneio. Atinja a precis\u00e3o m\u00e1xima com o novo Medidor de Tempo, e fa\u00e7a o saque perfeito com a nova mec\u00e2nica de saque.<\/p>\n<h2 class=\"bb_tag\">MULTIJOGADOR LOCAL<\/h2>\n<p>Re\u00fana seus amigos e familiares para competir em partidas intensas no mesmo console. O modo offline de Exibi\u00e7\u00e3o \u00e9 compat\u00edvel com at\u00e9 dois jogadores em partidas simples e at\u00e9 quatro em duplas, garantindo muita divers\u00e3o e rivalidade.<\/p>\n<h2 class=\"bb_tag\">EXPERIMENTE DIFERENTES ESTILOS DE JOGO<\/h2>\n<p>Voc\u00ea prefere uma estrat\u00e9gia defensiva s\u00f3lida ou seu foco s\u00e3o saques potentes? O TopSpin 2K25 oferece quatro estilos de jogo diferentes, cada um com suas vantagens e habilidades exclusivas. Escolha entre os estilos de jogo All-Round, Offensive Baseline, Defensive Baseline e Serve &amp; Volley. Inspire-se no estilo do seu profissional favorito ou d\u00ea asas \u00e0 imagina\u00e7\u00e3o e crie MyPLAYERs h\u00edbridos baseados nesses estilos principais.<\/p>\n<h2 class=\"bb_tag\">VEN\u00c7A O CAREER GRAND SLAM\u00ae<\/h2>\n<p>Como uma jovem promessa do t\u00eanis, percorra o circuito mundial, enfrente os maiores nomes do t\u00eanis mundial e d\u00ea um show nas quadras mais famosas, como Wimbledon, Roland-Garros, US Open e Australian Open, em busca do t\u00edtulo de Campe\u00e3o de Grand Slam\u00ae no MyCAREER online.<\/p>\n<h2 class=\"bb_tag\">DOMINE A QUADRA ONLINE<\/h2>\n<p>Coloque seu MyPLAYER \u00e0 prova no World Tour ou participe do 2K Tour, enfrentando jogadores do mundo inteiro com jogabilidade multiplataforma. Se preferir algo mais descontra\u00eddo, convide amigos da sua Conta 2K e de outras plataformas para partidas privadas de simples no modo Exibi\u00e7\u00e3o Online!<\/p>\n<h2 class=\"bb_tag\">PERSONALIZE SEU MyPLAYER<\/h2>\n<p>Crie um MyPLAYER espec\u00edfico para seu estilo de jogo e escolha seu visual nas quadras! Com uma ampla variedade de op\u00e7\u00f5es de personaliza\u00e7\u00e3o, \u00e9 poss\u00edvel ajustar os atributos e ganhar novos coaches, acess\u00f3rios e equipamentos da adidas, HEAD, Lacoste, New Balance, Nike, Wilson e muito mais.<\/p>\n","protected":false},"excerpt":{"rendered":"<p>Confira o menor pre\u00e7o para comprar<strong> TopSpin 2K25<\/strong> no PC. Selecionamos apenas as nossas lojas digitais de confian\u00e7a para a compara\u00e7\u00e3o de pre\u00e7os. Voc\u00ea pode comprar a chave do jogo na loja em que estiver com a melhor oferta. Ap\u00f3s realizar a compra, voc\u00ea precisa utilizar o cliente indicado pela loja para ativar e baixar o seu jogo.<\/p>\n","protected":false},"featured_media":76682,"template":"","meta":[],"store":[],"product_brand":[],"product_cat":[25],"product_tag":[47,404,156,717,1016,470,122,26,668,527,31,1066,147],"class_list":{"0":"post-75365","1":"product","2":"type-product","3":"status-publish","4":"has-post-thumbnail","6":"product_cat-jogos","7":"product_tag-2k-games","8":"product_tag-conquistas-steam","9":"product_tag-controle","10":"product_tag-esportes","11":"product_tag-hangar-13","12":"product_tag-jogador-x-jogador-pvp","13":"product_tag-multijogador","14":"product_tag-pc","15":"product_tag-realistico","16":"product_tag-simulacao","17":"product_tag-steam","18":"product_tag-tenis","19":"product_tag-um-jogador","21":"first","22":"instock","23":"sale","24":"purchasable","25":"product-type-simple"},"yoast_head":"<!-- This site is optimized with the Yoast SEO plugin v27.2 - https:\/\/yoast.com\/product\/yoast-seo-wordpress\/ -->\n<title>TopSpin 2K25 em promo\u00e7\u00e3o para PC<\/title>\n<meta name=\"description\" content=\"Confira o menor pre\u00e7o para comprar TopSpin 2K25 no PC. Selecionamos apenas as nossas lojas digitais de confian\u00e7a para a compara\u00e7\u00e3o de pre\u00e7os. Voc\u00ea pode comprar a chave do jogo na loja em que estiver com a melhor oferta. Ap\u00f3s realizar a compra, voc\u00ea precisa utilizar o cliente indicado pela loja para ativar e baixar o seu jogo.\" \/>\n<meta name=\"robots\" content=\"index, follow, max-snippet:-1, max-image-preview:large, max-video-preview:-1\" \/>\n<link rel=\"canonical\" href=\"https:\/\/www.gameplayscassi.com.br\/ofertas\/produtos\/jogos\/topspin-2k25\/\" \/>\n<meta property=\"og:locale\" content=\"pt_BR\" \/>\n<meta property=\"og:type\" content=\"article\" \/>\n<meta property=\"og:title\" content=\"TopSpin 2K25 em promo\u00e7\u00e3o para PC\" \/>\n<meta property=\"og:description\" content=\"Confira o menor pre\u00e7o para comprar TopSpin 2K25 no PC. Selecionamos apenas as nossas lojas digitais de confian\u00e7a para a compara\u00e7\u00e3o de pre\u00e7os. Voc\u00ea pode comprar a chave do jogo na loja em que estiver com a melhor oferta. Ap\u00f3s realizar a compra, voc\u00ea precisa utilizar o cliente indicado pela loja para ativar e baixar o seu jogo.\" \/>\n<meta property=\"og:url\" content=\"https:\/\/www.gameplayscassi.com.br\/ofertas\/produtos\/jogos\/topspin-2k25\/\" \/>\n<meta property=\"og:site_name\" content=\"Gameplayscassi - Ofertas\" \/>\n<meta property=\"article:publisher\" content=\"https:\/\/www.facebook.com\/GamePlaysCassi\/\" \/>\n<meta property=\"article:modified_time\" content=\"2026-05-01T19:34:30+00:00\" \/>\n<meta property=\"og:image\" content=\"https:\/\/www.gameplayscassi.com.br\/ofertas\/wp-content\/uploads\/2024\/11\/TopSpin-2K25.jpg\" \/>\n\t<meta property=\"og:image:width\" content=\"1600\" \/>\n\t<meta property=\"og:image:height\" content=\"740\" \/>\n\t<meta property=\"og:image:type\" content=\"image\/jpeg\" \/>\n<meta name=\"twitter:card\" content=\"summary_large_image\" \/>\n<meta name=\"twitter:site\" content=\"@Gameplayscassi\" \/>\n<meta name=\"twitter:label1\" content=\"Est. tempo de leitura\" \/>\n\t<meta name=\"twitter:data1\" content=\"3 minutos\" \/>\n<script type=\"application\/ld+json\" class=\"yoast-schema-graph\">{\"@context\":\"https:\/\/schema.org\",\"@graph\":[{\"@type\":\"WebPage\",\"@id\":\"https:\/\/www.gameplayscassi.com.br\/ofertas\/produtos\/jogos\/topspin-2k25\/\",\"url\":\"https:\/\/www.gameplayscassi.com.br\/ofertas\/produtos\/jogos\/topspin-2k25\/\",\"name\":\"TopSpin 2K25 em promo\u00e7\u00e3o para PC\",\"isPartOf\":{\"@id\":\"https:\/\/www.gameplayscassi.com.br\/ofertas\/#website\"},\"primaryImageOfPage\":{\"@id\":\"https:\/\/www.gameplayscassi.com.br\/ofertas\/produtos\/jogos\/topspin-2k25\/#primaryimage\"},\"image\":{\"@id\":\"https:\/\/www.gameplayscassi.com.br\/ofertas\/produtos\/jogos\/topspin-2k25\/#primaryimage\"},\"thumbnailUrl\":\"https:\/\/www.gameplayscassi.com.br\/ofertas\/wp-content\/uploads\/2024\/11\/TopSpin-2K25.jpg\",\"datePublished\":\"2024-11-19T23:52:38+00:00\",\"dateModified\":\"2026-05-01T19:34:30+00:00\",\"description\":\"Confira o menor pre\u00e7o para comprar TopSpin 2K25 no PC. Selecionamos apenas as nossas lojas digitais de confian\u00e7a para a compara\u00e7\u00e3o de pre\u00e7os. Voc\u00ea pode comprar a chave do jogo na loja em que estiver com a melhor oferta. Ap\u00f3s realizar a compra, voc\u00ea precisa utilizar o cliente indicado pela loja para ativar e baixar o seu jogo.\",\"breadcrumb\":{\"@id\":\"https:\/\/www.gameplayscassi.com.br\/ofertas\/produtos\/jogos\/topspin-2k25\/#breadcrumb\"},\"inLanguage\":\"pt-BR\",\"potentialAction\":[{\"@type\":\"ReadAction\",\"target\":[\"https:\/\/www.gameplayscassi.com.br\/ofertas\/produtos\/jogos\/topspin-2k25\/\"]}]},{\"@type\":\"ImageObject\",\"inLanguage\":\"pt-BR\",\"@id\":\"https:\/\/www.gameplayscassi.com.br\/ofertas\/produtos\/jogos\/topspin-2k25\/#primaryimage\",\"url\":\"https:\/\/www.gameplayscassi.com.br\/ofertas\/wp-content\/uploads\/2024\/11\/TopSpin-2K25.jpg\",\"contentUrl\":\"https:\/\/www.gameplayscassi.com.br\/ofertas\/wp-content\/uploads\/2024\/11\/TopSpin-2K25.jpg\",\"width\":1600,\"height\":740},{\"@type\":\"BreadcrumbList\",\"@id\":\"https:\/\/www.gameplayscassi.com.br\/ofertas\/produtos\/jogos\/topspin-2k25\/#breadcrumb\",\"itemListElement\":[{\"@type\":\"ListItem\",\"position\":1,\"name\":\"In\u00edcio\",\"item\":\"https:\/\/www.gameplayscassi.com.br\/ofertas\/\"},{\"@type\":\"ListItem\",\"position\":2,\"name\":\"Produtos\",\"item\":\"https:\/\/www.gameplayscassi.com.br\/ofertas\/\"},{\"@type\":\"ListItem\",\"position\":3,\"name\":\"TopSpin 2K25\"}]},{\"@type\":\"WebSite\",\"@id\":\"https:\/\/www.gameplayscassi.com.br\/ofertas\/#website\",\"url\":\"https:\/\/www.gameplayscassi.com.br\/ofertas\/\",\"name\":\"Gameplayscassi - Ofertas\",\"description\":\"As melhores ofertas para voc\u00ea\",\"publisher\":{\"@id\":\"https:\/\/www.gameplayscassi.com.br\/ofertas\/#organization\"},\"potentialAction\":[{\"@type\":\"SearchAction\",\"target\":{\"@type\":\"EntryPoint\",\"urlTemplate\":\"https:\/\/www.gameplayscassi.com.br\/ofertas\/?s={search_term_string}\"},\"query-input\":{\"@type\":\"PropertyValueSpecification\",\"valueRequired\":true,\"valueName\":\"search_term_string\"}}],\"inLanguage\":\"pt-BR\"},{\"@type\":\"Organization\",\"@id\":\"https:\/\/www.gameplayscassi.com.br\/ofertas\/#organization\",\"name\":\"Gameplayscassi - Ofertas\",\"url\":\"https:\/\/www.gameplayscassi.com.br\/ofertas\/\",\"logo\":{\"@type\":\"ImageObject\",\"inLanguage\":\"pt-BR\",\"@id\":\"https:\/\/www.gameplayscassi.com.br\/ofertas\/#\/schema\/logo\/image\/\",\"url\":\"https:\/\/www.gameplayscassi.com.br\/ofertas\/wp-content\/uploads\/2024\/06\/Gameplayscassi.png\",\"contentUrl\":\"https:\/\/www.gameplayscassi.com.br\/ofertas\/wp-content\/uploads\/2024\/06\/Gameplayscassi.png\",\"width\":544,\"height\":180,\"caption\":\"Gameplayscassi - Ofertas\"},\"image\":{\"@id\":\"https:\/\/www.gameplayscassi.com.br\/ofertas\/#\/schema\/logo\/image\/\"},\"sameAs\":[\"https:\/\/www.facebook.com\/GamePlaysCassi\/\",\"https:\/\/x.com\/Gameplayscassi\",\"https:\/\/www.youtube.com\/gameplayscassi\",\"https:\/\/www.instagram.com\/gameplayscassii\/\",\"https:\/\/store.steampowered.com\/curator\/31464556\/\",\"https:\/\/discord.com\/servers\/gameplayscassi-598567071298617354\"]}]}<\/script>\n<!-- \/ Yoast SEO plugin. -->","yoast_head_json":{"title":"TopSpin 2K25 em promo\u00e7\u00e3o para PC","description":"Confira o menor pre\u00e7o para comprar TopSpin 2K25 no PC. Selecionamos apenas as nossas lojas digitais de confian\u00e7a para a compara\u00e7\u00e3o de pre\u00e7os. Voc\u00ea pode comprar a chave do jogo na loja em que estiver com a melhor oferta. Ap\u00f3s realizar a compra, voc\u00ea precisa utilizar o cliente indicado pela loja para ativar e baixar o seu jogo.","robots":{"index":"index","follow":"follow","max-snippet":"max-snippet:-1","max-image-preview":"max-image-preview:large","max-video-preview":"max-video-preview:-1"},"canonical":"https:\/\/www.gameplayscassi.com.br\/ofertas\/produtos\/jogos\/topspin-2k25\/","og_locale":"pt_BR","og_type":"article","og_title":"TopSpin 2K25 em promo\u00e7\u00e3o para PC","og_description":"Confira o menor pre\u00e7o para comprar TopSpin 2K25 no PC. Selecionamos apenas as nossas lojas digitais de confian\u00e7a para a compara\u00e7\u00e3o de pre\u00e7os. Voc\u00ea pode comprar a chave do jogo na loja em que estiver com a melhor oferta. Ap\u00f3s realizar a compra, voc\u00ea precisa utilizar o cliente indicado pela loja para ativar e baixar o seu jogo.","og_url":"https:\/\/www.gameplayscassi.com.br\/ofertas\/produtos\/jogos\/topspin-2k25\/","og_site_name":"Gameplayscassi - Ofertas","article_publisher":"https:\/\/www.facebook.com\/GamePlaysCassi\/","article_modified_time":"2026-05-01T19:34:30+00:00","og_image":[{"width":1600,"height":740,"url":"https:\/\/www.gameplayscassi.com.br\/ofertas\/wp-content\/uploads\/2024\/11\/TopSpin-2K25.jpg","type":"image\/jpeg"}],"twitter_card":"summary_large_image","twitter_site":"@Gameplayscassi","twitter_misc":{"Est. tempo de leitura":"3 minutos"},"schema":{"@context":"https:\/\/schema.org","@graph":[{"@type":"WebPage","@id":"https:\/\/www.gameplayscassi.com.br\/ofertas\/produtos\/jogos\/topspin-2k25\/","url":"https:\/\/www.gameplayscassi.com.br\/ofertas\/produtos\/jogos\/topspin-2k25\/","name":"TopSpin 2K25 em promo\u00e7\u00e3o para PC","isPartOf":{"@id":"https:\/\/www.gameplayscassi.com.br\/ofertas\/#website"},"primaryImageOfPage":{"@id":"https:\/\/www.gameplayscassi.com.br\/ofertas\/produtos\/jogos\/topspin-2k25\/#primaryimage"},"image":{"@id":"https:\/\/www.gameplayscassi.com.br\/ofertas\/produtos\/jogos\/topspin-2k25\/#primaryimage"},"thumbnailUrl":"https:\/\/www.gameplayscassi.com.br\/ofertas\/wp-content\/uploads\/2024\/11\/TopSpin-2K25.jpg","datePublished":"2024-11-19T23:52:38+00:00","dateModified":"2026-05-01T19:34:30+00:00","description":"Confira o menor pre\u00e7o para comprar TopSpin 2K25 no PC. Selecionamos apenas as nossas lojas digitais de confian\u00e7a para a compara\u00e7\u00e3o de pre\u00e7os. Voc\u00ea pode comprar a chave do jogo na loja em que estiver com a melhor oferta. Ap\u00f3s realizar a compra, voc\u00ea precisa utilizar o cliente indicado pela loja para ativar e baixar o seu jogo.","breadcrumb":{"@id":"https:\/\/www.gameplayscassi.com.br\/ofertas\/produtos\/jogos\/topspin-2k25\/#breadcrumb"},"inLanguage":"pt-BR","potentialAction":[{"@type":"ReadAction","target":["https:\/\/www.gameplayscassi.com.br\/ofertas\/produtos\/jogos\/topspin-2k25\/"]}]},{"@type":"ImageObject","inLanguage":"pt-BR","@id":"https:\/\/www.gameplayscassi.com.br\/ofertas\/produtos\/jogos\/topspin-2k25\/#primaryimage","url":"https:\/\/www.gameplayscassi.com.br\/ofertas\/wp-content\/uploads\/2024\/11\/TopSpin-2K25.jpg","contentUrl":"https:\/\/www.gameplayscassi.com.br\/ofertas\/wp-content\/uploads\/2024\/11\/TopSpin-2K25.jpg","width":1600,"height":740},{"@type":"BreadcrumbList","@id":"https:\/\/www.gameplayscassi.com.br\/ofertas\/produtos\/jogos\/topspin-2k25\/#breadcrumb","itemListElement":[{"@type":"ListItem","position":1,"name":"In\u00edcio","item":"https:\/\/www.gameplayscassi.com.br\/ofertas\/"},{"@type":"ListItem","position":2,"name":"Produtos","item":"https:\/\/www.gameplayscassi.com.br\/ofertas\/"},{"@type":"ListItem","position":3,"name":"TopSpin 2K25"}]},{"@type":"WebSite","@id":"https:\/\/www.gameplayscassi.com.br\/ofertas\/#website","url":"https:\/\/www.gameplayscassi.com.br\/ofertas\/","name":"Gameplayscassi - Ofertas","description":"As melhores ofertas para voc\u00ea","publisher":{"@id":"https:\/\/www.gameplayscassi.com.br\/ofertas\/#organization"},"potentialAction":[{"@type":"SearchAction","target":{"@type":"EntryPoint","urlTemplate":"https:\/\/www.gameplayscassi.com.br\/ofertas\/?s={search_term_string}"},"query-input":{"@type":"PropertyValueSpecification","valueRequired":true,"valueName":"search_term_string"}}],"inLanguage":"pt-BR"},{"@type":"Organization","@id":"https:\/\/www.gameplayscassi.com.br\/ofertas\/#organization","name":"Gameplayscassi - Ofertas","url":"https:\/\/www.gameplayscassi.com.br\/ofertas\/","logo":{"@type":"ImageObject","inLanguage":"pt-BR","@id":"https:\/\/www.gameplayscassi.com.br\/ofertas\/#\/schema\/logo\/image\/","url":"https:\/\/www.gameplayscassi.com.br\/ofertas\/wp-content\/uploads\/2024\/06\/Gameplayscassi.png","contentUrl":"https:\/\/www.gameplayscassi.com.br\/ofertas\/wp-content\/uploads\/2024\/06\/Gameplayscassi.png","width":544,"height":180,"caption":"Gameplayscassi - Ofertas"},"image":{"@id":"https:\/\/www.gameplayscassi.com.br\/ofertas\/#\/schema\/logo\/image\/"},"sameAs":["https:\/\/www.facebook.com\/GamePlaysCassi\/","https:\/\/x.com\/Gameplayscassi","https:\/\/www.youtube.com\/gameplayscassi","https:\/\/www.instagram.com\/gameplayscassii\/","https:\/\/store.steampowered.com\/curator\/31464556\/","https:\/\/discord.com\/servers\/gameplayscassi-598567071298617354"]}]}},"jetpack_sharing_enabled":true,"_links":{"self":[{"href":"https:\/\/www.gameplayscassi.com.br\/ofertas\/wp-json\/wp\/v2\/product\/75365","targetHints":{"allow":["GET"]}}],"collection":[{"href":"https:\/\/www.gameplayscassi.com.br\/ofertas\/wp-json\/wp\/v2\/product"}],"about":[{"href":"https:\/\/www.gameplayscassi.com.br\/ofertas\/wp-json\/wp\/v2\/types\/product"}],"version-history":[{"count":0,"href":"https:\/\/www.gameplayscassi.com.br\/ofertas\/wp-json\/wp\/v2\/product\/75365\/revisions"}],"wp:featuredmedia":[{"embeddable":true,"href":"https:\/\/www.gameplayscassi.com.br\/ofertas\/wp-json\/wp\/v2\/media\/76682"}],"wp:attachment":[{"href":"https:\/\/www.gameplayscassi.com.br\/ofertas\/wp-json\/wp\/v2\/media?parent=75365"}],"wp:term":[{"taxonomy":"store","embeddable":true,"href":"https:\/\/www.gameplayscassi.com.br\/ofertas\/wp-json\/wp\/v2\/store?post=75365"},{"taxonomy":"product_brand","embeddable":true,"href":"https:\/\/www.gameplayscassi.com.br\/ofertas\/wp-json\/wp\/v2\/product_brand?post=75365"},{"taxonomy":"product_cat","embeddable":true,"href":"https:\/\/www.gameplayscassi.com.br\/ofertas\/wp-json\/wp\/v2\/product_cat?post=75365"},{"taxonomy":"product_tag","embeddable":true,"href":"https:\/\/www.gameplayscassi.com.br\/ofertas\/wp-json\/wp\/v2\/product_tag?post=75365"}],"curies":[{"name":"wp","href":"https:\/\/api.w.org\/{rel}","templated":true}]}}