{"id":75359,"date":"2024-11-19T20:52:38","date_gmt":"2024-11-19T23:52:38","guid":{"rendered":"https:\/\/www.gameplayscassi.com.br\/ofertas\/?post_type=product&#038;p=75359"},"modified":"2026-04-24T17:39:25","modified_gmt":"2026-04-24T20:39:25","slug":"the-quarry","status":"publish","type":"product","link":"https:\/\/www.gameplayscassi.com.br\/ofertas\/produtos\/jogos\/the-quarry\/","title":{"rendered":"The Quarry"},"content":{"rendered":"<p>Ao anoitecer do \u00faltimo dia do acampamento de ver\u00e3o, os monitores adolescentes de Hackett&#8217;s Quarry decidem comemorar com uma festa. Sem crian\u00e7as. Sem adultos. Sem regras.<\/p>\n<p>Mas coisas logo saem do controle.<\/p>\n<p>Os planos dos adolescentes acabam se transformando em uma noite de horrores quando eles percebem que est\u00e3o sendo ca\u00e7ados por moradores locais e algo muito mais sinistro. Brincadeiras e flertes entre amigos d\u00e3o lugar a decis\u00f5es de vida ou morte, e as rela\u00e7\u00f5es entre eles v\u00e3o se fortalecer ou quebrar com a press\u00e3o dessas escolhas inimagin\u00e1veis.<\/p>\n<p>Jogue como todos os nove monitores do acampamento em uma narrativa cinematogr\u00e1fica em que todas as decis\u00f5es definem o rumo da sua hist\u00f3ria \u00fanica \u00e0 partir de uma gigantesca teia de possibilidades. Todos os personagens podem ser estrelas \u2013 ou morrer antes do sol nascer.<\/p>\n<p>Como a sua hist\u00f3ria vai terminar?<\/p>\n<div class=\"bb_wide_img_ctn\"><img decoding=\"async\" class=\"bb_img\" src=\"https:\/\/shared.fastly.steamstatic.com\/store_item_assets\/steam\/apps\/1577120\/extras\/forest_zoom.gif?t=1730303267\" \/><\/div>\n<h2 class=\"bb_tag\">A SUA HIST\u00d3RIA, O DESTINO DELES<\/h2>\n<p>Voc\u00ea ousa ver o que est\u00e1 embaixo do al\u00e7ap\u00e3o? Tem coragem de investigar os gritos na floresta? Voc\u00ea vai salvar os seus amigos ou correr desesperadamente pela pr\u00f3pria vida? Todas as escolhas, grandes ou pequenas, moldam a sua hist\u00f3ria e determinam quem vai sobreviver.<\/p>\n<div class=\"bb_wide_img_ctn\"><img decoding=\"async\" class=\"bb_img\" src=\"https:\/\/shared.fastly.steamstatic.com\/store_item_assets\/steam\/apps\/1577120\/extras\/max_attack.gif?t=1730303267\" \/><\/div>\n<h2 class=\"bb_tag\">UMA EXPERI\u00caNCIA CINEMATOGR\u00c1FICA ARREBATADORA<\/h2>\n<p>T\u00e9cnicas de grava\u00e7\u00e3o e capturas de express\u00f5es inovadoras combinadas a performances incr\u00edveis de um elenco formado por talentos de Hollywood d\u00e3o vida aos horrores de Hackett&#8217;s Quarry em uma narrativa cinematogr\u00e1fica de tirar o f\u00f4lego.<\/p>\n<div class=\"bb_wide_img_ctn\"><img decoding=\"async\" class=\"bb_img\" src=\"https:\/\/shared.fastly.steamstatic.com\/store_item_assets\/steam\/apps\/1577120\/extras\/abi_scream.gif?t=1730303267\" \/><\/div>\n<h2 class=\"bb_tag\">ASSUSTE-SE COM OS SEUS AMIGOS<\/h2>\n<p>Deixe o destino nas m\u00e3os de at\u00e9 7 amigos em uma partida online*, os jogadores convidados podem assistir e votar para tomar decis\u00f5es e criar uma hist\u00f3ria feita pelo grupo todo! Jogue tamb\u00e9m no modo cooperativo local, onde cada jogador escolhe um monitor e controla as suas a\u00e7\u00f5es.<\/p>\n<div class=\"bb_wide_img_ctn\"><img decoding=\"async\" class=\"bb_img\" src=\"https:\/\/shared.fastly.steamstatic.com\/store_item_assets\/steam\/apps\/1577120\/extras\/ryan_hey.gif?t=1730303267\" \/><\/div>\n<h2 class=\"bb_tag\">PERSONALIZE A SUA EXPERI\u00caNCIA<\/h2>\n<p>Com a dificuldade ajust\u00e1vel para todos os elementos do jogo, todos os jogadores podem desfrutar do terror. E se voc\u00ea prefere assistir, o Modo Filme permite que voc\u00ea assista \u00e0 The Quarry como um suspense cinematogr\u00e1fico. Escolha como voc\u00ea quer que a hist\u00f3ria se desenrole, sente-se e aproveite a pipoca quando n\u00e3o estiver gritando!<\/p>\n<h2 class=\"bb_tag\">ESTRELANDO:<\/h2>\n<p>David Arquette como Chris<br \/>\nAriel Winter como Abigail<br \/>\nBrenda Song como Kaitlyn<br \/>\nEvan Evagora como Nick<br \/>\nHalston Sage como Emma<br \/>\nJustice Smith como Ryan<br \/>\nMiles Robbins como Dylan<br \/>\nSiobhan Williams como Laura<br \/>\nSkyler Gisondo como Max<br \/>\nZach Tinker como Jacob<br \/>\nEthan Suplee como Bobby<br \/>\nGrace Zabriskie como Eliza<br \/>\nLance Henriksen como Jedediah<br \/>\nLin Shaye como Constance<br \/>\nTed Raimi como Travis<\/p>\n<div class=\"bb_wide_img_ctn\"><img decoding=\"async\" class=\"bb_img\" src=\"https:\/\/shared.fastly.steamstatic.com\/store_item_assets\/steam\/apps\/1577120\/extras\/cast_slideshow.gif?t=1730303267\" \/><\/div>\n","protected":false},"excerpt":{"rendered":"<p>Confira o menor pre\u00e7o para comprar <strong>The Quarry<\/strong> no PC. Selecionamos apenas as nossas lojas digitais de confian\u00e7a para a compara\u00e7\u00e3o de pre\u00e7os. Voc\u00ea pode comprar a chave do jogo na loja em que estiver com a melhor oferta. Ap\u00f3s realizar a compra, voc\u00ea precisa utilizar o cliente indicado pela loja para ativar e baixar o seu jogo.<\/p>\n","protected":false},"featured_media":76679,"template":"","meta":[],"store":[],"product_brand":[],"product_cat":[25],"product_tag":[47,151,393,405,404,1025,122,26,31,1063,195,1064,924,282],"class_list":{"0":"post-75359","1":"product","2":"type-product","3":"status-publish","4":"has-post-thumbnail","6":"product_cat-jogos","7":"product_tag-2k-games","8":"product_tag-boa-trama","9":"product_tag-cinematografico","10":"product_tag-compartilhamento-em-familia","11":"product_tag-conquistas-steam","12":"product_tag-eventos-rapidos","13":"product_tag-multijogador","14":"product_tag-pc","15":"product_tag-steam","16":"product_tag-supermassive-games","17":"product_tag-terror","18":"product_tag-thriller","19":"product_tag-varios-finais","20":"product_tag-voce-decide","22":"first","23":"instock","24":"sale","25":"purchasable","26":"product-type-simple"},"yoast_head":"<!-- This site is optimized with the Yoast SEO plugin v27.2 - https:\/\/yoast.com\/product\/yoast-seo-wordpress\/ -->\n<title>The Quarry em promo\u00e7\u00e3o para PC<\/title>\n<meta name=\"description\" content=\"Confira o menor pre\u00e7o para comprar The Quarry no PC. Selecionamos apenas as nossas lojas digitais de confian\u00e7a para a compara\u00e7\u00e3o de pre\u00e7os. Voc\u00ea pode comprar a chave do jogo na loja em que estiver com a melhor oferta. Ap\u00f3s realizar a compra, voc\u00ea precisa utilizar o cliente indicado pela loja para ativar e baixar o seu jogo.\" \/>\n<meta name=\"robots\" content=\"index, follow, max-snippet:-1, max-image-preview:large, max-video-preview:-1\" \/>\n<link rel=\"canonical\" href=\"https:\/\/www.gameplayscassi.com.br\/ofertas\/produtos\/jogos\/the-quarry\/\" \/>\n<meta property=\"og:locale\" content=\"pt_BR\" \/>\n<meta property=\"og:type\" content=\"article\" \/>\n<meta property=\"og:title\" content=\"The Quarry em promo\u00e7\u00e3o para PC\" \/>\n<meta property=\"og:description\" content=\"Confira o menor pre\u00e7o para comprar The Quarry no PC. Selecionamos apenas as nossas lojas digitais de confian\u00e7a para a compara\u00e7\u00e3o de pre\u00e7os. Voc\u00ea pode comprar a chave do jogo na loja em que estiver com a melhor oferta. Ap\u00f3s realizar a compra, voc\u00ea precisa utilizar o cliente indicado pela loja para ativar e baixar o seu jogo.\" \/>\n<meta property=\"og:url\" content=\"https:\/\/www.gameplayscassi.com.br\/ofertas\/produtos\/jogos\/the-quarry\/\" \/>\n<meta property=\"og:site_name\" content=\"Gameplayscassi - Ofertas\" \/>\n<meta property=\"article:publisher\" content=\"https:\/\/www.facebook.com\/GamePlaysCassi\/\" \/>\n<meta property=\"article:modified_time\" content=\"2026-04-24T20:39:25+00:00\" \/>\n<meta property=\"og:image\" content=\"https:\/\/www.gameplayscassi.com.br\/ofertas\/wp-content\/uploads\/2024\/11\/The-Quarry.jpg\" \/>\n\t<meta property=\"og:image:width\" content=\"1600\" \/>\n\t<meta property=\"og:image:height\" content=\"740\" \/>\n\t<meta property=\"og:image:type\" content=\"image\/jpeg\" \/>\n<meta name=\"twitter:card\" content=\"summary_large_image\" \/>\n<meta name=\"twitter:site\" content=\"@Gameplayscassi\" \/>\n<meta name=\"twitter:label1\" content=\"Est. tempo de leitura\" \/>\n\t<meta name=\"twitter:data1\" content=\"4 minutos\" \/>\n<script type=\"application\/ld+json\" class=\"yoast-schema-graph\">{\"@context\":\"https:\/\/schema.org\",\"@graph\":[{\"@type\":\"WebPage\",\"@id\":\"https:\/\/www.gameplayscassi.com.br\/ofertas\/produtos\/jogos\/the-quarry\/\",\"url\":\"https:\/\/www.gameplayscassi.com.br\/ofertas\/produtos\/jogos\/the-quarry\/\",\"name\":\"The Quarry em promo\u00e7\u00e3o para PC\",\"isPartOf\":{\"@id\":\"https:\/\/www.gameplayscassi.com.br\/ofertas\/#website\"},\"primaryImageOfPage\":{\"@id\":\"https:\/\/www.gameplayscassi.com.br\/ofertas\/produtos\/jogos\/the-quarry\/#primaryimage\"},\"image\":{\"@id\":\"https:\/\/www.gameplayscassi.com.br\/ofertas\/produtos\/jogos\/the-quarry\/#primaryimage\"},\"thumbnailUrl\":\"https:\/\/www.gameplayscassi.com.br\/ofertas\/wp-content\/uploads\/2024\/11\/The-Quarry.jpg\",\"datePublished\":\"2024-11-19T23:52:38+00:00\",\"dateModified\":\"2026-04-24T20:39:25+00:00\",\"description\":\"Confira o menor pre\u00e7o para comprar The Quarry no PC. Selecionamos apenas as nossas lojas digitais de confian\u00e7a para a compara\u00e7\u00e3o de pre\u00e7os. Voc\u00ea pode comprar a chave do jogo na loja em que estiver com a melhor oferta. Ap\u00f3s realizar a compra, voc\u00ea precisa utilizar o cliente indicado pela loja para ativar e baixar o seu jogo.\",\"breadcrumb\":{\"@id\":\"https:\/\/www.gameplayscassi.com.br\/ofertas\/produtos\/jogos\/the-quarry\/#breadcrumb\"},\"inLanguage\":\"pt-BR\",\"potentialAction\":[{\"@type\":\"ReadAction\",\"target\":[\"https:\/\/www.gameplayscassi.com.br\/ofertas\/produtos\/jogos\/the-quarry\/\"]}]},{\"@type\":\"ImageObject\",\"inLanguage\":\"pt-BR\",\"@id\":\"https:\/\/www.gameplayscassi.com.br\/ofertas\/produtos\/jogos\/the-quarry\/#primaryimage\",\"url\":\"https:\/\/www.gameplayscassi.com.br\/ofertas\/wp-content\/uploads\/2024\/11\/The-Quarry.jpg\",\"contentUrl\":\"https:\/\/www.gameplayscassi.com.br\/ofertas\/wp-content\/uploads\/2024\/11\/The-Quarry.jpg\",\"width\":1600,\"height\":740},{\"@type\":\"BreadcrumbList\",\"@id\":\"https:\/\/www.gameplayscassi.com.br\/ofertas\/produtos\/jogos\/the-quarry\/#breadcrumb\",\"itemListElement\":[{\"@type\":\"ListItem\",\"position\":1,\"name\":\"In\u00edcio\",\"item\":\"https:\/\/www.gameplayscassi.com.br\/ofertas\/\"},{\"@type\":\"ListItem\",\"position\":2,\"name\":\"Produtos\",\"item\":\"https:\/\/www.gameplayscassi.com.br\/ofertas\/\"},{\"@type\":\"ListItem\",\"position\":3,\"name\":\"The Quarry\"}]},{\"@type\":\"WebSite\",\"@id\":\"https:\/\/www.gameplayscassi.com.br\/ofertas\/#website\",\"url\":\"https:\/\/www.gameplayscassi.com.br\/ofertas\/\",\"name\":\"Gameplayscassi - Ofertas\",\"description\":\"As melhores ofertas para voc\u00ea\",\"publisher\":{\"@id\":\"https:\/\/www.gameplayscassi.com.br\/ofertas\/#organization\"},\"potentialAction\":[{\"@type\":\"SearchAction\",\"target\":{\"@type\":\"EntryPoint\",\"urlTemplate\":\"https:\/\/www.gameplayscassi.com.br\/ofertas\/?s={search_term_string}\"},\"query-input\":{\"@type\":\"PropertyValueSpecification\",\"valueRequired\":true,\"valueName\":\"search_term_string\"}}],\"inLanguage\":\"pt-BR\"},{\"@type\":\"Organization\",\"@id\":\"https:\/\/www.gameplayscassi.com.br\/ofertas\/#organization\",\"name\":\"Gameplayscassi - Ofertas\",\"url\":\"https:\/\/www.gameplayscassi.com.br\/ofertas\/\",\"logo\":{\"@type\":\"ImageObject\",\"inLanguage\":\"pt-BR\",\"@id\":\"https:\/\/www.gameplayscassi.com.br\/ofertas\/#\/schema\/logo\/image\/\",\"url\":\"https:\/\/www.gameplayscassi.com.br\/ofertas\/wp-content\/uploads\/2024\/06\/Gameplayscassi.png\",\"contentUrl\":\"https:\/\/www.gameplayscassi.com.br\/ofertas\/wp-content\/uploads\/2024\/06\/Gameplayscassi.png\",\"width\":544,\"height\":180,\"caption\":\"Gameplayscassi - Ofertas\"},\"image\":{\"@id\":\"https:\/\/www.gameplayscassi.com.br\/ofertas\/#\/schema\/logo\/image\/\"},\"sameAs\":[\"https:\/\/www.facebook.com\/GamePlaysCassi\/\",\"https:\/\/x.com\/Gameplayscassi\",\"https:\/\/www.youtube.com\/gameplayscassi\",\"https:\/\/www.instagram.com\/gameplayscassii\/\",\"https:\/\/store.steampowered.com\/curator\/31464556\/\",\"https:\/\/discord.com\/servers\/gameplayscassi-598567071298617354\"]}]}<\/script>\n<!-- \/ Yoast SEO plugin. -->","yoast_head_json":{"title":"The Quarry em promo\u00e7\u00e3o para PC","description":"Confira o menor pre\u00e7o para comprar The Quarry no PC. Selecionamos apenas as nossas lojas digitais de confian\u00e7a para a compara\u00e7\u00e3o de pre\u00e7os. Voc\u00ea pode comprar a chave do jogo na loja em que estiver com a melhor oferta. Ap\u00f3s realizar a compra, voc\u00ea precisa utilizar o cliente indicado pela loja para ativar e baixar o seu jogo.","robots":{"index":"index","follow":"follow","max-snippet":"max-snippet:-1","max-image-preview":"max-image-preview:large","max-video-preview":"max-video-preview:-1"},"canonical":"https:\/\/www.gameplayscassi.com.br\/ofertas\/produtos\/jogos\/the-quarry\/","og_locale":"pt_BR","og_type":"article","og_title":"The Quarry em promo\u00e7\u00e3o para PC","og_description":"Confira o menor pre\u00e7o para comprar The Quarry no PC. Selecionamos apenas as nossas lojas digitais de confian\u00e7a para a compara\u00e7\u00e3o de pre\u00e7os. Voc\u00ea pode comprar a chave do jogo na loja em que estiver com a melhor oferta. Ap\u00f3s realizar a compra, voc\u00ea precisa utilizar o cliente indicado pela loja para ativar e baixar o seu jogo.","og_url":"https:\/\/www.gameplayscassi.com.br\/ofertas\/produtos\/jogos\/the-quarry\/","og_site_name":"Gameplayscassi - Ofertas","article_publisher":"https:\/\/www.facebook.com\/GamePlaysCassi\/","article_modified_time":"2026-04-24T20:39:25+00:00","og_image":[{"width":1600,"height":740,"url":"https:\/\/www.gameplayscassi.com.br\/ofertas\/wp-content\/uploads\/2024\/11\/The-Quarry.jpg","type":"image\/jpeg"}],"twitter_card":"summary_large_image","twitter_site":"@Gameplayscassi","twitter_misc":{"Est. tempo de leitura":"4 minutos"},"schema":{"@context":"https:\/\/schema.org","@graph":[{"@type":"WebPage","@id":"https:\/\/www.gameplayscassi.com.br\/ofertas\/produtos\/jogos\/the-quarry\/","url":"https:\/\/www.gameplayscassi.com.br\/ofertas\/produtos\/jogos\/the-quarry\/","name":"The Quarry em promo\u00e7\u00e3o para PC","isPartOf":{"@id":"https:\/\/www.gameplayscassi.com.br\/ofertas\/#website"},"primaryImageOfPage":{"@id":"https:\/\/www.gameplayscassi.com.br\/ofertas\/produtos\/jogos\/the-quarry\/#primaryimage"},"image":{"@id":"https:\/\/www.gameplayscassi.com.br\/ofertas\/produtos\/jogos\/the-quarry\/#primaryimage"},"thumbnailUrl":"https:\/\/www.gameplayscassi.com.br\/ofertas\/wp-content\/uploads\/2024\/11\/The-Quarry.jpg","datePublished":"2024-11-19T23:52:38+00:00","dateModified":"2026-04-24T20:39:25+00:00","description":"Confira o menor pre\u00e7o para comprar The Quarry no PC. Selecionamos apenas as nossas lojas digitais de confian\u00e7a para a compara\u00e7\u00e3o de pre\u00e7os. Voc\u00ea pode comprar a chave do jogo na loja em que estiver com a melhor oferta. Ap\u00f3s realizar a compra, voc\u00ea precisa utilizar o cliente indicado pela loja para ativar e baixar o seu jogo.","breadcrumb":{"@id":"https:\/\/www.gameplayscassi.com.br\/ofertas\/produtos\/jogos\/the-quarry\/#breadcrumb"},"inLanguage":"pt-BR","potentialAction":[{"@type":"ReadAction","target":["https:\/\/www.gameplayscassi.com.br\/ofertas\/produtos\/jogos\/the-quarry\/"]}]},{"@type":"ImageObject","inLanguage":"pt-BR","@id":"https:\/\/www.gameplayscassi.com.br\/ofertas\/produtos\/jogos\/the-quarry\/#primaryimage","url":"https:\/\/www.gameplayscassi.com.br\/ofertas\/wp-content\/uploads\/2024\/11\/The-Quarry.jpg","contentUrl":"https:\/\/www.gameplayscassi.com.br\/ofertas\/wp-content\/uploads\/2024\/11\/The-Quarry.jpg","width":1600,"height":740},{"@type":"BreadcrumbList","@id":"https:\/\/www.gameplayscassi.com.br\/ofertas\/produtos\/jogos\/the-quarry\/#breadcrumb","itemListElement":[{"@type":"ListItem","position":1,"name":"In\u00edcio","item":"https:\/\/www.gameplayscassi.com.br\/ofertas\/"},{"@type":"ListItem","position":2,"name":"Produtos","item":"https:\/\/www.gameplayscassi.com.br\/ofertas\/"},{"@type":"ListItem","position":3,"name":"The Quarry"}]},{"@type":"WebSite","@id":"https:\/\/www.gameplayscassi.com.br\/ofertas\/#website","url":"https:\/\/www.gameplayscassi.com.br\/ofertas\/","name":"Gameplayscassi - Ofertas","description":"As melhores ofertas para voc\u00ea","publisher":{"@id":"https:\/\/www.gameplayscassi.com.br\/ofertas\/#organization"},"potentialAction":[{"@type":"SearchAction","target":{"@type":"EntryPoint","urlTemplate":"https:\/\/www.gameplayscassi.com.br\/ofertas\/?s={search_term_string}"},"query-input":{"@type":"PropertyValueSpecification","valueRequired":true,"valueName":"search_term_string"}}],"inLanguage":"pt-BR"},{"@type":"Organization","@id":"https:\/\/www.gameplayscassi.com.br\/ofertas\/#organization","name":"Gameplayscassi - Ofertas","url":"https:\/\/www.gameplayscassi.com.br\/ofertas\/","logo":{"@type":"ImageObject","inLanguage":"pt-BR","@id":"https:\/\/www.gameplayscassi.com.br\/ofertas\/#\/schema\/logo\/image\/","url":"https:\/\/www.gameplayscassi.com.br\/ofertas\/wp-content\/uploads\/2024\/06\/Gameplayscassi.png","contentUrl":"https:\/\/www.gameplayscassi.com.br\/ofertas\/wp-content\/uploads\/2024\/06\/Gameplayscassi.png","width":544,"height":180,"caption":"Gameplayscassi - Ofertas"},"image":{"@id":"https:\/\/www.gameplayscassi.com.br\/ofertas\/#\/schema\/logo\/image\/"},"sameAs":["https:\/\/www.facebook.com\/GamePlaysCassi\/","https:\/\/x.com\/Gameplayscassi","https:\/\/www.youtube.com\/gameplayscassi","https:\/\/www.instagram.com\/gameplayscassii\/","https:\/\/store.steampowered.com\/curator\/31464556\/","https:\/\/discord.com\/servers\/gameplayscassi-598567071298617354"]}]}},"jetpack_sharing_enabled":true,"_links":{"self":[{"href":"https:\/\/www.gameplayscassi.com.br\/ofertas\/wp-json\/wp\/v2\/product\/75359","targetHints":{"allow":["GET"]}}],"collection":[{"href":"https:\/\/www.gameplayscassi.com.br\/ofertas\/wp-json\/wp\/v2\/product"}],"about":[{"href":"https:\/\/www.gameplayscassi.com.br\/ofertas\/wp-json\/wp\/v2\/types\/product"}],"version-history":[{"count":0,"href":"https:\/\/www.gameplayscassi.com.br\/ofertas\/wp-json\/wp\/v2\/product\/75359\/revisions"}],"wp:featuredmedia":[{"embeddable":true,"href":"https:\/\/www.gameplayscassi.com.br\/ofertas\/wp-json\/wp\/v2\/media\/76679"}],"wp:attachment":[{"href":"https:\/\/www.gameplayscassi.com.br\/ofertas\/wp-json\/wp\/v2\/media?parent=75359"}],"wp:term":[{"taxonomy":"store","embeddable":true,"href":"https:\/\/www.gameplayscassi.com.br\/ofertas\/wp-json\/wp\/v2\/store?post=75359"},{"taxonomy":"product_brand","embeddable":true,"href":"https:\/\/www.gameplayscassi.com.br\/ofertas\/wp-json\/wp\/v2\/product_brand?post=75359"},{"taxonomy":"product_cat","embeddable":true,"href":"https:\/\/www.gameplayscassi.com.br\/ofertas\/wp-json\/wp\/v2\/product_cat?post=75359"},{"taxonomy":"product_tag","embeddable":true,"href":"https:\/\/www.gameplayscassi.com.br\/ofertas\/wp-json\/wp\/v2\/product_tag?post=75359"}],"curies":[{"name":"wp","href":"https:\/\/api.w.org\/{rel}","templated":true}]}}