{"id":75323,"date":"2024-11-19T20:52:32","date_gmt":"2024-11-19T23:52:32","guid":{"rendered":"https:\/\/www.gameplayscassi.com.br\/ofertas\/?post_type=product&#038;p=75323"},"modified":"2026-04-24T17:39:25","modified_gmt":"2026-04-24T20:39:25","slug":"new-tales-from-the-borderlands","status":"publish","type":"product","link":"https:\/\/www.gameplayscassi.com.br\/ofertas\/produtos\/jogos\/new-tales-from-the-borderlands\/","title":{"rendered":"New Tales from the Borderlands"},"content":{"rendered":"<p><img decoding=\"async\" class=\"bb_img\" src=\"https:\/\/shared.fastly.steamstatic.com\/store_item_assets\/steam\/apps\/1454970\/extras\/Cypress_Metadata_Steam_store_capsule_main_616x353.jpg?t=1728609086\" \/><br \/>\nTome uma posi\u00e7\u00e3o contra os cru\u00e9is l\u00edderes corporativos em nesta aventura narrativa.<\/p>\n<p>Em Prometeia, metr\u00f3pole eternamente destru\u00edda pela guerra, voc\u00ea controlar\u00e1 Anu, Octavio e Fran no pior dia de suas vidas. Ajude estes am\u00e1veis fracassados em sua jornada para mudar o mundo (e, quem sabe, salv\u00e1-lo)! Enfrente uma invas\u00e3o ao planeta, um monstro das arcas terr\u00edvel e um capitalista frio e calculista, em sua jornada cinematogr\u00e1fica em que tudo que acontece depende de voc\u00ea e suas escolhas! Encontre um elenco cheio de desajustados, rob\u00f4s assassinos e armas falantes nesta corrida at\u00e9 o topo!<\/p>\n<p>\u00c9 hora de lutar contra a explora\u00e7\u00e3o e a gan\u00e2ncia empresarial. \u00c9 hora de fazer do Caos o seu neg\u00f3cio.<\/p>\n<h2 class=\"bb_tag\">A HIST\u00d3RIA DE AZAR\u00d5ES DE TR\u00caS ADOR\u00c1VEIS DERROTADOS<\/h2>\n<p>Decida os destinos da cientista altru\u00edsta Anu, seu irm\u00e3o ambicioso e letrado nas ruas, Octavio, e a impetuosa Fran, sempre com seu sorvete de iogurte. N\u00e3o tendo nada mais a perder e tudo a ganhar, voc\u00ea ir\u00e1 desbravar e enganar geral em sua jornada por cinco cap\u00edtulos intrigantes, cheios de inimigos fortemente armados, animais de outro mundo e deliciosos tacos.<\/p>\n<h2 class=\"bb_tag\">UMA AVENTURA CINEMATOGR\u00c1FICA EXTRAORDIN\u00c1RIA<\/h2>\n<p>As Borderlands n\u00e3o s\u00e3o apenas casa de Ca\u00e7a-Arcas, psicopatas e CEOs da ind\u00fastria armamentista &#8211; elas est\u00e3o cheias de cidad\u00e3os intr\u00e9pidos e oprimidos tentando viver sua vida. Com um elenco de rostos in\u00e9ditos e alguns conhecidos, incluindo um rob\u00f4 assassino metido a comediante e um bandido menos-assassino-que-o-normal, este conto inesquec\u00edvel certamente ir\u00e1 encantar os velhos e novos f\u00e3s.<\/p>\n<h2 class=\"bb_tag\">SUAS ESCOLHAS DEFINEM O DESFECHO<\/h2>\n<p>As suas decis\u00f5es determinam o fim da hist\u00f3ria. Seja a vis\u00e3o de Anu, de um mundo que venda mais do que armas, o sonho de Octavio, de fama e fortuna, ou a trama congelante de vingan\u00e7a da Fran-seu sucesso ou fracasso depende de voc\u00ea.<\/p>\n","protected":false},"excerpt":{"rendered":"<p>Confira o menor pre\u00e7o para comprar<strong> New Tales from the Borderlands<\/strong> no PC. Selecionamos apenas as nossas lojas digitais de confian\u00e7a para a compara\u00e7\u00e3o de pre\u00e7os. Voc\u00ea pode comprar a chave do jogo na loja em que estiver com a melhor oferta. Ap\u00f3s realizar a compra, voc\u00ea precisa utilizar o cliente indicado pela loja para ativar e baixar o seu jogo.<\/p>\n","protected":false},"featured_media":76652,"template":"","meta":[],"store":[],"product_brand":[],"product_cat":[25],"product_tag":[47,119,179,405,404,665,556,1025,1026,979,406,26,31,147,924,282],"class_list":{"0":"post-75323","1":"product","2":"type-product","3":"status-publish","4":"has-post-thumbnail","6":"product_cat-jogos","7":"product_tag-2k-games","8":"product_tag-acao","9":"product_tag-acao-aventura","10":"product_tag-compartilhamento-em-familia","11":"product_tag-conquistas-steam","12":"product_tag-epic-games","13":"product_tag-escolha-a-sua-aventura","14":"product_tag-eventos-rapidos","15":"product_tag-ficcao-interativa","16":"product_tag-gearbox-software","17":"product_tag-nuvem-steam","18":"product_tag-pc","19":"product_tag-steam","20":"product_tag-um-jogador","21":"product_tag-varios-finais","22":"product_tag-voce-decide","24":"first","25":"instock","26":"sale","27":"purchasable","28":"product-type-simple"},"yoast_head":"<!-- This site is optimized with the Yoast SEO plugin v27.2 - https:\/\/yoast.com\/product\/yoast-seo-wordpress\/ -->\n<title>New Tales from the Borderlands em promo\u00e7\u00e3o para PC<\/title>\n<meta name=\"description\" content=\"Confira o menor pre\u00e7o para comprar New Tales from the Borderlands no PC. Selecionamos apenas as nossas lojas digitais de confian\u00e7a para a compara\u00e7\u00e3o de pre\u00e7os. Voc\u00ea pode comprar a chave do jogo na loja em que estiver com a melhor oferta. Ap\u00f3s realizar a compra, voc\u00ea precisa utilizar o cliente indicado pela loja para ativar e baixar o seu jogo.\" \/>\n<meta name=\"robots\" content=\"index, follow, max-snippet:-1, max-image-preview:large, max-video-preview:-1\" \/>\n<link rel=\"canonical\" href=\"https:\/\/www.gameplayscassi.com.br\/ofertas\/produtos\/jogos\/new-tales-from-the-borderlands\/\" \/>\n<meta property=\"og:locale\" content=\"pt_BR\" \/>\n<meta property=\"og:type\" content=\"article\" \/>\n<meta property=\"og:title\" content=\"New Tales from the Borderlands em promo\u00e7\u00e3o para PC\" \/>\n<meta property=\"og:description\" content=\"Confira o menor pre\u00e7o para comprar New Tales from the Borderlands no PC. Selecionamos apenas as nossas lojas digitais de confian\u00e7a para a compara\u00e7\u00e3o de pre\u00e7os. Voc\u00ea pode comprar a chave do jogo na loja em que estiver com a melhor oferta. Ap\u00f3s realizar a compra, voc\u00ea precisa utilizar o cliente indicado pela loja para ativar e baixar o seu jogo.\" \/>\n<meta property=\"og:url\" content=\"https:\/\/www.gameplayscassi.com.br\/ofertas\/produtos\/jogos\/new-tales-from-the-borderlands\/\" \/>\n<meta property=\"og:site_name\" content=\"Gameplayscassi - Ofertas\" \/>\n<meta property=\"article:publisher\" content=\"https:\/\/www.facebook.com\/GamePlaysCassi\/\" \/>\n<meta property=\"article:modified_time\" content=\"2026-04-24T20:39:25+00:00\" \/>\n<meta property=\"og:image\" content=\"https:\/\/www.gameplayscassi.com.br\/ofertas\/wp-content\/uploads\/2024\/11\/New-Tales-from-the-Borderlands.jpg\" \/>\n\t<meta property=\"og:image:width\" content=\"1600\" \/>\n\t<meta property=\"og:image:height\" content=\"740\" \/>\n\t<meta property=\"og:image:type\" content=\"image\/jpeg\" \/>\n<meta name=\"twitter:card\" content=\"summary_large_image\" \/>\n<meta name=\"twitter:site\" content=\"@Gameplayscassi\" \/>\n<meta name=\"twitter:label1\" content=\"Est. tempo de leitura\" \/>\n\t<meta name=\"twitter:data1\" content=\"3 minutos\" \/>\n<script type=\"application\/ld+json\" class=\"yoast-schema-graph\">{\"@context\":\"https:\/\/schema.org\",\"@graph\":[{\"@type\":\"WebPage\",\"@id\":\"https:\/\/www.gameplayscassi.com.br\/ofertas\/produtos\/jogos\/new-tales-from-the-borderlands\/\",\"url\":\"https:\/\/www.gameplayscassi.com.br\/ofertas\/produtos\/jogos\/new-tales-from-the-borderlands\/\",\"name\":\"New Tales from the Borderlands em promo\u00e7\u00e3o para PC\",\"isPartOf\":{\"@id\":\"https:\/\/www.gameplayscassi.com.br\/ofertas\/#website\"},\"primaryImageOfPage\":{\"@id\":\"https:\/\/www.gameplayscassi.com.br\/ofertas\/produtos\/jogos\/new-tales-from-the-borderlands\/#primaryimage\"},\"image\":{\"@id\":\"https:\/\/www.gameplayscassi.com.br\/ofertas\/produtos\/jogos\/new-tales-from-the-borderlands\/#primaryimage\"},\"thumbnailUrl\":\"https:\/\/www.gameplayscassi.com.br\/ofertas\/wp-content\/uploads\/2024\/11\/New-Tales-from-the-Borderlands.jpg\",\"datePublished\":\"2024-11-19T23:52:32+00:00\",\"dateModified\":\"2026-04-24T20:39:25+00:00\",\"description\":\"Confira o menor pre\u00e7o para comprar New Tales from the Borderlands no PC. Selecionamos apenas as nossas lojas digitais de confian\u00e7a para a compara\u00e7\u00e3o de pre\u00e7os. Voc\u00ea pode comprar a chave do jogo na loja em que estiver com a melhor oferta. Ap\u00f3s realizar a compra, voc\u00ea precisa utilizar o cliente indicado pela loja para ativar e baixar o seu jogo.\",\"breadcrumb\":{\"@id\":\"https:\/\/www.gameplayscassi.com.br\/ofertas\/produtos\/jogos\/new-tales-from-the-borderlands\/#breadcrumb\"},\"inLanguage\":\"pt-BR\",\"potentialAction\":[{\"@type\":\"ReadAction\",\"target\":[\"https:\/\/www.gameplayscassi.com.br\/ofertas\/produtos\/jogos\/new-tales-from-the-borderlands\/\"]}]},{\"@type\":\"ImageObject\",\"inLanguage\":\"pt-BR\",\"@id\":\"https:\/\/www.gameplayscassi.com.br\/ofertas\/produtos\/jogos\/new-tales-from-the-borderlands\/#primaryimage\",\"url\":\"https:\/\/www.gameplayscassi.com.br\/ofertas\/wp-content\/uploads\/2024\/11\/New-Tales-from-the-Borderlands.jpg\",\"contentUrl\":\"https:\/\/www.gameplayscassi.com.br\/ofertas\/wp-content\/uploads\/2024\/11\/New-Tales-from-the-Borderlands.jpg\",\"width\":1600,\"height\":740},{\"@type\":\"BreadcrumbList\",\"@id\":\"https:\/\/www.gameplayscassi.com.br\/ofertas\/produtos\/jogos\/new-tales-from-the-borderlands\/#breadcrumb\",\"itemListElement\":[{\"@type\":\"ListItem\",\"position\":1,\"name\":\"In\u00edcio\",\"item\":\"https:\/\/www.gameplayscassi.com.br\/ofertas\/\"},{\"@type\":\"ListItem\",\"position\":2,\"name\":\"Produtos\",\"item\":\"https:\/\/www.gameplayscassi.com.br\/ofertas\/\"},{\"@type\":\"ListItem\",\"position\":3,\"name\":\"New Tales from the Borderlands\"}]},{\"@type\":\"WebSite\",\"@id\":\"https:\/\/www.gameplayscassi.com.br\/ofertas\/#website\",\"url\":\"https:\/\/www.gameplayscassi.com.br\/ofertas\/\",\"name\":\"Gameplayscassi - Ofertas\",\"description\":\"As melhores ofertas para voc\u00ea\",\"publisher\":{\"@id\":\"https:\/\/www.gameplayscassi.com.br\/ofertas\/#organization\"},\"potentialAction\":[{\"@type\":\"SearchAction\",\"target\":{\"@type\":\"EntryPoint\",\"urlTemplate\":\"https:\/\/www.gameplayscassi.com.br\/ofertas\/?s={search_term_string}\"},\"query-input\":{\"@type\":\"PropertyValueSpecification\",\"valueRequired\":true,\"valueName\":\"search_term_string\"}}],\"inLanguage\":\"pt-BR\"},{\"@type\":\"Organization\",\"@id\":\"https:\/\/www.gameplayscassi.com.br\/ofertas\/#organization\",\"name\":\"Gameplayscassi - Ofertas\",\"url\":\"https:\/\/www.gameplayscassi.com.br\/ofertas\/\",\"logo\":{\"@type\":\"ImageObject\",\"inLanguage\":\"pt-BR\",\"@id\":\"https:\/\/www.gameplayscassi.com.br\/ofertas\/#\/schema\/logo\/image\/\",\"url\":\"https:\/\/www.gameplayscassi.com.br\/ofertas\/wp-content\/uploads\/2024\/06\/Gameplayscassi.png\",\"contentUrl\":\"https:\/\/www.gameplayscassi.com.br\/ofertas\/wp-content\/uploads\/2024\/06\/Gameplayscassi.png\",\"width\":544,\"height\":180,\"caption\":\"Gameplayscassi - Ofertas\"},\"image\":{\"@id\":\"https:\/\/www.gameplayscassi.com.br\/ofertas\/#\/schema\/logo\/image\/\"},\"sameAs\":[\"https:\/\/www.facebook.com\/GamePlaysCassi\/\",\"https:\/\/x.com\/Gameplayscassi\",\"https:\/\/www.youtube.com\/gameplayscassi\",\"https:\/\/www.instagram.com\/gameplayscassii\/\",\"https:\/\/store.steampowered.com\/curator\/31464556\/\",\"https:\/\/discord.com\/servers\/gameplayscassi-598567071298617354\"]}]}<\/script>\n<!-- \/ Yoast SEO plugin. -->","yoast_head_json":{"title":"New Tales from the Borderlands em promo\u00e7\u00e3o para PC","description":"Confira o menor pre\u00e7o para comprar New Tales from the Borderlands no PC. Selecionamos apenas as nossas lojas digitais de confian\u00e7a para a compara\u00e7\u00e3o de pre\u00e7os. Voc\u00ea pode comprar a chave do jogo na loja em que estiver com a melhor oferta. Ap\u00f3s realizar a compra, voc\u00ea precisa utilizar o cliente indicado pela loja para ativar e baixar o seu jogo.","robots":{"index":"index","follow":"follow","max-snippet":"max-snippet:-1","max-image-preview":"max-image-preview:large","max-video-preview":"max-video-preview:-1"},"canonical":"https:\/\/www.gameplayscassi.com.br\/ofertas\/produtos\/jogos\/new-tales-from-the-borderlands\/","og_locale":"pt_BR","og_type":"article","og_title":"New Tales from the Borderlands em promo\u00e7\u00e3o para PC","og_description":"Confira o menor pre\u00e7o para comprar New Tales from the Borderlands no PC. Selecionamos apenas as nossas lojas digitais de confian\u00e7a para a compara\u00e7\u00e3o de pre\u00e7os. Voc\u00ea pode comprar a chave do jogo na loja em que estiver com a melhor oferta. Ap\u00f3s realizar a compra, voc\u00ea precisa utilizar o cliente indicado pela loja para ativar e baixar o seu jogo.","og_url":"https:\/\/www.gameplayscassi.com.br\/ofertas\/produtos\/jogos\/new-tales-from-the-borderlands\/","og_site_name":"Gameplayscassi - Ofertas","article_publisher":"https:\/\/www.facebook.com\/GamePlaysCassi\/","article_modified_time":"2026-04-24T20:39:25+00:00","og_image":[{"width":1600,"height":740,"url":"https:\/\/www.gameplayscassi.com.br\/ofertas\/wp-content\/uploads\/2024\/11\/New-Tales-from-the-Borderlands.jpg","type":"image\/jpeg"}],"twitter_card":"summary_large_image","twitter_site":"@Gameplayscassi","twitter_misc":{"Est. tempo de leitura":"3 minutos"},"schema":{"@context":"https:\/\/schema.org","@graph":[{"@type":"WebPage","@id":"https:\/\/www.gameplayscassi.com.br\/ofertas\/produtos\/jogos\/new-tales-from-the-borderlands\/","url":"https:\/\/www.gameplayscassi.com.br\/ofertas\/produtos\/jogos\/new-tales-from-the-borderlands\/","name":"New Tales from the Borderlands em promo\u00e7\u00e3o para PC","isPartOf":{"@id":"https:\/\/www.gameplayscassi.com.br\/ofertas\/#website"},"primaryImageOfPage":{"@id":"https:\/\/www.gameplayscassi.com.br\/ofertas\/produtos\/jogos\/new-tales-from-the-borderlands\/#primaryimage"},"image":{"@id":"https:\/\/www.gameplayscassi.com.br\/ofertas\/produtos\/jogos\/new-tales-from-the-borderlands\/#primaryimage"},"thumbnailUrl":"https:\/\/www.gameplayscassi.com.br\/ofertas\/wp-content\/uploads\/2024\/11\/New-Tales-from-the-Borderlands.jpg","datePublished":"2024-11-19T23:52:32+00:00","dateModified":"2026-04-24T20:39:25+00:00","description":"Confira o menor pre\u00e7o para comprar New Tales from the Borderlands no PC. Selecionamos apenas as nossas lojas digitais de confian\u00e7a para a compara\u00e7\u00e3o de pre\u00e7os. Voc\u00ea pode comprar a chave do jogo na loja em que estiver com a melhor oferta. Ap\u00f3s realizar a compra, voc\u00ea precisa utilizar o cliente indicado pela loja para ativar e baixar o seu jogo.","breadcrumb":{"@id":"https:\/\/www.gameplayscassi.com.br\/ofertas\/produtos\/jogos\/new-tales-from-the-borderlands\/#breadcrumb"},"inLanguage":"pt-BR","potentialAction":[{"@type":"ReadAction","target":["https:\/\/www.gameplayscassi.com.br\/ofertas\/produtos\/jogos\/new-tales-from-the-borderlands\/"]}]},{"@type":"ImageObject","inLanguage":"pt-BR","@id":"https:\/\/www.gameplayscassi.com.br\/ofertas\/produtos\/jogos\/new-tales-from-the-borderlands\/#primaryimage","url":"https:\/\/www.gameplayscassi.com.br\/ofertas\/wp-content\/uploads\/2024\/11\/New-Tales-from-the-Borderlands.jpg","contentUrl":"https:\/\/www.gameplayscassi.com.br\/ofertas\/wp-content\/uploads\/2024\/11\/New-Tales-from-the-Borderlands.jpg","width":1600,"height":740},{"@type":"BreadcrumbList","@id":"https:\/\/www.gameplayscassi.com.br\/ofertas\/produtos\/jogos\/new-tales-from-the-borderlands\/#breadcrumb","itemListElement":[{"@type":"ListItem","position":1,"name":"In\u00edcio","item":"https:\/\/www.gameplayscassi.com.br\/ofertas\/"},{"@type":"ListItem","position":2,"name":"Produtos","item":"https:\/\/www.gameplayscassi.com.br\/ofertas\/"},{"@type":"ListItem","position":3,"name":"New Tales from the Borderlands"}]},{"@type":"WebSite","@id":"https:\/\/www.gameplayscassi.com.br\/ofertas\/#website","url":"https:\/\/www.gameplayscassi.com.br\/ofertas\/","name":"Gameplayscassi - Ofertas","description":"As melhores ofertas para voc\u00ea","publisher":{"@id":"https:\/\/www.gameplayscassi.com.br\/ofertas\/#organization"},"potentialAction":[{"@type":"SearchAction","target":{"@type":"EntryPoint","urlTemplate":"https:\/\/www.gameplayscassi.com.br\/ofertas\/?s={search_term_string}"},"query-input":{"@type":"PropertyValueSpecification","valueRequired":true,"valueName":"search_term_string"}}],"inLanguage":"pt-BR"},{"@type":"Organization","@id":"https:\/\/www.gameplayscassi.com.br\/ofertas\/#organization","name":"Gameplayscassi - Ofertas","url":"https:\/\/www.gameplayscassi.com.br\/ofertas\/","logo":{"@type":"ImageObject","inLanguage":"pt-BR","@id":"https:\/\/www.gameplayscassi.com.br\/ofertas\/#\/schema\/logo\/image\/","url":"https:\/\/www.gameplayscassi.com.br\/ofertas\/wp-content\/uploads\/2024\/06\/Gameplayscassi.png","contentUrl":"https:\/\/www.gameplayscassi.com.br\/ofertas\/wp-content\/uploads\/2024\/06\/Gameplayscassi.png","width":544,"height":180,"caption":"Gameplayscassi - Ofertas"},"image":{"@id":"https:\/\/www.gameplayscassi.com.br\/ofertas\/#\/schema\/logo\/image\/"},"sameAs":["https:\/\/www.facebook.com\/GamePlaysCassi\/","https:\/\/x.com\/Gameplayscassi","https:\/\/www.youtube.com\/gameplayscassi","https:\/\/www.instagram.com\/gameplayscassii\/","https:\/\/store.steampowered.com\/curator\/31464556\/","https:\/\/discord.com\/servers\/gameplayscassi-598567071298617354"]}]}},"jetpack_sharing_enabled":true,"_links":{"self":[{"href":"https:\/\/www.gameplayscassi.com.br\/ofertas\/wp-json\/wp\/v2\/product\/75323","targetHints":{"allow":["GET"]}}],"collection":[{"href":"https:\/\/www.gameplayscassi.com.br\/ofertas\/wp-json\/wp\/v2\/product"}],"about":[{"href":"https:\/\/www.gameplayscassi.com.br\/ofertas\/wp-json\/wp\/v2\/types\/product"}],"version-history":[{"count":0,"href":"https:\/\/www.gameplayscassi.com.br\/ofertas\/wp-json\/wp\/v2\/product\/75323\/revisions"}],"wp:featuredmedia":[{"embeddable":true,"href":"https:\/\/www.gameplayscassi.com.br\/ofertas\/wp-json\/wp\/v2\/media\/76652"}],"wp:attachment":[{"href":"https:\/\/www.gameplayscassi.com.br\/ofertas\/wp-json\/wp\/v2\/media?parent=75323"}],"wp:term":[{"taxonomy":"store","embeddable":true,"href":"https:\/\/www.gameplayscassi.com.br\/ofertas\/wp-json\/wp\/v2\/store?post=75323"},{"taxonomy":"product_brand","embeddable":true,"href":"https:\/\/www.gameplayscassi.com.br\/ofertas\/wp-json\/wp\/v2\/product_brand?post=75323"},{"taxonomy":"product_cat","embeddable":true,"href":"https:\/\/www.gameplayscassi.com.br\/ofertas\/wp-json\/wp\/v2\/product_cat?post=75323"},{"taxonomy":"product_tag","embeddable":true,"href":"https:\/\/www.gameplayscassi.com.br\/ofertas\/wp-json\/wp\/v2\/product_tag?post=75323"}],"curies":[{"name":"wp","href":"https:\/\/api.w.org\/{rel}","templated":true}]}}