{"id":75279,"date":"2024-11-19T20:52:25","date_gmt":"2024-11-19T23:52:25","guid":{"rendered":"https:\/\/www.gameplayscassi.com.br\/ofertas\/?post_type=product&#038;p=75279"},"modified":"2026-05-01T16:44:23","modified_gmt":"2026-05-01T19:44:23","slug":"carnival-games-vr","status":"publish","type":"product","link":"https:\/\/www.gameplayscassi.com.br\/ofertas\/produtos\/jogos\/carnival-games-vr\/","title":{"rendered":"Carnival Games VR"},"content":{"rendered":"<p>Vamos chegando, pessoal. Venham jogar um jogo onde todos s\u00e3o vencedores! Dos criadores de Carnival Games, a Cat Daddy Games e 2K trazem a divers\u00e3o dessa franquia de sucesso para a realidade virtual.<\/p>\n<p>Carnival Games VR traz uma nova e imersiva experi\u00eancia de realidade virtual, permitindo que voc\u00ea explore o parque, interaja com os clientes e jogue at\u00e9 12 jogos diferentes! Entre em um parque tem\u00e1tico onde voc\u00ea pode jogar um jogo e ganhar bilhetes para trocar por pr\u00eamios virtuais divertidos ou desbloquear um novo jogo. Seja escalando um castelo em Climbing Wall, buscando a maior pontua\u00e7\u00e3o em Alley Ball ou arremessando bolas de basquete em Swish \u2013 existe algo para todo mundo.<\/p>\n<h2 class=\"bb_tag\">Um Jogo para Todo Mundo<\/h2>\n<p>Com 12 jogos de parques de divers\u00f5es, existe algo para todo mundo. Seja para se preparar e arremessar bolas de beisebol em Golden Arm, ou bolas de basquete em Swish. Teste sua mira na Shooting Gallery ou escale um castelo nas grandes alturas em Climbing Wall &#8211; existem muitos jogos emocionantes para jogar!<\/p>\n<h2 class=\"bb_tag\">Ambiente Interativo<\/h2>\n<p>Mergulhe no clima de parque, onde o Barker o deixar\u00e1 sempre animado, enquanto voc\u00ea interage com os clientes e explora as quatro se\u00e7\u00f5es do parque com temas \u00fanicos, do Cowpoke Corral at\u00e9 a Wizard&#8217;s Walkway.<\/p>\n<h2 class=\"bb_tag\">Ganhe Pr\u00eamios, Desbloqueie Jogos<\/h2>\n<p>Complete um jogo e colete bilhetes para trocar por pr\u00eamios virtuais divertidos, al\u00e9m de desbloquear mais modos de jogo no Prize Booth! Todos os pr\u00eamios s\u00e3o mantidos em uma Play Room, onde voc\u00ea pode desbloquear conquistas \u00fanicas.<\/p>\n<h2 class=\"bb_tag\">Um \u00d3timo Jogo para Festas<\/h2>\n<p>Voc\u00ea conseguiu uma maior pontua\u00e7\u00e3o? Desafie seus amigos e veja quem consegue a primeira coloca\u00e7\u00e3o no placar de l\u00edderes online.<\/p>\n","protected":false},"excerpt":{"rendered":"<p>Confira o menor pre\u00e7o para comprar <strong>Carnival Games VR<\/strong> no PC. Selecionamos apenas as nossas lojas digitais de confian\u00e7a para a compara\u00e7\u00e3o de pre\u00e7os. Voc\u00ea pode comprar a chave do jogo na loja em que estiver com a melhor oferta. Ap\u00f3s realizar a compra, voc\u00ea precisa utilizar o cliente indicado pela loja para ativar e baixar o seu jogo.<\/p>\n","protected":false},"featured_media":76296,"template":"","meta":[],"store":[],"product_brand":[],"product_cat":[25],"product_tag":[47,273,990,405,404,26,193,527,31],"class_list":{"0":"post-75279","1":"product","2":"type-product","3":"status-publish","4":"has-post-thumbnail","6":"product_cat-jogos","7":"product_tag-2k-games","8":"product_tag-casual","9":"product_tag-cat-daddy-games","10":"product_tag-compartilhamento-em-familia","11":"product_tag-conquistas-steam","12":"product_tag-pc","13":"product_tag-rv","14":"product_tag-simulacao","15":"product_tag-steam","17":"first","18":"instock","19":"sale","20":"purchasable","21":"product-type-simple"},"yoast_head":"<!-- This site is optimized with the Yoast SEO plugin v27.2 - https:\/\/yoast.com\/product\/yoast-seo-wordpress\/ -->\n<title>Carnival Games VR em promo\u00e7\u00e3o para PC<\/title>\n<meta name=\"description\" content=\"Confira o menor pre\u00e7o para comprar Carnival Games VR no PC. Selecionamos apenas as nossas lojas digitais de confian\u00e7a para a compara\u00e7\u00e3o de pre\u00e7os. Voc\u00ea pode comprar a chave do jogo na loja em que estiver com a melhor oferta. Ap\u00f3s realizar a compra, voc\u00ea precisa utilizar o cliente indicado pela loja para ativar e baixar o seu jogo.\" \/>\n<meta name=\"robots\" content=\"index, follow, max-snippet:-1, max-image-preview:large, max-video-preview:-1\" \/>\n<link rel=\"canonical\" href=\"https:\/\/www.gameplayscassi.com.br\/ofertas\/produtos\/jogos\/carnival-games-vr\/\" \/>\n<meta property=\"og:locale\" content=\"pt_BR\" \/>\n<meta property=\"og:type\" content=\"article\" \/>\n<meta property=\"og:title\" content=\"Carnival Games VR em promo\u00e7\u00e3o para PC\" \/>\n<meta property=\"og:description\" content=\"Confira o menor pre\u00e7o para comprar Carnival Games VR no PC. Selecionamos apenas as nossas lojas digitais de confian\u00e7a para a compara\u00e7\u00e3o de pre\u00e7os. Voc\u00ea pode comprar a chave do jogo na loja em que estiver com a melhor oferta. Ap\u00f3s realizar a compra, voc\u00ea precisa utilizar o cliente indicado pela loja para ativar e baixar o seu jogo.\" \/>\n<meta property=\"og:url\" content=\"https:\/\/www.gameplayscassi.com.br\/ofertas\/produtos\/jogos\/carnival-games-vr\/\" \/>\n<meta property=\"og:site_name\" content=\"Gameplayscassi - Ofertas\" \/>\n<meta property=\"article:publisher\" content=\"https:\/\/www.facebook.com\/GamePlaysCassi\/\" \/>\n<meta property=\"article:modified_time\" content=\"2026-05-01T19:44:23+00:00\" \/>\n<meta property=\"og:image\" content=\"https:\/\/www.gameplayscassi.com.br\/ofertas\/wp-content\/uploads\/2024\/11\/Carnival-Games-VR.jpg\" \/>\n\t<meta property=\"og:image:width\" content=\"1600\" \/>\n\t<meta property=\"og:image:height\" content=\"740\" \/>\n\t<meta property=\"og:image:type\" content=\"image\/jpeg\" \/>\n<meta name=\"twitter:card\" content=\"summary_large_image\" \/>\n<meta name=\"twitter:site\" content=\"@Gameplayscassi\" \/>\n<meta name=\"twitter:label1\" content=\"Est. tempo de leitura\" \/>\n\t<meta name=\"twitter:data1\" content=\"2 minutos\" \/>\n<script type=\"application\/ld+json\" class=\"yoast-schema-graph\">{\"@context\":\"https:\/\/schema.org\",\"@graph\":[{\"@type\":\"WebPage\",\"@id\":\"https:\/\/www.gameplayscassi.com.br\/ofertas\/produtos\/jogos\/carnival-games-vr\/\",\"url\":\"https:\/\/www.gameplayscassi.com.br\/ofertas\/produtos\/jogos\/carnival-games-vr\/\",\"name\":\"Carnival Games VR em promo\u00e7\u00e3o para PC\",\"isPartOf\":{\"@id\":\"https:\/\/www.gameplayscassi.com.br\/ofertas\/#website\"},\"primaryImageOfPage\":{\"@id\":\"https:\/\/www.gameplayscassi.com.br\/ofertas\/produtos\/jogos\/carnival-games-vr\/#primaryimage\"},\"image\":{\"@id\":\"https:\/\/www.gameplayscassi.com.br\/ofertas\/produtos\/jogos\/carnival-games-vr\/#primaryimage\"},\"thumbnailUrl\":\"https:\/\/www.gameplayscassi.com.br\/ofertas\/wp-content\/uploads\/2024\/11\/Carnival-Games-VR.jpg\",\"datePublished\":\"2024-11-19T23:52:25+00:00\",\"dateModified\":\"2026-05-01T19:44:23+00:00\",\"description\":\"Confira o menor pre\u00e7o para comprar Carnival Games VR no PC. Selecionamos apenas as nossas lojas digitais de confian\u00e7a para a compara\u00e7\u00e3o de pre\u00e7os. Voc\u00ea pode comprar a chave do jogo na loja em que estiver com a melhor oferta. Ap\u00f3s realizar a compra, voc\u00ea precisa utilizar o cliente indicado pela loja para ativar e baixar o seu jogo.\",\"breadcrumb\":{\"@id\":\"https:\/\/www.gameplayscassi.com.br\/ofertas\/produtos\/jogos\/carnival-games-vr\/#breadcrumb\"},\"inLanguage\":\"pt-BR\",\"potentialAction\":[{\"@type\":\"ReadAction\",\"target\":[\"https:\/\/www.gameplayscassi.com.br\/ofertas\/produtos\/jogos\/carnival-games-vr\/\"]}]},{\"@type\":\"ImageObject\",\"inLanguage\":\"pt-BR\",\"@id\":\"https:\/\/www.gameplayscassi.com.br\/ofertas\/produtos\/jogos\/carnival-games-vr\/#primaryimage\",\"url\":\"https:\/\/www.gameplayscassi.com.br\/ofertas\/wp-content\/uploads\/2024\/11\/Carnival-Games-VR.jpg\",\"contentUrl\":\"https:\/\/www.gameplayscassi.com.br\/ofertas\/wp-content\/uploads\/2024\/11\/Carnival-Games-VR.jpg\",\"width\":1600,\"height\":740},{\"@type\":\"BreadcrumbList\",\"@id\":\"https:\/\/www.gameplayscassi.com.br\/ofertas\/produtos\/jogos\/carnival-games-vr\/#breadcrumb\",\"itemListElement\":[{\"@type\":\"ListItem\",\"position\":1,\"name\":\"In\u00edcio\",\"item\":\"https:\/\/www.gameplayscassi.com.br\/ofertas\/\"},{\"@type\":\"ListItem\",\"position\":2,\"name\":\"Produtos\",\"item\":\"https:\/\/www.gameplayscassi.com.br\/ofertas\/\"},{\"@type\":\"ListItem\",\"position\":3,\"name\":\"Carnival Games VR\"}]},{\"@type\":\"WebSite\",\"@id\":\"https:\/\/www.gameplayscassi.com.br\/ofertas\/#website\",\"url\":\"https:\/\/www.gameplayscassi.com.br\/ofertas\/\",\"name\":\"Gameplayscassi - Ofertas\",\"description\":\"As melhores ofertas para voc\u00ea\",\"publisher\":{\"@id\":\"https:\/\/www.gameplayscassi.com.br\/ofertas\/#organization\"},\"potentialAction\":[{\"@type\":\"SearchAction\",\"target\":{\"@type\":\"EntryPoint\",\"urlTemplate\":\"https:\/\/www.gameplayscassi.com.br\/ofertas\/?s={search_term_string}\"},\"query-input\":{\"@type\":\"PropertyValueSpecification\",\"valueRequired\":true,\"valueName\":\"search_term_string\"}}],\"inLanguage\":\"pt-BR\"},{\"@type\":\"Organization\",\"@id\":\"https:\/\/www.gameplayscassi.com.br\/ofertas\/#organization\",\"name\":\"Gameplayscassi - Ofertas\",\"url\":\"https:\/\/www.gameplayscassi.com.br\/ofertas\/\",\"logo\":{\"@type\":\"ImageObject\",\"inLanguage\":\"pt-BR\",\"@id\":\"https:\/\/www.gameplayscassi.com.br\/ofertas\/#\/schema\/logo\/image\/\",\"url\":\"https:\/\/www.gameplayscassi.com.br\/ofertas\/wp-content\/uploads\/2024\/06\/Gameplayscassi.png\",\"contentUrl\":\"https:\/\/www.gameplayscassi.com.br\/ofertas\/wp-content\/uploads\/2024\/06\/Gameplayscassi.png\",\"width\":544,\"height\":180,\"caption\":\"Gameplayscassi - Ofertas\"},\"image\":{\"@id\":\"https:\/\/www.gameplayscassi.com.br\/ofertas\/#\/schema\/logo\/image\/\"},\"sameAs\":[\"https:\/\/www.facebook.com\/GamePlaysCassi\/\",\"https:\/\/x.com\/Gameplayscassi\",\"https:\/\/www.youtube.com\/gameplayscassi\",\"https:\/\/www.instagram.com\/gameplayscassii\/\",\"https:\/\/store.steampowered.com\/curator\/31464556\/\",\"https:\/\/discord.com\/servers\/gameplayscassi-598567071298617354\"]}]}<\/script>\n<!-- \/ Yoast SEO plugin. -->","yoast_head_json":{"title":"Carnival Games VR em promo\u00e7\u00e3o para PC","description":"Confira o menor pre\u00e7o para comprar Carnival Games VR no PC. Selecionamos apenas as nossas lojas digitais de confian\u00e7a para a compara\u00e7\u00e3o de pre\u00e7os. Voc\u00ea pode comprar a chave do jogo na loja em que estiver com a melhor oferta. Ap\u00f3s realizar a compra, voc\u00ea precisa utilizar o cliente indicado pela loja para ativar e baixar o seu jogo.","robots":{"index":"index","follow":"follow","max-snippet":"max-snippet:-1","max-image-preview":"max-image-preview:large","max-video-preview":"max-video-preview:-1"},"canonical":"https:\/\/www.gameplayscassi.com.br\/ofertas\/produtos\/jogos\/carnival-games-vr\/","og_locale":"pt_BR","og_type":"article","og_title":"Carnival Games VR em promo\u00e7\u00e3o para PC","og_description":"Confira o menor pre\u00e7o para comprar Carnival Games VR no PC. Selecionamos apenas as nossas lojas digitais de confian\u00e7a para a compara\u00e7\u00e3o de pre\u00e7os. Voc\u00ea pode comprar a chave do jogo na loja em que estiver com a melhor oferta. Ap\u00f3s realizar a compra, voc\u00ea precisa utilizar o cliente indicado pela loja para ativar e baixar o seu jogo.","og_url":"https:\/\/www.gameplayscassi.com.br\/ofertas\/produtos\/jogos\/carnival-games-vr\/","og_site_name":"Gameplayscassi - Ofertas","article_publisher":"https:\/\/www.facebook.com\/GamePlaysCassi\/","article_modified_time":"2026-05-01T19:44:23+00:00","og_image":[{"width":1600,"height":740,"url":"https:\/\/www.gameplayscassi.com.br\/ofertas\/wp-content\/uploads\/2024\/11\/Carnival-Games-VR.jpg","type":"image\/jpeg"}],"twitter_card":"summary_large_image","twitter_site":"@Gameplayscassi","twitter_misc":{"Est. tempo de leitura":"2 minutos"},"schema":{"@context":"https:\/\/schema.org","@graph":[{"@type":"WebPage","@id":"https:\/\/www.gameplayscassi.com.br\/ofertas\/produtos\/jogos\/carnival-games-vr\/","url":"https:\/\/www.gameplayscassi.com.br\/ofertas\/produtos\/jogos\/carnival-games-vr\/","name":"Carnival Games VR em promo\u00e7\u00e3o para PC","isPartOf":{"@id":"https:\/\/www.gameplayscassi.com.br\/ofertas\/#website"},"primaryImageOfPage":{"@id":"https:\/\/www.gameplayscassi.com.br\/ofertas\/produtos\/jogos\/carnival-games-vr\/#primaryimage"},"image":{"@id":"https:\/\/www.gameplayscassi.com.br\/ofertas\/produtos\/jogos\/carnival-games-vr\/#primaryimage"},"thumbnailUrl":"https:\/\/www.gameplayscassi.com.br\/ofertas\/wp-content\/uploads\/2024\/11\/Carnival-Games-VR.jpg","datePublished":"2024-11-19T23:52:25+00:00","dateModified":"2026-05-01T19:44:23+00:00","description":"Confira o menor pre\u00e7o para comprar Carnival Games VR no PC. Selecionamos apenas as nossas lojas digitais de confian\u00e7a para a compara\u00e7\u00e3o de pre\u00e7os. Voc\u00ea pode comprar a chave do jogo na loja em que estiver com a melhor oferta. Ap\u00f3s realizar a compra, voc\u00ea precisa utilizar o cliente indicado pela loja para ativar e baixar o seu jogo.","breadcrumb":{"@id":"https:\/\/www.gameplayscassi.com.br\/ofertas\/produtos\/jogos\/carnival-games-vr\/#breadcrumb"},"inLanguage":"pt-BR","potentialAction":[{"@type":"ReadAction","target":["https:\/\/www.gameplayscassi.com.br\/ofertas\/produtos\/jogos\/carnival-games-vr\/"]}]},{"@type":"ImageObject","inLanguage":"pt-BR","@id":"https:\/\/www.gameplayscassi.com.br\/ofertas\/produtos\/jogos\/carnival-games-vr\/#primaryimage","url":"https:\/\/www.gameplayscassi.com.br\/ofertas\/wp-content\/uploads\/2024\/11\/Carnival-Games-VR.jpg","contentUrl":"https:\/\/www.gameplayscassi.com.br\/ofertas\/wp-content\/uploads\/2024\/11\/Carnival-Games-VR.jpg","width":1600,"height":740},{"@type":"BreadcrumbList","@id":"https:\/\/www.gameplayscassi.com.br\/ofertas\/produtos\/jogos\/carnival-games-vr\/#breadcrumb","itemListElement":[{"@type":"ListItem","position":1,"name":"In\u00edcio","item":"https:\/\/www.gameplayscassi.com.br\/ofertas\/"},{"@type":"ListItem","position":2,"name":"Produtos","item":"https:\/\/www.gameplayscassi.com.br\/ofertas\/"},{"@type":"ListItem","position":3,"name":"Carnival Games VR"}]},{"@type":"WebSite","@id":"https:\/\/www.gameplayscassi.com.br\/ofertas\/#website","url":"https:\/\/www.gameplayscassi.com.br\/ofertas\/","name":"Gameplayscassi - Ofertas","description":"As melhores ofertas para voc\u00ea","publisher":{"@id":"https:\/\/www.gameplayscassi.com.br\/ofertas\/#organization"},"potentialAction":[{"@type":"SearchAction","target":{"@type":"EntryPoint","urlTemplate":"https:\/\/www.gameplayscassi.com.br\/ofertas\/?s={search_term_string}"},"query-input":{"@type":"PropertyValueSpecification","valueRequired":true,"valueName":"search_term_string"}}],"inLanguage":"pt-BR"},{"@type":"Organization","@id":"https:\/\/www.gameplayscassi.com.br\/ofertas\/#organization","name":"Gameplayscassi - Ofertas","url":"https:\/\/www.gameplayscassi.com.br\/ofertas\/","logo":{"@type":"ImageObject","inLanguage":"pt-BR","@id":"https:\/\/www.gameplayscassi.com.br\/ofertas\/#\/schema\/logo\/image\/","url":"https:\/\/www.gameplayscassi.com.br\/ofertas\/wp-content\/uploads\/2024\/06\/Gameplayscassi.png","contentUrl":"https:\/\/www.gameplayscassi.com.br\/ofertas\/wp-content\/uploads\/2024\/06\/Gameplayscassi.png","width":544,"height":180,"caption":"Gameplayscassi - Ofertas"},"image":{"@id":"https:\/\/www.gameplayscassi.com.br\/ofertas\/#\/schema\/logo\/image\/"},"sameAs":["https:\/\/www.facebook.com\/GamePlaysCassi\/","https:\/\/x.com\/Gameplayscassi","https:\/\/www.youtube.com\/gameplayscassi","https:\/\/www.instagram.com\/gameplayscassii\/","https:\/\/store.steampowered.com\/curator\/31464556\/","https:\/\/discord.com\/servers\/gameplayscassi-598567071298617354"]}]}},"jetpack_sharing_enabled":true,"_links":{"self":[{"href":"https:\/\/www.gameplayscassi.com.br\/ofertas\/wp-json\/wp\/v2\/product\/75279","targetHints":{"allow":["GET"]}}],"collection":[{"href":"https:\/\/www.gameplayscassi.com.br\/ofertas\/wp-json\/wp\/v2\/product"}],"about":[{"href":"https:\/\/www.gameplayscassi.com.br\/ofertas\/wp-json\/wp\/v2\/types\/product"}],"version-history":[{"count":0,"href":"https:\/\/www.gameplayscassi.com.br\/ofertas\/wp-json\/wp\/v2\/product\/75279\/revisions"}],"wp:featuredmedia":[{"embeddable":true,"href":"https:\/\/www.gameplayscassi.com.br\/ofertas\/wp-json\/wp\/v2\/media\/76296"}],"wp:attachment":[{"href":"https:\/\/www.gameplayscassi.com.br\/ofertas\/wp-json\/wp\/v2\/media?parent=75279"}],"wp:term":[{"taxonomy":"store","embeddable":true,"href":"https:\/\/www.gameplayscassi.com.br\/ofertas\/wp-json\/wp\/v2\/store?post=75279"},{"taxonomy":"product_brand","embeddable":true,"href":"https:\/\/www.gameplayscassi.com.br\/ofertas\/wp-json\/wp\/v2\/product_brand?post=75279"},{"taxonomy":"product_cat","embeddable":true,"href":"https:\/\/www.gameplayscassi.com.br\/ofertas\/wp-json\/wp\/v2\/product_cat?post=75279"},{"taxonomy":"product_tag","embeddable":true,"href":"https:\/\/www.gameplayscassi.com.br\/ofertas\/wp-json\/wp\/v2\/product_tag?post=75279"}],"curies":[{"name":"wp","href":"https:\/\/api.w.org\/{rel}","templated":true}]}}