{"id":74825,"date":"2024-10-07T19:02:55","date_gmt":"2024-10-07T22:02:55","guid":{"rendered":"https:\/\/www.gameplayscassi.com.br\/ofertas\/?post_type=product&#038;p=74825"},"modified":"2026-05-06T14:55:06","modified_gmt":"2026-05-06T17:55:06","slug":"dragon-ball-sparking-zero","status":"publish","type":"product","link":"https:\/\/www.gameplayscassi.com.br\/ofertas\/produtos\/jogos\/dragon-ball-sparking-zero\/","title":{"rendered":"DRAGON BALL: Sparking! ZERO"},"content":{"rendered":"<p><img decoding=\"async\" class=\"bb_img\" src=\"https:\/\/shared.cloudflare.steamstatic.com\/store_item_assets\/steam\/apps\/1790600\/extras\/DBSZ_Top_-_Steam_Gif_Breath_Taking_3D_Fight.gif?t=1728369000\" \/><br \/>\nDRAGON BALL: Sparking! ZERO pegou a jogabilidade lend\u00e1ria da s\u00e9rie Budokai Tenkaichi e a elevou a novos n\u00edveis. Torne-se um superguerreiro e vivencie as batalhas de tremer a terra e romper limites de DRAGON BALL!<\/p>\n<p>A MAIOR LISTA DE PERSONAGENS DA HIST\u00d3RIA<br \/>\nDesperte o poder de mais de 180 lutadores de DRAGON BALL Z, DRAGON BALL Super, DRAGON BALL GT e dos filmes selecionados de DRAGON BALL, tudo no jogo de base! Cada personagem tem suas pr\u00f3prias habilidades especiais, transforma\u00e7\u00f5es e t\u00e9cnicas.<\/p>\n<p>Fa\u00e7a com que o poder destrutivo dos lutadores mais fortes de DRAGON BALL seja seu!<\/p>\n<p>LUTAS 3D INCR\u00cdVEIS<br \/>\n<img decoding=\"async\" class=\"bb_img\" src=\"https:\/\/shared.cloudflare.steamstatic.com\/store_item_assets\/steam\/apps\/1790600\/extras\/DBSZ_Middle_-_Steam_Gif_Chara.gif?t=1728369000\" \/><br \/>\nParticipe de batalhas 3D emocionantes e de alta velocidade fi\u00e9is ao anime e aos jogos, com visuais de tirar o f\u00f4lego e movimentos de combate aut\u00eanticos, como confrontos de feixes, ataques de investida, movimentos r\u00e1pidos demais para os olhos verem e ataques supremos que destroem planetas.<\/p>\n<p>RIVAIS QUE D\u00c3O FOR\u00c7A<br \/>\n<img decoding=\"async\" class=\"bb_img\" src=\"https:\/\/shared.cloudflare.steamstatic.com\/store_item_assets\/steam\/apps\/1790600\/extras\/RIVALS_Video.gif?t=1728369000\" \/><br \/>\nDesafie outros jogadores online para testar suas habilidades ou treine com seus amigos offline para aprimorar suas habilidades na Sala do Tempo! Lute para vencer v\u00e1rios modos de torneio com diversas condi\u00e7\u00f5es de vit\u00f3ria.<\/p>\n<p>DESBRAVE SEU PR\u00d3PRIO CAMINHO<br \/>\n<img decoding=\"async\" class=\"bb_img\" src=\"https:\/\/shared.cloudflare.steamstatic.com\/store_item_assets\/steam\/apps\/1790600\/extras\/BLAZE_Video.gif?t=1728369000\" \/><br \/>\nDomine batalhas cheias de a\u00e7\u00e3o da emocionante hist\u00f3ria original ou descubra e desbloqueie novos encontros com seus lutadores preferidos. Reviva seus momentos favoritos da s\u00e9rie atrav\u00e9s de cortes que o far\u00e1 vivenciar a perspectiva de oito personagens!<\/p>\n<p>CRIE, JOGUE E COMPARTILHE<br \/>\n<img decoding=\"async\" class=\"bb_img\" src=\"https:\/\/shared.cloudflare.steamstatic.com\/store_item_assets\/steam\/apps\/1790600\/extras\/CREATE_Video.gif?t=1728369000\" \/><br \/>\nRecrie suas batalhas preferidas ao longo da hist\u00f3ria de DRAGON BALL ou configure sua batalha dos sonhos com seus personagens favoritos! Compartilhe suas cria\u00e7\u00f5es com outros f\u00e3s e divirta-se com as batalhas criadas ao redor do mundo.<\/p>\n<p>*Al\u00e9m dessa edi\u00e7\u00e3o, a Edi\u00e7\u00e3o Deluxe e Edi\u00e7\u00e3o Ultimate tamb\u00e9m est\u00e3o dispon\u00edveis. Cuidado para n\u00e3o comprar o mesmo conte\u00fado duas vezes.<\/p>\n","protected":false},"excerpt":{"rendered":"<p>Confira o menor pre\u00e7o para comprar <strong>DRAGON BALL: Sparking! ZERO<\/strong> no PC. Selecionamos apenas as nossas lojas digitais de confian\u00e7a para a compara\u00e7\u00e3o de pre\u00e7os. Voc\u00ea pode comprar a chave do jogo na loja em que estiver com a melhor oferta. Ap\u00f3s realizar a compra, voc\u00ea precisa utilizar o cliente indicado pela loja para ativar e baixar o seu jogo.<\/p>\n","protected":false},"featured_media":74852,"template":"","meta":[],"store":[],"product_brand":[],"product_cat":[25],"product_tag":[119,505,901,169,404,470,947,153,918,122,222,406,26,946,31],"class_list":{"0":"post-74825","1":"product","2":"type-product","3":"status-publish","4":"has-post-thumbnail","6":"product_cat-jogos","7":"product_tag-acao","8":"product_tag-anime","9":"product_tag-bandai-namco-entertainment","10":"product_tag-combate","11":"product_tag-conquistas-steam","12":"product_tag-jogador-x-jogador-pvp","13":"product_tag-ltd","14":"product_tag-luta","15":"product_tag-luta-3d","16":"product_tag-multijogador","17":"product_tag-multijogador-local","18":"product_tag-nuvem-steam","19":"product_tag-pc","20":"product_tag-spike-chunsoft-co","21":"product_tag-steam","23":"first","24":"instock","25":"sale","26":"purchasable","27":"product-type-simple"},"yoast_head":"<!-- This site is optimized with the Yoast SEO plugin v27.2 - https:\/\/yoast.com\/product\/yoast-seo-wordpress\/ -->\n<title>DRAGON BALL: Sparking! ZERO em promo\u00e7\u00e3o para PC<\/title>\n<meta name=\"description\" content=\"Confira o menor pre\u00e7o para comprar DRAGON BALL: Sparking! ZERO no PC. Selecionamos apenas as nossas lojas digitais de confian\u00e7a para a compara\u00e7\u00e3o de pre\u00e7os. Voc\u00ea pode comprar a chave do jogo na loja em que estiver com a melhor oferta. Ap\u00f3s realizar a compra, voc\u00ea precisa utilizar o cliente indicado pela loja para ativar e baixar o seu jogo.\" \/>\n<meta name=\"robots\" content=\"index, follow, max-snippet:-1, max-image-preview:large, max-video-preview:-1\" \/>\n<link rel=\"canonical\" href=\"https:\/\/www.gameplayscassi.com.br\/ofertas\/produtos\/jogos\/dragon-ball-sparking-zero\/\" \/>\n<meta property=\"og:locale\" content=\"pt_BR\" \/>\n<meta property=\"og:type\" content=\"article\" \/>\n<meta property=\"og:title\" content=\"DRAGON BALL: Sparking! ZERO em promo\u00e7\u00e3o para PC\" \/>\n<meta property=\"og:description\" content=\"Confira o menor pre\u00e7o para comprar DRAGON BALL: Sparking! ZERO no PC. Selecionamos apenas as nossas lojas digitais de confian\u00e7a para a compara\u00e7\u00e3o de pre\u00e7os. Voc\u00ea pode comprar a chave do jogo na loja em que estiver com a melhor oferta. Ap\u00f3s realizar a compra, voc\u00ea precisa utilizar o cliente indicado pela loja para ativar e baixar o seu jogo.\" \/>\n<meta property=\"og:url\" content=\"https:\/\/www.gameplayscassi.com.br\/ofertas\/produtos\/jogos\/dragon-ball-sparking-zero\/\" \/>\n<meta property=\"og:site_name\" content=\"Gameplayscassi - Ofertas\" \/>\n<meta property=\"article:publisher\" content=\"https:\/\/www.facebook.com\/GamePlaysCassi\/\" \/>\n<meta property=\"article:modified_time\" content=\"2026-05-06T17:55:06+00:00\" \/>\n<meta property=\"og:image\" content=\"https:\/\/www.gameplayscassi.com.br\/ofertas\/wp-content\/uploads\/2024\/10\/DRAGON-BALL-Sparking-ZERO.jpg\" \/>\n\t<meta property=\"og:image:width\" content=\"1600\" \/>\n\t<meta property=\"og:image:height\" content=\"740\" \/>\n\t<meta property=\"og:image:type\" content=\"image\/jpeg\" \/>\n<meta name=\"twitter:card\" content=\"summary_large_image\" \/>\n<meta name=\"twitter:site\" content=\"@Gameplayscassi\" \/>\n<meta name=\"twitter:label1\" content=\"Est. tempo de leitura\" \/>\n\t<meta name=\"twitter:data1\" content=\"3 minutos\" \/>\n<script type=\"application\/ld+json\" class=\"yoast-schema-graph\">{\"@context\":\"https:\/\/schema.org\",\"@graph\":[{\"@type\":\"WebPage\",\"@id\":\"https:\/\/www.gameplayscassi.com.br\/ofertas\/produtos\/jogos\/dragon-ball-sparking-zero\/\",\"url\":\"https:\/\/www.gameplayscassi.com.br\/ofertas\/produtos\/jogos\/dragon-ball-sparking-zero\/\",\"name\":\"DRAGON BALL: Sparking! ZERO em promo\u00e7\u00e3o para PC\",\"isPartOf\":{\"@id\":\"https:\/\/www.gameplayscassi.com.br\/ofertas\/#website\"},\"primaryImageOfPage\":{\"@id\":\"https:\/\/www.gameplayscassi.com.br\/ofertas\/produtos\/jogos\/dragon-ball-sparking-zero\/#primaryimage\"},\"image\":{\"@id\":\"https:\/\/www.gameplayscassi.com.br\/ofertas\/produtos\/jogos\/dragon-ball-sparking-zero\/#primaryimage\"},\"thumbnailUrl\":\"https:\/\/www.gameplayscassi.com.br\/ofertas\/wp-content\/uploads\/2024\/10\/DRAGON-BALL-Sparking-ZERO.jpg\",\"datePublished\":\"2024-10-07T22:02:55+00:00\",\"dateModified\":\"2026-05-06T17:55:06+00:00\",\"description\":\"Confira o menor pre\u00e7o para comprar DRAGON BALL: Sparking! ZERO no PC. Selecionamos apenas as nossas lojas digitais de confian\u00e7a para a compara\u00e7\u00e3o de pre\u00e7os. Voc\u00ea pode comprar a chave do jogo na loja em que estiver com a melhor oferta. Ap\u00f3s realizar a compra, voc\u00ea precisa utilizar o cliente indicado pela loja para ativar e baixar o seu jogo.\",\"breadcrumb\":{\"@id\":\"https:\/\/www.gameplayscassi.com.br\/ofertas\/produtos\/jogos\/dragon-ball-sparking-zero\/#breadcrumb\"},\"inLanguage\":\"pt-BR\",\"potentialAction\":[{\"@type\":\"ReadAction\",\"target\":[\"https:\/\/www.gameplayscassi.com.br\/ofertas\/produtos\/jogos\/dragon-ball-sparking-zero\/\"]}]},{\"@type\":\"ImageObject\",\"inLanguage\":\"pt-BR\",\"@id\":\"https:\/\/www.gameplayscassi.com.br\/ofertas\/produtos\/jogos\/dragon-ball-sparking-zero\/#primaryimage\",\"url\":\"https:\/\/www.gameplayscassi.com.br\/ofertas\/wp-content\/uploads\/2024\/10\/DRAGON-BALL-Sparking-ZERO.jpg\",\"contentUrl\":\"https:\/\/www.gameplayscassi.com.br\/ofertas\/wp-content\/uploads\/2024\/10\/DRAGON-BALL-Sparking-ZERO.jpg\",\"width\":1600,\"height\":740},{\"@type\":\"BreadcrumbList\",\"@id\":\"https:\/\/www.gameplayscassi.com.br\/ofertas\/produtos\/jogos\/dragon-ball-sparking-zero\/#breadcrumb\",\"itemListElement\":[{\"@type\":\"ListItem\",\"position\":1,\"name\":\"In\u00edcio\",\"item\":\"https:\/\/www.gameplayscassi.com.br\/ofertas\/\"},{\"@type\":\"ListItem\",\"position\":2,\"name\":\"Produtos\",\"item\":\"https:\/\/www.gameplayscassi.com.br\/ofertas\/\"},{\"@type\":\"ListItem\",\"position\":3,\"name\":\"DRAGON BALL: Sparking! ZERO\"}]},{\"@type\":\"WebSite\",\"@id\":\"https:\/\/www.gameplayscassi.com.br\/ofertas\/#website\",\"url\":\"https:\/\/www.gameplayscassi.com.br\/ofertas\/\",\"name\":\"Gameplayscassi - Ofertas\",\"description\":\"As melhores ofertas para voc\u00ea\",\"publisher\":{\"@id\":\"https:\/\/www.gameplayscassi.com.br\/ofertas\/#organization\"},\"potentialAction\":[{\"@type\":\"SearchAction\",\"target\":{\"@type\":\"EntryPoint\",\"urlTemplate\":\"https:\/\/www.gameplayscassi.com.br\/ofertas\/?s={search_term_string}\"},\"query-input\":{\"@type\":\"PropertyValueSpecification\",\"valueRequired\":true,\"valueName\":\"search_term_string\"}}],\"inLanguage\":\"pt-BR\"},{\"@type\":\"Organization\",\"@id\":\"https:\/\/www.gameplayscassi.com.br\/ofertas\/#organization\",\"name\":\"Gameplayscassi - Ofertas\",\"url\":\"https:\/\/www.gameplayscassi.com.br\/ofertas\/\",\"logo\":{\"@type\":\"ImageObject\",\"inLanguage\":\"pt-BR\",\"@id\":\"https:\/\/www.gameplayscassi.com.br\/ofertas\/#\/schema\/logo\/image\/\",\"url\":\"https:\/\/www.gameplayscassi.com.br\/ofertas\/wp-content\/uploads\/2024\/06\/Gameplayscassi.png\",\"contentUrl\":\"https:\/\/www.gameplayscassi.com.br\/ofertas\/wp-content\/uploads\/2024\/06\/Gameplayscassi.png\",\"width\":544,\"height\":180,\"caption\":\"Gameplayscassi - Ofertas\"},\"image\":{\"@id\":\"https:\/\/www.gameplayscassi.com.br\/ofertas\/#\/schema\/logo\/image\/\"},\"sameAs\":[\"https:\/\/www.facebook.com\/GamePlaysCassi\/\",\"https:\/\/x.com\/Gameplayscassi\",\"https:\/\/www.youtube.com\/gameplayscassi\",\"https:\/\/www.instagram.com\/gameplayscassii\/\",\"https:\/\/store.steampowered.com\/curator\/31464556\/\",\"https:\/\/discord.com\/servers\/gameplayscassi-598567071298617354\"]}]}<\/script>\n<!-- \/ Yoast SEO plugin. -->","yoast_head_json":{"title":"DRAGON BALL: Sparking! ZERO em promo\u00e7\u00e3o para PC","description":"Confira o menor pre\u00e7o para comprar DRAGON BALL: Sparking! ZERO no PC. Selecionamos apenas as nossas lojas digitais de confian\u00e7a para a compara\u00e7\u00e3o de pre\u00e7os. Voc\u00ea pode comprar a chave do jogo na loja em que estiver com a melhor oferta. Ap\u00f3s realizar a compra, voc\u00ea precisa utilizar o cliente indicado pela loja para ativar e baixar o seu jogo.","robots":{"index":"index","follow":"follow","max-snippet":"max-snippet:-1","max-image-preview":"max-image-preview:large","max-video-preview":"max-video-preview:-1"},"canonical":"https:\/\/www.gameplayscassi.com.br\/ofertas\/produtos\/jogos\/dragon-ball-sparking-zero\/","og_locale":"pt_BR","og_type":"article","og_title":"DRAGON BALL: Sparking! ZERO em promo\u00e7\u00e3o para PC","og_description":"Confira o menor pre\u00e7o para comprar DRAGON BALL: Sparking! ZERO no PC. Selecionamos apenas as nossas lojas digitais de confian\u00e7a para a compara\u00e7\u00e3o de pre\u00e7os. Voc\u00ea pode comprar a chave do jogo na loja em que estiver com a melhor oferta. Ap\u00f3s realizar a compra, voc\u00ea precisa utilizar o cliente indicado pela loja para ativar e baixar o seu jogo.","og_url":"https:\/\/www.gameplayscassi.com.br\/ofertas\/produtos\/jogos\/dragon-ball-sparking-zero\/","og_site_name":"Gameplayscassi - Ofertas","article_publisher":"https:\/\/www.facebook.com\/GamePlaysCassi\/","article_modified_time":"2026-05-06T17:55:06+00:00","og_image":[{"width":1600,"height":740,"url":"https:\/\/www.gameplayscassi.com.br\/ofertas\/wp-content\/uploads\/2024\/10\/DRAGON-BALL-Sparking-ZERO.jpg","type":"image\/jpeg"}],"twitter_card":"summary_large_image","twitter_site":"@Gameplayscassi","twitter_misc":{"Est. tempo de leitura":"3 minutos"},"schema":{"@context":"https:\/\/schema.org","@graph":[{"@type":"WebPage","@id":"https:\/\/www.gameplayscassi.com.br\/ofertas\/produtos\/jogos\/dragon-ball-sparking-zero\/","url":"https:\/\/www.gameplayscassi.com.br\/ofertas\/produtos\/jogos\/dragon-ball-sparking-zero\/","name":"DRAGON BALL: Sparking! ZERO em promo\u00e7\u00e3o para PC","isPartOf":{"@id":"https:\/\/www.gameplayscassi.com.br\/ofertas\/#website"},"primaryImageOfPage":{"@id":"https:\/\/www.gameplayscassi.com.br\/ofertas\/produtos\/jogos\/dragon-ball-sparking-zero\/#primaryimage"},"image":{"@id":"https:\/\/www.gameplayscassi.com.br\/ofertas\/produtos\/jogos\/dragon-ball-sparking-zero\/#primaryimage"},"thumbnailUrl":"https:\/\/www.gameplayscassi.com.br\/ofertas\/wp-content\/uploads\/2024\/10\/DRAGON-BALL-Sparking-ZERO.jpg","datePublished":"2024-10-07T22:02:55+00:00","dateModified":"2026-05-06T17:55:06+00:00","description":"Confira o menor pre\u00e7o para comprar DRAGON BALL: Sparking! ZERO no PC. Selecionamos apenas as nossas lojas digitais de confian\u00e7a para a compara\u00e7\u00e3o de pre\u00e7os. Voc\u00ea pode comprar a chave do jogo na loja em que estiver com a melhor oferta. Ap\u00f3s realizar a compra, voc\u00ea precisa utilizar o cliente indicado pela loja para ativar e baixar o seu jogo.","breadcrumb":{"@id":"https:\/\/www.gameplayscassi.com.br\/ofertas\/produtos\/jogos\/dragon-ball-sparking-zero\/#breadcrumb"},"inLanguage":"pt-BR","potentialAction":[{"@type":"ReadAction","target":["https:\/\/www.gameplayscassi.com.br\/ofertas\/produtos\/jogos\/dragon-ball-sparking-zero\/"]}]},{"@type":"ImageObject","inLanguage":"pt-BR","@id":"https:\/\/www.gameplayscassi.com.br\/ofertas\/produtos\/jogos\/dragon-ball-sparking-zero\/#primaryimage","url":"https:\/\/www.gameplayscassi.com.br\/ofertas\/wp-content\/uploads\/2024\/10\/DRAGON-BALL-Sparking-ZERO.jpg","contentUrl":"https:\/\/www.gameplayscassi.com.br\/ofertas\/wp-content\/uploads\/2024\/10\/DRAGON-BALL-Sparking-ZERO.jpg","width":1600,"height":740},{"@type":"BreadcrumbList","@id":"https:\/\/www.gameplayscassi.com.br\/ofertas\/produtos\/jogos\/dragon-ball-sparking-zero\/#breadcrumb","itemListElement":[{"@type":"ListItem","position":1,"name":"In\u00edcio","item":"https:\/\/www.gameplayscassi.com.br\/ofertas\/"},{"@type":"ListItem","position":2,"name":"Produtos","item":"https:\/\/www.gameplayscassi.com.br\/ofertas\/"},{"@type":"ListItem","position":3,"name":"DRAGON BALL: Sparking! ZERO"}]},{"@type":"WebSite","@id":"https:\/\/www.gameplayscassi.com.br\/ofertas\/#website","url":"https:\/\/www.gameplayscassi.com.br\/ofertas\/","name":"Gameplayscassi - Ofertas","description":"As melhores ofertas para voc\u00ea","publisher":{"@id":"https:\/\/www.gameplayscassi.com.br\/ofertas\/#organization"},"potentialAction":[{"@type":"SearchAction","target":{"@type":"EntryPoint","urlTemplate":"https:\/\/www.gameplayscassi.com.br\/ofertas\/?s={search_term_string}"},"query-input":{"@type":"PropertyValueSpecification","valueRequired":true,"valueName":"search_term_string"}}],"inLanguage":"pt-BR"},{"@type":"Organization","@id":"https:\/\/www.gameplayscassi.com.br\/ofertas\/#organization","name":"Gameplayscassi - Ofertas","url":"https:\/\/www.gameplayscassi.com.br\/ofertas\/","logo":{"@type":"ImageObject","inLanguage":"pt-BR","@id":"https:\/\/www.gameplayscassi.com.br\/ofertas\/#\/schema\/logo\/image\/","url":"https:\/\/www.gameplayscassi.com.br\/ofertas\/wp-content\/uploads\/2024\/06\/Gameplayscassi.png","contentUrl":"https:\/\/www.gameplayscassi.com.br\/ofertas\/wp-content\/uploads\/2024\/06\/Gameplayscassi.png","width":544,"height":180,"caption":"Gameplayscassi - Ofertas"},"image":{"@id":"https:\/\/www.gameplayscassi.com.br\/ofertas\/#\/schema\/logo\/image\/"},"sameAs":["https:\/\/www.facebook.com\/GamePlaysCassi\/","https:\/\/x.com\/Gameplayscassi","https:\/\/www.youtube.com\/gameplayscassi","https:\/\/www.instagram.com\/gameplayscassii\/","https:\/\/store.steampowered.com\/curator\/31464556\/","https:\/\/discord.com\/servers\/gameplayscassi-598567071298617354"]}]}},"jetpack_sharing_enabled":true,"_links":{"self":[{"href":"https:\/\/www.gameplayscassi.com.br\/ofertas\/wp-json\/wp\/v2\/product\/74825","targetHints":{"allow":["GET"]}}],"collection":[{"href":"https:\/\/www.gameplayscassi.com.br\/ofertas\/wp-json\/wp\/v2\/product"}],"about":[{"href":"https:\/\/www.gameplayscassi.com.br\/ofertas\/wp-json\/wp\/v2\/types\/product"}],"version-history":[{"count":0,"href":"https:\/\/www.gameplayscassi.com.br\/ofertas\/wp-json\/wp\/v2\/product\/74825\/revisions"}],"wp:featuredmedia":[{"embeddable":true,"href":"https:\/\/www.gameplayscassi.com.br\/ofertas\/wp-json\/wp\/v2\/media\/74852"}],"wp:attachment":[{"href":"https:\/\/www.gameplayscassi.com.br\/ofertas\/wp-json\/wp\/v2\/media?parent=74825"}],"wp:term":[{"taxonomy":"store","embeddable":true,"href":"https:\/\/www.gameplayscassi.com.br\/ofertas\/wp-json\/wp\/v2\/store?post=74825"},{"taxonomy":"product_brand","embeddable":true,"href":"https:\/\/www.gameplayscassi.com.br\/ofertas\/wp-json\/wp\/v2\/product_brand?post=74825"},{"taxonomy":"product_cat","embeddable":true,"href":"https:\/\/www.gameplayscassi.com.br\/ofertas\/wp-json\/wp\/v2\/product_cat?post=74825"},{"taxonomy":"product_tag","embeddable":true,"href":"https:\/\/www.gameplayscassi.com.br\/ofertas\/wp-json\/wp\/v2\/product_tag?post=74825"}],"curies":[{"name":"wp","href":"https:\/\/api.w.org\/{rel}","templated":true}]}}