{"id":73314,"date":"2024-06-15T19:39:37","date_gmt":"2024-06-15T22:39:37","guid":{"rendered":"https:\/\/www.gameplayscassi.com.br\/ofertas\/?post_type=product&#038;p=73314"},"modified":"2026-05-06T16:04:37","modified_gmt":"2026-05-06T19:04:37","slug":"total-tank-generals","status":"publish","type":"product","link":"https:\/\/www.gameplayscassi.com.br\/ofertas\/produtos\/jogos\/total-tank-generals\/","title":{"rendered":"Total Tank Generals"},"content":{"rendered":"<p><u><strong>TODA GUERRA TEM SEUS GENERAIS<\/strong><\/u><br \/>\nO Total Tank Generals precisa de voc\u00ea! Assuma o comando de um ex\u00e9rcito durante a Segunda Guerra Mundial e leve-o \u00e0 vit\u00f3ria. Crie estrat\u00e9gias em v\u00e1rios cen\u00e1rios e campanhas militares hist\u00f3ricas reais de generais do passado \u2014 Patton, Zhukov e Rommel.<\/p>\n<p>O jogo d\u00e1 as boas-vindas aos jogadores de estrat\u00e9gia novatos com sua mec\u00e2nica intuitiva, mas tamb\u00e9m oferece jogabilidade profunda e estrat\u00e9gica baseada em turnos para veteranos experientes ou para aqueles que procuram um desafio!<\/p>\n<h2 class=\"bb_tag\">A nova Campanha Estendida de Rommel j\u00e1 est\u00e1 dispon\u00edvel para jogar!<\/h2>\n<p>Uma nova campanha est\u00e1 dispon\u00edvel para os generais que procuram seu pr\u00f3ximo desafio! Esta atualiza\u00e7\u00e3o \u00e9 separada da campanha de Rommel original e oferece uma vis\u00e3o mais aprofundada das batalhas de Rommel. Haver\u00e1 novos objetivos, melhorias de IA e condi\u00e7\u00f5es de vit\u00f3ria e derrota para aumentar o desafio desta campanha de Total Tank General! Reformulamos todas as batalhas originais de Rommel e adicionamos quatro novos cen\u00e1rios: Opera\u00e7\u00e3o Cruzado (1941), Batalha de Mersa Matruh (1942), 1\u00aa Batalha de El-Alamein (1942) e Batalha por Caen (1944).<\/p>\n<p><strong>PRINCIPAIS RECURSOS:<\/strong><\/p>\n<h2 class=\"bb_tag\">TODA DECIS\u00c3O \u00c9 IMPORTANTE:<\/h2>\n<p>Decida como compor suas for\u00e7as a partir de dezenas de op\u00e7\u00f5es de unidades, posicione-as cuidadosamente e manobre-as no campo de batalha para aproveitar o terreno, cercando e destruindo unidades inimigas.<\/p>\n<p>Escolha quando gastar sua muni\u00e7\u00e3o em todos os ataques sem levar em conta as perdas em combate e quando esperar, reabastecer seus suprimentos e emboscar o inimigo. Se tudo der errado, chame o apoio a\u00e9reo para realizar miss\u00f5es de reconhecimento, lan\u00e7amentos de paraquedas ou bombardeios generalizado.<\/p>\n<p><img decoding=\"async\" src=\"https:\/\/shared.akamai.steamstatic.com\/store_item_assets\/steam\/apps\/1770050\/extras\/EVERY_DECISION_MATTERS.GIF?t=1704369381\" \/><\/p>\n<h2 class=\"bb_tag\">CADA UNIDADE IMPORTA:<\/h2>\n<p>Total Tank Generals apresenta uma forma inovadora de juntar unidades e combinar suas caracter\u00edsticas e habilidades. Por isso, ele \u00e9 \u00fanico entre outros jogos de estrat\u00e9gia e adiciona uma camada t\u00e1tica para decidir qual \u00e9 a melhor forma\u00e7\u00e3o de unidades em batalha.<\/p>\n<p>Cada ex\u00e9rcito tem sua pr\u00f3pria sele\u00e7\u00e3o de unidades para preencher todas as fun\u00e7\u00f5es no campo de batalha e permitir a composi\u00e7\u00e3o da sua for\u00e7a de combate. As estat\u00edsticas de jogo das unidades refletem os pontos fortes e fracos de suas contrapartes hist\u00f3ricas em v\u00e1rios teatros da Segunda Guerra Mundial.<\/p>\n<p><img decoding=\"async\" src=\"https:\/\/shared.akamai.steamstatic.com\/store_item_assets\/steam\/apps\/1770050\/extras\/EVERY_UNIT_MATTERS.GIF?t=1704369381\" \/><\/p>\n<h2 class=\"bb_tag\">CADA DETALHE IMPORTA:<\/h2>\n<p>Mergulhe na hist\u00f3ria do maior conflito militar at\u00e9 hoje e siga os passos dos maiores l\u00edderes militares em v\u00e1rios continentes e batalhas.<br \/>\nApresentando a guerra da perspectiva dos generais mais famosos da Segunda Guerra Mundial, Total Tank Generals oferece uma forte abordagem hist\u00f3rica para jogadores de estrat\u00e9gia casuais e entusiastas hardcore da Segunda Guerra Mundial.<\/p>\n<p>Tudo isso \u00e9 oferecido num conjunto envolvente e compreens\u00edvel para retratar eventos hist\u00f3ricos de maneira realista, semelhante a um document\u00e1rio.<\/p>\n<p><img decoding=\"async\" src=\"https:\/\/shared.akamai.steamstatic.com\/store_item_assets\/steam\/apps\/1770050\/extras\/EVERY_DETAIL_MATTERS.GIF?t=1704369381\" \/><\/p>\n<h2 class=\"bb_tag\">CADA IDEIA IMPORTA:<\/h2>\n<p>Total Tank Generals oferece ampla compatibilidade com mods e cria\u00e7\u00e3o de mapas com a Oficina Steam.<br \/>\nO editor de mapas oferece a cria\u00e7\u00e3o f\u00e1cil e intuitiva de novas miss\u00f5es de campanha e cen\u00e1rios independentes para compartilhar com a comunidade.<\/p>\n<p>O uso de mods permite ajustar atributos e mec\u00e2nicas facilmente, al\u00e9m de adicionar novas unidades ou at\u00e9 mesmo alterar visuais para criar universos totalmente novos para explorar no jogo.<\/p>\n<p><img decoding=\"async\" src=\"https:\/\/shared.akamai.steamstatic.com\/store_item_assets\/steam\/apps\/1770050\/extras\/EVERY_IDEA_MATTERS.GIF?t=1704369381\" \/><\/p>\n","protected":false},"excerpt":{"rendered":"<p>Confira o menor pre\u00e7o para comprar <strong>Total Tank Generals<\/strong> no PC. Selecionamos apenas as nossas lojas digitais de confian\u00e7a para a compara\u00e7\u00e3o de pre\u00e7os. Voc\u00ea pode comprar a chave do jogo na loja em que estiver com a melhor oferta. Ap\u00f3s realizar a compra, voc\u00ea precisa utilizar o cliente indicado pela loja para ativar e baixar o seu jogo.<\/p>\n","protected":false},"featured_media":75228,"template":"","meta":[],"store":[],"product_brand":[],"product_cat":[25],"product_tag":[702,405,404,881,420,766,880,626,882,879,406,26,723,527,31],"class_list":{"0":"post-73314","1":"product","2":"type-product","3":"status-publish","4":"has-post-thumbnail","6":"product_cat-jogos","7":"product_tag-505-games","8":"product_tag-compartilhamento-em-familia","9":"product_tag-conquistas-steam","10":"product_tag-educativo","11":"product_tag-estrategia","12":"product_tag-estrategia-em-turnos","13":"product_tag-grade-hexagonal","14":"product_tag-historico","15":"product_tag-jogo-de-mesa","16":"product_tag-noobz-from-poland","17":"product_tag-nuvem-steam","18":"product_tag-pc","19":"product_tag-segunda-guerra-mundial","20":"product_tag-simulacao","21":"product_tag-steam","23":"first","24":"instock","25":"sale","26":"purchasable","27":"product-type-simple"},"yoast_head":"<!-- This site is optimized with the Yoast SEO plugin v27.2 - https:\/\/yoast.com\/product\/yoast-seo-wordpress\/ -->\n<title>Total Tank Generals em promo\u00e7\u00e3o para PC<\/title>\n<meta name=\"description\" content=\"Confira o menor pre\u00e7o para comprar Total Tank Generals no PC. Selecionamos apenas as nossas lojas digitais de confian\u00e7a para a compara\u00e7\u00e3o de pre\u00e7os. Voc\u00ea pode comprar a chave do jogo na loja em que estiver com a melhor oferta. Ap\u00f3s realizar a compra, voc\u00ea precisa utilizar o cliente indicado pela loja para ativar e baixar o seu jogo.\" \/>\n<meta name=\"robots\" content=\"index, follow, max-snippet:-1, max-image-preview:large, max-video-preview:-1\" \/>\n<link rel=\"canonical\" href=\"https:\/\/www.gameplayscassi.com.br\/ofertas\/produtos\/jogos\/total-tank-generals\/\" \/>\n<meta property=\"og:locale\" content=\"pt_BR\" \/>\n<meta property=\"og:type\" content=\"article\" \/>\n<meta property=\"og:title\" content=\"Total Tank Generals em promo\u00e7\u00e3o para PC\" \/>\n<meta property=\"og:description\" content=\"Confira o menor pre\u00e7o para comprar Total Tank Generals no PC. Selecionamos apenas as nossas lojas digitais de confian\u00e7a para a compara\u00e7\u00e3o de pre\u00e7os. Voc\u00ea pode comprar a chave do jogo na loja em que estiver com a melhor oferta. Ap\u00f3s realizar a compra, voc\u00ea precisa utilizar o cliente indicado pela loja para ativar e baixar o seu jogo.\" \/>\n<meta property=\"og:url\" content=\"https:\/\/www.gameplayscassi.com.br\/ofertas\/produtos\/jogos\/total-tank-generals\/\" \/>\n<meta property=\"og:site_name\" content=\"Gameplayscassi - Ofertas\" \/>\n<meta property=\"article:publisher\" content=\"https:\/\/www.facebook.com\/GamePlaysCassi\/\" \/>\n<meta property=\"article:modified_time\" content=\"2026-05-06T19:04:37+00:00\" \/>\n<meta property=\"og:image\" content=\"https:\/\/www.gameplayscassi.com.br\/ofertas\/wp-content\/uploads\/2024\/06\/Total-Tank-Generals.jpg\" \/>\n\t<meta property=\"og:image:width\" content=\"1600\" \/>\n\t<meta property=\"og:image:height\" content=\"740\" \/>\n\t<meta property=\"og:image:type\" content=\"image\/jpeg\" \/>\n<meta name=\"twitter:card\" content=\"summary_large_image\" \/>\n<meta name=\"twitter:site\" content=\"@Gameplayscassi\" \/>\n<meta name=\"twitter:label1\" content=\"Est. tempo de leitura\" \/>\n\t<meta name=\"twitter:data1\" content=\"4 minutos\" \/>\n<script type=\"application\/ld+json\" class=\"yoast-schema-graph\">{\"@context\":\"https:\/\/schema.org\",\"@graph\":[{\"@type\":\"WebPage\",\"@id\":\"https:\/\/www.gameplayscassi.com.br\/ofertas\/produtos\/jogos\/total-tank-generals\/\",\"url\":\"https:\/\/www.gameplayscassi.com.br\/ofertas\/produtos\/jogos\/total-tank-generals\/\",\"name\":\"Total Tank Generals em promo\u00e7\u00e3o para PC\",\"isPartOf\":{\"@id\":\"https:\/\/www.gameplayscassi.com.br\/ofertas\/#website\"},\"primaryImageOfPage\":{\"@id\":\"https:\/\/www.gameplayscassi.com.br\/ofertas\/produtos\/jogos\/total-tank-generals\/#primaryimage\"},\"image\":{\"@id\":\"https:\/\/www.gameplayscassi.com.br\/ofertas\/produtos\/jogos\/total-tank-generals\/#primaryimage\"},\"thumbnailUrl\":\"https:\/\/www.gameplayscassi.com.br\/ofertas\/wp-content\/uploads\/2024\/06\/Total-Tank-Generals.jpg\",\"datePublished\":\"2024-06-15T22:39:37+00:00\",\"dateModified\":\"2026-05-06T19:04:37+00:00\",\"description\":\"Confira o menor pre\u00e7o para comprar Total Tank Generals no PC. Selecionamos apenas as nossas lojas digitais de confian\u00e7a para a compara\u00e7\u00e3o de pre\u00e7os. Voc\u00ea pode comprar a chave do jogo na loja em que estiver com a melhor oferta. Ap\u00f3s realizar a compra, voc\u00ea precisa utilizar o cliente indicado pela loja para ativar e baixar o seu jogo.\",\"breadcrumb\":{\"@id\":\"https:\/\/www.gameplayscassi.com.br\/ofertas\/produtos\/jogos\/total-tank-generals\/#breadcrumb\"},\"inLanguage\":\"pt-BR\",\"potentialAction\":[{\"@type\":\"ReadAction\",\"target\":[\"https:\/\/www.gameplayscassi.com.br\/ofertas\/produtos\/jogos\/total-tank-generals\/\"]}]},{\"@type\":\"ImageObject\",\"inLanguage\":\"pt-BR\",\"@id\":\"https:\/\/www.gameplayscassi.com.br\/ofertas\/produtos\/jogos\/total-tank-generals\/#primaryimage\",\"url\":\"https:\/\/www.gameplayscassi.com.br\/ofertas\/wp-content\/uploads\/2024\/06\/Total-Tank-Generals.jpg\",\"contentUrl\":\"https:\/\/www.gameplayscassi.com.br\/ofertas\/wp-content\/uploads\/2024\/06\/Total-Tank-Generals.jpg\",\"width\":1600,\"height\":740},{\"@type\":\"BreadcrumbList\",\"@id\":\"https:\/\/www.gameplayscassi.com.br\/ofertas\/produtos\/jogos\/total-tank-generals\/#breadcrumb\",\"itemListElement\":[{\"@type\":\"ListItem\",\"position\":1,\"name\":\"In\u00edcio\",\"item\":\"https:\/\/www.gameplayscassi.com.br\/ofertas\/\"},{\"@type\":\"ListItem\",\"position\":2,\"name\":\"Produtos\",\"item\":\"https:\/\/www.gameplayscassi.com.br\/ofertas\/\"},{\"@type\":\"ListItem\",\"position\":3,\"name\":\"Total Tank Generals\"}]},{\"@type\":\"WebSite\",\"@id\":\"https:\/\/www.gameplayscassi.com.br\/ofertas\/#website\",\"url\":\"https:\/\/www.gameplayscassi.com.br\/ofertas\/\",\"name\":\"Gameplayscassi - Ofertas\",\"description\":\"As melhores ofertas para voc\u00ea\",\"publisher\":{\"@id\":\"https:\/\/www.gameplayscassi.com.br\/ofertas\/#organization\"},\"potentialAction\":[{\"@type\":\"SearchAction\",\"target\":{\"@type\":\"EntryPoint\",\"urlTemplate\":\"https:\/\/www.gameplayscassi.com.br\/ofertas\/?s={search_term_string}\"},\"query-input\":{\"@type\":\"PropertyValueSpecification\",\"valueRequired\":true,\"valueName\":\"search_term_string\"}}],\"inLanguage\":\"pt-BR\"},{\"@type\":\"Organization\",\"@id\":\"https:\/\/www.gameplayscassi.com.br\/ofertas\/#organization\",\"name\":\"Gameplayscassi - Ofertas\",\"url\":\"https:\/\/www.gameplayscassi.com.br\/ofertas\/\",\"logo\":{\"@type\":\"ImageObject\",\"inLanguage\":\"pt-BR\",\"@id\":\"https:\/\/www.gameplayscassi.com.br\/ofertas\/#\/schema\/logo\/image\/\",\"url\":\"https:\/\/www.gameplayscassi.com.br\/ofertas\/wp-content\/uploads\/2024\/06\/Gameplayscassi.png\",\"contentUrl\":\"https:\/\/www.gameplayscassi.com.br\/ofertas\/wp-content\/uploads\/2024\/06\/Gameplayscassi.png\",\"width\":544,\"height\":180,\"caption\":\"Gameplayscassi - Ofertas\"},\"image\":{\"@id\":\"https:\/\/www.gameplayscassi.com.br\/ofertas\/#\/schema\/logo\/image\/\"},\"sameAs\":[\"https:\/\/www.facebook.com\/GamePlaysCassi\/\",\"https:\/\/x.com\/Gameplayscassi\",\"https:\/\/www.youtube.com\/gameplayscassi\",\"https:\/\/www.instagram.com\/gameplayscassii\/\",\"https:\/\/store.steampowered.com\/curator\/31464556\/\",\"https:\/\/discord.com\/servers\/gameplayscassi-598567071298617354\"]}]}<\/script>\n<!-- \/ Yoast SEO plugin. -->","yoast_head_json":{"title":"Total Tank Generals em promo\u00e7\u00e3o para PC","description":"Confira o menor pre\u00e7o para comprar Total Tank Generals no PC. Selecionamos apenas as nossas lojas digitais de confian\u00e7a para a compara\u00e7\u00e3o de pre\u00e7os. Voc\u00ea pode comprar a chave do jogo na loja em que estiver com a melhor oferta. Ap\u00f3s realizar a compra, voc\u00ea precisa utilizar o cliente indicado pela loja para ativar e baixar o seu jogo.","robots":{"index":"index","follow":"follow","max-snippet":"max-snippet:-1","max-image-preview":"max-image-preview:large","max-video-preview":"max-video-preview:-1"},"canonical":"https:\/\/www.gameplayscassi.com.br\/ofertas\/produtos\/jogos\/total-tank-generals\/","og_locale":"pt_BR","og_type":"article","og_title":"Total Tank Generals em promo\u00e7\u00e3o para PC","og_description":"Confira o menor pre\u00e7o para comprar Total Tank Generals no PC. Selecionamos apenas as nossas lojas digitais de confian\u00e7a para a compara\u00e7\u00e3o de pre\u00e7os. Voc\u00ea pode comprar a chave do jogo na loja em que estiver com a melhor oferta. Ap\u00f3s realizar a compra, voc\u00ea precisa utilizar o cliente indicado pela loja para ativar e baixar o seu jogo.","og_url":"https:\/\/www.gameplayscassi.com.br\/ofertas\/produtos\/jogos\/total-tank-generals\/","og_site_name":"Gameplayscassi - Ofertas","article_publisher":"https:\/\/www.facebook.com\/GamePlaysCassi\/","article_modified_time":"2026-05-06T19:04:37+00:00","og_image":[{"width":1600,"height":740,"url":"https:\/\/www.gameplayscassi.com.br\/ofertas\/wp-content\/uploads\/2024\/06\/Total-Tank-Generals.jpg","type":"image\/jpeg"}],"twitter_card":"summary_large_image","twitter_site":"@Gameplayscassi","twitter_misc":{"Est. tempo de leitura":"4 minutos"},"schema":{"@context":"https:\/\/schema.org","@graph":[{"@type":"WebPage","@id":"https:\/\/www.gameplayscassi.com.br\/ofertas\/produtos\/jogos\/total-tank-generals\/","url":"https:\/\/www.gameplayscassi.com.br\/ofertas\/produtos\/jogos\/total-tank-generals\/","name":"Total Tank Generals em promo\u00e7\u00e3o para PC","isPartOf":{"@id":"https:\/\/www.gameplayscassi.com.br\/ofertas\/#website"},"primaryImageOfPage":{"@id":"https:\/\/www.gameplayscassi.com.br\/ofertas\/produtos\/jogos\/total-tank-generals\/#primaryimage"},"image":{"@id":"https:\/\/www.gameplayscassi.com.br\/ofertas\/produtos\/jogos\/total-tank-generals\/#primaryimage"},"thumbnailUrl":"https:\/\/www.gameplayscassi.com.br\/ofertas\/wp-content\/uploads\/2024\/06\/Total-Tank-Generals.jpg","datePublished":"2024-06-15T22:39:37+00:00","dateModified":"2026-05-06T19:04:37+00:00","description":"Confira o menor pre\u00e7o para comprar Total Tank Generals no PC. Selecionamos apenas as nossas lojas digitais de confian\u00e7a para a compara\u00e7\u00e3o de pre\u00e7os. Voc\u00ea pode comprar a chave do jogo na loja em que estiver com a melhor oferta. Ap\u00f3s realizar a compra, voc\u00ea precisa utilizar o cliente indicado pela loja para ativar e baixar o seu jogo.","breadcrumb":{"@id":"https:\/\/www.gameplayscassi.com.br\/ofertas\/produtos\/jogos\/total-tank-generals\/#breadcrumb"},"inLanguage":"pt-BR","potentialAction":[{"@type":"ReadAction","target":["https:\/\/www.gameplayscassi.com.br\/ofertas\/produtos\/jogos\/total-tank-generals\/"]}]},{"@type":"ImageObject","inLanguage":"pt-BR","@id":"https:\/\/www.gameplayscassi.com.br\/ofertas\/produtos\/jogos\/total-tank-generals\/#primaryimage","url":"https:\/\/www.gameplayscassi.com.br\/ofertas\/wp-content\/uploads\/2024\/06\/Total-Tank-Generals.jpg","contentUrl":"https:\/\/www.gameplayscassi.com.br\/ofertas\/wp-content\/uploads\/2024\/06\/Total-Tank-Generals.jpg","width":1600,"height":740},{"@type":"BreadcrumbList","@id":"https:\/\/www.gameplayscassi.com.br\/ofertas\/produtos\/jogos\/total-tank-generals\/#breadcrumb","itemListElement":[{"@type":"ListItem","position":1,"name":"In\u00edcio","item":"https:\/\/www.gameplayscassi.com.br\/ofertas\/"},{"@type":"ListItem","position":2,"name":"Produtos","item":"https:\/\/www.gameplayscassi.com.br\/ofertas\/"},{"@type":"ListItem","position":3,"name":"Total Tank Generals"}]},{"@type":"WebSite","@id":"https:\/\/www.gameplayscassi.com.br\/ofertas\/#website","url":"https:\/\/www.gameplayscassi.com.br\/ofertas\/","name":"Gameplayscassi - Ofertas","description":"As melhores ofertas para voc\u00ea","publisher":{"@id":"https:\/\/www.gameplayscassi.com.br\/ofertas\/#organization"},"potentialAction":[{"@type":"SearchAction","target":{"@type":"EntryPoint","urlTemplate":"https:\/\/www.gameplayscassi.com.br\/ofertas\/?s={search_term_string}"},"query-input":{"@type":"PropertyValueSpecification","valueRequired":true,"valueName":"search_term_string"}}],"inLanguage":"pt-BR"},{"@type":"Organization","@id":"https:\/\/www.gameplayscassi.com.br\/ofertas\/#organization","name":"Gameplayscassi - Ofertas","url":"https:\/\/www.gameplayscassi.com.br\/ofertas\/","logo":{"@type":"ImageObject","inLanguage":"pt-BR","@id":"https:\/\/www.gameplayscassi.com.br\/ofertas\/#\/schema\/logo\/image\/","url":"https:\/\/www.gameplayscassi.com.br\/ofertas\/wp-content\/uploads\/2024\/06\/Gameplayscassi.png","contentUrl":"https:\/\/www.gameplayscassi.com.br\/ofertas\/wp-content\/uploads\/2024\/06\/Gameplayscassi.png","width":544,"height":180,"caption":"Gameplayscassi - Ofertas"},"image":{"@id":"https:\/\/www.gameplayscassi.com.br\/ofertas\/#\/schema\/logo\/image\/"},"sameAs":["https:\/\/www.facebook.com\/GamePlaysCassi\/","https:\/\/x.com\/Gameplayscassi","https:\/\/www.youtube.com\/gameplayscassi","https:\/\/www.instagram.com\/gameplayscassii\/","https:\/\/store.steampowered.com\/curator\/31464556\/","https:\/\/discord.com\/servers\/gameplayscassi-598567071298617354"]}]}},"jetpack_sharing_enabled":true,"_links":{"self":[{"href":"https:\/\/www.gameplayscassi.com.br\/ofertas\/wp-json\/wp\/v2\/product\/73314","targetHints":{"allow":["GET"]}}],"collection":[{"href":"https:\/\/www.gameplayscassi.com.br\/ofertas\/wp-json\/wp\/v2\/product"}],"about":[{"href":"https:\/\/www.gameplayscassi.com.br\/ofertas\/wp-json\/wp\/v2\/types\/product"}],"version-history":[{"count":0,"href":"https:\/\/www.gameplayscassi.com.br\/ofertas\/wp-json\/wp\/v2\/product\/73314\/revisions"}],"wp:featuredmedia":[{"embeddable":true,"href":"https:\/\/www.gameplayscassi.com.br\/ofertas\/wp-json\/wp\/v2\/media\/75228"}],"wp:attachment":[{"href":"https:\/\/www.gameplayscassi.com.br\/ofertas\/wp-json\/wp\/v2\/media?parent=73314"}],"wp:term":[{"taxonomy":"store","embeddable":true,"href":"https:\/\/www.gameplayscassi.com.br\/ofertas\/wp-json\/wp\/v2\/store?post=73314"},{"taxonomy":"product_brand","embeddable":true,"href":"https:\/\/www.gameplayscassi.com.br\/ofertas\/wp-json\/wp\/v2\/product_brand?post=73314"},{"taxonomy":"product_cat","embeddable":true,"href":"https:\/\/www.gameplayscassi.com.br\/ofertas\/wp-json\/wp\/v2\/product_cat?post=73314"},{"taxonomy":"product_tag","embeddable":true,"href":"https:\/\/www.gameplayscassi.com.br\/ofertas\/wp-json\/wp\/v2\/product_tag?post=73314"}],"curies":[{"name":"wp","href":"https:\/\/api.w.org\/{rel}","templated":true}]}}