{"id":73298,"date":"2024-06-15T19:39:37","date_gmt":"2024-06-15T22:39:37","guid":{"rendered":"https:\/\/www.gameplayscassi.com.br\/ofertas\/?post_type=product&#038;p=73298"},"modified":"2026-05-06T16:04:37","modified_gmt":"2026-05-06T19:04:37","slug":"red-solstice-2-survivors","status":"publish","type":"product","link":"https:\/\/www.gameplayscassi.com.br\/ofertas\/produtos\/jogos\/red-solstice-2-survivors\/","title":{"rendered":"Red Solstice 2: Survivors"},"content":{"rendered":"<p><img decoding=\"async\" src=\"https:\/\/shared.akamai.steamstatic.com\/store_item_assets\/steam\/apps\/768520\/extras\/GIF-1_V2.gif?t=1723047677\" \/><br \/>\n<strong>Elabore uma estrat\u00e9gia e embarque em miss\u00f5es de combate em tempo real nesta sequ\u00eancia do popular jogo t\u00e1tico, The Red Solstice!<\/strong><\/p>\n<p><strong>Bem-vindo, Executor!<\/strong><\/p>\n<p>O ano \u00e9 117 Ap\u00f3s a Terra, e voc\u00ea tem uma miss\u00e3o muito importante. Voc\u00ea foi despertado para liderar Cell, uma for\u00e7a-tarefa secreta reunida para repelir a amea\u00e7a da invas\u00e3o mutante STROL. Comande o seu esquadr\u00e3o na luta contra os mutantes e encontre a cura para o v\u00edrus que amea\u00e7a extinguir a humanidade.<\/p>\n<p>Al\u00e9m do rigor estrat\u00e9gico e das miss\u00f5es de combate em tempo real, voc\u00ea precisa tomar decis\u00f5es r\u00e1pidas se quiser sobreviver neste mundo hostil e viabilizar o futuro do planeta. Escolha sua miss\u00e3o, selecione equipamentos, marche ao campo de batalha e leve o esquadr\u00e3o \u00e0 vit\u00f3ria.<\/p>\n<p>Jog\u00e1vel no modo solo ou cooperativo com at\u00e9 sete amigos, The Red Solstice 2: Survivors alia a tens\u00e3o da a\u00e7\u00e3o claustrof\u00f3bica a um minucioso planejamento estrat\u00e9gico para criar uma experi\u00eancia de fic\u00e7\u00e3o cient\u00edfica inigual\u00e1vel. &#8221;<\/p>\n<h2 class=\"bb_tag\">CARATER\u00cdSTICAS CHAVE<\/h2>\n<ul class=\"bb_ul\">\n<li><strong>Estrat\u00e9gia de sobreviv\u00eancia:<\/strong>\u00a0The Red Solstice 2: Survivors combina miss\u00f5es t\u00e1ticas com a luta pela sobreviv\u00eancia contra o v\u00edrus STROL. Explore o planeta inteiro em uma campanha expansiva com um \u00fanico objetivo: a sobreviv\u00eancia da humanidade.<br \/>\n<img decoding=\"async\" src=\"https:\/\/shared.akamai.steamstatic.com\/store_item_assets\/steam\/apps\/768520\/extras\/GIF-2_V2.gif?t=1723047677\" \/><\/li>\n<li><strong>Pesquisa de tecnologias:<\/strong>\u00a0pesquise e melhore novas tecnologias para us\u00e1-las no campo de batalha.<\/li>\n<li><strong>Combate t\u00e1tico em tempo real:<\/strong>\u00a0lute em um campo de batalha aberto em tempo real enquanto se adapta e elabora planos conforme a necessidade.<br \/>\n<img decoding=\"async\" src=\"https:\/\/shared.akamai.steamstatic.com\/store_item_assets\/steam\/apps\/768520\/extras\/GIF-3_V2.gif?t=1723047677\" \/><\/li>\n<li><strong>Miss\u00f5es de combate:<\/strong>\u00a0encare miss\u00f5es de combate sozinho ou com outros jogadores para conter a crescente infec\u00e7\u00e3o da biomassa. Gerencie recursos, explore um mapa aberto e assegure \u00e1reas para salvar a humanidade.<br \/>\n<img decoding=\"async\" src=\"https:\/\/shared.akamai.steamstatic.com\/store_item_assets\/steam\/apps\/768520\/extras\/GIF-6_V2.gif?t=1723047677\" \/><\/li>\n<li><strong>Tr\u00eas tipos de miss\u00f5es:<\/strong>\u00a0mais de 15 miss\u00f5es principais e mais de 20 secund\u00e1rias, cada uma pertencente a uma modalidade espec\u00edfica (explora\u00e7\u00e3o, infiltra\u00e7\u00e3o e sobreviv\u00eancia).<\/li>\n<li><strong>Classes \u00fanicas:<\/strong>\u00a0escolha entre 6 classes com caracter\u00edsticas distintas, como Assalto, Demoli\u00e7\u00e3o, Suporte Pesado, Atirador, M\u00e9dico e Batedor.<br \/>\n<img decoding=\"async\" src=\"https:\/\/shared.akamai.steamstatic.com\/store_item_assets\/steam\/apps\/768520\/extras\/GIF-4_V3.gif?t=1723047677\" \/><\/li>\n<li><strong>Cooperativo com 8 jogadores:<\/strong>\u00a0participe de campanhas e miss\u00f5es de combate de outros jogadores, ou deixe-os participar das suas. Jogue e trabalhe em equipe para garantir a sobreviv\u00eancia do planeta.<\/li>\n<li><strong>Armas poderosas:<\/strong>\u00a0cause destrui\u00e7\u00e3o em massa, devaste o campo de batalha e massacre col\u00f4nias inteiras.<br \/>\n<img decoding=\"async\" src=\"https:\/\/shared.akamai.steamstatic.com\/store_item_assets\/steam\/apps\/768520\/extras\/GIF-5_V2.gif?t=1723047677\" \/><\/li>\n<li><strong>Infesta\u00e7\u00e3o da biomassa:<\/strong>\u00a0lute contra a dissemina\u00e7\u00e3o desta amea\u00e7a que altera o ambiente e se adapta \u00e0s suas a\u00e7\u00f5es.<\/li>\n<\/ul>\n<p><i>&#8220;\u00c9 como lutar contra Zergs de StarCraft, mas de uma forma ainda mais dram\u00e1tica&#8230;&#8221;<\/i><br \/>\n<strong>Rock Paper Shotgun<\/strong><\/p>\n<p>&#8220;Em outras palavras, parece se inspirar nos elementos das miss\u00f5es e de opera\u00e7\u00e3o de base de t\u00edtulos como XCOM.&#8221;[\/i]<br \/>\n<strong>WCCFTech<\/strong><\/p>\n","protected":false},"excerpt":{"rendered":"<p>Confira o menor pre\u00e7o para comprar <strong>Red Solstice 2: Survivors<\/strong> no PC. Selecionamos apenas as nossas lojas digitais de confian\u00e7a para a compara\u00e7\u00e3o de pre\u00e7os. Voc\u00ea pode comprar a chave do jogo na loja em que estiver com a melhor oferta. Ap\u00f3s realizar a compra, voc\u00ea precisa utilizar o cliente indicado pela loja para ativar e baixar o seu jogo.<\/p>\n","protected":false},"featured_media":75216,"template":"","meta":[],"store":[],"product_brand":[],"product_cat":[25],"product_tag":[702,850,403,405,404,420,849,406,26,181,127,767,31,641,146,123],"class_list":{"0":"post-73298","1":"product","2":"type-product","3":"status-publish","4":"has-post-thumbnail","6":"product_cat-jogos","7":"product_tag-505-games","8":"product_tag-baseado-em-equipes","9":"product_tag-cartas-colecionaveis-steam","10":"product_tag-compartilhamento-em-familia","11":"product_tag-conquistas-steam","12":"product_tag-estrategia","13":"product_tag-ironward","14":"product_tag-nuvem-steam","15":"product_tag-pc","16":"product_tag-personalizacao-de-personagem","17":"product_tag-rpg","18":"product_tag-rpg-de-estrategia","19":"product_tag-steam","20":"product_tag-tatica-em-tempo-real","21":"product_tag-terceira-pessoa","22":"product_tag-zumbis","24":"first","25":"instock","26":"sale","27":"purchasable","28":"product-type-simple"},"yoast_head":"<!-- This site is optimized with the Yoast SEO plugin v27.2 - https:\/\/yoast.com\/product\/yoast-seo-wordpress\/ -->\n<title>Red Solstice 2: Survivors em promo\u00e7\u00e3o para PC<\/title>\n<meta name=\"description\" content=\"Confira o menor pre\u00e7o para comprar Red Solstice 2: Survivors no PC. Selecionamos apenas as nossas lojas digitais de confian\u00e7a para a compara\u00e7\u00e3o de pre\u00e7os. Voc\u00ea pode comprar a chave do jogo na loja em que estiver com a melhor oferta. Ap\u00f3s realizar a compra, voc\u00ea precisa utilizar o cliente indicado pela loja para ativar e baixar o seu jogo.\" \/>\n<meta name=\"robots\" content=\"index, follow, max-snippet:-1, max-image-preview:large, max-video-preview:-1\" \/>\n<link rel=\"canonical\" href=\"https:\/\/www.gameplayscassi.com.br\/ofertas\/produtos\/jogos\/red-solstice-2-survivors\/\" \/>\n<meta property=\"og:locale\" content=\"pt_BR\" \/>\n<meta property=\"og:type\" content=\"article\" \/>\n<meta property=\"og:title\" content=\"Red Solstice 2: Survivors em promo\u00e7\u00e3o para PC\" \/>\n<meta property=\"og:description\" content=\"Confira o menor pre\u00e7o para comprar Red Solstice 2: Survivors no PC. Selecionamos apenas as nossas lojas digitais de confian\u00e7a para a compara\u00e7\u00e3o de pre\u00e7os. Voc\u00ea pode comprar a chave do jogo na loja em que estiver com a melhor oferta. Ap\u00f3s realizar a compra, voc\u00ea precisa utilizar o cliente indicado pela loja para ativar e baixar o seu jogo.\" \/>\n<meta property=\"og:url\" content=\"https:\/\/www.gameplayscassi.com.br\/ofertas\/produtos\/jogos\/red-solstice-2-survivors\/\" \/>\n<meta property=\"og:site_name\" content=\"Gameplayscassi - Ofertas\" \/>\n<meta property=\"article:publisher\" content=\"https:\/\/www.facebook.com\/GamePlaysCassi\/\" \/>\n<meta property=\"article:modified_time\" content=\"2026-05-06T19:04:37+00:00\" \/>\n<meta property=\"og:image\" content=\"https:\/\/www.gameplayscassi.com.br\/ofertas\/wp-content\/uploads\/2024\/06\/Red-Solstice-2-Survivors.jpg\" \/>\n\t<meta property=\"og:image:width\" content=\"1600\" \/>\n\t<meta property=\"og:image:height\" content=\"740\" \/>\n\t<meta property=\"og:image:type\" content=\"image\/jpeg\" \/>\n<meta name=\"twitter:card\" content=\"summary_large_image\" \/>\n<meta name=\"twitter:site\" content=\"@Gameplayscassi\" \/>\n<meta name=\"twitter:label1\" content=\"Est. tempo de leitura\" \/>\n\t<meta name=\"twitter:data1\" content=\"4 minutos\" \/>\n<script type=\"application\/ld+json\" class=\"yoast-schema-graph\">{\"@context\":\"https:\/\/schema.org\",\"@graph\":[{\"@type\":\"WebPage\",\"@id\":\"https:\/\/www.gameplayscassi.com.br\/ofertas\/produtos\/jogos\/red-solstice-2-survivors\/\",\"url\":\"https:\/\/www.gameplayscassi.com.br\/ofertas\/produtos\/jogos\/red-solstice-2-survivors\/\",\"name\":\"Red Solstice 2: Survivors em promo\u00e7\u00e3o para PC\",\"isPartOf\":{\"@id\":\"https:\/\/www.gameplayscassi.com.br\/ofertas\/#website\"},\"primaryImageOfPage\":{\"@id\":\"https:\/\/www.gameplayscassi.com.br\/ofertas\/produtos\/jogos\/red-solstice-2-survivors\/#primaryimage\"},\"image\":{\"@id\":\"https:\/\/www.gameplayscassi.com.br\/ofertas\/produtos\/jogos\/red-solstice-2-survivors\/#primaryimage\"},\"thumbnailUrl\":\"https:\/\/www.gameplayscassi.com.br\/ofertas\/wp-content\/uploads\/2024\/06\/Red-Solstice-2-Survivors.jpg\",\"datePublished\":\"2024-06-15T22:39:37+00:00\",\"dateModified\":\"2026-05-06T19:04:37+00:00\",\"description\":\"Confira o menor pre\u00e7o para comprar Red Solstice 2: Survivors no PC. Selecionamos apenas as nossas lojas digitais de confian\u00e7a para a compara\u00e7\u00e3o de pre\u00e7os. Voc\u00ea pode comprar a chave do jogo na loja em que estiver com a melhor oferta. Ap\u00f3s realizar a compra, voc\u00ea precisa utilizar o cliente indicado pela loja para ativar e baixar o seu jogo.\",\"breadcrumb\":{\"@id\":\"https:\/\/www.gameplayscassi.com.br\/ofertas\/produtos\/jogos\/red-solstice-2-survivors\/#breadcrumb\"},\"inLanguage\":\"pt-BR\",\"potentialAction\":[{\"@type\":\"ReadAction\",\"target\":[\"https:\/\/www.gameplayscassi.com.br\/ofertas\/produtos\/jogos\/red-solstice-2-survivors\/\"]}]},{\"@type\":\"ImageObject\",\"inLanguage\":\"pt-BR\",\"@id\":\"https:\/\/www.gameplayscassi.com.br\/ofertas\/produtos\/jogos\/red-solstice-2-survivors\/#primaryimage\",\"url\":\"https:\/\/www.gameplayscassi.com.br\/ofertas\/wp-content\/uploads\/2024\/06\/Red-Solstice-2-Survivors.jpg\",\"contentUrl\":\"https:\/\/www.gameplayscassi.com.br\/ofertas\/wp-content\/uploads\/2024\/06\/Red-Solstice-2-Survivors.jpg\",\"width\":1600,\"height\":740},{\"@type\":\"BreadcrumbList\",\"@id\":\"https:\/\/www.gameplayscassi.com.br\/ofertas\/produtos\/jogos\/red-solstice-2-survivors\/#breadcrumb\",\"itemListElement\":[{\"@type\":\"ListItem\",\"position\":1,\"name\":\"In\u00edcio\",\"item\":\"https:\/\/www.gameplayscassi.com.br\/ofertas\/\"},{\"@type\":\"ListItem\",\"position\":2,\"name\":\"Produtos\",\"item\":\"https:\/\/www.gameplayscassi.com.br\/ofertas\/\"},{\"@type\":\"ListItem\",\"position\":3,\"name\":\"Red Solstice 2: Survivors\"}]},{\"@type\":\"WebSite\",\"@id\":\"https:\/\/www.gameplayscassi.com.br\/ofertas\/#website\",\"url\":\"https:\/\/www.gameplayscassi.com.br\/ofertas\/\",\"name\":\"Gameplayscassi - Ofertas\",\"description\":\"As melhores ofertas para voc\u00ea\",\"publisher\":{\"@id\":\"https:\/\/www.gameplayscassi.com.br\/ofertas\/#organization\"},\"potentialAction\":[{\"@type\":\"SearchAction\",\"target\":{\"@type\":\"EntryPoint\",\"urlTemplate\":\"https:\/\/www.gameplayscassi.com.br\/ofertas\/?s={search_term_string}\"},\"query-input\":{\"@type\":\"PropertyValueSpecification\",\"valueRequired\":true,\"valueName\":\"search_term_string\"}}],\"inLanguage\":\"pt-BR\"},{\"@type\":\"Organization\",\"@id\":\"https:\/\/www.gameplayscassi.com.br\/ofertas\/#organization\",\"name\":\"Gameplayscassi - Ofertas\",\"url\":\"https:\/\/www.gameplayscassi.com.br\/ofertas\/\",\"logo\":{\"@type\":\"ImageObject\",\"inLanguage\":\"pt-BR\",\"@id\":\"https:\/\/www.gameplayscassi.com.br\/ofertas\/#\/schema\/logo\/image\/\",\"url\":\"https:\/\/www.gameplayscassi.com.br\/ofertas\/wp-content\/uploads\/2024\/06\/Gameplayscassi.png\",\"contentUrl\":\"https:\/\/www.gameplayscassi.com.br\/ofertas\/wp-content\/uploads\/2024\/06\/Gameplayscassi.png\",\"width\":544,\"height\":180,\"caption\":\"Gameplayscassi - Ofertas\"},\"image\":{\"@id\":\"https:\/\/www.gameplayscassi.com.br\/ofertas\/#\/schema\/logo\/image\/\"},\"sameAs\":[\"https:\/\/www.facebook.com\/GamePlaysCassi\/\",\"https:\/\/x.com\/Gameplayscassi\",\"https:\/\/www.youtube.com\/gameplayscassi\",\"https:\/\/www.instagram.com\/gameplayscassii\/\",\"https:\/\/store.steampowered.com\/curator\/31464556\/\",\"https:\/\/discord.com\/servers\/gameplayscassi-598567071298617354\"]}]}<\/script>\n<!-- \/ Yoast SEO plugin. -->","yoast_head_json":{"title":"Red Solstice 2: Survivors em promo\u00e7\u00e3o para PC","description":"Confira o menor pre\u00e7o para comprar Red Solstice 2: Survivors no PC. Selecionamos apenas as nossas lojas digitais de confian\u00e7a para a compara\u00e7\u00e3o de pre\u00e7os. Voc\u00ea pode comprar a chave do jogo na loja em que estiver com a melhor oferta. Ap\u00f3s realizar a compra, voc\u00ea precisa utilizar o cliente indicado pela loja para ativar e baixar o seu jogo.","robots":{"index":"index","follow":"follow","max-snippet":"max-snippet:-1","max-image-preview":"max-image-preview:large","max-video-preview":"max-video-preview:-1"},"canonical":"https:\/\/www.gameplayscassi.com.br\/ofertas\/produtos\/jogos\/red-solstice-2-survivors\/","og_locale":"pt_BR","og_type":"article","og_title":"Red Solstice 2: Survivors em promo\u00e7\u00e3o para PC","og_description":"Confira o menor pre\u00e7o para comprar Red Solstice 2: Survivors no PC. Selecionamos apenas as nossas lojas digitais de confian\u00e7a para a compara\u00e7\u00e3o de pre\u00e7os. Voc\u00ea pode comprar a chave do jogo na loja em que estiver com a melhor oferta. Ap\u00f3s realizar a compra, voc\u00ea precisa utilizar o cliente indicado pela loja para ativar e baixar o seu jogo.","og_url":"https:\/\/www.gameplayscassi.com.br\/ofertas\/produtos\/jogos\/red-solstice-2-survivors\/","og_site_name":"Gameplayscassi - Ofertas","article_publisher":"https:\/\/www.facebook.com\/GamePlaysCassi\/","article_modified_time":"2026-05-06T19:04:37+00:00","og_image":[{"width":1600,"height":740,"url":"https:\/\/www.gameplayscassi.com.br\/ofertas\/wp-content\/uploads\/2024\/06\/Red-Solstice-2-Survivors.jpg","type":"image\/jpeg"}],"twitter_card":"summary_large_image","twitter_site":"@Gameplayscassi","twitter_misc":{"Est. tempo de leitura":"4 minutos"},"schema":{"@context":"https:\/\/schema.org","@graph":[{"@type":"WebPage","@id":"https:\/\/www.gameplayscassi.com.br\/ofertas\/produtos\/jogos\/red-solstice-2-survivors\/","url":"https:\/\/www.gameplayscassi.com.br\/ofertas\/produtos\/jogos\/red-solstice-2-survivors\/","name":"Red Solstice 2: Survivors em promo\u00e7\u00e3o para PC","isPartOf":{"@id":"https:\/\/www.gameplayscassi.com.br\/ofertas\/#website"},"primaryImageOfPage":{"@id":"https:\/\/www.gameplayscassi.com.br\/ofertas\/produtos\/jogos\/red-solstice-2-survivors\/#primaryimage"},"image":{"@id":"https:\/\/www.gameplayscassi.com.br\/ofertas\/produtos\/jogos\/red-solstice-2-survivors\/#primaryimage"},"thumbnailUrl":"https:\/\/www.gameplayscassi.com.br\/ofertas\/wp-content\/uploads\/2024\/06\/Red-Solstice-2-Survivors.jpg","datePublished":"2024-06-15T22:39:37+00:00","dateModified":"2026-05-06T19:04:37+00:00","description":"Confira o menor pre\u00e7o para comprar Red Solstice 2: Survivors no PC. Selecionamos apenas as nossas lojas digitais de confian\u00e7a para a compara\u00e7\u00e3o de pre\u00e7os. Voc\u00ea pode comprar a chave do jogo na loja em que estiver com a melhor oferta. Ap\u00f3s realizar a compra, voc\u00ea precisa utilizar o cliente indicado pela loja para ativar e baixar o seu jogo.","breadcrumb":{"@id":"https:\/\/www.gameplayscassi.com.br\/ofertas\/produtos\/jogos\/red-solstice-2-survivors\/#breadcrumb"},"inLanguage":"pt-BR","potentialAction":[{"@type":"ReadAction","target":["https:\/\/www.gameplayscassi.com.br\/ofertas\/produtos\/jogos\/red-solstice-2-survivors\/"]}]},{"@type":"ImageObject","inLanguage":"pt-BR","@id":"https:\/\/www.gameplayscassi.com.br\/ofertas\/produtos\/jogos\/red-solstice-2-survivors\/#primaryimage","url":"https:\/\/www.gameplayscassi.com.br\/ofertas\/wp-content\/uploads\/2024\/06\/Red-Solstice-2-Survivors.jpg","contentUrl":"https:\/\/www.gameplayscassi.com.br\/ofertas\/wp-content\/uploads\/2024\/06\/Red-Solstice-2-Survivors.jpg","width":1600,"height":740},{"@type":"BreadcrumbList","@id":"https:\/\/www.gameplayscassi.com.br\/ofertas\/produtos\/jogos\/red-solstice-2-survivors\/#breadcrumb","itemListElement":[{"@type":"ListItem","position":1,"name":"In\u00edcio","item":"https:\/\/www.gameplayscassi.com.br\/ofertas\/"},{"@type":"ListItem","position":2,"name":"Produtos","item":"https:\/\/www.gameplayscassi.com.br\/ofertas\/"},{"@type":"ListItem","position":3,"name":"Red Solstice 2: Survivors"}]},{"@type":"WebSite","@id":"https:\/\/www.gameplayscassi.com.br\/ofertas\/#website","url":"https:\/\/www.gameplayscassi.com.br\/ofertas\/","name":"Gameplayscassi - Ofertas","description":"As melhores ofertas para voc\u00ea","publisher":{"@id":"https:\/\/www.gameplayscassi.com.br\/ofertas\/#organization"},"potentialAction":[{"@type":"SearchAction","target":{"@type":"EntryPoint","urlTemplate":"https:\/\/www.gameplayscassi.com.br\/ofertas\/?s={search_term_string}"},"query-input":{"@type":"PropertyValueSpecification","valueRequired":true,"valueName":"search_term_string"}}],"inLanguage":"pt-BR"},{"@type":"Organization","@id":"https:\/\/www.gameplayscassi.com.br\/ofertas\/#organization","name":"Gameplayscassi - Ofertas","url":"https:\/\/www.gameplayscassi.com.br\/ofertas\/","logo":{"@type":"ImageObject","inLanguage":"pt-BR","@id":"https:\/\/www.gameplayscassi.com.br\/ofertas\/#\/schema\/logo\/image\/","url":"https:\/\/www.gameplayscassi.com.br\/ofertas\/wp-content\/uploads\/2024\/06\/Gameplayscassi.png","contentUrl":"https:\/\/www.gameplayscassi.com.br\/ofertas\/wp-content\/uploads\/2024\/06\/Gameplayscassi.png","width":544,"height":180,"caption":"Gameplayscassi - Ofertas"},"image":{"@id":"https:\/\/www.gameplayscassi.com.br\/ofertas\/#\/schema\/logo\/image\/"},"sameAs":["https:\/\/www.facebook.com\/GamePlaysCassi\/","https:\/\/x.com\/Gameplayscassi","https:\/\/www.youtube.com\/gameplayscassi","https:\/\/www.instagram.com\/gameplayscassii\/","https:\/\/store.steampowered.com\/curator\/31464556\/","https:\/\/discord.com\/servers\/gameplayscassi-598567071298617354"]}]}},"jetpack_sharing_enabled":true,"_links":{"self":[{"href":"https:\/\/www.gameplayscassi.com.br\/ofertas\/wp-json\/wp\/v2\/product\/73298","targetHints":{"allow":["GET"]}}],"collection":[{"href":"https:\/\/www.gameplayscassi.com.br\/ofertas\/wp-json\/wp\/v2\/product"}],"about":[{"href":"https:\/\/www.gameplayscassi.com.br\/ofertas\/wp-json\/wp\/v2\/types\/product"}],"version-history":[{"count":0,"href":"https:\/\/www.gameplayscassi.com.br\/ofertas\/wp-json\/wp\/v2\/product\/73298\/revisions"}],"wp:featuredmedia":[{"embeddable":true,"href":"https:\/\/www.gameplayscassi.com.br\/ofertas\/wp-json\/wp\/v2\/media\/75216"}],"wp:attachment":[{"href":"https:\/\/www.gameplayscassi.com.br\/ofertas\/wp-json\/wp\/v2\/media?parent=73298"}],"wp:term":[{"taxonomy":"store","embeddable":true,"href":"https:\/\/www.gameplayscassi.com.br\/ofertas\/wp-json\/wp\/v2\/store?post=73298"},{"taxonomy":"product_brand","embeddable":true,"href":"https:\/\/www.gameplayscassi.com.br\/ofertas\/wp-json\/wp\/v2\/product_brand?post=73298"},{"taxonomy":"product_cat","embeddable":true,"href":"https:\/\/www.gameplayscassi.com.br\/ofertas\/wp-json\/wp\/v2\/product_cat?post=73298"},{"taxonomy":"product_tag","embeddable":true,"href":"https:\/\/www.gameplayscassi.com.br\/ofertas\/wp-json\/wp\/v2\/product_tag?post=73298"}],"curies":[{"name":"wp","href":"https:\/\/api.w.org\/{rel}","templated":true}]}}