{"id":73284,"date":"2024-06-15T19:39:32","date_gmt":"2024-06-15T22:39:32","guid":{"rendered":"https:\/\/www.gameplayscassi.com.br\/ofertas\/?post_type=product&#038;p=73284"},"modified":"2026-05-11T13:05:24","modified_gmt":"2026-05-11T16:05:24","slug":"objects-in-space","status":"publish","type":"product","link":"https:\/\/www.gameplayscassi.com.br\/ofertas\/produtos\/jogos\/objects-in-space\/","title":{"rendered":"Objects in Space"},"content":{"rendered":"<p><i>Voc\u00ea foi detectado\u2026<br \/>\nSua nave foi exposta\u2026<br \/>\nUm alarme soa\u2026<br \/>\n&#8220;Torpedo vindo!&#8221;<\/i><\/p>\n<p>Objects in Space \u00e9 um jogo de com\u00e9rcio espacial 2D em mundo aberto do g\u00eanero a\u00e7\u00e3o\/furtivo que se passa em Apollo \u2014 um enorme aglomerado estelar a dezenas de anos-luz da Terra. Voc\u00ea \u00e9 o capit\u00e3o da nave, comprando e vendendo mercadorias para manter sua lata-velha funcionando e sempre um passo \u00e0 frente de piratas, crime organizado, governos corruptos e leis escusas.<\/p>\n<p>H\u00e1 uma verdadeira gal\u00e1xia de personagens em Objects in Space. O jogo foca em in\u00fameras hist\u00f3rias curtas em vez de se restringir a uma s\u00f3 hist\u00f3ria principal com jornada de her\u00f3i. Ent\u00e3o, cabe a voc\u00ea decidir quantas narrativas voc\u00ea quer ver no seu jogo.<\/p>\n<p>As naves espaciais do jogo usam controles para combate mais como submarinos da Guerra Fria do que ca\u00e7as da Segunda Guerra. A ideia \u00e9 ser discreto, planejando manobras de modo antecipado, e tentar sobreviver \u00e0s escaramu\u00e7as contra inimigos nebulosos, mas isso somente para os jogadores que quiserem. Jogadores que n\u00e3o gostam de combate podem prestar aten\u00e7\u00e3o \u00e0s not\u00edcias para evitar sistemas onde h\u00e1 muitos piratas e optar por n\u00e3o explorar \u00e1reas espaciais desconhecidas onde h\u00e1 piratas \u00e0 espreita.<\/p>\n<p>Voc\u00ea \u00e9 quem deve manter os sistemas da sua nave em sil\u00eancio, &#8220;desaparecendo&#8221; se for poss\u00edvel, apenas pairando na trajet\u00f3ria e velocidade atuais na esperan\u00e7a de tentar escapar dos radares de outras naves enquanto atravessa as mais perigosas rotas de carga do espa\u00e7o sideral.<\/p>\n<p>Para ajudar a ganhar dinheiro, voc\u00ea conta com mais de cinquenta clientes. Sua reputa\u00e7\u00e3o entre eles definir\u00e1 quantos contratos de transporte de passageiros e cargas ou ca\u00e7ada de recompensas ficar\u00e3o dispon\u00edveis. Mas tenha cuidado: se voc\u00ea n\u00e3o conseguir cumprir um contrato, sua reputa\u00e7\u00e3o com o cliente pode ir pelo ralo. Ent\u00e3o, o que voc\u00ea far\u00e1 quando receber um sinal de SOS de uma nave pr\u00f3xima e tiver um prazo a cumprir?<\/p>\n<p>Sua nave \u00e9 completamente personaliz\u00e1vel, at\u00e9 os menores componentes de cada m\u00f3dulo. Se sua bateria acabar, a culpa ser\u00e1 sua. Foi voc\u00ea que decidiu comprar aquela bateria Ventarii superbarata e foi por pura teimosia que voc\u00ea adotou um Connext Hap Node quando o mec\u00e2nico recomendou um modelo da marca Xiao Sa. Que vacilo.<br \/>\nVoc\u00ea pode apostar na seguran\u00e7a e preparar os sistemas centrais da sua nave para ser mais r\u00e1pido ou mais potente que seus oponentes, ou simplesmente para passar despercebido. Voc\u00ea decide como vai ganhar a vida. Mas tenha cuidado! No espa\u00e7o sideral, voc\u00ea \u00e9 tanto predador quanto presa\u2026<\/p>\n<p>Recursos:<\/p>\n<ul class=\"bb_ul\">\n<li>Gigantesco mundo aberto, cheio de personagens para interagir<\/li>\n<li>Complexo sistema econ\u00f4mico baseado em contratos com mais de 50 clientes<\/li>\n<li>Mundo aberto baseado em tempo: oportunidades, hist\u00f3rias e eventos surgem em determinados momentos e em certos lugares, de modo que cada jogo \u00e9 diferente<\/li>\n<li>Combate tenso, com controles no estilo confronto de submarinos<\/li>\n<li>Naves totalmente personaliz\u00e1veis: projete sua nave para combate, carga, furtividade e mais<\/li>\n<li>Para jogadores pac\u00edficos, \u00e9 poss\u00edvel evitar combates na maioria das vezes<\/li>\n<li>Uma enormidade de miss\u00f5es paralelas: n\u00e3o h\u00e1 uma hist\u00f3ria linear para o jogador seguir<\/li>\n<li>Explore 12 sistemas estelares criados \u00e0 m\u00e3o e 20 sistemas n\u00e3o mapeados cheios de amea\u00e7as e tesouros<\/li>\n<li>Encontre naves dilapidadas, destro\u00e7os, cargas perdidas e sinais de comunica\u00e7\u00e3o \u00e0 deriva no espa\u00e7o<\/li>\n<li>Voc\u00ea pode ser comerciante, ca\u00e7ador de recompensa, explorador, pirata ou tudo isso ao mesmo tempo<\/li>\n<li>Modo Sandbox: voc\u00ea pode jogar sem o conte\u00fado narrativo em uma vers\u00e3o infinita do jogo<\/li>\n<li>Cen\u00e1rios: situa\u00e7\u00f5es de combate cheias de tens\u00e3o colocam desafios que v\u00e3o testar as habilidades dos jogadores<\/li>\n<li>Cen\u00e1rios Multijogador: dispute ou coopere em uma gama de modos e situa\u00e7\u00f5es para multijogadores<\/li>\n<li>Crie seus controles personalizados em casa usando Arduinos: qualquer um pode construir a ponte da nave com chaves e bot\u00f5es mec\u00e2nicos \u2014 e um pouquinho de solda. F\u00e1cil de aprender e divertido de executar!<\/li>\n<\/ul>\n","protected":false},"excerpt":{"rendered":"<p>Confira o menor pre\u00e7o para comprar <strong>Objects in Space<\/strong> no PC. Selecionamos apenas as nossas lojas digitais de confian\u00e7a para a compara\u00e7\u00e3o de pre\u00e7os. Voc\u00ea pode comprar a chave do jogo na loja em que estiver com a melhor oferta. Ap\u00f3s realizar a compra, voc\u00ea precisa utilizar o cliente indicado pela loja para ativar e baixar o seu jogo.<\/p>\n","protected":false},"featured_media":75205,"template":"","meta":[],"store":[],"product_brand":[],"product_cat":[25],"product_tag":[702,119,125,405,251,420,825,445,26,127,527,826,31],"class_list":{"0":"post-73284","1":"product","2":"type-product","3":"status-publish","4":"has-post-thumbnail","6":"product_cat-jogos","7":"product_tag-505-games","8":"product_tag-acao","9":"product_tag-aventura","10":"product_tag-compartilhamento-em-familia","11":"product_tag-espacial","12":"product_tag-estrategia","13":"product_tag-flat-earth-games","14":"product_tag-indie","15":"product_tag-pc","16":"product_tag-rpg","17":"product_tag-simulacao","18":"product_tag-simulador-espacial","19":"product_tag-steam","21":"first","22":"instock","23":"sale","24":"purchasable","25":"product-type-simple"},"yoast_head":"<!-- This site is optimized with the Yoast SEO plugin v27.2 - https:\/\/yoast.com\/product\/yoast-seo-wordpress\/ -->\n<title>Objects in Space em promo\u00e7\u00e3o para PC<\/title>\n<meta name=\"description\" content=\"Confira o menor pre\u00e7o para comprar Objects in Space no PC. Selecionamos apenas as nossas lojas digitais de confian\u00e7a para a compara\u00e7\u00e3o de pre\u00e7os. Voc\u00ea pode comprar a chave do jogo na loja em que estiver com a melhor oferta. Ap\u00f3s realizar a compra, voc\u00ea precisa utilizar o cliente indicado pela loja para ativar e baixar o seu jogo.\" \/>\n<meta name=\"robots\" content=\"index, follow, max-snippet:-1, max-image-preview:large, max-video-preview:-1\" \/>\n<link rel=\"canonical\" href=\"https:\/\/www.gameplayscassi.com.br\/ofertas\/produtos\/jogos\/objects-in-space\/\" \/>\n<meta property=\"og:locale\" content=\"pt_BR\" \/>\n<meta property=\"og:type\" content=\"article\" \/>\n<meta property=\"og:title\" content=\"Objects in Space em promo\u00e7\u00e3o para PC\" \/>\n<meta property=\"og:description\" content=\"Confira o menor pre\u00e7o para comprar Objects in Space no PC. Selecionamos apenas as nossas lojas digitais de confian\u00e7a para a compara\u00e7\u00e3o de pre\u00e7os. Voc\u00ea pode comprar a chave do jogo na loja em que estiver com a melhor oferta. Ap\u00f3s realizar a compra, voc\u00ea precisa utilizar o cliente indicado pela loja para ativar e baixar o seu jogo.\" \/>\n<meta property=\"og:url\" content=\"https:\/\/www.gameplayscassi.com.br\/ofertas\/produtos\/jogos\/objects-in-space\/\" \/>\n<meta property=\"og:site_name\" content=\"Gameplayscassi - Ofertas\" \/>\n<meta property=\"article:publisher\" content=\"https:\/\/www.facebook.com\/GamePlaysCassi\/\" \/>\n<meta property=\"article:modified_time\" content=\"2026-05-11T16:05:24+00:00\" \/>\n<meta property=\"og:image\" content=\"https:\/\/www.gameplayscassi.com.br\/ofertas\/wp-content\/uploads\/2024\/06\/Objects-in-Space.jpg\" \/>\n\t<meta property=\"og:image:width\" content=\"1600\" \/>\n\t<meta property=\"og:image:height\" content=\"740\" \/>\n\t<meta property=\"og:image:type\" content=\"image\/jpeg\" \/>\n<meta name=\"twitter:card\" content=\"summary_large_image\" \/>\n<meta name=\"twitter:site\" content=\"@Gameplayscassi\" \/>\n<meta name=\"twitter:label1\" content=\"Est. tempo de leitura\" \/>\n\t<meta name=\"twitter:data1\" content=\"4 minutos\" \/>\n<script type=\"application\/ld+json\" class=\"yoast-schema-graph\">{\"@context\":\"https:\/\/schema.org\",\"@graph\":[{\"@type\":\"WebPage\",\"@id\":\"https:\/\/www.gameplayscassi.com.br\/ofertas\/produtos\/jogos\/objects-in-space\/\",\"url\":\"https:\/\/www.gameplayscassi.com.br\/ofertas\/produtos\/jogos\/objects-in-space\/\",\"name\":\"Objects in Space em promo\u00e7\u00e3o para PC\",\"isPartOf\":{\"@id\":\"https:\/\/www.gameplayscassi.com.br\/ofertas\/#website\"},\"primaryImageOfPage\":{\"@id\":\"https:\/\/www.gameplayscassi.com.br\/ofertas\/produtos\/jogos\/objects-in-space\/#primaryimage\"},\"image\":{\"@id\":\"https:\/\/www.gameplayscassi.com.br\/ofertas\/produtos\/jogos\/objects-in-space\/#primaryimage\"},\"thumbnailUrl\":\"https:\/\/www.gameplayscassi.com.br\/ofertas\/wp-content\/uploads\/2024\/06\/Objects-in-Space.jpg\",\"datePublished\":\"2024-06-15T22:39:32+00:00\",\"dateModified\":\"2026-05-11T16:05:24+00:00\",\"description\":\"Confira o menor pre\u00e7o para comprar Objects in Space no PC. Selecionamos apenas as nossas lojas digitais de confian\u00e7a para a compara\u00e7\u00e3o de pre\u00e7os. Voc\u00ea pode comprar a chave do jogo na loja em que estiver com a melhor oferta. Ap\u00f3s realizar a compra, voc\u00ea precisa utilizar o cliente indicado pela loja para ativar e baixar o seu jogo.\",\"breadcrumb\":{\"@id\":\"https:\/\/www.gameplayscassi.com.br\/ofertas\/produtos\/jogos\/objects-in-space\/#breadcrumb\"},\"inLanguage\":\"pt-BR\",\"potentialAction\":[{\"@type\":\"ReadAction\",\"target\":[\"https:\/\/www.gameplayscassi.com.br\/ofertas\/produtos\/jogos\/objects-in-space\/\"]}]},{\"@type\":\"ImageObject\",\"inLanguage\":\"pt-BR\",\"@id\":\"https:\/\/www.gameplayscassi.com.br\/ofertas\/produtos\/jogos\/objects-in-space\/#primaryimage\",\"url\":\"https:\/\/www.gameplayscassi.com.br\/ofertas\/wp-content\/uploads\/2024\/06\/Objects-in-Space.jpg\",\"contentUrl\":\"https:\/\/www.gameplayscassi.com.br\/ofertas\/wp-content\/uploads\/2024\/06\/Objects-in-Space.jpg\",\"width\":1600,\"height\":740},{\"@type\":\"BreadcrumbList\",\"@id\":\"https:\/\/www.gameplayscassi.com.br\/ofertas\/produtos\/jogos\/objects-in-space\/#breadcrumb\",\"itemListElement\":[{\"@type\":\"ListItem\",\"position\":1,\"name\":\"In\u00edcio\",\"item\":\"https:\/\/www.gameplayscassi.com.br\/ofertas\/\"},{\"@type\":\"ListItem\",\"position\":2,\"name\":\"Produtos\",\"item\":\"https:\/\/www.gameplayscassi.com.br\/ofertas\/\"},{\"@type\":\"ListItem\",\"position\":3,\"name\":\"Objects in Space\"}]},{\"@type\":\"WebSite\",\"@id\":\"https:\/\/www.gameplayscassi.com.br\/ofertas\/#website\",\"url\":\"https:\/\/www.gameplayscassi.com.br\/ofertas\/\",\"name\":\"Gameplayscassi - Ofertas\",\"description\":\"As melhores ofertas para voc\u00ea\",\"publisher\":{\"@id\":\"https:\/\/www.gameplayscassi.com.br\/ofertas\/#organization\"},\"potentialAction\":[{\"@type\":\"SearchAction\",\"target\":{\"@type\":\"EntryPoint\",\"urlTemplate\":\"https:\/\/www.gameplayscassi.com.br\/ofertas\/?s={search_term_string}\"},\"query-input\":{\"@type\":\"PropertyValueSpecification\",\"valueRequired\":true,\"valueName\":\"search_term_string\"}}],\"inLanguage\":\"pt-BR\"},{\"@type\":\"Organization\",\"@id\":\"https:\/\/www.gameplayscassi.com.br\/ofertas\/#organization\",\"name\":\"Gameplayscassi - Ofertas\",\"url\":\"https:\/\/www.gameplayscassi.com.br\/ofertas\/\",\"logo\":{\"@type\":\"ImageObject\",\"inLanguage\":\"pt-BR\",\"@id\":\"https:\/\/www.gameplayscassi.com.br\/ofertas\/#\/schema\/logo\/image\/\",\"url\":\"https:\/\/www.gameplayscassi.com.br\/ofertas\/wp-content\/uploads\/2024\/06\/Gameplayscassi.png\",\"contentUrl\":\"https:\/\/www.gameplayscassi.com.br\/ofertas\/wp-content\/uploads\/2024\/06\/Gameplayscassi.png\",\"width\":544,\"height\":180,\"caption\":\"Gameplayscassi - Ofertas\"},\"image\":{\"@id\":\"https:\/\/www.gameplayscassi.com.br\/ofertas\/#\/schema\/logo\/image\/\"},\"sameAs\":[\"https:\/\/www.facebook.com\/GamePlaysCassi\/\",\"https:\/\/x.com\/Gameplayscassi\",\"https:\/\/www.youtube.com\/gameplayscassi\",\"https:\/\/www.instagram.com\/gameplayscassii\/\",\"https:\/\/store.steampowered.com\/curator\/31464556\/\",\"https:\/\/discord.com\/servers\/gameplayscassi-598567071298617354\"]}]}<\/script>\n<!-- \/ Yoast SEO plugin. -->","yoast_head_json":{"title":"Objects in Space em promo\u00e7\u00e3o para PC","description":"Confira o menor pre\u00e7o para comprar Objects in Space no PC. Selecionamos apenas as nossas lojas digitais de confian\u00e7a para a compara\u00e7\u00e3o de pre\u00e7os. Voc\u00ea pode comprar a chave do jogo na loja em que estiver com a melhor oferta. Ap\u00f3s realizar a compra, voc\u00ea precisa utilizar o cliente indicado pela loja para ativar e baixar o seu jogo.","robots":{"index":"index","follow":"follow","max-snippet":"max-snippet:-1","max-image-preview":"max-image-preview:large","max-video-preview":"max-video-preview:-1"},"canonical":"https:\/\/www.gameplayscassi.com.br\/ofertas\/produtos\/jogos\/objects-in-space\/","og_locale":"pt_BR","og_type":"article","og_title":"Objects in Space em promo\u00e7\u00e3o para PC","og_description":"Confira o menor pre\u00e7o para comprar Objects in Space no PC. Selecionamos apenas as nossas lojas digitais de confian\u00e7a para a compara\u00e7\u00e3o de pre\u00e7os. Voc\u00ea pode comprar a chave do jogo na loja em que estiver com a melhor oferta. Ap\u00f3s realizar a compra, voc\u00ea precisa utilizar o cliente indicado pela loja para ativar e baixar o seu jogo.","og_url":"https:\/\/www.gameplayscassi.com.br\/ofertas\/produtos\/jogos\/objects-in-space\/","og_site_name":"Gameplayscassi - Ofertas","article_publisher":"https:\/\/www.facebook.com\/GamePlaysCassi\/","article_modified_time":"2026-05-11T16:05:24+00:00","og_image":[{"width":1600,"height":740,"url":"https:\/\/www.gameplayscassi.com.br\/ofertas\/wp-content\/uploads\/2024\/06\/Objects-in-Space.jpg","type":"image\/jpeg"}],"twitter_card":"summary_large_image","twitter_site":"@Gameplayscassi","twitter_misc":{"Est. tempo de leitura":"4 minutos"},"schema":{"@context":"https:\/\/schema.org","@graph":[{"@type":"WebPage","@id":"https:\/\/www.gameplayscassi.com.br\/ofertas\/produtos\/jogos\/objects-in-space\/","url":"https:\/\/www.gameplayscassi.com.br\/ofertas\/produtos\/jogos\/objects-in-space\/","name":"Objects in Space em promo\u00e7\u00e3o para PC","isPartOf":{"@id":"https:\/\/www.gameplayscassi.com.br\/ofertas\/#website"},"primaryImageOfPage":{"@id":"https:\/\/www.gameplayscassi.com.br\/ofertas\/produtos\/jogos\/objects-in-space\/#primaryimage"},"image":{"@id":"https:\/\/www.gameplayscassi.com.br\/ofertas\/produtos\/jogos\/objects-in-space\/#primaryimage"},"thumbnailUrl":"https:\/\/www.gameplayscassi.com.br\/ofertas\/wp-content\/uploads\/2024\/06\/Objects-in-Space.jpg","datePublished":"2024-06-15T22:39:32+00:00","dateModified":"2026-05-11T16:05:24+00:00","description":"Confira o menor pre\u00e7o para comprar Objects in Space no PC. Selecionamos apenas as nossas lojas digitais de confian\u00e7a para a compara\u00e7\u00e3o de pre\u00e7os. Voc\u00ea pode comprar a chave do jogo na loja em que estiver com a melhor oferta. Ap\u00f3s realizar a compra, voc\u00ea precisa utilizar o cliente indicado pela loja para ativar e baixar o seu jogo.","breadcrumb":{"@id":"https:\/\/www.gameplayscassi.com.br\/ofertas\/produtos\/jogos\/objects-in-space\/#breadcrumb"},"inLanguage":"pt-BR","potentialAction":[{"@type":"ReadAction","target":["https:\/\/www.gameplayscassi.com.br\/ofertas\/produtos\/jogos\/objects-in-space\/"]}]},{"@type":"ImageObject","inLanguage":"pt-BR","@id":"https:\/\/www.gameplayscassi.com.br\/ofertas\/produtos\/jogos\/objects-in-space\/#primaryimage","url":"https:\/\/www.gameplayscassi.com.br\/ofertas\/wp-content\/uploads\/2024\/06\/Objects-in-Space.jpg","contentUrl":"https:\/\/www.gameplayscassi.com.br\/ofertas\/wp-content\/uploads\/2024\/06\/Objects-in-Space.jpg","width":1600,"height":740},{"@type":"BreadcrumbList","@id":"https:\/\/www.gameplayscassi.com.br\/ofertas\/produtos\/jogos\/objects-in-space\/#breadcrumb","itemListElement":[{"@type":"ListItem","position":1,"name":"In\u00edcio","item":"https:\/\/www.gameplayscassi.com.br\/ofertas\/"},{"@type":"ListItem","position":2,"name":"Produtos","item":"https:\/\/www.gameplayscassi.com.br\/ofertas\/"},{"@type":"ListItem","position":3,"name":"Objects in Space"}]},{"@type":"WebSite","@id":"https:\/\/www.gameplayscassi.com.br\/ofertas\/#website","url":"https:\/\/www.gameplayscassi.com.br\/ofertas\/","name":"Gameplayscassi - Ofertas","description":"As melhores ofertas para voc\u00ea","publisher":{"@id":"https:\/\/www.gameplayscassi.com.br\/ofertas\/#organization"},"potentialAction":[{"@type":"SearchAction","target":{"@type":"EntryPoint","urlTemplate":"https:\/\/www.gameplayscassi.com.br\/ofertas\/?s={search_term_string}"},"query-input":{"@type":"PropertyValueSpecification","valueRequired":true,"valueName":"search_term_string"}}],"inLanguage":"pt-BR"},{"@type":"Organization","@id":"https:\/\/www.gameplayscassi.com.br\/ofertas\/#organization","name":"Gameplayscassi - Ofertas","url":"https:\/\/www.gameplayscassi.com.br\/ofertas\/","logo":{"@type":"ImageObject","inLanguage":"pt-BR","@id":"https:\/\/www.gameplayscassi.com.br\/ofertas\/#\/schema\/logo\/image\/","url":"https:\/\/www.gameplayscassi.com.br\/ofertas\/wp-content\/uploads\/2024\/06\/Gameplayscassi.png","contentUrl":"https:\/\/www.gameplayscassi.com.br\/ofertas\/wp-content\/uploads\/2024\/06\/Gameplayscassi.png","width":544,"height":180,"caption":"Gameplayscassi - Ofertas"},"image":{"@id":"https:\/\/www.gameplayscassi.com.br\/ofertas\/#\/schema\/logo\/image\/"},"sameAs":["https:\/\/www.facebook.com\/GamePlaysCassi\/","https:\/\/x.com\/Gameplayscassi","https:\/\/www.youtube.com\/gameplayscassi","https:\/\/www.instagram.com\/gameplayscassii\/","https:\/\/store.steampowered.com\/curator\/31464556\/","https:\/\/discord.com\/servers\/gameplayscassi-598567071298617354"]}]}},"jetpack_sharing_enabled":true,"_links":{"self":[{"href":"https:\/\/www.gameplayscassi.com.br\/ofertas\/wp-json\/wp\/v2\/product\/73284","targetHints":{"allow":["GET"]}}],"collection":[{"href":"https:\/\/www.gameplayscassi.com.br\/ofertas\/wp-json\/wp\/v2\/product"}],"about":[{"href":"https:\/\/www.gameplayscassi.com.br\/ofertas\/wp-json\/wp\/v2\/types\/product"}],"version-history":[{"count":0,"href":"https:\/\/www.gameplayscassi.com.br\/ofertas\/wp-json\/wp\/v2\/product\/73284\/revisions"}],"wp:featuredmedia":[{"embeddable":true,"href":"https:\/\/www.gameplayscassi.com.br\/ofertas\/wp-json\/wp\/v2\/media\/75205"}],"wp:attachment":[{"href":"https:\/\/www.gameplayscassi.com.br\/ofertas\/wp-json\/wp\/v2\/media?parent=73284"}],"wp:term":[{"taxonomy":"store","embeddable":true,"href":"https:\/\/www.gameplayscassi.com.br\/ofertas\/wp-json\/wp\/v2\/store?post=73284"},{"taxonomy":"product_brand","embeddable":true,"href":"https:\/\/www.gameplayscassi.com.br\/ofertas\/wp-json\/wp\/v2\/product_brand?post=73284"},{"taxonomy":"product_cat","embeddable":true,"href":"https:\/\/www.gameplayscassi.com.br\/ofertas\/wp-json\/wp\/v2\/product_cat?post=73284"},{"taxonomy":"product_tag","embeddable":true,"href":"https:\/\/www.gameplayscassi.com.br\/ofertas\/wp-json\/wp\/v2\/product_tag?post=73284"}],"curies":[{"name":"wp","href":"https:\/\/api.w.org\/{rel}","templated":true}]}}