{"id":73220,"date":"2024-06-15T19:39:25","date_gmt":"2024-06-15T22:39:25","guid":{"rendered":"https:\/\/www.gameplayscassi.com.br\/ofertas\/?post_type=product&#038;p=73220"},"modified":"2026-05-05T15:04:25","modified_gmt":"2026-05-05T18:04:25","slug":"assetto-corsa-competizione","status":"publish","type":"product","link":"https:\/\/www.gameplayscassi.com.br\/ofertas\/produtos\/jogos\/assetto-corsa-competizione\/","title":{"rendered":"Assetto Corsa Competizione"},"content":{"rendered":"<p><img decoding=\"async\" src=\"https:\/\/shared.akamai.steamstatic.com\/store_item_assets\/steam\/apps\/805550\/extras\/004.jpg?t=1716884951\" \/><\/p>\n<p><strong>Assetto Corsa Competizione \u00e9 o novo videogame oficial do GT World Challenge.<\/strong><br \/>\nGra\u00e7as \u00e0 extraordin\u00e1ria qualidade da simula\u00e7\u00e3o, o jogo permitir\u00e1 que voc\u00ea experimente a atmosfera real do campeonato GT3, competindo contra pilotos, equipes, carros e circuitos oficiais reproduzidos no jogo com o mais alto n\u00edvel de precis\u00e3o j\u00e1 alcan\u00e7ado.<br \/>\nAs corridas Sprint, Endurance e Spa 24 Horas ganhar\u00e3o vida com um n\u00edvel incr\u00edvel de realismo, tanto nos modos single quanto multiplayer.<br \/>\nAssetto Corsa Competizione contar\u00e1 com as temporadas 2018 e 2019 da Blancpain GT Series.<br \/>\nO Assetto Corsa Competizione nasce da experi\u00eancia de longo prazo do KUNOS Simulazioni e aproveita ao m\u00e1ximo o Unreal Engine 4 para garantir condi\u00e7\u00f5es clim\u00e1ticas e gr\u00e1ficos fotorrealistas, corridas noturnas, anima\u00e7\u00f5es de captura de movimento, atingindo um novo padr\u00e3o em termos de realismo e imers\u00e3o de dire\u00e7\u00e3o, obrigado aos seus pneus melhorados e modelos aerodin\u00e2micos.<br \/>\nProjetado para inovar, o Assetto Corsa Competizione ter\u00e1 como objetivo promover os eSports, trazendo os jogadores para o centro do GT World Challenge e colocando-os ao volante de Ferraris, Lamborghinis, McLarens e muitos outros carros de corrida GT de prest\u00edgio, todos reproduzidos com excelente n\u00edvel de qualidade. detalhe.<\/p>\n<p><strong>SIMULA\u00c7\u00c3O REAL\u00cdSTICA<\/strong><br \/>\nO Assetto Corsa Competizione foi projetado para recriar fielmente o desempenho e a experi\u00eancia de dire\u00e7\u00e3o de carros reais do GT World Challenge por meio de um sofisticado modelo matem\u00e1tico que reproduz com precis\u00e3o a ader\u00eancia dos pneus, o impacto aerodin\u00e2mico, os par\u00e2metros do motor, as suspens\u00f5es e os sistemas eletr\u00f4nicos que determinam o equil\u00edbrio do ve\u00edculo, bem como como a influ\u00eancia dos danos mec\u00e2nicos na dirigibilidade do autom\u00f3vel.<\/p>\n<p><strong>GR\u00c1FICOS E EFEITOS VISUAIS DE NOVA GERA\u00c7\u00c3O<\/strong><br \/>\nO Unreal Engine 4 garante uma renderiza\u00e7\u00e3o fotorrealista e uma representa\u00e7\u00e3o precisa de cen\u00e1rios, materiais do carro e condi\u00e7\u00f5es clim\u00e1ticas. Gra\u00e7as \u00e0 amostragem de \u00e1udio multicanal de carros GT reais, o jogo transmite um ambiente ac\u00fastico cativante e envolvente e efeitos ambientais realistas.<\/p>\n<p><img decoding=\"async\" src=\"https:\/\/shared.akamai.steamstatic.com\/store_item_assets\/steam\/apps\/805550\/extras\/001.jpg?t=1716884951\" \/><\/p>\n<p><strong>CUIDADO COM OS DETALHES<\/strong><br \/>\nAt\u00e9 os detalhes secund\u00e1rios s\u00e3o reproduzidos fielmente para que voc\u00ea sinta a emo\u00e7\u00e3o de estar no cockpit de um verdadeiro carro de corrida. Portas, limpadores de para-brisa, far\u00f3is, luzes de corrida, equipamentos de corrida e dispositivos de controle como ABS, controle de tra\u00e7\u00e3o, igni\u00e7\u00e3o do motor e mapeamento da ECU, est\u00e3o todos sob o controle do motorista para garantir o melhor desempenho e oferecer ao jogador controle total do carro.<\/p>\n<p><strong>OS CIRCUITOS MAIS PRECISOS<\/strong><br \/>\nGra\u00e7as \u00e0 tecnologia Laserscan, cada circuito oficial \u00e9 recriado com a m\u00e1xima precis\u00e3o: todas as cal\u00e7adas e detalhes se ajustam perfeitamente aos seus equivalentes reais para garantir uma experi\u00eancia de jogo o mais fiel poss\u00edvel \u00e0 realidade.<\/p>\n<p><img decoding=\"async\" src=\"https:\/\/shared.akamai.steamstatic.com\/store_item_assets\/steam\/apps\/805550\/extras\/003.jpg?t=1716884951\" \/><\/p>\n<p><strong>FUNCIONALIDADE MULTIJOGADOR AVAN\u00c7ADA<\/strong><br \/>\nUm sistema de classifica\u00e7\u00e3o bem estruturado avaliar\u00e1 o desempenho individual e o comportamento de condu\u00e7\u00e3o para recompensar os condutores mais virtuosos e promover o jogo limpo em competi\u00e7\u00f5es online. A fun\u00e7\u00e3o de matchmaking garante que voc\u00ea possa competir com advers\u00e1rios de n\u00edvel de habilidade semelhante e encontrar facilmente corridas online para participar, enquanto as tabelas de classifica\u00e7\u00e3o permitir\u00e3o que voc\u00ea compare o desempenho de uma \u00fanica volta com pilotos de todo o mundo com o mesmo carro, circuito e clima. condi\u00e7\u00f5es.<\/p>\n<p><strong>EXPERI\u00caNCIA IMERSIVA PARA UM JOGADOR \u00daNICO<\/strong><br \/>\nOs modos Carreira, Campeonato e Jogo Livre oferecem uma experi\u00eancia de jogo completa e personaliz\u00e1vel, tamb\u00e9m gra\u00e7as aos tutoriais e n\u00edveis de ajuda progressivos que permitem adaptar a dificuldade do oponente da IA \u200b\u200be o controle de estabilidade do ve\u00edculo \u00e0s suas habilidades. Os Eventos Especiais permitir\u00e3o que voc\u00ea tenha uma experi\u00eancia em primeira m\u00e3o do mais not\u00e1vel GT World Challenge da vida real.<\/p>\n<p><strong>COMPATIBILIDADE DE HARDWARE DE ALTO N\u00cdVEL<\/strong><br \/>\nO Assetto Corsa Competizione garante total compatibilidade com uma ampla gama de perif\u00e9ricos, desde gamepads at\u00e9 volantes profissionais.<\/p>\n<p><strong>CAPTURA DE MOVIMENTO PARA ANIMA\u00c7\u00d5ES REALISTAS<\/strong><br \/>\nA tecnologia de captura de movimento \u00e9 usada para criar anima\u00e7\u00f5es de mec\u00e2nicos e pilotos de uma forma ainda mais realista e garantir um alto n\u00edvel de envolvimento do jogador durante corridas, pit stops e trocas de pilotos.<\/p>\n<p><strong>BLANCPAIN GT SERIES<\/strong><br \/>\nEncorajados pelo sucesso da Blancpain Endurance Series, que ap\u00f3s a sua cria\u00e7\u00e3o em 2011 rapidamente se tornou a refer\u00eancia global para corridas de GT, o mundialmente famoso fabricante su\u00ed\u00e7o de rel\u00f3gios Blancpain e o SRO Motorsports Group decidiram no final de 2013 ampliar a sua parceria para a s\u00e9rie Blancpain Sprint. A partir de 2015, equipes e pilotos tamb\u00e9m tiveram a oportunidade de competir pelo t\u00edtulo geral da Blancpain GT Series. O resultado foram grids variados, com uma s\u00e9rie de equipes e pilotos de GT respeitados no in\u00edcio de cada corrida. A Blancpain GT Series tamb\u00e9m viu um afluxo de pilotos jovens e talentosos, tornando-se uma refer\u00eancia mundial nas corridas de GT3.<br \/>\nCom a Blancpain GT Series Sprint Cup e a Blancpain GT Series Endurance Cup agora compartilhando as mesmas categorias de pilotos e sistema de pontos, a temporada de dez rodadas da Blancpain GT Series \u2013 composta por cinco eventos de sprint e cinco eventos de resist\u00eancia \u2013 coroa os pilotos de GT mais completos do mundo.<br \/>\nUm evento da Blancpain GT Series Sprint Cup consiste em duas corridas de uma hora cada, enquanto as corridas da Blancpain GT Series Endurance Cup variam de eventos de tr\u00eas horas, passando por uma corrida de 1.000 km, at\u00e9 o destaque da temporada do Total 24 Horas de Spa, um dos principais corridas de 24 horas do mundo.<\/p>\n","protected":false},"excerpt":{"rendered":"<p>Confira o menor pre\u00e7o para comprar<strong> Assetto Corsa Competizione<\/strong> no PC. Selecionamos apenas as nossas lojas digitais de confian\u00e7a para a compara\u00e7\u00e3o de pre\u00e7os. Voc\u00ea pode comprar a chave do jogo na loja em que estiver com a melhor oferta. Ap\u00f3s realizar a compra, voc\u00ea precisa utilizar o cliente indicado pela loja para ativar e baixar o seu jogo.<\/p>\n","protected":false},"featured_media":74236,"template":"","meta":[],"store":[],"product_brand":[],"product_cat":[25],"product_tag":[702,405,716,256,717,124,715,122,26,668,193,527,654,31],"class_list":{"0":"post-73220","1":"product","2":"type-product","3":"status-publish","4":"has-post-thumbnail","6":"product_cat-jogos","7":"product_tag-505-games","8":"product_tag-compartilhamento-em-familia","9":"product_tag-corrida","10":"product_tag-direcao","11":"product_tag-esportes","12":"product_tag-geforce-now","13":"product_tag-kunos-simulazioni","14":"product_tag-multijogador","15":"product_tag-pc","16":"product_tag-realistico","17":"product_tag-rv","18":"product_tag-simulacao","19":"product_tag-simulador-automobilistico","20":"product_tag-steam","22":"first","23":"instock","24":"sale","25":"purchasable","26":"product-type-simple"},"yoast_head":"<!-- This site is optimized with the Yoast SEO plugin v27.2 - https:\/\/yoast.com\/product\/yoast-seo-wordpress\/ -->\n<title>Assetto Corsa Competizione em promo\u00e7\u00e3o para PC<\/title>\n<meta name=\"description\" content=\"Confira o menor pre\u00e7o para comprar Assetto Corsa Competizione no PC. Selecionamos apenas as nossas lojas digitais de confian\u00e7a para a compara\u00e7\u00e3o de pre\u00e7os. Voc\u00ea pode comprar a chave do jogo na loja em que estiver com a melhor oferta. Ap\u00f3s realizar a compra, voc\u00ea precisa utilizar o cliente indicado pela loja para ativar e baixar o seu jogo.\" \/>\n<meta name=\"robots\" content=\"index, follow, max-snippet:-1, max-image-preview:large, max-video-preview:-1\" \/>\n<link rel=\"canonical\" href=\"https:\/\/www.gameplayscassi.com.br\/ofertas\/produtos\/jogos\/assetto-corsa-competizione\/\" \/>\n<meta property=\"og:locale\" content=\"pt_BR\" \/>\n<meta property=\"og:type\" content=\"article\" \/>\n<meta property=\"og:title\" content=\"Assetto Corsa Competizione em promo\u00e7\u00e3o para PC\" \/>\n<meta property=\"og:description\" content=\"Confira o menor pre\u00e7o para comprar Assetto Corsa Competizione no PC. Selecionamos apenas as nossas lojas digitais de confian\u00e7a para a compara\u00e7\u00e3o de pre\u00e7os. Voc\u00ea pode comprar a chave do jogo na loja em que estiver com a melhor oferta. Ap\u00f3s realizar a compra, voc\u00ea precisa utilizar o cliente indicado pela loja para ativar e baixar o seu jogo.\" \/>\n<meta property=\"og:url\" content=\"https:\/\/www.gameplayscassi.com.br\/ofertas\/produtos\/jogos\/assetto-corsa-competizione\/\" \/>\n<meta property=\"og:site_name\" content=\"Gameplayscassi - Ofertas\" \/>\n<meta property=\"article:publisher\" content=\"https:\/\/www.facebook.com\/GamePlaysCassi\/\" \/>\n<meta property=\"article:modified_time\" content=\"2026-05-05T18:04:25+00:00\" \/>\n<meta property=\"og:image\" content=\"https:\/\/www.gameplayscassi.com.br\/ofertas\/wp-content\/uploads\/2024\/06\/Assetto-Corsa-Competizione.jpg\" \/>\n\t<meta property=\"og:image:width\" content=\"1600\" \/>\n\t<meta property=\"og:image:height\" content=\"740\" \/>\n\t<meta property=\"og:image:type\" content=\"image\/jpeg\" \/>\n<meta name=\"twitter:card\" content=\"summary_large_image\" \/>\n<meta name=\"twitter:site\" content=\"@Gameplayscassi\" \/>\n<meta name=\"twitter:label1\" content=\"Est. tempo de leitura\" \/>\n\t<meta name=\"twitter:data1\" content=\"6 minutos\" \/>\n<script type=\"application\/ld+json\" class=\"yoast-schema-graph\">{\"@context\":\"https:\/\/schema.org\",\"@graph\":[{\"@type\":\"WebPage\",\"@id\":\"https:\/\/www.gameplayscassi.com.br\/ofertas\/produtos\/jogos\/assetto-corsa-competizione\/\",\"url\":\"https:\/\/www.gameplayscassi.com.br\/ofertas\/produtos\/jogos\/assetto-corsa-competizione\/\",\"name\":\"Assetto Corsa Competizione em promo\u00e7\u00e3o para PC\",\"isPartOf\":{\"@id\":\"https:\/\/www.gameplayscassi.com.br\/ofertas\/#website\"},\"primaryImageOfPage\":{\"@id\":\"https:\/\/www.gameplayscassi.com.br\/ofertas\/produtos\/jogos\/assetto-corsa-competizione\/#primaryimage\"},\"image\":{\"@id\":\"https:\/\/www.gameplayscassi.com.br\/ofertas\/produtos\/jogos\/assetto-corsa-competizione\/#primaryimage\"},\"thumbnailUrl\":\"https:\/\/www.gameplayscassi.com.br\/ofertas\/wp-content\/uploads\/2024\/06\/Assetto-Corsa-Competizione.jpg\",\"datePublished\":\"2024-06-15T22:39:25+00:00\",\"dateModified\":\"2026-05-05T18:04:25+00:00\",\"description\":\"Confira o menor pre\u00e7o para comprar Assetto Corsa Competizione no PC. Selecionamos apenas as nossas lojas digitais de confian\u00e7a para a compara\u00e7\u00e3o de pre\u00e7os. Voc\u00ea pode comprar a chave do jogo na loja em que estiver com a melhor oferta. Ap\u00f3s realizar a compra, voc\u00ea precisa utilizar o cliente indicado pela loja para ativar e baixar o seu jogo.\",\"breadcrumb\":{\"@id\":\"https:\/\/www.gameplayscassi.com.br\/ofertas\/produtos\/jogos\/assetto-corsa-competizione\/#breadcrumb\"},\"inLanguage\":\"pt-BR\",\"potentialAction\":[{\"@type\":\"ReadAction\",\"target\":[\"https:\/\/www.gameplayscassi.com.br\/ofertas\/produtos\/jogos\/assetto-corsa-competizione\/\"]}]},{\"@type\":\"ImageObject\",\"inLanguage\":\"pt-BR\",\"@id\":\"https:\/\/www.gameplayscassi.com.br\/ofertas\/produtos\/jogos\/assetto-corsa-competizione\/#primaryimage\",\"url\":\"https:\/\/www.gameplayscassi.com.br\/ofertas\/wp-content\/uploads\/2024\/06\/Assetto-Corsa-Competizione.jpg\",\"contentUrl\":\"https:\/\/www.gameplayscassi.com.br\/ofertas\/wp-content\/uploads\/2024\/06\/Assetto-Corsa-Competizione.jpg\",\"width\":1600,\"height\":740},{\"@type\":\"BreadcrumbList\",\"@id\":\"https:\/\/www.gameplayscassi.com.br\/ofertas\/produtos\/jogos\/assetto-corsa-competizione\/#breadcrumb\",\"itemListElement\":[{\"@type\":\"ListItem\",\"position\":1,\"name\":\"In\u00edcio\",\"item\":\"https:\/\/www.gameplayscassi.com.br\/ofertas\/\"},{\"@type\":\"ListItem\",\"position\":2,\"name\":\"Produtos\",\"item\":\"https:\/\/www.gameplayscassi.com.br\/ofertas\/\"},{\"@type\":\"ListItem\",\"position\":3,\"name\":\"Assetto Corsa Competizione\"}]},{\"@type\":\"WebSite\",\"@id\":\"https:\/\/www.gameplayscassi.com.br\/ofertas\/#website\",\"url\":\"https:\/\/www.gameplayscassi.com.br\/ofertas\/\",\"name\":\"Gameplayscassi - Ofertas\",\"description\":\"As melhores ofertas para voc\u00ea\",\"publisher\":{\"@id\":\"https:\/\/www.gameplayscassi.com.br\/ofertas\/#organization\"},\"potentialAction\":[{\"@type\":\"SearchAction\",\"target\":{\"@type\":\"EntryPoint\",\"urlTemplate\":\"https:\/\/www.gameplayscassi.com.br\/ofertas\/?s={search_term_string}\"},\"query-input\":{\"@type\":\"PropertyValueSpecification\",\"valueRequired\":true,\"valueName\":\"search_term_string\"}}],\"inLanguage\":\"pt-BR\"},{\"@type\":\"Organization\",\"@id\":\"https:\/\/www.gameplayscassi.com.br\/ofertas\/#organization\",\"name\":\"Gameplayscassi - Ofertas\",\"url\":\"https:\/\/www.gameplayscassi.com.br\/ofertas\/\",\"logo\":{\"@type\":\"ImageObject\",\"inLanguage\":\"pt-BR\",\"@id\":\"https:\/\/www.gameplayscassi.com.br\/ofertas\/#\/schema\/logo\/image\/\",\"url\":\"https:\/\/www.gameplayscassi.com.br\/ofertas\/wp-content\/uploads\/2024\/06\/Gameplayscassi.png\",\"contentUrl\":\"https:\/\/www.gameplayscassi.com.br\/ofertas\/wp-content\/uploads\/2024\/06\/Gameplayscassi.png\",\"width\":544,\"height\":180,\"caption\":\"Gameplayscassi - Ofertas\"},\"image\":{\"@id\":\"https:\/\/www.gameplayscassi.com.br\/ofertas\/#\/schema\/logo\/image\/\"},\"sameAs\":[\"https:\/\/www.facebook.com\/GamePlaysCassi\/\",\"https:\/\/x.com\/Gameplayscassi\",\"https:\/\/www.youtube.com\/gameplayscassi\",\"https:\/\/www.instagram.com\/gameplayscassii\/\",\"https:\/\/store.steampowered.com\/curator\/31464556\/\",\"https:\/\/discord.com\/servers\/gameplayscassi-598567071298617354\"]}]}<\/script>\n<!-- \/ Yoast SEO plugin. -->","yoast_head_json":{"title":"Assetto Corsa Competizione em promo\u00e7\u00e3o para PC","description":"Confira o menor pre\u00e7o para comprar Assetto Corsa Competizione no PC. Selecionamos apenas as nossas lojas digitais de confian\u00e7a para a compara\u00e7\u00e3o de pre\u00e7os. Voc\u00ea pode comprar a chave do jogo na loja em que estiver com a melhor oferta. Ap\u00f3s realizar a compra, voc\u00ea precisa utilizar o cliente indicado pela loja para ativar e baixar o seu jogo.","robots":{"index":"index","follow":"follow","max-snippet":"max-snippet:-1","max-image-preview":"max-image-preview:large","max-video-preview":"max-video-preview:-1"},"canonical":"https:\/\/www.gameplayscassi.com.br\/ofertas\/produtos\/jogos\/assetto-corsa-competizione\/","og_locale":"pt_BR","og_type":"article","og_title":"Assetto Corsa Competizione em promo\u00e7\u00e3o para PC","og_description":"Confira o menor pre\u00e7o para comprar Assetto Corsa Competizione no PC. Selecionamos apenas as nossas lojas digitais de confian\u00e7a para a compara\u00e7\u00e3o de pre\u00e7os. Voc\u00ea pode comprar a chave do jogo na loja em que estiver com a melhor oferta. Ap\u00f3s realizar a compra, voc\u00ea precisa utilizar o cliente indicado pela loja para ativar e baixar o seu jogo.","og_url":"https:\/\/www.gameplayscassi.com.br\/ofertas\/produtos\/jogos\/assetto-corsa-competizione\/","og_site_name":"Gameplayscassi - Ofertas","article_publisher":"https:\/\/www.facebook.com\/GamePlaysCassi\/","article_modified_time":"2026-05-05T18:04:25+00:00","og_image":[{"width":1600,"height":740,"url":"https:\/\/www.gameplayscassi.com.br\/ofertas\/wp-content\/uploads\/2024\/06\/Assetto-Corsa-Competizione.jpg","type":"image\/jpeg"}],"twitter_card":"summary_large_image","twitter_site":"@Gameplayscassi","twitter_misc":{"Est. tempo de leitura":"6 minutos"},"schema":{"@context":"https:\/\/schema.org","@graph":[{"@type":"WebPage","@id":"https:\/\/www.gameplayscassi.com.br\/ofertas\/produtos\/jogos\/assetto-corsa-competizione\/","url":"https:\/\/www.gameplayscassi.com.br\/ofertas\/produtos\/jogos\/assetto-corsa-competizione\/","name":"Assetto Corsa Competizione em promo\u00e7\u00e3o para PC","isPartOf":{"@id":"https:\/\/www.gameplayscassi.com.br\/ofertas\/#website"},"primaryImageOfPage":{"@id":"https:\/\/www.gameplayscassi.com.br\/ofertas\/produtos\/jogos\/assetto-corsa-competizione\/#primaryimage"},"image":{"@id":"https:\/\/www.gameplayscassi.com.br\/ofertas\/produtos\/jogos\/assetto-corsa-competizione\/#primaryimage"},"thumbnailUrl":"https:\/\/www.gameplayscassi.com.br\/ofertas\/wp-content\/uploads\/2024\/06\/Assetto-Corsa-Competizione.jpg","datePublished":"2024-06-15T22:39:25+00:00","dateModified":"2026-05-05T18:04:25+00:00","description":"Confira o menor pre\u00e7o para comprar Assetto Corsa Competizione no PC. Selecionamos apenas as nossas lojas digitais de confian\u00e7a para a compara\u00e7\u00e3o de pre\u00e7os. Voc\u00ea pode comprar a chave do jogo na loja em que estiver com a melhor oferta. Ap\u00f3s realizar a compra, voc\u00ea precisa utilizar o cliente indicado pela loja para ativar e baixar o seu jogo.","breadcrumb":{"@id":"https:\/\/www.gameplayscassi.com.br\/ofertas\/produtos\/jogos\/assetto-corsa-competizione\/#breadcrumb"},"inLanguage":"pt-BR","potentialAction":[{"@type":"ReadAction","target":["https:\/\/www.gameplayscassi.com.br\/ofertas\/produtos\/jogos\/assetto-corsa-competizione\/"]}]},{"@type":"ImageObject","inLanguage":"pt-BR","@id":"https:\/\/www.gameplayscassi.com.br\/ofertas\/produtos\/jogos\/assetto-corsa-competizione\/#primaryimage","url":"https:\/\/www.gameplayscassi.com.br\/ofertas\/wp-content\/uploads\/2024\/06\/Assetto-Corsa-Competizione.jpg","contentUrl":"https:\/\/www.gameplayscassi.com.br\/ofertas\/wp-content\/uploads\/2024\/06\/Assetto-Corsa-Competizione.jpg","width":1600,"height":740},{"@type":"BreadcrumbList","@id":"https:\/\/www.gameplayscassi.com.br\/ofertas\/produtos\/jogos\/assetto-corsa-competizione\/#breadcrumb","itemListElement":[{"@type":"ListItem","position":1,"name":"In\u00edcio","item":"https:\/\/www.gameplayscassi.com.br\/ofertas\/"},{"@type":"ListItem","position":2,"name":"Produtos","item":"https:\/\/www.gameplayscassi.com.br\/ofertas\/"},{"@type":"ListItem","position":3,"name":"Assetto Corsa Competizione"}]},{"@type":"WebSite","@id":"https:\/\/www.gameplayscassi.com.br\/ofertas\/#website","url":"https:\/\/www.gameplayscassi.com.br\/ofertas\/","name":"Gameplayscassi - Ofertas","description":"As melhores ofertas para voc\u00ea","publisher":{"@id":"https:\/\/www.gameplayscassi.com.br\/ofertas\/#organization"},"potentialAction":[{"@type":"SearchAction","target":{"@type":"EntryPoint","urlTemplate":"https:\/\/www.gameplayscassi.com.br\/ofertas\/?s={search_term_string}"},"query-input":{"@type":"PropertyValueSpecification","valueRequired":true,"valueName":"search_term_string"}}],"inLanguage":"pt-BR"},{"@type":"Organization","@id":"https:\/\/www.gameplayscassi.com.br\/ofertas\/#organization","name":"Gameplayscassi - Ofertas","url":"https:\/\/www.gameplayscassi.com.br\/ofertas\/","logo":{"@type":"ImageObject","inLanguage":"pt-BR","@id":"https:\/\/www.gameplayscassi.com.br\/ofertas\/#\/schema\/logo\/image\/","url":"https:\/\/www.gameplayscassi.com.br\/ofertas\/wp-content\/uploads\/2024\/06\/Gameplayscassi.png","contentUrl":"https:\/\/www.gameplayscassi.com.br\/ofertas\/wp-content\/uploads\/2024\/06\/Gameplayscassi.png","width":544,"height":180,"caption":"Gameplayscassi - Ofertas"},"image":{"@id":"https:\/\/www.gameplayscassi.com.br\/ofertas\/#\/schema\/logo\/image\/"},"sameAs":["https:\/\/www.facebook.com\/GamePlaysCassi\/","https:\/\/x.com\/Gameplayscassi","https:\/\/www.youtube.com\/gameplayscassi","https:\/\/www.instagram.com\/gameplayscassii\/","https:\/\/store.steampowered.com\/curator\/31464556\/","https:\/\/discord.com\/servers\/gameplayscassi-598567071298617354"]}]}},"jetpack_sharing_enabled":true,"_links":{"self":[{"href":"https:\/\/www.gameplayscassi.com.br\/ofertas\/wp-json\/wp\/v2\/product\/73220","targetHints":{"allow":["GET"]}}],"collection":[{"href":"https:\/\/www.gameplayscassi.com.br\/ofertas\/wp-json\/wp\/v2\/product"}],"about":[{"href":"https:\/\/www.gameplayscassi.com.br\/ofertas\/wp-json\/wp\/v2\/types\/product"}],"version-history":[{"count":0,"href":"https:\/\/www.gameplayscassi.com.br\/ofertas\/wp-json\/wp\/v2\/product\/73220\/revisions"}],"wp:featuredmedia":[{"embeddable":true,"href":"https:\/\/www.gameplayscassi.com.br\/ofertas\/wp-json\/wp\/v2\/media\/74236"}],"wp:attachment":[{"href":"https:\/\/www.gameplayscassi.com.br\/ofertas\/wp-json\/wp\/v2\/media?parent=73220"}],"wp:term":[{"taxonomy":"store","embeddable":true,"href":"https:\/\/www.gameplayscassi.com.br\/ofertas\/wp-json\/wp\/v2\/store?post=73220"},{"taxonomy":"product_brand","embeddable":true,"href":"https:\/\/www.gameplayscassi.com.br\/ofertas\/wp-json\/wp\/v2\/product_brand?post=73220"},{"taxonomy":"product_cat","embeddable":true,"href":"https:\/\/www.gameplayscassi.com.br\/ofertas\/wp-json\/wp\/v2\/product_cat?post=73220"},{"taxonomy":"product_tag","embeddable":true,"href":"https:\/\/www.gameplayscassi.com.br\/ofertas\/wp-json\/wp\/v2\/product_tag?post=73220"}],"curies":[{"name":"wp","href":"https:\/\/api.w.org\/{rel}","templated":true}]}}