{"id":73218,"date":"2024-06-15T19:39:25","date_gmt":"2024-06-15T22:39:25","guid":{"rendered":"https:\/\/www.gameplayscassi.com.br\/ofertas\/?post_type=product&#038;p=73218"},"modified":"2026-05-02T04:14:23","modified_gmt":"2026-05-02T07:14:23","slug":"assetto-corsa","status":"publish","type":"product","link":"https:\/\/www.gameplayscassi.com.br\/ofertas\/produtos\/jogos\/assetto-corsa\/","title":{"rendered":"Assetto Corsa"},"content":{"rendered":"<p><strong>SIMULADOR DE CORRIDAS DE \u00daLTIMA GERA\u00c7\u00c3O<\/strong><br \/>\nAssetto Corsa possui um motor gr\u00e1fico DirectX 11 avan\u00e7ado, que reproduz um ambiente imersivo, ilumina\u00e7\u00e3o din\u00e2mica e materiais e superf\u00edcies realistas. O sistema de f\u00edsica avan\u00e7ado \u00e9 projetado para gerar uma experi\u00eancia de dire\u00e7\u00e3o bastante realista, incluindo fun\u00e7\u00f5es e aspectos de carros reais, nunca antes vistos em outros simuladores de corridas. Isso inclui bandas de rodagem, ciclos de resfriamento, degrada\u00e7\u00e3o e vesicula\u00e7\u00e3o, simula\u00e7\u00e3o aerodin\u00e2mica altamente avan\u00e7ada, com partes m\u00f3veis acion\u00e1veis em tempo real por canais de telemetria, sistemas h\u00edbridos de recupera\u00e7\u00e3o cin\u00e9tica e simula\u00e7\u00e3o de recupera\u00e7\u00e3o de energia. Extremamente detalhado, com op\u00e7\u00f5es para um ou diversos jogadores, carros licenciados exclusivos reproduzidos com a maior exatid\u00e3o poss\u00edvel, gra\u00e7as \u00e0 coopera\u00e7\u00e3o oficial com produtoras de ve\u00edculos reais.<br \/>\nASSETTO CORSA foi desenvolvido no KUNOS Simulazioni R&amp;D Office, localizado dentro do circuito internacional de corrida de Vallelunga, o que possibilitou que o jogo fosse desenvolvido conjuntamente com pilotos e equipes de pilotagem reais.<\/p>\n<p><strong>PISTAS LEND\u00c1RIAS<\/strong><br \/>\nOs circuitos foram desenvolvidos usando tecnologia de escaneamento \u00e0 laser, para garantir o maior n\u00edvel de exatid\u00e3o poss\u00edvel ao reproduzir ambientes de corrida veicular reais.<br \/>\nMonza, Silverstone, Imola, Mugello, Spa, Brands Hatch e diversas outras pistas, incluindo uma reprodu\u00e7\u00e3o hist\u00f3rica de Monza, que traz novamente \u00e0 vida a lend\u00e1ria Sopraelevata, a volta de alta velocidade onde corridas ocorriam at\u00e9 1961.<\/p>\n<p><strong>CARROS EXCLUSIVOS<\/strong><br \/>\nO sistema de f\u00edsica de Assetto Corsa \u00e9 inteiramente novo e usa conhecimento pr\u00e1tico obtido ao trabalhar de perto com a elite do automobilismo, de modo a projetar a maior exatid\u00e3o poss\u00edvel de f\u00edsica e tato.<br \/>\nUm sistema de f\u00edsica como esse foi feito para ser usado com conte\u00fado oficialmente licenciado: Abarth, Audi, BMW, Classic Team Lotus, Ferrari, KTM, Lamborghini, Lotus Cars, McLaren, Mercedes, Scuderia Glickenhaus, Pagani, Porsche, Tatuus e muitas outras!<\/p>\n<p><strong>COMPATIBILIDADE DE HARDWARE<\/strong><br \/>\nCurta ASSETTO CORSA usando qualquer tipo de dispositivo de jogo: teclado, controle, joystick ou volantes, incluindo qualquer tipo de sistema profissional e a maioria dos sistemas de detec\u00e7\u00e3o de movimento.<br \/>\nASSETTO CORSA tamb\u00e9m \u00e9 compat\u00edvel e est\u00e1 pronto para ser usado com Oculus e OpenVR\/VIVE, monitores triplos, Track IR e 3D VISION.<\/p>\n<p><strong>JOGO E RECURSOS<\/strong><br \/>\nAssetto Corsa inclui um modo carreira, uma lista de eventos e desafios especiais e exclusivos e modos solo e multijogador totalmente personaliz\u00e1veis, que cont\u00eam corridas r\u00e1pidas, campeonatos personalizados, finais de semana de corridas com sess\u00e3o de pr\u00e1tica, classificat\u00f3rias e corrida inclusas. Corridas de arrancada, desafios de derrapagem e muito mais! Quatro perfis de assist\u00eancia de dire\u00e7\u00e3o (gamer, piloto e pro, al\u00e9m de um perfil totalmente personaliz\u00e1vel) permitem que qualquer tipo de jogador curta a simula\u00e7\u00e3o com o n\u00edvel desejado.<br \/>\nOp\u00e7\u00f5es de configura\u00e7\u00e3o avan\u00e7adas e telemetria para an\u00e1lise de dados; simula\u00e7\u00e3o din\u00e2mica da borracha do pneu em contato com a pista, dependendo da quantidade de voltas; modo com hora do dia ajust\u00e1vel, com c\u00e1lculo de posi\u00e7\u00e3o do sol em tempo real, dependendo das coordenadas geogr\u00e1ficas da pista e de acordo com data e hora do arco solar, de modo a obter as mesmas condi\u00e7\u00f5es de ilumina\u00e7\u00e3o de pistas reais!<\/p>\n<p><strong>MODIFICA\u00c7\u00c3O E PERSONALIZA\u00c7\u00c3O<\/strong><br \/>\nAssetto Corsa permite um n\u00edvel consider\u00e1vel de personaliza\u00e7\u00e3o e modifica\u00e7\u00e3o, de modo a satisfazer as expectativas de corredores de simula\u00e7\u00e3o profissionais, jogadores que preferem abordar a experi\u00eancia de pilotagem mais gradualmente e amadores que desejam nada al\u00e9m de reproduzir e compartilhar seus carros e pistas, aproveitando as mesmas ferramentas de edi\u00e7\u00e3o desenvolvidas e utilizadas pelos desenvolvedores do jogo.<\/p>\n","protected":false},"excerpt":{"rendered":"<p>Confira o menor pre\u00e7o para comprar <strong>Assetto Corsa<\/strong> no PC. Selecionamos apenas as nossas lojas digitais de confian\u00e7a para a compara\u00e7\u00e3o de pre\u00e7os. Voc\u00ea pode comprar a chave do jogo na loja em que estiver com a melhor oferta. Ap\u00f3s realizar a compra, voc\u00ea precisa utilizar o cliente indicado pela loja para ativar e baixar o seu jogo.<\/p>\n","protected":false},"featured_media":74232,"template":"","meta":[],"store":[],"product_brand":[],"product_cat":[25],"product_tag":[702,405,404,716,256,717,124,715,122,26,668,193,527,654,31],"class_list":{"0":"post-73218","1":"product","2":"type-product","3":"status-publish","4":"has-post-thumbnail","6":"product_cat-jogos","7":"product_tag-505-games","8":"product_tag-compartilhamento-em-familia","9":"product_tag-conquistas-steam","10":"product_tag-corrida","11":"product_tag-direcao","12":"product_tag-esportes","13":"product_tag-geforce-now","14":"product_tag-kunos-simulazioni","15":"product_tag-multijogador","16":"product_tag-pc","17":"product_tag-realistico","18":"product_tag-rv","19":"product_tag-simulacao","20":"product_tag-simulador-automobilistico","21":"product_tag-steam","23":"first","24":"instock","25":"sale","26":"purchasable","27":"product-type-simple"},"yoast_head":"<!-- This site is optimized with the Yoast SEO plugin v27.2 - https:\/\/yoast.com\/product\/yoast-seo-wordpress\/ -->\n<title>Assetto Corsa em promo\u00e7\u00e3o para PC<\/title>\n<meta name=\"description\" content=\"Confira o menor pre\u00e7o para comprar Assetto Corsa no PC. Selecionamos apenas as nossas lojas digitais de confian\u00e7a para a compara\u00e7\u00e3o de pre\u00e7os. Voc\u00ea pode comprar a chave do jogo na loja em que estiver com a melhor oferta. Ap\u00f3s realizar a compra, voc\u00ea precisa utilizar o cliente indicado pela loja para ativar e baixar o seu jogo.\" \/>\n<meta name=\"robots\" content=\"index, follow, max-snippet:-1, max-image-preview:large, max-video-preview:-1\" \/>\n<link rel=\"canonical\" href=\"https:\/\/www.gameplayscassi.com.br\/ofertas\/produtos\/jogos\/assetto-corsa\/\" \/>\n<meta property=\"og:locale\" content=\"pt_BR\" \/>\n<meta property=\"og:type\" content=\"article\" \/>\n<meta property=\"og:title\" content=\"Assetto Corsa em promo\u00e7\u00e3o para PC\" \/>\n<meta property=\"og:description\" content=\"Confira o menor pre\u00e7o para comprar Assetto Corsa no PC. Selecionamos apenas as nossas lojas digitais de confian\u00e7a para a compara\u00e7\u00e3o de pre\u00e7os. Voc\u00ea pode comprar a chave do jogo na loja em que estiver com a melhor oferta. Ap\u00f3s realizar a compra, voc\u00ea precisa utilizar o cliente indicado pela loja para ativar e baixar o seu jogo.\" \/>\n<meta property=\"og:url\" content=\"https:\/\/www.gameplayscassi.com.br\/ofertas\/produtos\/jogos\/assetto-corsa\/\" \/>\n<meta property=\"og:site_name\" content=\"Gameplayscassi - Ofertas\" \/>\n<meta property=\"article:publisher\" content=\"https:\/\/www.facebook.com\/GamePlaysCassi\/\" \/>\n<meta property=\"article:modified_time\" content=\"2026-05-02T07:14:23+00:00\" \/>\n<meta property=\"og:image\" content=\"https:\/\/www.gameplayscassi.com.br\/ofertas\/wp-content\/uploads\/2024\/06\/Assetto-Corsa.jpg\" \/>\n\t<meta property=\"og:image:width\" content=\"1600\" \/>\n\t<meta property=\"og:image:height\" content=\"740\" \/>\n\t<meta property=\"og:image:type\" content=\"image\/jpeg\" \/>\n<meta name=\"twitter:card\" content=\"summary_large_image\" \/>\n<meta name=\"twitter:site\" content=\"@Gameplayscassi\" \/>\n<meta name=\"twitter:label1\" content=\"Est. tempo de leitura\" \/>\n\t<meta name=\"twitter:data1\" content=\"4 minutos\" \/>\n<script type=\"application\/ld+json\" class=\"yoast-schema-graph\">{\"@context\":\"https:\/\/schema.org\",\"@graph\":[{\"@type\":\"WebPage\",\"@id\":\"https:\/\/www.gameplayscassi.com.br\/ofertas\/produtos\/jogos\/assetto-corsa\/\",\"url\":\"https:\/\/www.gameplayscassi.com.br\/ofertas\/produtos\/jogos\/assetto-corsa\/\",\"name\":\"Assetto Corsa em promo\u00e7\u00e3o para PC\",\"isPartOf\":{\"@id\":\"https:\/\/www.gameplayscassi.com.br\/ofertas\/#website\"},\"primaryImageOfPage\":{\"@id\":\"https:\/\/www.gameplayscassi.com.br\/ofertas\/produtos\/jogos\/assetto-corsa\/#primaryimage\"},\"image\":{\"@id\":\"https:\/\/www.gameplayscassi.com.br\/ofertas\/produtos\/jogos\/assetto-corsa\/#primaryimage\"},\"thumbnailUrl\":\"https:\/\/www.gameplayscassi.com.br\/ofertas\/wp-content\/uploads\/2024\/06\/Assetto-Corsa.jpg\",\"datePublished\":\"2024-06-15T22:39:25+00:00\",\"dateModified\":\"2026-05-02T07:14:23+00:00\",\"description\":\"Confira o menor pre\u00e7o para comprar Assetto Corsa no PC. Selecionamos apenas as nossas lojas digitais de confian\u00e7a para a compara\u00e7\u00e3o de pre\u00e7os. Voc\u00ea pode comprar a chave do jogo na loja em que estiver com a melhor oferta. Ap\u00f3s realizar a compra, voc\u00ea precisa utilizar o cliente indicado pela loja para ativar e baixar o seu jogo.\",\"breadcrumb\":{\"@id\":\"https:\/\/www.gameplayscassi.com.br\/ofertas\/produtos\/jogos\/assetto-corsa\/#breadcrumb\"},\"inLanguage\":\"pt-BR\",\"potentialAction\":[{\"@type\":\"ReadAction\",\"target\":[\"https:\/\/www.gameplayscassi.com.br\/ofertas\/produtos\/jogos\/assetto-corsa\/\"]}]},{\"@type\":\"ImageObject\",\"inLanguage\":\"pt-BR\",\"@id\":\"https:\/\/www.gameplayscassi.com.br\/ofertas\/produtos\/jogos\/assetto-corsa\/#primaryimage\",\"url\":\"https:\/\/www.gameplayscassi.com.br\/ofertas\/wp-content\/uploads\/2024\/06\/Assetto-Corsa.jpg\",\"contentUrl\":\"https:\/\/www.gameplayscassi.com.br\/ofertas\/wp-content\/uploads\/2024\/06\/Assetto-Corsa.jpg\",\"width\":1600,\"height\":740},{\"@type\":\"BreadcrumbList\",\"@id\":\"https:\/\/www.gameplayscassi.com.br\/ofertas\/produtos\/jogos\/assetto-corsa\/#breadcrumb\",\"itemListElement\":[{\"@type\":\"ListItem\",\"position\":1,\"name\":\"In\u00edcio\",\"item\":\"https:\/\/www.gameplayscassi.com.br\/ofertas\/\"},{\"@type\":\"ListItem\",\"position\":2,\"name\":\"Produtos\",\"item\":\"https:\/\/www.gameplayscassi.com.br\/ofertas\/\"},{\"@type\":\"ListItem\",\"position\":3,\"name\":\"Assetto Corsa\"}]},{\"@type\":\"WebSite\",\"@id\":\"https:\/\/www.gameplayscassi.com.br\/ofertas\/#website\",\"url\":\"https:\/\/www.gameplayscassi.com.br\/ofertas\/\",\"name\":\"Gameplayscassi - Ofertas\",\"description\":\"As melhores ofertas para voc\u00ea\",\"publisher\":{\"@id\":\"https:\/\/www.gameplayscassi.com.br\/ofertas\/#organization\"},\"potentialAction\":[{\"@type\":\"SearchAction\",\"target\":{\"@type\":\"EntryPoint\",\"urlTemplate\":\"https:\/\/www.gameplayscassi.com.br\/ofertas\/?s={search_term_string}\"},\"query-input\":{\"@type\":\"PropertyValueSpecification\",\"valueRequired\":true,\"valueName\":\"search_term_string\"}}],\"inLanguage\":\"pt-BR\"},{\"@type\":\"Organization\",\"@id\":\"https:\/\/www.gameplayscassi.com.br\/ofertas\/#organization\",\"name\":\"Gameplayscassi - Ofertas\",\"url\":\"https:\/\/www.gameplayscassi.com.br\/ofertas\/\",\"logo\":{\"@type\":\"ImageObject\",\"inLanguage\":\"pt-BR\",\"@id\":\"https:\/\/www.gameplayscassi.com.br\/ofertas\/#\/schema\/logo\/image\/\",\"url\":\"https:\/\/www.gameplayscassi.com.br\/ofertas\/wp-content\/uploads\/2024\/06\/Gameplayscassi.png\",\"contentUrl\":\"https:\/\/www.gameplayscassi.com.br\/ofertas\/wp-content\/uploads\/2024\/06\/Gameplayscassi.png\",\"width\":544,\"height\":180,\"caption\":\"Gameplayscassi - Ofertas\"},\"image\":{\"@id\":\"https:\/\/www.gameplayscassi.com.br\/ofertas\/#\/schema\/logo\/image\/\"},\"sameAs\":[\"https:\/\/www.facebook.com\/GamePlaysCassi\/\",\"https:\/\/x.com\/Gameplayscassi\",\"https:\/\/www.youtube.com\/gameplayscassi\",\"https:\/\/www.instagram.com\/gameplayscassii\/\",\"https:\/\/store.steampowered.com\/curator\/31464556\/\",\"https:\/\/discord.com\/servers\/gameplayscassi-598567071298617354\"]}]}<\/script>\n<!-- \/ Yoast SEO plugin. -->","yoast_head_json":{"title":"Assetto Corsa em promo\u00e7\u00e3o para PC","description":"Confira o menor pre\u00e7o para comprar Assetto Corsa no PC. Selecionamos apenas as nossas lojas digitais de confian\u00e7a para a compara\u00e7\u00e3o de pre\u00e7os. Voc\u00ea pode comprar a chave do jogo na loja em que estiver com a melhor oferta. Ap\u00f3s realizar a compra, voc\u00ea precisa utilizar o cliente indicado pela loja para ativar e baixar o seu jogo.","robots":{"index":"index","follow":"follow","max-snippet":"max-snippet:-1","max-image-preview":"max-image-preview:large","max-video-preview":"max-video-preview:-1"},"canonical":"https:\/\/www.gameplayscassi.com.br\/ofertas\/produtos\/jogos\/assetto-corsa\/","og_locale":"pt_BR","og_type":"article","og_title":"Assetto Corsa em promo\u00e7\u00e3o para PC","og_description":"Confira o menor pre\u00e7o para comprar Assetto Corsa no PC. Selecionamos apenas as nossas lojas digitais de confian\u00e7a para a compara\u00e7\u00e3o de pre\u00e7os. Voc\u00ea pode comprar a chave do jogo na loja em que estiver com a melhor oferta. Ap\u00f3s realizar a compra, voc\u00ea precisa utilizar o cliente indicado pela loja para ativar e baixar o seu jogo.","og_url":"https:\/\/www.gameplayscassi.com.br\/ofertas\/produtos\/jogos\/assetto-corsa\/","og_site_name":"Gameplayscassi - Ofertas","article_publisher":"https:\/\/www.facebook.com\/GamePlaysCassi\/","article_modified_time":"2026-05-02T07:14:23+00:00","og_image":[{"width":1600,"height":740,"url":"https:\/\/www.gameplayscassi.com.br\/ofertas\/wp-content\/uploads\/2024\/06\/Assetto-Corsa.jpg","type":"image\/jpeg"}],"twitter_card":"summary_large_image","twitter_site":"@Gameplayscassi","twitter_misc":{"Est. tempo de leitura":"4 minutos"},"schema":{"@context":"https:\/\/schema.org","@graph":[{"@type":"WebPage","@id":"https:\/\/www.gameplayscassi.com.br\/ofertas\/produtos\/jogos\/assetto-corsa\/","url":"https:\/\/www.gameplayscassi.com.br\/ofertas\/produtos\/jogos\/assetto-corsa\/","name":"Assetto Corsa em promo\u00e7\u00e3o para PC","isPartOf":{"@id":"https:\/\/www.gameplayscassi.com.br\/ofertas\/#website"},"primaryImageOfPage":{"@id":"https:\/\/www.gameplayscassi.com.br\/ofertas\/produtos\/jogos\/assetto-corsa\/#primaryimage"},"image":{"@id":"https:\/\/www.gameplayscassi.com.br\/ofertas\/produtos\/jogos\/assetto-corsa\/#primaryimage"},"thumbnailUrl":"https:\/\/www.gameplayscassi.com.br\/ofertas\/wp-content\/uploads\/2024\/06\/Assetto-Corsa.jpg","datePublished":"2024-06-15T22:39:25+00:00","dateModified":"2026-05-02T07:14:23+00:00","description":"Confira o menor pre\u00e7o para comprar Assetto Corsa no PC. Selecionamos apenas as nossas lojas digitais de confian\u00e7a para a compara\u00e7\u00e3o de pre\u00e7os. Voc\u00ea pode comprar a chave do jogo na loja em que estiver com a melhor oferta. Ap\u00f3s realizar a compra, voc\u00ea precisa utilizar o cliente indicado pela loja para ativar e baixar o seu jogo.","breadcrumb":{"@id":"https:\/\/www.gameplayscassi.com.br\/ofertas\/produtos\/jogos\/assetto-corsa\/#breadcrumb"},"inLanguage":"pt-BR","potentialAction":[{"@type":"ReadAction","target":["https:\/\/www.gameplayscassi.com.br\/ofertas\/produtos\/jogos\/assetto-corsa\/"]}]},{"@type":"ImageObject","inLanguage":"pt-BR","@id":"https:\/\/www.gameplayscassi.com.br\/ofertas\/produtos\/jogos\/assetto-corsa\/#primaryimage","url":"https:\/\/www.gameplayscassi.com.br\/ofertas\/wp-content\/uploads\/2024\/06\/Assetto-Corsa.jpg","contentUrl":"https:\/\/www.gameplayscassi.com.br\/ofertas\/wp-content\/uploads\/2024\/06\/Assetto-Corsa.jpg","width":1600,"height":740},{"@type":"BreadcrumbList","@id":"https:\/\/www.gameplayscassi.com.br\/ofertas\/produtos\/jogos\/assetto-corsa\/#breadcrumb","itemListElement":[{"@type":"ListItem","position":1,"name":"In\u00edcio","item":"https:\/\/www.gameplayscassi.com.br\/ofertas\/"},{"@type":"ListItem","position":2,"name":"Produtos","item":"https:\/\/www.gameplayscassi.com.br\/ofertas\/"},{"@type":"ListItem","position":3,"name":"Assetto Corsa"}]},{"@type":"WebSite","@id":"https:\/\/www.gameplayscassi.com.br\/ofertas\/#website","url":"https:\/\/www.gameplayscassi.com.br\/ofertas\/","name":"Gameplayscassi - Ofertas","description":"As melhores ofertas para voc\u00ea","publisher":{"@id":"https:\/\/www.gameplayscassi.com.br\/ofertas\/#organization"},"potentialAction":[{"@type":"SearchAction","target":{"@type":"EntryPoint","urlTemplate":"https:\/\/www.gameplayscassi.com.br\/ofertas\/?s={search_term_string}"},"query-input":{"@type":"PropertyValueSpecification","valueRequired":true,"valueName":"search_term_string"}}],"inLanguage":"pt-BR"},{"@type":"Organization","@id":"https:\/\/www.gameplayscassi.com.br\/ofertas\/#organization","name":"Gameplayscassi - Ofertas","url":"https:\/\/www.gameplayscassi.com.br\/ofertas\/","logo":{"@type":"ImageObject","inLanguage":"pt-BR","@id":"https:\/\/www.gameplayscassi.com.br\/ofertas\/#\/schema\/logo\/image\/","url":"https:\/\/www.gameplayscassi.com.br\/ofertas\/wp-content\/uploads\/2024\/06\/Gameplayscassi.png","contentUrl":"https:\/\/www.gameplayscassi.com.br\/ofertas\/wp-content\/uploads\/2024\/06\/Gameplayscassi.png","width":544,"height":180,"caption":"Gameplayscassi - Ofertas"},"image":{"@id":"https:\/\/www.gameplayscassi.com.br\/ofertas\/#\/schema\/logo\/image\/"},"sameAs":["https:\/\/www.facebook.com\/GamePlaysCassi\/","https:\/\/x.com\/Gameplayscassi","https:\/\/www.youtube.com\/gameplayscassi","https:\/\/www.instagram.com\/gameplayscassii\/","https:\/\/store.steampowered.com\/curator\/31464556\/","https:\/\/discord.com\/servers\/gameplayscassi-598567071298617354"]}]}},"jetpack_sharing_enabled":true,"_links":{"self":[{"href":"https:\/\/www.gameplayscassi.com.br\/ofertas\/wp-json\/wp\/v2\/product\/73218","targetHints":{"allow":["GET"]}}],"collection":[{"href":"https:\/\/www.gameplayscassi.com.br\/ofertas\/wp-json\/wp\/v2\/product"}],"about":[{"href":"https:\/\/www.gameplayscassi.com.br\/ofertas\/wp-json\/wp\/v2\/types\/product"}],"version-history":[{"count":0,"href":"https:\/\/www.gameplayscassi.com.br\/ofertas\/wp-json\/wp\/v2\/product\/73218\/revisions"}],"wp:featuredmedia":[{"embeddable":true,"href":"https:\/\/www.gameplayscassi.com.br\/ofertas\/wp-json\/wp\/v2\/media\/74232"}],"wp:attachment":[{"href":"https:\/\/www.gameplayscassi.com.br\/ofertas\/wp-json\/wp\/v2\/media?parent=73218"}],"wp:term":[{"taxonomy":"store","embeddable":true,"href":"https:\/\/www.gameplayscassi.com.br\/ofertas\/wp-json\/wp\/v2\/store?post=73218"},{"taxonomy":"product_brand","embeddable":true,"href":"https:\/\/www.gameplayscassi.com.br\/ofertas\/wp-json\/wp\/v2\/product_brand?post=73218"},{"taxonomy":"product_cat","embeddable":true,"href":"https:\/\/www.gameplayscassi.com.br\/ofertas\/wp-json\/wp\/v2\/product_cat?post=73218"},{"taxonomy":"product_tag","embeddable":true,"href":"https:\/\/www.gameplayscassi.com.br\/ofertas\/wp-json\/wp\/v2\/product_tag?post=73218"}],"curies":[{"name":"wp","href":"https:\/\/api.w.org\/{rel}","templated":true}]}}