{"id":72994,"date":"2024-06-10T18:48:52","date_gmt":"2024-06-10T21:48:52","guid":{"rendered":"https:\/\/www.gameplayscassi.com.br\/ofertas\/produtos\/sem%20categoria\/l-a-noire-the-vr-case-files\/"},"modified":"2026-05-05T15:54:32","modified_gmt":"2026-05-05T18:54:32","slug":"l-a-noire-the-vr-case-files","status":"publish","type":"product","link":"https:\/\/www.gameplayscassi.com.br\/ofertas\/produtos\/jogos\/l-a-noire-the-vr-case-files\/","title":{"rendered":"L.A. Noire: The VR Case Files"},"content":{"rendered":"<p>Um violento e sombrio suspense policial ambientado na Los Angeles dos anos 40, agora na incr\u00edvel realidade virtual.<\/p>\n<p>L.A. Noire: The VR Case Files coloca voc\u00ea diretamente no papel do detetive Cole Phelps para solucionar crimes brutais, compl\u00f4s e conspira\u00e7\u00f5es inspiradas em casos reais da Los Angeles de 1947, em um dos per\u00edodos de maior corrup\u00e7\u00e3o e viol\u00eancia da hist\u00f3ria da cidade.<\/p>\n<p>Com sete casos recriados especificamente para a realidade virtual, L.A. Noire: The VR Case Files adiciona novas dimens\u00f5es de imers\u00e3o e realismo ao atmosf\u00e9rico suspense policial da Rockstar Games conforme voc\u00ea soluciona casos selecionados do aclamado jogo original, envolvendo mist\u00e9rios relacionados ao tr\u00e1fico de drogas, inc\u00eandios criminosos, homic\u00eddios e muito mais.<\/p>\n<p>\u2022 Procure pistas ao pegar, inspecionar e manipular objetos<br \/>\n\u2022 Assuma o volante e dirija para a pr\u00f3xima cena do crime.<br \/>\n\u2022 Encare persegui\u00e7\u00f5es, brigas corpo a corpo e tiroteios ao ir atr\u00e1s de suspeitos.<br \/>\n\u2022 Fa\u00e7a anota\u00e7\u00f5es ou desenhe livremente em seu caderno de detetive para preparar o seu caso.<br \/>\n\u2022 Interrogue testemunhas e use sua intelig\u00eancia para separar a verdade das mentiras em uma cidade onde todos t\u00eam algo a esconder.<\/p>\n<p>Devido a problemas de desempenho com hardwares da AMD, somente combina\u00e7\u00f5es espec\u00edficas de hardwares da AMD e da NVIDIA\/Intel permitir\u00e3o que o jogo seja corretamente executado:<br \/>\n\u2022 Em caso de uso de uma CPU AMD Ryzen 7, uma placa de v\u00eddeo NVIDIA GeForce GTX 1070 (ou superior) \u00e9 necess\u00e1ria para jogar.<br \/>\n\u2022 Em caso de uso de uma placa de v\u00eddeo AMD Vega 56, uma CPU Intel i7 6700 (ou superior) \u00e9 necess\u00e1ria para jogar.<br \/>\n\u2022 A utiliza\u00e7\u00e3o de uma CPU e de uma GPU da AMD ao mesmo tempo n\u00e3o \u00e9 compat\u00edvel com o jogo no momento.<\/p>\n<p>L.A. Noire: The VR Case Files \u00e9 compat\u00edvel apenas com arquitetura de placa de v\u00eddeo \u00fanica; o jogo n\u00e3o tem suporte a NVIDIA SLI e AMD CrossFire.<\/p>\n<p>Com o decorrer do tempo, modifica\u00e7\u00f5es na programa\u00e7\u00e3o poder\u00e3o alterar os requisitos de sistema deste jogo. Entre em contato com o fabricante do seu equipamento e visite www.rockstargames.com\/support para informa\u00e7\u00f5es de compatibilidade atualizadas. Alguns componentes do sistema, como chipsets m\u00f3veis, integrados e placas AGP podem ser incompat\u00edveis. Especifica\u00e7\u00f5es n\u00e3o listadas tamb\u00e9m podem n\u00e3o ser compat\u00edveis.<\/p>\n<p>Outros requisitos: a instala\u00e7\u00e3o e o jogo requerem uma conta na rede Social Club da Rockstar Games (para maiores de 13 anos); uma conex\u00e3o \u00e0 internet \u00e9 necess\u00e1ria para a ativa\u00e7\u00e3o e verifica\u00e7\u00f5es de autenticidade peri\u00f3dicas; instala\u00e7\u00e3o de softwares necess\u00e1rios, incluindo a plataforma Social Club da Rockstar Games, DirectX 9, DirectX Redistributable Package (junho de 2010), Chromium, Microsoft Visual C++ Redistributable Packages (2012 e 2015) e o software de autentica\u00e7\u00e3o para o reconhecimento de certos atributos de hardware para verifica\u00e7\u00e3o, gerenciamento de direitos digitais, sistema e assist\u00eancia ao cliente.<\/p>\n<p>\u00c9 necess\u00e1rio o uso de um c\u00f3digo de registro de uso \u00fanico via internet; o registro \u00e9 limitado a uma conta do Social Club da Rockstar Games (maiores de 13 anos) por c\u00f3digo de s\u00e9rie; somente uma conta de PC pode ser usada por cada conta do Social Club ao mesmo tempo; c\u00f3digos de s\u00e9rie utilizados s\u00e3o intransfer\u00edveis; contas do Social Club s\u00e3o intransfer\u00edveis.&#8221;<br \/>\n&#8220;Devido a problemas de desempenho com hardwares da AMD, somente combina\u00e7\u00f5es espec\u00edficas de hardwares da AMD e da NVIDIA\/Intel permitir\u00e3o que o jogo seja corretamente executado:<br \/>\n\u2022 Em caso de uso de uma CPU AMD Ryzen 7, uma placa de v\u00eddeo NVIDIA GeForce GTX 1070 (ou superior) \u00e9 necess\u00e1ria para jogar.<br \/>\n\u2022 Em caso de uso de uma placa de v\u00eddeo AMD Vega 56, uma CPU Intel i7 6700 (ou superior) \u00e9 necess\u00e1ria para jogar.<br \/>\n\u2022 A utiliza\u00e7\u00e3o de uma CPU e de uma GPU da AMD ao mesmo tempo n\u00e3o \u00e9 compat\u00edvel com o jogo no momento.<\/p>\n<p>L.A. Noire: The VR Case Files \u00e9 compat\u00edvel apenas com arquitetura de placa de v\u00eddeo \u00fanica; o jogo n\u00e3o tem suporte a NVIDIA SLI e AMD CrossFire.<\/p>\n<p>Com o decorrer do tempo, modifica\u00e7\u00f5es na programa\u00e7\u00e3o poder\u00e3o alterar os requisitos de sistema deste jogo. Entre em contato com o fabricante do seu equipamento e visite www.rockstargames.com\/support para informa\u00e7\u00f5es de compatibilidade atualizadas. Alguns componentes do sistema, como chipsets m\u00f3veis, integrados e placas AGP podem ser incompat\u00edveis. Especifica\u00e7\u00f5es n\u00e3o listadas tamb\u00e9m podem n\u00e3o ser compat\u00edveis.<\/p>\n<p>Outros requisitos: a instala\u00e7\u00e3o e o jogo requerem uma conta na rede Social Club da Rockstar Games (para maiores de 13 anos); uma conex\u00e3o \u00e0 internet \u00e9 necess\u00e1ria para a ativa\u00e7\u00e3o e verifica\u00e7\u00f5es de autenticidade peri\u00f3dicas; instala\u00e7\u00e3o de softwares necess\u00e1rios, incluindo a plataforma Social Club da Rockstar Games, DirectX 9, DirectX Redistributable Package (junho de 2010), Chromium, Microsoft Visual C++ Redistributable Packages (2012 e 2015) e o software de autentica\u00e7\u00e3o para o reconhecimento de certos atributos de hardware para verifica\u00e7\u00e3o, gerenciamento de direitos digitais, sistema e assist\u00eancia ao cliente.<\/p>\n<p>\u00c9 necess\u00e1rio o uso de um c\u00f3digo de registro de uso \u00fanico via internet; o registro \u00e9 limitado a uma conta do Social Club da Rockstar Games (maiores de 13 anos) por c\u00f3digo de s\u00e9rie; somente uma conta de PC pode ser usada por cada conta do Social Club ao mesmo tempo; c\u00f3digos de s\u00e9rie utilizados s\u00e3o intransfer\u00edveis; contas do Social Club s\u00e3o intransfer\u00edveis.<\/p>\n","protected":false},"excerpt":{"rendered":"<p>Confira o menor pre\u00e7o para comprar <strong>L.A. Noire: The VR Case Files<\/strong> no PC. Selecionamos apenas as nossas lojas digitais de confian\u00e7a para a compara\u00e7\u00e3o de pre\u00e7os. Voc\u00ea pode comprar a chave do jogo na loja em que estiver com a melhor oferta. Ap\u00f3s realizar a compra, voc\u00ea precisa utilizar o cliente indicado pela loja para ativar e baixar o seu jogo.<\/p>\n","protected":false},"featured_media":74093,"template":"","meta":[],"store":[],"product_brand":[],"product_cat":[25],"product_tag":[119,125,150,559,126,658,26,30,193,31,147],"class_list":{"0":"post-72994","1":"product","2":"type-product","3":"status-publish","4":"has-post-thumbnail","6":"product_cat-jogos","7":"product_tag-acao","8":"product_tag-aventura","9":"product_tag-detetive","10":"product_tag-investigacao","11":"product_tag-mundo-aberto","12":"product_tag-noir","13":"product_tag-pc","14":"product_tag-rockstar-games","15":"product_tag-rv","16":"product_tag-steam","17":"product_tag-um-jogador","19":"first","20":"instock","21":"purchasable","22":"product-type-simple"},"yoast_head":"<!-- This site is optimized with the Yoast SEO plugin v27.2 - https:\/\/yoast.com\/product\/yoast-seo-wordpress\/ -->\n<title>L.A. Noire: The VR Case Files em promo\u00e7\u00e3o para PC<\/title>\n<meta name=\"description\" content=\"Confira o menor pre\u00e7o para comprar L.A. Noire: The VR Case Files no PC. Selecionamos apenas as nossas lojas digitais de confian\u00e7a para a compara\u00e7\u00e3o de pre\u00e7os. Voc\u00ea pode comprar a chave do jogo na loja em que estiver com a melhor oferta. Ap\u00f3s realizar a compra, voc\u00ea precisa utilizar o cliente indicado pela loja para ativar e baixar o seu jogo.\" \/>\n<meta name=\"robots\" content=\"index, follow, max-snippet:-1, max-image-preview:large, max-video-preview:-1\" \/>\n<link rel=\"canonical\" href=\"https:\/\/www.gameplayscassi.com.br\/ofertas\/produtos\/jogos\/l-a-noire-the-vr-case-files\/\" \/>\n<meta property=\"og:locale\" content=\"pt_BR\" \/>\n<meta property=\"og:type\" content=\"article\" \/>\n<meta property=\"og:title\" content=\"L.A. Noire: The VR Case Files em promo\u00e7\u00e3o para PC\" \/>\n<meta property=\"og:description\" content=\"Confira o menor pre\u00e7o para comprar L.A. Noire: The VR Case Files no PC. Selecionamos apenas as nossas lojas digitais de confian\u00e7a para a compara\u00e7\u00e3o de pre\u00e7os. Voc\u00ea pode comprar a chave do jogo na loja em que estiver com a melhor oferta. Ap\u00f3s realizar a compra, voc\u00ea precisa utilizar o cliente indicado pela loja para ativar e baixar o seu jogo.\" \/>\n<meta property=\"og:url\" content=\"https:\/\/www.gameplayscassi.com.br\/ofertas\/produtos\/jogos\/l-a-noire-the-vr-case-files\/\" \/>\n<meta property=\"og:site_name\" content=\"Gameplayscassi - Ofertas\" \/>\n<meta property=\"article:publisher\" content=\"https:\/\/www.facebook.com\/GamePlaysCassi\/\" \/>\n<meta property=\"article:modified_time\" content=\"2026-05-05T18:54:32+00:00\" \/>\n<meta property=\"og:image\" content=\"https:\/\/www.gameplayscassi.com.br\/ofertas\/wp-content\/uploads\/2024\/06\/L.A.-Noire-The-VR-Case-Files.jpg\" \/>\n\t<meta property=\"og:image:width\" content=\"1600\" \/>\n\t<meta property=\"og:image:height\" content=\"740\" \/>\n\t<meta property=\"og:image:type\" content=\"image\/jpeg\" \/>\n<meta name=\"twitter:card\" content=\"summary_large_image\" \/>\n<meta name=\"twitter:site\" content=\"@Gameplayscassi\" \/>\n<meta name=\"twitter:label1\" content=\"Est. tempo de leitura\" \/>\n\t<meta name=\"twitter:data1\" content=\"5 minutos\" \/>\n<script type=\"application\/ld+json\" class=\"yoast-schema-graph\">{\"@context\":\"https:\/\/schema.org\",\"@graph\":[{\"@type\":\"WebPage\",\"@id\":\"https:\/\/www.gameplayscassi.com.br\/ofertas\/produtos\/jogos\/l-a-noire-the-vr-case-files\/\",\"url\":\"https:\/\/www.gameplayscassi.com.br\/ofertas\/produtos\/jogos\/l-a-noire-the-vr-case-files\/\",\"name\":\"L.A. Noire: The VR Case Files em promo\u00e7\u00e3o para PC\",\"isPartOf\":{\"@id\":\"https:\/\/www.gameplayscassi.com.br\/ofertas\/#website\"},\"primaryImageOfPage\":{\"@id\":\"https:\/\/www.gameplayscassi.com.br\/ofertas\/produtos\/jogos\/l-a-noire-the-vr-case-files\/#primaryimage\"},\"image\":{\"@id\":\"https:\/\/www.gameplayscassi.com.br\/ofertas\/produtos\/jogos\/l-a-noire-the-vr-case-files\/#primaryimage\"},\"thumbnailUrl\":\"https:\/\/www.gameplayscassi.com.br\/ofertas\/wp-content\/uploads\/2024\/06\/L.A.-Noire-The-VR-Case-Files.jpg\",\"datePublished\":\"2024-06-10T21:48:52+00:00\",\"dateModified\":\"2026-05-05T18:54:32+00:00\",\"description\":\"Confira o menor pre\u00e7o para comprar L.A. Noire: The VR Case Files no PC. Selecionamos apenas as nossas lojas digitais de confian\u00e7a para a compara\u00e7\u00e3o de pre\u00e7os. Voc\u00ea pode comprar a chave do jogo na loja em que estiver com a melhor oferta. Ap\u00f3s realizar a compra, voc\u00ea precisa utilizar o cliente indicado pela loja para ativar e baixar o seu jogo.\",\"breadcrumb\":{\"@id\":\"https:\/\/www.gameplayscassi.com.br\/ofertas\/produtos\/jogos\/l-a-noire-the-vr-case-files\/#breadcrumb\"},\"inLanguage\":\"pt-BR\",\"potentialAction\":[{\"@type\":\"ReadAction\",\"target\":[\"https:\/\/www.gameplayscassi.com.br\/ofertas\/produtos\/jogos\/l-a-noire-the-vr-case-files\/\"]}]},{\"@type\":\"ImageObject\",\"inLanguage\":\"pt-BR\",\"@id\":\"https:\/\/www.gameplayscassi.com.br\/ofertas\/produtos\/jogos\/l-a-noire-the-vr-case-files\/#primaryimage\",\"url\":\"https:\/\/www.gameplayscassi.com.br\/ofertas\/wp-content\/uploads\/2024\/06\/L.A.-Noire-The-VR-Case-Files.jpg\",\"contentUrl\":\"https:\/\/www.gameplayscassi.com.br\/ofertas\/wp-content\/uploads\/2024\/06\/L.A.-Noire-The-VR-Case-Files.jpg\",\"width\":1600,\"height\":740},{\"@type\":\"BreadcrumbList\",\"@id\":\"https:\/\/www.gameplayscassi.com.br\/ofertas\/produtos\/jogos\/l-a-noire-the-vr-case-files\/#breadcrumb\",\"itemListElement\":[{\"@type\":\"ListItem\",\"position\":1,\"name\":\"In\u00edcio\",\"item\":\"https:\/\/www.gameplayscassi.com.br\/ofertas\/\"},{\"@type\":\"ListItem\",\"position\":2,\"name\":\"Produtos\",\"item\":\"https:\/\/www.gameplayscassi.com.br\/ofertas\/\"},{\"@type\":\"ListItem\",\"position\":3,\"name\":\"L.A. Noire: The VR Case Files\"}]},{\"@type\":\"WebSite\",\"@id\":\"https:\/\/www.gameplayscassi.com.br\/ofertas\/#website\",\"url\":\"https:\/\/www.gameplayscassi.com.br\/ofertas\/\",\"name\":\"Gameplayscassi - Ofertas\",\"description\":\"As melhores ofertas para voc\u00ea\",\"publisher\":{\"@id\":\"https:\/\/www.gameplayscassi.com.br\/ofertas\/#organization\"},\"potentialAction\":[{\"@type\":\"SearchAction\",\"target\":{\"@type\":\"EntryPoint\",\"urlTemplate\":\"https:\/\/www.gameplayscassi.com.br\/ofertas\/?s={search_term_string}\"},\"query-input\":{\"@type\":\"PropertyValueSpecification\",\"valueRequired\":true,\"valueName\":\"search_term_string\"}}],\"inLanguage\":\"pt-BR\"},{\"@type\":\"Organization\",\"@id\":\"https:\/\/www.gameplayscassi.com.br\/ofertas\/#organization\",\"name\":\"Gameplayscassi - Ofertas\",\"url\":\"https:\/\/www.gameplayscassi.com.br\/ofertas\/\",\"logo\":{\"@type\":\"ImageObject\",\"inLanguage\":\"pt-BR\",\"@id\":\"https:\/\/www.gameplayscassi.com.br\/ofertas\/#\/schema\/logo\/image\/\",\"url\":\"https:\/\/www.gameplayscassi.com.br\/ofertas\/wp-content\/uploads\/2024\/06\/Gameplayscassi.png\",\"contentUrl\":\"https:\/\/www.gameplayscassi.com.br\/ofertas\/wp-content\/uploads\/2024\/06\/Gameplayscassi.png\",\"width\":544,\"height\":180,\"caption\":\"Gameplayscassi - Ofertas\"},\"image\":{\"@id\":\"https:\/\/www.gameplayscassi.com.br\/ofertas\/#\/schema\/logo\/image\/\"},\"sameAs\":[\"https:\/\/www.facebook.com\/GamePlaysCassi\/\",\"https:\/\/x.com\/Gameplayscassi\",\"https:\/\/www.youtube.com\/gameplayscassi\",\"https:\/\/www.instagram.com\/gameplayscassii\/\",\"https:\/\/store.steampowered.com\/curator\/31464556\/\",\"https:\/\/discord.com\/servers\/gameplayscassi-598567071298617354\"]}]}<\/script>\n<!-- \/ Yoast SEO plugin. -->","yoast_head_json":{"title":"L.A. Noire: The VR Case Files em promo\u00e7\u00e3o para PC","description":"Confira o menor pre\u00e7o para comprar L.A. Noire: The VR Case Files no PC. Selecionamos apenas as nossas lojas digitais de confian\u00e7a para a compara\u00e7\u00e3o de pre\u00e7os. Voc\u00ea pode comprar a chave do jogo na loja em que estiver com a melhor oferta. Ap\u00f3s realizar a compra, voc\u00ea precisa utilizar o cliente indicado pela loja para ativar e baixar o seu jogo.","robots":{"index":"index","follow":"follow","max-snippet":"max-snippet:-1","max-image-preview":"max-image-preview:large","max-video-preview":"max-video-preview:-1"},"canonical":"https:\/\/www.gameplayscassi.com.br\/ofertas\/produtos\/jogos\/l-a-noire-the-vr-case-files\/","og_locale":"pt_BR","og_type":"article","og_title":"L.A. Noire: The VR Case Files em promo\u00e7\u00e3o para PC","og_description":"Confira o menor pre\u00e7o para comprar L.A. Noire: The VR Case Files no PC. Selecionamos apenas as nossas lojas digitais de confian\u00e7a para a compara\u00e7\u00e3o de pre\u00e7os. Voc\u00ea pode comprar a chave do jogo na loja em que estiver com a melhor oferta. Ap\u00f3s realizar a compra, voc\u00ea precisa utilizar o cliente indicado pela loja para ativar e baixar o seu jogo.","og_url":"https:\/\/www.gameplayscassi.com.br\/ofertas\/produtos\/jogos\/l-a-noire-the-vr-case-files\/","og_site_name":"Gameplayscassi - Ofertas","article_publisher":"https:\/\/www.facebook.com\/GamePlaysCassi\/","article_modified_time":"2026-05-05T18:54:32+00:00","og_image":[{"width":1600,"height":740,"url":"https:\/\/www.gameplayscassi.com.br\/ofertas\/wp-content\/uploads\/2024\/06\/L.A.-Noire-The-VR-Case-Files.jpg","type":"image\/jpeg"}],"twitter_card":"summary_large_image","twitter_site":"@Gameplayscassi","twitter_misc":{"Est. tempo de leitura":"5 minutos"},"schema":{"@context":"https:\/\/schema.org","@graph":[{"@type":"WebPage","@id":"https:\/\/www.gameplayscassi.com.br\/ofertas\/produtos\/jogos\/l-a-noire-the-vr-case-files\/","url":"https:\/\/www.gameplayscassi.com.br\/ofertas\/produtos\/jogos\/l-a-noire-the-vr-case-files\/","name":"L.A. Noire: The VR Case Files em promo\u00e7\u00e3o para PC","isPartOf":{"@id":"https:\/\/www.gameplayscassi.com.br\/ofertas\/#website"},"primaryImageOfPage":{"@id":"https:\/\/www.gameplayscassi.com.br\/ofertas\/produtos\/jogos\/l-a-noire-the-vr-case-files\/#primaryimage"},"image":{"@id":"https:\/\/www.gameplayscassi.com.br\/ofertas\/produtos\/jogos\/l-a-noire-the-vr-case-files\/#primaryimage"},"thumbnailUrl":"https:\/\/www.gameplayscassi.com.br\/ofertas\/wp-content\/uploads\/2024\/06\/L.A.-Noire-The-VR-Case-Files.jpg","datePublished":"2024-06-10T21:48:52+00:00","dateModified":"2026-05-05T18:54:32+00:00","description":"Confira o menor pre\u00e7o para comprar L.A. Noire: The VR Case Files no PC. Selecionamos apenas as nossas lojas digitais de confian\u00e7a para a compara\u00e7\u00e3o de pre\u00e7os. Voc\u00ea pode comprar a chave do jogo na loja em que estiver com a melhor oferta. Ap\u00f3s realizar a compra, voc\u00ea precisa utilizar o cliente indicado pela loja para ativar e baixar o seu jogo.","breadcrumb":{"@id":"https:\/\/www.gameplayscassi.com.br\/ofertas\/produtos\/jogos\/l-a-noire-the-vr-case-files\/#breadcrumb"},"inLanguage":"pt-BR","potentialAction":[{"@type":"ReadAction","target":["https:\/\/www.gameplayscassi.com.br\/ofertas\/produtos\/jogos\/l-a-noire-the-vr-case-files\/"]}]},{"@type":"ImageObject","inLanguage":"pt-BR","@id":"https:\/\/www.gameplayscassi.com.br\/ofertas\/produtos\/jogos\/l-a-noire-the-vr-case-files\/#primaryimage","url":"https:\/\/www.gameplayscassi.com.br\/ofertas\/wp-content\/uploads\/2024\/06\/L.A.-Noire-The-VR-Case-Files.jpg","contentUrl":"https:\/\/www.gameplayscassi.com.br\/ofertas\/wp-content\/uploads\/2024\/06\/L.A.-Noire-The-VR-Case-Files.jpg","width":1600,"height":740},{"@type":"BreadcrumbList","@id":"https:\/\/www.gameplayscassi.com.br\/ofertas\/produtos\/jogos\/l-a-noire-the-vr-case-files\/#breadcrumb","itemListElement":[{"@type":"ListItem","position":1,"name":"In\u00edcio","item":"https:\/\/www.gameplayscassi.com.br\/ofertas\/"},{"@type":"ListItem","position":2,"name":"Produtos","item":"https:\/\/www.gameplayscassi.com.br\/ofertas\/"},{"@type":"ListItem","position":3,"name":"L.A. Noire: The VR Case Files"}]},{"@type":"WebSite","@id":"https:\/\/www.gameplayscassi.com.br\/ofertas\/#website","url":"https:\/\/www.gameplayscassi.com.br\/ofertas\/","name":"Gameplayscassi - Ofertas","description":"As melhores ofertas para voc\u00ea","publisher":{"@id":"https:\/\/www.gameplayscassi.com.br\/ofertas\/#organization"},"potentialAction":[{"@type":"SearchAction","target":{"@type":"EntryPoint","urlTemplate":"https:\/\/www.gameplayscassi.com.br\/ofertas\/?s={search_term_string}"},"query-input":{"@type":"PropertyValueSpecification","valueRequired":true,"valueName":"search_term_string"}}],"inLanguage":"pt-BR"},{"@type":"Organization","@id":"https:\/\/www.gameplayscassi.com.br\/ofertas\/#organization","name":"Gameplayscassi - Ofertas","url":"https:\/\/www.gameplayscassi.com.br\/ofertas\/","logo":{"@type":"ImageObject","inLanguage":"pt-BR","@id":"https:\/\/www.gameplayscassi.com.br\/ofertas\/#\/schema\/logo\/image\/","url":"https:\/\/www.gameplayscassi.com.br\/ofertas\/wp-content\/uploads\/2024\/06\/Gameplayscassi.png","contentUrl":"https:\/\/www.gameplayscassi.com.br\/ofertas\/wp-content\/uploads\/2024\/06\/Gameplayscassi.png","width":544,"height":180,"caption":"Gameplayscassi - Ofertas"},"image":{"@id":"https:\/\/www.gameplayscassi.com.br\/ofertas\/#\/schema\/logo\/image\/"},"sameAs":["https:\/\/www.facebook.com\/GamePlaysCassi\/","https:\/\/x.com\/Gameplayscassi","https:\/\/www.youtube.com\/gameplayscassi","https:\/\/www.instagram.com\/gameplayscassii\/","https:\/\/store.steampowered.com\/curator\/31464556\/","https:\/\/discord.com\/servers\/gameplayscassi-598567071298617354"]}]}},"jetpack_sharing_enabled":true,"_links":{"self":[{"href":"https:\/\/www.gameplayscassi.com.br\/ofertas\/wp-json\/wp\/v2\/product\/72994","targetHints":{"allow":["GET"]}}],"collection":[{"href":"https:\/\/www.gameplayscassi.com.br\/ofertas\/wp-json\/wp\/v2\/product"}],"about":[{"href":"https:\/\/www.gameplayscassi.com.br\/ofertas\/wp-json\/wp\/v2\/types\/product"}],"version-history":[{"count":0,"href":"https:\/\/www.gameplayscassi.com.br\/ofertas\/wp-json\/wp\/v2\/product\/72994\/revisions"}],"wp:featuredmedia":[{"embeddable":true,"href":"https:\/\/www.gameplayscassi.com.br\/ofertas\/wp-json\/wp\/v2\/media\/74093"}],"wp:attachment":[{"href":"https:\/\/www.gameplayscassi.com.br\/ofertas\/wp-json\/wp\/v2\/media?parent=72994"}],"wp:term":[{"taxonomy":"store","embeddable":true,"href":"https:\/\/www.gameplayscassi.com.br\/ofertas\/wp-json\/wp\/v2\/store?post=72994"},{"taxonomy":"product_brand","embeddable":true,"href":"https:\/\/www.gameplayscassi.com.br\/ofertas\/wp-json\/wp\/v2\/product_brand?post=72994"},{"taxonomy":"product_cat","embeddable":true,"href":"https:\/\/www.gameplayscassi.com.br\/ofertas\/wp-json\/wp\/v2\/product_cat?post=72994"},{"taxonomy":"product_tag","embeddable":true,"href":"https:\/\/www.gameplayscassi.com.br\/ofertas\/wp-json\/wp\/v2\/product_tag?post=72994"}],"curies":[{"name":"wp","href":"https:\/\/api.w.org\/{rel}","templated":true}]}}