{"id":72986,"date":"2024-06-10T18:48:52","date_gmt":"2024-06-10T21:48:52","guid":{"rendered":"https:\/\/www.gameplayscassi.com.br\/ofertas\/produtos\/sem%20categoria\/grand-theft-auto-v\/"},"modified":"2026-05-06T18:04:23","modified_gmt":"2026-05-06T21:04:23","slug":"grand-theft-auto-v","status":"publish","type":"product","link":"https:\/\/www.gameplayscassi.com.br\/ofertas\/produtos\/jogos\/grand-theft-auto-v\/","title":{"rendered":"Grand Theft Auto V Enhanced"},"content":{"rendered":"<div class=\"game_page_autocollapse_ctn expanded\">\n<div id=\"aboutThisGame\" class=\"game_page_autocollapse\" data-panel=\"{&quot;type&quot;:&quot;PanelGroup&quot;}\">\n<div id=\"game_area_description\" class=\"game_area_description\">\n<h2 class=\"bb_tag\">Boas-vindas a Los Santos<\/h2>\n<p class=\"bb_paragraph\">Quando um tratante inexperiente, um ladr\u00e3o de bancos aposentado e um psicopata aterrorizante se envolvem com algumas das figuras mais assustadoras e problem\u00e1ticas do submundo do crime, do governo dos EUA e da ind\u00fastria do entretenimento, eles precisam realizar uma s\u00e9rie de golpes ousados para sobreviver em uma cidade implac\u00e1vel onde n\u00e3o podem confiar em ningu\u00e9m, nem mesmo um no outro.<\/p>\n<p class=\"bb_paragraph\">Os jogadores no PC poder\u00e3o transferir o progresso do Modo Hist\u00f3ria do GTAV e os personagens e progresso atuais do GTA Online com uma migra\u00e7\u00e3o \u00fanica da vers\u00e3o original do GTAV para GTAV Enhanced.<\/p>\n<h2 class=\"bb_tag\">Gr\u00e1ficos deslumbrantes<\/h2>\n<p class=\"bb_paragraph\">Melhorias nos n\u00edveis de fidelidade e desempenho, incluindo novos modos gr\u00e1ficos com recursos de raytracing como oclus\u00e3o do ambiente e ilumina\u00e7\u00e3o global, sombras e reflexos com raytracing, suporte para AMD FSR e NVIDIA DLSS e mais.*<\/p>\n<h2 class=\"bb_tag\">Carregamento mais r\u00e1pido<\/h2>\n<p class=\"bb_paragraph\">Nunca foi t\u00e3o r\u00e1pido carregar o mundo de Los Santos e Blaine County com SSD e DirectStorage em dispositivos compat\u00edveis, possibilitando acesso mais r\u00e1pido \u00e0 a\u00e7\u00e3o.<\/p>\n<h2 class=\"bb_tag\">Controles imersivos<\/h2>\n<p class=\"bb_paragraph\">Sinta novos n\u00edveis de resist\u00eancia din\u00e2mica atrav\u00e9s dos Gatilhos Adapt\u00e1veis no controle sem fio DualSense\u2122: de danos direcionais a efeitos clim\u00e1ticos, superf\u00edcies de estradas irregulares, explos\u00f5es e muito mais.*<\/p>\n<h2 class=\"bb_tag\">\u00c1udio 3D<\/h2>\n<p class=\"bb_paragraph\">\u00c1udio melhorado com suporte para Dolby Atmos e fidelidade aprimorada de falas, cenas e m\u00fasica.* Ou\u00e7a os sons do mundo com o m\u00e1ximo de precis\u00e3o: o ronco do acelerador de um supercarro roubado, os disparos de tiros nas proximidades, o ru\u00eddo de um helic\u00f3ptero sobrevoando e mais.<\/p>\n<h2 class=\"bb_tag\">Grand Theft Auto Online<\/h2>\n<p class=\"bb_paragraph\">Explore GTA Online, um universo online din\u00e2mico em constante evolu\u00e7\u00e3o para at\u00e9 30 jogadores, onde voc\u00ea come\u00e7a como um malandro de rua e pode se tornar o rei do seu pr\u00f3prio imp\u00e9rio do crime.<\/p>\n<p class=\"bb_paragraph\">Aproveite novas melhorias de desempenho em ve\u00edculos e aprimoramentos como a op\u00e7\u00e3o de escolher uma carreira criminal, bem como todas as atualiza\u00e7\u00f5es de jogo, expans\u00f5es e conte\u00fado adicionados desde o lan\u00e7amento do GTA Online prontos para jogar a s\u00f3s ou com amigos. Coopere para realizar Golpes ousados, entre em Corridas Acrob\u00e1ticas cheias de adrenalina, dispute em Modos Advers\u00e1rios exclusivos ou passe um tempo socializando em boates, fliperamas, festas em coberturas, eventos de carros e muito mais.<\/p>\n<h2 class=\"bb_tag\">Conte\u00fado exclusivo<\/h2>\n<p class=\"bb_paragraph\">Passe na Hao\u2019s Special Works no Evento de Carros de Los Santos, que oferece melhorias de elite e modifica\u00e7\u00f5es exclusivas. Depois, acelere com esses ve\u00edculos potentes em Corridas HSW, novos Desafios Contra o Rel\u00f3gio e mais.<\/p>\n<h2 class=\"bb_tag\">Nova sele\u00e7\u00e3o de carreiras<\/h2>\n<p class=\"bb_paragraph\">Comece em GTA Online com o capital em m\u00e3os. Escolha entre um dos quatro neg\u00f3cios \u2013 Motoqueiro, Executivo, Dono de Boate ou Traficante de Armas \u2013 e selecione propriedades, ve\u00edculos potentes e armamento para dar o pontap\u00e9 inicial no seu empreendimento.<\/p>\n<h2 class=\"bb_tag\">Novo design do menu<\/h2>\n<p class=\"bb_paragraph\">Acesse tudo o que GTA Online tem para oferecer diretamente no menu principal, incluindo as atualiza\u00e7\u00f5es mais recentes e populares.<\/p>\n<h2 class=\"bb_tag\">Acesso a todas as atualiza\u00e7\u00f5es recentes e antigas<\/h2>\n<p class=\"bb_paragraph\">Mergulhe em mais de 40 atualiza\u00e7\u00f5es gigantes, al\u00e9m das que ainda est\u00e3o por vir, incluindo desde administrar um centro de opera\u00e7\u00f5es clandestinas em Agents of Sabotage at\u00e9 rastrear e prender Alvos Premium do sul de San Andreas em Bottom Dollar Bounties; expor policiais corruptos e cart\u00e9is assassinos em Invas\u00e3o ao Avi\u00e1rio Cluckin&#8217; Bell e roubos audaciosos dos ve\u00edculos mais cobi\u00e7ados de Los Santos em The Chop Shop. Todas as atualiza\u00e7\u00f5es est\u00e3o dispon\u00edveis com uma ampla variedade de corridas, modos, atividades e espa\u00e7os de socializa\u00e7\u00e3o para voc\u00ea curtir por conta pr\u00f3pria ou com os amigos \u2013 incluindo boates, fliperamas, festas em coberturas, eventos de carros e muito mais.<\/p>\n<\/div>\n<\/div>\n<\/div>\n<div class=\"game_page_autocollapse_ctn\">\n<div class=\"game_page_autocollapse\">\n<div id=\"game_area_content_descriptors\" class=\"game_area_description\"><\/div>\n<\/div>\n<\/div>\n","protected":false},"excerpt":{"rendered":"<p>Confira o menor pre\u00e7o para comprar<strong> Grand Theft Auto V Enhanced<\/strong>\u00a0no PC. Selecionamos apenas as nossas lojas digitais de confian\u00e7a para a compara\u00e7\u00e3o de pre\u00e7os. Voc\u00ea pode comprar a chave do jogo na loja em que estiver com a melhor oferta. Ap\u00f3s realizar a compra, voc\u00ea precisa utilizar o cliente indicado pela loja para ativar e baixar o seu jogo.<\/p>\n","protected":false},"featured_media":74090,"template":"","meta":[],"store":[],"product_brand":[],"product_cat":[25],"product_tag":[119,404,167,122,126,268,26,471,30,650,653,654,146],"class_list":{"0":"post-72986","1":"product","2":"type-product","3":"status-publish","4":"has-post-thumbnail","6":"product_cat-jogos","7":"product_tag-acao","8":"product_tag-conquistas-steam","9":"product_tag-crime","10":"product_tag-multijogador","11":"product_tag-mundo-aberto","12":"product_tag-para-adultos","13":"product_tag-pc","14":"product_tag-primeira-pessoa","15":"product_tag-rockstar-games","16":"product_tag-rockstar-games-launcher","17":"product_tag-rockstar-north","18":"product_tag-simulador-automobilistico","19":"product_tag-terceira-pessoa","21":"first","22":"instock","23":"sale","24":"purchasable","25":"product-type-simple"},"yoast_head":"<!-- This site is optimized with the Yoast SEO plugin v27.2 - https:\/\/yoast.com\/product\/yoast-seo-wordpress\/ -->\n<title>Compre Grand Theft Auto V Enhanced no menor pre\u00e7o com ativa\u00e7\u00e3o no Rockstar Games Launcher<\/title>\n<meta name=\"description\" content=\"Confira o menor pre\u00e7o para comprar Grand Theft Auto V Enhanced\u00a0no PC. Selecionamos apenas as nossas lojas digitais de confian\u00e7a para a compara\u00e7\u00e3o de pre\u00e7os. Voc\u00ea pode comprar a chave do jogo na loja em que estiver com a melhor oferta. Ap\u00f3s realizar a compra, voc\u00ea precisa utilizar o cliente indicado pela loja para ativar e baixar o seu jogo.\" \/>\n<meta name=\"robots\" content=\"index, follow, max-snippet:-1, max-image-preview:large, max-video-preview:-1\" \/>\n<link rel=\"canonical\" href=\"https:\/\/www.gameplayscassi.com.br\/ofertas\/produtos\/jogos\/grand-theft-auto-v\/\" \/>\n<meta property=\"og:locale\" content=\"pt_BR\" \/>\n<meta property=\"og:type\" content=\"article\" \/>\n<meta property=\"og:title\" content=\"Compre Grand Theft Auto V Enhanced no menor pre\u00e7o com ativa\u00e7\u00e3o no Rockstar Games Launcher\" \/>\n<meta property=\"og:description\" content=\"Confira o menor pre\u00e7o para comprar Grand Theft Auto V Enhanced\u00a0no PC. Selecionamos apenas as nossas lojas digitais de confian\u00e7a para a compara\u00e7\u00e3o de pre\u00e7os. Voc\u00ea pode comprar a chave do jogo na loja em que estiver com a melhor oferta. Ap\u00f3s realizar a compra, voc\u00ea precisa utilizar o cliente indicado pela loja para ativar e baixar o seu jogo.\" \/>\n<meta property=\"og:url\" content=\"https:\/\/www.gameplayscassi.com.br\/ofertas\/produtos\/jogos\/grand-theft-auto-v\/\" \/>\n<meta property=\"og:site_name\" content=\"Gameplayscassi - Ofertas\" \/>\n<meta property=\"article:publisher\" content=\"https:\/\/www.facebook.com\/GamePlaysCassi\/\" \/>\n<meta property=\"article:modified_time\" content=\"2026-05-06T21:04:23+00:00\" \/>\n<meta property=\"og:image\" content=\"https:\/\/www.gameplayscassi.com.br\/ofertas\/wp-content\/uploads\/2024\/06\/Grand-Theft-Auto-V.jpg\" \/>\n\t<meta property=\"og:image:width\" content=\"1600\" \/>\n\t<meta property=\"og:image:height\" content=\"740\" \/>\n\t<meta property=\"og:image:type\" content=\"image\/jpeg\" \/>\n<meta name=\"twitter:card\" content=\"summary_large_image\" \/>\n<meta name=\"twitter:site\" content=\"@Gameplayscassi\" \/>\n<meta name=\"twitter:label1\" content=\"Est. tempo de leitura\" \/>\n\t<meta name=\"twitter:data1\" content=\"4 minutos\" \/>\n<script type=\"application\/ld+json\" class=\"yoast-schema-graph\">{\"@context\":\"https:\/\/schema.org\",\"@graph\":[{\"@type\":\"WebPage\",\"@id\":\"https:\/\/www.gameplayscassi.com.br\/ofertas\/produtos\/jogos\/grand-theft-auto-v\/\",\"url\":\"https:\/\/www.gameplayscassi.com.br\/ofertas\/produtos\/jogos\/grand-theft-auto-v\/\",\"name\":\"Compre Grand Theft Auto V Enhanced no menor pre\u00e7o com ativa\u00e7\u00e3o no Rockstar Games Launcher\",\"isPartOf\":{\"@id\":\"https:\/\/www.gameplayscassi.com.br\/ofertas\/#website\"},\"primaryImageOfPage\":{\"@id\":\"https:\/\/www.gameplayscassi.com.br\/ofertas\/produtos\/jogos\/grand-theft-auto-v\/#primaryimage\"},\"image\":{\"@id\":\"https:\/\/www.gameplayscassi.com.br\/ofertas\/produtos\/jogos\/grand-theft-auto-v\/#primaryimage\"},\"thumbnailUrl\":\"https:\/\/www.gameplayscassi.com.br\/ofertas\/wp-content\/uploads\/2024\/06\/Grand-Theft-Auto-V.jpg\",\"datePublished\":\"2024-06-10T21:48:52+00:00\",\"dateModified\":\"2026-05-06T21:04:23+00:00\",\"description\":\"Confira o menor pre\u00e7o para comprar Grand Theft Auto V Enhanced\u00a0no PC. Selecionamos apenas as nossas lojas digitais de confian\u00e7a para a compara\u00e7\u00e3o de pre\u00e7os. Voc\u00ea pode comprar a chave do jogo na loja em que estiver com a melhor oferta. Ap\u00f3s realizar a compra, voc\u00ea precisa utilizar o cliente indicado pela loja para ativar e baixar o seu jogo.\",\"breadcrumb\":{\"@id\":\"https:\/\/www.gameplayscassi.com.br\/ofertas\/produtos\/jogos\/grand-theft-auto-v\/#breadcrumb\"},\"inLanguage\":\"pt-BR\",\"potentialAction\":[{\"@type\":\"ReadAction\",\"target\":[\"https:\/\/www.gameplayscassi.com.br\/ofertas\/produtos\/jogos\/grand-theft-auto-v\/\"]}]},{\"@type\":\"ImageObject\",\"inLanguage\":\"pt-BR\",\"@id\":\"https:\/\/www.gameplayscassi.com.br\/ofertas\/produtos\/jogos\/grand-theft-auto-v\/#primaryimage\",\"url\":\"https:\/\/www.gameplayscassi.com.br\/ofertas\/wp-content\/uploads\/2024\/06\/Grand-Theft-Auto-V.jpg\",\"contentUrl\":\"https:\/\/www.gameplayscassi.com.br\/ofertas\/wp-content\/uploads\/2024\/06\/Grand-Theft-Auto-V.jpg\",\"width\":1600,\"height\":740},{\"@type\":\"BreadcrumbList\",\"@id\":\"https:\/\/www.gameplayscassi.com.br\/ofertas\/produtos\/jogos\/grand-theft-auto-v\/#breadcrumb\",\"itemListElement\":[{\"@type\":\"ListItem\",\"position\":1,\"name\":\"In\u00edcio\",\"item\":\"https:\/\/www.gameplayscassi.com.br\/ofertas\/\"},{\"@type\":\"ListItem\",\"position\":2,\"name\":\"Produtos\",\"item\":\"https:\/\/www.gameplayscassi.com.br\/ofertas\/\"},{\"@type\":\"ListItem\",\"position\":3,\"name\":\"Grand Theft Auto V Enhanced\"}]},{\"@type\":\"WebSite\",\"@id\":\"https:\/\/www.gameplayscassi.com.br\/ofertas\/#website\",\"url\":\"https:\/\/www.gameplayscassi.com.br\/ofertas\/\",\"name\":\"Gameplayscassi - Ofertas\",\"description\":\"As melhores ofertas para voc\u00ea\",\"publisher\":{\"@id\":\"https:\/\/www.gameplayscassi.com.br\/ofertas\/#organization\"},\"potentialAction\":[{\"@type\":\"SearchAction\",\"target\":{\"@type\":\"EntryPoint\",\"urlTemplate\":\"https:\/\/www.gameplayscassi.com.br\/ofertas\/?s={search_term_string}\"},\"query-input\":{\"@type\":\"PropertyValueSpecification\",\"valueRequired\":true,\"valueName\":\"search_term_string\"}}],\"inLanguage\":\"pt-BR\"},{\"@type\":\"Organization\",\"@id\":\"https:\/\/www.gameplayscassi.com.br\/ofertas\/#organization\",\"name\":\"Gameplayscassi - Ofertas\",\"url\":\"https:\/\/www.gameplayscassi.com.br\/ofertas\/\",\"logo\":{\"@type\":\"ImageObject\",\"inLanguage\":\"pt-BR\",\"@id\":\"https:\/\/www.gameplayscassi.com.br\/ofertas\/#\/schema\/logo\/image\/\",\"url\":\"https:\/\/www.gameplayscassi.com.br\/ofertas\/wp-content\/uploads\/2024\/06\/Gameplayscassi.png\",\"contentUrl\":\"https:\/\/www.gameplayscassi.com.br\/ofertas\/wp-content\/uploads\/2024\/06\/Gameplayscassi.png\",\"width\":544,\"height\":180,\"caption\":\"Gameplayscassi - Ofertas\"},\"image\":{\"@id\":\"https:\/\/www.gameplayscassi.com.br\/ofertas\/#\/schema\/logo\/image\/\"},\"sameAs\":[\"https:\/\/www.facebook.com\/GamePlaysCassi\/\",\"https:\/\/x.com\/Gameplayscassi\",\"https:\/\/www.youtube.com\/gameplayscassi\",\"https:\/\/www.instagram.com\/gameplayscassii\/\",\"https:\/\/store.steampowered.com\/curator\/31464556\/\",\"https:\/\/discord.com\/servers\/gameplayscassi-598567071298617354\"]}]}<\/script>\n<!-- \/ Yoast SEO plugin. -->","yoast_head_json":{"title":"Compre Grand Theft Auto V Enhanced no menor pre\u00e7o com ativa\u00e7\u00e3o no Rockstar Games Launcher","description":"Confira o menor pre\u00e7o para comprar Grand Theft Auto V Enhanced\u00a0no PC. Selecionamos apenas as nossas lojas digitais de confian\u00e7a para a compara\u00e7\u00e3o de pre\u00e7os. Voc\u00ea pode comprar a chave do jogo na loja em que estiver com a melhor oferta. Ap\u00f3s realizar a compra, voc\u00ea precisa utilizar o cliente indicado pela loja para ativar e baixar o seu jogo.","robots":{"index":"index","follow":"follow","max-snippet":"max-snippet:-1","max-image-preview":"max-image-preview:large","max-video-preview":"max-video-preview:-1"},"canonical":"https:\/\/www.gameplayscassi.com.br\/ofertas\/produtos\/jogos\/grand-theft-auto-v\/","og_locale":"pt_BR","og_type":"article","og_title":"Compre Grand Theft Auto V Enhanced no menor pre\u00e7o com ativa\u00e7\u00e3o no Rockstar Games Launcher","og_description":"Confira o menor pre\u00e7o para comprar Grand Theft Auto V Enhanced\u00a0no PC. Selecionamos apenas as nossas lojas digitais de confian\u00e7a para a compara\u00e7\u00e3o de pre\u00e7os. Voc\u00ea pode comprar a chave do jogo na loja em que estiver com a melhor oferta. Ap\u00f3s realizar a compra, voc\u00ea precisa utilizar o cliente indicado pela loja para ativar e baixar o seu jogo.","og_url":"https:\/\/www.gameplayscassi.com.br\/ofertas\/produtos\/jogos\/grand-theft-auto-v\/","og_site_name":"Gameplayscassi - Ofertas","article_publisher":"https:\/\/www.facebook.com\/GamePlaysCassi\/","article_modified_time":"2026-05-06T21:04:23+00:00","og_image":[{"width":1600,"height":740,"url":"https:\/\/www.gameplayscassi.com.br\/ofertas\/wp-content\/uploads\/2024\/06\/Grand-Theft-Auto-V.jpg","type":"image\/jpeg"}],"twitter_card":"summary_large_image","twitter_site":"@Gameplayscassi","twitter_misc":{"Est. tempo de leitura":"4 minutos"},"schema":{"@context":"https:\/\/schema.org","@graph":[{"@type":"WebPage","@id":"https:\/\/www.gameplayscassi.com.br\/ofertas\/produtos\/jogos\/grand-theft-auto-v\/","url":"https:\/\/www.gameplayscassi.com.br\/ofertas\/produtos\/jogos\/grand-theft-auto-v\/","name":"Compre Grand Theft Auto V Enhanced no menor pre\u00e7o com ativa\u00e7\u00e3o no Rockstar Games Launcher","isPartOf":{"@id":"https:\/\/www.gameplayscassi.com.br\/ofertas\/#website"},"primaryImageOfPage":{"@id":"https:\/\/www.gameplayscassi.com.br\/ofertas\/produtos\/jogos\/grand-theft-auto-v\/#primaryimage"},"image":{"@id":"https:\/\/www.gameplayscassi.com.br\/ofertas\/produtos\/jogos\/grand-theft-auto-v\/#primaryimage"},"thumbnailUrl":"https:\/\/www.gameplayscassi.com.br\/ofertas\/wp-content\/uploads\/2024\/06\/Grand-Theft-Auto-V.jpg","datePublished":"2024-06-10T21:48:52+00:00","dateModified":"2026-05-06T21:04:23+00:00","description":"Confira o menor pre\u00e7o para comprar Grand Theft Auto V Enhanced\u00a0no PC. Selecionamos apenas as nossas lojas digitais de confian\u00e7a para a compara\u00e7\u00e3o de pre\u00e7os. Voc\u00ea pode comprar a chave do jogo na loja em que estiver com a melhor oferta. Ap\u00f3s realizar a compra, voc\u00ea precisa utilizar o cliente indicado pela loja para ativar e baixar o seu jogo.","breadcrumb":{"@id":"https:\/\/www.gameplayscassi.com.br\/ofertas\/produtos\/jogos\/grand-theft-auto-v\/#breadcrumb"},"inLanguage":"pt-BR","potentialAction":[{"@type":"ReadAction","target":["https:\/\/www.gameplayscassi.com.br\/ofertas\/produtos\/jogos\/grand-theft-auto-v\/"]}]},{"@type":"ImageObject","inLanguage":"pt-BR","@id":"https:\/\/www.gameplayscassi.com.br\/ofertas\/produtos\/jogos\/grand-theft-auto-v\/#primaryimage","url":"https:\/\/www.gameplayscassi.com.br\/ofertas\/wp-content\/uploads\/2024\/06\/Grand-Theft-Auto-V.jpg","contentUrl":"https:\/\/www.gameplayscassi.com.br\/ofertas\/wp-content\/uploads\/2024\/06\/Grand-Theft-Auto-V.jpg","width":1600,"height":740},{"@type":"BreadcrumbList","@id":"https:\/\/www.gameplayscassi.com.br\/ofertas\/produtos\/jogos\/grand-theft-auto-v\/#breadcrumb","itemListElement":[{"@type":"ListItem","position":1,"name":"In\u00edcio","item":"https:\/\/www.gameplayscassi.com.br\/ofertas\/"},{"@type":"ListItem","position":2,"name":"Produtos","item":"https:\/\/www.gameplayscassi.com.br\/ofertas\/"},{"@type":"ListItem","position":3,"name":"Grand Theft Auto V Enhanced"}]},{"@type":"WebSite","@id":"https:\/\/www.gameplayscassi.com.br\/ofertas\/#website","url":"https:\/\/www.gameplayscassi.com.br\/ofertas\/","name":"Gameplayscassi - Ofertas","description":"As melhores ofertas para voc\u00ea","publisher":{"@id":"https:\/\/www.gameplayscassi.com.br\/ofertas\/#organization"},"potentialAction":[{"@type":"SearchAction","target":{"@type":"EntryPoint","urlTemplate":"https:\/\/www.gameplayscassi.com.br\/ofertas\/?s={search_term_string}"},"query-input":{"@type":"PropertyValueSpecification","valueRequired":true,"valueName":"search_term_string"}}],"inLanguage":"pt-BR"},{"@type":"Organization","@id":"https:\/\/www.gameplayscassi.com.br\/ofertas\/#organization","name":"Gameplayscassi - Ofertas","url":"https:\/\/www.gameplayscassi.com.br\/ofertas\/","logo":{"@type":"ImageObject","inLanguage":"pt-BR","@id":"https:\/\/www.gameplayscassi.com.br\/ofertas\/#\/schema\/logo\/image\/","url":"https:\/\/www.gameplayscassi.com.br\/ofertas\/wp-content\/uploads\/2024\/06\/Gameplayscassi.png","contentUrl":"https:\/\/www.gameplayscassi.com.br\/ofertas\/wp-content\/uploads\/2024\/06\/Gameplayscassi.png","width":544,"height":180,"caption":"Gameplayscassi - Ofertas"},"image":{"@id":"https:\/\/www.gameplayscassi.com.br\/ofertas\/#\/schema\/logo\/image\/"},"sameAs":["https:\/\/www.facebook.com\/GamePlaysCassi\/","https:\/\/x.com\/Gameplayscassi","https:\/\/www.youtube.com\/gameplayscassi","https:\/\/www.instagram.com\/gameplayscassii\/","https:\/\/store.steampowered.com\/curator\/31464556\/","https:\/\/discord.com\/servers\/gameplayscassi-598567071298617354"]}]}},"jetpack_sharing_enabled":true,"_links":{"self":[{"href":"https:\/\/www.gameplayscassi.com.br\/ofertas\/wp-json\/wp\/v2\/product\/72986","targetHints":{"allow":["GET"]}}],"collection":[{"href":"https:\/\/www.gameplayscassi.com.br\/ofertas\/wp-json\/wp\/v2\/product"}],"about":[{"href":"https:\/\/www.gameplayscassi.com.br\/ofertas\/wp-json\/wp\/v2\/types\/product"}],"version-history":[{"count":0,"href":"https:\/\/www.gameplayscassi.com.br\/ofertas\/wp-json\/wp\/v2\/product\/72986\/revisions"}],"wp:featuredmedia":[{"embeddable":true,"href":"https:\/\/www.gameplayscassi.com.br\/ofertas\/wp-json\/wp\/v2\/media\/74090"}],"wp:attachment":[{"href":"https:\/\/www.gameplayscassi.com.br\/ofertas\/wp-json\/wp\/v2\/media?parent=72986"}],"wp:term":[{"taxonomy":"store","embeddable":true,"href":"https:\/\/www.gameplayscassi.com.br\/ofertas\/wp-json\/wp\/v2\/store?post=72986"},{"taxonomy":"product_brand","embeddable":true,"href":"https:\/\/www.gameplayscassi.com.br\/ofertas\/wp-json\/wp\/v2\/product_brand?post=72986"},{"taxonomy":"product_cat","embeddable":true,"href":"https:\/\/www.gameplayscassi.com.br\/ofertas\/wp-json\/wp\/v2\/product_cat?post=72986"},{"taxonomy":"product_tag","embeddable":true,"href":"https:\/\/www.gameplayscassi.com.br\/ofertas\/wp-json\/wp\/v2\/product_tag?post=72986"}],"curies":[{"name":"wp","href":"https:\/\/api.w.org\/{rel}","templated":true}]}}