{"id":72955,"date":"2024-05-31T17:49:00","date_gmt":"2024-05-31T20:49:00","guid":{"rendered":"https:\/\/www.gameplayscassi.com.br\/ofertas\/produtos\/sem%20categoria\/god-of-war-ragnarok\/"},"modified":"2026-05-02T04:34:29","modified_gmt":"2026-05-02T07:34:29","slug":"god-of-war-ragnarok","status":"publish","type":"product","link":"https:\/\/www.gameplayscassi.com.br\/ofertas\/produtos\/jogos\/god-of-war-ragnarok\/","title":{"rendered":"God of War Ragnar\u00f6k"},"content":{"rendered":"<div class=\"game_area_description\">\n<h2>EDI\u00c7\u00c3O DIGITAL DE LUXO<\/h2>\n<p>A Edi\u00e7\u00e3o Digital Deluxe inclui:<br \/>\n\u2022 Jogo completo<br \/>\n\u2022 God of War Ragnar\u00f6k: Valhalla<br \/>\n\u2022 Armadura do Valescuro<br \/>\n\u2022 Traje do Valescuro (cosm\u00e9tico)<br \/>\n\u2022 Punho de Machado do Valescuro<br \/>\n\u2022 Cabos das L\u00e2minas do Valescuro<br \/>\n\u2022 Livro de arte digital da Dark Horse<br \/>\n\u2022 Trilha sonora digital oficial<\/p>\n<\/div>\n<div class=\"game_area_description\">\n<h2>OFERTA DE PR\u00c9-VENDA<\/h2>\n<p>B\u00f4nus da pr\u00e9-venda:<br \/>\n\u2022 Armadura da Neve Ressurreta para Kratos*<br \/>\n\u2022 T\u00fanica da Neve Ressurreta para Atreus (cosm\u00e9tico)*<\/p>\n<\/div>\n<h2>SOBRE ESTE JOGO<\/h2>\n<p>A SAGA N\u00d3RDICA CONTINUA<\/p>\n<p data-fetch=\"true\">Do Santa Monica Studio e trazido para PC em parceria com a Jetpack Interactive chega God of War Ragnar\u00f6k, uma jornada \u00e9pica e emocionante que segue Kratos e Atreus enquanto eles lutam para se segurar e se soltar.<\/p>\n<p>A sequ\u00eancia do aclamado God of War (2018), God of War Ragnar\u00f6k come\u00e7a com Fimbulwinter bem encaminhado. Kratos e Atreus devem viajar para cada um dos Nove Reinos em busca de respostas enquanto as for\u00e7as de Odin em Asgard se preparam para uma batalha profetizada que acabar\u00e1 com o mundo.<\/p>\n<p>Ao longo do caminho, eles explorar\u00e3o paisagens m\u00edticas deslumbrantes e enfrentar\u00e3o inimigos tem\u00edveis na forma de deuses e monstros n\u00f3rdicos. \u00c0 medida que a amea\u00e7a do Ragnar\u00f6k se aproxima cada vez mais, Kratos e Atreus devem escolher entre a seguran\u00e7a da sua fam\u00edlia e a seguran\u00e7a dos reinos.<\/p>\n<figure class=\"wp-block-image\"><img decoding=\"async\" class=\" td-animation-stack-type0-2 lazyloaded\" src=\"https:\/\/shared.akamai.steamstatic.com\/store_item_assets\/steam\/apps\/2322010\/extras\/INT9_PC_Thor-Gunslinger_Legal.gif?t=1717109240\" alt=\"\" data-src=\"https:\/\/shared.akamai.steamstatic.com\/store_item_assets\/steam\/apps\/2322010\/extras\/INT9_PC_Thor-Gunslinger_Legal.gif?t=1717109240\" \/><\/figure>\n<h2 class=\"wp-block-heading\"><strong>UM FUTURO, N\u00c3O ESCRITO<\/strong><\/h2>\n<p data-fetch=\"true\">Atreus busca conhecimento para ajud\u00e1-lo a compreender a profecia de \u201cLoki\u201d e estabelecer seu papel no Ragnar\u00f6k. Kratos deve decidir se ficar\u00e1 acorrentado pelo medo de repetir seus erros ou se libertar\u00e1 de seu passado para ser o pai que Atreus precisa.<\/p>\n<figure class=\"wp-block-image\"><img decoding=\"async\" class=\" td-animation-stack-type0-2 lazyloaded\" src=\"https:\/\/shared.akamai.steamstatic.com\/store_item_assets\/steam\/apps\/2322010\/extras\/INT9_PC_SkollHati_Legal__1_.gif?t=1717109240\" alt=\"\" data-src=\"https:\/\/shared.akamai.steamstatic.com\/store_item_assets\/steam\/apps\/2322010\/extras\/INT9_PC_SkollHati_Legal__1_.gif?t=1717109240\" \/><\/figure>\n<h2 class=\"wp-block-heading\"><strong>COMBATE FLUIDO E EXPRESSIVO<\/strong><\/h2>\n<p>O Machado Leviat\u00e3, as L\u00e2minas do Caos e o Escudo Guardi\u00e3o retornam junto com uma s\u00e9rie de novas habilidades para Kratos e Atreus. As habilidades espartanas mortais de Kratos ser\u00e3o testadas como nunca antes enquanto ele luta contra deuses e monstros nos Nove Reinos para proteger sua fam\u00edlia.<\/p>\n<figure class=\"wp-block-image\"><img decoding=\"async\" class=\" td-animation-stack-type0-2 lazyloaded\" src=\"https:\/\/shared.akamai.steamstatic.com\/store_item_assets\/steam\/apps\/2322010\/extras\/INT9_PC_Combat-Montage_Legal-ESRB.gif?t=1717109240\" alt=\"\" data-src=\"https:\/\/shared.akamai.steamstatic.com\/store_item_assets\/steam\/apps\/2322010\/extras\/INT9_PC_Combat-Montage_Legal-ESRB.gif?t=1717109240\" \/><\/figure>\n<h2 class=\"wp-block-heading\"><strong>EXPLORE VASTOS REINOS<\/strong><\/h2>\n<p data-fetch=\"true\">Viaje por paisagens perigosas e deslumbrantes enquanto Kratos e Atreus procuram respostas.<\/p>\n<figure class=\"wp-block-image\"><img decoding=\"async\" class=\"td-animation-stack-type0-2 lazyloaded\" src=\"https:\/\/shared.akamai.steamstatic.com\/store_item_assets\/steam\/apps\/2322010\/extras\/INT9_PC_XPL_Legal.gif?t=1717109240\" alt=\"\" data-src=\"https:\/\/shared.akamai.steamstatic.com\/store_item_assets\/steam\/apps\/2322010\/extras\/INT9_PC_XPL_Legal.gif?t=1717109240\" \/><\/figure>\n<h2 class=\"wp-block-heading\"><strong>DOMINE-SE EM GOD OF WAR RAGNAROK: VALHALLA<\/strong><\/h2>\n<p>Dispon\u00edvel logo no lan\u00e7amento com a compra de God of War Ragnar\u00f6k est\u00e1 o acesso ao DLC God of War Ragnar\u00f6k: Valhalla sem custo adicional!<\/p>\n<figure class=\"wp-block-image\"><img decoding=\"async\" class=\"td-animation-stack-type0-2 lazyloaded\" src=\"https:\/\/shared.akamai.steamstatic.com\/store_item_assets\/steam\/apps\/2322010\/extras\/INT9_PC_Valhalla_Montage.gif?t=1717109240\" alt=\"\" data-src=\"https:\/\/shared.akamai.steamstatic.com\/store_item_assets\/steam\/apps\/2322010\/extras\/INT9_PC_Valhalla_Montage.gif?t=1717109240\" \/><\/figure>\n<p data-fetch=\"true\">Acompanhado apenas por Mimir, Kratos embarca em uma jornada profundamente pessoal e reflexiva que o leva a dominar a mente e o corpo enquanto ele \u00e9 confrontado com os desafios de Valhalla em uma aventura desvendada e reproduz\u00edvel que combina o amado combate de God of War Ragnar\u00f6k com novos elementos inspirados no g\u00eanero roguelite.<\/p>\n<h2 class=\"wp-block-heading\"><strong>UM EP\u00cdLOGO PARA RAGNAR\u00d6K<\/strong><\/h2>\n<p>A jornada de Kratos continua quando ele entra em Valhalla, um novo local na saga n\u00f3rdica God of War. Diante dos ecos de seu passado, ele luta para superar as prova\u00e7\u00f5es dentro de si e trilhar o caminho que lhe foi tra\u00e7ado.<\/p>\n<h2 class=\"wp-block-heading\"><strong>AMADO COMBATE REIMAGINADO<\/strong><\/h2>\n<p data-fetch=\"true\">O amado combate de God of War Ragnar\u00f6k com reviravoltas novas e experimentais inspiradas no g\u00eanero roguelite. Valhalla ir\u00e1 lev\u00e1-lo a dominar diferentes aspectos do arsenal de Kratos durante cada tentativa, enquanto voc\u00ea enfrenta novas combina\u00e7\u00f5es de inimigos e algumas surpresas ao longo do caminho!<\/p>\n<figure class=\"wp-block-image\"><img decoding=\"async\" class=\"td-animation-stack-type0-2 lazyloaded\" src=\"https:\/\/shared.akamai.steamstatic.com\/store_item_assets\/steam\/apps\/2322010\/extras\/INT9_PC_Valhalla-Combat-Montage-SHORT_Legal-ESRB.gif?t=1717109240\" alt=\"\" data-src=\"https:\/\/shared.akamai.steamstatic.com\/store_item_assets\/steam\/apps\/2322010\/extras\/INT9_PC_Valhalla-Combat-Montage-SHORT_Legal-ESRB.gif?t=1717109240\" \/><\/figure>\n<h2 class=\"wp-block-heading\"><strong>LUTAR. APRENDER. CRESCER.<\/strong><\/h2>\n<p>A morte nunca \u00e9 o fim. Kratos ter\u00e1 acesso \u00e0s suas armas, habilidades, escudos e habilidades, mas cada nova tentativa redefinir\u00e1 suas estat\u00edsticas, ataques r\u00fanicos e vantagens. \u00c0 medida que Kratos avan\u00e7a em cada tentativa, voc\u00ea ter\u00e1 op\u00e7\u00f5es de recompensas que o ajudar\u00e3o a se aprofundar nas profundezas misteriosas de Valhalla enquanto constr\u00f3i recursos para atualiza\u00e7\u00f5es persistentes.<\/p>\n<h2 class=\"wp-block-heading\"><strong>RECURSOS DO PC<\/strong><\/h2>\n<p data-fetch=\"true\">Em parceria com a Jetpack Interactive mais uma vez, God of War Ragnar\u00f6k no PC aproveitar\u00e1 o poder da plataforma para oferecer uma experi\u00eancia excepcional.<\/p>\n<h2 class=\"wp-block-heading\"><strong>TAXAS DE QUADROS DESBLOQUEADAS E GR\u00c1FICOS DE ALTA FIDELIDADE<\/strong><\/h2>\n<p>As taxas de quadros desbloqueadas e a op\u00e7\u00e3o de resolu\u00e7\u00e3o 4K real expandem todo o potencial de nossa c\u00e2mera cinematogr\u00e1fica sem cortes enquanto voc\u00ea viaja pelas vistas deslumbrantes dos Nove Reinos.\u00b9<\/p>\n<figure class=\"wp-block-image\"><img decoding=\"async\" class=\"td-animation-stack-type0-2 lazyloaded\" src=\"https:\/\/shared.akamai.steamstatic.com\/store_item_assets\/steam\/apps\/2322010\/extras\/INT9_PC_Mural_Legal_2.gif?t=1717109240\" alt=\"\" data-src=\"https:\/\/shared.akamai.steamstatic.com\/store_item_assets\/steam\/apps\/2322010\/extras\/INT9_PC_Mural_Legal_2.gif?t=1717109240\" \/><\/figure>\n<p>Contemple reflexos, ilumina\u00e7\u00e3o e sombras de maior fidelidade aprimorados, bem como detalhes geom\u00e9tricos aumentados .\u00b2<\/p>\n<h2 class=\"wp-block-heading\"><strong>TECNOLOGIA DE UPCALING<\/strong><\/h2>\n<p data-fetch=\"true\">A integra\u00e7\u00e3o total com NVIDIA RTX\u2122 Deep Learning Super Sampling (DLSS) 3.7, AMD FidelityFX\u2122 Super Resolution (FSR) 3.1 e Intel XeSS (Xe Super Sampling) 1.2 permitir\u00e1 que voc\u00ea alcance configura\u00e7\u00f5es gr\u00e1ficas e resolu\u00e7\u00f5es de sa\u00edda mais altas.<\/p>\n<figure class=\"wp-block-image\"><img decoding=\"async\" class=\"td-animation-stack-type0-2 lazyloaded\" src=\"https:\/\/shared.akamai.steamstatic.com\/store_item_assets\/steam\/apps\/2322010\/extras\/INT9_PC_Thor-Fight_Legal-ESRB.gif?t=1717109240\" alt=\"\" data-src=\"https:\/\/shared.akamai.steamstatic.com\/store_item_assets\/steam\/apps\/2322010\/extras\/INT9_PC_Thor-Fight_Legal-ESRB.gif?t=1717109240\" \/><\/figure>\n<h2 class=\"wp-block-heading\"><strong>SUPORTE NVIDIA\u00ae REFLEX<\/strong><\/h2>\n<p>Utilize a tecnologia NVIDIA Reflex de baixa lat\u00eancia, permitindo que voc\u00ea reaja mais rapidamente e acerte combos mais dif\u00edceis com uma jogabilidade responsiva.\u00b3<\/p>\n<h2 class=\"wp-block-heading\"><strong>SUPORTE SUPER ULTRAWIDE<\/strong><\/h2>\n<p>Aprecie a beleza deslumbrante dos Nove Reinos em tela panor\u00e2mica panor\u00e2mica com suporte para tela ultra-widescreen 21:9 e super ultra-widescreen 32:9!\u00b9<\/p>\n<figure class=\"wp-block-image\"><img decoding=\"async\" class=\"td-animation-stack-type0-2 lazyloaded\" src=\"https:\/\/shared.akamai.steamstatic.com\/store_item_assets\/steam\/apps\/2322010\/extras\/INT9_PC_UWS_Legal.gif?t=1717109240\" alt=\"\" data-src=\"https:\/\/shared.akamai.steamstatic.com\/store_item_assets\/steam\/apps\/2322010\/extras\/INT9_PC_UWS_Legal.gif?t=1717109240\" \/><\/figure>\n<h2 class=\"wp-block-heading\"><strong>PERSONALIZA\u00c7\u00c3O DE CONTROLES<\/strong><\/h2>\n<p data-fetch=\"true\">Jogue do seu jeito. Com suporte para os controladores sem fio DUALSHOCK\u00ae4 e DUALSENSE\u00ae, uma ampla variedade de outros gamepads e liga\u00e7\u00f5es totalmente personaliz\u00e1veis \u200b\u200bpara mouse e teclado, voc\u00ea tem o poder de ajustar cada a\u00e7\u00e3o para combinar com seu estilo de jogo.<\/p>\n<h2 class=\"wp-block-heading\"><strong>FEEDBACK H\u00c1PTICO<\/strong><\/h2>\n<p>Sinta sua jornada pelos reinos n\u00f3rdicos, possibilitada pelo feedback t\u00e1til envolvente e pela funcionalidade de gatilho adapt\u00e1vel.\u00b3<\/p>\n<h2 class=\"wp-block-heading\"><strong>\u00c1UDIO 3D ESPACIAL<\/strong><\/h2>\n<p>Aproveite as vantagens do \u00e1udio 3D espacial de alta precis\u00e3o; ou\u00e7a os inimigos se aproximando de qualquer dire\u00e7\u00e3o, inclusive de cima e de baixo de voc\u00ea.<\/p>\n<p>&#8212;&#8212;&#8211;<br \/>\n1 PC e dispositivo de tela compat\u00edveis exigidos.<br \/>\n2 PC e placa de v\u00eddeo compat\u00edveis exigidos.<br \/>\n3 Controle DualSense\u2122 e conex\u00e3o por cabo exigidos para sentir todos os recursos do controle no jogo.<br \/>\n4 \u00c1udio em 3D por meio de fones de ouvido est\u00e9reo anal\u00f3gicos\/USB.<\/p>\n","protected":false},"excerpt":{"rendered":"<p>Confira o menor pre\u00e7o para comprar <strong>God of War Ragnar\u00f6k<\/strong> no PC. Selecionamos apenas as nossas lojas digitais de confian\u00e7a para a compara\u00e7\u00e3o de pre\u00e7os. Voc\u00ea pode comprar a chave do jogo na loja em que estiver com a melhor oferta. Ap\u00f3s realizar a compra, voc\u00ea precisa utilizar o cliente indicado pela loja para ativar e baixar o seu jogo.<\/p>\n","protected":false},"featured_media":72958,"template":"","meta":[],"store":[],"product_brand":[],"product_cat":[25],"product_tag":[472,119,179,125,393,404,211,26,437,127,178,451,31],"class_list":{"0":"post-72955","1":"product","2":"type-product","3":"status-publish","4":"has-post-thumbnail","6":"product_cat-jogos","7":"product_tag-3d","8":"product_tag-acao","9":"product_tag-acao-aventura","10":"product_tag-aventura","11":"product_tag-cinematografico","12":"product_tag-conquistas-steam","13":"product_tag-hack-and-slash","14":"product_tag-pc","15":"product_tag-playstation-pc-llc","16":"product_tag-rpg","17":"product_tag-rpg-de-acao","18":"product_tag-santa-monica-studio","19":"product_tag-steam","21":"first","22":"instock","23":"sale","24":"purchasable","25":"product-type-simple"},"yoast_head":"<!-- This site is optimized with the Yoast SEO plugin v27.2 - https:\/\/yoast.com\/product\/yoast-seo-wordpress\/ -->\n<title>God of War Ragnar\u00f6k em promo\u00e7\u00e3o para PC<\/title>\n<meta name=\"description\" content=\"Confira o menor pre\u00e7o para comprar God of War Ragnar\u00f6k no PC. Selecionamos apenas as nossas lojas digitais de confian\u00e7a para a compara\u00e7\u00e3o de pre\u00e7os. Voc\u00ea pode comprar a chave do jogo na loja em que estiver com a melhor oferta. Ap\u00f3s realizar a compra, voc\u00ea precisa utilizar o cliente indicado pela loja para ativar e baixar o seu jogo.\" \/>\n<meta name=\"robots\" content=\"index, follow, max-snippet:-1, max-image-preview:large, max-video-preview:-1\" \/>\n<link rel=\"canonical\" href=\"https:\/\/www.gameplayscassi.com.br\/ofertas\/produtos\/jogos\/god-of-war-ragnarok\/\" \/>\n<meta property=\"og:locale\" content=\"pt_BR\" \/>\n<meta property=\"og:type\" content=\"article\" \/>\n<meta property=\"og:title\" content=\"God of War Ragnar\u00f6k em promo\u00e7\u00e3o para PC\" \/>\n<meta property=\"og:description\" content=\"Confira o menor pre\u00e7o para comprar God of War Ragnar\u00f6k no PC. Selecionamos apenas as nossas lojas digitais de confian\u00e7a para a compara\u00e7\u00e3o de pre\u00e7os. Voc\u00ea pode comprar a chave do jogo na loja em que estiver com a melhor oferta. Ap\u00f3s realizar a compra, voc\u00ea precisa utilizar o cliente indicado pela loja para ativar e baixar o seu jogo.\" \/>\n<meta property=\"og:url\" content=\"https:\/\/www.gameplayscassi.com.br\/ofertas\/produtos\/jogos\/god-of-war-ragnarok\/\" \/>\n<meta property=\"og:site_name\" content=\"Gameplayscassi - Ofertas\" \/>\n<meta property=\"article:publisher\" content=\"https:\/\/www.facebook.com\/GamePlaysCassi\/\" \/>\n<meta property=\"article:modified_time\" content=\"2026-05-02T07:34:29+00:00\" \/>\n<meta property=\"og:image\" content=\"https:\/\/www.gameplayscassi.com.br\/ofertas\/wp-content\/uploads\/2024\/05\/God-of-War-Ragnarok.jpeg\" \/>\n\t<meta property=\"og:image:width\" content=\"1600\" \/>\n\t<meta property=\"og:image:height\" content=\"740\" \/>\n\t<meta property=\"og:image:type\" content=\"image\/jpeg\" \/>\n<meta name=\"twitter:card\" content=\"summary_large_image\" \/>\n<meta name=\"twitter:site\" content=\"@Gameplayscassi\" \/>\n<meta name=\"twitter:label1\" content=\"Est. tempo de leitura\" \/>\n\t<meta name=\"twitter:data1\" content=\"7 minutos\" \/>\n<script type=\"application\/ld+json\" class=\"yoast-schema-graph\">{\"@context\":\"https:\/\/schema.org\",\"@graph\":[{\"@type\":\"WebPage\",\"@id\":\"https:\/\/www.gameplayscassi.com.br\/ofertas\/produtos\/jogos\/god-of-war-ragnarok\/\",\"url\":\"https:\/\/www.gameplayscassi.com.br\/ofertas\/produtos\/jogos\/god-of-war-ragnarok\/\",\"name\":\"God of War Ragnar\u00f6k em promo\u00e7\u00e3o para PC\",\"isPartOf\":{\"@id\":\"https:\/\/www.gameplayscassi.com.br\/ofertas\/#website\"},\"primaryImageOfPage\":{\"@id\":\"https:\/\/www.gameplayscassi.com.br\/ofertas\/produtos\/jogos\/god-of-war-ragnarok\/#primaryimage\"},\"image\":{\"@id\":\"https:\/\/www.gameplayscassi.com.br\/ofertas\/produtos\/jogos\/god-of-war-ragnarok\/#primaryimage\"},\"thumbnailUrl\":\"https:\/\/www.gameplayscassi.com.br\/ofertas\/wp-content\/uploads\/2024\/05\/God-of-War-Ragnarok.jpeg\",\"datePublished\":\"2024-05-31T20:49:00+00:00\",\"dateModified\":\"2026-05-02T07:34:29+00:00\",\"description\":\"Confira o menor pre\u00e7o para comprar God of War Ragnar\u00f6k no PC. Selecionamos apenas as nossas lojas digitais de confian\u00e7a para a compara\u00e7\u00e3o de pre\u00e7os. Voc\u00ea pode comprar a chave do jogo na loja em que estiver com a melhor oferta. Ap\u00f3s realizar a compra, voc\u00ea precisa utilizar o cliente indicado pela loja para ativar e baixar o seu jogo.\",\"breadcrumb\":{\"@id\":\"https:\/\/www.gameplayscassi.com.br\/ofertas\/produtos\/jogos\/god-of-war-ragnarok\/#breadcrumb\"},\"inLanguage\":\"pt-BR\",\"potentialAction\":[{\"@type\":\"ReadAction\",\"target\":[\"https:\/\/www.gameplayscassi.com.br\/ofertas\/produtos\/jogos\/god-of-war-ragnarok\/\"]}]},{\"@type\":\"ImageObject\",\"inLanguage\":\"pt-BR\",\"@id\":\"https:\/\/www.gameplayscassi.com.br\/ofertas\/produtos\/jogos\/god-of-war-ragnarok\/#primaryimage\",\"url\":\"https:\/\/www.gameplayscassi.com.br\/ofertas\/wp-content\/uploads\/2024\/05\/God-of-War-Ragnarok.jpeg\",\"contentUrl\":\"https:\/\/www.gameplayscassi.com.br\/ofertas\/wp-content\/uploads\/2024\/05\/God-of-War-Ragnarok.jpeg\",\"width\":1600,\"height\":740},{\"@type\":\"BreadcrumbList\",\"@id\":\"https:\/\/www.gameplayscassi.com.br\/ofertas\/produtos\/jogos\/god-of-war-ragnarok\/#breadcrumb\",\"itemListElement\":[{\"@type\":\"ListItem\",\"position\":1,\"name\":\"In\u00edcio\",\"item\":\"https:\/\/www.gameplayscassi.com.br\/ofertas\/\"},{\"@type\":\"ListItem\",\"position\":2,\"name\":\"Produtos\",\"item\":\"https:\/\/www.gameplayscassi.com.br\/ofertas\/\"},{\"@type\":\"ListItem\",\"position\":3,\"name\":\"God of War Ragnar\u00f6k\"}]},{\"@type\":\"WebSite\",\"@id\":\"https:\/\/www.gameplayscassi.com.br\/ofertas\/#website\",\"url\":\"https:\/\/www.gameplayscassi.com.br\/ofertas\/\",\"name\":\"Gameplayscassi - Ofertas\",\"description\":\"As melhores ofertas para voc\u00ea\",\"publisher\":{\"@id\":\"https:\/\/www.gameplayscassi.com.br\/ofertas\/#organization\"},\"potentialAction\":[{\"@type\":\"SearchAction\",\"target\":{\"@type\":\"EntryPoint\",\"urlTemplate\":\"https:\/\/www.gameplayscassi.com.br\/ofertas\/?s={search_term_string}\"},\"query-input\":{\"@type\":\"PropertyValueSpecification\",\"valueRequired\":true,\"valueName\":\"search_term_string\"}}],\"inLanguage\":\"pt-BR\"},{\"@type\":\"Organization\",\"@id\":\"https:\/\/www.gameplayscassi.com.br\/ofertas\/#organization\",\"name\":\"Gameplayscassi - Ofertas\",\"url\":\"https:\/\/www.gameplayscassi.com.br\/ofertas\/\",\"logo\":{\"@type\":\"ImageObject\",\"inLanguage\":\"pt-BR\",\"@id\":\"https:\/\/www.gameplayscassi.com.br\/ofertas\/#\/schema\/logo\/image\/\",\"url\":\"https:\/\/www.gameplayscassi.com.br\/ofertas\/wp-content\/uploads\/2024\/06\/Gameplayscassi.png\",\"contentUrl\":\"https:\/\/www.gameplayscassi.com.br\/ofertas\/wp-content\/uploads\/2024\/06\/Gameplayscassi.png\",\"width\":544,\"height\":180,\"caption\":\"Gameplayscassi - Ofertas\"},\"image\":{\"@id\":\"https:\/\/www.gameplayscassi.com.br\/ofertas\/#\/schema\/logo\/image\/\"},\"sameAs\":[\"https:\/\/www.facebook.com\/GamePlaysCassi\/\",\"https:\/\/x.com\/Gameplayscassi\",\"https:\/\/www.youtube.com\/gameplayscassi\",\"https:\/\/www.instagram.com\/gameplayscassii\/\",\"https:\/\/store.steampowered.com\/curator\/31464556\/\",\"https:\/\/discord.com\/servers\/gameplayscassi-598567071298617354\"]}]}<\/script>\n<!-- \/ Yoast SEO plugin. -->","yoast_head_json":{"title":"God of War Ragnar\u00f6k em promo\u00e7\u00e3o para PC","description":"Confira o menor pre\u00e7o para comprar God of War Ragnar\u00f6k no PC. Selecionamos apenas as nossas lojas digitais de confian\u00e7a para a compara\u00e7\u00e3o de pre\u00e7os. Voc\u00ea pode comprar a chave do jogo na loja em que estiver com a melhor oferta. Ap\u00f3s realizar a compra, voc\u00ea precisa utilizar o cliente indicado pela loja para ativar e baixar o seu jogo.","robots":{"index":"index","follow":"follow","max-snippet":"max-snippet:-1","max-image-preview":"max-image-preview:large","max-video-preview":"max-video-preview:-1"},"canonical":"https:\/\/www.gameplayscassi.com.br\/ofertas\/produtos\/jogos\/god-of-war-ragnarok\/","og_locale":"pt_BR","og_type":"article","og_title":"God of War Ragnar\u00f6k em promo\u00e7\u00e3o para PC","og_description":"Confira o menor pre\u00e7o para comprar God of War Ragnar\u00f6k no PC. Selecionamos apenas as nossas lojas digitais de confian\u00e7a para a compara\u00e7\u00e3o de pre\u00e7os. Voc\u00ea pode comprar a chave do jogo na loja em que estiver com a melhor oferta. Ap\u00f3s realizar a compra, voc\u00ea precisa utilizar o cliente indicado pela loja para ativar e baixar o seu jogo.","og_url":"https:\/\/www.gameplayscassi.com.br\/ofertas\/produtos\/jogos\/god-of-war-ragnarok\/","og_site_name":"Gameplayscassi - Ofertas","article_publisher":"https:\/\/www.facebook.com\/GamePlaysCassi\/","article_modified_time":"2026-05-02T07:34:29+00:00","og_image":[{"width":1600,"height":740,"url":"https:\/\/www.gameplayscassi.com.br\/ofertas\/wp-content\/uploads\/2024\/05\/God-of-War-Ragnarok.jpeg","type":"image\/jpeg"}],"twitter_card":"summary_large_image","twitter_site":"@Gameplayscassi","twitter_misc":{"Est. tempo de leitura":"7 minutos"},"schema":{"@context":"https:\/\/schema.org","@graph":[{"@type":"WebPage","@id":"https:\/\/www.gameplayscassi.com.br\/ofertas\/produtos\/jogos\/god-of-war-ragnarok\/","url":"https:\/\/www.gameplayscassi.com.br\/ofertas\/produtos\/jogos\/god-of-war-ragnarok\/","name":"God of War Ragnar\u00f6k em promo\u00e7\u00e3o para PC","isPartOf":{"@id":"https:\/\/www.gameplayscassi.com.br\/ofertas\/#website"},"primaryImageOfPage":{"@id":"https:\/\/www.gameplayscassi.com.br\/ofertas\/produtos\/jogos\/god-of-war-ragnarok\/#primaryimage"},"image":{"@id":"https:\/\/www.gameplayscassi.com.br\/ofertas\/produtos\/jogos\/god-of-war-ragnarok\/#primaryimage"},"thumbnailUrl":"https:\/\/www.gameplayscassi.com.br\/ofertas\/wp-content\/uploads\/2024\/05\/God-of-War-Ragnarok.jpeg","datePublished":"2024-05-31T20:49:00+00:00","dateModified":"2026-05-02T07:34:29+00:00","description":"Confira o menor pre\u00e7o para comprar God of War Ragnar\u00f6k no PC. Selecionamos apenas as nossas lojas digitais de confian\u00e7a para a compara\u00e7\u00e3o de pre\u00e7os. Voc\u00ea pode comprar a chave do jogo na loja em que estiver com a melhor oferta. Ap\u00f3s realizar a compra, voc\u00ea precisa utilizar o cliente indicado pela loja para ativar e baixar o seu jogo.","breadcrumb":{"@id":"https:\/\/www.gameplayscassi.com.br\/ofertas\/produtos\/jogos\/god-of-war-ragnarok\/#breadcrumb"},"inLanguage":"pt-BR","potentialAction":[{"@type":"ReadAction","target":["https:\/\/www.gameplayscassi.com.br\/ofertas\/produtos\/jogos\/god-of-war-ragnarok\/"]}]},{"@type":"ImageObject","inLanguage":"pt-BR","@id":"https:\/\/www.gameplayscassi.com.br\/ofertas\/produtos\/jogos\/god-of-war-ragnarok\/#primaryimage","url":"https:\/\/www.gameplayscassi.com.br\/ofertas\/wp-content\/uploads\/2024\/05\/God-of-War-Ragnarok.jpeg","contentUrl":"https:\/\/www.gameplayscassi.com.br\/ofertas\/wp-content\/uploads\/2024\/05\/God-of-War-Ragnarok.jpeg","width":1600,"height":740},{"@type":"BreadcrumbList","@id":"https:\/\/www.gameplayscassi.com.br\/ofertas\/produtos\/jogos\/god-of-war-ragnarok\/#breadcrumb","itemListElement":[{"@type":"ListItem","position":1,"name":"In\u00edcio","item":"https:\/\/www.gameplayscassi.com.br\/ofertas\/"},{"@type":"ListItem","position":2,"name":"Produtos","item":"https:\/\/www.gameplayscassi.com.br\/ofertas\/"},{"@type":"ListItem","position":3,"name":"God of War Ragnar\u00f6k"}]},{"@type":"WebSite","@id":"https:\/\/www.gameplayscassi.com.br\/ofertas\/#website","url":"https:\/\/www.gameplayscassi.com.br\/ofertas\/","name":"Gameplayscassi - Ofertas","description":"As melhores ofertas para voc\u00ea","publisher":{"@id":"https:\/\/www.gameplayscassi.com.br\/ofertas\/#organization"},"potentialAction":[{"@type":"SearchAction","target":{"@type":"EntryPoint","urlTemplate":"https:\/\/www.gameplayscassi.com.br\/ofertas\/?s={search_term_string}"},"query-input":{"@type":"PropertyValueSpecification","valueRequired":true,"valueName":"search_term_string"}}],"inLanguage":"pt-BR"},{"@type":"Organization","@id":"https:\/\/www.gameplayscassi.com.br\/ofertas\/#organization","name":"Gameplayscassi - Ofertas","url":"https:\/\/www.gameplayscassi.com.br\/ofertas\/","logo":{"@type":"ImageObject","inLanguage":"pt-BR","@id":"https:\/\/www.gameplayscassi.com.br\/ofertas\/#\/schema\/logo\/image\/","url":"https:\/\/www.gameplayscassi.com.br\/ofertas\/wp-content\/uploads\/2024\/06\/Gameplayscassi.png","contentUrl":"https:\/\/www.gameplayscassi.com.br\/ofertas\/wp-content\/uploads\/2024\/06\/Gameplayscassi.png","width":544,"height":180,"caption":"Gameplayscassi - Ofertas"},"image":{"@id":"https:\/\/www.gameplayscassi.com.br\/ofertas\/#\/schema\/logo\/image\/"},"sameAs":["https:\/\/www.facebook.com\/GamePlaysCassi\/","https:\/\/x.com\/Gameplayscassi","https:\/\/www.youtube.com\/gameplayscassi","https:\/\/www.instagram.com\/gameplayscassii\/","https:\/\/store.steampowered.com\/curator\/31464556\/","https:\/\/discord.com\/servers\/gameplayscassi-598567071298617354"]}]}},"jetpack_sharing_enabled":true,"_links":{"self":[{"href":"https:\/\/www.gameplayscassi.com.br\/ofertas\/wp-json\/wp\/v2\/product\/72955","targetHints":{"allow":["GET"]}}],"collection":[{"href":"https:\/\/www.gameplayscassi.com.br\/ofertas\/wp-json\/wp\/v2\/product"}],"about":[{"href":"https:\/\/www.gameplayscassi.com.br\/ofertas\/wp-json\/wp\/v2\/types\/product"}],"version-history":[{"count":0,"href":"https:\/\/www.gameplayscassi.com.br\/ofertas\/wp-json\/wp\/v2\/product\/72955\/revisions"}],"wp:featuredmedia":[{"embeddable":true,"href":"https:\/\/www.gameplayscassi.com.br\/ofertas\/wp-json\/wp\/v2\/media\/72958"}],"wp:attachment":[{"href":"https:\/\/www.gameplayscassi.com.br\/ofertas\/wp-json\/wp\/v2\/media?parent=72955"}],"wp:term":[{"taxonomy":"store","embeddable":true,"href":"https:\/\/www.gameplayscassi.com.br\/ofertas\/wp-json\/wp\/v2\/store?post=72955"},{"taxonomy":"product_brand","embeddable":true,"href":"https:\/\/www.gameplayscassi.com.br\/ofertas\/wp-json\/wp\/v2\/product_brand?post=72955"},{"taxonomy":"product_cat","embeddable":true,"href":"https:\/\/www.gameplayscassi.com.br\/ofertas\/wp-json\/wp\/v2\/product_cat?post=72955"},{"taxonomy":"product_tag","embeddable":true,"href":"https:\/\/www.gameplayscassi.com.br\/ofertas\/wp-json\/wp\/v2\/product_tag?post=72955"}],"curies":[{"name":"wp","href":"https:\/\/api.w.org\/{rel}","templated":true}]}}