{"id":72953,"date":"2024-05-31T17:49:00","date_gmt":"2024-05-31T20:49:00","guid":{"rendered":"https:\/\/www.gameplayscassi.com.br\/ofertas\/produtos\/sem%20categoria\/wo-long-fallen-dynasty-complete-edition\/"},"modified":"2026-05-01T19:04:32","modified_gmt":"2026-05-01T22:04:32","slug":"wo-long-fallen-dynasty-complete-edition","status":"publish","type":"product","link":"https:\/\/www.gameplayscassi.com.br\/ofertas\/produtos\/jogos\/wo-long-fallen-dynasty-complete-edition\/","title":{"rendered":"Wo Long: Fallen Dynasty Complete Edition"},"content":{"rendered":"<p><img decoding=\"async\" src=\"https:\/\/shared.akamai.steamstatic.com\/store_item_assets\/steam\/apps\/1448440\/extras\/01story_346.gif?t=1715135291\" \/><\/p>\n<p>Das profundezas da escurid\u00e3o, um drag\u00e3o ergue-se.<\/p>\n<p>Um novo RPG de a\u00e7\u00e3o e fantasia sombria dos Tr\u00eas Reinos da Team NINJA, os criadores de\u00a0<a href=\"https:\/\/store.steampowered.com\/franchise\/KOEITECMO\/list\/76629\/\" target=\"_blank\" rel=\"noopener\">Nioh<\/a>.<\/p>\n<p>184 d.C., Finais da Dinastia Han na China. A terra est\u00e1 mergulhada em caos e destrui\u00e7\u00e3o. A dinastia imperial que prosperou por muitos anos est\u00e1 prestes a colapsar.<\/p>\n<p>Wo Long: Fallen Dynasty \u00e9 a hist\u00f3ria dram\u00e1tica e cheia de a\u00e7\u00e3o de um soldado an\u00f3nimo da mil\u00edcia que luta pela sobreviv\u00eancia, numa vers\u00e3o de fantasia sombria dos Finais da Dinastia Han onde os dem\u00f3nios atormentam os Tr\u00eas Reinos. Vais usar espadas e t\u00e9cnicas baseadas nas artes marciais chinesas para enfrentar criaturas mort\u00edferas e soldados inimigos, ao mesmo tempo que tentas despertar o teu verdadeiro poder interior para superar as adversidades.<\/p>\n<p>Wo Long refere-se a algu\u00e9m com talentos especiais escondidos e tamb\u00e9m a um her\u00f3i ou pessoa de grandeza ainda desconhecida. Esta \u00e9 uma hist\u00f3ria sobre oficiais que ser\u00e3o her\u00f3is, ainda no seu per\u00edodo de &#8220;anonimato&#8221;. \u00c9 tamb\u00e9m a hist\u00f3ria da ascens\u00e3o de um protagonista vindo do nada.<\/p>\n<p><img decoding=\"async\" src=\"https:\/\/shared.akamai.steamstatic.com\/store_item_assets\/steam\/apps\/1448440\/extras\/03action_250.gif?t=1715135291\" \/><\/p>\n<p><strong>Dem\u00f3nios no Reino<\/strong><br \/>\nNesta fantasia sombria passada no ca\u00f3tico per\u00edodo dos Tr\u00eas Reinos, a narrativa conta-te a hist\u00f3ria da intensa luta pela sobreviv\u00eancia de uma soldado de Mil\u00edcia durante a Dinastia Han Posterior, infestada por dem\u00f3nios. A loucura como nunca antes vista nos Tr\u00eas Reinos!<\/p>\n<p><strong>Desperta o teu poder oculto<\/strong><br \/>\nDerrota inimigos mort\u00edferos, refor\u00e7a o teu moral e desperta o poder oculto! Recorre a novas estrat\u00e9gias, incluindo estilos de batalha inspirados nas &#8220;Cinco Fases&#8221;, para superar as adversidades.<\/p>\n<p><strong>Vive pela espada<\/strong><br \/>\nConhecidos pelos seus ataques impiedosos capazes de ditar o desfecho das batalhas, os espadachins que praticam as artes marciais chinesas alternam entre posturas ofensivas e defensivas de forma fluida. Mostra a tua for\u00e7a e aniquila advers\u00e1rios numa s\u00e9rie de batalhas intensas e sangrentas, enquanto ganhas a precis\u00e3o e per\u00edcia necess\u00e1rias para empunhar a espada como um mestre.<\/p>\n<p><strong>V\u00e1rios estilos de jogo com armas e magia.<\/strong><br \/>\n<strong>-Armas<\/strong><br \/>\nTens \u00e0 tua escolha um vasto leque de armas, desde lan\u00e7as a espadas duplas. Descobre qual se adequa ao teu estilo de combate.<br \/>\n<strong>-Magia<\/strong><br \/>\nEsta arte secreta canaliza o poder das Cinco Fases, permitindo usar ataques elementares, como por exemplo de fogo e gelo. Ao alcan\u00e7ar uma Classifica\u00e7\u00e3o de Moral superior, podes obter a habilidade de utilizar Magia ainda mais poderosa.<br \/>\n<strong>-Feras Divinas<\/strong><br \/>\nAs Feras Divinas, como Zhuque e Baihu, s\u00e3o conseguidas atrav\u00e9s de alian\u00e7as com outros guerreiros. Ao invocar estas Feras Divinas, o poder que podes atingir \u00e9 incalcul\u00e1vel.<\/p>\n<p><img decoding=\"async\" src=\"https:\/\/shared.akamai.steamstatic.com\/store_item_assets\/steam\/apps\/1448440\/extras\/06sys_chara_250.gif?t=1715135291\" \/><\/p>\n<p><strong>Cria\u00e7\u00e3o de Personagens<\/strong><br \/>\nA apar\u00eancia do jogador pode ser definida como se quiser.<br \/>\nEscolhe a partir de uma vasta gama de defini\u00e7\u00f5es e usa acess\u00f3rios para criar o teu protagonista \u00fanico.<\/p>\n","protected":false},"excerpt":{"rendered":"<p>Confira o menor pre\u00e7o para comprar<strong> Wo Long: Fallen Dynasty Complete Edition<\/strong> no PC. Selecionamos apenas as nossas lojas digitais de confian\u00e7a para a compara\u00e7\u00e3o de pre\u00e7os. Voc\u00ea pode comprar a chave do jogo na loja em que estiver com a melhor oferta. Ap\u00f3s realizar a compra, voc\u00ea precisa utilizar o cliente indicado pela loja para ativar e baixar o seu jogo.<\/p>\n","protected":false},"featured_media":74084,"template":"","meta":[],"store":[],"product_brand":[],"product_cat":[25],"product_tag":[119,405,404,579,633,211,626,607,406,26,118,127,178,631,31,191],"class_list":{"0":"post-72953","1":"product","2":"type-product","3":"status-publish","4":"has-post-thumbnail","6":"product_cat-jogos","7":"product_tag-acao","8":"product_tag-compartilhamento-em-familia","9":"product_tag-conquistas-steam","10":"product_tag-dificil","11":"product_tag-fantasia-sombria","12":"product_tag-hack-and-slash","13":"product_tag-historico","14":"product_tag-koei-tecmo-games-co-ltd","15":"product_tag-nuvem-steam","16":"product_tag-pc","17":"product_tag-pc-game-pass","18":"product_tag-rpg","19":"product_tag-rpg-de-acao","20":"product_tag-soulslike","21":"product_tag-steam","22":"product_tag-steam-deck","24":"first","25":"instock","26":"sale","27":"purchasable","28":"product-type-simple"},"yoast_head":"<!-- This site is optimized with the Yoast SEO plugin v27.2 - https:\/\/yoast.com\/product\/yoast-seo-wordpress\/ -->\n<title>Wo Long: Fallen Dynasty Complete Edition em promo\u00e7\u00e3o para PC<\/title>\n<meta name=\"description\" content=\"Confira o menor pre\u00e7o para comprar Wo Long: Fallen Dynasty Complete Edition no PC. Selecionamos apenas as nossas lojas digitais de confian\u00e7a para a compara\u00e7\u00e3o de pre\u00e7os. Voc\u00ea pode comprar a chave do jogo na loja em que estiver com a melhor oferta. Ap\u00f3s realizar a compra, voc\u00ea precisa utilizar o cliente indicado pela loja para ativar e baixar o seu jogo.\" \/>\n<meta name=\"robots\" content=\"index, follow, max-snippet:-1, max-image-preview:large, max-video-preview:-1\" \/>\n<link rel=\"canonical\" href=\"https:\/\/www.gameplayscassi.com.br\/ofertas\/produtos\/jogos\/wo-long-fallen-dynasty-complete-edition\/\" \/>\n<meta property=\"og:locale\" content=\"pt_BR\" \/>\n<meta property=\"og:type\" content=\"article\" \/>\n<meta property=\"og:title\" content=\"Wo Long: Fallen Dynasty Complete Edition em promo\u00e7\u00e3o para PC\" \/>\n<meta property=\"og:description\" content=\"Confira o menor pre\u00e7o para comprar Wo Long: Fallen Dynasty Complete Edition no PC. Selecionamos apenas as nossas lojas digitais de confian\u00e7a para a compara\u00e7\u00e3o de pre\u00e7os. Voc\u00ea pode comprar a chave do jogo na loja em que estiver com a melhor oferta. Ap\u00f3s realizar a compra, voc\u00ea precisa utilizar o cliente indicado pela loja para ativar e baixar o seu jogo.\" \/>\n<meta property=\"og:url\" content=\"https:\/\/www.gameplayscassi.com.br\/ofertas\/produtos\/jogos\/wo-long-fallen-dynasty-complete-edition\/\" \/>\n<meta property=\"og:site_name\" content=\"Gameplayscassi - Ofertas\" \/>\n<meta property=\"article:publisher\" content=\"https:\/\/www.facebook.com\/GamePlaysCassi\/\" \/>\n<meta property=\"article:modified_time\" content=\"2026-05-01T22:04:32+00:00\" \/>\n<meta property=\"og:image\" content=\"https:\/\/www.gameplayscassi.com.br\/ofertas\/wp-content\/uploads\/2024\/05\/Wo-Long-Fallen-Dynasty-Complete-Edition.jpg\" \/>\n\t<meta property=\"og:image:width\" content=\"1600\" \/>\n\t<meta property=\"og:image:height\" content=\"740\" \/>\n\t<meta property=\"og:image:type\" content=\"image\/jpeg\" \/>\n<meta name=\"twitter:card\" content=\"summary_large_image\" \/>\n<meta name=\"twitter:site\" content=\"@Gameplayscassi\" \/>\n<meta name=\"twitter:label1\" content=\"Est. tempo de leitura\" \/>\n\t<meta name=\"twitter:data1\" content=\"4 minutos\" \/>\n<script type=\"application\/ld+json\" class=\"yoast-schema-graph\">{\"@context\":\"https:\/\/schema.org\",\"@graph\":[{\"@type\":\"WebPage\",\"@id\":\"https:\/\/www.gameplayscassi.com.br\/ofertas\/produtos\/jogos\/wo-long-fallen-dynasty-complete-edition\/\",\"url\":\"https:\/\/www.gameplayscassi.com.br\/ofertas\/produtos\/jogos\/wo-long-fallen-dynasty-complete-edition\/\",\"name\":\"Wo Long: Fallen Dynasty Complete Edition em promo\u00e7\u00e3o para PC\",\"isPartOf\":{\"@id\":\"https:\/\/www.gameplayscassi.com.br\/ofertas\/#website\"},\"primaryImageOfPage\":{\"@id\":\"https:\/\/www.gameplayscassi.com.br\/ofertas\/produtos\/jogos\/wo-long-fallen-dynasty-complete-edition\/#primaryimage\"},\"image\":{\"@id\":\"https:\/\/www.gameplayscassi.com.br\/ofertas\/produtos\/jogos\/wo-long-fallen-dynasty-complete-edition\/#primaryimage\"},\"thumbnailUrl\":\"https:\/\/www.gameplayscassi.com.br\/ofertas\/wp-content\/uploads\/2024\/05\/Wo-Long-Fallen-Dynasty-Complete-Edition.jpg\",\"datePublished\":\"2024-05-31T20:49:00+00:00\",\"dateModified\":\"2026-05-01T22:04:32+00:00\",\"description\":\"Confira o menor pre\u00e7o para comprar Wo Long: Fallen Dynasty Complete Edition no PC. Selecionamos apenas as nossas lojas digitais de confian\u00e7a para a compara\u00e7\u00e3o de pre\u00e7os. Voc\u00ea pode comprar a chave do jogo na loja em que estiver com a melhor oferta. Ap\u00f3s realizar a compra, voc\u00ea precisa utilizar o cliente indicado pela loja para ativar e baixar o seu jogo.\",\"breadcrumb\":{\"@id\":\"https:\/\/www.gameplayscassi.com.br\/ofertas\/produtos\/jogos\/wo-long-fallen-dynasty-complete-edition\/#breadcrumb\"},\"inLanguage\":\"pt-BR\",\"potentialAction\":[{\"@type\":\"ReadAction\",\"target\":[\"https:\/\/www.gameplayscassi.com.br\/ofertas\/produtos\/jogos\/wo-long-fallen-dynasty-complete-edition\/\"]}]},{\"@type\":\"ImageObject\",\"inLanguage\":\"pt-BR\",\"@id\":\"https:\/\/www.gameplayscassi.com.br\/ofertas\/produtos\/jogos\/wo-long-fallen-dynasty-complete-edition\/#primaryimage\",\"url\":\"https:\/\/www.gameplayscassi.com.br\/ofertas\/wp-content\/uploads\/2024\/05\/Wo-Long-Fallen-Dynasty-Complete-Edition.jpg\",\"contentUrl\":\"https:\/\/www.gameplayscassi.com.br\/ofertas\/wp-content\/uploads\/2024\/05\/Wo-Long-Fallen-Dynasty-Complete-Edition.jpg\",\"width\":1600,\"height\":740},{\"@type\":\"BreadcrumbList\",\"@id\":\"https:\/\/www.gameplayscassi.com.br\/ofertas\/produtos\/jogos\/wo-long-fallen-dynasty-complete-edition\/#breadcrumb\",\"itemListElement\":[{\"@type\":\"ListItem\",\"position\":1,\"name\":\"In\u00edcio\",\"item\":\"https:\/\/www.gameplayscassi.com.br\/ofertas\/\"},{\"@type\":\"ListItem\",\"position\":2,\"name\":\"Produtos\",\"item\":\"https:\/\/www.gameplayscassi.com.br\/ofertas\/\"},{\"@type\":\"ListItem\",\"position\":3,\"name\":\"Wo Long: Fallen Dynasty Complete Edition\"}]},{\"@type\":\"WebSite\",\"@id\":\"https:\/\/www.gameplayscassi.com.br\/ofertas\/#website\",\"url\":\"https:\/\/www.gameplayscassi.com.br\/ofertas\/\",\"name\":\"Gameplayscassi - Ofertas\",\"description\":\"As melhores ofertas para voc\u00ea\",\"publisher\":{\"@id\":\"https:\/\/www.gameplayscassi.com.br\/ofertas\/#organization\"},\"potentialAction\":[{\"@type\":\"SearchAction\",\"target\":{\"@type\":\"EntryPoint\",\"urlTemplate\":\"https:\/\/www.gameplayscassi.com.br\/ofertas\/?s={search_term_string}\"},\"query-input\":{\"@type\":\"PropertyValueSpecification\",\"valueRequired\":true,\"valueName\":\"search_term_string\"}}],\"inLanguage\":\"pt-BR\"},{\"@type\":\"Organization\",\"@id\":\"https:\/\/www.gameplayscassi.com.br\/ofertas\/#organization\",\"name\":\"Gameplayscassi - Ofertas\",\"url\":\"https:\/\/www.gameplayscassi.com.br\/ofertas\/\",\"logo\":{\"@type\":\"ImageObject\",\"inLanguage\":\"pt-BR\",\"@id\":\"https:\/\/www.gameplayscassi.com.br\/ofertas\/#\/schema\/logo\/image\/\",\"url\":\"https:\/\/www.gameplayscassi.com.br\/ofertas\/wp-content\/uploads\/2024\/06\/Gameplayscassi.png\",\"contentUrl\":\"https:\/\/www.gameplayscassi.com.br\/ofertas\/wp-content\/uploads\/2024\/06\/Gameplayscassi.png\",\"width\":544,\"height\":180,\"caption\":\"Gameplayscassi - Ofertas\"},\"image\":{\"@id\":\"https:\/\/www.gameplayscassi.com.br\/ofertas\/#\/schema\/logo\/image\/\"},\"sameAs\":[\"https:\/\/www.facebook.com\/GamePlaysCassi\/\",\"https:\/\/x.com\/Gameplayscassi\",\"https:\/\/www.youtube.com\/gameplayscassi\",\"https:\/\/www.instagram.com\/gameplayscassii\/\",\"https:\/\/store.steampowered.com\/curator\/31464556\/\",\"https:\/\/discord.com\/servers\/gameplayscassi-598567071298617354\"]}]}<\/script>\n<!-- \/ Yoast SEO plugin. -->","yoast_head_json":{"title":"Wo Long: Fallen Dynasty Complete Edition em promo\u00e7\u00e3o para PC","description":"Confira o menor pre\u00e7o para comprar Wo Long: Fallen Dynasty Complete Edition no PC. Selecionamos apenas as nossas lojas digitais de confian\u00e7a para a compara\u00e7\u00e3o de pre\u00e7os. Voc\u00ea pode comprar a chave do jogo na loja em que estiver com a melhor oferta. Ap\u00f3s realizar a compra, voc\u00ea precisa utilizar o cliente indicado pela loja para ativar e baixar o seu jogo.","robots":{"index":"index","follow":"follow","max-snippet":"max-snippet:-1","max-image-preview":"max-image-preview:large","max-video-preview":"max-video-preview:-1"},"canonical":"https:\/\/www.gameplayscassi.com.br\/ofertas\/produtos\/jogos\/wo-long-fallen-dynasty-complete-edition\/","og_locale":"pt_BR","og_type":"article","og_title":"Wo Long: Fallen Dynasty Complete Edition em promo\u00e7\u00e3o para PC","og_description":"Confira o menor pre\u00e7o para comprar Wo Long: Fallen Dynasty Complete Edition no PC. Selecionamos apenas as nossas lojas digitais de confian\u00e7a para a compara\u00e7\u00e3o de pre\u00e7os. Voc\u00ea pode comprar a chave do jogo na loja em que estiver com a melhor oferta. Ap\u00f3s realizar a compra, voc\u00ea precisa utilizar o cliente indicado pela loja para ativar e baixar o seu jogo.","og_url":"https:\/\/www.gameplayscassi.com.br\/ofertas\/produtos\/jogos\/wo-long-fallen-dynasty-complete-edition\/","og_site_name":"Gameplayscassi - Ofertas","article_publisher":"https:\/\/www.facebook.com\/GamePlaysCassi\/","article_modified_time":"2026-05-01T22:04:32+00:00","og_image":[{"width":1600,"height":740,"url":"https:\/\/www.gameplayscassi.com.br\/ofertas\/wp-content\/uploads\/2024\/05\/Wo-Long-Fallen-Dynasty-Complete-Edition.jpg","type":"image\/jpeg"}],"twitter_card":"summary_large_image","twitter_site":"@Gameplayscassi","twitter_misc":{"Est. tempo de leitura":"4 minutos"},"schema":{"@context":"https:\/\/schema.org","@graph":[{"@type":"WebPage","@id":"https:\/\/www.gameplayscassi.com.br\/ofertas\/produtos\/jogos\/wo-long-fallen-dynasty-complete-edition\/","url":"https:\/\/www.gameplayscassi.com.br\/ofertas\/produtos\/jogos\/wo-long-fallen-dynasty-complete-edition\/","name":"Wo Long: Fallen Dynasty Complete Edition em promo\u00e7\u00e3o para PC","isPartOf":{"@id":"https:\/\/www.gameplayscassi.com.br\/ofertas\/#website"},"primaryImageOfPage":{"@id":"https:\/\/www.gameplayscassi.com.br\/ofertas\/produtos\/jogos\/wo-long-fallen-dynasty-complete-edition\/#primaryimage"},"image":{"@id":"https:\/\/www.gameplayscassi.com.br\/ofertas\/produtos\/jogos\/wo-long-fallen-dynasty-complete-edition\/#primaryimage"},"thumbnailUrl":"https:\/\/www.gameplayscassi.com.br\/ofertas\/wp-content\/uploads\/2024\/05\/Wo-Long-Fallen-Dynasty-Complete-Edition.jpg","datePublished":"2024-05-31T20:49:00+00:00","dateModified":"2026-05-01T22:04:32+00:00","description":"Confira o menor pre\u00e7o para comprar Wo Long: Fallen Dynasty Complete Edition no PC. Selecionamos apenas as nossas lojas digitais de confian\u00e7a para a compara\u00e7\u00e3o de pre\u00e7os. Voc\u00ea pode comprar a chave do jogo na loja em que estiver com a melhor oferta. Ap\u00f3s realizar a compra, voc\u00ea precisa utilizar o cliente indicado pela loja para ativar e baixar o seu jogo.","breadcrumb":{"@id":"https:\/\/www.gameplayscassi.com.br\/ofertas\/produtos\/jogos\/wo-long-fallen-dynasty-complete-edition\/#breadcrumb"},"inLanguage":"pt-BR","potentialAction":[{"@type":"ReadAction","target":["https:\/\/www.gameplayscassi.com.br\/ofertas\/produtos\/jogos\/wo-long-fallen-dynasty-complete-edition\/"]}]},{"@type":"ImageObject","inLanguage":"pt-BR","@id":"https:\/\/www.gameplayscassi.com.br\/ofertas\/produtos\/jogos\/wo-long-fallen-dynasty-complete-edition\/#primaryimage","url":"https:\/\/www.gameplayscassi.com.br\/ofertas\/wp-content\/uploads\/2024\/05\/Wo-Long-Fallen-Dynasty-Complete-Edition.jpg","contentUrl":"https:\/\/www.gameplayscassi.com.br\/ofertas\/wp-content\/uploads\/2024\/05\/Wo-Long-Fallen-Dynasty-Complete-Edition.jpg","width":1600,"height":740},{"@type":"BreadcrumbList","@id":"https:\/\/www.gameplayscassi.com.br\/ofertas\/produtos\/jogos\/wo-long-fallen-dynasty-complete-edition\/#breadcrumb","itemListElement":[{"@type":"ListItem","position":1,"name":"In\u00edcio","item":"https:\/\/www.gameplayscassi.com.br\/ofertas\/"},{"@type":"ListItem","position":2,"name":"Produtos","item":"https:\/\/www.gameplayscassi.com.br\/ofertas\/"},{"@type":"ListItem","position":3,"name":"Wo Long: Fallen Dynasty Complete Edition"}]},{"@type":"WebSite","@id":"https:\/\/www.gameplayscassi.com.br\/ofertas\/#website","url":"https:\/\/www.gameplayscassi.com.br\/ofertas\/","name":"Gameplayscassi - Ofertas","description":"As melhores ofertas para voc\u00ea","publisher":{"@id":"https:\/\/www.gameplayscassi.com.br\/ofertas\/#organization"},"potentialAction":[{"@type":"SearchAction","target":{"@type":"EntryPoint","urlTemplate":"https:\/\/www.gameplayscassi.com.br\/ofertas\/?s={search_term_string}"},"query-input":{"@type":"PropertyValueSpecification","valueRequired":true,"valueName":"search_term_string"}}],"inLanguage":"pt-BR"},{"@type":"Organization","@id":"https:\/\/www.gameplayscassi.com.br\/ofertas\/#organization","name":"Gameplayscassi - Ofertas","url":"https:\/\/www.gameplayscassi.com.br\/ofertas\/","logo":{"@type":"ImageObject","inLanguage":"pt-BR","@id":"https:\/\/www.gameplayscassi.com.br\/ofertas\/#\/schema\/logo\/image\/","url":"https:\/\/www.gameplayscassi.com.br\/ofertas\/wp-content\/uploads\/2024\/06\/Gameplayscassi.png","contentUrl":"https:\/\/www.gameplayscassi.com.br\/ofertas\/wp-content\/uploads\/2024\/06\/Gameplayscassi.png","width":544,"height":180,"caption":"Gameplayscassi - Ofertas"},"image":{"@id":"https:\/\/www.gameplayscassi.com.br\/ofertas\/#\/schema\/logo\/image\/"},"sameAs":["https:\/\/www.facebook.com\/GamePlaysCassi\/","https:\/\/x.com\/Gameplayscassi","https:\/\/www.youtube.com\/gameplayscassi","https:\/\/www.instagram.com\/gameplayscassii\/","https:\/\/store.steampowered.com\/curator\/31464556\/","https:\/\/discord.com\/servers\/gameplayscassi-598567071298617354"]}]}},"jetpack_sharing_enabled":true,"_links":{"self":[{"href":"https:\/\/www.gameplayscassi.com.br\/ofertas\/wp-json\/wp\/v2\/product\/72953","targetHints":{"allow":["GET"]}}],"collection":[{"href":"https:\/\/www.gameplayscassi.com.br\/ofertas\/wp-json\/wp\/v2\/product"}],"about":[{"href":"https:\/\/www.gameplayscassi.com.br\/ofertas\/wp-json\/wp\/v2\/types\/product"}],"version-history":[{"count":0,"href":"https:\/\/www.gameplayscassi.com.br\/ofertas\/wp-json\/wp\/v2\/product\/72953\/revisions"}],"wp:featuredmedia":[{"embeddable":true,"href":"https:\/\/www.gameplayscassi.com.br\/ofertas\/wp-json\/wp\/v2\/media\/74084"}],"wp:attachment":[{"href":"https:\/\/www.gameplayscassi.com.br\/ofertas\/wp-json\/wp\/v2\/media?parent=72953"}],"wp:term":[{"taxonomy":"store","embeddable":true,"href":"https:\/\/www.gameplayscassi.com.br\/ofertas\/wp-json\/wp\/v2\/store?post=72953"},{"taxonomy":"product_brand","embeddable":true,"href":"https:\/\/www.gameplayscassi.com.br\/ofertas\/wp-json\/wp\/v2\/product_brand?post=72953"},{"taxonomy":"product_cat","embeddable":true,"href":"https:\/\/www.gameplayscassi.com.br\/ofertas\/wp-json\/wp\/v2\/product_cat?post=72953"},{"taxonomy":"product_tag","embeddable":true,"href":"https:\/\/www.gameplayscassi.com.br\/ofertas\/wp-json\/wp\/v2\/product_tag?post=72953"}],"curies":[{"name":"wp","href":"https:\/\/api.w.org\/{rel}","templated":true}]}}