{"id":72939,"date":"2024-05-31T17:49:00","date_gmt":"2024-05-31T20:49:00","guid":{"rendered":"https:\/\/www.gameplayscassi.com.br\/ofertas\/produtos\/sem%20categoria\/fatal-frame-project-zero-maiden-of-black-water\/"},"modified":"2026-05-06T15:54:37","modified_gmt":"2026-05-06T18:54:37","slug":"fatal-frame-project-zero-maiden-of-black-water","status":"publish","type":"product","link":"https:\/\/www.gameplayscassi.com.br\/ofertas\/produtos\/jogos\/fatal-frame-project-zero-maiden-of-black-water\/","title":{"rendered":"FATAL FRAME \/ PROJECT ZERO: Maiden of Black Water"},"content":{"rendered":"<div class=\"game_page_autocollapse_ctn expanded\">\n<div id=\"aboutThisGame\" class=\"game_page_autocollapse\" data-panel=\"{&quot;type&quot;:&quot;PanelGroup&quot;}\">\n<div id=\"game_area_description\" class=\"game_area_description\">\n<p>\u201cFATAL FRAME \/ PROJECT ZERO: Maiden of Black Water\u201d chega pela primeira vez ao Steam para comemorar o 20.\u00ba anivers\u00e1rio da s\u00e9rie de aventura\/terror FATAL FRAME \/ PROJECT ZERO.<\/p>\n<h2 class=\"bb_tag\">[A Hist\u00f3ria]<\/h2>\n<p>O Mt. Hikami foi outrora respeitado como local espiritual.<br \/>\nEra o local de uma religi\u00e3o \u00fanica com base em cren\u00e7as e costumes de venerar a \u00e1gua como entidade divina. Diz-se que ocorreram muitos incidentes e fen\u00f3menos misteriosos neste local.<br \/>\nA hist\u00f3ria misteriosa e interligada segue tr\u00eas protagonistas,Yuri Kozukata, Miu Hinasaki e Ren Hojo, enquanto exploram o sinistro Mt. Hikami, local onde ocorreram muitas mortes, e os segredos que o mesmo esconde.<\/p>\n<p><img decoding=\"async\" src=\"https:\/\/shared.akamai.steamstatic.com\/store_item_assets\/steam\/apps\/1732190\/extras\/10.png?t=1711000016\" \/><\/p>\n<h2 class=\"bb_tag\">[Jogabilidade]<\/h2>\n<p>Os jogadores usam a Camera Obscura, uma c\u00e2mara especial que repele os fantasmas sedentos de vingan\u00e7a e impede os seus poderes, para explorarem o Mt. Hikami e os in\u00fameros incidentes que l\u00e1 ocorreram no passado.<br \/>\nA hist\u00f3ria est\u00e1 dividida por miss\u00f5es e cada uma tem protagonistas diferentes.<br \/>\nPara al\u00e9m de impedir os esp\u00edritos malignos de te atacarem, a Camera Obscura pode ser usada para revelar outras coisas que n\u00e3o podem ser vistas a olho nu e ajudar-te a recuperar itens perdidos.<\/p>\n<p><img decoding=\"async\" src=\"https:\/\/shared.akamai.steamstatic.com\/store_item_assets\/steam\/apps\/1732190\/extras\/13.jpg?t=1711000016\" \/><\/p>\n<h2 class=\"bb_tag\">[Novo Elementos]<\/h2>\n<p>&#8211; Resolu\u00e7\u00e3o de ecr\u00e3 melhorada<br \/>\n&#8211; Novos visuais e acess\u00f3rios<br \/>\n&#8211; Novo Snap Mode para personagens e esp\u00edritos posarem de forma criativa<br \/>\n&#8211; Ghost List atualizada<br \/>\n&#8211; Controlos atualizados<br \/>\ne muito mais.<\/p>\n<p><img decoding=\"async\" src=\"https:\/\/shared.akamai.steamstatic.com\/store_item_assets\/steam\/apps\/1732190\/extras\/15.jpg?t=1711000016\" \/><\/p>\n<h2 class=\"bb_tag\">[P\u00f3s-Jogo: depois de terminar a hist\u00f3ria\u2026]<\/h2>\n<p>Desbloqueia miss\u00f5es especiais onde podes jogar como Ayane, uma personagem da s\u00e9rie NINJA GAIDEN.<\/p>\n<p>A miss\u00e3o secreta do cap\u00edtulo Ayane pode ser jogada quando todas as sec\u00e7\u00f5es da hist\u00f3ria principal de \u201cFirst Drop\u201d a \u201cLast Drop\u201d forem conclu\u00eddas. A personagem principal Ayane \u00e9 uma Kunoichi da seita Hajinmon do cl\u00e3 Mugen Tenshin. Em contraste a Yuri e Miu, ela n\u00e3o consegue usar a Camera Obscura. Contudo, ela consegue dar uso total \u00e0s suas habilidades ninjas e \u00e9 ex\u00edmia na escurid\u00e3o da noite. Ela consegue evitar ser vista e esquivar-se de fantasmas para cumprir a sua miss\u00e3o. Desfruta de uma jogabilidade renovada por este cap\u00edtulo \u00fanico.<\/p>\n<p><img decoding=\"async\" src=\"https:\/\/shared.akamai.steamstatic.com\/store_item_assets\/steam\/apps\/1732190\/extras\/gif_EN.gif?t=1711000016\" \/><\/p>\n<p>Nota: Tamb\u00e9m se encontra dispon\u00edvel para compra &#8220;FATAL FRAME \/ PROJECT ZERO: Maiden of Black Water Digital Deluxe Edition,&#8221; que inclui o jogo base e conte\u00fado b\u00f3nus. Evita comprar o mesmo conte\u00fado v\u00e1rias vezes.<\/p>\n<\/div>\n<\/div>\n<\/div>\n<div class=\"game_page_autocollapse_ctn\">\n<div class=\"game_page_autocollapse\">\n<div id=\"game_area_content_descriptors\" class=\"game_area_description\">\n<h2>DESCRI\u00c7\u00c3O DO CONTE\u00daDO AD<\/h2>\n<\/div>\n<\/div>\n<\/div>\n","protected":false},"excerpt":{"rendered":"<p>Confira o menor pre\u00e7o para comprar <strong>FATAL FRAME \/ PROJECT ZERO: Maiden of Black Water<\/strong> no PC. Selecionamos apenas as nossas lojas digitais de confian\u00e7a para a compara\u00e7\u00e3o de pre\u00e7os. Voc\u00ea pode comprar a chave do jogo na loja em que estiver com a melhor oferta. Ap\u00f3s realizar a compra, voc\u00ea precisa utilizar o cliente indicado pela loja para ativar e baixar o seu jogo.<\/p>\n","protected":false},"featured_media":73871,"template":"","meta":[],"store":[],"product_brand":[],"product_cat":[25],"product_tag":[405,404,534,607,504,629,406,268,26,460,31,195,428,147],"class_list":{"0":"post-72939","1":"product","2":"type-product","3":"status-publish","4":"has-post-thumbnail","6":"product_cat-jogos","7":"product_tag-compartilhamento-em-familia","8":"product_tag-conquistas-steam","9":"product_tag-conteudo-sexual","10":"product_tag-koei-tecmo-games-co-ltd","11":"product_tag-misterio","12":"product_tag-nudez","13":"product_tag-nuvem-steam","14":"product_tag-para-adultos","15":"product_tag-pc","16":"product_tag-protagonista-mulher","17":"product_tag-steam","18":"product_tag-terror","19":"product_tag-terror-psicologico","20":"product_tag-um-jogador","22":"first","23":"instock","24":"sale","25":"purchasable","26":"product-type-simple"},"yoast_head":"<!-- This site is optimized with the Yoast SEO plugin v27.2 - https:\/\/yoast.com\/product\/yoast-seo-wordpress\/ -->\n<title>FATAL FRAME \/ PROJECT ZERO: Maiden of Black Water em promo\u00e7\u00e3o para PC<\/title>\n<meta name=\"description\" content=\"Confira o menor pre\u00e7o para comprar FATAL FRAME \/ PROJECT ZERO: Maiden of Black Water no PC. Selecionamos apenas as nossas lojas digitais de confian\u00e7a para a compara\u00e7\u00e3o de pre\u00e7os. Voc\u00ea pode comprar a chave do jogo na loja em que estiver com a melhor oferta. Ap\u00f3s realizar a compra, voc\u00ea precisa utilizar o cliente indicado pela loja para ativar e baixar o seu jogo.\" \/>\n<meta name=\"robots\" content=\"index, follow, max-snippet:-1, max-image-preview:large, max-video-preview:-1\" \/>\n<link rel=\"canonical\" href=\"https:\/\/www.gameplayscassi.com.br\/ofertas\/produtos\/jogos\/fatal-frame-project-zero-maiden-of-black-water\/\" \/>\n<meta property=\"og:locale\" content=\"pt_BR\" \/>\n<meta property=\"og:type\" content=\"article\" \/>\n<meta property=\"og:title\" content=\"FATAL FRAME \/ PROJECT ZERO: Maiden of Black Water em promo\u00e7\u00e3o para PC\" \/>\n<meta property=\"og:description\" content=\"Confira o menor pre\u00e7o para comprar FATAL FRAME \/ PROJECT ZERO: Maiden of Black Water no PC. Selecionamos apenas as nossas lojas digitais de confian\u00e7a para a compara\u00e7\u00e3o de pre\u00e7os. Voc\u00ea pode comprar a chave do jogo na loja em que estiver com a melhor oferta. Ap\u00f3s realizar a compra, voc\u00ea precisa utilizar o cliente indicado pela loja para ativar e baixar o seu jogo.\" \/>\n<meta property=\"og:url\" content=\"https:\/\/www.gameplayscassi.com.br\/ofertas\/produtos\/jogos\/fatal-frame-project-zero-maiden-of-black-water\/\" \/>\n<meta property=\"og:site_name\" content=\"Gameplayscassi - Ofertas\" \/>\n<meta property=\"article:publisher\" content=\"https:\/\/www.facebook.com\/GamePlaysCassi\/\" \/>\n<meta property=\"article:modified_time\" content=\"2026-05-06T18:54:37+00:00\" \/>\n<meta property=\"og:image\" content=\"https:\/\/www.gameplayscassi.com.br\/ofertas\/wp-content\/uploads\/2024\/05\/FATAL-FRAME-PROJECT-ZERO-Maiden-of-Black-Water.jpg\" \/>\n\t<meta property=\"og:image:width\" content=\"1600\" \/>\n\t<meta property=\"og:image:height\" content=\"740\" \/>\n\t<meta property=\"og:image:type\" content=\"image\/jpeg\" \/>\n<meta name=\"twitter:card\" content=\"summary_large_image\" \/>\n<meta name=\"twitter:site\" content=\"@Gameplayscassi\" \/>\n<meta name=\"twitter:label1\" content=\"Est. tempo de leitura\" \/>\n\t<meta name=\"twitter:data1\" content=\"3 minutos\" \/>\n<script type=\"application\/ld+json\" class=\"yoast-schema-graph\">{\"@context\":\"https:\/\/schema.org\",\"@graph\":[{\"@type\":\"WebPage\",\"@id\":\"https:\/\/www.gameplayscassi.com.br\/ofertas\/produtos\/jogos\/fatal-frame-project-zero-maiden-of-black-water\/\",\"url\":\"https:\/\/www.gameplayscassi.com.br\/ofertas\/produtos\/jogos\/fatal-frame-project-zero-maiden-of-black-water\/\",\"name\":\"FATAL FRAME \/ PROJECT ZERO: Maiden of Black Water em promo\u00e7\u00e3o para PC\",\"isPartOf\":{\"@id\":\"https:\/\/www.gameplayscassi.com.br\/ofertas\/#website\"},\"primaryImageOfPage\":{\"@id\":\"https:\/\/www.gameplayscassi.com.br\/ofertas\/produtos\/jogos\/fatal-frame-project-zero-maiden-of-black-water\/#primaryimage\"},\"image\":{\"@id\":\"https:\/\/www.gameplayscassi.com.br\/ofertas\/produtos\/jogos\/fatal-frame-project-zero-maiden-of-black-water\/#primaryimage\"},\"thumbnailUrl\":\"https:\/\/www.gameplayscassi.com.br\/ofertas\/wp-content\/uploads\/2024\/05\/FATAL-FRAME-PROJECT-ZERO-Maiden-of-Black-Water.jpg\",\"datePublished\":\"2024-05-31T20:49:00+00:00\",\"dateModified\":\"2026-05-06T18:54:37+00:00\",\"description\":\"Confira o menor pre\u00e7o para comprar FATAL FRAME \/ PROJECT ZERO: Maiden of Black Water no PC. Selecionamos apenas as nossas lojas digitais de confian\u00e7a para a compara\u00e7\u00e3o de pre\u00e7os. Voc\u00ea pode comprar a chave do jogo na loja em que estiver com a melhor oferta. Ap\u00f3s realizar a compra, voc\u00ea precisa utilizar o cliente indicado pela loja para ativar e baixar o seu jogo.\",\"breadcrumb\":{\"@id\":\"https:\/\/www.gameplayscassi.com.br\/ofertas\/produtos\/jogos\/fatal-frame-project-zero-maiden-of-black-water\/#breadcrumb\"},\"inLanguage\":\"pt-BR\",\"potentialAction\":[{\"@type\":\"ReadAction\",\"target\":[\"https:\/\/www.gameplayscassi.com.br\/ofertas\/produtos\/jogos\/fatal-frame-project-zero-maiden-of-black-water\/\"]}]},{\"@type\":\"ImageObject\",\"inLanguage\":\"pt-BR\",\"@id\":\"https:\/\/www.gameplayscassi.com.br\/ofertas\/produtos\/jogos\/fatal-frame-project-zero-maiden-of-black-water\/#primaryimage\",\"url\":\"https:\/\/www.gameplayscassi.com.br\/ofertas\/wp-content\/uploads\/2024\/05\/FATAL-FRAME-PROJECT-ZERO-Maiden-of-Black-Water.jpg\",\"contentUrl\":\"https:\/\/www.gameplayscassi.com.br\/ofertas\/wp-content\/uploads\/2024\/05\/FATAL-FRAME-PROJECT-ZERO-Maiden-of-Black-Water.jpg\",\"width\":1600,\"height\":740},{\"@type\":\"BreadcrumbList\",\"@id\":\"https:\/\/www.gameplayscassi.com.br\/ofertas\/produtos\/jogos\/fatal-frame-project-zero-maiden-of-black-water\/#breadcrumb\",\"itemListElement\":[{\"@type\":\"ListItem\",\"position\":1,\"name\":\"In\u00edcio\",\"item\":\"https:\/\/www.gameplayscassi.com.br\/ofertas\/\"},{\"@type\":\"ListItem\",\"position\":2,\"name\":\"Produtos\",\"item\":\"https:\/\/www.gameplayscassi.com.br\/ofertas\/\"},{\"@type\":\"ListItem\",\"position\":3,\"name\":\"FATAL FRAME \/ PROJECT ZERO: Maiden of Black Water\"}]},{\"@type\":\"WebSite\",\"@id\":\"https:\/\/www.gameplayscassi.com.br\/ofertas\/#website\",\"url\":\"https:\/\/www.gameplayscassi.com.br\/ofertas\/\",\"name\":\"Gameplayscassi - Ofertas\",\"description\":\"As melhores ofertas para voc\u00ea\",\"publisher\":{\"@id\":\"https:\/\/www.gameplayscassi.com.br\/ofertas\/#organization\"},\"potentialAction\":[{\"@type\":\"SearchAction\",\"target\":{\"@type\":\"EntryPoint\",\"urlTemplate\":\"https:\/\/www.gameplayscassi.com.br\/ofertas\/?s={search_term_string}\"},\"query-input\":{\"@type\":\"PropertyValueSpecification\",\"valueRequired\":true,\"valueName\":\"search_term_string\"}}],\"inLanguage\":\"pt-BR\"},{\"@type\":\"Organization\",\"@id\":\"https:\/\/www.gameplayscassi.com.br\/ofertas\/#organization\",\"name\":\"Gameplayscassi - Ofertas\",\"url\":\"https:\/\/www.gameplayscassi.com.br\/ofertas\/\",\"logo\":{\"@type\":\"ImageObject\",\"inLanguage\":\"pt-BR\",\"@id\":\"https:\/\/www.gameplayscassi.com.br\/ofertas\/#\/schema\/logo\/image\/\",\"url\":\"https:\/\/www.gameplayscassi.com.br\/ofertas\/wp-content\/uploads\/2024\/06\/Gameplayscassi.png\",\"contentUrl\":\"https:\/\/www.gameplayscassi.com.br\/ofertas\/wp-content\/uploads\/2024\/06\/Gameplayscassi.png\",\"width\":544,\"height\":180,\"caption\":\"Gameplayscassi - Ofertas\"},\"image\":{\"@id\":\"https:\/\/www.gameplayscassi.com.br\/ofertas\/#\/schema\/logo\/image\/\"},\"sameAs\":[\"https:\/\/www.facebook.com\/GamePlaysCassi\/\",\"https:\/\/x.com\/Gameplayscassi\",\"https:\/\/www.youtube.com\/gameplayscassi\",\"https:\/\/www.instagram.com\/gameplayscassii\/\",\"https:\/\/store.steampowered.com\/curator\/31464556\/\",\"https:\/\/discord.com\/servers\/gameplayscassi-598567071298617354\"]}]}<\/script>\n<!-- \/ Yoast SEO plugin. -->","yoast_head_json":{"title":"FATAL FRAME \/ PROJECT ZERO: Maiden of Black Water em promo\u00e7\u00e3o para PC","description":"Confira o menor pre\u00e7o para comprar FATAL FRAME \/ PROJECT ZERO: Maiden of Black Water no PC. Selecionamos apenas as nossas lojas digitais de confian\u00e7a para a compara\u00e7\u00e3o de pre\u00e7os. Voc\u00ea pode comprar a chave do jogo na loja em que estiver com a melhor oferta. Ap\u00f3s realizar a compra, voc\u00ea precisa utilizar o cliente indicado pela loja para ativar e baixar o seu jogo.","robots":{"index":"index","follow":"follow","max-snippet":"max-snippet:-1","max-image-preview":"max-image-preview:large","max-video-preview":"max-video-preview:-1"},"canonical":"https:\/\/www.gameplayscassi.com.br\/ofertas\/produtos\/jogos\/fatal-frame-project-zero-maiden-of-black-water\/","og_locale":"pt_BR","og_type":"article","og_title":"FATAL FRAME \/ PROJECT ZERO: Maiden of Black Water em promo\u00e7\u00e3o para PC","og_description":"Confira o menor pre\u00e7o para comprar FATAL FRAME \/ PROJECT ZERO: Maiden of Black Water no PC. Selecionamos apenas as nossas lojas digitais de confian\u00e7a para a compara\u00e7\u00e3o de pre\u00e7os. Voc\u00ea pode comprar a chave do jogo na loja em que estiver com a melhor oferta. Ap\u00f3s realizar a compra, voc\u00ea precisa utilizar o cliente indicado pela loja para ativar e baixar o seu jogo.","og_url":"https:\/\/www.gameplayscassi.com.br\/ofertas\/produtos\/jogos\/fatal-frame-project-zero-maiden-of-black-water\/","og_site_name":"Gameplayscassi - Ofertas","article_publisher":"https:\/\/www.facebook.com\/GamePlaysCassi\/","article_modified_time":"2026-05-06T18:54:37+00:00","og_image":[{"width":1600,"height":740,"url":"https:\/\/www.gameplayscassi.com.br\/ofertas\/wp-content\/uploads\/2024\/05\/FATAL-FRAME-PROJECT-ZERO-Maiden-of-Black-Water.jpg","type":"image\/jpeg"}],"twitter_card":"summary_large_image","twitter_site":"@Gameplayscassi","twitter_misc":{"Est. tempo de leitura":"3 minutos"},"schema":{"@context":"https:\/\/schema.org","@graph":[{"@type":"WebPage","@id":"https:\/\/www.gameplayscassi.com.br\/ofertas\/produtos\/jogos\/fatal-frame-project-zero-maiden-of-black-water\/","url":"https:\/\/www.gameplayscassi.com.br\/ofertas\/produtos\/jogos\/fatal-frame-project-zero-maiden-of-black-water\/","name":"FATAL FRAME \/ PROJECT ZERO: Maiden of Black Water em promo\u00e7\u00e3o para PC","isPartOf":{"@id":"https:\/\/www.gameplayscassi.com.br\/ofertas\/#website"},"primaryImageOfPage":{"@id":"https:\/\/www.gameplayscassi.com.br\/ofertas\/produtos\/jogos\/fatal-frame-project-zero-maiden-of-black-water\/#primaryimage"},"image":{"@id":"https:\/\/www.gameplayscassi.com.br\/ofertas\/produtos\/jogos\/fatal-frame-project-zero-maiden-of-black-water\/#primaryimage"},"thumbnailUrl":"https:\/\/www.gameplayscassi.com.br\/ofertas\/wp-content\/uploads\/2024\/05\/FATAL-FRAME-PROJECT-ZERO-Maiden-of-Black-Water.jpg","datePublished":"2024-05-31T20:49:00+00:00","dateModified":"2026-05-06T18:54:37+00:00","description":"Confira o menor pre\u00e7o para comprar FATAL FRAME \/ PROJECT ZERO: Maiden of Black Water no PC. Selecionamos apenas as nossas lojas digitais de confian\u00e7a para a compara\u00e7\u00e3o de pre\u00e7os. Voc\u00ea pode comprar a chave do jogo na loja em que estiver com a melhor oferta. Ap\u00f3s realizar a compra, voc\u00ea precisa utilizar o cliente indicado pela loja para ativar e baixar o seu jogo.","breadcrumb":{"@id":"https:\/\/www.gameplayscassi.com.br\/ofertas\/produtos\/jogos\/fatal-frame-project-zero-maiden-of-black-water\/#breadcrumb"},"inLanguage":"pt-BR","potentialAction":[{"@type":"ReadAction","target":["https:\/\/www.gameplayscassi.com.br\/ofertas\/produtos\/jogos\/fatal-frame-project-zero-maiden-of-black-water\/"]}]},{"@type":"ImageObject","inLanguage":"pt-BR","@id":"https:\/\/www.gameplayscassi.com.br\/ofertas\/produtos\/jogos\/fatal-frame-project-zero-maiden-of-black-water\/#primaryimage","url":"https:\/\/www.gameplayscassi.com.br\/ofertas\/wp-content\/uploads\/2024\/05\/FATAL-FRAME-PROJECT-ZERO-Maiden-of-Black-Water.jpg","contentUrl":"https:\/\/www.gameplayscassi.com.br\/ofertas\/wp-content\/uploads\/2024\/05\/FATAL-FRAME-PROJECT-ZERO-Maiden-of-Black-Water.jpg","width":1600,"height":740},{"@type":"BreadcrumbList","@id":"https:\/\/www.gameplayscassi.com.br\/ofertas\/produtos\/jogos\/fatal-frame-project-zero-maiden-of-black-water\/#breadcrumb","itemListElement":[{"@type":"ListItem","position":1,"name":"In\u00edcio","item":"https:\/\/www.gameplayscassi.com.br\/ofertas\/"},{"@type":"ListItem","position":2,"name":"Produtos","item":"https:\/\/www.gameplayscassi.com.br\/ofertas\/"},{"@type":"ListItem","position":3,"name":"FATAL FRAME \/ PROJECT ZERO: Maiden of Black Water"}]},{"@type":"WebSite","@id":"https:\/\/www.gameplayscassi.com.br\/ofertas\/#website","url":"https:\/\/www.gameplayscassi.com.br\/ofertas\/","name":"Gameplayscassi - Ofertas","description":"As melhores ofertas para voc\u00ea","publisher":{"@id":"https:\/\/www.gameplayscassi.com.br\/ofertas\/#organization"},"potentialAction":[{"@type":"SearchAction","target":{"@type":"EntryPoint","urlTemplate":"https:\/\/www.gameplayscassi.com.br\/ofertas\/?s={search_term_string}"},"query-input":{"@type":"PropertyValueSpecification","valueRequired":true,"valueName":"search_term_string"}}],"inLanguage":"pt-BR"},{"@type":"Organization","@id":"https:\/\/www.gameplayscassi.com.br\/ofertas\/#organization","name":"Gameplayscassi - Ofertas","url":"https:\/\/www.gameplayscassi.com.br\/ofertas\/","logo":{"@type":"ImageObject","inLanguage":"pt-BR","@id":"https:\/\/www.gameplayscassi.com.br\/ofertas\/#\/schema\/logo\/image\/","url":"https:\/\/www.gameplayscassi.com.br\/ofertas\/wp-content\/uploads\/2024\/06\/Gameplayscassi.png","contentUrl":"https:\/\/www.gameplayscassi.com.br\/ofertas\/wp-content\/uploads\/2024\/06\/Gameplayscassi.png","width":544,"height":180,"caption":"Gameplayscassi - Ofertas"},"image":{"@id":"https:\/\/www.gameplayscassi.com.br\/ofertas\/#\/schema\/logo\/image\/"},"sameAs":["https:\/\/www.facebook.com\/GamePlaysCassi\/","https:\/\/x.com\/Gameplayscassi","https:\/\/www.youtube.com\/gameplayscassi","https:\/\/www.instagram.com\/gameplayscassii\/","https:\/\/store.steampowered.com\/curator\/31464556\/","https:\/\/discord.com\/servers\/gameplayscassi-598567071298617354"]}]}},"jetpack_sharing_enabled":true,"_links":{"self":[{"href":"https:\/\/www.gameplayscassi.com.br\/ofertas\/wp-json\/wp\/v2\/product\/72939","targetHints":{"allow":["GET"]}}],"collection":[{"href":"https:\/\/www.gameplayscassi.com.br\/ofertas\/wp-json\/wp\/v2\/product"}],"about":[{"href":"https:\/\/www.gameplayscassi.com.br\/ofertas\/wp-json\/wp\/v2\/types\/product"}],"version-history":[{"count":0,"href":"https:\/\/www.gameplayscassi.com.br\/ofertas\/wp-json\/wp\/v2\/product\/72939\/revisions"}],"wp:featuredmedia":[{"embeddable":true,"href":"https:\/\/www.gameplayscassi.com.br\/ofertas\/wp-json\/wp\/v2\/media\/73871"}],"wp:attachment":[{"href":"https:\/\/www.gameplayscassi.com.br\/ofertas\/wp-json\/wp\/v2\/media?parent=72939"}],"wp:term":[{"taxonomy":"store","embeddable":true,"href":"https:\/\/www.gameplayscassi.com.br\/ofertas\/wp-json\/wp\/v2\/store?post=72939"},{"taxonomy":"product_brand","embeddable":true,"href":"https:\/\/www.gameplayscassi.com.br\/ofertas\/wp-json\/wp\/v2\/product_brand?post=72939"},{"taxonomy":"product_cat","embeddable":true,"href":"https:\/\/www.gameplayscassi.com.br\/ofertas\/wp-json\/wp\/v2\/product_cat?post=72939"},{"taxonomy":"product_tag","embeddable":true,"href":"https:\/\/www.gameplayscassi.com.br\/ofertas\/wp-json\/wp\/v2\/product_tag?post=72939"}],"curies":[{"name":"wp","href":"https:\/\/api.w.org\/{rel}","templated":true}]}}