{"id":72935,"date":"2024-05-31T17:49:00","date_gmt":"2024-05-31T20:49:00","guid":{"rendered":"https:\/\/www.gameplayscassi.com.br\/ofertas\/produtos\/sem%20categoria\/blue-reflection-second-light\/"},"modified":"2026-05-05T20:14:34","modified_gmt":"2026-05-05T23:14:34","slug":"blue-reflection-second-light","status":"publish","type":"product","link":"https:\/\/www.gameplayscassi.com.br\/ofertas\/produtos\/jogos\/blue-reflection-second-light\/","title":{"rendered":"BLUE REFLECTION: Second Light"},"content":{"rendered":"<p><img decoding=\"async\" src=\"https:\/\/shared.akamai.steamstatic.com\/store_item_assets\/steam\/apps\/1423600\/extras\/bluereflection-tie.jpg?t=1712560598\" \/><\/p>\n<p>&#8220;Quando o \u00faltimo dia de ver\u00e3o se desvanece, tudo se ilumina.&#8221;<br \/>\nJ\u00e1 chegou o novo jogo da s\u00e9rie BLUE REFLECTION! Esta \u00e9 uma hist\u00f3ria que retrata de forma realista a juventude feminina. Baseada num tema de identidade humana e v\u00ednculos, \u00e9 toda ela ilustrada de forma deslumbrante por Mel Kishida.<\/p>\n<h2 class=\"bb_tag\">Hist\u00f3ria<\/h2>\n<p>Sob um belo c\u00e9u azul, cercada por \u00e1gua cristalina, Ao Hoshizaki sente o sol a queimar-lhe a pele.<\/p>\n<p>Ao apreciar a paisagem de ver\u00e3o, sentia-se a divagar noutro mundo, como se tivesse sido deixada para tr\u00e1s.<br \/>\nNuma escola \u00e0 deriva na dist\u00e2ncia, havia tr\u00eas raparigas sem mem\u00f3ria do seu passado.<br \/>\nA \u00fanica coisa de que se recordavam era o seu nome.<br \/>\nAo, envolta em confus\u00e3o, inicia uma estranha vida partilhada com as raparigas, enquanto procuram pistas para regressar a casa.<\/p>\n<p><img decoding=\"async\" src=\"https:\/\/shared.akamai.steamstatic.com\/store_item_assets\/steam\/apps\/1423600\/extras\/steam_1.jpg?t=1712560598\" \/><\/p>\n<p>Um dia, de repente, neste mundo escolar cercado por \u00e1guas infinitas, surgiu um caminho que levava a um novo cen\u00e1rio.<br \/>\nDo outro lado havia um local misterioso, inexplicavelmente repleto de coisas familiares.<br \/>\nPara tentar compreender a situa\u00e7\u00e3o, as raparigas decidiram aventurar-se. Mas assim que deram os primeiros passos, foram intercetadas por um monstro que nunca tinham visto.<br \/>\nNo entanto, instantes antes de se entregarem ao desespero, as raparigas receberam um poder misterioso.<\/p>\n<p>Num mundo aparentemente preso no ver\u00e3o, as raparigas n\u00e3o t\u00eam mem\u00f3ria do seu passado.<\/p>\n<p>Se resolverem o mist\u00e9rio, qual ser\u00e1 a recompensa?<\/p>\n<p><img decoding=\"async\" src=\"https:\/\/shared.akamai.steamstatic.com\/store_item_assets\/steam\/apps\/1423600\/extras\/steam_2.jpg?t=1712560598\" \/><\/p>\n<p><img decoding=\"async\" src=\"https:\/\/shared.akamai.steamstatic.com\/store_item_assets\/steam\/apps\/1423600\/extras\/battleGIF01.gif?t=1712560598\" \/><\/p>\n<h2 class=\"bb_tag\">Carater\u00edsticas<\/h2>\n<p>\u25a0Cria a tua pr\u00f3pria escola com &#8220;School Development&#8221;!<\/p>\n<p>Nesta escola cercada de \u00e1gua n\u00e3o h\u00e1 mais ningu\u00e9m para al\u00e9m das raparigas. Est\u00e1s \u00e0 vontade para construir Facilities \u00fateis consoante sugest\u00e3o delas, tais como a &#8220;Barraquinha Takoyaki&#8221; ou a &#8220;Piscina&#8221;. Constr\u00f3i uma escola \u00e0 tua maneira, seja com as instala\u00e7\u00f5es que te interessam ou com as preferidas das raparigas.<\/p>\n<p><img decoding=\"async\" src=\"https:\/\/shared.akamai.steamstatic.com\/store_item_assets\/steam\/apps\/1423600\/extras\/steam_3_english.jpg?t=1712560598\" \/><\/p>\n<p>\u25a0As batalhas por turnos s\u00e3o ainda mais fren\u00e9ticas gra\u00e7as \u00e0s &#8220;emocionantes batalhas em tempo real&#8221;!<br \/>\nMelhor\u00e1mos as batalhas em tempo real em rela\u00e7\u00e3o aos jogos anteriores, e agora podes aumentar o ritmo das batalhas consoante a quantidade de tempo passado e habilidades usadas. As sequ\u00eancias de combina\u00e7\u00f5es de habilidades com o objetivo de maximizar o dano tornam as batalhas mais interessantes, repletas de velocidade e poder.<\/p>\n<p><img decoding=\"async\" src=\"https:\/\/shared.akamai.steamstatic.com\/store_item_assets\/steam\/apps\/1423600\/extras\/steam_4_english.jpg?t=1712560598\" \/><\/p>\n<p><img decoding=\"async\" src=\"https:\/\/shared.akamai.steamstatic.com\/store_item_assets\/steam\/apps\/1423600\/extras\/battleGIF04.gif?t=1712560598\" \/><\/p>\n<p>\u25a0Comunica com as raparigas nas mais variadas formas!<br \/>\nAtender aos seus pedidos e sair com elas s\u00e3o s\u00f3 duas das imensas formas de comunicar com as raparigas na escola. Ao fortalecer os la\u00e7os com as raparigas, elas evoluem e podes obter novos itens.<\/p>\n<p><img decoding=\"async\" src=\"https:\/\/shared.akamai.steamstatic.com\/store_item_assets\/steam\/apps\/1423600\/extras\/steam_5_english.jpg?t=1712560598\" \/><\/p>\n<p>\u25a0Explora mundos misteriosos!<br \/>\nNeste jogo, exploras Heartscapes, locais que materializam o cora\u00e7\u00e3o e a mente de cada personagem. \u00c9 aqui que podes desfrutar de uma viagem a um mundo misterioso, onde a voz e mem\u00f3rias da personagem podem ser revisitadas.<\/p>\n<p><img decoding=\"async\" src=\"https:\/\/shared.akamai.steamstatic.com\/store_item_assets\/steam\/apps\/1423600\/extras\/steam_6.jpg?t=1712560598\" \/><\/p>\n<p>Nota: os fatos podem ser usados ap\u00f3s desbloquear a fun\u00e7\u00e3o Change Outfit da Locker Room.<br \/>\nNota: para mais detalhes sobre o conte\u00fado, visita o site oficial.<br \/>\nNota: o jogo est\u00e1 inclu\u00eddo nos conjuntos &#8220;BLUE REFLECTION: Second Light Digital Deluxe Edition&#8221; e &#8220;BLUE REFLECTION: Second Light Ultimate Edition&#8221;. Evita comprar o mesmo conte\u00fado v\u00e1rias vezes.<\/p>\n","protected":false},"excerpt":{"rendered":"<p>Confira o menor pre\u00e7o para comprar <strong>BLUE REFLECTION: Second Light<\/strong> no PC. Selecionamos apenas as nossas lojas digitais de confian\u00e7a para a compara\u00e7\u00e3o de pre\u00e7os. Voc\u00ea pode comprar a chave do jogo na loja em que estiver com a melhor oferta. Ap\u00f3s realizar a compra, voc\u00ea precisa utilizar o cliente indicado pela loja para ativar e baixar o seu jogo.<\/p>\n","protected":false},"featured_media":73869,"template":"","meta":[],"store":[],"product_brand":[],"product_cat":[25],"product_tag":[405,404,610,492,607,622,406,26,460,623,503,127,621,31],"class_list":{"0":"post-72935","1":"product","2":"type-product","3":"status-publish","4":"has-post-thumbnail","6":"product_cat-jogos","7":"product_tag-compartilhamento-em-familia","8":"product_tag-conquistas-steam","9":"product_tag-fofo","10":"product_tag-jrpg","11":"product_tag-koei-tecmo-games-co-ltd","12":"product_tag-lgbtqia","13":"product_tag-nuvem-steam","14":"product_tag-pc","15":"product_tag-protagonista-mulher","16":"product_tag-romance","17":"product_tag-romance-visual","18":"product_tag-rpg","19":"product_tag-simulador-de-encontros","20":"product_tag-steam","22":"first","23":"instock","24":"sale","25":"purchasable","26":"product-type-simple"},"yoast_head":"<!-- This site is optimized with the Yoast SEO plugin v27.2 - https:\/\/yoast.com\/product\/yoast-seo-wordpress\/ -->\n<title>BLUE REFLECTION: Second Light em promo\u00e7\u00e3o para PC<\/title>\n<meta name=\"description\" content=\"Confira o menor pre\u00e7o para comprar BLUE REFLECTION: Second Light no PC. Selecionamos apenas as nossas lojas digitais de confian\u00e7a para a compara\u00e7\u00e3o de pre\u00e7os. Voc\u00ea pode comprar a chave do jogo na loja em que estiver com a melhor oferta. Ap\u00f3s realizar a compra, voc\u00ea precisa utilizar o cliente indicado pela loja para ativar e baixar o seu jogo.\" \/>\n<meta name=\"robots\" content=\"index, follow, max-snippet:-1, max-image-preview:large, max-video-preview:-1\" \/>\n<link rel=\"canonical\" href=\"https:\/\/www.gameplayscassi.com.br\/ofertas\/produtos\/jogos\/blue-reflection-second-light\/\" \/>\n<meta property=\"og:locale\" content=\"pt_BR\" \/>\n<meta property=\"og:type\" content=\"article\" \/>\n<meta property=\"og:title\" content=\"BLUE REFLECTION: Second Light em promo\u00e7\u00e3o para PC\" \/>\n<meta property=\"og:description\" content=\"Confira o menor pre\u00e7o para comprar BLUE REFLECTION: Second Light no PC. Selecionamos apenas as nossas lojas digitais de confian\u00e7a para a compara\u00e7\u00e3o de pre\u00e7os. Voc\u00ea pode comprar a chave do jogo na loja em que estiver com a melhor oferta. Ap\u00f3s realizar a compra, voc\u00ea precisa utilizar o cliente indicado pela loja para ativar e baixar o seu jogo.\" \/>\n<meta property=\"og:url\" content=\"https:\/\/www.gameplayscassi.com.br\/ofertas\/produtos\/jogos\/blue-reflection-second-light\/\" \/>\n<meta property=\"og:site_name\" content=\"Gameplayscassi - Ofertas\" \/>\n<meta property=\"article:publisher\" content=\"https:\/\/www.facebook.com\/GamePlaysCassi\/\" \/>\n<meta property=\"article:modified_time\" content=\"2026-05-05T23:14:34+00:00\" \/>\n<meta property=\"og:image\" content=\"https:\/\/www.gameplayscassi.com.br\/ofertas\/wp-content\/uploads\/2024\/05\/BLUE-REFLECTION-Second-Light.jpg\" \/>\n\t<meta property=\"og:image:width\" content=\"1600\" \/>\n\t<meta property=\"og:image:height\" content=\"740\" \/>\n\t<meta property=\"og:image:type\" content=\"image\/jpeg\" \/>\n<meta name=\"twitter:card\" content=\"summary_large_image\" \/>\n<meta name=\"twitter:site\" content=\"@Gameplayscassi\" \/>\n<meta name=\"twitter:label1\" content=\"Est. tempo de leitura\" \/>\n\t<meta name=\"twitter:data1\" content=\"5 minutos\" \/>\n<script type=\"application\/ld+json\" class=\"yoast-schema-graph\">{\"@context\":\"https:\/\/schema.org\",\"@graph\":[{\"@type\":\"WebPage\",\"@id\":\"https:\/\/www.gameplayscassi.com.br\/ofertas\/produtos\/jogos\/blue-reflection-second-light\/\",\"url\":\"https:\/\/www.gameplayscassi.com.br\/ofertas\/produtos\/jogos\/blue-reflection-second-light\/\",\"name\":\"BLUE REFLECTION: Second Light em promo\u00e7\u00e3o para PC\",\"isPartOf\":{\"@id\":\"https:\/\/www.gameplayscassi.com.br\/ofertas\/#website\"},\"primaryImageOfPage\":{\"@id\":\"https:\/\/www.gameplayscassi.com.br\/ofertas\/produtos\/jogos\/blue-reflection-second-light\/#primaryimage\"},\"image\":{\"@id\":\"https:\/\/www.gameplayscassi.com.br\/ofertas\/produtos\/jogos\/blue-reflection-second-light\/#primaryimage\"},\"thumbnailUrl\":\"https:\/\/www.gameplayscassi.com.br\/ofertas\/wp-content\/uploads\/2024\/05\/BLUE-REFLECTION-Second-Light.jpg\",\"datePublished\":\"2024-05-31T20:49:00+00:00\",\"dateModified\":\"2026-05-05T23:14:34+00:00\",\"description\":\"Confira o menor pre\u00e7o para comprar BLUE REFLECTION: Second Light no PC. Selecionamos apenas as nossas lojas digitais de confian\u00e7a para a compara\u00e7\u00e3o de pre\u00e7os. Voc\u00ea pode comprar a chave do jogo na loja em que estiver com a melhor oferta. Ap\u00f3s realizar a compra, voc\u00ea precisa utilizar o cliente indicado pela loja para ativar e baixar o seu jogo.\",\"breadcrumb\":{\"@id\":\"https:\/\/www.gameplayscassi.com.br\/ofertas\/produtos\/jogos\/blue-reflection-second-light\/#breadcrumb\"},\"inLanguage\":\"pt-BR\",\"potentialAction\":[{\"@type\":\"ReadAction\",\"target\":[\"https:\/\/www.gameplayscassi.com.br\/ofertas\/produtos\/jogos\/blue-reflection-second-light\/\"]}]},{\"@type\":\"ImageObject\",\"inLanguage\":\"pt-BR\",\"@id\":\"https:\/\/www.gameplayscassi.com.br\/ofertas\/produtos\/jogos\/blue-reflection-second-light\/#primaryimage\",\"url\":\"https:\/\/www.gameplayscassi.com.br\/ofertas\/wp-content\/uploads\/2024\/05\/BLUE-REFLECTION-Second-Light.jpg\",\"contentUrl\":\"https:\/\/www.gameplayscassi.com.br\/ofertas\/wp-content\/uploads\/2024\/05\/BLUE-REFLECTION-Second-Light.jpg\",\"width\":1600,\"height\":740},{\"@type\":\"BreadcrumbList\",\"@id\":\"https:\/\/www.gameplayscassi.com.br\/ofertas\/produtos\/jogos\/blue-reflection-second-light\/#breadcrumb\",\"itemListElement\":[{\"@type\":\"ListItem\",\"position\":1,\"name\":\"In\u00edcio\",\"item\":\"https:\/\/www.gameplayscassi.com.br\/ofertas\/\"},{\"@type\":\"ListItem\",\"position\":2,\"name\":\"Produtos\",\"item\":\"https:\/\/www.gameplayscassi.com.br\/ofertas\/\"},{\"@type\":\"ListItem\",\"position\":3,\"name\":\"BLUE REFLECTION: Second Light\"}]},{\"@type\":\"WebSite\",\"@id\":\"https:\/\/www.gameplayscassi.com.br\/ofertas\/#website\",\"url\":\"https:\/\/www.gameplayscassi.com.br\/ofertas\/\",\"name\":\"Gameplayscassi - Ofertas\",\"description\":\"As melhores ofertas para voc\u00ea\",\"publisher\":{\"@id\":\"https:\/\/www.gameplayscassi.com.br\/ofertas\/#organization\"},\"potentialAction\":[{\"@type\":\"SearchAction\",\"target\":{\"@type\":\"EntryPoint\",\"urlTemplate\":\"https:\/\/www.gameplayscassi.com.br\/ofertas\/?s={search_term_string}\"},\"query-input\":{\"@type\":\"PropertyValueSpecification\",\"valueRequired\":true,\"valueName\":\"search_term_string\"}}],\"inLanguage\":\"pt-BR\"},{\"@type\":\"Organization\",\"@id\":\"https:\/\/www.gameplayscassi.com.br\/ofertas\/#organization\",\"name\":\"Gameplayscassi - Ofertas\",\"url\":\"https:\/\/www.gameplayscassi.com.br\/ofertas\/\",\"logo\":{\"@type\":\"ImageObject\",\"inLanguage\":\"pt-BR\",\"@id\":\"https:\/\/www.gameplayscassi.com.br\/ofertas\/#\/schema\/logo\/image\/\",\"url\":\"https:\/\/www.gameplayscassi.com.br\/ofertas\/wp-content\/uploads\/2024\/06\/Gameplayscassi.png\",\"contentUrl\":\"https:\/\/www.gameplayscassi.com.br\/ofertas\/wp-content\/uploads\/2024\/06\/Gameplayscassi.png\",\"width\":544,\"height\":180,\"caption\":\"Gameplayscassi - Ofertas\"},\"image\":{\"@id\":\"https:\/\/www.gameplayscassi.com.br\/ofertas\/#\/schema\/logo\/image\/\"},\"sameAs\":[\"https:\/\/www.facebook.com\/GamePlaysCassi\/\",\"https:\/\/x.com\/Gameplayscassi\",\"https:\/\/www.youtube.com\/gameplayscassi\",\"https:\/\/www.instagram.com\/gameplayscassii\/\",\"https:\/\/store.steampowered.com\/curator\/31464556\/\",\"https:\/\/discord.com\/servers\/gameplayscassi-598567071298617354\"]}]}<\/script>\n<!-- \/ Yoast SEO plugin. -->","yoast_head_json":{"title":"BLUE REFLECTION: Second Light em promo\u00e7\u00e3o para PC","description":"Confira o menor pre\u00e7o para comprar BLUE REFLECTION: Second Light no PC. Selecionamos apenas as nossas lojas digitais de confian\u00e7a para a compara\u00e7\u00e3o de pre\u00e7os. Voc\u00ea pode comprar a chave do jogo na loja em que estiver com a melhor oferta. Ap\u00f3s realizar a compra, voc\u00ea precisa utilizar o cliente indicado pela loja para ativar e baixar o seu jogo.","robots":{"index":"index","follow":"follow","max-snippet":"max-snippet:-1","max-image-preview":"max-image-preview:large","max-video-preview":"max-video-preview:-1"},"canonical":"https:\/\/www.gameplayscassi.com.br\/ofertas\/produtos\/jogos\/blue-reflection-second-light\/","og_locale":"pt_BR","og_type":"article","og_title":"BLUE REFLECTION: Second Light em promo\u00e7\u00e3o para PC","og_description":"Confira o menor pre\u00e7o para comprar BLUE REFLECTION: Second Light no PC. Selecionamos apenas as nossas lojas digitais de confian\u00e7a para a compara\u00e7\u00e3o de pre\u00e7os. Voc\u00ea pode comprar a chave do jogo na loja em que estiver com a melhor oferta. Ap\u00f3s realizar a compra, voc\u00ea precisa utilizar o cliente indicado pela loja para ativar e baixar o seu jogo.","og_url":"https:\/\/www.gameplayscassi.com.br\/ofertas\/produtos\/jogos\/blue-reflection-second-light\/","og_site_name":"Gameplayscassi - Ofertas","article_publisher":"https:\/\/www.facebook.com\/GamePlaysCassi\/","article_modified_time":"2026-05-05T23:14:34+00:00","og_image":[{"width":1600,"height":740,"url":"https:\/\/www.gameplayscassi.com.br\/ofertas\/wp-content\/uploads\/2024\/05\/BLUE-REFLECTION-Second-Light.jpg","type":"image\/jpeg"}],"twitter_card":"summary_large_image","twitter_site":"@Gameplayscassi","twitter_misc":{"Est. tempo de leitura":"5 minutos"},"schema":{"@context":"https:\/\/schema.org","@graph":[{"@type":"WebPage","@id":"https:\/\/www.gameplayscassi.com.br\/ofertas\/produtos\/jogos\/blue-reflection-second-light\/","url":"https:\/\/www.gameplayscassi.com.br\/ofertas\/produtos\/jogos\/blue-reflection-second-light\/","name":"BLUE REFLECTION: Second Light em promo\u00e7\u00e3o para PC","isPartOf":{"@id":"https:\/\/www.gameplayscassi.com.br\/ofertas\/#website"},"primaryImageOfPage":{"@id":"https:\/\/www.gameplayscassi.com.br\/ofertas\/produtos\/jogos\/blue-reflection-second-light\/#primaryimage"},"image":{"@id":"https:\/\/www.gameplayscassi.com.br\/ofertas\/produtos\/jogos\/blue-reflection-second-light\/#primaryimage"},"thumbnailUrl":"https:\/\/www.gameplayscassi.com.br\/ofertas\/wp-content\/uploads\/2024\/05\/BLUE-REFLECTION-Second-Light.jpg","datePublished":"2024-05-31T20:49:00+00:00","dateModified":"2026-05-05T23:14:34+00:00","description":"Confira o menor pre\u00e7o para comprar BLUE REFLECTION: Second Light no PC. Selecionamos apenas as nossas lojas digitais de confian\u00e7a para a compara\u00e7\u00e3o de pre\u00e7os. Voc\u00ea pode comprar a chave do jogo na loja em que estiver com a melhor oferta. Ap\u00f3s realizar a compra, voc\u00ea precisa utilizar o cliente indicado pela loja para ativar e baixar o seu jogo.","breadcrumb":{"@id":"https:\/\/www.gameplayscassi.com.br\/ofertas\/produtos\/jogos\/blue-reflection-second-light\/#breadcrumb"},"inLanguage":"pt-BR","potentialAction":[{"@type":"ReadAction","target":["https:\/\/www.gameplayscassi.com.br\/ofertas\/produtos\/jogos\/blue-reflection-second-light\/"]}]},{"@type":"ImageObject","inLanguage":"pt-BR","@id":"https:\/\/www.gameplayscassi.com.br\/ofertas\/produtos\/jogos\/blue-reflection-second-light\/#primaryimage","url":"https:\/\/www.gameplayscassi.com.br\/ofertas\/wp-content\/uploads\/2024\/05\/BLUE-REFLECTION-Second-Light.jpg","contentUrl":"https:\/\/www.gameplayscassi.com.br\/ofertas\/wp-content\/uploads\/2024\/05\/BLUE-REFLECTION-Second-Light.jpg","width":1600,"height":740},{"@type":"BreadcrumbList","@id":"https:\/\/www.gameplayscassi.com.br\/ofertas\/produtos\/jogos\/blue-reflection-second-light\/#breadcrumb","itemListElement":[{"@type":"ListItem","position":1,"name":"In\u00edcio","item":"https:\/\/www.gameplayscassi.com.br\/ofertas\/"},{"@type":"ListItem","position":2,"name":"Produtos","item":"https:\/\/www.gameplayscassi.com.br\/ofertas\/"},{"@type":"ListItem","position":3,"name":"BLUE REFLECTION: Second Light"}]},{"@type":"WebSite","@id":"https:\/\/www.gameplayscassi.com.br\/ofertas\/#website","url":"https:\/\/www.gameplayscassi.com.br\/ofertas\/","name":"Gameplayscassi - Ofertas","description":"As melhores ofertas para voc\u00ea","publisher":{"@id":"https:\/\/www.gameplayscassi.com.br\/ofertas\/#organization"},"potentialAction":[{"@type":"SearchAction","target":{"@type":"EntryPoint","urlTemplate":"https:\/\/www.gameplayscassi.com.br\/ofertas\/?s={search_term_string}"},"query-input":{"@type":"PropertyValueSpecification","valueRequired":true,"valueName":"search_term_string"}}],"inLanguage":"pt-BR"},{"@type":"Organization","@id":"https:\/\/www.gameplayscassi.com.br\/ofertas\/#organization","name":"Gameplayscassi - Ofertas","url":"https:\/\/www.gameplayscassi.com.br\/ofertas\/","logo":{"@type":"ImageObject","inLanguage":"pt-BR","@id":"https:\/\/www.gameplayscassi.com.br\/ofertas\/#\/schema\/logo\/image\/","url":"https:\/\/www.gameplayscassi.com.br\/ofertas\/wp-content\/uploads\/2024\/06\/Gameplayscassi.png","contentUrl":"https:\/\/www.gameplayscassi.com.br\/ofertas\/wp-content\/uploads\/2024\/06\/Gameplayscassi.png","width":544,"height":180,"caption":"Gameplayscassi - Ofertas"},"image":{"@id":"https:\/\/www.gameplayscassi.com.br\/ofertas\/#\/schema\/logo\/image\/"},"sameAs":["https:\/\/www.facebook.com\/GamePlaysCassi\/","https:\/\/x.com\/Gameplayscassi","https:\/\/www.youtube.com\/gameplayscassi","https:\/\/www.instagram.com\/gameplayscassii\/","https:\/\/store.steampowered.com\/curator\/31464556\/","https:\/\/discord.com\/servers\/gameplayscassi-598567071298617354"]}]}},"jetpack_sharing_enabled":true,"_links":{"self":[{"href":"https:\/\/www.gameplayscassi.com.br\/ofertas\/wp-json\/wp\/v2\/product\/72935","targetHints":{"allow":["GET"]}}],"collection":[{"href":"https:\/\/www.gameplayscassi.com.br\/ofertas\/wp-json\/wp\/v2\/product"}],"about":[{"href":"https:\/\/www.gameplayscassi.com.br\/ofertas\/wp-json\/wp\/v2\/types\/product"}],"version-history":[{"count":0,"href":"https:\/\/www.gameplayscassi.com.br\/ofertas\/wp-json\/wp\/v2\/product\/72935\/revisions"}],"wp:featuredmedia":[{"embeddable":true,"href":"https:\/\/www.gameplayscassi.com.br\/ofertas\/wp-json\/wp\/v2\/media\/73869"}],"wp:attachment":[{"href":"https:\/\/www.gameplayscassi.com.br\/ofertas\/wp-json\/wp\/v2\/media?parent=72935"}],"wp:term":[{"taxonomy":"store","embeddable":true,"href":"https:\/\/www.gameplayscassi.com.br\/ofertas\/wp-json\/wp\/v2\/store?post=72935"},{"taxonomy":"product_brand","embeddable":true,"href":"https:\/\/www.gameplayscassi.com.br\/ofertas\/wp-json\/wp\/v2\/product_brand?post=72935"},{"taxonomy":"product_cat","embeddable":true,"href":"https:\/\/www.gameplayscassi.com.br\/ofertas\/wp-json\/wp\/v2\/product_cat?post=72935"},{"taxonomy":"product_tag","embeddable":true,"href":"https:\/\/www.gameplayscassi.com.br\/ofertas\/wp-json\/wp\/v2\/product_tag?post=72935"}],"curies":[{"name":"wp","href":"https:\/\/api.w.org\/{rel}","templated":true}]}}