{"id":72925,"date":"2024-05-31T17:49:00","date_gmt":"2024-05-31T20:49:00","guid":{"rendered":"https:\/\/www.gameplayscassi.com.br\/ofertas\/produtos\/sem%20categoria\/ninja-gaiden-master-collection-ninja-gaiden\/"},"modified":"2026-05-06T14:45:06","modified_gmt":"2026-05-06T17:45:06","slug":"ninja-gaiden-master-collection-ninja-gaiden","status":"publish","type":"product","link":"https:\/\/www.gameplayscassi.com.br\/ofertas\/produtos\/jogos\/ninja-gaiden-master-collection-ninja-gaiden\/","title":{"rendered":"NINJA GAIDEN: Master Collection NINJA GAIDEN \u03a3"},"content":{"rendered":"<p>Nota: este produto est\u00e1 inclu\u00eddo no &#8220;NINJA GAIDEN: Master Collection&#8221;, e &#8220;NINJA GAIDEN: Master Collection Deluxe Edition&#8221;. Indispon\u00edvel para compra em separado.<br \/>\nNota: Visita o site oficial para obter mais detalhes sobre o conte\u00fado inclu\u00eddo.<\/p>\n<p><img decoding=\"async\" src=\"https:\/\/shared.akamai.steamstatic.com\/store_item_assets\/steam\/apps\/1580780\/extras\/action.gif?t=1710735632\" \/><\/p>\n<h2 class=\"bb_tag\">[Sobre NINJA GAIDEN: Master Collection]<\/h2>\n<p>Desfruta de 3 jogos da s\u00e9rie NINJA GAIDEN num s\u00f3 jogo.<\/p>\n<p>Os jogos continuam t\u00e3o divertidos como antes e os combates fren\u00e9ticos s\u00e3o fi\u00e9is aos lan\u00e7amentos originais.<br \/>\nPrepara-te para batalhas violentas com advers\u00e1rios assustadores!<\/p>\n<p><img decoding=\"async\" src=\"https:\/\/shared.akamai.steamstatic.com\/store_item_assets\/steam\/apps\/1580780\/extras\/steam_chara.jpg?t=1710735632\" \/><\/p>\n<p>Para al\u00e9m do Ryu Hayabusa, podes jogar com 4 outras personagens: Ayane, Rachel, Momiji e Kasumi. Podes criar um combate por equipas com as tuas personagens preferidas e alternar livremente entre elas durante as batalhas.<br \/>\n\u203bOs protagonistas inclu\u00eddos neste jogo s\u00e3o os mesmos das vers\u00f5es originais. Al\u00e9m disso, as personagens jog\u00e1veis e os cen\u00e1rios (modos) variam consoante o jogo.<\/p>\n<p>Este conjunto inclui todos os modos de jogo e visuais lan\u00e7ados anteriormente como DLC para cada um deles. Para al\u00e9m do Ryu Hayabusa, todas as outras personagens t\u00eam v\u00e1rios visuais diferentes por onde escolher, o que te permite desfrutar de batalhas repletas de a\u00e7\u00e3o ao teu estilo.<\/p>\n<p>\u25a0Jogos inclu\u00eddos<br \/>\nNINJA GAIDEN \u03a3<br \/>\nNINJA GAIDEN \u03a32<br \/>\nNINJA GAIDEN 3: Razor&#8217;s Edge<\/p>\n<p>\u203bO modo multijogador online est\u00e1 indispon\u00edvel nas &#8220;TAG MISSIONS&#8221; do NINJA GAIDEN \u03a32.<br \/>\n\u203bA &#8220;Clan battle&#8221; &#8220;Shadow of the world&#8221; do NINJA GAIDEN 3 Razor&#8217;s Edge n\u00e3o est\u00e1 inclu\u00edda.<br \/>\nO modo multijogador online est\u00e1 indispon\u00edvel nos &#8220;Ninja Trials&#8221;.<br \/>\n\u203b&#8221;NINJA GAIDEN \u03a32&#8243; e &#8220;NINJA GAIDEN 3: Razor&#8217;s Edge&#8221; tamb\u00e9m est\u00e3o dispon\u00edveis em mandarim tradicional.<\/p>\n<p><img decoding=\"async\" src=\"https:\/\/shared.akamai.steamstatic.com\/store_item_assets\/steam\/apps\/1580780\/extras\/steam_s.jpg?t=1710735632\" \/><\/p>\n<h2 class=\"bb_tag\">[Sobre NINJA GAIDEN \u03a3]<\/h2>\n<p>Para al\u00e9m de te permitir sacar da cartola movimentos incr\u00edveis e inigual\u00e1veis com &#8220;Ryu Hayabusa&#8221;, um jovem ninja que herdou a arte ninja Hayabusa style, e de possuir cen\u00e1rios fant\u00e1sticos embelezados pelo mundo espiritual do Jap\u00e3o ocidental, e muito mais, este jogo transborda funcionalidades imperd\u00edveis para os f\u00e3s de jogos de a\u00e7\u00e3o.<\/p>\n<p>\u25a0O &#8220;Hero Mode&#8221; facilita a imers\u00e3o nesta narrativa \u00e9pica.<br \/>\nAo selecionares a defini\u00e7\u00e3o de dificuldade &#8220;Hero Mode&#8221;, sempre que tiveres pouca health, o Hero Mode ser\u00e1 ativado. O Hero Mode permite-te proteger e esquivar automaticamente, e confere-te ninpo ilimitada. At\u00e9 os jogadores mais descontra\u00eddos v\u00e3o sentir a adrenalina heroica de escapar ao inimigo no limite e virar o jogo a seu favor. Escusado ser\u00e1 dizer que tamb\u00e9m est\u00e3o inclu\u00eddos modos de dificuldade para os jogadores mais exigentes.<\/p>\n<p><img decoding=\"async\" src=\"https:\/\/shared.akamai.steamstatic.com\/store_item_assets\/steam\/apps\/1580780\/extras\/steam_s2.jpg?t=1710735632\" \/><\/p>\n<h2 class=\"bb_tag\">[Sobre NINJA GAIDEN \u03a32]<\/h2>\n<p>Vive como Ryu Hayabusa, o ninja que herdou a &#8220;Dragon Sword&#8221;, uma catana lend\u00e1ria, e volta a desfrutar de combates ninja fren\u00e9ticos pelo mundo fora. O jogo inclui ainda funcionalidades adicionais, tais como o &#8220;Hero Mode&#8221;, um modo de jogo no qual os jogadores se protegem automaticamente sempre que se virem em apuros.<\/p>\n<p>\u25a0Em &#8220;NINJA RACE&#8221;, a velocidade dita a vida ou morte<br \/>\n&#8220;NINJA RACE&#8221; \u00e9 um modo de jogo no qual deves percorrer o mapa dentro do tempo limite enquanto combates freneticamente. Neste modo de jogo, o n\u00famero de inimigos que derrotares em s\u00e9rie \u00e9 contabilizado para o teu &#8220;Kill Combo&#8221;. Um Kill Combo elevado aumenta drasticamente o teu poder de ataque. Pelo caminho podes recolher itens que aumentam a velocidade e o tempo dispon\u00edvel, por isso, a tua estrat\u00e9gia deve passar por atacar sem parar, derrotar inimigos o mais r\u00e1pido poss\u00edvel e recolher itens.<\/p>\n<p>\u25a0Lado a lado com Hayabusa, 3 protagonistas tra\u00e7am o campo de batalha de forma deslumbrante.<br \/>\n&#8220;Ayane&#8221;, &#8220;Rachel&#8221;, e &#8220;Momiji&#8221;, protagonistas da s\u00e9rie &#8220;NINJA GAIDEN&#8221;, s\u00e3o personagens jog\u00e1veis. Nas &#8220;TAG MISSIONS&#8221;, podes escolher duas personagens entre Hayabusa e as 3 protagonistas, sendo permitido alternar entre 2 personagens jog\u00e1veis assim que concluas a tua miss\u00e3o.<\/p>\n<p><img decoding=\"async\" src=\"https:\/\/shared.akamai.steamstatic.com\/store_item_assets\/steam\/apps\/1580780\/extras\/steam_3re.jpg?t=1710735632\" \/><\/p>\n<h2 class=\"bb_tag\">[Sobre NINJA GAIDEN 3: Razor&#8217;s Edge]<\/h2>\n<p>Os derradeiros combates ninja fren\u00e9ticos est\u00e3o de volta! O jogo proporciona &#8220;desafios&#8221; extremos acompanhados de uma &#8220;sensa\u00e7\u00e3o de conquista&#8221; igualmente extrema. Desfruta dos combates mais fren\u00e9ticos s\u00e9rie.<\/p>\n<p>\u25a0Para al\u00e9m de Ryu Hayabusa, Ayane, Kasumi e Momiji juntam-se a ti!<br \/>\nPodes jogar com as 3 personagens ninja femininas &#8220;Ayane&#8221;, &#8220;Kasumi&#8221; e &#8220;Momiji, al\u00e9m de &#8220;Ryu Hayabusa&#8221;, a personagem principal. E elas n\u00e3o est\u00e3o limitadas \u00e0s miss\u00f5es da narrativa &#8220;Chapter Challenge&#8221;: as 3 personagens podem ser usadas nos &#8220;NINJA TRIALS.&#8221; E h\u00e1 mais, Ayane, protagonista da s\u00e9rie &#8220;NINJA GAIDEN&#8221; tem a sua pr\u00f3pria narrativa.<\/p>\n<p>\u25a0Batalhas eletrizantes onde n\u00e3o podes baixar a guarda.<br \/>\nInclu\u00edmos os &#8220;Tests of Valor&#8221;, uma fase especial para aqueles f\u00e3s que gostam de viver as batalhas ao mais alto n\u00edvel. Em cada cap\u00edtulo h\u00e1 Crystal Skulls escondidas, que constituem portais para as \u00e1reas &#8220;Test of Valor&#8221;. A partir do momento em que pisas essas \u00e1reas, vais enfrentar os mais fortes e violentos inimigos da s\u00e9rie &#8220;NINJA GAIDEN&#8221;.<\/p>\n<p>\u25a0Melhorar personagens torna a experi\u00eancia ainda melhor!<br \/>\nPodes recolher &#8220;Golden Scarabs&#8221; escondidos, usar &#8220;Karma&#8221; recolhido em batalhas, e muito mais para desbloquear novas armas e ninpo para melhorar a tua personagem. Como \u00e9 \u00f3bvio, as melhorias aplicadas podem ser utilizadas sempre que reiniciares o teu progresso no jogo. Os movimentos desbloque\u00e1veis trazem novidades, tais como &#8220;Cicada Surge&#8221;, que permite esquivar a um ataque inimigo, &#8220;Meditation&#8221;, que permite consumir Ki para recuperar health, e muito mais.<\/p>\n","protected":false},"excerpt":{"rendered":"<p>Confira o menor pre\u00e7o para comprar <strong>[NINJA GAIDEN: Master Collection] NINJA GAIDEN \u03a3<\/strong>\u00a0no PC. Selecionamos apenas as nossas lojas digitais de confian\u00e7a para a compara\u00e7\u00e3o de pre\u00e7os. Voc\u00ea pode comprar a chave do jogo na loja em que estiver com a melhor oferta. Ap\u00f3s realizar a compra, voc\u00ea precisa utilizar o cliente indicado pela loja para ativar e baixar o seu jogo.<\/p>\n","protected":false},"featured_media":73390,"template":"","meta":[],"store":[],"product_brand":[],"product_cat":[25],"product_tag":[119,125,405,404,579,211,607,422,406,26,118,31,191,147,204,263],"class_list":{"0":"post-72925","1":"product","2":"type-product","3":"status-publish","4":"has-post-thumbnail","6":"product_cat-jogos","7":"product_tag-acao","8":"product_tag-aventura","9":"product_tag-compartilhamento-em-familia","10":"product_tag-conquistas-steam","11":"product_tag-dificil","12":"product_tag-hack-and-slash","13":"product_tag-koei-tecmo-games-co-ltd","14":"product_tag-ninja","15":"product_tag-nuvem-steam","16":"product_tag-pc","17":"product_tag-pc-game-pass","18":"product_tag-steam","19":"product_tag-steam-deck","20":"product_tag-um-jogador","21":"product_tag-violencia-detalhada","22":"product_tag-violento","24":"first","25":"instock","26":"sale","27":"purchasable","28":"product-type-simple"},"yoast_head":"<!-- This site is optimized with the Yoast SEO plugin v27.2 - https:\/\/yoast.com\/product\/yoast-seo-wordpress\/ -->\n<title>NINJA GAIDEN: Master Collection NINJA GAIDEN \u03a3 em promo\u00e7\u00e3o para PC<\/title>\n<meta name=\"description\" content=\"Confira o menor pre\u00e7o para comprar NINJA GAIDEN \u03a3\u00a0no PC. Selecionamos apenas as nossas lojas digitais de confian\u00e7a para a compara\u00e7\u00e3o de pre\u00e7os. Voc\u00ea pode comprar a chave do jogo na loja em que estiver com a melhor oferta. Ap\u00f3s realizar a compra, voc\u00ea precisa utilizar o cliente indicado pela loja para ativar e baixar o seu jogo.\" \/>\n<meta name=\"robots\" content=\"index, follow, max-snippet:-1, max-image-preview:large, max-video-preview:-1\" \/>\n<link rel=\"canonical\" href=\"https:\/\/www.gameplayscassi.com.br\/ofertas\/produtos\/jogos\/ninja-gaiden-master-collection-ninja-gaiden\/\" \/>\n<meta property=\"og:locale\" content=\"pt_BR\" \/>\n<meta property=\"og:type\" content=\"article\" \/>\n<meta property=\"og:title\" content=\"NINJA GAIDEN: Master Collection NINJA GAIDEN \u03a3 em promo\u00e7\u00e3o para PC\" \/>\n<meta property=\"og:description\" content=\"Confira o menor pre\u00e7o para comprar NINJA GAIDEN \u03a3\u00a0no PC. Selecionamos apenas as nossas lojas digitais de confian\u00e7a para a compara\u00e7\u00e3o de pre\u00e7os. Voc\u00ea pode comprar a chave do jogo na loja em que estiver com a melhor oferta. Ap\u00f3s realizar a compra, voc\u00ea precisa utilizar o cliente indicado pela loja para ativar e baixar o seu jogo.\" \/>\n<meta property=\"og:url\" content=\"https:\/\/www.gameplayscassi.com.br\/ofertas\/produtos\/jogos\/ninja-gaiden-master-collection-ninja-gaiden\/\" \/>\n<meta property=\"og:site_name\" content=\"Gameplayscassi - Ofertas\" \/>\n<meta property=\"article:publisher\" content=\"https:\/\/www.facebook.com\/GamePlaysCassi\/\" \/>\n<meta property=\"article:modified_time\" content=\"2026-05-06T17:45:06+00:00\" \/>\n<meta property=\"og:image\" content=\"https:\/\/www.gameplayscassi.com.br\/ofertas\/wp-content\/uploads\/2024\/05\/NINJA-GAIDEN-Master-Collection-NINJA-GAIDEN-\u03a3.jpg\" \/>\n\t<meta property=\"og:image:width\" content=\"1600\" \/>\n\t<meta property=\"og:image:height\" content=\"740\" \/>\n\t<meta property=\"og:image:type\" content=\"image\/jpeg\" \/>\n<meta name=\"twitter:card\" content=\"summary_large_image\" \/>\n<meta name=\"twitter:site\" content=\"@Gameplayscassi\" \/>\n<meta name=\"twitter:label1\" content=\"Est. tempo de leitura\" \/>\n\t<meta name=\"twitter:data1\" content=\"6 minutos\" \/>\n<script type=\"application\/ld+json\" class=\"yoast-schema-graph\">{\"@context\":\"https:\/\/schema.org\",\"@graph\":[{\"@type\":\"WebPage\",\"@id\":\"https:\/\/www.gameplayscassi.com.br\/ofertas\/produtos\/jogos\/ninja-gaiden-master-collection-ninja-gaiden\/\",\"url\":\"https:\/\/www.gameplayscassi.com.br\/ofertas\/produtos\/jogos\/ninja-gaiden-master-collection-ninja-gaiden\/\",\"name\":\"NINJA GAIDEN: Master Collection NINJA GAIDEN \u03a3 em promo\u00e7\u00e3o para PC\",\"isPartOf\":{\"@id\":\"https:\/\/www.gameplayscassi.com.br\/ofertas\/#website\"},\"primaryImageOfPage\":{\"@id\":\"https:\/\/www.gameplayscassi.com.br\/ofertas\/produtos\/jogos\/ninja-gaiden-master-collection-ninja-gaiden\/#primaryimage\"},\"image\":{\"@id\":\"https:\/\/www.gameplayscassi.com.br\/ofertas\/produtos\/jogos\/ninja-gaiden-master-collection-ninja-gaiden\/#primaryimage\"},\"thumbnailUrl\":\"https:\/\/www.gameplayscassi.com.br\/ofertas\/wp-content\/uploads\/2024\/05\/NINJA-GAIDEN-Master-Collection-NINJA-GAIDEN-\u03a3.jpg\",\"datePublished\":\"2024-05-31T20:49:00+00:00\",\"dateModified\":\"2026-05-06T17:45:06+00:00\",\"description\":\"Confira o menor pre\u00e7o para comprar NINJA GAIDEN \u03a3\u00a0no PC. Selecionamos apenas as nossas lojas digitais de confian\u00e7a para a compara\u00e7\u00e3o de pre\u00e7os. Voc\u00ea pode comprar a chave do jogo na loja em que estiver com a melhor oferta. Ap\u00f3s realizar a compra, voc\u00ea precisa utilizar o cliente indicado pela loja para ativar e baixar o seu jogo.\",\"breadcrumb\":{\"@id\":\"https:\/\/www.gameplayscassi.com.br\/ofertas\/produtos\/jogos\/ninja-gaiden-master-collection-ninja-gaiden\/#breadcrumb\"},\"inLanguage\":\"pt-BR\",\"potentialAction\":[{\"@type\":\"ReadAction\",\"target\":[\"https:\/\/www.gameplayscassi.com.br\/ofertas\/produtos\/jogos\/ninja-gaiden-master-collection-ninja-gaiden\/\"]}]},{\"@type\":\"ImageObject\",\"inLanguage\":\"pt-BR\",\"@id\":\"https:\/\/www.gameplayscassi.com.br\/ofertas\/produtos\/jogos\/ninja-gaiden-master-collection-ninja-gaiden\/#primaryimage\",\"url\":\"https:\/\/www.gameplayscassi.com.br\/ofertas\/wp-content\/uploads\/2024\/05\/NINJA-GAIDEN-Master-Collection-NINJA-GAIDEN-\u03a3.jpg\",\"contentUrl\":\"https:\/\/www.gameplayscassi.com.br\/ofertas\/wp-content\/uploads\/2024\/05\/NINJA-GAIDEN-Master-Collection-NINJA-GAIDEN-\u03a3.jpg\",\"width\":1600,\"height\":740},{\"@type\":\"BreadcrumbList\",\"@id\":\"https:\/\/www.gameplayscassi.com.br\/ofertas\/produtos\/jogos\/ninja-gaiden-master-collection-ninja-gaiden\/#breadcrumb\",\"itemListElement\":[{\"@type\":\"ListItem\",\"position\":1,\"name\":\"In\u00edcio\",\"item\":\"https:\/\/www.gameplayscassi.com.br\/ofertas\/\"},{\"@type\":\"ListItem\",\"position\":2,\"name\":\"Produtos\",\"item\":\"https:\/\/www.gameplayscassi.com.br\/ofertas\/\"},{\"@type\":\"ListItem\",\"position\":3,\"name\":\"NINJA GAIDEN: Master Collection NINJA GAIDEN \u03a3\"}]},{\"@type\":\"WebSite\",\"@id\":\"https:\/\/www.gameplayscassi.com.br\/ofertas\/#website\",\"url\":\"https:\/\/www.gameplayscassi.com.br\/ofertas\/\",\"name\":\"Gameplayscassi - Ofertas\",\"description\":\"As melhores ofertas para voc\u00ea\",\"publisher\":{\"@id\":\"https:\/\/www.gameplayscassi.com.br\/ofertas\/#organization\"},\"potentialAction\":[{\"@type\":\"SearchAction\",\"target\":{\"@type\":\"EntryPoint\",\"urlTemplate\":\"https:\/\/www.gameplayscassi.com.br\/ofertas\/?s={search_term_string}\"},\"query-input\":{\"@type\":\"PropertyValueSpecification\",\"valueRequired\":true,\"valueName\":\"search_term_string\"}}],\"inLanguage\":\"pt-BR\"},{\"@type\":\"Organization\",\"@id\":\"https:\/\/www.gameplayscassi.com.br\/ofertas\/#organization\",\"name\":\"Gameplayscassi - Ofertas\",\"url\":\"https:\/\/www.gameplayscassi.com.br\/ofertas\/\",\"logo\":{\"@type\":\"ImageObject\",\"inLanguage\":\"pt-BR\",\"@id\":\"https:\/\/www.gameplayscassi.com.br\/ofertas\/#\/schema\/logo\/image\/\",\"url\":\"https:\/\/www.gameplayscassi.com.br\/ofertas\/wp-content\/uploads\/2024\/06\/Gameplayscassi.png\",\"contentUrl\":\"https:\/\/www.gameplayscassi.com.br\/ofertas\/wp-content\/uploads\/2024\/06\/Gameplayscassi.png\",\"width\":544,\"height\":180,\"caption\":\"Gameplayscassi - Ofertas\"},\"image\":{\"@id\":\"https:\/\/www.gameplayscassi.com.br\/ofertas\/#\/schema\/logo\/image\/\"},\"sameAs\":[\"https:\/\/www.facebook.com\/GamePlaysCassi\/\",\"https:\/\/x.com\/Gameplayscassi\",\"https:\/\/www.youtube.com\/gameplayscassi\",\"https:\/\/www.instagram.com\/gameplayscassii\/\",\"https:\/\/store.steampowered.com\/curator\/31464556\/\",\"https:\/\/discord.com\/servers\/gameplayscassi-598567071298617354\"]}]}<\/script>\n<!-- \/ Yoast SEO plugin. -->","yoast_head_json":{"title":"NINJA GAIDEN: Master Collection NINJA GAIDEN \u03a3 em promo\u00e7\u00e3o para PC","description":"Confira o menor pre\u00e7o para comprar NINJA GAIDEN \u03a3\u00a0no PC. Selecionamos apenas as nossas lojas digitais de confian\u00e7a para a compara\u00e7\u00e3o de pre\u00e7os. Voc\u00ea pode comprar a chave do jogo na loja em que estiver com a melhor oferta. Ap\u00f3s realizar a compra, voc\u00ea precisa utilizar o cliente indicado pela loja para ativar e baixar o seu jogo.","robots":{"index":"index","follow":"follow","max-snippet":"max-snippet:-1","max-image-preview":"max-image-preview:large","max-video-preview":"max-video-preview:-1"},"canonical":"https:\/\/www.gameplayscassi.com.br\/ofertas\/produtos\/jogos\/ninja-gaiden-master-collection-ninja-gaiden\/","og_locale":"pt_BR","og_type":"article","og_title":"NINJA GAIDEN: Master Collection NINJA GAIDEN \u03a3 em promo\u00e7\u00e3o para PC","og_description":"Confira o menor pre\u00e7o para comprar NINJA GAIDEN \u03a3\u00a0no PC. Selecionamos apenas as nossas lojas digitais de confian\u00e7a para a compara\u00e7\u00e3o de pre\u00e7os. Voc\u00ea pode comprar a chave do jogo na loja em que estiver com a melhor oferta. Ap\u00f3s realizar a compra, voc\u00ea precisa utilizar o cliente indicado pela loja para ativar e baixar o seu jogo.","og_url":"https:\/\/www.gameplayscassi.com.br\/ofertas\/produtos\/jogos\/ninja-gaiden-master-collection-ninja-gaiden\/","og_site_name":"Gameplayscassi - Ofertas","article_publisher":"https:\/\/www.facebook.com\/GamePlaysCassi\/","article_modified_time":"2026-05-06T17:45:06+00:00","og_image":[{"width":1600,"height":740,"url":"https:\/\/www.gameplayscassi.com.br\/ofertas\/wp-content\/uploads\/2024\/05\/NINJA-GAIDEN-Master-Collection-NINJA-GAIDEN-\u03a3.jpg","type":"image\/jpeg"}],"twitter_card":"summary_large_image","twitter_site":"@Gameplayscassi","twitter_misc":{"Est. tempo de leitura":"6 minutos"},"schema":{"@context":"https:\/\/schema.org","@graph":[{"@type":"WebPage","@id":"https:\/\/www.gameplayscassi.com.br\/ofertas\/produtos\/jogos\/ninja-gaiden-master-collection-ninja-gaiden\/","url":"https:\/\/www.gameplayscassi.com.br\/ofertas\/produtos\/jogos\/ninja-gaiden-master-collection-ninja-gaiden\/","name":"NINJA GAIDEN: Master Collection NINJA GAIDEN \u03a3 em promo\u00e7\u00e3o para PC","isPartOf":{"@id":"https:\/\/www.gameplayscassi.com.br\/ofertas\/#website"},"primaryImageOfPage":{"@id":"https:\/\/www.gameplayscassi.com.br\/ofertas\/produtos\/jogos\/ninja-gaiden-master-collection-ninja-gaiden\/#primaryimage"},"image":{"@id":"https:\/\/www.gameplayscassi.com.br\/ofertas\/produtos\/jogos\/ninja-gaiden-master-collection-ninja-gaiden\/#primaryimage"},"thumbnailUrl":"https:\/\/www.gameplayscassi.com.br\/ofertas\/wp-content\/uploads\/2024\/05\/NINJA-GAIDEN-Master-Collection-NINJA-GAIDEN-\u03a3.jpg","datePublished":"2024-05-31T20:49:00+00:00","dateModified":"2026-05-06T17:45:06+00:00","description":"Confira o menor pre\u00e7o para comprar NINJA GAIDEN \u03a3\u00a0no PC. Selecionamos apenas as nossas lojas digitais de confian\u00e7a para a compara\u00e7\u00e3o de pre\u00e7os. Voc\u00ea pode comprar a chave do jogo na loja em que estiver com a melhor oferta. Ap\u00f3s realizar a compra, voc\u00ea precisa utilizar o cliente indicado pela loja para ativar e baixar o seu jogo.","breadcrumb":{"@id":"https:\/\/www.gameplayscassi.com.br\/ofertas\/produtos\/jogos\/ninja-gaiden-master-collection-ninja-gaiden\/#breadcrumb"},"inLanguage":"pt-BR","potentialAction":[{"@type":"ReadAction","target":["https:\/\/www.gameplayscassi.com.br\/ofertas\/produtos\/jogos\/ninja-gaiden-master-collection-ninja-gaiden\/"]}]},{"@type":"ImageObject","inLanguage":"pt-BR","@id":"https:\/\/www.gameplayscassi.com.br\/ofertas\/produtos\/jogos\/ninja-gaiden-master-collection-ninja-gaiden\/#primaryimage","url":"https:\/\/www.gameplayscassi.com.br\/ofertas\/wp-content\/uploads\/2024\/05\/NINJA-GAIDEN-Master-Collection-NINJA-GAIDEN-\u03a3.jpg","contentUrl":"https:\/\/www.gameplayscassi.com.br\/ofertas\/wp-content\/uploads\/2024\/05\/NINJA-GAIDEN-Master-Collection-NINJA-GAIDEN-\u03a3.jpg","width":1600,"height":740},{"@type":"BreadcrumbList","@id":"https:\/\/www.gameplayscassi.com.br\/ofertas\/produtos\/jogos\/ninja-gaiden-master-collection-ninja-gaiden\/#breadcrumb","itemListElement":[{"@type":"ListItem","position":1,"name":"In\u00edcio","item":"https:\/\/www.gameplayscassi.com.br\/ofertas\/"},{"@type":"ListItem","position":2,"name":"Produtos","item":"https:\/\/www.gameplayscassi.com.br\/ofertas\/"},{"@type":"ListItem","position":3,"name":"NINJA GAIDEN: Master Collection NINJA GAIDEN \u03a3"}]},{"@type":"WebSite","@id":"https:\/\/www.gameplayscassi.com.br\/ofertas\/#website","url":"https:\/\/www.gameplayscassi.com.br\/ofertas\/","name":"Gameplayscassi - Ofertas","description":"As melhores ofertas para voc\u00ea","publisher":{"@id":"https:\/\/www.gameplayscassi.com.br\/ofertas\/#organization"},"potentialAction":[{"@type":"SearchAction","target":{"@type":"EntryPoint","urlTemplate":"https:\/\/www.gameplayscassi.com.br\/ofertas\/?s={search_term_string}"},"query-input":{"@type":"PropertyValueSpecification","valueRequired":true,"valueName":"search_term_string"}}],"inLanguage":"pt-BR"},{"@type":"Organization","@id":"https:\/\/www.gameplayscassi.com.br\/ofertas\/#organization","name":"Gameplayscassi - Ofertas","url":"https:\/\/www.gameplayscassi.com.br\/ofertas\/","logo":{"@type":"ImageObject","inLanguage":"pt-BR","@id":"https:\/\/www.gameplayscassi.com.br\/ofertas\/#\/schema\/logo\/image\/","url":"https:\/\/www.gameplayscassi.com.br\/ofertas\/wp-content\/uploads\/2024\/06\/Gameplayscassi.png","contentUrl":"https:\/\/www.gameplayscassi.com.br\/ofertas\/wp-content\/uploads\/2024\/06\/Gameplayscassi.png","width":544,"height":180,"caption":"Gameplayscassi - Ofertas"},"image":{"@id":"https:\/\/www.gameplayscassi.com.br\/ofertas\/#\/schema\/logo\/image\/"},"sameAs":["https:\/\/www.facebook.com\/GamePlaysCassi\/","https:\/\/x.com\/Gameplayscassi","https:\/\/www.youtube.com\/gameplayscassi","https:\/\/www.instagram.com\/gameplayscassii\/","https:\/\/store.steampowered.com\/curator\/31464556\/","https:\/\/discord.com\/servers\/gameplayscassi-598567071298617354"]}]}},"jetpack_sharing_enabled":true,"_links":{"self":[{"href":"https:\/\/www.gameplayscassi.com.br\/ofertas\/wp-json\/wp\/v2\/product\/72925","targetHints":{"allow":["GET"]}}],"collection":[{"href":"https:\/\/www.gameplayscassi.com.br\/ofertas\/wp-json\/wp\/v2\/product"}],"about":[{"href":"https:\/\/www.gameplayscassi.com.br\/ofertas\/wp-json\/wp\/v2\/types\/product"}],"version-history":[{"count":0,"href":"https:\/\/www.gameplayscassi.com.br\/ofertas\/wp-json\/wp\/v2\/product\/72925\/revisions"}],"wp:featuredmedia":[{"embeddable":true,"href":"https:\/\/www.gameplayscassi.com.br\/ofertas\/wp-json\/wp\/v2\/media\/73390"}],"wp:attachment":[{"href":"https:\/\/www.gameplayscassi.com.br\/ofertas\/wp-json\/wp\/v2\/media?parent=72925"}],"wp:term":[{"taxonomy":"store","embeddable":true,"href":"https:\/\/www.gameplayscassi.com.br\/ofertas\/wp-json\/wp\/v2\/store?post=72925"},{"taxonomy":"product_brand","embeddable":true,"href":"https:\/\/www.gameplayscassi.com.br\/ofertas\/wp-json\/wp\/v2\/product_brand?post=72925"},{"taxonomy":"product_cat","embeddable":true,"href":"https:\/\/www.gameplayscassi.com.br\/ofertas\/wp-json\/wp\/v2\/product_cat?post=72925"},{"taxonomy":"product_tag","embeddable":true,"href":"https:\/\/www.gameplayscassi.com.br\/ofertas\/wp-json\/wp\/v2\/product_tag?post=72925"}],"curies":[{"name":"wp","href":"https:\/\/api.w.org\/{rel}","templated":true}]}}