{"id":72739,"date":"2024-05-09T23:21:36","date_gmt":"2024-05-09T23:21:36","guid":{"rendered":"https:\/\/www.gameplayscassi.com.br\/ofertas\/produtos\/sem%20categoria\/lost-planet-2\/"},"modified":"2024-06-01T20:39:30","modified_gmt":"2024-06-01T20:39:30","slug":"lost-planet-2","status":"publish","type":"product","link":"https:\/\/www.gameplayscassi.com.br\/ofertas\/produtos\/jogos\/lost-planet-2\/","title":{"rendered":"Lost Planet 2"},"content":{"rendered":"<p>A a\u00e7\u00e3o grandiosa de\u00a0<strong>Lost Planet 2<\/strong>\u00a0chega ao PC!\u00a0<strong>Lost Planet 2<\/strong>\u00a0\u00e9 a sequ\u00eancia de Lost Planet\u2122: Extreme Condition, o marco do jogo de tiro em terceira pessoa que estreou no Xbox 360 e vendeu mais de 2,3 milh\u00f5es de unidades em todo o mundo ap\u00f3s seu lan\u00e7amento. Lost Planet 2 oferece uma vis\u00e3o mais profunda do mundo de EDN III e do destino incerto da humanidade futura.<\/p>\n<p>J\u00e1 aclamado pelos feitos visuais das vers\u00f5es de console, Lost Planet 2 definir\u00e1 a experi\u00eancia 3D no PC. Ambientes impressionantes mergulhar\u00e3o o jogador na tecnologia NVIDIA Vision Surround, e a jogabilidade reequilibrada e a mec\u00e2nica de controle simplificada tornam Lost Planet 2 PC a experi\u00eancia definitiva em Lost Planet.<\/p>\n<p>Uma d\u00e9cada se passou desde os eventos do primeiro jogo e a face do EDN III mudou dramaticamente. Os esfor\u00e7os de terraforma\u00e7\u00e3o foram bem sucedidos e o gelo come\u00e7ou a derreter, dando lugar a selvas tropicais exuberantes e desertos implac\u00e1veis. A humanidade travou uma guerra civil para assumir o controle da preciosa Energia T\u00e9rmica que alimenta armas e ve\u00edculos em EDN III e resultou na separa\u00e7\u00e3o em v\u00e1rias fac\u00e7\u00f5es.<\/p>\n<p>Os jogadores controlar\u00e3o her\u00f3is de cada fac\u00e7\u00e3o em 6 epis\u00f3dios interconectados, vendo a guerra da perspectiva de cada um, criando uma experi\u00eancia interativa verdadeiramente \u00fanica. Com este conceito, os jogadores ter\u00e3o a oportunidade de se envolver na hist\u00f3ria de uma forma muito mais din\u00e2mica, \u00e0 medida que o enredo evolui a partir das perspectivas dos diferentes jogadores.<\/p>\n<p>O modo campanha intenso e cheio de a\u00e7\u00e3o permite formar equipes de at\u00e9 4 jogadores online. Al\u00e9m dos profundos modos single-player e cooperativo, Lost Planet 2 est\u00e1 repleto de extensos modos multijogador, permitindo que at\u00e9 16 jogadores compitam online, cada um com seu pr\u00f3prio avatar personaliz\u00e1vel.<\/p>\n<p>Nenhum jogo de a\u00e7\u00e3o estaria completo sem um arsenal de armas, e\u00a0<strong>Lost Planet 2<\/strong>\u00a0tem uma enorme variedade de hardware para os jogadores atacarem inimigos desavisados. Metralhadoras, espingardas, lan\u00e7adores de foguetes, lasers, rifles de precis\u00e3o, granadas e uma s\u00e9rie de outras armas est\u00e3o espalhadas pelo jogo. Os ganchos que tornaram a jogabilidade em Lost Planet uma verdadeira experi\u00eancia 3D est\u00e3o de volta, permitindo aos jogadores obter vantagem t\u00e1tica movendo-se rapidamente para locais elevados.<\/p>\n<p>As maiores armas de Lost Planet 2 v\u00eam sobre duas pernas: os Vital Suits rob\u00f3ticos fortemente armados e blindados retornam em maior n\u00famero e variedade do que no primeiro jogo. Existem VS que se transformam em outros ve\u00edculos, comportam at\u00e9 tr\u00eas jogadores e alguns que at\u00e9 levam v\u00e1rios jogadores para operar.<\/p>\n<h2 class=\"bb_tag\"><strong>Caracter\u00edsticas principais:<\/strong><\/h2>\n<ul class=\"bb_ul\">\n<li><strong>A\u00e7\u00e3o cooperativa:<\/strong>\u00a0Junte-se para lutar contra o gigante Akrid em um explosivo jogo cooperativo online para 4 jogadores. O trabalho em equipe \u00e9 a chave para a vit\u00f3ria do jogador, pois a equipe depende uma da outra para ter sucesso e sobreviver.<\/li>\n<li><strong>Enorme escala de inimigos:<\/strong>\u00a0A habilidade dos jogadores no campo de batalha e a capacidade de trabalhar em equipe ser\u00e3o testadas como nunca antes contra o gigante Akrid. Os jogadores utilizar\u00e3o t\u00e1ticas de trabalho em equipe, novas armas e uma variedade de trajes vitais (VS) para lutar contra esses chefes gigantescos.<\/li>\n<li><strong>Belos ambientes massivos:<\/strong>\u00a0O motor gr\u00e1fico avan\u00e7ado da Capcom, MT Framework 2.0 e suporte para DirectX 11 dar\u00e3o vida ao jogo com o pr\u00f3ximo passo em fidelidade e desempenho 3D. Veja o mundo de Lost Planet 2 com novos olhos, com suporte para mosaico de hardware e shader de computa\u00e7\u00e3o.<\/li>\n<li><strong>N\u00edvel profundo de personaliza\u00e7\u00e3o de personagens:<\/strong>\u00a0Os jogadores ter\u00e3o centenas de maneiras diferentes de personalizar sua apar\u00eancia, nome de guerra, emotes e armas para realmente ajud\u00e1-los a definir seu personagem no campo de batalha. Uma ampla gama de habilidades personaliz\u00e1veis \u200b\u200b\u200b\u200bque v\u00e3o desde sofrer menos danos, correr mais r\u00e1pido e operar postagens de dados mais rapidamente<\/li>\n<li><strong>Sistema de Recompensas:<\/strong>\u00a0Os jogadores receber\u00e3o recompensas por ajudar os companheiros e contribuir para o sucesso da equipe<\/li>\n<li><strong>Multijogador:<\/strong>\u00a0Participe de partidas multijogador para 16 jogadores com nove mapas diferentes e 5 modos de jogo diferentes, incluindo Data Post Battle, Akrid Egg Battle, Fugitive, Elimination e Team Elimination. Mapas adicionais estar\u00e3o dispon\u00edveis como conte\u00fado para download ap\u00f3s o lan\u00e7amento do jogo.<\/li>\n<li><strong>Novos recursos emocionantes de VS:<\/strong>\u00a0Com base no feedback dos f\u00e3s, a equipe implementou uma variedade inacredit\u00e1vel de Vital Suits e novas maneiras de combater VSs. O novo sistema VS ter\u00e1 um impacto poderoso na maneira como o jogador chega \u00e0 zona de guerra em Lost Planet 2.<\/li>\n<\/ul>\n","protected":false},"excerpt":{"rendered":"<p>Confira o menor pre\u00e7o para comprar <strong>Lost Planet 2<\/strong> no PC. Selecionamos apenas as nossas lojas digitais de confian\u00e7a para a compara\u00e7\u00e3o de pre\u00e7os. Voc\u00ea pode comprar a chave do jogo na loja em que estiver com a melhor oferta. Ap\u00f3s realizar a compra, voc\u00ea precisa utilizar o cliente indicado pela loja para ativar e baixar o seu jogo.<\/p>\n","protected":false},"featured_media":72846,"template":"","meta":[],"store":[],"product_brand":[],"product_cat":[25],"product_tag":[119,125,50,165,163,432,595,122,26,31,277],"class_list":{"0":"post-72739","1":"product","2":"type-product","3":"status-publish","4":"has-post-thumbnail","6":"product_cat-jogos","7":"product_tag-acao","8":"product_tag-aventura","9":"product_tag-capcom","10":"product_tag-cooperativo","11":"product_tag-cooperativo-on-line","12":"product_tag-ficcao-cientifica","13":"product_tag-mechas","14":"product_tag-multijogador","15":"product_tag-pc","16":"product_tag-steam","17":"product_tag-tiro-em-terceira-pessoa","19":"first","20":"outofstock","21":"product-type-simple"},"yoast_head":"<!-- This site is optimized with the Yoast SEO plugin v27.2 - https:\/\/yoast.com\/product\/yoast-seo-wordpress\/ -->\n<title>Lost Planet 2 em promo\u00e7\u00e3o para PC<\/title>\n<meta name=\"description\" content=\"Confira o menor pre\u00e7o para comprar Lost Planet 2 no PC. Selecionamos apenas as nossas lojas digitais de confian\u00e7a para a compara\u00e7\u00e3o de pre\u00e7os. Voc\u00ea pode comprar a chave do jogo na loja em que estiver com a melhor oferta. Ap\u00f3s realizar a compra, voc\u00ea precisa utilizar o cliente indicado pela loja para ativar e baixar o seu jogo.\" \/>\n<meta name=\"robots\" content=\"index, follow, max-snippet:-1, max-image-preview:large, max-video-preview:-1\" \/>\n<link rel=\"canonical\" href=\"https:\/\/www.gameplayscassi.com.br\/ofertas\/produtos\/jogos\/lost-planet-2\/\" \/>\n<meta property=\"og:locale\" content=\"pt_BR\" \/>\n<meta property=\"og:type\" content=\"article\" \/>\n<meta property=\"og:title\" content=\"Lost Planet 2 em promo\u00e7\u00e3o para PC\" \/>\n<meta property=\"og:description\" content=\"Confira o menor pre\u00e7o para comprar Lost Planet 2 no PC. Selecionamos apenas as nossas lojas digitais de confian\u00e7a para a compara\u00e7\u00e3o de pre\u00e7os. Voc\u00ea pode comprar a chave do jogo na loja em que estiver com a melhor oferta. Ap\u00f3s realizar a compra, voc\u00ea precisa utilizar o cliente indicado pela loja para ativar e baixar o seu jogo.\" \/>\n<meta property=\"og:url\" content=\"https:\/\/www.gameplayscassi.com.br\/ofertas\/produtos\/jogos\/lost-planet-2\/\" \/>\n<meta property=\"og:site_name\" content=\"Gameplayscassi - Ofertas\" \/>\n<meta property=\"article:publisher\" content=\"https:\/\/www.facebook.com\/GamePlaysCassi\/\" \/>\n<meta property=\"article:modified_time\" content=\"2024-06-01T20:39:30+00:00\" \/>\n<meta property=\"og:image\" content=\"https:\/\/www.gameplayscassi.com.br\/ofertas\/wp-content\/uploads\/2024\/05\/Lost-Planet-2.jpg\" \/>\n\t<meta property=\"og:image:width\" content=\"1600\" \/>\n\t<meta property=\"og:image:height\" content=\"740\" \/>\n\t<meta property=\"og:image:type\" content=\"image\/jpeg\" \/>\n<meta name=\"twitter:card\" content=\"summary_large_image\" \/>\n<meta name=\"twitter:site\" content=\"@Gameplayscassi\" \/>\n<meta name=\"twitter:label1\" content=\"Est. tempo de leitura\" \/>\n\t<meta name=\"twitter:data1\" content=\"4 minutos\" \/>\n<script type=\"application\/ld+json\" class=\"yoast-schema-graph\">{\"@context\":\"https:\/\/schema.org\",\"@graph\":[{\"@type\":\"WebPage\",\"@id\":\"https:\/\/www.gameplayscassi.com.br\/ofertas\/produtos\/jogos\/lost-planet-2\/\",\"url\":\"https:\/\/www.gameplayscassi.com.br\/ofertas\/produtos\/jogos\/lost-planet-2\/\",\"name\":\"Lost Planet 2 em promo\u00e7\u00e3o para PC\",\"isPartOf\":{\"@id\":\"https:\/\/www.gameplayscassi.com.br\/ofertas\/#website\"},\"primaryImageOfPage\":{\"@id\":\"https:\/\/www.gameplayscassi.com.br\/ofertas\/produtos\/jogos\/lost-planet-2\/#primaryimage\"},\"image\":{\"@id\":\"https:\/\/www.gameplayscassi.com.br\/ofertas\/produtos\/jogos\/lost-planet-2\/#primaryimage\"},\"thumbnailUrl\":\"https:\/\/www.gameplayscassi.com.br\/ofertas\/wp-content\/uploads\/2024\/05\/Lost-Planet-2.jpg\",\"datePublished\":\"2024-05-09T23:21:36+00:00\",\"dateModified\":\"2024-06-01T20:39:30+00:00\",\"description\":\"Confira o menor pre\u00e7o para comprar Lost Planet 2 no PC. Selecionamos apenas as nossas lojas digitais de confian\u00e7a para a compara\u00e7\u00e3o de pre\u00e7os. Voc\u00ea pode comprar a chave do jogo na loja em que estiver com a melhor oferta. Ap\u00f3s realizar a compra, voc\u00ea precisa utilizar o cliente indicado pela loja para ativar e baixar o seu jogo.\",\"breadcrumb\":{\"@id\":\"https:\/\/www.gameplayscassi.com.br\/ofertas\/produtos\/jogos\/lost-planet-2\/#breadcrumb\"},\"inLanguage\":\"pt-BR\",\"potentialAction\":[{\"@type\":\"ReadAction\",\"target\":[\"https:\/\/www.gameplayscassi.com.br\/ofertas\/produtos\/jogos\/lost-planet-2\/\"]}]},{\"@type\":\"ImageObject\",\"inLanguage\":\"pt-BR\",\"@id\":\"https:\/\/www.gameplayscassi.com.br\/ofertas\/produtos\/jogos\/lost-planet-2\/#primaryimage\",\"url\":\"https:\/\/www.gameplayscassi.com.br\/ofertas\/wp-content\/uploads\/2024\/05\/Lost-Planet-2.jpg\",\"contentUrl\":\"https:\/\/www.gameplayscassi.com.br\/ofertas\/wp-content\/uploads\/2024\/05\/Lost-Planet-2.jpg\",\"width\":1600,\"height\":740},{\"@type\":\"BreadcrumbList\",\"@id\":\"https:\/\/www.gameplayscassi.com.br\/ofertas\/produtos\/jogos\/lost-planet-2\/#breadcrumb\",\"itemListElement\":[{\"@type\":\"ListItem\",\"position\":1,\"name\":\"In\u00edcio\",\"item\":\"https:\/\/www.gameplayscassi.com.br\/ofertas\/\"},{\"@type\":\"ListItem\",\"position\":2,\"name\":\"Produtos\",\"item\":\"https:\/\/www.gameplayscassi.com.br\/ofertas\/\"},{\"@type\":\"ListItem\",\"position\":3,\"name\":\"Lost Planet 2\"}]},{\"@type\":\"WebSite\",\"@id\":\"https:\/\/www.gameplayscassi.com.br\/ofertas\/#website\",\"url\":\"https:\/\/www.gameplayscassi.com.br\/ofertas\/\",\"name\":\"Gameplayscassi - Ofertas\",\"description\":\"As melhores ofertas para voc\u00ea\",\"publisher\":{\"@id\":\"https:\/\/www.gameplayscassi.com.br\/ofertas\/#organization\"},\"potentialAction\":[{\"@type\":\"SearchAction\",\"target\":{\"@type\":\"EntryPoint\",\"urlTemplate\":\"https:\/\/www.gameplayscassi.com.br\/ofertas\/?s={search_term_string}\"},\"query-input\":{\"@type\":\"PropertyValueSpecification\",\"valueRequired\":true,\"valueName\":\"search_term_string\"}}],\"inLanguage\":\"pt-BR\"},{\"@type\":\"Organization\",\"@id\":\"https:\/\/www.gameplayscassi.com.br\/ofertas\/#organization\",\"name\":\"Gameplayscassi - Ofertas\",\"url\":\"https:\/\/www.gameplayscassi.com.br\/ofertas\/\",\"logo\":{\"@type\":\"ImageObject\",\"inLanguage\":\"pt-BR\",\"@id\":\"https:\/\/www.gameplayscassi.com.br\/ofertas\/#\/schema\/logo\/image\/\",\"url\":\"https:\/\/www.gameplayscassi.com.br\/ofertas\/wp-content\/uploads\/2024\/06\/Gameplayscassi.png\",\"contentUrl\":\"https:\/\/www.gameplayscassi.com.br\/ofertas\/wp-content\/uploads\/2024\/06\/Gameplayscassi.png\",\"width\":544,\"height\":180,\"caption\":\"Gameplayscassi - Ofertas\"},\"image\":{\"@id\":\"https:\/\/www.gameplayscassi.com.br\/ofertas\/#\/schema\/logo\/image\/\"},\"sameAs\":[\"https:\/\/www.facebook.com\/GamePlaysCassi\/\",\"https:\/\/x.com\/Gameplayscassi\",\"https:\/\/www.youtube.com\/gameplayscassi\",\"https:\/\/www.instagram.com\/gameplayscassii\/\",\"https:\/\/store.steampowered.com\/curator\/31464556\/\",\"https:\/\/discord.com\/servers\/gameplayscassi-598567071298617354\"]}]}<\/script>\n<!-- \/ Yoast SEO plugin. -->","yoast_head_json":{"title":"Lost Planet 2 em promo\u00e7\u00e3o para PC","description":"Confira o menor pre\u00e7o para comprar Lost Planet 2 no PC. Selecionamos apenas as nossas lojas digitais de confian\u00e7a para a compara\u00e7\u00e3o de pre\u00e7os. Voc\u00ea pode comprar a chave do jogo na loja em que estiver com a melhor oferta. Ap\u00f3s realizar a compra, voc\u00ea precisa utilizar o cliente indicado pela loja para ativar e baixar o seu jogo.","robots":{"index":"index","follow":"follow","max-snippet":"max-snippet:-1","max-image-preview":"max-image-preview:large","max-video-preview":"max-video-preview:-1"},"canonical":"https:\/\/www.gameplayscassi.com.br\/ofertas\/produtos\/jogos\/lost-planet-2\/","og_locale":"pt_BR","og_type":"article","og_title":"Lost Planet 2 em promo\u00e7\u00e3o para PC","og_description":"Confira o menor pre\u00e7o para comprar Lost Planet 2 no PC. Selecionamos apenas as nossas lojas digitais de confian\u00e7a para a compara\u00e7\u00e3o de pre\u00e7os. Voc\u00ea pode comprar a chave do jogo na loja em que estiver com a melhor oferta. Ap\u00f3s realizar a compra, voc\u00ea precisa utilizar o cliente indicado pela loja para ativar e baixar o seu jogo.","og_url":"https:\/\/www.gameplayscassi.com.br\/ofertas\/produtos\/jogos\/lost-planet-2\/","og_site_name":"Gameplayscassi - Ofertas","article_publisher":"https:\/\/www.facebook.com\/GamePlaysCassi\/","article_modified_time":"2024-06-01T20:39:30+00:00","og_image":[{"width":1600,"height":740,"url":"https:\/\/www.gameplayscassi.com.br\/ofertas\/wp-content\/uploads\/2024\/05\/Lost-Planet-2.jpg","type":"image\/jpeg"}],"twitter_card":"summary_large_image","twitter_site":"@Gameplayscassi","twitter_misc":{"Est. tempo de leitura":"4 minutos"},"schema":{"@context":"https:\/\/schema.org","@graph":[{"@type":"WebPage","@id":"https:\/\/www.gameplayscassi.com.br\/ofertas\/produtos\/jogos\/lost-planet-2\/","url":"https:\/\/www.gameplayscassi.com.br\/ofertas\/produtos\/jogos\/lost-planet-2\/","name":"Lost Planet 2 em promo\u00e7\u00e3o para PC","isPartOf":{"@id":"https:\/\/www.gameplayscassi.com.br\/ofertas\/#website"},"primaryImageOfPage":{"@id":"https:\/\/www.gameplayscassi.com.br\/ofertas\/produtos\/jogos\/lost-planet-2\/#primaryimage"},"image":{"@id":"https:\/\/www.gameplayscassi.com.br\/ofertas\/produtos\/jogos\/lost-planet-2\/#primaryimage"},"thumbnailUrl":"https:\/\/www.gameplayscassi.com.br\/ofertas\/wp-content\/uploads\/2024\/05\/Lost-Planet-2.jpg","datePublished":"2024-05-09T23:21:36+00:00","dateModified":"2024-06-01T20:39:30+00:00","description":"Confira o menor pre\u00e7o para comprar Lost Planet 2 no PC. Selecionamos apenas as nossas lojas digitais de confian\u00e7a para a compara\u00e7\u00e3o de pre\u00e7os. Voc\u00ea pode comprar a chave do jogo na loja em que estiver com a melhor oferta. Ap\u00f3s realizar a compra, voc\u00ea precisa utilizar o cliente indicado pela loja para ativar e baixar o seu jogo.","breadcrumb":{"@id":"https:\/\/www.gameplayscassi.com.br\/ofertas\/produtos\/jogos\/lost-planet-2\/#breadcrumb"},"inLanguage":"pt-BR","potentialAction":[{"@type":"ReadAction","target":["https:\/\/www.gameplayscassi.com.br\/ofertas\/produtos\/jogos\/lost-planet-2\/"]}]},{"@type":"ImageObject","inLanguage":"pt-BR","@id":"https:\/\/www.gameplayscassi.com.br\/ofertas\/produtos\/jogos\/lost-planet-2\/#primaryimage","url":"https:\/\/www.gameplayscassi.com.br\/ofertas\/wp-content\/uploads\/2024\/05\/Lost-Planet-2.jpg","contentUrl":"https:\/\/www.gameplayscassi.com.br\/ofertas\/wp-content\/uploads\/2024\/05\/Lost-Planet-2.jpg","width":1600,"height":740},{"@type":"BreadcrumbList","@id":"https:\/\/www.gameplayscassi.com.br\/ofertas\/produtos\/jogos\/lost-planet-2\/#breadcrumb","itemListElement":[{"@type":"ListItem","position":1,"name":"In\u00edcio","item":"https:\/\/www.gameplayscassi.com.br\/ofertas\/"},{"@type":"ListItem","position":2,"name":"Produtos","item":"https:\/\/www.gameplayscassi.com.br\/ofertas\/"},{"@type":"ListItem","position":3,"name":"Lost Planet 2"}]},{"@type":"WebSite","@id":"https:\/\/www.gameplayscassi.com.br\/ofertas\/#website","url":"https:\/\/www.gameplayscassi.com.br\/ofertas\/","name":"Gameplayscassi - Ofertas","description":"As melhores ofertas para voc\u00ea","publisher":{"@id":"https:\/\/www.gameplayscassi.com.br\/ofertas\/#organization"},"potentialAction":[{"@type":"SearchAction","target":{"@type":"EntryPoint","urlTemplate":"https:\/\/www.gameplayscassi.com.br\/ofertas\/?s={search_term_string}"},"query-input":{"@type":"PropertyValueSpecification","valueRequired":true,"valueName":"search_term_string"}}],"inLanguage":"pt-BR"},{"@type":"Organization","@id":"https:\/\/www.gameplayscassi.com.br\/ofertas\/#organization","name":"Gameplayscassi - Ofertas","url":"https:\/\/www.gameplayscassi.com.br\/ofertas\/","logo":{"@type":"ImageObject","inLanguage":"pt-BR","@id":"https:\/\/www.gameplayscassi.com.br\/ofertas\/#\/schema\/logo\/image\/","url":"https:\/\/www.gameplayscassi.com.br\/ofertas\/wp-content\/uploads\/2024\/06\/Gameplayscassi.png","contentUrl":"https:\/\/www.gameplayscassi.com.br\/ofertas\/wp-content\/uploads\/2024\/06\/Gameplayscassi.png","width":544,"height":180,"caption":"Gameplayscassi - Ofertas"},"image":{"@id":"https:\/\/www.gameplayscassi.com.br\/ofertas\/#\/schema\/logo\/image\/"},"sameAs":["https:\/\/www.facebook.com\/GamePlaysCassi\/","https:\/\/x.com\/Gameplayscassi","https:\/\/www.youtube.com\/gameplayscassi","https:\/\/www.instagram.com\/gameplayscassii\/","https:\/\/store.steampowered.com\/curator\/31464556\/","https:\/\/discord.com\/servers\/gameplayscassi-598567071298617354"]}]}},"jetpack_sharing_enabled":true,"_links":{"self":[{"href":"https:\/\/www.gameplayscassi.com.br\/ofertas\/wp-json\/wp\/v2\/product\/72739","targetHints":{"allow":["GET"]}}],"collection":[{"href":"https:\/\/www.gameplayscassi.com.br\/ofertas\/wp-json\/wp\/v2\/product"}],"about":[{"href":"https:\/\/www.gameplayscassi.com.br\/ofertas\/wp-json\/wp\/v2\/types\/product"}],"version-history":[{"count":0,"href":"https:\/\/www.gameplayscassi.com.br\/ofertas\/wp-json\/wp\/v2\/product\/72739\/revisions"}],"wp:featuredmedia":[{"embeddable":true,"href":"https:\/\/www.gameplayscassi.com.br\/ofertas\/wp-json\/wp\/v2\/media\/72846"}],"wp:attachment":[{"href":"https:\/\/www.gameplayscassi.com.br\/ofertas\/wp-json\/wp\/v2\/media?parent=72739"}],"wp:term":[{"taxonomy":"store","embeddable":true,"href":"https:\/\/www.gameplayscassi.com.br\/ofertas\/wp-json\/wp\/v2\/store?post=72739"},{"taxonomy":"product_brand","embeddable":true,"href":"https:\/\/www.gameplayscassi.com.br\/ofertas\/wp-json\/wp\/v2\/product_brand?post=72739"},{"taxonomy":"product_cat","embeddable":true,"href":"https:\/\/www.gameplayscassi.com.br\/ofertas\/wp-json\/wp\/v2\/product_cat?post=72739"},{"taxonomy":"product_tag","embeddable":true,"href":"https:\/\/www.gameplayscassi.com.br\/ofertas\/wp-json\/wp\/v2\/product_tag?post=72739"}],"curies":[{"name":"wp","href":"https:\/\/api.w.org\/{rel}","templated":true}]}}