{"id":72733,"date":"2024-05-09T20:21:36","date_gmt":"2024-05-09T23:21:36","guid":{"rendered":"https:\/\/www.gameplayscassi.com.br\/ofertas\/produtos\/sem%20categoria\/exoprimal\/"},"modified":"2026-05-01T18:04:24","modified_gmt":"2026-05-01T21:04:24","slug":"exoprimal","status":"publish","type":"product","link":"https:\/\/www.gameplayscassi.com.br\/ofertas\/produtos\/jogos\/exoprimal\/","title":{"rendered":"Exoprimal"},"content":{"rendered":"<p><img decoding=\"async\" src=\"https:\/\/cdn.cloudflare.steamstatic.com\/steam\/apps\/1286320\/extras\/01.png?t=1713328157\" \/><\/p>\n<h2 class=\"bb_tag\"><strong>\u3010DETALHES DO JOGO\u3011<\/strong><\/h2>\n<p>Exoprimal \u00e9 um jogo online de a\u00e7\u00e3o em equipe que coloca a tecnologia de ponta da humanidade, os exotrajes, contra as feras mais terr\u00edveis da hist\u00f3ria: os dinossauros.<br \/>\nOs exotrajes s\u00e3o agrupados em diferentes fun\u00e7\u00f5es e os jogadores pilotar\u00e3o esses exotrajes para resistir \u00e0s hordas de dinossauros em modos de jogo apenas online com a\u00e7\u00e3o em equipes.<\/p>\n<h2 class=\"bb_tag\"><strong>\u3010HIST\u00d3RIA\u3011<\/strong><\/h2>\n<p>O ano \u00e9 2040\u2026<br \/>\nRepentinas invas\u00f5es de dinossauros colocaram<br \/>\no mundo em uma crise que amea\u00e7a a pr\u00f3pria exist\u00eancia da humanidade.<\/p>\n<p>Mas nem toda esperan\u00e7a est\u00e1 perdida.<br \/>\nA corpora\u00e7\u00e3o Aibius desenvolveu uma IA extremamente avan\u00e7ada, chamada Leviat\u00e3, que pode prever os locais das pr\u00f3ximas invas\u00f5es.<br \/>\nEssa tecnologia, aliada aos revolucion\u00e1rios trajes energizados da Aibius, tamb\u00e9m chamados de exotrajes, d\u00e1 \u00e0 humanidade uma chance de deter as hordas de dinossauros. Tem sido grande a procura por pilotos de exotrajes, tamb\u00e9m conhecidos como exocombatentes.<br \/>\nFa\u00e7a o teste de aptid\u00e3o de exocombatente e junte-se aos heroicos pilotos da Aibius na luta para evitar a extin\u00e7\u00e3o da ra\u00e7a humana.<\/p>\n<h2 class=\"bb_tag\"><strong>\u3010EXOTRAJES\u3011<\/strong><\/h2>\n<p>Os exotrajes s\u00e3o trajes energizados de \u00faltima gera\u00e7\u00e3o para combater a amea\u00e7a dos dinossauros.<br \/>\nOs exocombatentes podem mudar de exotraje a qualquer momento, at\u00e9 mesmo no meio da batalha. Aproveite essa flexibilidade para alterar a composi\u00e7\u00e3o da sua equipe conforme a necessidade e concluir seus objetivos.<\/p>\n<p><img decoding=\"async\" src=\"https:\/\/cdn.cloudflare.steamstatic.com\/steam\/apps\/1286320\/extras\/02.png?t=1713328157\" \/><\/p>\n<h2 class=\"bb_tag\"><strong>FUN\u00c7\u00d5ES<\/strong><\/h2>\n<p><strong>OFENSIVA<\/strong><br \/>\nExotrajes de ofensiva s\u00e3o criados para causar dano aos inimigos com ataques a curta, m\u00e9dia ou longa dist\u00e2ncia.<br \/>\nOs equipamentos carregados s\u00e3o diferentes, mas cada exotraje de ofensiva est\u00e1 equipado com armas e habilidades espec\u00edficas para seu alcance efetivo de combate.<br \/>\nUse a melhor arma para cada situa\u00e7\u00e3o e extermine qualquer coisa que ficar em seu caminho.<\/p>\n<p><img decoding=\"async\" src=\"https:\/\/cdn.cloudflare.steamstatic.com\/steam\/apps\/1286320\/extras\/03.png?t=1713328157\" \/><\/p>\n<p><strong>TANQUE<\/strong><br \/>\nOs exotrajes de tanque s\u00e3o especializados em proteger os aliados, atraindo os ataques dos inimigos e absorvendo dano.<br \/>\nSeja resistindo a uma horda imensa ou detendo ataques incans\u00e1veis de dinossauros, os exotrajes de tanque ser\u00e3o a primeira linha de defesa da sua equipe.<\/p>\n<p><img decoding=\"async\" src=\"https:\/\/cdn.cloudflare.steamstatic.com\/steam\/apps\/1286320\/extras\/04.png?t=1713328157\" \/><\/p>\n<p><strong>SUPORTE<\/strong><br \/>\nOs exotrajes de suporte usam uma variedade de habilidades para garantir a sobreviv\u00eancia da equipe.<br \/>\nEmbora a capacidade de consertar os exotrajes dos aliados seja a mais comum, os exotrajes de suporte tamb\u00e9m est\u00e3o equipados com variadas habilidades que concedem efeitos positivos e negativos.<br \/>\nOs exotrajes de suporte usam essas habilidades para melhorar a efic\u00e1cia de combate da equipe e cumprir os objetivos ainda mais r\u00e1pido.<\/p>\n<p><img decoding=\"async\" src=\"https:\/\/cdn.cloudflare.steamstatic.com\/steam\/apps\/1286320\/extras\/05.png?t=1713328157\" \/><\/p>\n<h2 class=\"bb_tag\"><strong>IMPLEMENTOS<\/strong><\/h2>\n<p>Os implementos s\u00e3o pe\u00e7as adicionais de equipamentos para os exotrajes.<br \/>\nOs implementos oferecem habilidades adicionais para os exotrajes, mas somente um pode ser equipado de cada vez.<br \/>\nPor exemplo, o exotraje Z\u00e9firo \u00e9 excelente para combates a curta dist\u00e2ncia, mas tem problemas com inimigos que atacam de longe. Equip\u00e1-lo com o implemento de Canh\u00e3o permite que o Z\u00e9firo use um laser de longa dist\u00e2ncia.<br \/>\nOu equipe o Muralha com o implemento de Socorro para fornecer cura e criar uma excelente linha de frente defensiva.<br \/>\nOs jogadores podem experimentar diferentes combina\u00e7\u00f5es de exotrajes e implementos para encontrar seu estilo de jogo ideal.<br \/>\nTanto os implementos como os exotrajes podem ser mudados a qualquer momento.<\/p>\n<p><img decoding=\"async\" src=\"https:\/\/cdn.cloudflare.steamstatic.com\/steam\/apps\/1286320\/extras\/06.png?t=1713328157\" \/><\/p>\n<h2 class=\"bb_tag\"><strong>\u3010SOBREVIV\u00caNCIA JUR\u00c1SSICA\u3011<\/strong><\/h2>\n<p>No modo Sobreviv\u00eancia Jur\u00e1ssica, dois esquadr\u00f5es de cinco correm para concluir objetivos. As equipes devem seguir as instru\u00e7\u00f5es de Leviat\u00e3 e concluir a miss\u00e3o antes dos rivais para vencer.<br \/>\nAlgumas situa\u00e7\u00f5es colocam os jogadores uns contra os outros em combate direto, e outras exigem que eles se juntem com seus rivais para eliminar um grande inimigo.<br \/>\nNa Sobreviv\u00eancia Jur\u00e1ssica, as miss\u00f5es mudam conforme o progresso dos jogadores. A experi\u00eancia ser\u00e1 diferente a cada partida, mesmo naquelas com ambientes e objetivos familiares.<br \/>\nJogar Sobreviv\u00eancia Jur\u00e1ssica permite desbloquear sequ\u00eancias da hist\u00f3ria e tamb\u00e9m ganhar recompensas como pontos de experi\u00eancia para aumentar os n\u00edveis de jogador e do exotraje.<\/p>\n<p><strong>DINOSSAUROS<\/strong><br \/>\nOs dinossauros, que j\u00e1 foram as criaturas mais temidas e poderosas do reino animal, n\u00e3o s\u00e3o mais apenas hist\u00f3rias.<br \/>\nPor\u00e9m, viajar pelo espa\u00e7o-tempo por meio dos v\u00f3rtices causou muta\u00e7\u00f5es nos animais, aumentando muito a ferocidade deles.<br \/>\nA humanidade precisa contar com sua criatividade e suas armas mais poderosas, os exotrajes, para reagir a esta crise.<\/p>\n<p><img decoding=\"async\" src=\"https:\/\/cdn.cloudflare.steamstatic.com\/steam\/apps\/1286320\/extras\/07.png?t=1713328157\" \/><\/p>\n<p><strong>NEOSSAUROS<\/strong><br \/>\nOs neossauros s\u00e3o dinossauros mutantes que possuem apar\u00eancia e habilidades incomuns.<br \/>\nOs dinossauros foram imbu\u00eddos de uma energia altamente inst\u00e1vel ao atravessar a barreira do v\u00f3rtice depois de passar pelo espa\u00e7o-tempo.<br \/>\nEssa energia \u00e9 respons\u00e1vel pela transforma\u00e7\u00e3o feroz sofrida por muitos dinossauros.<br \/>\nOs neossauros possuem uma concentra\u00e7\u00e3o extremamente alta dessa energia, que lhes concede apar\u00eancias, habilidades e ataques incomuns.<\/p>\n<p><img decoding=\"async\" src=\"https:\/\/cdn.cloudflare.steamstatic.com\/steam\/apps\/1286320\/extras\/08.png?t=1713328157\" \/><\/p>\n","protected":false},"excerpt":{"rendered":"<p>Confira o menor pre\u00e7o para comprar <strong>Exoprimal<\/strong> no PC. Selecionamos apenas as nossas lojas digitais de confian\u00e7a para a compara\u00e7\u00e3o de pre\u00e7os. Voc\u00ea pode comprar a chave do jogo na loja em que estiver com a melhor oferta. Ap\u00f3s realizar a compra, voc\u00ea precisa utilizar o cliente indicado pela loja para ativar e baixar o seu jogo.<\/p>\n","protected":false},"featured_media":72842,"template":"","meta":[],"store":[],"product_brand":[],"product_cat":[25],"product_tag":[472,119,50,403,405,404,247,432,124,470,406,26,118,31,587,202,199],"class_list":{"0":"post-72733","1":"product","2":"type-product","3":"status-publish","4":"has-post-thumbnail","6":"product_cat-jogos","7":"product_tag-3d","8":"product_tag-acao","9":"product_tag-capcom","10":"product_tag-cartas-colecionaveis-steam","11":"product_tag-compartilhamento-em-familia","12":"product_tag-conquistas-steam","13":"product_tag-dinossauros","14":"product_tag-ficcao-cientifica","15":"product_tag-geforce-now","16":"product_tag-jogador-x-jogador-pvp","17":"product_tag-nuvem-steam","18":"product_tag-pc","19":"product_tag-pc-game-pass","20":"product_tag-steam","21":"product_tag-tatico","22":"product_tag-tiro","23":"product_tag-tiro-em-primeira-pessoa-fps","25":"first","26":"instock","27":"sale","28":"purchasable","29":"product-type-simple"},"yoast_head":"<!-- This site is optimized with the Yoast SEO plugin v27.2 - https:\/\/yoast.com\/product\/yoast-seo-wordpress\/ -->\n<title>Exoprimal em promo\u00e7\u00e3o para PC<\/title>\n<meta name=\"description\" content=\"Confira o menor pre\u00e7o para comprar Exoprimal no PC. Selecionamos apenas as nossas lojas digitais de confian\u00e7a para a compara\u00e7\u00e3o de pre\u00e7os. Voc\u00ea pode comprar a chave do jogo na loja em que estiver com a melhor oferta. Ap\u00f3s realizar a compra, voc\u00ea precisa utilizar o cliente indicado pela loja para ativar e baixar o seu jogo.\" \/>\n<meta name=\"robots\" content=\"index, follow, max-snippet:-1, max-image-preview:large, max-video-preview:-1\" \/>\n<link rel=\"canonical\" href=\"https:\/\/www.gameplayscassi.com.br\/ofertas\/produtos\/jogos\/exoprimal\/\" \/>\n<meta property=\"og:locale\" content=\"pt_BR\" \/>\n<meta property=\"og:type\" content=\"article\" \/>\n<meta property=\"og:title\" content=\"Exoprimal em promo\u00e7\u00e3o para PC\" \/>\n<meta property=\"og:description\" content=\"Confira o menor pre\u00e7o para comprar Exoprimal no PC. Selecionamos apenas as nossas lojas digitais de confian\u00e7a para a compara\u00e7\u00e3o de pre\u00e7os. Voc\u00ea pode comprar a chave do jogo na loja em que estiver com a melhor oferta. Ap\u00f3s realizar a compra, voc\u00ea precisa utilizar o cliente indicado pela loja para ativar e baixar o seu jogo.\" \/>\n<meta property=\"og:url\" content=\"https:\/\/www.gameplayscassi.com.br\/ofertas\/produtos\/jogos\/exoprimal\/\" \/>\n<meta property=\"og:site_name\" content=\"Gameplayscassi - Ofertas\" \/>\n<meta property=\"article:publisher\" content=\"https:\/\/www.facebook.com\/GamePlaysCassi\/\" \/>\n<meta property=\"article:modified_time\" content=\"2026-05-01T21:04:24+00:00\" \/>\n<meta property=\"og:image\" content=\"https:\/\/www.gameplayscassi.com.br\/ofertas\/wp-content\/uploads\/2024\/05\/Exoprimal.jpg\" \/>\n\t<meta property=\"og:image:width\" content=\"1600\" \/>\n\t<meta property=\"og:image:height\" content=\"740\" \/>\n\t<meta property=\"og:image:type\" content=\"image\/jpeg\" \/>\n<meta name=\"twitter:card\" content=\"summary_large_image\" \/>\n<meta name=\"twitter:site\" content=\"@Gameplayscassi\" \/>\n<meta name=\"twitter:label1\" content=\"Est. tempo de leitura\" \/>\n\t<meta name=\"twitter:data1\" content=\"4 minutos\" \/>\n<script type=\"application\/ld+json\" class=\"yoast-schema-graph\">{\"@context\":\"https:\/\/schema.org\",\"@graph\":[{\"@type\":\"WebPage\",\"@id\":\"https:\/\/www.gameplayscassi.com.br\/ofertas\/produtos\/jogos\/exoprimal\/\",\"url\":\"https:\/\/www.gameplayscassi.com.br\/ofertas\/produtos\/jogos\/exoprimal\/\",\"name\":\"Exoprimal em promo\u00e7\u00e3o para PC\",\"isPartOf\":{\"@id\":\"https:\/\/www.gameplayscassi.com.br\/ofertas\/#website\"},\"primaryImageOfPage\":{\"@id\":\"https:\/\/www.gameplayscassi.com.br\/ofertas\/produtos\/jogos\/exoprimal\/#primaryimage\"},\"image\":{\"@id\":\"https:\/\/www.gameplayscassi.com.br\/ofertas\/produtos\/jogos\/exoprimal\/#primaryimage\"},\"thumbnailUrl\":\"https:\/\/www.gameplayscassi.com.br\/ofertas\/wp-content\/uploads\/2024\/05\/Exoprimal.jpg\",\"datePublished\":\"2024-05-09T23:21:36+00:00\",\"dateModified\":\"2026-05-01T21:04:24+00:00\",\"description\":\"Confira o menor pre\u00e7o para comprar Exoprimal no PC. Selecionamos apenas as nossas lojas digitais de confian\u00e7a para a compara\u00e7\u00e3o de pre\u00e7os. Voc\u00ea pode comprar a chave do jogo na loja em que estiver com a melhor oferta. Ap\u00f3s realizar a compra, voc\u00ea precisa utilizar o cliente indicado pela loja para ativar e baixar o seu jogo.\",\"breadcrumb\":{\"@id\":\"https:\/\/www.gameplayscassi.com.br\/ofertas\/produtos\/jogos\/exoprimal\/#breadcrumb\"},\"inLanguage\":\"pt-BR\",\"potentialAction\":[{\"@type\":\"ReadAction\",\"target\":[\"https:\/\/www.gameplayscassi.com.br\/ofertas\/produtos\/jogos\/exoprimal\/\"]}]},{\"@type\":\"ImageObject\",\"inLanguage\":\"pt-BR\",\"@id\":\"https:\/\/www.gameplayscassi.com.br\/ofertas\/produtos\/jogos\/exoprimal\/#primaryimage\",\"url\":\"https:\/\/www.gameplayscassi.com.br\/ofertas\/wp-content\/uploads\/2024\/05\/Exoprimal.jpg\",\"contentUrl\":\"https:\/\/www.gameplayscassi.com.br\/ofertas\/wp-content\/uploads\/2024\/05\/Exoprimal.jpg\",\"width\":1600,\"height\":740},{\"@type\":\"BreadcrumbList\",\"@id\":\"https:\/\/www.gameplayscassi.com.br\/ofertas\/produtos\/jogos\/exoprimal\/#breadcrumb\",\"itemListElement\":[{\"@type\":\"ListItem\",\"position\":1,\"name\":\"In\u00edcio\",\"item\":\"https:\/\/www.gameplayscassi.com.br\/ofertas\/\"},{\"@type\":\"ListItem\",\"position\":2,\"name\":\"Produtos\",\"item\":\"https:\/\/www.gameplayscassi.com.br\/ofertas\/\"},{\"@type\":\"ListItem\",\"position\":3,\"name\":\"Exoprimal\"}]},{\"@type\":\"WebSite\",\"@id\":\"https:\/\/www.gameplayscassi.com.br\/ofertas\/#website\",\"url\":\"https:\/\/www.gameplayscassi.com.br\/ofertas\/\",\"name\":\"Gameplayscassi - Ofertas\",\"description\":\"As melhores ofertas para voc\u00ea\",\"publisher\":{\"@id\":\"https:\/\/www.gameplayscassi.com.br\/ofertas\/#organization\"},\"potentialAction\":[{\"@type\":\"SearchAction\",\"target\":{\"@type\":\"EntryPoint\",\"urlTemplate\":\"https:\/\/www.gameplayscassi.com.br\/ofertas\/?s={search_term_string}\"},\"query-input\":{\"@type\":\"PropertyValueSpecification\",\"valueRequired\":true,\"valueName\":\"search_term_string\"}}],\"inLanguage\":\"pt-BR\"},{\"@type\":\"Organization\",\"@id\":\"https:\/\/www.gameplayscassi.com.br\/ofertas\/#organization\",\"name\":\"Gameplayscassi - Ofertas\",\"url\":\"https:\/\/www.gameplayscassi.com.br\/ofertas\/\",\"logo\":{\"@type\":\"ImageObject\",\"inLanguage\":\"pt-BR\",\"@id\":\"https:\/\/www.gameplayscassi.com.br\/ofertas\/#\/schema\/logo\/image\/\",\"url\":\"https:\/\/www.gameplayscassi.com.br\/ofertas\/wp-content\/uploads\/2024\/06\/Gameplayscassi.png\",\"contentUrl\":\"https:\/\/www.gameplayscassi.com.br\/ofertas\/wp-content\/uploads\/2024\/06\/Gameplayscassi.png\",\"width\":544,\"height\":180,\"caption\":\"Gameplayscassi - Ofertas\"},\"image\":{\"@id\":\"https:\/\/www.gameplayscassi.com.br\/ofertas\/#\/schema\/logo\/image\/\"},\"sameAs\":[\"https:\/\/www.facebook.com\/GamePlaysCassi\/\",\"https:\/\/x.com\/Gameplayscassi\",\"https:\/\/www.youtube.com\/gameplayscassi\",\"https:\/\/www.instagram.com\/gameplayscassii\/\",\"https:\/\/store.steampowered.com\/curator\/31464556\/\",\"https:\/\/discord.com\/servers\/gameplayscassi-598567071298617354\"]}]}<\/script>\n<!-- \/ Yoast SEO plugin. -->","yoast_head_json":{"title":"Exoprimal em promo\u00e7\u00e3o para PC","description":"Confira o menor pre\u00e7o para comprar Exoprimal no PC. Selecionamos apenas as nossas lojas digitais de confian\u00e7a para a compara\u00e7\u00e3o de pre\u00e7os. Voc\u00ea pode comprar a chave do jogo na loja em que estiver com a melhor oferta. Ap\u00f3s realizar a compra, voc\u00ea precisa utilizar o cliente indicado pela loja para ativar e baixar o seu jogo.","robots":{"index":"index","follow":"follow","max-snippet":"max-snippet:-1","max-image-preview":"max-image-preview:large","max-video-preview":"max-video-preview:-1"},"canonical":"https:\/\/www.gameplayscassi.com.br\/ofertas\/produtos\/jogos\/exoprimal\/","og_locale":"pt_BR","og_type":"article","og_title":"Exoprimal em promo\u00e7\u00e3o para PC","og_description":"Confira o menor pre\u00e7o para comprar Exoprimal no PC. Selecionamos apenas as nossas lojas digitais de confian\u00e7a para a compara\u00e7\u00e3o de pre\u00e7os. Voc\u00ea pode comprar a chave do jogo na loja em que estiver com a melhor oferta. Ap\u00f3s realizar a compra, voc\u00ea precisa utilizar o cliente indicado pela loja para ativar e baixar o seu jogo.","og_url":"https:\/\/www.gameplayscassi.com.br\/ofertas\/produtos\/jogos\/exoprimal\/","og_site_name":"Gameplayscassi - Ofertas","article_publisher":"https:\/\/www.facebook.com\/GamePlaysCassi\/","article_modified_time":"2026-05-01T21:04:24+00:00","og_image":[{"width":1600,"height":740,"url":"https:\/\/www.gameplayscassi.com.br\/ofertas\/wp-content\/uploads\/2024\/05\/Exoprimal.jpg","type":"image\/jpeg"}],"twitter_card":"summary_large_image","twitter_site":"@Gameplayscassi","twitter_misc":{"Est. tempo de leitura":"4 minutos"},"schema":{"@context":"https:\/\/schema.org","@graph":[{"@type":"WebPage","@id":"https:\/\/www.gameplayscassi.com.br\/ofertas\/produtos\/jogos\/exoprimal\/","url":"https:\/\/www.gameplayscassi.com.br\/ofertas\/produtos\/jogos\/exoprimal\/","name":"Exoprimal em promo\u00e7\u00e3o para PC","isPartOf":{"@id":"https:\/\/www.gameplayscassi.com.br\/ofertas\/#website"},"primaryImageOfPage":{"@id":"https:\/\/www.gameplayscassi.com.br\/ofertas\/produtos\/jogos\/exoprimal\/#primaryimage"},"image":{"@id":"https:\/\/www.gameplayscassi.com.br\/ofertas\/produtos\/jogos\/exoprimal\/#primaryimage"},"thumbnailUrl":"https:\/\/www.gameplayscassi.com.br\/ofertas\/wp-content\/uploads\/2024\/05\/Exoprimal.jpg","datePublished":"2024-05-09T23:21:36+00:00","dateModified":"2026-05-01T21:04:24+00:00","description":"Confira o menor pre\u00e7o para comprar Exoprimal no PC. Selecionamos apenas as nossas lojas digitais de confian\u00e7a para a compara\u00e7\u00e3o de pre\u00e7os. Voc\u00ea pode comprar a chave do jogo na loja em que estiver com a melhor oferta. Ap\u00f3s realizar a compra, voc\u00ea precisa utilizar o cliente indicado pela loja para ativar e baixar o seu jogo.","breadcrumb":{"@id":"https:\/\/www.gameplayscassi.com.br\/ofertas\/produtos\/jogos\/exoprimal\/#breadcrumb"},"inLanguage":"pt-BR","potentialAction":[{"@type":"ReadAction","target":["https:\/\/www.gameplayscassi.com.br\/ofertas\/produtos\/jogos\/exoprimal\/"]}]},{"@type":"ImageObject","inLanguage":"pt-BR","@id":"https:\/\/www.gameplayscassi.com.br\/ofertas\/produtos\/jogos\/exoprimal\/#primaryimage","url":"https:\/\/www.gameplayscassi.com.br\/ofertas\/wp-content\/uploads\/2024\/05\/Exoprimal.jpg","contentUrl":"https:\/\/www.gameplayscassi.com.br\/ofertas\/wp-content\/uploads\/2024\/05\/Exoprimal.jpg","width":1600,"height":740},{"@type":"BreadcrumbList","@id":"https:\/\/www.gameplayscassi.com.br\/ofertas\/produtos\/jogos\/exoprimal\/#breadcrumb","itemListElement":[{"@type":"ListItem","position":1,"name":"In\u00edcio","item":"https:\/\/www.gameplayscassi.com.br\/ofertas\/"},{"@type":"ListItem","position":2,"name":"Produtos","item":"https:\/\/www.gameplayscassi.com.br\/ofertas\/"},{"@type":"ListItem","position":3,"name":"Exoprimal"}]},{"@type":"WebSite","@id":"https:\/\/www.gameplayscassi.com.br\/ofertas\/#website","url":"https:\/\/www.gameplayscassi.com.br\/ofertas\/","name":"Gameplayscassi - Ofertas","description":"As melhores ofertas para voc\u00ea","publisher":{"@id":"https:\/\/www.gameplayscassi.com.br\/ofertas\/#organization"},"potentialAction":[{"@type":"SearchAction","target":{"@type":"EntryPoint","urlTemplate":"https:\/\/www.gameplayscassi.com.br\/ofertas\/?s={search_term_string}"},"query-input":{"@type":"PropertyValueSpecification","valueRequired":true,"valueName":"search_term_string"}}],"inLanguage":"pt-BR"},{"@type":"Organization","@id":"https:\/\/www.gameplayscassi.com.br\/ofertas\/#organization","name":"Gameplayscassi - Ofertas","url":"https:\/\/www.gameplayscassi.com.br\/ofertas\/","logo":{"@type":"ImageObject","inLanguage":"pt-BR","@id":"https:\/\/www.gameplayscassi.com.br\/ofertas\/#\/schema\/logo\/image\/","url":"https:\/\/www.gameplayscassi.com.br\/ofertas\/wp-content\/uploads\/2024\/06\/Gameplayscassi.png","contentUrl":"https:\/\/www.gameplayscassi.com.br\/ofertas\/wp-content\/uploads\/2024\/06\/Gameplayscassi.png","width":544,"height":180,"caption":"Gameplayscassi - Ofertas"},"image":{"@id":"https:\/\/www.gameplayscassi.com.br\/ofertas\/#\/schema\/logo\/image\/"},"sameAs":["https:\/\/www.facebook.com\/GamePlaysCassi\/","https:\/\/x.com\/Gameplayscassi","https:\/\/www.youtube.com\/gameplayscassi","https:\/\/www.instagram.com\/gameplayscassii\/","https:\/\/store.steampowered.com\/curator\/31464556\/","https:\/\/discord.com\/servers\/gameplayscassi-598567071298617354"]}]}},"jetpack_sharing_enabled":true,"_links":{"self":[{"href":"https:\/\/www.gameplayscassi.com.br\/ofertas\/wp-json\/wp\/v2\/product\/72733","targetHints":{"allow":["GET"]}}],"collection":[{"href":"https:\/\/www.gameplayscassi.com.br\/ofertas\/wp-json\/wp\/v2\/product"}],"about":[{"href":"https:\/\/www.gameplayscassi.com.br\/ofertas\/wp-json\/wp\/v2\/types\/product"}],"version-history":[{"count":0,"href":"https:\/\/www.gameplayscassi.com.br\/ofertas\/wp-json\/wp\/v2\/product\/72733\/revisions"}],"wp:featuredmedia":[{"embeddable":true,"href":"https:\/\/www.gameplayscassi.com.br\/ofertas\/wp-json\/wp\/v2\/media\/72842"}],"wp:attachment":[{"href":"https:\/\/www.gameplayscassi.com.br\/ofertas\/wp-json\/wp\/v2\/media?parent=72733"}],"wp:term":[{"taxonomy":"store","embeddable":true,"href":"https:\/\/www.gameplayscassi.com.br\/ofertas\/wp-json\/wp\/v2\/store?post=72733"},{"taxonomy":"product_brand","embeddable":true,"href":"https:\/\/www.gameplayscassi.com.br\/ofertas\/wp-json\/wp\/v2\/product_brand?post=72733"},{"taxonomy":"product_cat","embeddable":true,"href":"https:\/\/www.gameplayscassi.com.br\/ofertas\/wp-json\/wp\/v2\/product_cat?post=72733"},{"taxonomy":"product_tag","embeddable":true,"href":"https:\/\/www.gameplayscassi.com.br\/ofertas\/wp-json\/wp\/v2\/product_tag?post=72733"}],"curies":[{"name":"wp","href":"https:\/\/api.w.org\/{rel}","templated":true}]}}