{"id":72727,"date":"2024-05-09T20:21:36","date_gmt":"2024-05-09T23:21:36","guid":{"rendered":"https:\/\/www.gameplayscassi.com.br\/ofertas\/produtos\/sem%20categoria\/dragons-dogma-dark-arisen\/"},"modified":"2026-05-01T16:34:31","modified_gmt":"2026-05-01T19:34:31","slug":"dragons-dogma-dark-arisen","status":"publish","type":"product","link":"https:\/\/www.gameplayscassi.com.br\/ofertas\/produtos\/jogos\/dragons-dogma-dark-arisen\/","title":{"rendered":"Dragon&#8217;s Dogma: Dark Arisen"},"content":{"rendered":"<p>Situado em um enorme mundo aberto,\u00a0<i><strong>Dragon&#8217;s Dogma: Dark Arisen<\/strong><\/i>\u00a0apresenta uma experi\u00eancia de combate de a\u00e7\u00e3o gratificante. Os jogadores embarcam em uma aventura \u00e9pica em um mundo rico e vivo com tr\u00eas companheiros de IA, conhecidos como Pawns. Esses parceiros lutam de forma independente, demonstrando destreza e habilidade que desenvolveram com base nas caracter\u00edsticas aprendidas com cada jogador. Os usu\u00e1rios de PC podem compartilhar esses pe\u00f5es online e colher recompensas em tesouros, dicas e sugest\u00f5es de estrat\u00e9gia para derrotar os terr\u00edveis inimigos. Os pe\u00f5es tamb\u00e9m podem ser emprestados quando habilidades espec\u00edficas s\u00e3o necess\u00e1rias para completar v\u00e1rias miss\u00f5es desafiadoras.<\/p>\n<h2 class=\"bb_tag\">Caracter\u00edsticas<\/h2>\n<ul class=\"bb_ul\">\n<li><strong>Experi\u00eancia de combate din\u00e2mica<\/strong>\u00a0\u2013 Corte as quatro cabe\u00e7as de uma Hidra, suba em grifos e lute no ar ou derrote drag\u00f5es e outras criaturas descobrindo suas fraquezas.<\/li>\n<li><strong>Toneladas de conte\u00fado<\/strong>\u00a0\u2013 Inclui todos os DLCs lan\u00e7ados anteriormente, b\u00f4nus de pr\u00e9-encomenda, itens exclusivos para varejistas e o conte\u00fado da expans\u00e3o Dark Arisen. Apresenta a elogiada experi\u00eancia de combate e rica personaliza\u00e7\u00e3o, al\u00e9m de um enorme reino subterr\u00e2neo para explorar com monstros aterrorizantes.<\/li>\n<li><strong>Muitas op\u00e7\u00f5es de personaliza\u00e7\u00e3o<\/strong>\u00a0\u2013 Nove voca\u00e7\u00f5es diferentes para os jogadores escolherem, com uma variedade de op\u00e7\u00f5es de habilidades para cada uma, armaduras que podem ser atualizadas e aprimoradas, al\u00e9m de companheiros de pe\u00e3o que podem ser treinados para se adequar ao estilo de combate desejado.<\/li>\n<li><strong>Visuais impressionantes<\/strong>\u00a0\u2013 Belos gr\u00e1ficos de alta resolu\u00e7\u00e3o com maior fidelidade.<\/li>\n<li><strong>Suporte completo \u00e0 plataforma Steam<\/strong>\u00a0\u2013 Inclui conquistas Steam, Steam Cloud Save, cartas colecion\u00e1veis, tabelas de classifica\u00e7\u00e3o, suporte ao modo Big Picture<\/li>\n<li><strong>Suporte expandido ao controlador<\/strong>\u00a0\u2013 Al\u00e9m de suportar o esquema tradicional de controle de teclado e mouse, o jogo oferece suporte nativo ao Xbox 360, Xbox One, Steam Controller e outros game pads baseados em DirectInput, como o controlador DualShock.<\/li>\n<li><strong>Novas conquistas<\/strong>\u00a0\u2013 9 novas conquistas para f\u00e3s novos e antigos de Dragon&#8217;s Dogma! Prepare-se para mergulhar fundo na Ilha Bitterblack\u2026<\/li>\n<\/ul>\n","protected":false},"excerpt":{"rendered":"<p>Confira o menor pre\u00e7o para comprar <strong>Dragon&#8217;s Dogma: Dark Arisen<\/strong> no PC. Selecionamos apenas as nossas lojas digitais de confian\u00e7a para a compara\u00e7\u00e3o de pre\u00e7os. Voc\u00ea pode comprar a chave do jogo na loja em que estiver com a melhor oferta. Ap\u00f3s realizar a compra, voc\u00ea precisa utilizar o cliente indicado pela loja para ativar e baixar o seu jogo.<\/p>\n","protected":false},"featured_media":72837,"template":"","meta":[],"store":[],"product_brand":[],"product_cat":[25],"product_tag":[119,125,50,403,405,404,218,124,126,406,26,181,127,178,31,191,147],"class_list":{"0":"post-72727","1":"product","2":"type-product","3":"status-publish","4":"has-post-thumbnail","6":"product_cat-jogos","7":"product_tag-acao","8":"product_tag-aventura","9":"product_tag-capcom","10":"product_tag-cartas-colecionaveis-steam","11":"product_tag-compartilhamento-em-familia","12":"product_tag-conquistas-steam","13":"product_tag-fantasia","14":"product_tag-geforce-now","15":"product_tag-mundo-aberto","16":"product_tag-nuvem-steam","17":"product_tag-pc","18":"product_tag-personalizacao-de-personagem","19":"product_tag-rpg","20":"product_tag-rpg-de-acao","21":"product_tag-steam","22":"product_tag-steam-deck","23":"product_tag-um-jogador","25":"first","26":"instock","27":"sale","28":"purchasable","29":"product-type-simple"},"yoast_head":"<!-- This site is optimized with the Yoast SEO plugin v27.2 - https:\/\/yoast.com\/product\/yoast-seo-wordpress\/ -->\n<title>Dragon&#039;s Dogma: Dark Arisen em promo\u00e7\u00e3o para PC<\/title>\n<meta name=\"description\" content=\"Confira o menor pre\u00e7o para comprar Dragon&#039;s Dogma: Dark Arisen no PC. Selecionamos apenas as nossas lojas digitais de confian\u00e7a para a compara\u00e7\u00e3o de pre\u00e7os. Voc\u00ea pode comprar a chave do jogo na loja em que estiver com a melhor oferta. Ap\u00f3s realizar a compra, voc\u00ea precisa utilizar o cliente indicado pela loja para ativar e baixar o seu jogo.\" \/>\n<meta name=\"robots\" content=\"index, follow, max-snippet:-1, max-image-preview:large, max-video-preview:-1\" \/>\n<link rel=\"canonical\" href=\"https:\/\/www.gameplayscassi.com.br\/ofertas\/produtos\/jogos\/dragons-dogma-dark-arisen\/\" \/>\n<meta property=\"og:locale\" content=\"pt_BR\" \/>\n<meta property=\"og:type\" content=\"article\" \/>\n<meta property=\"og:title\" content=\"Dragon&#039;s Dogma: Dark Arisen em promo\u00e7\u00e3o para PC\" \/>\n<meta property=\"og:description\" content=\"Confira o menor pre\u00e7o para comprar Dragon&#039;s Dogma: Dark Arisen no PC. Selecionamos apenas as nossas lojas digitais de confian\u00e7a para a compara\u00e7\u00e3o de pre\u00e7os. Voc\u00ea pode comprar a chave do jogo na loja em que estiver com a melhor oferta. Ap\u00f3s realizar a compra, voc\u00ea precisa utilizar o cliente indicado pela loja para ativar e baixar o seu jogo.\" \/>\n<meta property=\"og:url\" content=\"https:\/\/www.gameplayscassi.com.br\/ofertas\/produtos\/jogos\/dragons-dogma-dark-arisen\/\" \/>\n<meta property=\"og:site_name\" content=\"Gameplayscassi - Ofertas\" \/>\n<meta property=\"article:publisher\" content=\"https:\/\/www.facebook.com\/GamePlaysCassi\/\" \/>\n<meta property=\"article:modified_time\" content=\"2026-05-01T19:34:31+00:00\" \/>\n<meta property=\"og:image\" content=\"https:\/\/www.gameplayscassi.com.br\/ofertas\/wp-content\/uploads\/2024\/05\/Dragons-Dogma-Dark-Arisen.jpg\" \/>\n\t<meta property=\"og:image:width\" content=\"1600\" \/>\n\t<meta property=\"og:image:height\" content=\"740\" \/>\n\t<meta property=\"og:image:type\" content=\"image\/jpeg\" \/>\n<meta name=\"twitter:card\" content=\"summary_large_image\" \/>\n<meta name=\"twitter:site\" content=\"@Gameplayscassi\" \/>\n<meta name=\"twitter:label1\" content=\"Est. tempo de leitura\" \/>\n\t<meta name=\"twitter:data1\" content=\"2 minutos\" \/>\n<script type=\"application\/ld+json\" class=\"yoast-schema-graph\">{\"@context\":\"https:\/\/schema.org\",\"@graph\":[{\"@type\":\"WebPage\",\"@id\":\"https:\/\/www.gameplayscassi.com.br\/ofertas\/produtos\/jogos\/dragons-dogma-dark-arisen\/\",\"url\":\"https:\/\/www.gameplayscassi.com.br\/ofertas\/produtos\/jogos\/dragons-dogma-dark-arisen\/\",\"name\":\"Dragon's Dogma: Dark Arisen em promo\u00e7\u00e3o para PC\",\"isPartOf\":{\"@id\":\"https:\/\/www.gameplayscassi.com.br\/ofertas\/#website\"},\"primaryImageOfPage\":{\"@id\":\"https:\/\/www.gameplayscassi.com.br\/ofertas\/produtos\/jogos\/dragons-dogma-dark-arisen\/#primaryimage\"},\"image\":{\"@id\":\"https:\/\/www.gameplayscassi.com.br\/ofertas\/produtos\/jogos\/dragons-dogma-dark-arisen\/#primaryimage\"},\"thumbnailUrl\":\"https:\/\/www.gameplayscassi.com.br\/ofertas\/wp-content\/uploads\/2024\/05\/Dragons-Dogma-Dark-Arisen.jpg\",\"datePublished\":\"2024-05-09T23:21:36+00:00\",\"dateModified\":\"2026-05-01T19:34:31+00:00\",\"description\":\"Confira o menor pre\u00e7o para comprar Dragon's Dogma: Dark Arisen no PC. Selecionamos apenas as nossas lojas digitais de confian\u00e7a para a compara\u00e7\u00e3o de pre\u00e7os. Voc\u00ea pode comprar a chave do jogo na loja em que estiver com a melhor oferta. Ap\u00f3s realizar a compra, voc\u00ea precisa utilizar o cliente indicado pela loja para ativar e baixar o seu jogo.\",\"breadcrumb\":{\"@id\":\"https:\/\/www.gameplayscassi.com.br\/ofertas\/produtos\/jogos\/dragons-dogma-dark-arisen\/#breadcrumb\"},\"inLanguage\":\"pt-BR\",\"potentialAction\":[{\"@type\":\"ReadAction\",\"target\":[\"https:\/\/www.gameplayscassi.com.br\/ofertas\/produtos\/jogos\/dragons-dogma-dark-arisen\/\"]}]},{\"@type\":\"ImageObject\",\"inLanguage\":\"pt-BR\",\"@id\":\"https:\/\/www.gameplayscassi.com.br\/ofertas\/produtos\/jogos\/dragons-dogma-dark-arisen\/#primaryimage\",\"url\":\"https:\/\/www.gameplayscassi.com.br\/ofertas\/wp-content\/uploads\/2024\/05\/Dragons-Dogma-Dark-Arisen.jpg\",\"contentUrl\":\"https:\/\/www.gameplayscassi.com.br\/ofertas\/wp-content\/uploads\/2024\/05\/Dragons-Dogma-Dark-Arisen.jpg\",\"width\":1600,\"height\":740},{\"@type\":\"BreadcrumbList\",\"@id\":\"https:\/\/www.gameplayscassi.com.br\/ofertas\/produtos\/jogos\/dragons-dogma-dark-arisen\/#breadcrumb\",\"itemListElement\":[{\"@type\":\"ListItem\",\"position\":1,\"name\":\"In\u00edcio\",\"item\":\"https:\/\/www.gameplayscassi.com.br\/ofertas\/\"},{\"@type\":\"ListItem\",\"position\":2,\"name\":\"Produtos\",\"item\":\"https:\/\/www.gameplayscassi.com.br\/ofertas\/\"},{\"@type\":\"ListItem\",\"position\":3,\"name\":\"Dragon&#8217;s Dogma: Dark Arisen\"}]},{\"@type\":\"WebSite\",\"@id\":\"https:\/\/www.gameplayscassi.com.br\/ofertas\/#website\",\"url\":\"https:\/\/www.gameplayscassi.com.br\/ofertas\/\",\"name\":\"Gameplayscassi - Ofertas\",\"description\":\"As melhores ofertas para voc\u00ea\",\"publisher\":{\"@id\":\"https:\/\/www.gameplayscassi.com.br\/ofertas\/#organization\"},\"potentialAction\":[{\"@type\":\"SearchAction\",\"target\":{\"@type\":\"EntryPoint\",\"urlTemplate\":\"https:\/\/www.gameplayscassi.com.br\/ofertas\/?s={search_term_string}\"},\"query-input\":{\"@type\":\"PropertyValueSpecification\",\"valueRequired\":true,\"valueName\":\"search_term_string\"}}],\"inLanguage\":\"pt-BR\"},{\"@type\":\"Organization\",\"@id\":\"https:\/\/www.gameplayscassi.com.br\/ofertas\/#organization\",\"name\":\"Gameplayscassi - Ofertas\",\"url\":\"https:\/\/www.gameplayscassi.com.br\/ofertas\/\",\"logo\":{\"@type\":\"ImageObject\",\"inLanguage\":\"pt-BR\",\"@id\":\"https:\/\/www.gameplayscassi.com.br\/ofertas\/#\/schema\/logo\/image\/\",\"url\":\"https:\/\/www.gameplayscassi.com.br\/ofertas\/wp-content\/uploads\/2024\/06\/Gameplayscassi.png\",\"contentUrl\":\"https:\/\/www.gameplayscassi.com.br\/ofertas\/wp-content\/uploads\/2024\/06\/Gameplayscassi.png\",\"width\":544,\"height\":180,\"caption\":\"Gameplayscassi - Ofertas\"},\"image\":{\"@id\":\"https:\/\/www.gameplayscassi.com.br\/ofertas\/#\/schema\/logo\/image\/\"},\"sameAs\":[\"https:\/\/www.facebook.com\/GamePlaysCassi\/\",\"https:\/\/x.com\/Gameplayscassi\",\"https:\/\/www.youtube.com\/gameplayscassi\",\"https:\/\/www.instagram.com\/gameplayscassii\/\",\"https:\/\/store.steampowered.com\/curator\/31464556\/\",\"https:\/\/discord.com\/servers\/gameplayscassi-598567071298617354\"]}]}<\/script>\n<!-- \/ Yoast SEO plugin. -->","yoast_head_json":{"title":"Dragon's Dogma: Dark Arisen em promo\u00e7\u00e3o para PC","description":"Confira o menor pre\u00e7o para comprar Dragon's Dogma: Dark Arisen no PC. Selecionamos apenas as nossas lojas digitais de confian\u00e7a para a compara\u00e7\u00e3o de pre\u00e7os. Voc\u00ea pode comprar a chave do jogo na loja em que estiver com a melhor oferta. Ap\u00f3s realizar a compra, voc\u00ea precisa utilizar o cliente indicado pela loja para ativar e baixar o seu jogo.","robots":{"index":"index","follow":"follow","max-snippet":"max-snippet:-1","max-image-preview":"max-image-preview:large","max-video-preview":"max-video-preview:-1"},"canonical":"https:\/\/www.gameplayscassi.com.br\/ofertas\/produtos\/jogos\/dragons-dogma-dark-arisen\/","og_locale":"pt_BR","og_type":"article","og_title":"Dragon's Dogma: Dark Arisen em promo\u00e7\u00e3o para PC","og_description":"Confira o menor pre\u00e7o para comprar Dragon's Dogma: Dark Arisen no PC. Selecionamos apenas as nossas lojas digitais de confian\u00e7a para a compara\u00e7\u00e3o de pre\u00e7os. Voc\u00ea pode comprar a chave do jogo na loja em que estiver com a melhor oferta. Ap\u00f3s realizar a compra, voc\u00ea precisa utilizar o cliente indicado pela loja para ativar e baixar o seu jogo.","og_url":"https:\/\/www.gameplayscassi.com.br\/ofertas\/produtos\/jogos\/dragons-dogma-dark-arisen\/","og_site_name":"Gameplayscassi - Ofertas","article_publisher":"https:\/\/www.facebook.com\/GamePlaysCassi\/","article_modified_time":"2026-05-01T19:34:31+00:00","og_image":[{"width":1600,"height":740,"url":"https:\/\/www.gameplayscassi.com.br\/ofertas\/wp-content\/uploads\/2024\/05\/Dragons-Dogma-Dark-Arisen.jpg","type":"image\/jpeg"}],"twitter_card":"summary_large_image","twitter_site":"@Gameplayscassi","twitter_misc":{"Est. tempo de leitura":"2 minutos"},"schema":{"@context":"https:\/\/schema.org","@graph":[{"@type":"WebPage","@id":"https:\/\/www.gameplayscassi.com.br\/ofertas\/produtos\/jogos\/dragons-dogma-dark-arisen\/","url":"https:\/\/www.gameplayscassi.com.br\/ofertas\/produtos\/jogos\/dragons-dogma-dark-arisen\/","name":"Dragon's Dogma: Dark Arisen em promo\u00e7\u00e3o para PC","isPartOf":{"@id":"https:\/\/www.gameplayscassi.com.br\/ofertas\/#website"},"primaryImageOfPage":{"@id":"https:\/\/www.gameplayscassi.com.br\/ofertas\/produtos\/jogos\/dragons-dogma-dark-arisen\/#primaryimage"},"image":{"@id":"https:\/\/www.gameplayscassi.com.br\/ofertas\/produtos\/jogos\/dragons-dogma-dark-arisen\/#primaryimage"},"thumbnailUrl":"https:\/\/www.gameplayscassi.com.br\/ofertas\/wp-content\/uploads\/2024\/05\/Dragons-Dogma-Dark-Arisen.jpg","datePublished":"2024-05-09T23:21:36+00:00","dateModified":"2026-05-01T19:34:31+00:00","description":"Confira o menor pre\u00e7o para comprar Dragon's Dogma: Dark Arisen no PC. Selecionamos apenas as nossas lojas digitais de confian\u00e7a para a compara\u00e7\u00e3o de pre\u00e7os. Voc\u00ea pode comprar a chave do jogo na loja em que estiver com a melhor oferta. Ap\u00f3s realizar a compra, voc\u00ea precisa utilizar o cliente indicado pela loja para ativar e baixar o seu jogo.","breadcrumb":{"@id":"https:\/\/www.gameplayscassi.com.br\/ofertas\/produtos\/jogos\/dragons-dogma-dark-arisen\/#breadcrumb"},"inLanguage":"pt-BR","potentialAction":[{"@type":"ReadAction","target":["https:\/\/www.gameplayscassi.com.br\/ofertas\/produtos\/jogos\/dragons-dogma-dark-arisen\/"]}]},{"@type":"ImageObject","inLanguage":"pt-BR","@id":"https:\/\/www.gameplayscassi.com.br\/ofertas\/produtos\/jogos\/dragons-dogma-dark-arisen\/#primaryimage","url":"https:\/\/www.gameplayscassi.com.br\/ofertas\/wp-content\/uploads\/2024\/05\/Dragons-Dogma-Dark-Arisen.jpg","contentUrl":"https:\/\/www.gameplayscassi.com.br\/ofertas\/wp-content\/uploads\/2024\/05\/Dragons-Dogma-Dark-Arisen.jpg","width":1600,"height":740},{"@type":"BreadcrumbList","@id":"https:\/\/www.gameplayscassi.com.br\/ofertas\/produtos\/jogos\/dragons-dogma-dark-arisen\/#breadcrumb","itemListElement":[{"@type":"ListItem","position":1,"name":"In\u00edcio","item":"https:\/\/www.gameplayscassi.com.br\/ofertas\/"},{"@type":"ListItem","position":2,"name":"Produtos","item":"https:\/\/www.gameplayscassi.com.br\/ofertas\/"},{"@type":"ListItem","position":3,"name":"Dragon&#8217;s Dogma: Dark Arisen"}]},{"@type":"WebSite","@id":"https:\/\/www.gameplayscassi.com.br\/ofertas\/#website","url":"https:\/\/www.gameplayscassi.com.br\/ofertas\/","name":"Gameplayscassi - Ofertas","description":"As melhores ofertas para voc\u00ea","publisher":{"@id":"https:\/\/www.gameplayscassi.com.br\/ofertas\/#organization"},"potentialAction":[{"@type":"SearchAction","target":{"@type":"EntryPoint","urlTemplate":"https:\/\/www.gameplayscassi.com.br\/ofertas\/?s={search_term_string}"},"query-input":{"@type":"PropertyValueSpecification","valueRequired":true,"valueName":"search_term_string"}}],"inLanguage":"pt-BR"},{"@type":"Organization","@id":"https:\/\/www.gameplayscassi.com.br\/ofertas\/#organization","name":"Gameplayscassi - Ofertas","url":"https:\/\/www.gameplayscassi.com.br\/ofertas\/","logo":{"@type":"ImageObject","inLanguage":"pt-BR","@id":"https:\/\/www.gameplayscassi.com.br\/ofertas\/#\/schema\/logo\/image\/","url":"https:\/\/www.gameplayscassi.com.br\/ofertas\/wp-content\/uploads\/2024\/06\/Gameplayscassi.png","contentUrl":"https:\/\/www.gameplayscassi.com.br\/ofertas\/wp-content\/uploads\/2024\/06\/Gameplayscassi.png","width":544,"height":180,"caption":"Gameplayscassi - Ofertas"},"image":{"@id":"https:\/\/www.gameplayscassi.com.br\/ofertas\/#\/schema\/logo\/image\/"},"sameAs":["https:\/\/www.facebook.com\/GamePlaysCassi\/","https:\/\/x.com\/Gameplayscassi","https:\/\/www.youtube.com\/gameplayscassi","https:\/\/www.instagram.com\/gameplayscassii\/","https:\/\/store.steampowered.com\/curator\/31464556\/","https:\/\/discord.com\/servers\/gameplayscassi-598567071298617354"]}]}},"jetpack_sharing_enabled":true,"_links":{"self":[{"href":"https:\/\/www.gameplayscassi.com.br\/ofertas\/wp-json\/wp\/v2\/product\/72727","targetHints":{"allow":["GET"]}}],"collection":[{"href":"https:\/\/www.gameplayscassi.com.br\/ofertas\/wp-json\/wp\/v2\/product"}],"about":[{"href":"https:\/\/www.gameplayscassi.com.br\/ofertas\/wp-json\/wp\/v2\/types\/product"}],"version-history":[{"count":0,"href":"https:\/\/www.gameplayscassi.com.br\/ofertas\/wp-json\/wp\/v2\/product\/72727\/revisions"}],"wp:featuredmedia":[{"embeddable":true,"href":"https:\/\/www.gameplayscassi.com.br\/ofertas\/wp-json\/wp\/v2\/media\/72837"}],"wp:attachment":[{"href":"https:\/\/www.gameplayscassi.com.br\/ofertas\/wp-json\/wp\/v2\/media?parent=72727"}],"wp:term":[{"taxonomy":"store","embeddable":true,"href":"https:\/\/www.gameplayscassi.com.br\/ofertas\/wp-json\/wp\/v2\/store?post=72727"},{"taxonomy":"product_brand","embeddable":true,"href":"https:\/\/www.gameplayscassi.com.br\/ofertas\/wp-json\/wp\/v2\/product_brand?post=72727"},{"taxonomy":"product_cat","embeddable":true,"href":"https:\/\/www.gameplayscassi.com.br\/ofertas\/wp-json\/wp\/v2\/product_cat?post=72727"},{"taxonomy":"product_tag","embeddable":true,"href":"https:\/\/www.gameplayscassi.com.br\/ofertas\/wp-json\/wp\/v2\/product_tag?post=72727"}],"curies":[{"name":"wp","href":"https:\/\/api.w.org\/{rel}","templated":true}]}}