{"id":72723,"date":"2024-05-09T20:21:36","date_gmt":"2024-05-09T23:21:36","guid":{"rendered":"https:\/\/www.gameplayscassi.com.br\/ofertas\/produtos\/sem%20categoria\/dmc-devil-may-cry\/"},"modified":"2026-05-06T14:35:48","modified_gmt":"2026-05-06T17:35:48","slug":"dmc-devil-may-cry","status":"publish","type":"product","link":"https:\/\/www.gameplayscassi.com.br\/ofertas\/produtos\/jogos\/dmc-devil-may-cry\/","title":{"rendered":"DmC: Devil May Cry"},"content":{"rendered":"<p>Nesta releitura da hist\u00f3ria de origem de Dante, que tem como cen\u00e1rio um cen\u00e1rio contempor\u00e2neo, DmC Devil May Cry\u2122 mant\u00e9m a a\u00e7\u00e3o estilosa, o combate fluido e o protagonista autoconfiante que definiram a s\u00e9rie ic\u00f4nica, mas injetam um toque mais brutal e visceral.<\/p>\n<p>O Dante de DmC \u00e9 um jovem que n\u00e3o tem respeito pela autoridade ou mesmo pela sociedade em geral. Dante sabe que n\u00e3o \u00e9 humano, mas tamb\u00e9m que n\u00e3o \u00e9 como os dem\u00f4nios que o atormentaram durante toda a sua vida. Preso entre mundos, ele se sente um p\u00e1ria.<br \/>\nGra\u00e7as ao seu irm\u00e3o g\u00eameo Vergil, l\u00edder do grupo anti-establishment chamado \u201cA Ordem\u201d, Dante est\u00e1 agora descobrindo e aceitando o que significa ser filho de um dem\u00f4nio e de um anjo. Esta dupla personalidade tem um impacto real na jogabilidade, com Dante sendo capaz de invocar habilidades de anjos e dem\u00f4nios \u00e0 vontade, transformando sua espada Rebellion instantaneamente para afetar dramaticamente o combate e o movimento.<\/p>\n<p>Para DmC, a Capcom se uniu ao est\u00fadio de desenvolvimento do Reino Unido, Ninja Theory, conhecido por oferecer t\u00edtulos de a\u00e7\u00e3o com personagens e narrativas atraentes, juntamente com altos valores de produ\u00e7\u00e3o. A combina\u00e7\u00e3o da experi\u00eancia da Ninja Theory e da heran\u00e7a incompar\u00e1vel da Capcom na produ\u00e7\u00e3o de t\u00edtulos de a\u00e7\u00e3o focados no combate garantir\u00e1 que esta \u00faltima adi\u00e7\u00e3o \u00e0 s\u00e9rie de mais de 11 milh\u00f5es de vendas permanecer\u00e1 fiel ao DNA de Devil May Cry, t\u00e3o querido pelos f\u00e3s, ao mesmo tempo em que traz um novo n\u00edvel. de qualidade cinematogr\u00e1fica ao t\u00edtulo.<\/p>\n<h2 class=\"bb_tag\">Caracter\u00edsticas principais<\/h2>\n<ul class=\"bb_ul\">\n<li><strong>Sobreviva ao Limbo<\/strong>\u00a0&#8211; O mundo do Limbo \u00e9 uma entidade viva e que respira, decidida a matar Dante. O mundo se transformar\u00e1 em tempo real e tentar\u00e1 bloquear e at\u00e9 matar nosso her\u00f3i. Nosso protagonista ter\u00e1 que dominar poderes demon\u00edacos para moldar o Limbo da maneira que achar melhor, enquanto aperfei\u00e7oa suas habilidades angelicais para atravessar este mundo perigoso e distorcido.<\/li>\n<li><strong>Quem \u00e9 Dante?<\/strong>\u00a0\u2013 Explore uma releitura da hist\u00f3ria de origem de Dante em uma narrativa emocionante com rostos familiares da s\u00e9rie ao lado de novos personagens, incluindo Vergil, irm\u00e3o g\u00eameo de Dante.<\/li>\n<li><strong>A\u00e7\u00e3o desenfreada<\/strong>\u00a0\u2013 O intenso e ic\u00f4nico combate baseado em espadas e armas retorna com a adi\u00e7\u00e3o de novas armas e habilidades de Anjos e Dem\u00f4nios, todas projetadas para despachar a gera\u00e7\u00e3o demon\u00edaca de volta ao inferno com estilo e eleg\u00e2ncia. As armas incluem:\n<ul class=\"bb_ul\">\n<li><strong>\u201cRebeli\u00e3o\u201d<\/strong>\u00a0: a espada de confian\u00e7a de Dante, dada por seu pai Sparda, oferece uma \u00f3tima mistura de combos e ataques, \u00f3tima para enviar inimigos para o c\u00e9u.<\/li>\n<li><strong>\u201cEbony &amp; Ivory\u201d<\/strong>\u00a0: Essas armas s\u00e3o boas para manter os inimigos afastados, manter combos e fazer malabarismos com os inimigos no ar.<\/li>\n<li><strong>&#8220;\u00c1rbitro&#8221;<\/strong>\u00a0: um machado demon\u00edaco que pode desferir golpes massivos e romper os escudos inimigos.<\/li>\n<li><strong>&#8220;Osiris&#8221;<\/strong>\u00a0: uma foice angelical com ataques r\u00e1pidos e \u00f3tima para controle de multid\u00f5es.<\/li>\n<li><strong>\u201cEryx\u201d<\/strong>\u00a0: poderosas manoplas demon\u00edacas que t\u00eam for\u00e7a suficiente para desviar at\u00e9 mesmo os ataques mais fortes e fazer malabarismos com os inimigos mais pesados.<\/li>\n<\/ul>\n<\/li>\n<li><strong>Mantendo o DNA de Devil May Cry<\/strong>\u00a0\u2013 A equipe da Capcom, incluindo membros da equipe de t\u00edtulos anteriores de Devil May Cry, foi designada para o projeto desde o in\u00edcio para garantir que DmC seja uma verdadeira adi\u00e7\u00e3o \u00e0 franquia Devil May Cry.<\/li>\n<li><strong>Valores de produ\u00e7\u00e3o incompar\u00e1veis<\/strong>\u00a0\u200b\u200b- Ninja Theory aproveitar\u00e1 a mais recente tecnologia de captura de desempenho para oferecer um n\u00edvel de design de personagens, narrativa e cinem\u00e1tica que complementa perfeitamente o combate de alta octanagem de DmC.<\/li>\n<\/ul>\n","protected":false},"excerpt":{"rendered":"<p>Confira o menor pre\u00e7o para comprar <strong>DmC: Devil May Cry<\/strong> no PC. Selecionamos apenas as nossas lojas digitais de confian\u00e7a para a compara\u00e7\u00e3o de pre\u00e7os. Voc\u00ea pode comprar a chave do jogo na loja em que estiver com a melhor oferta. Ap\u00f3s realizar a compra, voc\u00ea precisa utilizar o cliente indicado pela loja para ativar e baixar o seu jogo.<\/p>\n","protected":false},"featured_media":72834,"template":"","meta":[],"store":[],"product_brand":[],"product_cat":[25],"product_tag":[119,125,50,403,405,404,577,211,574,581,406,26,31,191,146,160,147],"class_list":{"0":"post-72723","1":"product","2":"type-product","3":"status-publish","4":"has-post-thumbnail","6":"product_cat-jogos","7":"product_tag-acao","8":"product_tag-aventura","9":"product_tag-capcom","10":"product_tag-cartas-colecionaveis-steam","11":"product_tag-compartilhamento-em-familia","12":"product_tag-conquistas-steam","13":"product_tag-demonios","14":"product_tag-hack-and-slash","15":"product_tag-luta-espetacular","16":"product_tag-ninja-theory","17":"product_tag-nuvem-steam","18":"product_tag-pc","19":"product_tag-steam","20":"product_tag-steam-deck","21":"product_tag-terceira-pessoa","22":"product_tag-trilha-sonora-boa","23":"product_tag-um-jogador","25":"first","26":"instock","27":"sale","28":"purchasable","29":"product-type-simple"},"yoast_head":"<!-- This site is optimized with the Yoast SEO plugin v27.2 - https:\/\/yoast.com\/product\/yoast-seo-wordpress\/ -->\n<title>DmC: Devil May Cry em promo\u00e7\u00e3o para PC<\/title>\n<meta name=\"description\" content=\"Confira o menor pre\u00e7o para comprar DmC: Devil May Cry no PC. Selecionamos apenas as nossas lojas digitais de confian\u00e7a para a compara\u00e7\u00e3o de pre\u00e7os. Voc\u00ea pode comprar a chave do jogo na loja em que estiver com a melhor oferta. Ap\u00f3s realizar a compra, voc\u00ea precisa utilizar o cliente indicado pela loja para ativar e baixar o seu jogo.\" \/>\n<meta name=\"robots\" content=\"index, follow, max-snippet:-1, max-image-preview:large, max-video-preview:-1\" \/>\n<link rel=\"canonical\" href=\"https:\/\/www.gameplayscassi.com.br\/ofertas\/produtos\/jogos\/dmc-devil-may-cry\/\" \/>\n<meta property=\"og:locale\" content=\"pt_BR\" \/>\n<meta property=\"og:type\" content=\"article\" \/>\n<meta property=\"og:title\" content=\"DmC: Devil May Cry em promo\u00e7\u00e3o para PC\" \/>\n<meta property=\"og:description\" content=\"Confira o menor pre\u00e7o para comprar DmC: Devil May Cry no PC. Selecionamos apenas as nossas lojas digitais de confian\u00e7a para a compara\u00e7\u00e3o de pre\u00e7os. Voc\u00ea pode comprar a chave do jogo na loja em que estiver com a melhor oferta. Ap\u00f3s realizar a compra, voc\u00ea precisa utilizar o cliente indicado pela loja para ativar e baixar o seu jogo.\" \/>\n<meta property=\"og:url\" content=\"https:\/\/www.gameplayscassi.com.br\/ofertas\/produtos\/jogos\/dmc-devil-may-cry\/\" \/>\n<meta property=\"og:site_name\" content=\"Gameplayscassi - Ofertas\" \/>\n<meta property=\"article:publisher\" content=\"https:\/\/www.facebook.com\/GamePlaysCassi\/\" \/>\n<meta property=\"article:modified_time\" content=\"2026-05-06T17:35:48+00:00\" \/>\n<meta property=\"og:image\" content=\"https:\/\/www.gameplayscassi.com.br\/ofertas\/wp-content\/uploads\/2024\/05\/DmC-Devil-May-Cry.jpg\" \/>\n\t<meta property=\"og:image:width\" content=\"1600\" \/>\n\t<meta property=\"og:image:height\" content=\"740\" \/>\n\t<meta property=\"og:image:type\" content=\"image\/jpeg\" \/>\n<meta name=\"twitter:card\" content=\"summary_large_image\" \/>\n<meta name=\"twitter:site\" content=\"@Gameplayscassi\" \/>\n<meta name=\"twitter:label1\" content=\"Est. tempo de leitura\" \/>\n\t<meta name=\"twitter:data1\" content=\"3 minutos\" \/>\n<script type=\"application\/ld+json\" class=\"yoast-schema-graph\">{\"@context\":\"https:\/\/schema.org\",\"@graph\":[{\"@type\":\"WebPage\",\"@id\":\"https:\/\/www.gameplayscassi.com.br\/ofertas\/produtos\/jogos\/dmc-devil-may-cry\/\",\"url\":\"https:\/\/www.gameplayscassi.com.br\/ofertas\/produtos\/jogos\/dmc-devil-may-cry\/\",\"name\":\"DmC: Devil May Cry em promo\u00e7\u00e3o para PC\",\"isPartOf\":{\"@id\":\"https:\/\/www.gameplayscassi.com.br\/ofertas\/#website\"},\"primaryImageOfPage\":{\"@id\":\"https:\/\/www.gameplayscassi.com.br\/ofertas\/produtos\/jogos\/dmc-devil-may-cry\/#primaryimage\"},\"image\":{\"@id\":\"https:\/\/www.gameplayscassi.com.br\/ofertas\/produtos\/jogos\/dmc-devil-may-cry\/#primaryimage\"},\"thumbnailUrl\":\"https:\/\/www.gameplayscassi.com.br\/ofertas\/wp-content\/uploads\/2024\/05\/DmC-Devil-May-Cry.jpg\",\"datePublished\":\"2024-05-09T23:21:36+00:00\",\"dateModified\":\"2026-05-06T17:35:48+00:00\",\"description\":\"Confira o menor pre\u00e7o para comprar DmC: Devil May Cry no PC. Selecionamos apenas as nossas lojas digitais de confian\u00e7a para a compara\u00e7\u00e3o de pre\u00e7os. Voc\u00ea pode comprar a chave do jogo na loja em que estiver com a melhor oferta. Ap\u00f3s realizar a compra, voc\u00ea precisa utilizar o cliente indicado pela loja para ativar e baixar o seu jogo.\",\"breadcrumb\":{\"@id\":\"https:\/\/www.gameplayscassi.com.br\/ofertas\/produtos\/jogos\/dmc-devil-may-cry\/#breadcrumb\"},\"inLanguage\":\"pt-BR\",\"potentialAction\":[{\"@type\":\"ReadAction\",\"target\":[\"https:\/\/www.gameplayscassi.com.br\/ofertas\/produtos\/jogos\/dmc-devil-may-cry\/\"]}]},{\"@type\":\"ImageObject\",\"inLanguage\":\"pt-BR\",\"@id\":\"https:\/\/www.gameplayscassi.com.br\/ofertas\/produtos\/jogos\/dmc-devil-may-cry\/#primaryimage\",\"url\":\"https:\/\/www.gameplayscassi.com.br\/ofertas\/wp-content\/uploads\/2024\/05\/DmC-Devil-May-Cry.jpg\",\"contentUrl\":\"https:\/\/www.gameplayscassi.com.br\/ofertas\/wp-content\/uploads\/2024\/05\/DmC-Devil-May-Cry.jpg\",\"width\":1600,\"height\":740},{\"@type\":\"BreadcrumbList\",\"@id\":\"https:\/\/www.gameplayscassi.com.br\/ofertas\/produtos\/jogos\/dmc-devil-may-cry\/#breadcrumb\",\"itemListElement\":[{\"@type\":\"ListItem\",\"position\":1,\"name\":\"In\u00edcio\",\"item\":\"https:\/\/www.gameplayscassi.com.br\/ofertas\/\"},{\"@type\":\"ListItem\",\"position\":2,\"name\":\"Produtos\",\"item\":\"https:\/\/www.gameplayscassi.com.br\/ofertas\/\"},{\"@type\":\"ListItem\",\"position\":3,\"name\":\"DmC: Devil May Cry\"}]},{\"@type\":\"WebSite\",\"@id\":\"https:\/\/www.gameplayscassi.com.br\/ofertas\/#website\",\"url\":\"https:\/\/www.gameplayscassi.com.br\/ofertas\/\",\"name\":\"Gameplayscassi - Ofertas\",\"description\":\"As melhores ofertas para voc\u00ea\",\"publisher\":{\"@id\":\"https:\/\/www.gameplayscassi.com.br\/ofertas\/#organization\"},\"potentialAction\":[{\"@type\":\"SearchAction\",\"target\":{\"@type\":\"EntryPoint\",\"urlTemplate\":\"https:\/\/www.gameplayscassi.com.br\/ofertas\/?s={search_term_string}\"},\"query-input\":{\"@type\":\"PropertyValueSpecification\",\"valueRequired\":true,\"valueName\":\"search_term_string\"}}],\"inLanguage\":\"pt-BR\"},{\"@type\":\"Organization\",\"@id\":\"https:\/\/www.gameplayscassi.com.br\/ofertas\/#organization\",\"name\":\"Gameplayscassi - Ofertas\",\"url\":\"https:\/\/www.gameplayscassi.com.br\/ofertas\/\",\"logo\":{\"@type\":\"ImageObject\",\"inLanguage\":\"pt-BR\",\"@id\":\"https:\/\/www.gameplayscassi.com.br\/ofertas\/#\/schema\/logo\/image\/\",\"url\":\"https:\/\/www.gameplayscassi.com.br\/ofertas\/wp-content\/uploads\/2024\/06\/Gameplayscassi.png\",\"contentUrl\":\"https:\/\/www.gameplayscassi.com.br\/ofertas\/wp-content\/uploads\/2024\/06\/Gameplayscassi.png\",\"width\":544,\"height\":180,\"caption\":\"Gameplayscassi - Ofertas\"},\"image\":{\"@id\":\"https:\/\/www.gameplayscassi.com.br\/ofertas\/#\/schema\/logo\/image\/\"},\"sameAs\":[\"https:\/\/www.facebook.com\/GamePlaysCassi\/\",\"https:\/\/x.com\/Gameplayscassi\",\"https:\/\/www.youtube.com\/gameplayscassi\",\"https:\/\/www.instagram.com\/gameplayscassii\/\",\"https:\/\/store.steampowered.com\/curator\/31464556\/\",\"https:\/\/discord.com\/servers\/gameplayscassi-598567071298617354\"]}]}<\/script>\n<!-- \/ Yoast SEO plugin. -->","yoast_head_json":{"title":"DmC: Devil May Cry em promo\u00e7\u00e3o para PC","description":"Confira o menor pre\u00e7o para comprar DmC: Devil May Cry no PC. Selecionamos apenas as nossas lojas digitais de confian\u00e7a para a compara\u00e7\u00e3o de pre\u00e7os. Voc\u00ea pode comprar a chave do jogo na loja em que estiver com a melhor oferta. Ap\u00f3s realizar a compra, voc\u00ea precisa utilizar o cliente indicado pela loja para ativar e baixar o seu jogo.","robots":{"index":"index","follow":"follow","max-snippet":"max-snippet:-1","max-image-preview":"max-image-preview:large","max-video-preview":"max-video-preview:-1"},"canonical":"https:\/\/www.gameplayscassi.com.br\/ofertas\/produtos\/jogos\/dmc-devil-may-cry\/","og_locale":"pt_BR","og_type":"article","og_title":"DmC: Devil May Cry em promo\u00e7\u00e3o para PC","og_description":"Confira o menor pre\u00e7o para comprar DmC: Devil May Cry no PC. Selecionamos apenas as nossas lojas digitais de confian\u00e7a para a compara\u00e7\u00e3o de pre\u00e7os. Voc\u00ea pode comprar a chave do jogo na loja em que estiver com a melhor oferta. Ap\u00f3s realizar a compra, voc\u00ea precisa utilizar o cliente indicado pela loja para ativar e baixar o seu jogo.","og_url":"https:\/\/www.gameplayscassi.com.br\/ofertas\/produtos\/jogos\/dmc-devil-may-cry\/","og_site_name":"Gameplayscassi - Ofertas","article_publisher":"https:\/\/www.facebook.com\/GamePlaysCassi\/","article_modified_time":"2026-05-06T17:35:48+00:00","og_image":[{"width":1600,"height":740,"url":"https:\/\/www.gameplayscassi.com.br\/ofertas\/wp-content\/uploads\/2024\/05\/DmC-Devil-May-Cry.jpg","type":"image\/jpeg"}],"twitter_card":"summary_large_image","twitter_site":"@Gameplayscassi","twitter_misc":{"Est. tempo de leitura":"3 minutos"},"schema":{"@context":"https:\/\/schema.org","@graph":[{"@type":"WebPage","@id":"https:\/\/www.gameplayscassi.com.br\/ofertas\/produtos\/jogos\/dmc-devil-may-cry\/","url":"https:\/\/www.gameplayscassi.com.br\/ofertas\/produtos\/jogos\/dmc-devil-may-cry\/","name":"DmC: Devil May Cry em promo\u00e7\u00e3o para PC","isPartOf":{"@id":"https:\/\/www.gameplayscassi.com.br\/ofertas\/#website"},"primaryImageOfPage":{"@id":"https:\/\/www.gameplayscassi.com.br\/ofertas\/produtos\/jogos\/dmc-devil-may-cry\/#primaryimage"},"image":{"@id":"https:\/\/www.gameplayscassi.com.br\/ofertas\/produtos\/jogos\/dmc-devil-may-cry\/#primaryimage"},"thumbnailUrl":"https:\/\/www.gameplayscassi.com.br\/ofertas\/wp-content\/uploads\/2024\/05\/DmC-Devil-May-Cry.jpg","datePublished":"2024-05-09T23:21:36+00:00","dateModified":"2026-05-06T17:35:48+00:00","description":"Confira o menor pre\u00e7o para comprar DmC: Devil May Cry no PC. Selecionamos apenas as nossas lojas digitais de confian\u00e7a para a compara\u00e7\u00e3o de pre\u00e7os. Voc\u00ea pode comprar a chave do jogo na loja em que estiver com a melhor oferta. Ap\u00f3s realizar a compra, voc\u00ea precisa utilizar o cliente indicado pela loja para ativar e baixar o seu jogo.","breadcrumb":{"@id":"https:\/\/www.gameplayscassi.com.br\/ofertas\/produtos\/jogos\/dmc-devil-may-cry\/#breadcrumb"},"inLanguage":"pt-BR","potentialAction":[{"@type":"ReadAction","target":["https:\/\/www.gameplayscassi.com.br\/ofertas\/produtos\/jogos\/dmc-devil-may-cry\/"]}]},{"@type":"ImageObject","inLanguage":"pt-BR","@id":"https:\/\/www.gameplayscassi.com.br\/ofertas\/produtos\/jogos\/dmc-devil-may-cry\/#primaryimage","url":"https:\/\/www.gameplayscassi.com.br\/ofertas\/wp-content\/uploads\/2024\/05\/DmC-Devil-May-Cry.jpg","contentUrl":"https:\/\/www.gameplayscassi.com.br\/ofertas\/wp-content\/uploads\/2024\/05\/DmC-Devil-May-Cry.jpg","width":1600,"height":740},{"@type":"BreadcrumbList","@id":"https:\/\/www.gameplayscassi.com.br\/ofertas\/produtos\/jogos\/dmc-devil-may-cry\/#breadcrumb","itemListElement":[{"@type":"ListItem","position":1,"name":"In\u00edcio","item":"https:\/\/www.gameplayscassi.com.br\/ofertas\/"},{"@type":"ListItem","position":2,"name":"Produtos","item":"https:\/\/www.gameplayscassi.com.br\/ofertas\/"},{"@type":"ListItem","position":3,"name":"DmC: Devil May Cry"}]},{"@type":"WebSite","@id":"https:\/\/www.gameplayscassi.com.br\/ofertas\/#website","url":"https:\/\/www.gameplayscassi.com.br\/ofertas\/","name":"Gameplayscassi - Ofertas","description":"As melhores ofertas para voc\u00ea","publisher":{"@id":"https:\/\/www.gameplayscassi.com.br\/ofertas\/#organization"},"potentialAction":[{"@type":"SearchAction","target":{"@type":"EntryPoint","urlTemplate":"https:\/\/www.gameplayscassi.com.br\/ofertas\/?s={search_term_string}"},"query-input":{"@type":"PropertyValueSpecification","valueRequired":true,"valueName":"search_term_string"}}],"inLanguage":"pt-BR"},{"@type":"Organization","@id":"https:\/\/www.gameplayscassi.com.br\/ofertas\/#organization","name":"Gameplayscassi - Ofertas","url":"https:\/\/www.gameplayscassi.com.br\/ofertas\/","logo":{"@type":"ImageObject","inLanguage":"pt-BR","@id":"https:\/\/www.gameplayscassi.com.br\/ofertas\/#\/schema\/logo\/image\/","url":"https:\/\/www.gameplayscassi.com.br\/ofertas\/wp-content\/uploads\/2024\/06\/Gameplayscassi.png","contentUrl":"https:\/\/www.gameplayscassi.com.br\/ofertas\/wp-content\/uploads\/2024\/06\/Gameplayscassi.png","width":544,"height":180,"caption":"Gameplayscassi - Ofertas"},"image":{"@id":"https:\/\/www.gameplayscassi.com.br\/ofertas\/#\/schema\/logo\/image\/"},"sameAs":["https:\/\/www.facebook.com\/GamePlaysCassi\/","https:\/\/x.com\/Gameplayscassi","https:\/\/www.youtube.com\/gameplayscassi","https:\/\/www.instagram.com\/gameplayscassii\/","https:\/\/store.steampowered.com\/curator\/31464556\/","https:\/\/discord.com\/servers\/gameplayscassi-598567071298617354"]}]}},"jetpack_sharing_enabled":true,"_links":{"self":[{"href":"https:\/\/www.gameplayscassi.com.br\/ofertas\/wp-json\/wp\/v2\/product\/72723","targetHints":{"allow":["GET"]}}],"collection":[{"href":"https:\/\/www.gameplayscassi.com.br\/ofertas\/wp-json\/wp\/v2\/product"}],"about":[{"href":"https:\/\/www.gameplayscassi.com.br\/ofertas\/wp-json\/wp\/v2\/types\/product"}],"version-history":[{"count":0,"href":"https:\/\/www.gameplayscassi.com.br\/ofertas\/wp-json\/wp\/v2\/product\/72723\/revisions"}],"wp:featuredmedia":[{"embeddable":true,"href":"https:\/\/www.gameplayscassi.com.br\/ofertas\/wp-json\/wp\/v2\/media\/72834"}],"wp:attachment":[{"href":"https:\/\/www.gameplayscassi.com.br\/ofertas\/wp-json\/wp\/v2\/media?parent=72723"}],"wp:term":[{"taxonomy":"store","embeddable":true,"href":"https:\/\/www.gameplayscassi.com.br\/ofertas\/wp-json\/wp\/v2\/store?post=72723"},{"taxonomy":"product_brand","embeddable":true,"href":"https:\/\/www.gameplayscassi.com.br\/ofertas\/wp-json\/wp\/v2\/product_brand?post=72723"},{"taxonomy":"product_cat","embeddable":true,"href":"https:\/\/www.gameplayscassi.com.br\/ofertas\/wp-json\/wp\/v2\/product_cat?post=72723"},{"taxonomy":"product_tag","embeddable":true,"href":"https:\/\/www.gameplayscassi.com.br\/ofertas\/wp-json\/wp\/v2\/product_tag?post=72723"}],"curies":[{"name":"wp","href":"https:\/\/api.w.org\/{rel}","templated":true}]}}