{"id":72717,"date":"2024-05-09T20:21:36","date_gmt":"2024-05-09T23:21:36","guid":{"rendered":"https:\/\/www.gameplayscassi.com.br\/ofertas\/produtos\/sem%20categoria\/devil-may-cry-4-special-edition\/"},"modified":"2026-05-06T15:54:36","modified_gmt":"2026-05-06T18:54:36","slug":"devil-may-cry-4-special-edition","status":"publish","type":"product","link":"https:\/\/www.gameplayscassi.com.br\/ofertas\/produtos\/jogos\/devil-may-cry-4-special-edition\/","title":{"rendered":"Devil May Cry 4: Special Edition"},"content":{"rendered":"<p>Assuma o controle de um dos cinco personagens jog\u00e1veis \u200b\u200bna Edi\u00e7\u00e3o Especial de Devil May Cry 4, a vers\u00e3o definitiva do elegante jogo de a\u00e7\u00e3o de grande sucesso!<\/p>\n<p>Devil May Cry 4 mergulha os jogadores em um mundo g\u00f3tico sobrenatural, onde um novo protagonista enfrenta um her\u00f3i familiar. Como o novo protagonista, Nero, os jogadores ir\u00e3o desencadear ataques incr\u00edveis e combos ininterruptos usando uma nova mec\u00e2nica de jogo \u00fanica, seu poderoso bra\u00e7o \u201cDevil Bringer\u201d.<\/p>\n<p>Na costa de uma terra distante fica a cidade-castelo de Fortuna. \u00c9 aqui que o grupo conhecido como Ordem da Espada pratica uma religi\u00e3o misteriosa. Eles reverenciam o guerreiro dem\u00f4nio Sparda, que como seu deus lutou para proteger os humanos, e est\u00e3o comprometidos com o exterm\u00ednio de todos os dem\u00f4nios. Nero, um jovem cavaleiro da Ordem, tem a tarefa de encontrar Dante, o misterioso assassino que assassinou o chefe da Ordem da Espada. Ao mesmo tempo, mais dem\u00f4nios come\u00e7am a aparecer pela cidade. Nero logo descobrir\u00e1 os motivos por tr\u00e1s do aparecimento de Dante e a verdade por tr\u00e1s das inten\u00e7\u00f5es da Ordem da Espada.<\/p>\n<h2 class=\"bb_tag\">Caracter\u00edsticas<\/h2>\n<p><strong>TR\u00caS novos personagens jog\u00e1veis<\/strong><\/p>\n<ul class=\"bb_ul\">\n<li>Vergil \u00e9 um personagem forte, mas t\u00e9cnico, ent\u00e3o os novatos podem jogar com confian\u00e7a, enquanto os veteranos experientes podem aprimorar ainda mais suas habilidades \u00e0 medida que dominam seus movimentos. \u00d3timo para todos os n\u00edveis de habilidade!<\/li>\n<li>Lady, em sua primeira apari\u00e7\u00e3o jog\u00e1vel, \u00e9 especializada em ataques poderosos de longa dist\u00e2ncia. Usando o lan\u00e7ador de foguetes Kalina Ann, um cabo de luta e uma variedade de armas incr\u00edveis, ela pode lutar com gra\u00e7a e facilidade.<\/li>\n<li>Trish utiliza a espada demon\u00edaca Sparda para realizar uma grande variedade de combos. O Sparda pode at\u00e9 atacar inimigos de forma aut\u00f4noma enquanto Trish luta em conjunto!<\/li>\n<\/ul>\n<p><strong>Modo Lend\u00e1rio Cavaleiro das Trevas<\/strong><\/p>\n<ul class=\"bb_ul\">\n<li>Lute contra um grande n\u00famero de inimigos simultaneamente para obter dificuldade extra e satisfa\u00e7\u00e3o m\u00e1xima!<\/li>\n<\/ul>\n<p><strong>Jogabilidade refinada<\/strong><\/p>\n<ul class=\"bb_ul\">\n<li>Pequenos ajustes foram feitos para melhorar o ritmo do jogo e proporcionar uma experi\u00eancia ainda melhor para jogadores novos e antigos.<\/li>\n<\/ul>\n<p><strong>Recursos de retorno<\/strong><\/p>\n<ul class=\"bb_ul\">\n<li>Mistura exclusiva de armas e esgrima<\/li>\n<li>Sistema de combina\u00e7\u00e3o profundo recompensa o envio elegante de inimigos<\/li>\n<li>Conjunto distinto de armas e movimentos para todos os personagens<\/li>\n<\/ul>\n","protected":false},"excerpt":{"rendered":"<p>Confira o menor pre\u00e7o para comprar <strong>Devil May Cry 4: Special Edition<\/strong> no PC. Selecionamos apenas as nossas lojas digitais de confian\u00e7a para a compara\u00e7\u00e3o de pre\u00e7os. Voc\u00ea pode comprar a chave do jogo na loja em que estiver com a melhor oferta. Ap\u00f3s realizar a compra, voc\u00ea precisa utilizar o cliente indicado pela loja para ativar e baixar o seu jogo.<\/p>\n","protected":false},"featured_media":72829,"template":"","meta":[],"store":[],"product_brand":[],"product_cat":[25],"product_tag":[119,50,403,405,404,575,211,573,574,406,26,31,146,160,147],"class_list":{"0":"post-72717","1":"product","2":"type-product","3":"status-publish","4":"has-post-thumbnail","6":"product_cat-jogos","7":"product_tag-acao","8":"product_tag-capcom","9":"product_tag-cartas-colecionaveis-steam","10":"product_tag-compartilhamento-em-familia","11":"product_tag-conquistas-steam","12":"product_tag-estilizado","13":"product_tag-hack-and-slash","14":"product_tag-jogo-de-acao-focado-em-personagem","15":"product_tag-luta-espetacular","16":"product_tag-nuvem-steam","17":"product_tag-pc","18":"product_tag-steam","19":"product_tag-terceira-pessoa","20":"product_tag-trilha-sonora-boa","21":"product_tag-um-jogador","23":"first","24":"instock","25":"sale","26":"purchasable","27":"product-type-simple"},"yoast_head":"<!-- This site is optimized with the Yoast SEO plugin v27.2 - https:\/\/yoast.com\/product\/yoast-seo-wordpress\/ -->\n<title>Devil May Cry 4: Special Edition em promo\u00e7\u00e3o para PC<\/title>\n<meta name=\"description\" content=\"Confira o menor pre\u00e7o para comprar Devil May Cry 4: Special Edition no PC. Selecionamos apenas as nossas lojas digitais de confian\u00e7a para a compara\u00e7\u00e3o de pre\u00e7os. Voc\u00ea pode comprar a chave do jogo na loja em que estiver com a melhor oferta. Ap\u00f3s realizar a compra, voc\u00ea precisa utilizar o cliente indicado pela loja para ativar e baixar o seu jogo.\" \/>\n<meta name=\"robots\" content=\"index, follow, max-snippet:-1, max-image-preview:large, max-video-preview:-1\" \/>\n<link rel=\"canonical\" href=\"https:\/\/www.gameplayscassi.com.br\/ofertas\/produtos\/jogos\/devil-may-cry-4-special-edition\/\" \/>\n<meta property=\"og:locale\" content=\"pt_BR\" \/>\n<meta property=\"og:type\" content=\"article\" \/>\n<meta property=\"og:title\" content=\"Devil May Cry 4: Special Edition em promo\u00e7\u00e3o para PC\" \/>\n<meta property=\"og:description\" content=\"Confira o menor pre\u00e7o para comprar Devil May Cry 4: Special Edition no PC. Selecionamos apenas as nossas lojas digitais de confian\u00e7a para a compara\u00e7\u00e3o de pre\u00e7os. Voc\u00ea pode comprar a chave do jogo na loja em que estiver com a melhor oferta. Ap\u00f3s realizar a compra, voc\u00ea precisa utilizar o cliente indicado pela loja para ativar e baixar o seu jogo.\" \/>\n<meta property=\"og:url\" content=\"https:\/\/www.gameplayscassi.com.br\/ofertas\/produtos\/jogos\/devil-may-cry-4-special-edition\/\" \/>\n<meta property=\"og:site_name\" content=\"Gameplayscassi - Ofertas\" \/>\n<meta property=\"article:publisher\" content=\"https:\/\/www.facebook.com\/GamePlaysCassi\/\" \/>\n<meta property=\"article:modified_time\" content=\"2026-05-06T18:54:36+00:00\" \/>\n<meta property=\"og:image\" content=\"https:\/\/www.gameplayscassi.com.br\/ofertas\/wp-content\/uploads\/2024\/05\/Devil-May-Cry-4-Special-Edition.jpg\" \/>\n\t<meta property=\"og:image:width\" content=\"1600\" \/>\n\t<meta property=\"og:image:height\" content=\"740\" \/>\n\t<meta property=\"og:image:type\" content=\"image\/jpeg\" \/>\n<meta name=\"twitter:card\" content=\"summary_large_image\" \/>\n<meta name=\"twitter:site\" content=\"@Gameplayscassi\" \/>\n<meta name=\"twitter:label1\" content=\"Est. tempo de leitura\" \/>\n\t<meta name=\"twitter:data1\" content=\"2 minutos\" \/>\n<script type=\"application\/ld+json\" class=\"yoast-schema-graph\">{\"@context\":\"https:\/\/schema.org\",\"@graph\":[{\"@type\":\"WebPage\",\"@id\":\"https:\/\/www.gameplayscassi.com.br\/ofertas\/produtos\/jogos\/devil-may-cry-4-special-edition\/\",\"url\":\"https:\/\/www.gameplayscassi.com.br\/ofertas\/produtos\/jogos\/devil-may-cry-4-special-edition\/\",\"name\":\"Devil May Cry 4: Special Edition em promo\u00e7\u00e3o para PC\",\"isPartOf\":{\"@id\":\"https:\/\/www.gameplayscassi.com.br\/ofertas\/#website\"},\"primaryImageOfPage\":{\"@id\":\"https:\/\/www.gameplayscassi.com.br\/ofertas\/produtos\/jogos\/devil-may-cry-4-special-edition\/#primaryimage\"},\"image\":{\"@id\":\"https:\/\/www.gameplayscassi.com.br\/ofertas\/produtos\/jogos\/devil-may-cry-4-special-edition\/#primaryimage\"},\"thumbnailUrl\":\"https:\/\/www.gameplayscassi.com.br\/ofertas\/wp-content\/uploads\/2024\/05\/Devil-May-Cry-4-Special-Edition.jpg\",\"datePublished\":\"2024-05-09T23:21:36+00:00\",\"dateModified\":\"2026-05-06T18:54:36+00:00\",\"description\":\"Confira o menor pre\u00e7o para comprar Devil May Cry 4: Special Edition no PC. Selecionamos apenas as nossas lojas digitais de confian\u00e7a para a compara\u00e7\u00e3o de pre\u00e7os. Voc\u00ea pode comprar a chave do jogo na loja em que estiver com a melhor oferta. Ap\u00f3s realizar a compra, voc\u00ea precisa utilizar o cliente indicado pela loja para ativar e baixar o seu jogo.\",\"breadcrumb\":{\"@id\":\"https:\/\/www.gameplayscassi.com.br\/ofertas\/produtos\/jogos\/devil-may-cry-4-special-edition\/#breadcrumb\"},\"inLanguage\":\"pt-BR\",\"potentialAction\":[{\"@type\":\"ReadAction\",\"target\":[\"https:\/\/www.gameplayscassi.com.br\/ofertas\/produtos\/jogos\/devil-may-cry-4-special-edition\/\"]}]},{\"@type\":\"ImageObject\",\"inLanguage\":\"pt-BR\",\"@id\":\"https:\/\/www.gameplayscassi.com.br\/ofertas\/produtos\/jogos\/devil-may-cry-4-special-edition\/#primaryimage\",\"url\":\"https:\/\/www.gameplayscassi.com.br\/ofertas\/wp-content\/uploads\/2024\/05\/Devil-May-Cry-4-Special-Edition.jpg\",\"contentUrl\":\"https:\/\/www.gameplayscassi.com.br\/ofertas\/wp-content\/uploads\/2024\/05\/Devil-May-Cry-4-Special-Edition.jpg\",\"width\":1600,\"height\":740},{\"@type\":\"BreadcrumbList\",\"@id\":\"https:\/\/www.gameplayscassi.com.br\/ofertas\/produtos\/jogos\/devil-may-cry-4-special-edition\/#breadcrumb\",\"itemListElement\":[{\"@type\":\"ListItem\",\"position\":1,\"name\":\"In\u00edcio\",\"item\":\"https:\/\/www.gameplayscassi.com.br\/ofertas\/\"},{\"@type\":\"ListItem\",\"position\":2,\"name\":\"Produtos\",\"item\":\"https:\/\/www.gameplayscassi.com.br\/ofertas\/\"},{\"@type\":\"ListItem\",\"position\":3,\"name\":\"Devil May Cry 4: Special Edition\"}]},{\"@type\":\"WebSite\",\"@id\":\"https:\/\/www.gameplayscassi.com.br\/ofertas\/#website\",\"url\":\"https:\/\/www.gameplayscassi.com.br\/ofertas\/\",\"name\":\"Gameplayscassi - Ofertas\",\"description\":\"As melhores ofertas para voc\u00ea\",\"publisher\":{\"@id\":\"https:\/\/www.gameplayscassi.com.br\/ofertas\/#organization\"},\"potentialAction\":[{\"@type\":\"SearchAction\",\"target\":{\"@type\":\"EntryPoint\",\"urlTemplate\":\"https:\/\/www.gameplayscassi.com.br\/ofertas\/?s={search_term_string}\"},\"query-input\":{\"@type\":\"PropertyValueSpecification\",\"valueRequired\":true,\"valueName\":\"search_term_string\"}}],\"inLanguage\":\"pt-BR\"},{\"@type\":\"Organization\",\"@id\":\"https:\/\/www.gameplayscassi.com.br\/ofertas\/#organization\",\"name\":\"Gameplayscassi - Ofertas\",\"url\":\"https:\/\/www.gameplayscassi.com.br\/ofertas\/\",\"logo\":{\"@type\":\"ImageObject\",\"inLanguage\":\"pt-BR\",\"@id\":\"https:\/\/www.gameplayscassi.com.br\/ofertas\/#\/schema\/logo\/image\/\",\"url\":\"https:\/\/www.gameplayscassi.com.br\/ofertas\/wp-content\/uploads\/2024\/06\/Gameplayscassi.png\",\"contentUrl\":\"https:\/\/www.gameplayscassi.com.br\/ofertas\/wp-content\/uploads\/2024\/06\/Gameplayscassi.png\",\"width\":544,\"height\":180,\"caption\":\"Gameplayscassi - Ofertas\"},\"image\":{\"@id\":\"https:\/\/www.gameplayscassi.com.br\/ofertas\/#\/schema\/logo\/image\/\"},\"sameAs\":[\"https:\/\/www.facebook.com\/GamePlaysCassi\/\",\"https:\/\/x.com\/Gameplayscassi\",\"https:\/\/www.youtube.com\/gameplayscassi\",\"https:\/\/www.instagram.com\/gameplayscassii\/\",\"https:\/\/store.steampowered.com\/curator\/31464556\/\",\"https:\/\/discord.com\/servers\/gameplayscassi-598567071298617354\"]}]}<\/script>\n<!-- \/ Yoast SEO plugin. -->","yoast_head_json":{"title":"Devil May Cry 4: Special Edition em promo\u00e7\u00e3o para PC","description":"Confira o menor pre\u00e7o para comprar Devil May Cry 4: Special Edition no PC. Selecionamos apenas as nossas lojas digitais de confian\u00e7a para a compara\u00e7\u00e3o de pre\u00e7os. Voc\u00ea pode comprar a chave do jogo na loja em que estiver com a melhor oferta. Ap\u00f3s realizar a compra, voc\u00ea precisa utilizar o cliente indicado pela loja para ativar e baixar o seu jogo.","robots":{"index":"index","follow":"follow","max-snippet":"max-snippet:-1","max-image-preview":"max-image-preview:large","max-video-preview":"max-video-preview:-1"},"canonical":"https:\/\/www.gameplayscassi.com.br\/ofertas\/produtos\/jogos\/devil-may-cry-4-special-edition\/","og_locale":"pt_BR","og_type":"article","og_title":"Devil May Cry 4: Special Edition em promo\u00e7\u00e3o para PC","og_description":"Confira o menor pre\u00e7o para comprar Devil May Cry 4: Special Edition no PC. Selecionamos apenas as nossas lojas digitais de confian\u00e7a para a compara\u00e7\u00e3o de pre\u00e7os. Voc\u00ea pode comprar a chave do jogo na loja em que estiver com a melhor oferta. Ap\u00f3s realizar a compra, voc\u00ea precisa utilizar o cliente indicado pela loja para ativar e baixar o seu jogo.","og_url":"https:\/\/www.gameplayscassi.com.br\/ofertas\/produtos\/jogos\/devil-may-cry-4-special-edition\/","og_site_name":"Gameplayscassi - Ofertas","article_publisher":"https:\/\/www.facebook.com\/GamePlaysCassi\/","article_modified_time":"2026-05-06T18:54:36+00:00","og_image":[{"width":1600,"height":740,"url":"https:\/\/www.gameplayscassi.com.br\/ofertas\/wp-content\/uploads\/2024\/05\/Devil-May-Cry-4-Special-Edition.jpg","type":"image\/jpeg"}],"twitter_card":"summary_large_image","twitter_site":"@Gameplayscassi","twitter_misc":{"Est. tempo de leitura":"2 minutos"},"schema":{"@context":"https:\/\/schema.org","@graph":[{"@type":"WebPage","@id":"https:\/\/www.gameplayscassi.com.br\/ofertas\/produtos\/jogos\/devil-may-cry-4-special-edition\/","url":"https:\/\/www.gameplayscassi.com.br\/ofertas\/produtos\/jogos\/devil-may-cry-4-special-edition\/","name":"Devil May Cry 4: Special Edition em promo\u00e7\u00e3o para PC","isPartOf":{"@id":"https:\/\/www.gameplayscassi.com.br\/ofertas\/#website"},"primaryImageOfPage":{"@id":"https:\/\/www.gameplayscassi.com.br\/ofertas\/produtos\/jogos\/devil-may-cry-4-special-edition\/#primaryimage"},"image":{"@id":"https:\/\/www.gameplayscassi.com.br\/ofertas\/produtos\/jogos\/devil-may-cry-4-special-edition\/#primaryimage"},"thumbnailUrl":"https:\/\/www.gameplayscassi.com.br\/ofertas\/wp-content\/uploads\/2024\/05\/Devil-May-Cry-4-Special-Edition.jpg","datePublished":"2024-05-09T23:21:36+00:00","dateModified":"2026-05-06T18:54:36+00:00","description":"Confira o menor pre\u00e7o para comprar Devil May Cry 4: Special Edition no PC. Selecionamos apenas as nossas lojas digitais de confian\u00e7a para a compara\u00e7\u00e3o de pre\u00e7os. Voc\u00ea pode comprar a chave do jogo na loja em que estiver com a melhor oferta. Ap\u00f3s realizar a compra, voc\u00ea precisa utilizar o cliente indicado pela loja para ativar e baixar o seu jogo.","breadcrumb":{"@id":"https:\/\/www.gameplayscassi.com.br\/ofertas\/produtos\/jogos\/devil-may-cry-4-special-edition\/#breadcrumb"},"inLanguage":"pt-BR","potentialAction":[{"@type":"ReadAction","target":["https:\/\/www.gameplayscassi.com.br\/ofertas\/produtos\/jogos\/devil-may-cry-4-special-edition\/"]}]},{"@type":"ImageObject","inLanguage":"pt-BR","@id":"https:\/\/www.gameplayscassi.com.br\/ofertas\/produtos\/jogos\/devil-may-cry-4-special-edition\/#primaryimage","url":"https:\/\/www.gameplayscassi.com.br\/ofertas\/wp-content\/uploads\/2024\/05\/Devil-May-Cry-4-Special-Edition.jpg","contentUrl":"https:\/\/www.gameplayscassi.com.br\/ofertas\/wp-content\/uploads\/2024\/05\/Devil-May-Cry-4-Special-Edition.jpg","width":1600,"height":740},{"@type":"BreadcrumbList","@id":"https:\/\/www.gameplayscassi.com.br\/ofertas\/produtos\/jogos\/devil-may-cry-4-special-edition\/#breadcrumb","itemListElement":[{"@type":"ListItem","position":1,"name":"In\u00edcio","item":"https:\/\/www.gameplayscassi.com.br\/ofertas\/"},{"@type":"ListItem","position":2,"name":"Produtos","item":"https:\/\/www.gameplayscassi.com.br\/ofertas\/"},{"@type":"ListItem","position":3,"name":"Devil May Cry 4: Special Edition"}]},{"@type":"WebSite","@id":"https:\/\/www.gameplayscassi.com.br\/ofertas\/#website","url":"https:\/\/www.gameplayscassi.com.br\/ofertas\/","name":"Gameplayscassi - Ofertas","description":"As melhores ofertas para voc\u00ea","publisher":{"@id":"https:\/\/www.gameplayscassi.com.br\/ofertas\/#organization"},"potentialAction":[{"@type":"SearchAction","target":{"@type":"EntryPoint","urlTemplate":"https:\/\/www.gameplayscassi.com.br\/ofertas\/?s={search_term_string}"},"query-input":{"@type":"PropertyValueSpecification","valueRequired":true,"valueName":"search_term_string"}}],"inLanguage":"pt-BR"},{"@type":"Organization","@id":"https:\/\/www.gameplayscassi.com.br\/ofertas\/#organization","name":"Gameplayscassi - Ofertas","url":"https:\/\/www.gameplayscassi.com.br\/ofertas\/","logo":{"@type":"ImageObject","inLanguage":"pt-BR","@id":"https:\/\/www.gameplayscassi.com.br\/ofertas\/#\/schema\/logo\/image\/","url":"https:\/\/www.gameplayscassi.com.br\/ofertas\/wp-content\/uploads\/2024\/06\/Gameplayscassi.png","contentUrl":"https:\/\/www.gameplayscassi.com.br\/ofertas\/wp-content\/uploads\/2024\/06\/Gameplayscassi.png","width":544,"height":180,"caption":"Gameplayscassi - Ofertas"},"image":{"@id":"https:\/\/www.gameplayscassi.com.br\/ofertas\/#\/schema\/logo\/image\/"},"sameAs":["https:\/\/www.facebook.com\/GamePlaysCassi\/","https:\/\/x.com\/Gameplayscassi","https:\/\/www.youtube.com\/gameplayscassi","https:\/\/www.instagram.com\/gameplayscassii\/","https:\/\/store.steampowered.com\/curator\/31464556\/","https:\/\/discord.com\/servers\/gameplayscassi-598567071298617354"]}]}},"jetpack_sharing_enabled":true,"_links":{"self":[{"href":"https:\/\/www.gameplayscassi.com.br\/ofertas\/wp-json\/wp\/v2\/product\/72717","targetHints":{"allow":["GET"]}}],"collection":[{"href":"https:\/\/www.gameplayscassi.com.br\/ofertas\/wp-json\/wp\/v2\/product"}],"about":[{"href":"https:\/\/www.gameplayscassi.com.br\/ofertas\/wp-json\/wp\/v2\/types\/product"}],"version-history":[{"count":0,"href":"https:\/\/www.gameplayscassi.com.br\/ofertas\/wp-json\/wp\/v2\/product\/72717\/revisions"}],"wp:featuredmedia":[{"embeddable":true,"href":"https:\/\/www.gameplayscassi.com.br\/ofertas\/wp-json\/wp\/v2\/media\/72829"}],"wp:attachment":[{"href":"https:\/\/www.gameplayscassi.com.br\/ofertas\/wp-json\/wp\/v2\/media?parent=72717"}],"wp:term":[{"taxonomy":"store","embeddable":true,"href":"https:\/\/www.gameplayscassi.com.br\/ofertas\/wp-json\/wp\/v2\/store?post=72717"},{"taxonomy":"product_brand","embeddable":true,"href":"https:\/\/www.gameplayscassi.com.br\/ofertas\/wp-json\/wp\/v2\/product_brand?post=72717"},{"taxonomy":"product_cat","embeddable":true,"href":"https:\/\/www.gameplayscassi.com.br\/ofertas\/wp-json\/wp\/v2\/product_cat?post=72717"},{"taxonomy":"product_tag","embeddable":true,"href":"https:\/\/www.gameplayscassi.com.br\/ofertas\/wp-json\/wp\/v2\/product_tag?post=72717"}],"curies":[{"name":"wp","href":"https:\/\/api.w.org\/{rel}","templated":true}]}}