{"id":72541,"date":"2024-04-25T22:56:37","date_gmt":"2024-04-26T01:56:37","guid":{"rendered":"https:\/\/www.gameplayscassi.com.br\/ofertas\/produtos\/sem%20categoria\/manor-lords\/"},"modified":"2026-05-02T03:54:26","modified_gmt":"2026-05-02T06:54:26","slug":"manor-lords","status":"publish","type":"product","link":"https:\/\/www.gameplayscassi.com.br\/ofertas\/produtos\/jogos\/manor-lords\/","title":{"rendered":"Manor Lords"},"content":{"rendered":"<p><img decoding=\"async\" src=\"https:\/\/cdn.akamai.steamstatic.com\/steam\/apps\/1363080\/extras\/image_01_loop.gif?t=1714039803\" \/><\/p>\n<p>Manor Lords \u00e9 um jogo de estrat\u00e9gia que lhe permitir\u00e1 experimentar a vida de um lorde medieval. Fa\u00e7a com que sua pequena vila cres\u00e7a at\u00e9 virar uma animada cidade, gerencie recursos e cadeias de produ\u00e7\u00e3o e expanda as suas terras atrav\u00e9s da conquista.<\/p>\n<p>Inspirado na arte e na arquitetura da Franc\u00f4nia ao fim do s\u00e9culo XIV, Manor Lords d\u00e1 prioridade \u00e0 precis\u00e3o hist\u00f3rica sempre que poss\u00edvel, e a utiliza para guiar tanto as mec\u00e2nicas de jogo quanto os gr\u00e1ficos, evitando assim os clich\u00eas medievais para que o mundo pare\u00e7a mais aut\u00eantico, colorido e ver\u00eddico.<\/p>\n<p><img decoding=\"async\" src=\"https:\/\/cdn.akamai.steamstatic.com\/steam\/apps\/1363080\/extras\/headline_01-PT_BR.png?t=1714039803\" \/><br \/>\n<img decoding=\"async\" src=\"https:\/\/cdn.akamai.steamstatic.com\/steam\/apps\/1363080\/extras\/image_02_loop.gif?t=1714039803\" \/><\/p>\n<p>Em Manor Lords, a constru\u00e7\u00e3o das cidades n\u00e3o depender\u00e1 de grades no terreno, de forma que voc\u00ea ter\u00e1 total liberdade de posicionar e girar suas constru\u00e7\u00f5es. As mec\u00e2nicas de constru\u00e7\u00e3o s\u00e3o inspiradas no autentico crescimento das cidades e vilas medievais, nas quais a forma\u00e7\u00e3o e o desenvolvimento dos assentamentos eram influenciados pelas grandes rotas comerciais e pelas caracter\u00edsticas do terreno.<\/p>\n<ul class=\"bb_ul\">\n<li>A partir de um mercado central, expanda seus distritos residenciais, comerciais e industriais seguindo a disposi\u00e7\u00e3o natural da terra. Crie fazendas com base na fertilidade do solo, posicione \u00e1reas de ca\u00e7a de acordo com as popula\u00e7\u00f5es de animais e garanta o acesso adequado a dep\u00f3sitos de recursos e florestas para conseguir a mat\u00e9ria-prima necess\u00e1ria para continuar crescendo.<\/li>\n<li>Determine quais ser\u00e3o as \u00e1reas residenciais e assista os seus moradores construindo seus respectivos lares de acordo com o hist\u00f3rico sistema de distribui\u00e7\u00e3o de terrenos em lotes senhoriais. As resid\u00eancias ser\u00e3o alocadas em \u00e1reas subdividas levando em conta as estradas e o espa\u00e7o dispon\u00edvel.<\/li>\n<li>Construa extens\u00f5es atr\u00e1s de casas maiores para produzir recursos que n\u00e3o estariam dispon\u00edveis de outra maneira. Seus alde\u00f5es fazem mais do que pagar impostos: eles cultivam vegetais, criam galinhas e cabras, e fornecem os suprimentos b\u00e1sicos que eles mesmos e outros moradores precisam al\u00e9m do que as fazendas, pastos e industrias que voc\u00ea gerencia podem oferecer.<\/li>\n<li>Administre os seus assentamentos atrav\u00e9s das demandas e oportunidades \u00fanicas de cada esta\u00e7\u00e3o. Aproveite as d\u00e1divas trazidas pelas chuvas de primavera e se prepare para as implac\u00e1veis neves do inverno.<\/li>\n<\/ul>\n<p><img decoding=\"async\" src=\"https:\/\/cdn.akamai.steamstatic.com\/steam\/apps\/1363080\/extras\/headline_02-PT_BR.png?t=1714039803\" \/><br \/>\n<img decoding=\"async\" src=\"https:\/\/cdn.akamai.steamstatic.com\/steam\/apps\/1363080\/extras\/image_03_loop.gif?t=1714039803\" \/><\/p>\n<p>De botas \u00e0 cevada, de peles a mel, Manor Lords apresenta uma grande variedade de produtos adequados \u00e0 \u00e9poca. Os materiais precisam ser transportados e processados para se tornarem os produtos finais para consumo atrav\u00e9s de cadeias de produ\u00e7\u00e3o. Voc\u00ea dever\u00e1 equilibrar as necessidades b\u00e1sicas do seu povo com as demandas de artigos de luxo para garantir a felicidade de todos, al\u00e9m de fabricar produtos para a exporta\u00e7\u00e3o ou forjar armas e armaduras que lhe ajudem em suas conquistas.<\/p>\n<ul class=\"bb_ul\">\n<li>Os recursos est\u00e3o espalhados por todo o mapa para lhe encorajar a expandir suas cidades e a estabelecer m\u00faltiplos assentamentos especializados. Extraia min\u00e9rios valiosos em suas col\u00f4nias de minera\u00e7\u00e3o enquanto suas vilas dedicadas \u00e0 agricultura, \u00e0 pecu\u00e1ria ou \u00e0 ca\u00e7a proveem os gr\u00e3os e a carne necess\u00e1rios para alimentar a sua popula\u00e7\u00e3o emergente. Decida entre gastar sua suada influ\u00eancia para adquirir uma regi\u00e3o com uma fonte abundante de ferro para os seus ferreiros ou uma regi\u00e3o de solo f\u00e9rtil para alimentar a todos.<\/li>\n<li>Expans\u00f5es impensadas afetar\u00e3o diretamente o ambiente: manadas de cervos migrar\u00e3o para longe de civiliza\u00e7\u00f5es que se aproximem demais, deixar de fazer a rota\u00e7\u00e3o de culturas nas planta\u00e7\u00f5es ir\u00e1 piorar a fertilidade do solo e cortar \u00e1rvores demais terminar\u00e1 em desmatamento.<\/li>\n<li>Estabele\u00e7a rotas de com\u00e9rcio para vender seus produtos excedentes aos mercadores ambulantes e enrique\u00e7a sua popula\u00e7\u00e3o. Produzir e exportar uma variedade de produtos lhe render\u00e1 riquezas para que voc\u00ea desenvolva a sua cidade. Importe produtos que ainda n\u00e3o \u00e9 capaz de produzir e, com os impostos cobrados sobre a renda da exporta\u00e7\u00e3o, encha seus pr\u00f3prios cofres.<\/li>\n<\/ul>\n<p><img decoding=\"async\" src=\"https:\/\/cdn.akamai.steamstatic.com\/steam\/apps\/1363080\/extras\/headline_03-PT_BR.png?t=1714039803\" \/><br \/>\n<img decoding=\"async\" src=\"https:\/\/cdn.akamai.steamstatic.com\/steam\/apps\/1363080\/extras\/image_04_loop.gif?t=1714039803\" \/><\/p>\n<p>A regi\u00e3o sob seu controle \u00e9 apenas uma pequena faixa de terra em um vasto territ\u00f3rio, e as ambi\u00e7\u00f5es divergentes entre voc\u00ea e os senhores vizinhos acabar\u00e3o causando conflitos. Lidere o seu povo nas batalhas, n\u00e3o como unidades descart\u00e1veis que podem ser facilmente substitu\u00eddas, mas como seus amados e fieis s\u00faditos. Cada morte \u00e9 um custo que deve ser considerado.<\/p>\n<ul class=\"bb_ul\">\n<li>Treine um s\u00e9quito de guerreiros especializados para lutar ao lado da mil\u00edcia convocada na cidade. \u00c0s vezes, ser\u00e1 necess\u00e1rio usar esses soldados para acabar com criminosos, outras vezes voc\u00ea levar\u00e1 seus homens \u00e0 batalha para conquistar ou defender territ\u00f3rios. Se necess\u00e1rio, os mercen\u00e1rios s\u00e3o uma custosa op\u00e7\u00e3o para fortalecer suas fileiras. Voc\u00ea pode reunir sua mil\u00edcia ao primeiro sinal de problemas, deixando sua economia parada enquanto seus alde\u00f5es correm para se armar e formar suas fileiras, ou pode gastar seu pr\u00f3prio tesouro para contratar bandos de guerreiros.<\/li>\n<li>Comande batalhas t\u00e1ticas em tempo real nas quais ter\u00e1 que levar em conta elementos como fatiga, condi\u00e7\u00f5es clim\u00e1ticas e equipamentos. Posicione as suas tropas com sabedoria: uma for\u00e7a menor pode derrotar um inimigo maior ao ser bem comandada.<\/li>\n<li>Voc\u00ea sentir\u00e1 os custos da batalha, mesmo na vit\u00f3ria, pois cada soldado ca\u00eddo representa uma pessoa da sua cidade que se perdeu.<\/li>\n<\/ul>\n<p><img decoding=\"async\" src=\"https:\/\/cdn.akamai.steamstatic.com\/steam\/apps\/1363080\/extras\/headline_04-PT_BR.png?t=1714039803\" \/><br \/>\n<img decoding=\"async\" src=\"https:\/\/cdn.akamai.steamstatic.com\/steam\/apps\/1363080\/extras\/image_05_loop.gif?t=1714039803\" \/><\/p>\n<p>Este jogo \u00e9 um projeto pessoal iniciado por um \u00fanico desenvolvedor. Voc\u00ea pode entrar em contato comigo e me dizer suas opini\u00f5es, ideias ou cr\u00edticas. Todo feedback que eu recebo \u00e9 importante.<\/p>\n","protected":false},"excerpt":{"rendered":"<p>Confira o menor pre\u00e7o para comprar <strong>Manor Lords<\/strong> no PC. Selecionamos apenas as nossas lojas digitais de confian\u00e7a para a compara\u00e7\u00e3o de pre\u00e7os. Voc\u00ea pode comprar a chave do jogo na loja em que estiver com a melhor oferta. Ap\u00f3s realizar a compra, voc\u00ea precisa utilizar o cliente indicado pela loja para ativar e baixar o seu jogo.<\/p>\n","protected":false},"featured_media":72544,"template":"","meta":[],"store":[],"product_brand":[],"product_cat":[25],"product_tag":[404,241,529,528,420,124,531,532,525,406,26,118,527,530,526,31],"class_list":{"0":"post-72541","1":"product","2":"type-product","3":"status-publish","4":"has-post-thumbnail","6":"product_cat-jogos","7":"product_tag-conquistas-steam","8":"product_tag-construcao","9":"product_tag-construcao-de-bases","10":"product_tag-construcao-de-cidades","11":"product_tag-estrategia","12":"product_tag-geforce-now","13":"product_tag-gerenciamento","14":"product_tag-gerenciamento-de-recursos","15":"product_tag-hooded-horse","16":"product_tag-nuvem-steam","17":"product_tag-pc","18":"product_tag-pc-game-pass","19":"product_tag-simulacao","20":"product_tag-simulador-de-colonias","21":"product_tag-slavic-magic","22":"product_tag-steam","24":"first","25":"instock","26":"purchasable","27":"product-type-simple"},"yoast_head":"<!-- This site is optimized with the Yoast SEO plugin v27.2 - https:\/\/yoast.com\/product\/yoast-seo-wordpress\/ -->\n<title>Manor Lords em promo\u00e7\u00e3o para PC<\/title>\n<meta name=\"description\" content=\"Confira o menor pre\u00e7o para comprar Manor Lords no PC. Selecionamos apenas as nossas lojas digitais de confian\u00e7a para a compara\u00e7\u00e3o de pre\u00e7os. Voc\u00ea pode comprar a chave do jogo na loja em que estiver com a melhor oferta. Ap\u00f3s realizar a compra, voc\u00ea precisa utilizar o cliente indicado pela loja para ativar e baixar o seu jogo.\" \/>\n<meta name=\"robots\" content=\"index, follow, max-snippet:-1, max-image-preview:large, max-video-preview:-1\" \/>\n<link rel=\"canonical\" href=\"https:\/\/www.gameplayscassi.com.br\/ofertas\/produtos\/jogos\/manor-lords\/\" \/>\n<meta property=\"og:locale\" content=\"pt_BR\" \/>\n<meta property=\"og:type\" content=\"article\" \/>\n<meta property=\"og:title\" content=\"Manor Lords em promo\u00e7\u00e3o para PC\" \/>\n<meta property=\"og:description\" content=\"Confira o menor pre\u00e7o para comprar Manor Lords no PC. Selecionamos apenas as nossas lojas digitais de confian\u00e7a para a compara\u00e7\u00e3o de pre\u00e7os. Voc\u00ea pode comprar a chave do jogo na loja em que estiver com a melhor oferta. Ap\u00f3s realizar a compra, voc\u00ea precisa utilizar o cliente indicado pela loja para ativar e baixar o seu jogo.\" \/>\n<meta property=\"og:url\" content=\"https:\/\/www.gameplayscassi.com.br\/ofertas\/produtos\/jogos\/manor-lords\/\" \/>\n<meta property=\"og:site_name\" content=\"Gameplayscassi - Ofertas\" \/>\n<meta property=\"article:publisher\" content=\"https:\/\/www.facebook.com\/GamePlaysCassi\/\" \/>\n<meta property=\"article:modified_time\" content=\"2026-05-02T06:54:26+00:00\" \/>\n<meta property=\"og:image\" content=\"https:\/\/www.gameplayscassi.com.br\/ofertas\/wp-content\/uploads\/2024\/04\/Manor-Lords.jpg\" \/>\n\t<meta property=\"og:image:width\" content=\"1600\" \/>\n\t<meta property=\"og:image:height\" content=\"740\" \/>\n\t<meta property=\"og:image:type\" content=\"image\/jpeg\" \/>\n<meta name=\"twitter:card\" content=\"summary_large_image\" \/>\n<meta name=\"twitter:site\" content=\"@Gameplayscassi\" \/>\n<meta name=\"twitter:label1\" content=\"Est. tempo de leitura\" \/>\n\t<meta name=\"twitter:data1\" content=\"5 minutos\" \/>\n<script type=\"application\/ld+json\" class=\"yoast-schema-graph\">{\"@context\":\"https:\/\/schema.org\",\"@graph\":[{\"@type\":\"WebPage\",\"@id\":\"https:\/\/www.gameplayscassi.com.br\/ofertas\/produtos\/jogos\/manor-lords\/\",\"url\":\"https:\/\/www.gameplayscassi.com.br\/ofertas\/produtos\/jogos\/manor-lords\/\",\"name\":\"Manor Lords em promo\u00e7\u00e3o para PC\",\"isPartOf\":{\"@id\":\"https:\/\/www.gameplayscassi.com.br\/ofertas\/#website\"},\"primaryImageOfPage\":{\"@id\":\"https:\/\/www.gameplayscassi.com.br\/ofertas\/produtos\/jogos\/manor-lords\/#primaryimage\"},\"image\":{\"@id\":\"https:\/\/www.gameplayscassi.com.br\/ofertas\/produtos\/jogos\/manor-lords\/#primaryimage\"},\"thumbnailUrl\":\"https:\/\/www.gameplayscassi.com.br\/ofertas\/wp-content\/uploads\/2024\/04\/Manor-Lords.jpg\",\"datePublished\":\"2024-04-26T01:56:37+00:00\",\"dateModified\":\"2026-05-02T06:54:26+00:00\",\"description\":\"Confira o menor pre\u00e7o para comprar Manor Lords no PC. Selecionamos apenas as nossas lojas digitais de confian\u00e7a para a compara\u00e7\u00e3o de pre\u00e7os. Voc\u00ea pode comprar a chave do jogo na loja em que estiver com a melhor oferta. Ap\u00f3s realizar a compra, voc\u00ea precisa utilizar o cliente indicado pela loja para ativar e baixar o seu jogo.\",\"breadcrumb\":{\"@id\":\"https:\/\/www.gameplayscassi.com.br\/ofertas\/produtos\/jogos\/manor-lords\/#breadcrumb\"},\"inLanguage\":\"pt-BR\",\"potentialAction\":[{\"@type\":\"ReadAction\",\"target\":[\"https:\/\/www.gameplayscassi.com.br\/ofertas\/produtos\/jogos\/manor-lords\/\"]}]},{\"@type\":\"ImageObject\",\"inLanguage\":\"pt-BR\",\"@id\":\"https:\/\/www.gameplayscassi.com.br\/ofertas\/produtos\/jogos\/manor-lords\/#primaryimage\",\"url\":\"https:\/\/www.gameplayscassi.com.br\/ofertas\/wp-content\/uploads\/2024\/04\/Manor-Lords.jpg\",\"contentUrl\":\"https:\/\/www.gameplayscassi.com.br\/ofertas\/wp-content\/uploads\/2024\/04\/Manor-Lords.jpg\",\"width\":1600,\"height\":740},{\"@type\":\"BreadcrumbList\",\"@id\":\"https:\/\/www.gameplayscassi.com.br\/ofertas\/produtos\/jogos\/manor-lords\/#breadcrumb\",\"itemListElement\":[{\"@type\":\"ListItem\",\"position\":1,\"name\":\"In\u00edcio\",\"item\":\"https:\/\/www.gameplayscassi.com.br\/ofertas\/\"},{\"@type\":\"ListItem\",\"position\":2,\"name\":\"Produtos\",\"item\":\"https:\/\/www.gameplayscassi.com.br\/ofertas\/\"},{\"@type\":\"ListItem\",\"position\":3,\"name\":\"Manor Lords\"}]},{\"@type\":\"WebSite\",\"@id\":\"https:\/\/www.gameplayscassi.com.br\/ofertas\/#website\",\"url\":\"https:\/\/www.gameplayscassi.com.br\/ofertas\/\",\"name\":\"Gameplayscassi - Ofertas\",\"description\":\"As melhores ofertas para voc\u00ea\",\"publisher\":{\"@id\":\"https:\/\/www.gameplayscassi.com.br\/ofertas\/#organization\"},\"potentialAction\":[{\"@type\":\"SearchAction\",\"target\":{\"@type\":\"EntryPoint\",\"urlTemplate\":\"https:\/\/www.gameplayscassi.com.br\/ofertas\/?s={search_term_string}\"},\"query-input\":{\"@type\":\"PropertyValueSpecification\",\"valueRequired\":true,\"valueName\":\"search_term_string\"}}],\"inLanguage\":\"pt-BR\"},{\"@type\":\"Organization\",\"@id\":\"https:\/\/www.gameplayscassi.com.br\/ofertas\/#organization\",\"name\":\"Gameplayscassi - Ofertas\",\"url\":\"https:\/\/www.gameplayscassi.com.br\/ofertas\/\",\"logo\":{\"@type\":\"ImageObject\",\"inLanguage\":\"pt-BR\",\"@id\":\"https:\/\/www.gameplayscassi.com.br\/ofertas\/#\/schema\/logo\/image\/\",\"url\":\"https:\/\/www.gameplayscassi.com.br\/ofertas\/wp-content\/uploads\/2024\/06\/Gameplayscassi.png\",\"contentUrl\":\"https:\/\/www.gameplayscassi.com.br\/ofertas\/wp-content\/uploads\/2024\/06\/Gameplayscassi.png\",\"width\":544,\"height\":180,\"caption\":\"Gameplayscassi - Ofertas\"},\"image\":{\"@id\":\"https:\/\/www.gameplayscassi.com.br\/ofertas\/#\/schema\/logo\/image\/\"},\"sameAs\":[\"https:\/\/www.facebook.com\/GamePlaysCassi\/\",\"https:\/\/x.com\/Gameplayscassi\",\"https:\/\/www.youtube.com\/gameplayscassi\",\"https:\/\/www.instagram.com\/gameplayscassii\/\",\"https:\/\/store.steampowered.com\/curator\/31464556\/\",\"https:\/\/discord.com\/servers\/gameplayscassi-598567071298617354\"]}]}<\/script>\n<!-- \/ Yoast SEO plugin. -->","yoast_head_json":{"title":"Manor Lords em promo\u00e7\u00e3o para PC","description":"Confira o menor pre\u00e7o para comprar Manor Lords no PC. Selecionamos apenas as nossas lojas digitais de confian\u00e7a para a compara\u00e7\u00e3o de pre\u00e7os. Voc\u00ea pode comprar a chave do jogo na loja em que estiver com a melhor oferta. Ap\u00f3s realizar a compra, voc\u00ea precisa utilizar o cliente indicado pela loja para ativar e baixar o seu jogo.","robots":{"index":"index","follow":"follow","max-snippet":"max-snippet:-1","max-image-preview":"max-image-preview:large","max-video-preview":"max-video-preview:-1"},"canonical":"https:\/\/www.gameplayscassi.com.br\/ofertas\/produtos\/jogos\/manor-lords\/","og_locale":"pt_BR","og_type":"article","og_title":"Manor Lords em promo\u00e7\u00e3o para PC","og_description":"Confira o menor pre\u00e7o para comprar Manor Lords no PC. Selecionamos apenas as nossas lojas digitais de confian\u00e7a para a compara\u00e7\u00e3o de pre\u00e7os. Voc\u00ea pode comprar a chave do jogo na loja em que estiver com a melhor oferta. Ap\u00f3s realizar a compra, voc\u00ea precisa utilizar o cliente indicado pela loja para ativar e baixar o seu jogo.","og_url":"https:\/\/www.gameplayscassi.com.br\/ofertas\/produtos\/jogos\/manor-lords\/","og_site_name":"Gameplayscassi - Ofertas","article_publisher":"https:\/\/www.facebook.com\/GamePlaysCassi\/","article_modified_time":"2026-05-02T06:54:26+00:00","og_image":[{"width":1600,"height":740,"url":"https:\/\/www.gameplayscassi.com.br\/ofertas\/wp-content\/uploads\/2024\/04\/Manor-Lords.jpg","type":"image\/jpeg"}],"twitter_card":"summary_large_image","twitter_site":"@Gameplayscassi","twitter_misc":{"Est. tempo de leitura":"5 minutos"},"schema":{"@context":"https:\/\/schema.org","@graph":[{"@type":"WebPage","@id":"https:\/\/www.gameplayscassi.com.br\/ofertas\/produtos\/jogos\/manor-lords\/","url":"https:\/\/www.gameplayscassi.com.br\/ofertas\/produtos\/jogos\/manor-lords\/","name":"Manor Lords em promo\u00e7\u00e3o para PC","isPartOf":{"@id":"https:\/\/www.gameplayscassi.com.br\/ofertas\/#website"},"primaryImageOfPage":{"@id":"https:\/\/www.gameplayscassi.com.br\/ofertas\/produtos\/jogos\/manor-lords\/#primaryimage"},"image":{"@id":"https:\/\/www.gameplayscassi.com.br\/ofertas\/produtos\/jogos\/manor-lords\/#primaryimage"},"thumbnailUrl":"https:\/\/www.gameplayscassi.com.br\/ofertas\/wp-content\/uploads\/2024\/04\/Manor-Lords.jpg","datePublished":"2024-04-26T01:56:37+00:00","dateModified":"2026-05-02T06:54:26+00:00","description":"Confira o menor pre\u00e7o para comprar Manor Lords no PC. Selecionamos apenas as nossas lojas digitais de confian\u00e7a para a compara\u00e7\u00e3o de pre\u00e7os. Voc\u00ea pode comprar a chave do jogo na loja em que estiver com a melhor oferta. Ap\u00f3s realizar a compra, voc\u00ea precisa utilizar o cliente indicado pela loja para ativar e baixar o seu jogo.","breadcrumb":{"@id":"https:\/\/www.gameplayscassi.com.br\/ofertas\/produtos\/jogos\/manor-lords\/#breadcrumb"},"inLanguage":"pt-BR","potentialAction":[{"@type":"ReadAction","target":["https:\/\/www.gameplayscassi.com.br\/ofertas\/produtos\/jogos\/manor-lords\/"]}]},{"@type":"ImageObject","inLanguage":"pt-BR","@id":"https:\/\/www.gameplayscassi.com.br\/ofertas\/produtos\/jogos\/manor-lords\/#primaryimage","url":"https:\/\/www.gameplayscassi.com.br\/ofertas\/wp-content\/uploads\/2024\/04\/Manor-Lords.jpg","contentUrl":"https:\/\/www.gameplayscassi.com.br\/ofertas\/wp-content\/uploads\/2024\/04\/Manor-Lords.jpg","width":1600,"height":740},{"@type":"BreadcrumbList","@id":"https:\/\/www.gameplayscassi.com.br\/ofertas\/produtos\/jogos\/manor-lords\/#breadcrumb","itemListElement":[{"@type":"ListItem","position":1,"name":"In\u00edcio","item":"https:\/\/www.gameplayscassi.com.br\/ofertas\/"},{"@type":"ListItem","position":2,"name":"Produtos","item":"https:\/\/www.gameplayscassi.com.br\/ofertas\/"},{"@type":"ListItem","position":3,"name":"Manor Lords"}]},{"@type":"WebSite","@id":"https:\/\/www.gameplayscassi.com.br\/ofertas\/#website","url":"https:\/\/www.gameplayscassi.com.br\/ofertas\/","name":"Gameplayscassi - Ofertas","description":"As melhores ofertas para voc\u00ea","publisher":{"@id":"https:\/\/www.gameplayscassi.com.br\/ofertas\/#organization"},"potentialAction":[{"@type":"SearchAction","target":{"@type":"EntryPoint","urlTemplate":"https:\/\/www.gameplayscassi.com.br\/ofertas\/?s={search_term_string}"},"query-input":{"@type":"PropertyValueSpecification","valueRequired":true,"valueName":"search_term_string"}}],"inLanguage":"pt-BR"},{"@type":"Organization","@id":"https:\/\/www.gameplayscassi.com.br\/ofertas\/#organization","name":"Gameplayscassi - Ofertas","url":"https:\/\/www.gameplayscassi.com.br\/ofertas\/","logo":{"@type":"ImageObject","inLanguage":"pt-BR","@id":"https:\/\/www.gameplayscassi.com.br\/ofertas\/#\/schema\/logo\/image\/","url":"https:\/\/www.gameplayscassi.com.br\/ofertas\/wp-content\/uploads\/2024\/06\/Gameplayscassi.png","contentUrl":"https:\/\/www.gameplayscassi.com.br\/ofertas\/wp-content\/uploads\/2024\/06\/Gameplayscassi.png","width":544,"height":180,"caption":"Gameplayscassi - Ofertas"},"image":{"@id":"https:\/\/www.gameplayscassi.com.br\/ofertas\/#\/schema\/logo\/image\/"},"sameAs":["https:\/\/www.facebook.com\/GamePlaysCassi\/","https:\/\/x.com\/Gameplayscassi","https:\/\/www.youtube.com\/gameplayscassi","https:\/\/www.instagram.com\/gameplayscassii\/","https:\/\/store.steampowered.com\/curator\/31464556\/","https:\/\/discord.com\/servers\/gameplayscassi-598567071298617354"]}]}},"jetpack_sharing_enabled":true,"_links":{"self":[{"href":"https:\/\/www.gameplayscassi.com.br\/ofertas\/wp-json\/wp\/v2\/product\/72541","targetHints":{"allow":["GET"]}}],"collection":[{"href":"https:\/\/www.gameplayscassi.com.br\/ofertas\/wp-json\/wp\/v2\/product"}],"about":[{"href":"https:\/\/www.gameplayscassi.com.br\/ofertas\/wp-json\/wp\/v2\/types\/product"}],"version-history":[{"count":0,"href":"https:\/\/www.gameplayscassi.com.br\/ofertas\/wp-json\/wp\/v2\/product\/72541\/revisions"}],"wp:featuredmedia":[{"embeddable":true,"href":"https:\/\/www.gameplayscassi.com.br\/ofertas\/wp-json\/wp\/v2\/media\/72544"}],"wp:attachment":[{"href":"https:\/\/www.gameplayscassi.com.br\/ofertas\/wp-json\/wp\/v2\/media?parent=72541"}],"wp:term":[{"taxonomy":"store","embeddable":true,"href":"https:\/\/www.gameplayscassi.com.br\/ofertas\/wp-json\/wp\/v2\/store?post=72541"},{"taxonomy":"product_brand","embeddable":true,"href":"https:\/\/www.gameplayscassi.com.br\/ofertas\/wp-json\/wp\/v2\/product_brand?post=72541"},{"taxonomy":"product_cat","embeddable":true,"href":"https:\/\/www.gameplayscassi.com.br\/ofertas\/wp-json\/wp\/v2\/product_cat?post=72541"},{"taxonomy":"product_tag","embeddable":true,"href":"https:\/\/www.gameplayscassi.com.br\/ofertas\/wp-json\/wp\/v2\/product_tag?post=72541"}],"curies":[{"name":"wp","href":"https:\/\/api.w.org\/{rel}","templated":true}]}}