{"id":72504,"date":"2024-04-25T19:46:51","date_gmt":"2024-04-25T22:46:51","guid":{"rendered":"https:\/\/www.gameplayscassi.com.br\/ofertas\/produtos\/sem%20categoria\/monster-hunter-rise\/"},"modified":"2026-05-01T16:34:31","modified_gmt":"2026-05-01T19:34:31","slug":"monster-hunter-rise","status":"publish","type":"product","link":"https:\/\/www.gameplayscassi.com.br\/ofertas\/produtos\/jogos\/monster-hunter-rise\/","title":{"rendered":"Monster Hunter Rise"},"content":{"rendered":"<p>Encare o desafio e junte-se \u00e0 ca\u00e7a! Em Monster Hunter Rise, o cap\u00edtulo mais recente da premiada e bem-sucedida s\u00e9rie Monster Hunter, voc\u00ea vai se tornar um ca\u00e7ador, explorar mapas novos e usar diversas armas para derrotar monstros assustadores como parte de uma nova hist\u00f3ria. A vers\u00e3o para PC tamb\u00e9m vem com uma s\u00e9rie de otimiza\u00e7\u00f5es visuais e de desempenho extras.<br \/>\n<img decoding=\"async\" src=\"https:\/\/cdn.akamai.steamstatic.com\/steam\/apps\/1446780\/extras\/01_%E3%83%9E%E3%83%AB%E3%83%81_full.gif?t=1713201080\" \/><\/p>\n<p><strong>Monstros ferozes com ecologias \u00fanicas<\/strong><br \/>\nCace uma infinidade de monstros com comportamentos distintos e ferocidade mortal. Desde monstros cl\u00e1ssicos que est\u00e3o de volta a criaturas totalmente novas inspiradas no folclore japon\u00eas, incluindo a principal serpe Magnamalo, voc\u00ea precisar\u00e1 ter jogo de cintura e dominar seus instintos \u00fanicos se deseja levar alguma das recompensas!<\/p>\n<p><strong>Escolha sua arma e mostre suas habilidades<\/strong><br \/>\nUse 14 tipos de armas diferentes que oferecem estilos de jogo exclusivos, tanto de curto quanto de longo alcance. Agite e acerte com for\u00e7a com o devastador Espad\u00e3o; elimine monstros com estilo usando a elegante Espada Longa; torne-se um turbilh\u00e3o mortal de l\u00e2minas com as velozes Duplas-L\u00e2minas; avance com tudo com a impiedosa Lan\u00e7a; ou dispare \u00e0 dist\u00e2ncia com o Arco e os Fuzilarcos. Esses s\u00e3o apenas alguns dos tipos de armas dispon\u00edveis no jogo, o que significa que voc\u00ea com certeza encontrar\u00e1 o estilo de jogo que melhor se adapta a voc\u00ea.<\/p>\n<p><strong>Cace, colete e pavimente seu caminho at\u00e9 o topo da cadeia alimentar<\/strong><br \/>\nCada monstro que voc\u00ea ca\u00e7a fornecer\u00e1 materiais que permitem criar novas armas e armaduras e aprimorar seu equipamento existente. Volte para o campo e cace monstros ainda mais ferozes e ganhe recompensas ainda melhores! Voc\u00ea pode trocar de arma em qualquer uma das Caixas de Equipamentos a qualquer momento, ent\u00e3o as possibilidades s\u00e3o ilimitadas!<\/p>\n<p><strong>Cace sozinho ou em equipe para derrubar monstros<\/strong><br \/>\nA \u00c1rea de Encontro oferece miss\u00f5es multijogador em que at\u00e9 quatro jogadores podem se unir para enfrentar os alvos juntos. A escala de dificuldade garante que, independente de voc\u00ea ir \u00e0 ca\u00e7a sozinho ou como um esquadr\u00e3o completo com quatro pessoas, a luta sempre ser\u00e1 justa.<\/p>\n<p><strong>Visuais impressionantes, taxa de quadros desbloqueada e outras otimiza\u00e7\u00f5es de PC<\/strong><br \/>\nDesfrute de belos gr\u00e1ficos com resolu\u00e7\u00e3o de at\u00e9 4K, HDR com suporte para recursos, incluindo monitores ultra-amplos e uma taxa de quadros desbloqueada, para tornar esta experi\u00eancia de ca\u00e7a a monstros verdadeiramente envolvente. Os ca\u00e7adores tamb\u00e9m ter\u00e3o acesso imediato a uma s\u00e9rie de atualiza\u00e7\u00f5es gratuitas de t\u00edtulos que incluem novos monstros, miss\u00f5es, equipamentos e muito mais.<\/p>\n<p><strong>Desfrute de um novo enredo emocionante ambientado na Aldeia Kamura<\/strong><br \/>\nEste local sereno \u00e9 habitado por um grupo animado de alde\u00f5es que viveram por muito tempo com medo da F\u00faria &#8211; um evento catastr\u00f3fico no qual in\u00fameros monstros atacam a vila de uma vez. 50 anos depois do \u00faltimo Frenesi, voc\u00ea deve trabalhar lado a lado com os moradores para encarar esta prova\u00e7\u00e3o.<\/p>\n<p><strong>Experimente novas a\u00e7\u00f5es de ca\u00e7a com o Cabinseto<\/strong><br \/>\nOs Cabinsetos s\u00e3o parte integrante do kit de ferramentas do seu ca\u00e7ador. A seda especial que eles disparam pode ser usada para selar paredes e cruzar mapas, e pode at\u00e9 mesmo ser usada para realizar ataques especiais exclusivos para cada um dos 14 tipos de armas do jogo.<br \/>\n<img decoding=\"async\" src=\"https:\/\/cdn.akamai.steamstatic.com\/steam\/apps\/1446780\/extras\/02_%E7%BF%94%E8%9F%B2.gif?t=1713201080\" \/><\/p>\n<p><strong>Os amigos est\u00e3o aqui para ajudar<\/strong><br \/>\nSeus colegas Amigatos, que voc\u00ea j\u00e1 conhece e ama das aventuras anteriores de Monster Hunter, se juntam aos novos companheiros Amic\u00e3o!<br \/>\n<img decoding=\"async\" src=\"https:\/\/cdn.akamai.steamstatic.com\/steam\/apps\/1446780\/extras\/04_%E3%82%AC%E3%83%AB%E3%82%AF%E8%B5%B0%E3%82%8A.gif?t=1713201080\" \/><\/p>\n<p><strong>Cause estragos ao controlar monstros<\/strong><br \/>\nControle monstros furiosos usando o recurso Montado em Serpe e cause danos gigantescos aos seus alvos!<br \/>\n<img decoding=\"async\" src=\"https:\/\/cdn.akamai.steamstatic.com\/steam\/apps\/1446780\/extras\/03_%E6%93%8D%E7%AB%9C.gif?t=1713201080\" \/><\/p>\n<p><strong>Afaste hordas de monstros no Frenesi<\/strong><br \/>\nProteja a Aldeia Kamura de hordas de monstros em um novo tipo de miss\u00e3o! Prepare-se para ca\u00e7ar monstros em uma escala nunca vista antes!<\/p>\n","protected":false},"excerpt":{"rendered":"<p>Confira o menor pre\u00e7o para comprar <strong>Monster Hunter Rise<\/strong> no PC. Selecionamos apenas as nossas lojas digitais de confian\u00e7a para a compara\u00e7\u00e3o de pre\u00e7os. Voc\u00ea pode comprar a chave do jogo na loja em que estiver com a melhor oferta. Ap\u00f3s realizar a compra, voc\u00ea precisa utilizar o cliente indicado pela loja para ativar e baixar o seu jogo.<\/p>\n","protected":false},"featured_media":72664,"template":"","meta":[],"store":[],"product_brand":[],"product_cat":[25],"product_tag":[119,488,50,403,405,404,165,163,124,122,406,26,118,181,127,178,31,191],"class_list":{"0":"post-72504","1":"product","2":"type-product","3":"status-publish","4":"has-post-thumbnail","6":"product_cat-jogos","7":"product_tag-acao","8":"product_tag-caca","9":"product_tag-capcom","10":"product_tag-cartas-colecionaveis-steam","11":"product_tag-compartilhamento-em-familia","12":"product_tag-conquistas-steam","13":"product_tag-cooperativo","14":"product_tag-cooperativo-on-line","15":"product_tag-geforce-now","16":"product_tag-multijogador","17":"product_tag-nuvem-steam","18":"product_tag-pc","19":"product_tag-pc-game-pass","20":"product_tag-personalizacao-de-personagem","21":"product_tag-rpg","22":"product_tag-rpg-de-acao","23":"product_tag-steam","24":"product_tag-steam-deck","26":"first","27":"instock","28":"sale","29":"purchasable","30":"product-type-simple"},"yoast_head":"<!-- This site is optimized with the Yoast SEO plugin v27.2 - https:\/\/yoast.com\/product\/yoast-seo-wordpress\/ -->\n<title>Monster Hunter Rise em promo\u00e7\u00e3o para PC<\/title>\n<meta name=\"description\" content=\"Confira o menor pre\u00e7o para comprar Monster Hunter Rise no PC. Selecionamos apenas as nossas lojas digitais de confian\u00e7a para a compara\u00e7\u00e3o de pre\u00e7os. Voc\u00ea pode comprar a chave do jogo na loja em que estiver com a melhor oferta. Ap\u00f3s realizar a compra, voc\u00ea precisa utilizar o cliente indicado pela loja para ativar e baixar o seu jogo.\" \/>\n<meta name=\"robots\" content=\"index, follow, max-snippet:-1, max-image-preview:large, max-video-preview:-1\" \/>\n<link rel=\"canonical\" href=\"https:\/\/www.gameplayscassi.com.br\/ofertas\/produtos\/jogos\/monster-hunter-rise\/\" \/>\n<meta property=\"og:locale\" content=\"pt_BR\" \/>\n<meta property=\"og:type\" content=\"article\" \/>\n<meta property=\"og:title\" content=\"Monster Hunter Rise em promo\u00e7\u00e3o para PC\" \/>\n<meta property=\"og:description\" content=\"Confira o menor pre\u00e7o para comprar Monster Hunter Rise no PC. Selecionamos apenas as nossas lojas digitais de confian\u00e7a para a compara\u00e7\u00e3o de pre\u00e7os. Voc\u00ea pode comprar a chave do jogo na loja em que estiver com a melhor oferta. Ap\u00f3s realizar a compra, voc\u00ea precisa utilizar o cliente indicado pela loja para ativar e baixar o seu jogo.\" \/>\n<meta property=\"og:url\" content=\"https:\/\/www.gameplayscassi.com.br\/ofertas\/produtos\/jogos\/monster-hunter-rise\/\" \/>\n<meta property=\"og:site_name\" content=\"Gameplayscassi - Ofertas\" \/>\n<meta property=\"article:publisher\" content=\"https:\/\/www.facebook.com\/GamePlaysCassi\/\" \/>\n<meta property=\"article:modified_time\" content=\"2026-05-01T19:34:31+00:00\" \/>\n<meta property=\"og:image\" content=\"https:\/\/www.gameplayscassi.com.br\/ofertas\/wp-content\/uploads\/2024\/04\/Monster-Hunter-Rise.jpg\" \/>\n\t<meta property=\"og:image:width\" content=\"1600\" \/>\n\t<meta property=\"og:image:height\" content=\"740\" \/>\n\t<meta property=\"og:image:type\" content=\"image\/jpeg\" \/>\n<meta name=\"twitter:card\" content=\"summary_large_image\" \/>\n<meta name=\"twitter:site\" content=\"@Gameplayscassi\" \/>\n<meta name=\"twitter:label1\" content=\"Est. tempo de leitura\" \/>\n\t<meta name=\"twitter:data1\" content=\"5 minutos\" \/>\n<script type=\"application\/ld+json\" class=\"yoast-schema-graph\">{\"@context\":\"https:\/\/schema.org\",\"@graph\":[{\"@type\":\"WebPage\",\"@id\":\"https:\/\/www.gameplayscassi.com.br\/ofertas\/produtos\/jogos\/monster-hunter-rise\/\",\"url\":\"https:\/\/www.gameplayscassi.com.br\/ofertas\/produtos\/jogos\/monster-hunter-rise\/\",\"name\":\"Monster Hunter Rise em promo\u00e7\u00e3o para PC\",\"isPartOf\":{\"@id\":\"https:\/\/www.gameplayscassi.com.br\/ofertas\/#website\"},\"primaryImageOfPage\":{\"@id\":\"https:\/\/www.gameplayscassi.com.br\/ofertas\/produtos\/jogos\/monster-hunter-rise\/#primaryimage\"},\"image\":{\"@id\":\"https:\/\/www.gameplayscassi.com.br\/ofertas\/produtos\/jogos\/monster-hunter-rise\/#primaryimage\"},\"thumbnailUrl\":\"https:\/\/www.gameplayscassi.com.br\/ofertas\/wp-content\/uploads\/2024\/04\/Monster-Hunter-Rise.jpg\",\"datePublished\":\"2024-04-25T22:46:51+00:00\",\"dateModified\":\"2026-05-01T19:34:31+00:00\",\"description\":\"Confira o menor pre\u00e7o para comprar Monster Hunter Rise no PC. Selecionamos apenas as nossas lojas digitais de confian\u00e7a para a compara\u00e7\u00e3o de pre\u00e7os. Voc\u00ea pode comprar a chave do jogo na loja em que estiver com a melhor oferta. Ap\u00f3s realizar a compra, voc\u00ea precisa utilizar o cliente indicado pela loja para ativar e baixar o seu jogo.\",\"breadcrumb\":{\"@id\":\"https:\/\/www.gameplayscassi.com.br\/ofertas\/produtos\/jogos\/monster-hunter-rise\/#breadcrumb\"},\"inLanguage\":\"pt-BR\",\"potentialAction\":[{\"@type\":\"ReadAction\",\"target\":[\"https:\/\/www.gameplayscassi.com.br\/ofertas\/produtos\/jogos\/monster-hunter-rise\/\"]}]},{\"@type\":\"ImageObject\",\"inLanguage\":\"pt-BR\",\"@id\":\"https:\/\/www.gameplayscassi.com.br\/ofertas\/produtos\/jogos\/monster-hunter-rise\/#primaryimage\",\"url\":\"https:\/\/www.gameplayscassi.com.br\/ofertas\/wp-content\/uploads\/2024\/04\/Monster-Hunter-Rise.jpg\",\"contentUrl\":\"https:\/\/www.gameplayscassi.com.br\/ofertas\/wp-content\/uploads\/2024\/04\/Monster-Hunter-Rise.jpg\",\"width\":1600,\"height\":740},{\"@type\":\"BreadcrumbList\",\"@id\":\"https:\/\/www.gameplayscassi.com.br\/ofertas\/produtos\/jogos\/monster-hunter-rise\/#breadcrumb\",\"itemListElement\":[{\"@type\":\"ListItem\",\"position\":1,\"name\":\"In\u00edcio\",\"item\":\"https:\/\/www.gameplayscassi.com.br\/ofertas\/\"},{\"@type\":\"ListItem\",\"position\":2,\"name\":\"Produtos\",\"item\":\"https:\/\/www.gameplayscassi.com.br\/ofertas\/\"},{\"@type\":\"ListItem\",\"position\":3,\"name\":\"Monster Hunter Rise\"}]},{\"@type\":\"WebSite\",\"@id\":\"https:\/\/www.gameplayscassi.com.br\/ofertas\/#website\",\"url\":\"https:\/\/www.gameplayscassi.com.br\/ofertas\/\",\"name\":\"Gameplayscassi - Ofertas\",\"description\":\"As melhores ofertas para voc\u00ea\",\"publisher\":{\"@id\":\"https:\/\/www.gameplayscassi.com.br\/ofertas\/#organization\"},\"potentialAction\":[{\"@type\":\"SearchAction\",\"target\":{\"@type\":\"EntryPoint\",\"urlTemplate\":\"https:\/\/www.gameplayscassi.com.br\/ofertas\/?s={search_term_string}\"},\"query-input\":{\"@type\":\"PropertyValueSpecification\",\"valueRequired\":true,\"valueName\":\"search_term_string\"}}],\"inLanguage\":\"pt-BR\"},{\"@type\":\"Organization\",\"@id\":\"https:\/\/www.gameplayscassi.com.br\/ofertas\/#organization\",\"name\":\"Gameplayscassi - Ofertas\",\"url\":\"https:\/\/www.gameplayscassi.com.br\/ofertas\/\",\"logo\":{\"@type\":\"ImageObject\",\"inLanguage\":\"pt-BR\",\"@id\":\"https:\/\/www.gameplayscassi.com.br\/ofertas\/#\/schema\/logo\/image\/\",\"url\":\"https:\/\/www.gameplayscassi.com.br\/ofertas\/wp-content\/uploads\/2024\/06\/Gameplayscassi.png\",\"contentUrl\":\"https:\/\/www.gameplayscassi.com.br\/ofertas\/wp-content\/uploads\/2024\/06\/Gameplayscassi.png\",\"width\":544,\"height\":180,\"caption\":\"Gameplayscassi - Ofertas\"},\"image\":{\"@id\":\"https:\/\/www.gameplayscassi.com.br\/ofertas\/#\/schema\/logo\/image\/\"},\"sameAs\":[\"https:\/\/www.facebook.com\/GamePlaysCassi\/\",\"https:\/\/x.com\/Gameplayscassi\",\"https:\/\/www.youtube.com\/gameplayscassi\",\"https:\/\/www.instagram.com\/gameplayscassii\/\",\"https:\/\/store.steampowered.com\/curator\/31464556\/\",\"https:\/\/discord.com\/servers\/gameplayscassi-598567071298617354\"]}]}<\/script>\n<!-- \/ Yoast SEO plugin. -->","yoast_head_json":{"title":"Monster Hunter Rise em promo\u00e7\u00e3o para PC","description":"Confira o menor pre\u00e7o para comprar Monster Hunter Rise no PC. Selecionamos apenas as nossas lojas digitais de confian\u00e7a para a compara\u00e7\u00e3o de pre\u00e7os. Voc\u00ea pode comprar a chave do jogo na loja em que estiver com a melhor oferta. Ap\u00f3s realizar a compra, voc\u00ea precisa utilizar o cliente indicado pela loja para ativar e baixar o seu jogo.","robots":{"index":"index","follow":"follow","max-snippet":"max-snippet:-1","max-image-preview":"max-image-preview:large","max-video-preview":"max-video-preview:-1"},"canonical":"https:\/\/www.gameplayscassi.com.br\/ofertas\/produtos\/jogos\/monster-hunter-rise\/","og_locale":"pt_BR","og_type":"article","og_title":"Monster Hunter Rise em promo\u00e7\u00e3o para PC","og_description":"Confira o menor pre\u00e7o para comprar Monster Hunter Rise no PC. Selecionamos apenas as nossas lojas digitais de confian\u00e7a para a compara\u00e7\u00e3o de pre\u00e7os. Voc\u00ea pode comprar a chave do jogo na loja em que estiver com a melhor oferta. Ap\u00f3s realizar a compra, voc\u00ea precisa utilizar o cliente indicado pela loja para ativar e baixar o seu jogo.","og_url":"https:\/\/www.gameplayscassi.com.br\/ofertas\/produtos\/jogos\/monster-hunter-rise\/","og_site_name":"Gameplayscassi - Ofertas","article_publisher":"https:\/\/www.facebook.com\/GamePlaysCassi\/","article_modified_time":"2026-05-01T19:34:31+00:00","og_image":[{"width":1600,"height":740,"url":"https:\/\/www.gameplayscassi.com.br\/ofertas\/wp-content\/uploads\/2024\/04\/Monster-Hunter-Rise.jpg","type":"image\/jpeg"}],"twitter_card":"summary_large_image","twitter_site":"@Gameplayscassi","twitter_misc":{"Est. tempo de leitura":"5 minutos"},"schema":{"@context":"https:\/\/schema.org","@graph":[{"@type":"WebPage","@id":"https:\/\/www.gameplayscassi.com.br\/ofertas\/produtos\/jogos\/monster-hunter-rise\/","url":"https:\/\/www.gameplayscassi.com.br\/ofertas\/produtos\/jogos\/monster-hunter-rise\/","name":"Monster Hunter Rise em promo\u00e7\u00e3o para PC","isPartOf":{"@id":"https:\/\/www.gameplayscassi.com.br\/ofertas\/#website"},"primaryImageOfPage":{"@id":"https:\/\/www.gameplayscassi.com.br\/ofertas\/produtos\/jogos\/monster-hunter-rise\/#primaryimage"},"image":{"@id":"https:\/\/www.gameplayscassi.com.br\/ofertas\/produtos\/jogos\/monster-hunter-rise\/#primaryimage"},"thumbnailUrl":"https:\/\/www.gameplayscassi.com.br\/ofertas\/wp-content\/uploads\/2024\/04\/Monster-Hunter-Rise.jpg","datePublished":"2024-04-25T22:46:51+00:00","dateModified":"2026-05-01T19:34:31+00:00","description":"Confira o menor pre\u00e7o para comprar Monster Hunter Rise no PC. Selecionamos apenas as nossas lojas digitais de confian\u00e7a para a compara\u00e7\u00e3o de pre\u00e7os. Voc\u00ea pode comprar a chave do jogo na loja em que estiver com a melhor oferta. Ap\u00f3s realizar a compra, voc\u00ea precisa utilizar o cliente indicado pela loja para ativar e baixar o seu jogo.","breadcrumb":{"@id":"https:\/\/www.gameplayscassi.com.br\/ofertas\/produtos\/jogos\/monster-hunter-rise\/#breadcrumb"},"inLanguage":"pt-BR","potentialAction":[{"@type":"ReadAction","target":["https:\/\/www.gameplayscassi.com.br\/ofertas\/produtos\/jogos\/monster-hunter-rise\/"]}]},{"@type":"ImageObject","inLanguage":"pt-BR","@id":"https:\/\/www.gameplayscassi.com.br\/ofertas\/produtos\/jogos\/monster-hunter-rise\/#primaryimage","url":"https:\/\/www.gameplayscassi.com.br\/ofertas\/wp-content\/uploads\/2024\/04\/Monster-Hunter-Rise.jpg","contentUrl":"https:\/\/www.gameplayscassi.com.br\/ofertas\/wp-content\/uploads\/2024\/04\/Monster-Hunter-Rise.jpg","width":1600,"height":740},{"@type":"BreadcrumbList","@id":"https:\/\/www.gameplayscassi.com.br\/ofertas\/produtos\/jogos\/monster-hunter-rise\/#breadcrumb","itemListElement":[{"@type":"ListItem","position":1,"name":"In\u00edcio","item":"https:\/\/www.gameplayscassi.com.br\/ofertas\/"},{"@type":"ListItem","position":2,"name":"Produtos","item":"https:\/\/www.gameplayscassi.com.br\/ofertas\/"},{"@type":"ListItem","position":3,"name":"Monster Hunter Rise"}]},{"@type":"WebSite","@id":"https:\/\/www.gameplayscassi.com.br\/ofertas\/#website","url":"https:\/\/www.gameplayscassi.com.br\/ofertas\/","name":"Gameplayscassi - Ofertas","description":"As melhores ofertas para voc\u00ea","publisher":{"@id":"https:\/\/www.gameplayscassi.com.br\/ofertas\/#organization"},"potentialAction":[{"@type":"SearchAction","target":{"@type":"EntryPoint","urlTemplate":"https:\/\/www.gameplayscassi.com.br\/ofertas\/?s={search_term_string}"},"query-input":{"@type":"PropertyValueSpecification","valueRequired":true,"valueName":"search_term_string"}}],"inLanguage":"pt-BR"},{"@type":"Organization","@id":"https:\/\/www.gameplayscassi.com.br\/ofertas\/#organization","name":"Gameplayscassi - Ofertas","url":"https:\/\/www.gameplayscassi.com.br\/ofertas\/","logo":{"@type":"ImageObject","inLanguage":"pt-BR","@id":"https:\/\/www.gameplayscassi.com.br\/ofertas\/#\/schema\/logo\/image\/","url":"https:\/\/www.gameplayscassi.com.br\/ofertas\/wp-content\/uploads\/2024\/06\/Gameplayscassi.png","contentUrl":"https:\/\/www.gameplayscassi.com.br\/ofertas\/wp-content\/uploads\/2024\/06\/Gameplayscassi.png","width":544,"height":180,"caption":"Gameplayscassi - Ofertas"},"image":{"@id":"https:\/\/www.gameplayscassi.com.br\/ofertas\/#\/schema\/logo\/image\/"},"sameAs":["https:\/\/www.facebook.com\/GamePlaysCassi\/","https:\/\/x.com\/Gameplayscassi","https:\/\/www.youtube.com\/gameplayscassi","https:\/\/www.instagram.com\/gameplayscassii\/","https:\/\/store.steampowered.com\/curator\/31464556\/","https:\/\/discord.com\/servers\/gameplayscassi-598567071298617354"]}]}},"jetpack_sharing_enabled":true,"_links":{"self":[{"href":"https:\/\/www.gameplayscassi.com.br\/ofertas\/wp-json\/wp\/v2\/product\/72504","targetHints":{"allow":["GET"]}}],"collection":[{"href":"https:\/\/www.gameplayscassi.com.br\/ofertas\/wp-json\/wp\/v2\/product"}],"about":[{"href":"https:\/\/www.gameplayscassi.com.br\/ofertas\/wp-json\/wp\/v2\/types\/product"}],"version-history":[{"count":0,"href":"https:\/\/www.gameplayscassi.com.br\/ofertas\/wp-json\/wp\/v2\/product\/72504\/revisions"}],"wp:featuredmedia":[{"embeddable":true,"href":"https:\/\/www.gameplayscassi.com.br\/ofertas\/wp-json\/wp\/v2\/media\/72664"}],"wp:attachment":[{"href":"https:\/\/www.gameplayscassi.com.br\/ofertas\/wp-json\/wp\/v2\/media?parent=72504"}],"wp:term":[{"taxonomy":"store","embeddable":true,"href":"https:\/\/www.gameplayscassi.com.br\/ofertas\/wp-json\/wp\/v2\/store?post=72504"},{"taxonomy":"product_brand","embeddable":true,"href":"https:\/\/www.gameplayscassi.com.br\/ofertas\/wp-json\/wp\/v2\/product_brand?post=72504"},{"taxonomy":"product_cat","embeddable":true,"href":"https:\/\/www.gameplayscassi.com.br\/ofertas\/wp-json\/wp\/v2\/product_cat?post=72504"},{"taxonomy":"product_tag","embeddable":true,"href":"https:\/\/www.gameplayscassi.com.br\/ofertas\/wp-json\/wp\/v2\/product_tag?post=72504"}],"curies":[{"name":"wp","href":"https:\/\/api.w.org\/{rel}","templated":true}]}}