{"id":72444,"date":"2024-04-22T21:54:24","date_gmt":"2024-04-23T00:54:24","guid":{"rendered":"https:\/\/www.gameplayscassi.com.br\/ofertas\/produtos\/sem%20categoria\/sackboy-a-big-adventure\/"},"modified":"2026-05-06T14:07:08","modified_gmt":"2026-05-06T17:07:08","slug":"sackboy-a-big-adventure","status":"publish","type":"product","link":"https:\/\/www.gameplayscassi.com.br\/ofertas\/produtos\/jogos\/sackboy-a-big-adventure\/","title":{"rendered":"Sackboy: A Big Adventure"},"content":{"rendered":"<p>Embarque por conta pr\u00f3pria em uma corrida \u00e9pica contra o tempo recheada de perigos e amea\u00e7as ou crie equipes de dois a quatro aventureiros para uma experi\u00eancia repleta de divers\u00e3o, trabalhando juntos para superar tarefas nefastas usando a imagina\u00e7\u00e3o. Ser\u00e1 que voc\u00ea consegue salvar o Artemundo do terr\u00edvel Vex e seu apavorante dispositivo Confusor&#8230; e se tornar o Cavaleiro Tricotado das lendas?<\/p>\n<p><strong>Novos e empolgantes recursos para PC!<\/strong><br \/>\nSackboy &lt;3 PC!<\/p>\n<p>Os melhores projetistas do Artemundo criaram uma s\u00e9rie de recursos gr\u00e1ficos impressionantes e baseados em desempenho para que voc\u00ea possa aproveitar ao m\u00e1ximo essa incr\u00edvel aventura no seu PC.<\/p>\n<p><strong>Ahh, que gr\u00e1ficos lindos!<\/strong><br \/>\nAventure-se pelas coloridas e loucas terras do Artemundo com uma resolu\u00e7\u00e3o em 4K incrivelmente n\u00edtida*! Surpreenda-se com as imagens de alta resolu\u00e7\u00e3o cheias de detalhes geradas pela inovadora tecnologia Deep Learning Super Sampling da NVIDIA Corporation, para placas de v\u00eddeo NVIDIA\u00ae GeForce RTX\u00ae ou superiores. Est\u00e1 bonito, Sackboy!<\/p>\n<p><strong>Uau, jogo super-r\u00e1pido!<\/strong><br \/>\nO terr\u00edvel Vex n\u00e3o para, ent\u00e3o voc\u00ea precisa dar conta de acompanhar seus planos maldosos.<br \/>\nEntre na a\u00e7\u00e3o fren\u00e9tica com taxas de quadros superiores, suporte para at\u00e9 120 FPS*, tempos de carregamento aprimorados para hardware compat\u00edvel e taxas de atualiza\u00e7\u00e3o vari\u00e1veis.**<\/p>\n<p><strong>Assuma o controle!<\/strong><br \/>\nSalve o dia do seu jeito! Experimente o feedback t\u00e1til incrivelmente imersivo e os efeitos de gatilho din\u00e2micos projetados especificamente para Sackboy\u2122: Uma Grande Aventura jogando com o controle DualSense\u2122 do PlayStation\u00ae5 conectado com fio ao seu PC. Voc\u00ea tamb\u00e9m pode jogar com v\u00e1rios outros controles ou configurar todos os comandos para teclado e mouse.<\/p>\n<p><strong>Travessuras em widescreen!<\/strong><br \/>\nExplore o Artemundo com um campo de vis\u00e3o incrivelmente imersivo possibilitado pela compatibilidade com telas ultrawide 21:9.*<\/p>\n<p>*S\u00e3o necess\u00e1rios um PC e um dispositivo de tela compat\u00edveis.<br \/>\n**\u00c9 necess\u00e1rio um dispositivo de tela compat\u00edvel com HDMI 2.1.<\/p>\n<p><strong>A hist\u00f3ria at\u00e9 agora\u2026<\/strong><br \/>\nO terr\u00edvel Vex (um ser quase m\u00edtico nascido do caos e do medo) sequestrou os amigos de Sackboy e os for\u00e7ou a construir seu Confusor.<\/p>\n<p>Esse dispositivo apavorante transformar\u00e1 o Artemundo, uma terra fant\u00e1stica de pura imagina\u00e7\u00e3o e sonhos, em um lugar feio, t\u00f3rrido e desolado, um verdadeiro pesadelo.<\/p>\n<p>Que crueldade!<\/p>\n<p>Mas a lenda fala de uma profecia da antiga ordem dos Cavaleiros Tricotados, os lend\u00e1rios defensores do Artemundo.<\/p>\n<p>Pois s\u00f3 os corajosos, destemidos, nobres e, sim, galantes podem salvar o dia em uma dram\u00e1tica corrida contra o tempo recheada de amea\u00e7as e perigos.<\/p>\n<p>Muitos perigos.<\/p>\n<p>Aventure-se por conta pr\u00f3pria ou com seus amigos mais corajosos em um turbilh\u00e3o de travessuras pelas montanhas mais nevadas, as selvas mais selvagens, os reinos aqu\u00e1ticos mais molhados e, ah, as col\u00f4nias espaciais mais espaciais.<\/p>\n<p>Derrote o Vex. Salve os sackianos. Salve o dia.<\/p>\n<p>\u00c9 hora de cumprir o seu destino, Sackboy.<\/p>\n<p>Do nosso prod\u00edgio de pano\u2026 surge nosso Cavaleiro Tricotado.<\/p>\n<p><strong>Uma aventura de plataforma cheia de perigos.<\/strong><br \/>\nExplore aqui, ali e em todos os lugares das diferentes terras artesanais do Artemundo.<\/p>\n<p>Utilize o conjunto de movimentos descolados do Sackboy para enfrentar diversos desafios emocionantes, inimigos ferozes e surpresas incr\u00edveis.<\/p>\n<p>Voc\u00ea nunca saber\u00e1 o que vem a seguir nessa aventura \u00e9pica, impressionante e divertida que voc\u00ea vai querer jogar muitas vezes.<\/p>\n<p>E mais vezes ainda.<\/p>\n<p><strong>Um modo multijogador colaborativo, ca\u00f3tico e alegre.<\/strong><br \/>\nRe\u00fana seus amigos, parentes e vizinhos favoritos. Vai ter muito pano e divers\u00e3o.<\/p>\n<p>Crie equipes de dois a quatro aventureiros e enfrente desafios hil\u00e1rios com grupos locais e online repletos de brincadeiras que deixar\u00e3o todos descosturados de tanto rir.<\/p>\n<p>Os grupos podem jogar juntos durante todo o jogo \u2014 incluindo v\u00e1rias fases cooperativas \u2014 para superar tarefas nefastas usando a imagina\u00e7\u00e3o, com t\u00e1ticas de equipe engenhosas ou pura sorte. O que for preciso!<\/p>\n<p>Explorar por conta pr\u00f3pria \u00e9 uma experi\u00eancia incr\u00edvel, mas se aventurar com amigos, parentes e vizinhos \u00e9 realmente inesquec\u00edvel.<\/p>\n<p><strong>Novo enchimento. Nova costura. Novo z\u00edper. \u00c9 hora do Sackboy!<\/strong><br \/>\nFamoso por suas travessuras na s\u00e9rie de sucesso LittleBigPlanet\u2122 nos consoles PlayStation\u00ae, Sackboy est\u00e1 chegando ao PC cheio de movimentos descolados e engenhocas inovadoras.<\/p>\n<p>Hil\u00e1rio, destemido, criativo e heroico. O Sackboy est\u00e1 com tudo: novo enchimento, nova costura e novo z\u00edper para uma nova gera\u00e7\u00e3o de aventureiros.<\/p>\n","protected":false},"excerpt":{"rendered":"<p>Confira o menor pre\u00e7o para comprar <strong>Sackboy: A Big Adventure<\/strong> no PC. Selecionamos apenas as nossas lojas digitais de confian\u00e7a para a compara\u00e7\u00e3o de pre\u00e7os. Voc\u00ea pode comprar a chave do jogo na loja em que estiver com a melhor oferta. Ap\u00f3s realizar a compra, voc\u00ea precisa utilizar o cliente indicado pela loja para ativar e baixar o seu jogo.<\/p>\n","protected":false},"featured_media":72660,"template":"","meta":[],"store":[],"product_brand":[],"product_cat":[25],"product_tag":[472,125,405,404,165,212,163,122,406,229,26,416,437,31,191,482],"class_list":{"0":"post-72444","1":"product","2":"type-product","3":"status-publish","4":"has-post-thumbnail","6":"product_cat-jogos","7":"product_tag-3d","8":"product_tag-aventura","9":"product_tag-compartilhamento-em-familia","10":"product_tag-conquistas-steam","11":"product_tag-cooperativo","12":"product_tag-cooperativo-local","13":"product_tag-cooperativo-on-line","14":"product_tag-multijogador","15":"product_tag-nuvem-steam","16":"product_tag-para-toda-a-familia","17":"product_tag-pc","18":"product_tag-plataforma","19":"product_tag-playstation-pc-llc","20":"product_tag-steam","21":"product_tag-steam-deck","22":"product_tag-sumo-digital","24":"first","25":"instock","26":"sale","27":"purchasable","28":"product-type-simple"},"yoast_head":"<!-- This site is optimized with the Yoast SEO plugin v27.2 - https:\/\/yoast.com\/product\/yoast-seo-wordpress\/ -->\n<title>Sackboy: A Big Adventure em promo\u00e7\u00e3o para PC<\/title>\n<meta name=\"description\" content=\"Confira o menor pre\u00e7o para comprar Sackboy: A Big Adventure no PC. Selecionamos apenas as nossas lojas digitais de confian\u00e7a para a compara\u00e7\u00e3o de pre\u00e7os. Voc\u00ea pode comprar a chave do jogo na loja em que estiver com a melhor oferta. Ap\u00f3s realizar a compra, voc\u00ea precisa utilizar o cliente indicado pela loja para ativar e baixar o seu jogo.\" \/>\n<meta name=\"robots\" content=\"index, follow, max-snippet:-1, max-image-preview:large, max-video-preview:-1\" \/>\n<link rel=\"canonical\" href=\"https:\/\/www.gameplayscassi.com.br\/ofertas\/produtos\/jogos\/sackboy-a-big-adventure\/\" \/>\n<meta property=\"og:locale\" content=\"pt_BR\" \/>\n<meta property=\"og:type\" content=\"article\" \/>\n<meta property=\"og:title\" content=\"Sackboy: A Big Adventure em promo\u00e7\u00e3o para PC\" \/>\n<meta property=\"og:description\" content=\"Confira o menor pre\u00e7o para comprar Sackboy: A Big Adventure no PC. Selecionamos apenas as nossas lojas digitais de confian\u00e7a para a compara\u00e7\u00e3o de pre\u00e7os. Voc\u00ea pode comprar a chave do jogo na loja em que estiver com a melhor oferta. Ap\u00f3s realizar a compra, voc\u00ea precisa utilizar o cliente indicado pela loja para ativar e baixar o seu jogo.\" \/>\n<meta property=\"og:url\" content=\"https:\/\/www.gameplayscassi.com.br\/ofertas\/produtos\/jogos\/sackboy-a-big-adventure\/\" \/>\n<meta property=\"og:site_name\" content=\"Gameplayscassi - Ofertas\" \/>\n<meta property=\"article:publisher\" content=\"https:\/\/www.facebook.com\/GamePlaysCassi\/\" \/>\n<meta property=\"article:modified_time\" content=\"2026-05-06T17:07:08+00:00\" \/>\n<meta property=\"og:image\" content=\"https:\/\/www.gameplayscassi.com.br\/ofertas\/wp-content\/uploads\/2024\/04\/Sackboy-A-Big-Adventure.jpg\" \/>\n\t<meta property=\"og:image:width\" content=\"1600\" \/>\n\t<meta property=\"og:image:height\" content=\"740\" \/>\n\t<meta property=\"og:image:type\" content=\"image\/jpeg\" \/>\n<meta name=\"twitter:card\" content=\"summary_large_image\" \/>\n<meta name=\"twitter:site\" content=\"@Gameplayscassi\" \/>\n<meta name=\"twitter:label1\" content=\"Est. tempo de leitura\" \/>\n\t<meta name=\"twitter:data1\" content=\"4 minutos\" \/>\n<script type=\"application\/ld+json\" class=\"yoast-schema-graph\">{\"@context\":\"https:\/\/schema.org\",\"@graph\":[{\"@type\":\"WebPage\",\"@id\":\"https:\/\/www.gameplayscassi.com.br\/ofertas\/produtos\/jogos\/sackboy-a-big-adventure\/\",\"url\":\"https:\/\/www.gameplayscassi.com.br\/ofertas\/produtos\/jogos\/sackboy-a-big-adventure\/\",\"name\":\"Sackboy: A Big Adventure em promo\u00e7\u00e3o para PC\",\"isPartOf\":{\"@id\":\"https:\/\/www.gameplayscassi.com.br\/ofertas\/#website\"},\"primaryImageOfPage\":{\"@id\":\"https:\/\/www.gameplayscassi.com.br\/ofertas\/produtos\/jogos\/sackboy-a-big-adventure\/#primaryimage\"},\"image\":{\"@id\":\"https:\/\/www.gameplayscassi.com.br\/ofertas\/produtos\/jogos\/sackboy-a-big-adventure\/#primaryimage\"},\"thumbnailUrl\":\"https:\/\/www.gameplayscassi.com.br\/ofertas\/wp-content\/uploads\/2024\/04\/Sackboy-A-Big-Adventure.jpg\",\"datePublished\":\"2024-04-23T00:54:24+00:00\",\"dateModified\":\"2026-05-06T17:07:08+00:00\",\"description\":\"Confira o menor pre\u00e7o para comprar Sackboy: A Big Adventure no PC. Selecionamos apenas as nossas lojas digitais de confian\u00e7a para a compara\u00e7\u00e3o de pre\u00e7os. Voc\u00ea pode comprar a chave do jogo na loja em que estiver com a melhor oferta. Ap\u00f3s realizar a compra, voc\u00ea precisa utilizar o cliente indicado pela loja para ativar e baixar o seu jogo.\",\"breadcrumb\":{\"@id\":\"https:\/\/www.gameplayscassi.com.br\/ofertas\/produtos\/jogos\/sackboy-a-big-adventure\/#breadcrumb\"},\"inLanguage\":\"pt-BR\",\"potentialAction\":[{\"@type\":\"ReadAction\",\"target\":[\"https:\/\/www.gameplayscassi.com.br\/ofertas\/produtos\/jogos\/sackboy-a-big-adventure\/\"]}]},{\"@type\":\"ImageObject\",\"inLanguage\":\"pt-BR\",\"@id\":\"https:\/\/www.gameplayscassi.com.br\/ofertas\/produtos\/jogos\/sackboy-a-big-adventure\/#primaryimage\",\"url\":\"https:\/\/www.gameplayscassi.com.br\/ofertas\/wp-content\/uploads\/2024\/04\/Sackboy-A-Big-Adventure.jpg\",\"contentUrl\":\"https:\/\/www.gameplayscassi.com.br\/ofertas\/wp-content\/uploads\/2024\/04\/Sackboy-A-Big-Adventure.jpg\",\"width\":1600,\"height\":740},{\"@type\":\"BreadcrumbList\",\"@id\":\"https:\/\/www.gameplayscassi.com.br\/ofertas\/produtos\/jogos\/sackboy-a-big-adventure\/#breadcrumb\",\"itemListElement\":[{\"@type\":\"ListItem\",\"position\":1,\"name\":\"In\u00edcio\",\"item\":\"https:\/\/www.gameplayscassi.com.br\/ofertas\/\"},{\"@type\":\"ListItem\",\"position\":2,\"name\":\"Produtos\",\"item\":\"https:\/\/www.gameplayscassi.com.br\/ofertas\/\"},{\"@type\":\"ListItem\",\"position\":3,\"name\":\"Sackboy: A Big Adventure\"}]},{\"@type\":\"WebSite\",\"@id\":\"https:\/\/www.gameplayscassi.com.br\/ofertas\/#website\",\"url\":\"https:\/\/www.gameplayscassi.com.br\/ofertas\/\",\"name\":\"Gameplayscassi - Ofertas\",\"description\":\"As melhores ofertas para voc\u00ea\",\"publisher\":{\"@id\":\"https:\/\/www.gameplayscassi.com.br\/ofertas\/#organization\"},\"potentialAction\":[{\"@type\":\"SearchAction\",\"target\":{\"@type\":\"EntryPoint\",\"urlTemplate\":\"https:\/\/www.gameplayscassi.com.br\/ofertas\/?s={search_term_string}\"},\"query-input\":{\"@type\":\"PropertyValueSpecification\",\"valueRequired\":true,\"valueName\":\"search_term_string\"}}],\"inLanguage\":\"pt-BR\"},{\"@type\":\"Organization\",\"@id\":\"https:\/\/www.gameplayscassi.com.br\/ofertas\/#organization\",\"name\":\"Gameplayscassi - Ofertas\",\"url\":\"https:\/\/www.gameplayscassi.com.br\/ofertas\/\",\"logo\":{\"@type\":\"ImageObject\",\"inLanguage\":\"pt-BR\",\"@id\":\"https:\/\/www.gameplayscassi.com.br\/ofertas\/#\/schema\/logo\/image\/\",\"url\":\"https:\/\/www.gameplayscassi.com.br\/ofertas\/wp-content\/uploads\/2024\/06\/Gameplayscassi.png\",\"contentUrl\":\"https:\/\/www.gameplayscassi.com.br\/ofertas\/wp-content\/uploads\/2024\/06\/Gameplayscassi.png\",\"width\":544,\"height\":180,\"caption\":\"Gameplayscassi - Ofertas\"},\"image\":{\"@id\":\"https:\/\/www.gameplayscassi.com.br\/ofertas\/#\/schema\/logo\/image\/\"},\"sameAs\":[\"https:\/\/www.facebook.com\/GamePlaysCassi\/\",\"https:\/\/x.com\/Gameplayscassi\",\"https:\/\/www.youtube.com\/gameplayscassi\",\"https:\/\/www.instagram.com\/gameplayscassii\/\",\"https:\/\/store.steampowered.com\/curator\/31464556\/\",\"https:\/\/discord.com\/servers\/gameplayscassi-598567071298617354\"]}]}<\/script>\n<!-- \/ Yoast SEO plugin. -->","yoast_head_json":{"title":"Sackboy: A Big Adventure em promo\u00e7\u00e3o para PC","description":"Confira o menor pre\u00e7o para comprar Sackboy: A Big Adventure no PC. Selecionamos apenas as nossas lojas digitais de confian\u00e7a para a compara\u00e7\u00e3o de pre\u00e7os. Voc\u00ea pode comprar a chave do jogo na loja em que estiver com a melhor oferta. Ap\u00f3s realizar a compra, voc\u00ea precisa utilizar o cliente indicado pela loja para ativar e baixar o seu jogo.","robots":{"index":"index","follow":"follow","max-snippet":"max-snippet:-1","max-image-preview":"max-image-preview:large","max-video-preview":"max-video-preview:-1"},"canonical":"https:\/\/www.gameplayscassi.com.br\/ofertas\/produtos\/jogos\/sackboy-a-big-adventure\/","og_locale":"pt_BR","og_type":"article","og_title":"Sackboy: A Big Adventure em promo\u00e7\u00e3o para PC","og_description":"Confira o menor pre\u00e7o para comprar Sackboy: A Big Adventure no PC. Selecionamos apenas as nossas lojas digitais de confian\u00e7a para a compara\u00e7\u00e3o de pre\u00e7os. Voc\u00ea pode comprar a chave do jogo na loja em que estiver com a melhor oferta. Ap\u00f3s realizar a compra, voc\u00ea precisa utilizar o cliente indicado pela loja para ativar e baixar o seu jogo.","og_url":"https:\/\/www.gameplayscassi.com.br\/ofertas\/produtos\/jogos\/sackboy-a-big-adventure\/","og_site_name":"Gameplayscassi - Ofertas","article_publisher":"https:\/\/www.facebook.com\/GamePlaysCassi\/","article_modified_time":"2026-05-06T17:07:08+00:00","og_image":[{"width":1600,"height":740,"url":"https:\/\/www.gameplayscassi.com.br\/ofertas\/wp-content\/uploads\/2024\/04\/Sackboy-A-Big-Adventure.jpg","type":"image\/jpeg"}],"twitter_card":"summary_large_image","twitter_site":"@Gameplayscassi","twitter_misc":{"Est. tempo de leitura":"4 minutos"},"schema":{"@context":"https:\/\/schema.org","@graph":[{"@type":"WebPage","@id":"https:\/\/www.gameplayscassi.com.br\/ofertas\/produtos\/jogos\/sackboy-a-big-adventure\/","url":"https:\/\/www.gameplayscassi.com.br\/ofertas\/produtos\/jogos\/sackboy-a-big-adventure\/","name":"Sackboy: A Big Adventure em promo\u00e7\u00e3o para PC","isPartOf":{"@id":"https:\/\/www.gameplayscassi.com.br\/ofertas\/#website"},"primaryImageOfPage":{"@id":"https:\/\/www.gameplayscassi.com.br\/ofertas\/produtos\/jogos\/sackboy-a-big-adventure\/#primaryimage"},"image":{"@id":"https:\/\/www.gameplayscassi.com.br\/ofertas\/produtos\/jogos\/sackboy-a-big-adventure\/#primaryimage"},"thumbnailUrl":"https:\/\/www.gameplayscassi.com.br\/ofertas\/wp-content\/uploads\/2024\/04\/Sackboy-A-Big-Adventure.jpg","datePublished":"2024-04-23T00:54:24+00:00","dateModified":"2026-05-06T17:07:08+00:00","description":"Confira o menor pre\u00e7o para comprar Sackboy: A Big Adventure no PC. Selecionamos apenas as nossas lojas digitais de confian\u00e7a para a compara\u00e7\u00e3o de pre\u00e7os. Voc\u00ea pode comprar a chave do jogo na loja em que estiver com a melhor oferta. Ap\u00f3s realizar a compra, voc\u00ea precisa utilizar o cliente indicado pela loja para ativar e baixar o seu jogo.","breadcrumb":{"@id":"https:\/\/www.gameplayscassi.com.br\/ofertas\/produtos\/jogos\/sackboy-a-big-adventure\/#breadcrumb"},"inLanguage":"pt-BR","potentialAction":[{"@type":"ReadAction","target":["https:\/\/www.gameplayscassi.com.br\/ofertas\/produtos\/jogos\/sackboy-a-big-adventure\/"]}]},{"@type":"ImageObject","inLanguage":"pt-BR","@id":"https:\/\/www.gameplayscassi.com.br\/ofertas\/produtos\/jogos\/sackboy-a-big-adventure\/#primaryimage","url":"https:\/\/www.gameplayscassi.com.br\/ofertas\/wp-content\/uploads\/2024\/04\/Sackboy-A-Big-Adventure.jpg","contentUrl":"https:\/\/www.gameplayscassi.com.br\/ofertas\/wp-content\/uploads\/2024\/04\/Sackboy-A-Big-Adventure.jpg","width":1600,"height":740},{"@type":"BreadcrumbList","@id":"https:\/\/www.gameplayscassi.com.br\/ofertas\/produtos\/jogos\/sackboy-a-big-adventure\/#breadcrumb","itemListElement":[{"@type":"ListItem","position":1,"name":"In\u00edcio","item":"https:\/\/www.gameplayscassi.com.br\/ofertas\/"},{"@type":"ListItem","position":2,"name":"Produtos","item":"https:\/\/www.gameplayscassi.com.br\/ofertas\/"},{"@type":"ListItem","position":3,"name":"Sackboy: A Big Adventure"}]},{"@type":"WebSite","@id":"https:\/\/www.gameplayscassi.com.br\/ofertas\/#website","url":"https:\/\/www.gameplayscassi.com.br\/ofertas\/","name":"Gameplayscassi - Ofertas","description":"As melhores ofertas para voc\u00ea","publisher":{"@id":"https:\/\/www.gameplayscassi.com.br\/ofertas\/#organization"},"potentialAction":[{"@type":"SearchAction","target":{"@type":"EntryPoint","urlTemplate":"https:\/\/www.gameplayscassi.com.br\/ofertas\/?s={search_term_string}"},"query-input":{"@type":"PropertyValueSpecification","valueRequired":true,"valueName":"search_term_string"}}],"inLanguage":"pt-BR"},{"@type":"Organization","@id":"https:\/\/www.gameplayscassi.com.br\/ofertas\/#organization","name":"Gameplayscassi - Ofertas","url":"https:\/\/www.gameplayscassi.com.br\/ofertas\/","logo":{"@type":"ImageObject","inLanguage":"pt-BR","@id":"https:\/\/www.gameplayscassi.com.br\/ofertas\/#\/schema\/logo\/image\/","url":"https:\/\/www.gameplayscassi.com.br\/ofertas\/wp-content\/uploads\/2024\/06\/Gameplayscassi.png","contentUrl":"https:\/\/www.gameplayscassi.com.br\/ofertas\/wp-content\/uploads\/2024\/06\/Gameplayscassi.png","width":544,"height":180,"caption":"Gameplayscassi - Ofertas"},"image":{"@id":"https:\/\/www.gameplayscassi.com.br\/ofertas\/#\/schema\/logo\/image\/"},"sameAs":["https:\/\/www.facebook.com\/GamePlaysCassi\/","https:\/\/x.com\/Gameplayscassi","https:\/\/www.youtube.com\/gameplayscassi","https:\/\/www.instagram.com\/gameplayscassii\/","https:\/\/store.steampowered.com\/curator\/31464556\/","https:\/\/discord.com\/servers\/gameplayscassi-598567071298617354"]}]}},"jetpack_sharing_enabled":true,"_links":{"self":[{"href":"https:\/\/www.gameplayscassi.com.br\/ofertas\/wp-json\/wp\/v2\/product\/72444","targetHints":{"allow":["GET"]}}],"collection":[{"href":"https:\/\/www.gameplayscassi.com.br\/ofertas\/wp-json\/wp\/v2\/product"}],"about":[{"href":"https:\/\/www.gameplayscassi.com.br\/ofertas\/wp-json\/wp\/v2\/types\/product"}],"version-history":[{"count":0,"href":"https:\/\/www.gameplayscassi.com.br\/ofertas\/wp-json\/wp\/v2\/product\/72444\/revisions"}],"wp:featuredmedia":[{"embeddable":true,"href":"https:\/\/www.gameplayscassi.com.br\/ofertas\/wp-json\/wp\/v2\/media\/72660"}],"wp:attachment":[{"href":"https:\/\/www.gameplayscassi.com.br\/ofertas\/wp-json\/wp\/v2\/media?parent=72444"}],"wp:term":[{"taxonomy":"store","embeddable":true,"href":"https:\/\/www.gameplayscassi.com.br\/ofertas\/wp-json\/wp\/v2\/store?post=72444"},{"taxonomy":"product_brand","embeddable":true,"href":"https:\/\/www.gameplayscassi.com.br\/ofertas\/wp-json\/wp\/v2\/product_brand?post=72444"},{"taxonomy":"product_cat","embeddable":true,"href":"https:\/\/www.gameplayscassi.com.br\/ofertas\/wp-json\/wp\/v2\/product_cat?post=72444"},{"taxonomy":"product_tag","embeddable":true,"href":"https:\/\/www.gameplayscassi.com.br\/ofertas\/wp-json\/wp\/v2\/product_tag?post=72444"}],"curies":[{"name":"wp","href":"https:\/\/api.w.org\/{rel}","templated":true}]}}