{"id":72442,"date":"2024-04-22T21:54:24","date_gmt":"2024-04-23T00:54:24","guid":{"rendered":"https:\/\/www.gameplayscassi.com.br\/ofertas\/produtos\/sem%20categoria\/returnal\/"},"modified":"2026-05-02T04:24:23","modified_gmt":"2026-05-02T07:24:23","slug":"returnal","status":"publish","type":"product","link":"https:\/\/www.gameplayscassi.com.br\/ofertas\/produtos\/jogos\/returnal\/","title":{"rendered":"Returnal"},"content":{"rendered":"<p>Quebre o ciclo nesse premiado jogo de tiro de terceira pessoa que agora traz a a\u00e7\u00e3o para o PC. A odisseia roguelike de Selene chega com um conjunto de gr\u00e1ficos impressionantes e melhorias de desempenho numa jornada inesquec\u00edvel. Inclui a experi\u00eancia completa de Returnal\u2122, os modos Suspender Ciclo, Foto e Cooperativo, bem como a Torre de S\u00edsifo inclu\u00edda desde o primeiro dia.<\/p>\n<h2 class=\"bb_tag\">CONTEXTO:<\/h2>\n<p>Ap\u00f3s um pouso for\u00e7ado nesse mundo metam\u00f3rfico, Selene precisa achar uma forma de escapar pela paisagem inf\u00e9rtil de uma civiliza\u00e7\u00e3o antiga. Isolada, ela luta com unhas e dentes pela sobreviv\u00eancia. Ela \u00e9 derrotada in\u00fameras vezes e for\u00e7ada a recome\u00e7ar toda vez que morre. Em um ritmo r\u00e1pido e implac\u00e1vel, voc\u00ea vai descobrir que, assim como o planeta muda a cada ciclo, os itens \u00e0 sua disposi\u00e7\u00e3o tamb\u00e9m mudam. Cada loop oferece novas combina\u00e7\u00f5es, fazendo com que voc\u00ea se fortale\u00e7a para ultrapassar limites e abordar o combate com uma estrat\u00e9gia diferente a cada tentativa.<\/p>\n<p>Criado com efeitos visuais deslumbrantes, a beleza sombria do mundo decadente \u00e0 sua volta est\u00e1 cheia de surpresas explosivas. Os riscos s\u00e3o altos, os combates s\u00e3o repletos de bullet hell, e as reviravoltas s\u00e3o de cair o queixo por ambientes \u00e1ridos e contrastantes. Voc\u00ea vai explorar, descobrir e avan\u00e7ar em uma jornada implac\u00e1vel, onde o mist\u00e9rio segue todos os seus passos. Com sua rejogabilidade extrema, o mundo procedural de Returnal convida voc\u00ea a lidar com a derrota e enfrentar novos desafios envolventes cada vez que renasce.<\/p>\n<h2 class=\"bb_tag\">A experi\u00eancia completa no PC<\/h2>\n<p>Inclui suporte para conquistas e monitoramento de progresso no jogo. Cinco pr\u00e9-conjuntos gr\u00e1ficos foram inclu\u00eddos, com m\u00e9tricas de desempenho no jogo incluindo um contador de FPS, um medidor de uso de GPU e CPU e monitoramento de lat\u00eancia.<\/p>\n<h2 class=\"bb_tag\">Curta uma experi\u00eancia visual fascinante<\/h2>\n<p>As propor\u00e7\u00f5es 16:10, Ultrawide (21:9) e Super Ultrawide (32:9) oferecem um campo aumentado de vis\u00e3o que acrescenta mais op\u00e7\u00f5es para cinem\u00e1ticas e IU. Tudo isso em um 4K.1 formid\u00e1vel. Em PCs com altas especifica\u00e7\u00f5es, experimente uma imers\u00e3o maior com reflexos e sombras de tra\u00e7ado de raios, acrescentando uma nova camada de op\u00e7\u00f5es de ilumina\u00e7\u00e3o, tudo personalizado atrav\u00e9s de v\u00e1rios controladores. Melhorias de desempenho de tecnologias como NVIDIA DLSS, NVIDIA NIS, al\u00e9m de AMD FSR2, tamb\u00e9m est\u00e3o dispon\u00edveis.<\/p>\n<p>1 Requer um PC compat\u00edvel e dispositivo de v\u00eddeo.<br \/>\n2 Requer um PC compat\u00edvel e placa de v\u00eddeo para melhores gr\u00e1ficos.<\/p>\n<h2 class=\"bb_tag\">sobrecarga sensorial<\/h2>\n<p>Jogue com o controle DualSense\u2122 para experimentar o retorno t\u00e1til e os efeitos de gatilho din\u00e2micos.3 \u00c9 poss\u00edvel escolher o mouse e o teclado ou outras entradas de controle, todas com prompts de bot\u00f5es personaliz\u00e1veis. H\u00e1 op\u00e7\u00f5es de acessibilidade expandidas, incluindo uma notifica\u00e7\u00e3o de carregar mira alt-fire, junto com um sistema de ping cooperativo. H\u00e1 suporte para Dolby Atmos, assim como a op\u00e7\u00e3o para selecionar o tipo de suporte de \u00c1udio em 3D.4 Ou\u00e7a os sons \u00e0 sua volta com precis\u00e3o, dando vida aos ambientes e melhorando suas rea\u00e7\u00f5es.<\/p>\n<p>3 Requer conex\u00e3o com fio para experimentar todo o alcance dos recursos do controle.<br \/>\n4 Modos de \u00c1udio em 3D necessitam de fones de ouvido est\u00e9reo ou alto-falantes compat\u00edveis.<\/p>\n<h2 class=\"bb_tag\">Modo cooperativo:<\/h2>\n<p>Compartilhe sua jornada pelo labirinto em movimento de Atropos com outro jogador de PC.5 A natureza hostil de Atropos permanecer\u00e1 inabal\u00e1vel, mas a possibilidade do trabalho em equipe adiciona uma nova dimens\u00e3o e meios de sobreviv\u00eancia. Cada jogador controla uma vers\u00e3o de Selene de ciclos diferentes. Usando o dispositivo Chronosis de cada bioma, o jogador anfitri\u00e3o invoca um amigo ou \u00e9 pareado com outro jogador online aleat\u00f3rio. O progresso do anfitri\u00e3o determina a lista de itens dispon\u00edveis para a dura\u00e7\u00e3o da sess\u00e3o multijogador.<\/p>\n<h2 class=\"bb_tag\">Torre de S\u00edsifo:<\/h2>\n<p>Quando acordar novamente no local da queda, olhe para cima. Voc\u00ea ver\u00e1 um port\u00e3o de frente para a Torre de S\u00edsifo, acess\u00edvel desde que desbloqueie o Gancho Icariano.5 Prepare-se para um novo tipo de desafio. \u00c9 uma contenda ascendente quase intermin\u00e1vel com foco total no combate, em como voc\u00ea melhora sua pontua\u00e7\u00e3o e progresso, itens exclusivos, registros de \u00e1udio e fragmentos ainda in\u00e9ditos da hist\u00f3ria de Selene.<\/p>\n<p>5 A Torre, as sequ\u00eancias na Casa e o Modo de Desafio n\u00e3o est\u00e3o dispon\u00edveis no Modo Cooperativo. N\u00e3o h\u00e1 suporte Crossplay com jogadores nos consoles PlayStation\u00ae5.<\/p>\n<p><i>COMBATE INTENSO &#8211; Lute para sobreviver neste jogo de tiro roguelike em 3\u00aa pessoa.<br \/>\n&#8211; Enfrente inimigos cru\u00e9is em combates explosivos.<\/i><\/p>\n<p><i>XPLORA\u00c7\u00c3O FREN\u00c9TICA &#8211; Gerencie equipamentos e recursos com cuidado. Ao morrer, voc\u00ea reinicia do come\u00e7o.<br \/>\n&#8211; Procure por tecnologias alien\u00edgenas para aprimorar suas habilidades em ciclos futuros.<\/i><\/p>\n<p><i>NARRATIVA ASSOMBROSA &#8211; Junte fragmentos das mem\u00f3rias de Selene enquanto ela busca respostas.<br \/>\n&#8211; Estabele\u00e7a uma conex\u00e3o pessoal com o planeta enquanto explora o terreno decadente em evolu\u00e7\u00e3o constante.<\/i><\/p>\n","protected":false},"excerpt":{"rendered":"<p>Confira o menor pre\u00e7o para comprar <strong>Returnal<\/strong> no PC. Selecionamos apenas as nossas lojas digitais de confian\u00e7a para a compara\u00e7\u00e3o de pre\u00e7os. Voc\u00ea pode comprar a chave do jogo na loja em que estiver com a melhor oferta. Ap\u00f3s realizar a compra, voc\u00ea precisa utilizar o cliente indicado pela loja para ativar e baixar o seu jogo.<\/p>\n","protected":false},"featured_media":72658,"template":"","meta":[],"store":[],"product_brand":[],"product_cat":[25],"product_tag":[119,479,405,404,165,163,251,478,406,26,437,460,480,31,147],"class_list":{"0":"post-72442","1":"product","2":"type-product","3":"status-publish","4":"has-post-thumbnail","6":"product_cat-jogos","7":"product_tag-acao","8":"product_tag-chuva-de-balas","9":"product_tag-compartilhamento-em-familia","10":"product_tag-conquistas-steam","11":"product_tag-cooperativo","12":"product_tag-cooperativo-on-line","13":"product_tag-espacial","14":"product_tag-housemarque","15":"product_tag-nuvem-steam","16":"product_tag-pc","17":"product_tag-playstation-pc-llc","18":"product_tag-protagonista-mulher","19":"product_tag-roguelike","20":"product_tag-steam","21":"product_tag-um-jogador","23":"first","24":"instock","25":"sale","26":"purchasable","27":"product-type-simple"},"yoast_head":"<!-- This site is optimized with the Yoast SEO plugin v27.2 - https:\/\/yoast.com\/product\/yoast-seo-wordpress\/ -->\n<title>Returnal em promo\u00e7\u00e3o para PC<\/title>\n<meta name=\"description\" content=\"Confira o menor pre\u00e7o para comprar Returnal no PC. Selecionamos apenas as nossas lojas digitais de confian\u00e7a para a compara\u00e7\u00e3o de pre\u00e7os. Voc\u00ea pode comprar a chave do jogo na loja em que estiver com a melhor oferta. Ap\u00f3s realizar a compra, voc\u00ea precisa utilizar o cliente indicado pela loja para ativar e baixar o seu jogo.\" \/>\n<meta name=\"robots\" content=\"index, follow, max-snippet:-1, max-image-preview:large, max-video-preview:-1\" \/>\n<link rel=\"canonical\" href=\"https:\/\/www.gameplayscassi.com.br\/ofertas\/produtos\/jogos\/returnal\/\" \/>\n<meta property=\"og:locale\" content=\"pt_BR\" \/>\n<meta property=\"og:type\" content=\"article\" \/>\n<meta property=\"og:title\" content=\"Returnal em promo\u00e7\u00e3o para PC\" \/>\n<meta property=\"og:description\" content=\"Confira o menor pre\u00e7o para comprar Returnal no PC. Selecionamos apenas as nossas lojas digitais de confian\u00e7a para a compara\u00e7\u00e3o de pre\u00e7os. Voc\u00ea pode comprar a chave do jogo na loja em que estiver com a melhor oferta. Ap\u00f3s realizar a compra, voc\u00ea precisa utilizar o cliente indicado pela loja para ativar e baixar o seu jogo.\" \/>\n<meta property=\"og:url\" content=\"https:\/\/www.gameplayscassi.com.br\/ofertas\/produtos\/jogos\/returnal\/\" \/>\n<meta property=\"og:site_name\" content=\"Gameplayscassi - Ofertas\" \/>\n<meta property=\"article:publisher\" content=\"https:\/\/www.facebook.com\/GamePlaysCassi\/\" \/>\n<meta property=\"article:modified_time\" content=\"2026-05-02T07:24:23+00:00\" \/>\n<meta property=\"og:image\" content=\"https:\/\/www.gameplayscassi.com.br\/ofertas\/wp-content\/uploads\/2024\/04\/Returnal.jpg\" \/>\n\t<meta property=\"og:image:width\" content=\"1600\" \/>\n\t<meta property=\"og:image:height\" content=\"740\" \/>\n\t<meta property=\"og:image:type\" content=\"image\/jpeg\" \/>\n<meta name=\"twitter:card\" content=\"summary_large_image\" \/>\n<meta name=\"twitter:site\" content=\"@Gameplayscassi\" \/>\n<meta name=\"twitter:label1\" content=\"Est. tempo de leitura\" \/>\n\t<meta name=\"twitter:data1\" content=\"4 minutos\" \/>\n<script type=\"application\/ld+json\" class=\"yoast-schema-graph\">{\"@context\":\"https:\/\/schema.org\",\"@graph\":[{\"@type\":\"WebPage\",\"@id\":\"https:\/\/www.gameplayscassi.com.br\/ofertas\/produtos\/jogos\/returnal\/\",\"url\":\"https:\/\/www.gameplayscassi.com.br\/ofertas\/produtos\/jogos\/returnal\/\",\"name\":\"Returnal em promo\u00e7\u00e3o para PC\",\"isPartOf\":{\"@id\":\"https:\/\/www.gameplayscassi.com.br\/ofertas\/#website\"},\"primaryImageOfPage\":{\"@id\":\"https:\/\/www.gameplayscassi.com.br\/ofertas\/produtos\/jogos\/returnal\/#primaryimage\"},\"image\":{\"@id\":\"https:\/\/www.gameplayscassi.com.br\/ofertas\/produtos\/jogos\/returnal\/#primaryimage\"},\"thumbnailUrl\":\"https:\/\/www.gameplayscassi.com.br\/ofertas\/wp-content\/uploads\/2024\/04\/Returnal.jpg\",\"datePublished\":\"2024-04-23T00:54:24+00:00\",\"dateModified\":\"2026-05-02T07:24:23+00:00\",\"description\":\"Confira o menor pre\u00e7o para comprar Returnal no PC. Selecionamos apenas as nossas lojas digitais de confian\u00e7a para a compara\u00e7\u00e3o de pre\u00e7os. Voc\u00ea pode comprar a chave do jogo na loja em que estiver com a melhor oferta. Ap\u00f3s realizar a compra, voc\u00ea precisa utilizar o cliente indicado pela loja para ativar e baixar o seu jogo.\",\"breadcrumb\":{\"@id\":\"https:\/\/www.gameplayscassi.com.br\/ofertas\/produtos\/jogos\/returnal\/#breadcrumb\"},\"inLanguage\":\"pt-BR\",\"potentialAction\":[{\"@type\":\"ReadAction\",\"target\":[\"https:\/\/www.gameplayscassi.com.br\/ofertas\/produtos\/jogos\/returnal\/\"]}]},{\"@type\":\"ImageObject\",\"inLanguage\":\"pt-BR\",\"@id\":\"https:\/\/www.gameplayscassi.com.br\/ofertas\/produtos\/jogos\/returnal\/#primaryimage\",\"url\":\"https:\/\/www.gameplayscassi.com.br\/ofertas\/wp-content\/uploads\/2024\/04\/Returnal.jpg\",\"contentUrl\":\"https:\/\/www.gameplayscassi.com.br\/ofertas\/wp-content\/uploads\/2024\/04\/Returnal.jpg\",\"width\":1600,\"height\":740},{\"@type\":\"BreadcrumbList\",\"@id\":\"https:\/\/www.gameplayscassi.com.br\/ofertas\/produtos\/jogos\/returnal\/#breadcrumb\",\"itemListElement\":[{\"@type\":\"ListItem\",\"position\":1,\"name\":\"In\u00edcio\",\"item\":\"https:\/\/www.gameplayscassi.com.br\/ofertas\/\"},{\"@type\":\"ListItem\",\"position\":2,\"name\":\"Produtos\",\"item\":\"https:\/\/www.gameplayscassi.com.br\/ofertas\/\"},{\"@type\":\"ListItem\",\"position\":3,\"name\":\"Returnal\"}]},{\"@type\":\"WebSite\",\"@id\":\"https:\/\/www.gameplayscassi.com.br\/ofertas\/#website\",\"url\":\"https:\/\/www.gameplayscassi.com.br\/ofertas\/\",\"name\":\"Gameplayscassi - Ofertas\",\"description\":\"As melhores ofertas para voc\u00ea\",\"publisher\":{\"@id\":\"https:\/\/www.gameplayscassi.com.br\/ofertas\/#organization\"},\"potentialAction\":[{\"@type\":\"SearchAction\",\"target\":{\"@type\":\"EntryPoint\",\"urlTemplate\":\"https:\/\/www.gameplayscassi.com.br\/ofertas\/?s={search_term_string}\"},\"query-input\":{\"@type\":\"PropertyValueSpecification\",\"valueRequired\":true,\"valueName\":\"search_term_string\"}}],\"inLanguage\":\"pt-BR\"},{\"@type\":\"Organization\",\"@id\":\"https:\/\/www.gameplayscassi.com.br\/ofertas\/#organization\",\"name\":\"Gameplayscassi - Ofertas\",\"url\":\"https:\/\/www.gameplayscassi.com.br\/ofertas\/\",\"logo\":{\"@type\":\"ImageObject\",\"inLanguage\":\"pt-BR\",\"@id\":\"https:\/\/www.gameplayscassi.com.br\/ofertas\/#\/schema\/logo\/image\/\",\"url\":\"https:\/\/www.gameplayscassi.com.br\/ofertas\/wp-content\/uploads\/2024\/06\/Gameplayscassi.png\",\"contentUrl\":\"https:\/\/www.gameplayscassi.com.br\/ofertas\/wp-content\/uploads\/2024\/06\/Gameplayscassi.png\",\"width\":544,\"height\":180,\"caption\":\"Gameplayscassi - Ofertas\"},\"image\":{\"@id\":\"https:\/\/www.gameplayscassi.com.br\/ofertas\/#\/schema\/logo\/image\/\"},\"sameAs\":[\"https:\/\/www.facebook.com\/GamePlaysCassi\/\",\"https:\/\/x.com\/Gameplayscassi\",\"https:\/\/www.youtube.com\/gameplayscassi\",\"https:\/\/www.instagram.com\/gameplayscassii\/\",\"https:\/\/store.steampowered.com\/curator\/31464556\/\",\"https:\/\/discord.com\/servers\/gameplayscassi-598567071298617354\"]}]}<\/script>\n<!-- \/ Yoast SEO plugin. -->","yoast_head_json":{"title":"Returnal em promo\u00e7\u00e3o para PC","description":"Confira o menor pre\u00e7o para comprar Returnal no PC. Selecionamos apenas as nossas lojas digitais de confian\u00e7a para a compara\u00e7\u00e3o de pre\u00e7os. Voc\u00ea pode comprar a chave do jogo na loja em que estiver com a melhor oferta. Ap\u00f3s realizar a compra, voc\u00ea precisa utilizar o cliente indicado pela loja para ativar e baixar o seu jogo.","robots":{"index":"index","follow":"follow","max-snippet":"max-snippet:-1","max-image-preview":"max-image-preview:large","max-video-preview":"max-video-preview:-1"},"canonical":"https:\/\/www.gameplayscassi.com.br\/ofertas\/produtos\/jogos\/returnal\/","og_locale":"pt_BR","og_type":"article","og_title":"Returnal em promo\u00e7\u00e3o para PC","og_description":"Confira o menor pre\u00e7o para comprar Returnal no PC. Selecionamos apenas as nossas lojas digitais de confian\u00e7a para a compara\u00e7\u00e3o de pre\u00e7os. Voc\u00ea pode comprar a chave do jogo na loja em que estiver com a melhor oferta. Ap\u00f3s realizar a compra, voc\u00ea precisa utilizar o cliente indicado pela loja para ativar e baixar o seu jogo.","og_url":"https:\/\/www.gameplayscassi.com.br\/ofertas\/produtos\/jogos\/returnal\/","og_site_name":"Gameplayscassi - Ofertas","article_publisher":"https:\/\/www.facebook.com\/GamePlaysCassi\/","article_modified_time":"2026-05-02T07:24:23+00:00","og_image":[{"width":1600,"height":740,"url":"https:\/\/www.gameplayscassi.com.br\/ofertas\/wp-content\/uploads\/2024\/04\/Returnal.jpg","type":"image\/jpeg"}],"twitter_card":"summary_large_image","twitter_site":"@Gameplayscassi","twitter_misc":{"Est. tempo de leitura":"4 minutos"},"schema":{"@context":"https:\/\/schema.org","@graph":[{"@type":"WebPage","@id":"https:\/\/www.gameplayscassi.com.br\/ofertas\/produtos\/jogos\/returnal\/","url":"https:\/\/www.gameplayscassi.com.br\/ofertas\/produtos\/jogos\/returnal\/","name":"Returnal em promo\u00e7\u00e3o para PC","isPartOf":{"@id":"https:\/\/www.gameplayscassi.com.br\/ofertas\/#website"},"primaryImageOfPage":{"@id":"https:\/\/www.gameplayscassi.com.br\/ofertas\/produtos\/jogos\/returnal\/#primaryimage"},"image":{"@id":"https:\/\/www.gameplayscassi.com.br\/ofertas\/produtos\/jogos\/returnal\/#primaryimage"},"thumbnailUrl":"https:\/\/www.gameplayscassi.com.br\/ofertas\/wp-content\/uploads\/2024\/04\/Returnal.jpg","datePublished":"2024-04-23T00:54:24+00:00","dateModified":"2026-05-02T07:24:23+00:00","description":"Confira o menor pre\u00e7o para comprar Returnal no PC. Selecionamos apenas as nossas lojas digitais de confian\u00e7a para a compara\u00e7\u00e3o de pre\u00e7os. Voc\u00ea pode comprar a chave do jogo na loja em que estiver com a melhor oferta. Ap\u00f3s realizar a compra, voc\u00ea precisa utilizar o cliente indicado pela loja para ativar e baixar o seu jogo.","breadcrumb":{"@id":"https:\/\/www.gameplayscassi.com.br\/ofertas\/produtos\/jogos\/returnal\/#breadcrumb"},"inLanguage":"pt-BR","potentialAction":[{"@type":"ReadAction","target":["https:\/\/www.gameplayscassi.com.br\/ofertas\/produtos\/jogos\/returnal\/"]}]},{"@type":"ImageObject","inLanguage":"pt-BR","@id":"https:\/\/www.gameplayscassi.com.br\/ofertas\/produtos\/jogos\/returnal\/#primaryimage","url":"https:\/\/www.gameplayscassi.com.br\/ofertas\/wp-content\/uploads\/2024\/04\/Returnal.jpg","contentUrl":"https:\/\/www.gameplayscassi.com.br\/ofertas\/wp-content\/uploads\/2024\/04\/Returnal.jpg","width":1600,"height":740},{"@type":"BreadcrumbList","@id":"https:\/\/www.gameplayscassi.com.br\/ofertas\/produtos\/jogos\/returnal\/#breadcrumb","itemListElement":[{"@type":"ListItem","position":1,"name":"In\u00edcio","item":"https:\/\/www.gameplayscassi.com.br\/ofertas\/"},{"@type":"ListItem","position":2,"name":"Produtos","item":"https:\/\/www.gameplayscassi.com.br\/ofertas\/"},{"@type":"ListItem","position":3,"name":"Returnal"}]},{"@type":"WebSite","@id":"https:\/\/www.gameplayscassi.com.br\/ofertas\/#website","url":"https:\/\/www.gameplayscassi.com.br\/ofertas\/","name":"Gameplayscassi - Ofertas","description":"As melhores ofertas para voc\u00ea","publisher":{"@id":"https:\/\/www.gameplayscassi.com.br\/ofertas\/#organization"},"potentialAction":[{"@type":"SearchAction","target":{"@type":"EntryPoint","urlTemplate":"https:\/\/www.gameplayscassi.com.br\/ofertas\/?s={search_term_string}"},"query-input":{"@type":"PropertyValueSpecification","valueRequired":true,"valueName":"search_term_string"}}],"inLanguage":"pt-BR"},{"@type":"Organization","@id":"https:\/\/www.gameplayscassi.com.br\/ofertas\/#organization","name":"Gameplayscassi - Ofertas","url":"https:\/\/www.gameplayscassi.com.br\/ofertas\/","logo":{"@type":"ImageObject","inLanguage":"pt-BR","@id":"https:\/\/www.gameplayscassi.com.br\/ofertas\/#\/schema\/logo\/image\/","url":"https:\/\/www.gameplayscassi.com.br\/ofertas\/wp-content\/uploads\/2024\/06\/Gameplayscassi.png","contentUrl":"https:\/\/www.gameplayscassi.com.br\/ofertas\/wp-content\/uploads\/2024\/06\/Gameplayscassi.png","width":544,"height":180,"caption":"Gameplayscassi - Ofertas"},"image":{"@id":"https:\/\/www.gameplayscassi.com.br\/ofertas\/#\/schema\/logo\/image\/"},"sameAs":["https:\/\/www.facebook.com\/GamePlaysCassi\/","https:\/\/x.com\/Gameplayscassi","https:\/\/www.youtube.com\/gameplayscassi","https:\/\/www.instagram.com\/gameplayscassii\/","https:\/\/store.steampowered.com\/curator\/31464556\/","https:\/\/discord.com\/servers\/gameplayscassi-598567071298617354"]}]}},"jetpack_sharing_enabled":true,"_links":{"self":[{"href":"https:\/\/www.gameplayscassi.com.br\/ofertas\/wp-json\/wp\/v2\/product\/72442","targetHints":{"allow":["GET"]}}],"collection":[{"href":"https:\/\/www.gameplayscassi.com.br\/ofertas\/wp-json\/wp\/v2\/product"}],"about":[{"href":"https:\/\/www.gameplayscassi.com.br\/ofertas\/wp-json\/wp\/v2\/types\/product"}],"version-history":[{"count":0,"href":"https:\/\/www.gameplayscassi.com.br\/ofertas\/wp-json\/wp\/v2\/product\/72442\/revisions"}],"wp:featuredmedia":[{"embeddable":true,"href":"https:\/\/www.gameplayscassi.com.br\/ofertas\/wp-json\/wp\/v2\/media\/72658"}],"wp:attachment":[{"href":"https:\/\/www.gameplayscassi.com.br\/ofertas\/wp-json\/wp\/v2\/media?parent=72442"}],"wp:term":[{"taxonomy":"store","embeddable":true,"href":"https:\/\/www.gameplayscassi.com.br\/ofertas\/wp-json\/wp\/v2\/store?post=72442"},{"taxonomy":"product_brand","embeddable":true,"href":"https:\/\/www.gameplayscassi.com.br\/ofertas\/wp-json\/wp\/v2\/product_brand?post=72442"},{"taxonomy":"product_cat","embeddable":true,"href":"https:\/\/www.gameplayscassi.com.br\/ofertas\/wp-json\/wp\/v2\/product_cat?post=72442"},{"taxonomy":"product_tag","embeddable":true,"href":"https:\/\/www.gameplayscassi.com.br\/ofertas\/wp-json\/wp\/v2\/product_tag?post=72442"}],"curies":[{"name":"wp","href":"https:\/\/api.w.org\/{rel}","templated":true}]}}