{"id":72440,"date":"2024-04-22T21:54:24","date_gmt":"2024-04-23T00:54:24","guid":{"rendered":"https:\/\/www.gameplayscassi.com.br\/ofertas\/produtos\/sem%20categoria\/ratchet-clank-rift-apart\/"},"modified":"2026-05-02T04:14:55","modified_gmt":"2026-05-02T07:14:55","slug":"ratchet-clank-rift-apart","status":"publish","type":"product","link":"https:\/\/www.gameplayscassi.com.br\/ofertas\/produtos\/jogos\/ratchet-clank-rift-apart\/","title":{"rendered":"Ratchet &amp; Clank: Rift Apart"},"content":{"rendered":"<p>Os aventureiros intergal\u00e1cticos est\u00e3o de volta numa hist\u00f3ria explosiva em Ratchet &amp; Clank: Em Uma Outra Dimens\u00e3o!<\/p>\n<p>Pule de dimens\u00e3o em dimens\u00e3o nesta aventura com Ratchet e Clank, pela primeira vez no PC. Ajude a dupla a enfrentar um imperador maligno de outra realidade e viaje por mundos cheios de a\u00e7\u00e3o e muito mais.<\/p>\n<p>Com o pr\u00f3prio universo em risco,\u00a0voc\u00ea vai ter que tirar a poeira do arsenal maluco dessa dupla din\u00e2mica e impedir um colapso dimensional!<\/p>\n<p>Aventure-se com essa dupla fenomenal e um elenco de velhos aliados e novos personagens, incluindo a rec\u00e9m-chegada Rivet, uma rebelde Lombax de outra dimens\u00e3o que tamb\u00e9m est\u00e1 decidida a acabar com a amea\u00e7a rob\u00f3tica.<\/p>\n<h2 class=\"bb_tag\">Integra\u00e7\u00e3o com controle sem fio DualSense\u2122<\/h2>\n<p>Curta uma aventura interdimensional emocionante. Desenvolvido pelo aclamado est\u00fadio Insomniac Games e trazido para os PCs pela Nixxes Software, o jogo oferece a\u00e7\u00f5es que ganham vida nas suas m\u00e3os com o controle sem fio DualSense\u2122.*<\/p>\n<p>A resposta t\u00e1til e a tecnologia de gatilho adapt\u00e1vel criam sensa\u00e7\u00f5es realistas: voc\u00ea vai sentir a vibra\u00e7\u00e3o de uma espa\u00e7onave na superf\u00edcie do controle ou o coice do seu fiel Aniquilador quando \u00e9 disparado.<\/p>\n<h2 class=\"bb_tag\">Recursos do PC<\/h2>\n<ul class=\"bb_ul\">\n<li>Embarque numa aventura interdimensional e explosiva com a estreia de Ratchet e Clank no PC!<\/li>\n<li>Passeie os olhos por dimens\u00f5es maravilhosas e diversas com a compatibilidade ultrawide para resolu\u00e7\u00f5es 21:9, 32:9 e 48:9 (compat\u00edvel com monitor triplo)!*<\/li>\n<li>Veja o omniverso ganhar vida com a op\u00e7\u00e3o de taxas de quadros desbloqueadas! Curta tamb\u00e9m os reflexos com tra\u00e7ado de raio, al\u00e9m das novas sombras com tra\u00e7ado de raio nos espa\u00e7os externos.**<\/li>\n<li>Curta as mais novas tecnologias de ajuste de resolu\u00e7\u00e3o, incluindo NVIDIA DLSS 3, AMD FSR 2, Intel XeSS e a Temporal Injection da Insomniac Games. Tamb\u00e9m h\u00e1 compatibilidade com NVIDIA Reflex e NVIDIA DLAA, com aprimoramento de qualidade de imagem. Ajuste uma s\u00e9rie de op\u00e7\u00f5es de qualidade gr\u00e1fica para diversos dispositivos, desde PCs de ponta a PCs port\u00e1teis para jogos.<\/li>\n<li>Jogue com o controle DualSense\u2122 para sentir a resposta t\u00e1til e os efeitos de gatilho din\u00e2mico.*** Ou jogue com o mouse e o teclado, com uma vasta sele\u00e7\u00e3o de op\u00e7\u00f5es de personaliza\u00e7\u00e3o.<\/li>\n<li>Inclui compatibilidade com conquistas e salvamento na nuvem em inicializadores de jogos de PC.<\/li>\n<\/ul>\n<h2 class=\"bb_tag\">Junte-se aos her\u00f3is<\/h2>\n<ul class=\"bb_ul\">\n<li>Use um arsenal \u00e9pico de novas armas explosivas, como a Pistola de Rajada, o Irrigador de Topiaria e a Bomba de Estilha\u00e7os.<\/li>\n<li>Aventure-se em paisagens urbanas, chegue com tudo em combates e deslize por dimens\u00f5es com dispositivos novos que desafiam a f\u00edsica.<\/li>\n<li>Mergulhe nos sons de combate e deixe-se arrebatar pelos mundos que ganham vida, criando uma atmosfera envolvente com sons de alta fidelidade.<\/li>\n<li>Sinta o impacto de explos\u00f5es e ru\u00eddos no jogo por meio da resposta t\u00e1til do controle sem fio DualSense\u2122.<\/li>\n<\/ul>\n<h2 class=\"bb_tag\">Viajar com estilo<\/h2>\n<ul class=\"bb_ul\">\n<li>Viaje entre planetas com a maior facilidade, numa aventura que manda voc\u00ea pela gal\u00e1xia em uma velocidade alucinante.<\/li>\n<li>Mergulhe na confus\u00e3o intergal\u00e1ctica das fendas dimensionais que combinam novos mundos e jogabilidade.<\/li>\n<li>Percorra os campos de batalha para ter vantagem em combate e reparar fendas planet\u00e1rias com quebra-cabe\u00e7as dimensionais.<\/li>\n<li>Explore planetas in\u00e9ditos e descubra vers\u00f5es alternativas dos seus lugares favoritos, agora mais vivos do que nunca, com flora e fauna ex\u00f3ticas.<\/li>\n<\/ul>\n<h2 class=\"bb_tag\">Uma jornada \u00e9pica est\u00e1 \u00e0 sua espera<\/h2>\n<ul class=\"bb_ul\">\n<li>Jogue com Ratchet e com a novata Rivet, uma Lombax rebelde de outra dimens\u00e3o.<\/li>\n<li>Descubra as novas mec\u00e2nicas interdimensionais de Clank.<\/li>\n<\/ul>\n<p><i>* Requer PC e dispositivo de exibi\u00e7\u00e3o compat\u00edveis.<br \/>\n** Requer PC e placa de v\u00eddeo compat\u00edveis para gr\u00e1ficos melhorados.<br \/>\n*** Requer conex\u00e3o com fio para ter acesso a todos os recursos do controle no jogo.<\/i><\/p>\n","protected":false},"excerpt":{"rendered":"<p>Confira o menor pre\u00e7o para comprar <strong>Ratchet &amp; Clank: Rift Apart<\/strong> no PC. Selecionamos apenas as nossas lojas digitais de confian\u00e7a para a compara\u00e7\u00e3o de pre\u00e7os. Voc\u00ea pode comprar a chave do jogo na loja em que estiver com a melhor oferta. Ap\u00f3s realizar a compra, voc\u00ea precisa utilizar o cliente indicado pela loja para ativar e baixar o seu jogo.<\/p>\n","protected":false},"featured_media":72656,"template":"","meta":[],"store":[],"product_brand":[],"product_cat":[25],"product_tag":[119,125,405,404,462,406,229,26,474,437,31,191,146,277,147],"class_list":{"0":"post-72440","1":"product","2":"type-product","3":"status-publish","4":"has-post-thumbnail","6":"product_cat-jogos","7":"product_tag-acao","8":"product_tag-aventura","9":"product_tag-compartilhamento-em-familia","10":"product_tag-conquistas-steam","11":"product_tag-insomniac-games","12":"product_tag-nuvem-steam","13":"product_tag-para-toda-a-familia","14":"product_tag-pc","15":"product_tag-plataforma-3d","16":"product_tag-playstation-pc-llc","17":"product_tag-steam","18":"product_tag-steam-deck","19":"product_tag-terceira-pessoa","20":"product_tag-tiro-em-terceira-pessoa","21":"product_tag-um-jogador","23":"first","24":"instock","25":"sale","26":"purchasable","27":"product-type-simple"},"yoast_head":"<!-- This site is optimized with the Yoast SEO plugin v27.2 - https:\/\/yoast.com\/product\/yoast-seo-wordpress\/ -->\n<title>Ratchet &amp; Clank: Rift Apart em promo\u00e7\u00e3o para PC<\/title>\n<meta name=\"description\" content=\"Confira o menor pre\u00e7o para comprar Ratchet &amp; Clank: Rift Apart no PC. Selecionamos apenas as nossas lojas digitais de confian\u00e7a para a compara\u00e7\u00e3o de pre\u00e7os. Voc\u00ea pode comprar a chave do jogo na loja em que estiver com a melhor oferta. Ap\u00f3s realizar a compra, voc\u00ea precisa utilizar o cliente indicado pela loja para ativar e baixar o seu jogo.\" \/>\n<meta name=\"robots\" content=\"index, follow, max-snippet:-1, max-image-preview:large, max-video-preview:-1\" \/>\n<link rel=\"canonical\" href=\"https:\/\/www.gameplayscassi.com.br\/ofertas\/produtos\/jogos\/ratchet-clank-rift-apart\/\" \/>\n<meta property=\"og:locale\" content=\"pt_BR\" \/>\n<meta property=\"og:type\" content=\"article\" \/>\n<meta property=\"og:title\" content=\"Ratchet &amp; Clank: Rift Apart em promo\u00e7\u00e3o para PC\" \/>\n<meta property=\"og:description\" content=\"Confira o menor pre\u00e7o para comprar Ratchet &amp; Clank: Rift Apart no PC. Selecionamos apenas as nossas lojas digitais de confian\u00e7a para a compara\u00e7\u00e3o de pre\u00e7os. Voc\u00ea pode comprar a chave do jogo na loja em que estiver com a melhor oferta. Ap\u00f3s realizar a compra, voc\u00ea precisa utilizar o cliente indicado pela loja para ativar e baixar o seu jogo.\" \/>\n<meta property=\"og:url\" content=\"https:\/\/www.gameplayscassi.com.br\/ofertas\/produtos\/jogos\/ratchet-clank-rift-apart\/\" \/>\n<meta property=\"og:site_name\" content=\"Gameplayscassi - Ofertas\" \/>\n<meta property=\"article:publisher\" content=\"https:\/\/www.facebook.com\/GamePlaysCassi\/\" \/>\n<meta property=\"article:modified_time\" content=\"2026-05-02T07:14:55+00:00\" \/>\n<meta property=\"og:image\" content=\"https:\/\/www.gameplayscassi.com.br\/ofertas\/wp-content\/uploads\/2024\/04\/Ratchet-Clank-Rift-Apart.jpg\" \/>\n\t<meta property=\"og:image:width\" content=\"1600\" \/>\n\t<meta property=\"og:image:height\" content=\"740\" \/>\n\t<meta property=\"og:image:type\" content=\"image\/jpeg\" \/>\n<meta name=\"twitter:card\" content=\"summary_large_image\" \/>\n<meta name=\"twitter:site\" content=\"@Gameplayscassi\" \/>\n<meta name=\"twitter:label1\" content=\"Est. tempo de leitura\" \/>\n\t<meta name=\"twitter:data1\" content=\"3 minutos\" \/>\n<script type=\"application\/ld+json\" class=\"yoast-schema-graph\">{\"@context\":\"https:\/\/schema.org\",\"@graph\":[{\"@type\":\"WebPage\",\"@id\":\"https:\/\/www.gameplayscassi.com.br\/ofertas\/produtos\/jogos\/ratchet-clank-rift-apart\/\",\"url\":\"https:\/\/www.gameplayscassi.com.br\/ofertas\/produtos\/jogos\/ratchet-clank-rift-apart\/\",\"name\":\"Ratchet &amp; Clank: Rift Apart em promo\u00e7\u00e3o para PC\",\"isPartOf\":{\"@id\":\"https:\/\/www.gameplayscassi.com.br\/ofertas\/#website\"},\"primaryImageOfPage\":{\"@id\":\"https:\/\/www.gameplayscassi.com.br\/ofertas\/produtos\/jogos\/ratchet-clank-rift-apart\/#primaryimage\"},\"image\":{\"@id\":\"https:\/\/www.gameplayscassi.com.br\/ofertas\/produtos\/jogos\/ratchet-clank-rift-apart\/#primaryimage\"},\"thumbnailUrl\":\"https:\/\/www.gameplayscassi.com.br\/ofertas\/wp-content\/uploads\/2024\/04\/Ratchet-Clank-Rift-Apart.jpg\",\"datePublished\":\"2024-04-23T00:54:24+00:00\",\"dateModified\":\"2026-05-02T07:14:55+00:00\",\"description\":\"Confira o menor pre\u00e7o para comprar Ratchet &amp; Clank: Rift Apart no PC. Selecionamos apenas as nossas lojas digitais de confian\u00e7a para a compara\u00e7\u00e3o de pre\u00e7os. Voc\u00ea pode comprar a chave do jogo na loja em que estiver com a melhor oferta. Ap\u00f3s realizar a compra, voc\u00ea precisa utilizar o cliente indicado pela loja para ativar e baixar o seu jogo.\",\"breadcrumb\":{\"@id\":\"https:\/\/www.gameplayscassi.com.br\/ofertas\/produtos\/jogos\/ratchet-clank-rift-apart\/#breadcrumb\"},\"inLanguage\":\"pt-BR\",\"potentialAction\":[{\"@type\":\"ReadAction\",\"target\":[\"https:\/\/www.gameplayscassi.com.br\/ofertas\/produtos\/jogos\/ratchet-clank-rift-apart\/\"]}]},{\"@type\":\"ImageObject\",\"inLanguage\":\"pt-BR\",\"@id\":\"https:\/\/www.gameplayscassi.com.br\/ofertas\/produtos\/jogos\/ratchet-clank-rift-apart\/#primaryimage\",\"url\":\"https:\/\/www.gameplayscassi.com.br\/ofertas\/wp-content\/uploads\/2024\/04\/Ratchet-Clank-Rift-Apart.jpg\",\"contentUrl\":\"https:\/\/www.gameplayscassi.com.br\/ofertas\/wp-content\/uploads\/2024\/04\/Ratchet-Clank-Rift-Apart.jpg\",\"width\":1600,\"height\":740},{\"@type\":\"BreadcrumbList\",\"@id\":\"https:\/\/www.gameplayscassi.com.br\/ofertas\/produtos\/jogos\/ratchet-clank-rift-apart\/#breadcrumb\",\"itemListElement\":[{\"@type\":\"ListItem\",\"position\":1,\"name\":\"In\u00edcio\",\"item\":\"https:\/\/www.gameplayscassi.com.br\/ofertas\/\"},{\"@type\":\"ListItem\",\"position\":2,\"name\":\"Produtos\",\"item\":\"https:\/\/www.gameplayscassi.com.br\/ofertas\/\"},{\"@type\":\"ListItem\",\"position\":3,\"name\":\"Ratchet &amp; Clank: Rift Apart\"}]},{\"@type\":\"WebSite\",\"@id\":\"https:\/\/www.gameplayscassi.com.br\/ofertas\/#website\",\"url\":\"https:\/\/www.gameplayscassi.com.br\/ofertas\/\",\"name\":\"Gameplayscassi - Ofertas\",\"description\":\"As melhores ofertas para voc\u00ea\",\"publisher\":{\"@id\":\"https:\/\/www.gameplayscassi.com.br\/ofertas\/#organization\"},\"potentialAction\":[{\"@type\":\"SearchAction\",\"target\":{\"@type\":\"EntryPoint\",\"urlTemplate\":\"https:\/\/www.gameplayscassi.com.br\/ofertas\/?s={search_term_string}\"},\"query-input\":{\"@type\":\"PropertyValueSpecification\",\"valueRequired\":true,\"valueName\":\"search_term_string\"}}],\"inLanguage\":\"pt-BR\"},{\"@type\":\"Organization\",\"@id\":\"https:\/\/www.gameplayscassi.com.br\/ofertas\/#organization\",\"name\":\"Gameplayscassi - Ofertas\",\"url\":\"https:\/\/www.gameplayscassi.com.br\/ofertas\/\",\"logo\":{\"@type\":\"ImageObject\",\"inLanguage\":\"pt-BR\",\"@id\":\"https:\/\/www.gameplayscassi.com.br\/ofertas\/#\/schema\/logo\/image\/\",\"url\":\"https:\/\/www.gameplayscassi.com.br\/ofertas\/wp-content\/uploads\/2024\/06\/Gameplayscassi.png\",\"contentUrl\":\"https:\/\/www.gameplayscassi.com.br\/ofertas\/wp-content\/uploads\/2024\/06\/Gameplayscassi.png\",\"width\":544,\"height\":180,\"caption\":\"Gameplayscassi - Ofertas\"},\"image\":{\"@id\":\"https:\/\/www.gameplayscassi.com.br\/ofertas\/#\/schema\/logo\/image\/\"},\"sameAs\":[\"https:\/\/www.facebook.com\/GamePlaysCassi\/\",\"https:\/\/x.com\/Gameplayscassi\",\"https:\/\/www.youtube.com\/gameplayscassi\",\"https:\/\/www.instagram.com\/gameplayscassii\/\",\"https:\/\/store.steampowered.com\/curator\/31464556\/\",\"https:\/\/discord.com\/servers\/gameplayscassi-598567071298617354\"]}]}<\/script>\n<!-- \/ Yoast SEO plugin. -->","yoast_head_json":{"title":"Ratchet &amp; Clank: Rift Apart em promo\u00e7\u00e3o para PC","description":"Confira o menor pre\u00e7o para comprar Ratchet &amp; Clank: Rift Apart no PC. Selecionamos apenas as nossas lojas digitais de confian\u00e7a para a compara\u00e7\u00e3o de pre\u00e7os. Voc\u00ea pode comprar a chave do jogo na loja em que estiver com a melhor oferta. Ap\u00f3s realizar a compra, voc\u00ea precisa utilizar o cliente indicado pela loja para ativar e baixar o seu jogo.","robots":{"index":"index","follow":"follow","max-snippet":"max-snippet:-1","max-image-preview":"max-image-preview:large","max-video-preview":"max-video-preview:-1"},"canonical":"https:\/\/www.gameplayscassi.com.br\/ofertas\/produtos\/jogos\/ratchet-clank-rift-apart\/","og_locale":"pt_BR","og_type":"article","og_title":"Ratchet &amp; Clank: Rift Apart em promo\u00e7\u00e3o para PC","og_description":"Confira o menor pre\u00e7o para comprar Ratchet &amp; Clank: Rift Apart no PC. Selecionamos apenas as nossas lojas digitais de confian\u00e7a para a compara\u00e7\u00e3o de pre\u00e7os. Voc\u00ea pode comprar a chave do jogo na loja em que estiver com a melhor oferta. Ap\u00f3s realizar a compra, voc\u00ea precisa utilizar o cliente indicado pela loja para ativar e baixar o seu jogo.","og_url":"https:\/\/www.gameplayscassi.com.br\/ofertas\/produtos\/jogos\/ratchet-clank-rift-apart\/","og_site_name":"Gameplayscassi - Ofertas","article_publisher":"https:\/\/www.facebook.com\/GamePlaysCassi\/","article_modified_time":"2026-05-02T07:14:55+00:00","og_image":[{"width":1600,"height":740,"url":"https:\/\/www.gameplayscassi.com.br\/ofertas\/wp-content\/uploads\/2024\/04\/Ratchet-Clank-Rift-Apart.jpg","type":"image\/jpeg"}],"twitter_card":"summary_large_image","twitter_site":"@Gameplayscassi","twitter_misc":{"Est. tempo de leitura":"3 minutos"},"schema":{"@context":"https:\/\/schema.org","@graph":[{"@type":"WebPage","@id":"https:\/\/www.gameplayscassi.com.br\/ofertas\/produtos\/jogos\/ratchet-clank-rift-apart\/","url":"https:\/\/www.gameplayscassi.com.br\/ofertas\/produtos\/jogos\/ratchet-clank-rift-apart\/","name":"Ratchet &amp; Clank: Rift Apart em promo\u00e7\u00e3o para PC","isPartOf":{"@id":"https:\/\/www.gameplayscassi.com.br\/ofertas\/#website"},"primaryImageOfPage":{"@id":"https:\/\/www.gameplayscassi.com.br\/ofertas\/produtos\/jogos\/ratchet-clank-rift-apart\/#primaryimage"},"image":{"@id":"https:\/\/www.gameplayscassi.com.br\/ofertas\/produtos\/jogos\/ratchet-clank-rift-apart\/#primaryimage"},"thumbnailUrl":"https:\/\/www.gameplayscassi.com.br\/ofertas\/wp-content\/uploads\/2024\/04\/Ratchet-Clank-Rift-Apart.jpg","datePublished":"2024-04-23T00:54:24+00:00","dateModified":"2026-05-02T07:14:55+00:00","description":"Confira o menor pre\u00e7o para comprar Ratchet &amp; Clank: Rift Apart no PC. Selecionamos apenas as nossas lojas digitais de confian\u00e7a para a compara\u00e7\u00e3o de pre\u00e7os. Voc\u00ea pode comprar a chave do jogo na loja em que estiver com a melhor oferta. Ap\u00f3s realizar a compra, voc\u00ea precisa utilizar o cliente indicado pela loja para ativar e baixar o seu jogo.","breadcrumb":{"@id":"https:\/\/www.gameplayscassi.com.br\/ofertas\/produtos\/jogos\/ratchet-clank-rift-apart\/#breadcrumb"},"inLanguage":"pt-BR","potentialAction":[{"@type":"ReadAction","target":["https:\/\/www.gameplayscassi.com.br\/ofertas\/produtos\/jogos\/ratchet-clank-rift-apart\/"]}]},{"@type":"ImageObject","inLanguage":"pt-BR","@id":"https:\/\/www.gameplayscassi.com.br\/ofertas\/produtos\/jogos\/ratchet-clank-rift-apart\/#primaryimage","url":"https:\/\/www.gameplayscassi.com.br\/ofertas\/wp-content\/uploads\/2024\/04\/Ratchet-Clank-Rift-Apart.jpg","contentUrl":"https:\/\/www.gameplayscassi.com.br\/ofertas\/wp-content\/uploads\/2024\/04\/Ratchet-Clank-Rift-Apart.jpg","width":1600,"height":740},{"@type":"BreadcrumbList","@id":"https:\/\/www.gameplayscassi.com.br\/ofertas\/produtos\/jogos\/ratchet-clank-rift-apart\/#breadcrumb","itemListElement":[{"@type":"ListItem","position":1,"name":"In\u00edcio","item":"https:\/\/www.gameplayscassi.com.br\/ofertas\/"},{"@type":"ListItem","position":2,"name":"Produtos","item":"https:\/\/www.gameplayscassi.com.br\/ofertas\/"},{"@type":"ListItem","position":3,"name":"Ratchet &amp; Clank: Rift Apart"}]},{"@type":"WebSite","@id":"https:\/\/www.gameplayscassi.com.br\/ofertas\/#website","url":"https:\/\/www.gameplayscassi.com.br\/ofertas\/","name":"Gameplayscassi - Ofertas","description":"As melhores ofertas para voc\u00ea","publisher":{"@id":"https:\/\/www.gameplayscassi.com.br\/ofertas\/#organization"},"potentialAction":[{"@type":"SearchAction","target":{"@type":"EntryPoint","urlTemplate":"https:\/\/www.gameplayscassi.com.br\/ofertas\/?s={search_term_string}"},"query-input":{"@type":"PropertyValueSpecification","valueRequired":true,"valueName":"search_term_string"}}],"inLanguage":"pt-BR"},{"@type":"Organization","@id":"https:\/\/www.gameplayscassi.com.br\/ofertas\/#organization","name":"Gameplayscassi - Ofertas","url":"https:\/\/www.gameplayscassi.com.br\/ofertas\/","logo":{"@type":"ImageObject","inLanguage":"pt-BR","@id":"https:\/\/www.gameplayscassi.com.br\/ofertas\/#\/schema\/logo\/image\/","url":"https:\/\/www.gameplayscassi.com.br\/ofertas\/wp-content\/uploads\/2024\/06\/Gameplayscassi.png","contentUrl":"https:\/\/www.gameplayscassi.com.br\/ofertas\/wp-content\/uploads\/2024\/06\/Gameplayscassi.png","width":544,"height":180,"caption":"Gameplayscassi - Ofertas"},"image":{"@id":"https:\/\/www.gameplayscassi.com.br\/ofertas\/#\/schema\/logo\/image\/"},"sameAs":["https:\/\/www.facebook.com\/GamePlaysCassi\/","https:\/\/x.com\/Gameplayscassi","https:\/\/www.youtube.com\/gameplayscassi","https:\/\/www.instagram.com\/gameplayscassii\/","https:\/\/store.steampowered.com\/curator\/31464556\/","https:\/\/discord.com\/servers\/gameplayscassi-598567071298617354"]}]}},"jetpack_sharing_enabled":true,"_links":{"self":[{"href":"https:\/\/www.gameplayscassi.com.br\/ofertas\/wp-json\/wp\/v2\/product\/72440","targetHints":{"allow":["GET"]}}],"collection":[{"href":"https:\/\/www.gameplayscassi.com.br\/ofertas\/wp-json\/wp\/v2\/product"}],"about":[{"href":"https:\/\/www.gameplayscassi.com.br\/ofertas\/wp-json\/wp\/v2\/types\/product"}],"version-history":[{"count":0,"href":"https:\/\/www.gameplayscassi.com.br\/ofertas\/wp-json\/wp\/v2\/product\/72440\/revisions"}],"wp:featuredmedia":[{"embeddable":true,"href":"https:\/\/www.gameplayscassi.com.br\/ofertas\/wp-json\/wp\/v2\/media\/72656"}],"wp:attachment":[{"href":"https:\/\/www.gameplayscassi.com.br\/ofertas\/wp-json\/wp\/v2\/media?parent=72440"}],"wp:term":[{"taxonomy":"store","embeddable":true,"href":"https:\/\/www.gameplayscassi.com.br\/ofertas\/wp-json\/wp\/v2\/store?post=72440"},{"taxonomy":"product_brand","embeddable":true,"href":"https:\/\/www.gameplayscassi.com.br\/ofertas\/wp-json\/wp\/v2\/product_brand?post=72440"},{"taxonomy":"product_cat","embeddable":true,"href":"https:\/\/www.gameplayscassi.com.br\/ofertas\/wp-json\/wp\/v2\/product_cat?post=72440"},{"taxonomy":"product_tag","embeddable":true,"href":"https:\/\/www.gameplayscassi.com.br\/ofertas\/wp-json\/wp\/v2\/product_tag?post=72440"}],"curies":[{"name":"wp","href":"https:\/\/api.w.org\/{rel}","templated":true}]}}